{"id":9450,"date":"2021-04-12T15:42:31","date_gmt":"2021-04-12T15:42:31","guid":{"rendered":"https:\/\/webknjizara.hr\/?product=the-book-of-%ce%b1%ca%8a%cf%89-part-5-final-legacy-orsat-strazicic"},"modified":"2023-02-27T00:18:24","modified_gmt":"2023-02-26T23:18:24","slug":"the-book-of-%ce%b1-%ca%8a-%cf%89-part-5-orsat-strazicic","status":"publish","type":"product","link":"https:\/\/webknjizara.hr\/en\/proizvod\/the-book-of-%ce%b1-%ca%8a-%cf%89-part-5-orsat-strazicic\/","title":{"rendered":"THE BOOK OF (\u0391)(\u01b1)(\u03a9) PART 5. FINAL LEGACY, ORSAT STRA\u017dI\u010cI\u0106"},"content":{"rendered":"<p><strong>Sa\u017eetak:<\/strong><\/p>\n<p>Usred pandemije Corona Virusa napravljen je peti i kona\u010dni dio pri\u010de. Izolacija i socijalno distanciranje su urodili plodom u obliku ove nove pri\u010de koja je napokon do\u010dekala svoj zaslu\u017eeni kraj. Kona\u010dni obra\u010dun se bli\u017ei i odlu\u010duju\u0107a bitka je na pomolu. Do\u0161li smo do zadnjeg dijela pri\u010de gdje se iskonske sile bude iz svoga sna te njihova sjena pokriva sve dimenzije te ih priprema na posljednji obra\u010dun prije totalnog pada. U tom \u010dinu nema zlobe po\u0161to je ovaj \u010din njihova du\u017enost koju su obavljali od po\u010detka vremena ali ovaj put je durga\u010dije jer je njihova du\u017enost postala korumpirana i izopa\u010dena od strane zla koje je trebalo biti zaklju\u010dano u svojoj vlastitoj dimenziji. To zlo je dio svake du\u0161e i stoji kao iskvarenost koju svaka du\u0161a prikupi kroz vrijeme koje provede u smrtnom svijetu. Po smrti du\u0161a se kida i djelovi zla su spremljeni u dimenziju koja sada buja a zlo koje bi trebalo biti zatvoreno i obuzdano curi na mjesto gdje plamen \u017eivota obitava skupa sa iskonskim silama koje slu\u017ee \u02ddSTVORITELJU\u02dd koji stoji na vrhu te piramide mo\u0107ni. I novi i stari heroji moraju stati skupa i boriti se sa ovom novom i kona\u010dnom prijetnjom koja potje\u010de sa tog misti\u010dnog iskonskog svijeta. Kraj ove pri\u010de \u0107e se dogoditi tamo gdje je sve i zapo\u010delo&#8230;<\/p>\n<p>In the midst of the Corona Virus outbreak fifth and final part of the story has been made. The isolation and social distancing gave birth to this new story which has finally reached its deserved end. The final conflict draws near, the final battle is nigh. We have reached the final part of the saga where primordial forces have awakened and their shadow has covered all of the dimensions preparing them for one final act before the total collapse. There is no malice in it, for that act is their duty which they have performed since the beginning of time itself but only this time the circumstances are different, for their duty has been twisted and corrupted by the evil which was supposed to be locked in its own dimension. That evil is a part of every soul and it stands as the corruption which every soul has accumulated during its mortal life and upon death the soul is torn apart and the parts of evil are stored in the dimension which now overflows and the evil that was supposed to be contained is leaking into the place where the flame of creation resides along with the primordial forces that serve the \u201cCREATOR\u201d who stands at the top of the mighty pyramid of power. Heroes of new and old must stand together and face this new and final threat which originates from that mystical primordial place. The end of this story will happen at that very place where it all began\u2026<\/p>\n<p><strong>Bilje\u0161ka o autoru:<\/strong><\/p>\n<p>Orsat Stra\u017ei\u010di\u0107 ro\u0111en je 24.08.1988. u Dubrovniku. Diplomirao je na dubrova\u010dkom sveu\u010dili\u0161tu, studij elektrotehnike i komunikacijskih tehnologija u pomorstvu. Kao agnostik \u017eivot je posvetio tra\u017ee\u0107i balans u \u017eivotu \u0161to i svjedo\u010de njegove pri\u010de i na\u010din \u017eivota. Nikad ne tra\u017ee\u0107i previ\u0161e, a uvijek davaju\u0107i i vi\u0161e od onoga \u0161to ima \u0161ire\u0107i \u0161to pozitivniju energiju. Od svoje sedme godine bavi se Karateom te je 2007. godine do\u0161ao do majstorskog zvanja. Obu\u010davao je mnoge borila\u010dkim vje\u0161tinama te nastupao na mno\u0161tvu Karate, Jiu-Jitsu te MMA natjecanja i postigao zavidan uspjeh. Radio je kao portir, prodava\u010d i na kraju no\u0107ni recepcioner gdje je mogao iskoristiti ti\u0161inu no\u0107i i dati \u017eivot svojim pri\u010dama. U tom periodu je napisao tri knjige. Naravno i u trenucima nezaposlenosti no\u0107 je prigrlio kao vje\u010ditu suputnicu svoga stvarala\u010dkog puta te napisao \u010detvrtu i petu knjigu. Kao mirna osoba tihog karaktera i bujne ma\u0161te, zapo\u010deo je svoje stvarala\u0161tvo u srednjoj \u0161koli kad je napravio svoj prvi fan art strip od 500 stranica za mla\u0111eg brata i kroz period od preko 10 godina napisao mno\u0161tvo pri\u010da. Uzor su mu mnogi pisci fantazije kao \u0161to su Jules Verne, John Ronald Reuel Tolkien, Lewis Carroll, J. K. Rowling, Clive Staples Lewis, George R. R. Martin, Andrew Davidson i H. P. Lovecraft. Statirao je u seriji Igra Prijestolja gdje mu je jedan od redatelja serije rekao da ne odustaje od pisanja svojih pri\u010da i da zavr\u0161i ono \u0161to je zapo\u010deo. Nikad ni\u0161ta ne treba ostavljati na pola. \u010clan je udruge<a href=\"https:\/\/www.facebook.com\/3DUPIOU.DUBROVNIK\/\" target=\"_blank\" rel=\"noopener noreferrer\"> Tri Dubrovkinje plus udruga pjesnika i ostalih umjetnosti<\/a>. Udruzi je cilj promoviranje i poticanje prvenstveno novih, mladih i neafirmiranih umjetnika u kulturi te okupljanje svih vrsta umjetnosti. Velika strast mu je fotografiranje i crtanje te na svojoj umjetni\u010dkoj stranici deviantart.com ima prezentirano preko 13 000 fotografija i crte\u017ea koje je tako\u0111er koristio kao ilustracije u svojim pri\u010dama. Napisana djela su mu \u02ddFinal Legacy\/Kona\u010dna Ostav\u0161tina \u02dd, \u02ddHidden Stories of the Scribe\/Pisarove Skrivene Pri\u010de\u02dd, \u02ddLegacy of Light and Darkness Trilogy\/ Trilogija Ostav\u0161tine Svjetla i Tame\u02dd, \u02ddDream Story Trilogy\/Trilogija Pri\u010da o Snu\u02dd, \u02ddMadness Trilogy\/Trilogija Ludila\u02dd, \u02ddQuest of the Exiled Princess\/Potraga Prognane Princeze\u02dd, \u02ddDemons Within Us\u2026\/Demoni u Nama\u2026\u02dd, FREELANDERS i druge kratke pri\u010de te su sve napisane na engleskom jeziku i zajedno sadr\u017ee preko pola milijuna rije\u010di. Pri\u010de same po sebi naginju ka mra\u010dnoj strani i govore puno o \u017eivotu samog pisca i o njegovom razmi\u0161ljanju, pogledima na \u017eivot i doga\u0111anjima koja su vje\u0161to kamuflirana unutar zbivanja samih likova. Pri\u010de same po sebi slu\u017ee kao fiktivna biografija pisca i pokazuju njegov osobni razvoj te naposljetku razvoj kao ljudskog bi\u0107a.<\/p>\n<p>Orsat Stra\u017ei\u010di\u0107 was born 24.08.1988. in the town of Dubrovnik. He graduated at the University of Dubrovnik in the town of Dubrovnik. He studied electronics and maritime communication technologies. He lived as an agnostic and dedicated his life in finding balance and his stories and his way of life can attest to that. He never asked for much but always gave more than he could and thus spread the positive energy. He practiced Karate since he was seven years old and became a black belt master in 2007. He trained many over the course of time and participated in many martial arts competitions. After finishing school he worked as a bellboy, salesman and in the end as a night receptionist where he could use the silence of the night and give life to his stories. In that period, he wrote three books. In the period of unemployment, again he embraced the night as a loving companion on his creative journey and wrote his fourth and fifth book. He was always a calm person with colorful imagination, he began his creative work in high school where he made his first fan art comic, which has over 500 pages for his little brother and then in the span of 10 years wrote many other stories of his own. His inspiration came from writers such as Jules Verne, John Ronald Reuel Tolkien, Lewis Carroll, J. K. Rowling, Clive Staples Lewis, George R. R. Martin, Andrew Davidson and H. P. Lovecraft. He was an extra in the series Game of Thrones where one of the directors told him not to give up writing and to finish what he has started. He is the member of the organization <a href=\"https:\/\/www.facebook.com\/3DUPIOU.DUBROVNIK\/\" target=\"_blank\" rel=\"noopener noreferrer\">Tri Dubrovkinje plus udruga pjesnika i ostalih umjetnosti <\/a>. The goal of the organization is to promote and encourage young artists in all aspects of art. His great passion is photography and drawing and he has presented over 13 000 works on the deviantart.com art page. He also used some of his own works as illustrations for his stories. He wrote thus far these titles \u02ddFinal Legacy\u02dd, \u02ddHidden Stories of the Scribe\u02dd, \u02ddLegacy of Light and Darkness Trilogy\u02dd, \u02ddDream Story Trilogy\u02dd, \u02ddMadness Trilogy\u02dd, \u02ddQuest of the Exiled Princess\u02dd, \u02ddDemons Within Us\u2026\u02dd, FREELANDERS and many other short stories and they are all in English and together they consist of over half a million words. The stories themselves tend to lean to the dark side and speak a lot about the life of the writer himself and attest to his thoughts and views of the life and happenings in his life. All of that is skillfully camouflaged within the characters themselves as the stories themselves serve as a fictional biography of the writer and show his personal growth as a human being.<\/p>\n<p><strong>Klju\u010dne rije\u010di:<\/strong> Horror story, Fiction, Drama, Fantasy story, Adventure, Urban Fantasy, Sword &amp; Magic, Supernatural, Novel, Screenplay, Science fiction, Roman, Illustrated novel, Pustolovina, Experimental\u00a0literature, Fantazija;<\/p>\n<p><strong>Link:<\/strong> https:\/\/www.deviantart.com\/orsatursusactos<\/p>\n<p><strong>E-mail:<\/strong> <a href=\"mailto:orso7ota@gmail.com\" target=\"_blank\" rel=\"noopener noreferrer\">Orsat Stra\u017ei\u010di\u0107<\/a><\/p>\n<p>\u00a0<\/p>\n<p><strong>Naslov Serijala:\u00a0<\/strong>The Book of (\u0391)(\u028a)(\u03a9) Part 5.\u00a0<strong><br \/> Naslov Knjige:\u00a0<\/strong>\u00a0Final Legacy<br \/><strong>Autor:<\/strong> Orsat Stra\u017ei\u010di\u0107<br \/><strong>Broj stranica:<\/strong> 226<br \/><strong>Nakladnik:<\/strong> REDAK<br \/><strong>Godina izdanja:<\/strong> 2021 .<br \/><strong>ISBN:<\/strong> 978-953-336-634-0 (cjelina), 978-953-336-740-8<br \/><strong>Tisak:<\/strong> digitalni tisak knjiga &#8211; print na zahtjev<\/p>\n<p>\u00a0<\/p>\n<p><strong>Kako naru\u010diti knjigu?\u00a0<\/strong>Proces online kupovine jednako funkcionira za sve kupce, s jedinom razlikom u tome \u0161to \u0161to kupci iz inozemstva za podru\u010dje dostave moraju odabrati &#8220;Europa&#8221; ili &#8220;Ostale zemlje svijeta&#8221;, a za vrstu pla\u0107anja WSPay (kreditna kartica) ili Virmanom (bankovni transfer).<\/p>\n<p style=\"text-align: justify;\">Molimo kliknite ovdje za\u00a0<a href=\"hr\/kako-kupovati\">detaljni vodi\u010d kroz proces narud\u017ebe<\/a>\u00a0ili nas\u00a0<a href=\"hr\/kontakt\">kontaktirajte<\/a>\u00a0za vi\u0161e informacija.<\/p>\n","protected":false},"excerpt":{"rendered":"<p>Sa\u017eetak: Usred pandemije Corona Virusa napravljen je peti i kona\u010dni dio pri\u010de. Izolacija i socijalno distanciranje su urodili plodom u obliku ove nove pri\u010de koja je napokon do\u010dekala svoj zaslu\u017eeni kraj. Kona\u010dni obra\u010dun se bli\u017ei i odlu\u010duju\u0107a bitka je na pomolu. Do\u0161li smo do zadnjeg dijela pri\u010de gdje se iskonske sile bude iz svoga sna [&hellip;]<\/p>\n","protected":false},"featured_media":9451,"comment_status":"open","ping_status":"closed","template":"","meta":{"_acf_changed":false},"product_brand":[],"product_cat":[1383,1385],"product_tag":[],"class_list":{"0":"post-9450","1":"product","2":"type-product","3":"status-publish","4":"has-post-thumbnail","6":"product_cat-knjige","7":"product_cat-knjizevnost","8":"pa_autor-orsat-strazicic","9":"pa_nakladnik-redak","11":"first","12":"instock","13":"shipping-taxable","14":"purchasable","15":"product-type-simple"},"acf":[],"yoast_head":"<!-- This site is optimized with the Yoast SEO plugin v27.3 - https:\/\/yoast.com\/product\/yoast-seo-wordpress\/ -->\n<title>THE BOOK OF (\u0391)(\u01b1)(\u03a9) PART 5. FINAL LEGACY, ORSAT STRA\u017dI\u010cI\u0106 - Web-knji\u017eara<\/title>\n<meta name=\"robots\" content=\"index, follow, max-snippet:-1, max-image-preview:large, max-video-preview:-1\" \/>\n<link rel=\"canonical\" href=\"https:\/\/webknjizara.hr\/proizvod\/the-book-of-\u03b1-\u028a-\u03c9-part-5-orsat-strazicic\/\" \/>\n<meta property=\"og:locale\" content=\"en_US\" \/>\n<meta property=\"og:type\" content=\"article\" \/>\n<meta property=\"og:title\" content=\"THE BOOK OF (\u0391)(\u01b1)(\u03a9) PART 5. FINAL LEGACY, ORSAT STRA\u017dI\u010cI\u0106 - Web-knji\u017eara\" \/>\n<meta property=\"og:description\" content=\"Sa\u017eetak: Usred pandemije Corona Virusa napravljen je peti i kona\u010dni dio pri\u010de. Izolacija i socijalno distanciranje su urodili plodom u obliku ove nove pri\u010de koja je napokon do\u010dekala svoj zaslu\u017eeni kraj. Kona\u010dni obra\u010dun se bli\u017ei i odlu\u010duju\u0107a bitka je na pomolu. Do\u0161li smo do zadnjeg dijela pri\u010de gdje se iskonske sile bude iz svoga sna [&hellip;]\" \/>\n<meta property=\"og:url\" content=\"https:\/\/webknjizara.hr\/proizvod\/the-book-of-\u03b1-\u028a-\u03c9-part-5-orsat-strazicic\/\" \/>\n<meta property=\"og:site_name\" content=\"Web-knji\u017eara\" \/>\n<meta property=\"article:modified_time\" content=\"2023-02-26T23:18:24+00:00\" \/>\n<meta property=\"og:image\" content=\"https:\/\/webknjizara.hr\/wp-content\/uploads\/nc\/images\/virtuemart\/product\/Orsat_Strazicic_Part_5.-Final_Legacy_webknjizara_redak_WEB_1111.jpg\" \/>\n\t<meta property=\"og:image:width\" content=\"300\" \/>\n\t<meta property=\"og:image:height\" content=\"419\" \/>\n\t<meta property=\"og:image:type\" content=\"image\/jpeg\" \/>\n<meta name=\"twitter:card\" content=\"summary_large_image\" \/>\n<meta name=\"twitter:label1\" content=\"Est. reading time\" \/>\n\t<meta name=\"twitter:data1\" content=\"8 minutes\" \/>\n<script type=\"application\/ld+json\" class=\"yoast-schema-graph\">{\"@context\":\"https:\\\/\\\/schema.org\",\"@graph\":[{\"@type\":\"WebPage\",\"@id\":\"https:\\\/\\\/webknjizara.hr\\\/proizvod\\\/the-book-of-%ce%b1-%ca%8a-%cf%89-part-5-orsat-strazicic\\\/\",\"url\":\"https:\\\/\\\/webknjizara.hr\\\/proizvod\\\/the-book-of-%ce%b1-%ca%8a-%cf%89-part-5-orsat-strazicic\\\/\",\"name\":\"THE BOOK OF (\u0391)(\u01b1)(\u03a9) PART 5. FINAL LEGACY, ORSAT STRA\u017dI\u010cI\u0106 - Web-knji\u017eara\",\"isPartOf\":{\"@id\":\"https:\\\/\\\/webknjizara.hr\\\/#website\"},\"primaryImageOfPage\":{\"@id\":\"https:\\\/\\\/webknjizara.hr\\\/proizvod\\\/the-book-of-%ce%b1-%ca%8a-%cf%89-part-5-orsat-strazicic\\\/#primaryimage\"},\"image\":{\"@id\":\"https:\\\/\\\/webknjizara.hr\\\/proizvod\\\/the-book-of-%ce%b1-%ca%8a-%cf%89-part-5-orsat-strazicic\\\/#primaryimage\"},\"thumbnailUrl\":\"https:\\\/\\\/webknjizara.hr\\\/wp-content\\\/uploads\\\/nc\\\/images\\\/virtuemart\\\/product\\\/Orsat_Strazicic_Part_5.-Final_Legacy_webknjizara_redak_WEB_1111.jpg\",\"datePublished\":\"2021-04-12T15:42:31+00:00\",\"dateModified\":\"2023-02-26T23:18:24+00:00\",\"breadcrumb\":{\"@id\":\"https:\\\/\\\/webknjizara.hr\\\/proizvod\\\/the-book-of-%ce%b1-%ca%8a-%cf%89-part-5-orsat-strazicic\\\/#breadcrumb\"},\"inLanguage\":\"en-US\",\"potentialAction\":[{\"@type\":\"ReadAction\",\"target\":[\"https:\\\/\\\/webknjizara.hr\\\/proizvod\\\/the-book-of-%ce%b1-%ca%8a-%cf%89-part-5-orsat-strazicic\\\/\"]}]},{\"@type\":\"ImageObject\",\"inLanguage\":\"en-US\",\"@id\":\"https:\\\/\\\/webknjizara.hr\\\/proizvod\\\/the-book-of-%ce%b1-%ca%8a-%cf%89-part-5-orsat-strazicic\\\/#primaryimage\",\"url\":\"https:\\\/\\\/webknjizara.hr\\\/wp-content\\\/uploads\\\/nc\\\/images\\\/virtuemart\\\/product\\\/Orsat_Strazicic_Part_5.-Final_Legacy_webknjizara_redak_WEB_1111.jpg\",\"contentUrl\":\"https:\\\/\\\/webknjizara.hr\\\/wp-content\\\/uploads\\\/nc\\\/images\\\/virtuemart\\\/product\\\/Orsat_Strazicic_Part_5.-Final_Legacy_webknjizara_redak_WEB_1111.jpg\",\"width\":300,\"height\":419,\"caption\":\"THE BOOK OF (\u0391)(\u01b1)(\u03a9) PART 5. FINAL LEGACY, ORSAT STRA\u017dI\u010cI\u0106\"},{\"@type\":\"BreadcrumbList\",\"@id\":\"https:\\\/\\\/webknjizara.hr\\\/proizvod\\\/the-book-of-%ce%b1-%ca%8a-%cf%89-part-5-orsat-strazicic\\\/#breadcrumb\",\"itemListElement\":[{\"@type\":\"ListItem\",\"position\":1,\"name\":\"Po\u010detna stranica\",\"item\":\"https:\\\/\\\/webknjizara.hr\\\/en\\\/\"},{\"@type\":\"ListItem\",\"position\":2,\"name\":\"Shop\",\"item\":\"https:\\\/\\\/webknjizara.hr\\\/shop\\\/\"},{\"@type\":\"ListItem\",\"position\":3,\"name\":\"THE BOOK OF (\u0391)(\u01b1)(\u03a9) PART 5. FINAL LEGACY, ORSAT STRA\u017dI\u010cI\u0106\"}]},{\"@type\":\"WebSite\",\"@id\":\"https:\\\/\\\/webknjizara.hr\\\/#website\",\"url\":\"https:\\\/\\\/webknjizara.hr\\\/\",\"name\":\"Web Knji\u017eara\",\"description\":\"\",\"publisher\":{\"@id\":\"https:\\\/\\\/webknjizara.hr\\\/#organization\"},\"potentialAction\":[{\"@type\":\"SearchAction\",\"target\":{\"@type\":\"EntryPoint\",\"urlTemplate\":\"https:\\\/\\\/webknjizara.hr\\\/?s={search_term_string}\"},\"query-input\":{\"@type\":\"PropertyValueSpecification\",\"valueRequired\":true,\"valueName\":\"search_term_string\"}}],\"inLanguage\":\"en-US\"},{\"@type\":\"Organization\",\"@id\":\"https:\\\/\\\/webknjizara.hr\\\/#organization\",\"name\":\"REDAK D.O.O.\",\"url\":\"https:\\\/\\\/webknjizara.hr\\\/\",\"logo\":{\"@type\":\"ImageObject\",\"inLanguage\":\"en-US\",\"@id\":\"https:\\\/\\\/webknjizara.hr\\\/#\\\/schema\\\/logo\\\/image\\\/\",\"url\":\"https:\\\/\\\/webknjizara.hr\\\/wp-content\\\/uploads\\\/2023\\\/01\\\/web-knjizara-logo.webp\",\"contentUrl\":\"https:\\\/\\\/webknjizara.hr\\\/wp-content\\\/uploads\\\/2023\\\/01\\\/web-knjizara-logo.webp\",\"width\":324,\"height\":79,\"caption\":\"REDAK D.O.O.\"},\"image\":{\"@id\":\"https:\\\/\\\/webknjizara.hr\\\/#\\\/schema\\\/logo\\\/image\\\/\"}}]}<\/script>\n<!-- \/ Yoast SEO plugin. -->","yoast_head_json":{"title":"THE BOOK OF (\u0391)(\u01b1)(\u03a9) PART 5. FINAL LEGACY, ORSAT STRA\u017dI\u010cI\u0106 - Web-knji\u017eara","robots":{"index":"index","follow":"follow","max-snippet":"max-snippet:-1","max-image-preview":"max-image-preview:large","max-video-preview":"max-video-preview:-1"},"canonical":"https:\/\/webknjizara.hr\/proizvod\/the-book-of-\u03b1-\u028a-\u03c9-part-5-orsat-strazicic\/","og_locale":"en_US","og_type":"article","og_title":"THE BOOK OF (\u0391)(\u01b1)(\u03a9) PART 5. FINAL LEGACY, ORSAT STRA\u017dI\u010cI\u0106 - Web-knji\u017eara","og_description":"Sa\u017eetak: Usred pandemije Corona Virusa napravljen je peti i kona\u010dni dio pri\u010de. Izolacija i socijalno distanciranje su urodili plodom u obliku ove nove pri\u010de koja je napokon do\u010dekala svoj zaslu\u017eeni kraj. Kona\u010dni obra\u010dun se bli\u017ei i odlu\u010duju\u0107a bitka je na pomolu. Do\u0161li smo do zadnjeg dijela pri\u010de gdje se iskonske sile bude iz svoga sna [&hellip;]","og_url":"https:\/\/webknjizara.hr\/proizvod\/the-book-of-\u03b1-\u028a-\u03c9-part-5-orsat-strazicic\/","og_site_name":"Web-knji\u017eara","article_modified_time":"2023-02-26T23:18:24+00:00","og_image":[{"width":300,"height":419,"url":"https:\/\/webknjizara.hr\/wp-content\/uploads\/nc\/images\/virtuemart\/product\/Orsat_Strazicic_Part_5.-Final_Legacy_webknjizara_redak_WEB_1111.jpg","type":"image\/jpeg"}],"twitter_card":"summary_large_image","twitter_misc":{"Est. reading time":"8 minutes"},"schema":{"@context":"https:\/\/schema.org","@graph":[{"@type":"WebPage","@id":"https:\/\/webknjizara.hr\/proizvod\/the-book-of-%ce%b1-%ca%8a-%cf%89-part-5-orsat-strazicic\/","url":"https:\/\/webknjizara.hr\/proizvod\/the-book-of-%ce%b1-%ca%8a-%cf%89-part-5-orsat-strazicic\/","name":"THE BOOK OF (\u0391)(\u01b1)(\u03a9) PART 5. FINAL LEGACY, ORSAT STRA\u017dI\u010cI\u0106 - Web-knji\u017eara","isPartOf":{"@id":"https:\/\/webknjizara.hr\/#website"},"primaryImageOfPage":{"@id":"https:\/\/webknjizara.hr\/proizvod\/the-book-of-%ce%b1-%ca%8a-%cf%89-part-5-orsat-strazicic\/#primaryimage"},"image":{"@id":"https:\/\/webknjizara.hr\/proizvod\/the-book-of-%ce%b1-%ca%8a-%cf%89-part-5-orsat-strazicic\/#primaryimage"},"thumbnailUrl":"https:\/\/webknjizara.hr\/wp-content\/uploads\/nc\/images\/virtuemart\/product\/Orsat_Strazicic_Part_5.-Final_Legacy_webknjizara_redak_WEB_1111.jpg","datePublished":"2021-04-12T15:42:31+00:00","dateModified":"2023-02-26T23:18:24+00:00","breadcrumb":{"@id":"https:\/\/webknjizara.hr\/proizvod\/the-book-of-%ce%b1-%ca%8a-%cf%89-part-5-orsat-strazicic\/#breadcrumb"},"inLanguage":"en-US","potentialAction":[{"@type":"ReadAction","target":["https:\/\/webknjizara.hr\/proizvod\/the-book-of-%ce%b1-%ca%8a-%cf%89-part-5-orsat-strazicic\/"]}]},{"@type":"ImageObject","inLanguage":"en-US","@id":"https:\/\/webknjizara.hr\/proizvod\/the-book-of-%ce%b1-%ca%8a-%cf%89-part-5-orsat-strazicic\/#primaryimage","url":"https:\/\/webknjizara.hr\/wp-content\/uploads\/nc\/images\/virtuemart\/product\/Orsat_Strazicic_Part_5.-Final_Legacy_webknjizara_redak_WEB_1111.jpg","contentUrl":"https:\/\/webknjizara.hr\/wp-content\/uploads\/nc\/images\/virtuemart\/product\/Orsat_Strazicic_Part_5.-Final_Legacy_webknjizara_redak_WEB_1111.jpg","width":300,"height":419,"caption":"THE BOOK OF (\u0391)(\u01b1)(\u03a9) PART 5. FINAL LEGACY, ORSAT STRA\u017dI\u010cI\u0106"},{"@type":"BreadcrumbList","@id":"https:\/\/webknjizara.hr\/proizvod\/the-book-of-%ce%b1-%ca%8a-%cf%89-part-5-orsat-strazicic\/#breadcrumb","itemListElement":[{"@type":"ListItem","position":1,"name":"Po\u010detna stranica","item":"https:\/\/webknjizara.hr\/en\/"},{"@type":"ListItem","position":2,"name":"Shop","item":"https:\/\/webknjizara.hr\/shop\/"},{"@type":"ListItem","position":3,"name":"THE BOOK OF (\u0391)(\u01b1)(\u03a9) PART 5. FINAL LEGACY, ORSAT STRA\u017dI\u010cI\u0106"}]},{"@type":"WebSite","@id":"https:\/\/webknjizara.hr\/#website","url":"https:\/\/webknjizara.hr\/","name":"Web Knji\u017eara","description":"","publisher":{"@id":"https:\/\/webknjizara.hr\/#organization"},"potentialAction":[{"@type":"SearchAction","target":{"@type":"EntryPoint","urlTemplate":"https:\/\/webknjizara.hr\/?s={search_term_string}"},"query-input":{"@type":"PropertyValueSpecification","valueRequired":true,"valueName":"search_term_string"}}],"inLanguage":"en-US"},{"@type":"Organization","@id":"https:\/\/webknjizara.hr\/#organization","name":"REDAK D.O.O.","url":"https:\/\/webknjizara.hr\/","logo":{"@type":"ImageObject","inLanguage":"en-US","@id":"https:\/\/webknjizara.hr\/#\/schema\/logo\/image\/","url":"https:\/\/webknjizara.hr\/wp-content\/uploads\/2023\/01\/web-knjizara-logo.webp","contentUrl":"https:\/\/webknjizara.hr\/wp-content\/uploads\/2023\/01\/web-knjizara-logo.webp","width":324,"height":79,"caption":"REDAK D.O.O."},"image":{"@id":"https:\/\/webknjizara.hr\/#\/schema\/logo\/image\/"}}]}},"_links":{"self":[{"href":"https:\/\/webknjizara.hr\/en\/wp-json\/wp\/v2\/product\/9450","targetHints":{"allow":["GET"]}}],"collection":[{"href":"https:\/\/webknjizara.hr\/en\/wp-json\/wp\/v2\/product"}],"about":[{"href":"https:\/\/webknjizara.hr\/en\/wp-json\/wp\/v2\/types\/product"}],"replies":[{"embeddable":true,"href":"https:\/\/webknjizara.hr\/en\/wp-json\/wp\/v2\/comments?post=9450"}],"wp:featuredmedia":[{"embeddable":true,"href":"https:\/\/webknjizara.hr\/en\/wp-json\/wp\/v2\/media\/9451"}],"wp:attachment":[{"href":"https:\/\/webknjizara.hr\/en\/wp-json\/wp\/v2\/media?parent=9450"}],"wp:term":[{"taxonomy":"product_brand","embeddable":true,"href":"https:\/\/webknjizara.hr\/en\/wp-json\/wp\/v2\/product_brand?post=9450"},{"taxonomy":"product_cat","embeddable":true,"href":"https:\/\/webknjizara.hr\/en\/wp-json\/wp\/v2\/product_cat?post=9450"},{"taxonomy":"product_tag","embeddable":true,"href":"https:\/\/webknjizara.hr\/en\/wp-json\/wp\/v2\/product_tag?post=9450"}],"curies":[{"name":"wp","href":"https:\/\/api.w.org\/{rel}","templated":true}]}}