{"id":9446,"date":"2021-04-08T11:04:05","date_gmt":"2021-04-08T11:04:05","guid":{"rendered":"https:\/\/webknjizara.hr\/?product=ambalaza-natasa-stipanelov-vrandecic"},"modified":"2023-02-27T00:18:24","modified_gmt":"2023-02-26T23:18:24","slug":"ambalaza-natasa-stipanelov-vrandecic","status":"publish","type":"product","link":"https:\/\/webknjizara.hr\/en\/proizvod\/ambalaza-natasa-stipanelov-vrandecic\/","title":{"rendered":"AMBALA\u017dA, Nata\u0161a Stipanelov Vrande\u010di\u0107"},"content":{"rendered":"<p><strong>Sa\u017eetak:<\/strong><\/p>\n<p>U uvodnom dijelu definirano je \u0161to je ambala\u017ea i koje su njene funkcije. U nastavku je dan kratak pregled povijesnog razvoja, odnosno po\u010detak i na\u010din upotrebe ambala\u017ee. Ukazuje se na ekolo\u0161ku problematiku odba\u010dene ambala\u017ee dana\u0161njice te razvoj tehnologije u ambala\u017enoj industriji i njenim trendovima s obzirom na sigurnost i zdravstvenu ispravnost ambala\u017ee.<\/p>\n<p>Slijedi poglavlje u kojem je opisana podjela ambala\u017ee prema osnovnoj namjeni u prometu roba, prema ambala\u017enim materijalima i prema trajnosti.<\/p>\n<p>Tre\u0107e poglavlje opisuje funkcije koje ambala\u017ea mora ispuniti u pogledu za\u0161tite od mehani\u010dkih naprezanja, klimatskih utjecaja, elektromagnetskog zra\u010denja, topline i mikroorganizama. Tako\u0111er su opisane prodaja, uporabna i ekolo\u0161ka funkcija ambala\u017ee.<\/p>\n<p>U \u010detvrtom poglavlju dan je kratak pregled vrsta i karakteristike robe te na koji je na\u010din potrebno uskladiti ambala\u017eu s vrstom robe koja \u0107e se u nju pakirati. Opisane su i operacije pakiranja s naznakama nu\u017enih informacija u smislu deklaracije proizvoda.<\/p>\n<p>Peto poglavlje daje pregled osnovnih zna\u010dajki svih ambala\u017enih materijala koji se danas primjenjuju u proizvodnji ambala\u017ee: papir, karton, valovita ljepenka, drvo, metalni i polimerni materijali, staklo te vi\u0161eslojni materijali.<\/p>\n<p>Karakteristike najzna\u010dajnijih ambala\u017enih oblika prikazane su u \u0161estom poglavlju. Ambala\u017ea prehrambenih proizvoda tema je sedmog poglavlja na \u010dijem po\u010detku su opisane mogu\u0107e interakcije hrane i ambala\u017ee. Transportni procesi u ambala\u017enom sustavu obja\u0161njeni su na primjeru sustava polimernih materijala i hrane. Tako\u0111er su opisane i mogu\u0107e interakcije hrane s metalnim ambala\u017enim materijalima. U nastavku poglavlja govori se o odabiru ambala\u017enih materijala i oblika za pojedine vrste prehrambenih proizvoda uz nekoliko uvodnih rije\u010di o zna\u010dajkama samog proizvoda.<\/p>\n<p>U zavr\u0161nom poglavlju tematizira se problematika odba\u010dene ambala\u017ee i njen utjecaj na okoli\u0161 te se opisuju mogu\u0107nosti uporabe odba\u010dene ambala\u017ee.<\/p>\n<p><strong>Bilje\u0161ka o autorici:<\/strong><\/p>\n<p>Prof. dr. sc. Nata\u0161a Stipanelov Vrande\u010di\u0107 diplomirala je na Kemijsko-tehnolo\u0161kom fakultetu u Splitu (KTF) 1993., magistrirala 1999. te doktorirala 2003. Radila je kao tehnolog u poduze\u0107u &#8220;Diokom-Termoplastika&#8221;, a od 1995. zaposlena je u Zavodu za organsku tehnologiju KTF-a. U zvanje redovitog profesora u podru\u010dju tehni\u010dkih znanosti izabrana je 2015. godine. Nositelj je vi\u0161e kolegija na stru\u010dnom, diplomskom, te poslijediplomskom doktorskom studiju. Znanstveno se bavi istra\u017eivanjem modifikacije konvencionalnih polimera ekolo\u0161ki prihvatljivim dodatcima i prou\u010davanjem mehanizma i kinetike procesa razgradnje polimernih mje\u0161avina. Aktivno sudjeluje u realizaciji znanstvenih projekata od 1995., a rezultati istra\u017eivanja predstavljeni su kroz niz izvornih znanstvenih radova i prezentirani na me\u0111unarodnim i doma\u0107im skupovima. Akad. god. 2004.\/2005. prof. dr. sc. Nata\u0161a Stipanelov Vrande\u010di\u0107 osmislila je program i uvela nastavu iz predmeta Ambala\u017ea koji se izvodio na stru\u010dnom studiju Kemijska tehnologija, smjer Prehrambena tehnologija kao obvezni premet i na smjeru Kemijska tehnologija i materijali kao izborni predmet te na sveu\u010dili\u0161nom diplomskom studiju Kemijska tehnologija, smjer Mediteranske kulture. Ustrojavanjem preddiplomskog studija Prehrambena tehnologija na Kemijsko-tehnolo\u0161kom fakultetu u Splitu zadu\u017eena je za nastavu iz predmeta Ambala\u017ea prehrambenih proizvoda.<\/p>\n<p><strong>Klju\u010dne rije\u010di:<\/strong> Ambala\u017ea, pakiranje hrane<\/p>\n<p><strong>Link:<\/strong> <a href=\"https:\/\/www.ktf.unist.hr\/index.php\/obavijesti-2\/obavijesti-poslijediplomski-studij\/172-djelatnici\/cv\/185-cv57\" target=\"_blank\" rel=\"noopener noreferrer\">https:\/\/www.ktf.unist.hr\/index.php\/obavijesti-2\/obavijesti-poslijediplomski-studij\/172-djelatnici\/cv\/185-cv57<\/a><\/p>\n<p>\u00a0<\/p>\n<p><strong>Naslov:<\/strong> Ambala\u017ea<br \/><strong>Autorica:<\/strong> Nata\u0161a Stipanelov Vrande\u010di\u0107<br \/><strong>Broj stranica:<\/strong> 126<br \/><strong>Nakladnik:<\/strong> Kemijsko-tehnolo\u0161ki fakultet<br \/><strong>Godina izdanja:<\/strong> 2021.<br \/><strong>ISBN:<\/strong> 978-953-7803-13-1<br \/><strong>Tisak:<\/strong> digitalni tisak knjiga &#8211; print na zahtjev<\/p>\n<p style=\"text-align: justify;\">\u00a0<\/p>\n<p style=\"text-align: justify;\"><strong>Kako naru\u010diti knjigu?\u00a0<\/strong>Proces online kupovine jednako funkcionira za sve kupce, s jedinom razlikom u tome \u0161to \u0161to kupci iz inozemstva za podru\u010dje dostave moraju odabrati &#8220;Europa&#8221; ili &#8220;Ostale zemlje svijeta&#8221;, a za vrstu pla\u0107anja WSPay (kreditna kartica) ili Virmanom (bankovni transfer).<\/p>\n<p style=\"text-align: justify;\">Molimo kliknite ovdje za\u00a0<a href=\"hr\/kako-kupovati\">detaljni vodi\u010d kroz proces narud\u017ebe<\/a>\u00a0ili nas\u00a0<a href=\"hr\/kontakt\">kontaktirajte<\/a>\u00a0za vi\u0161e informacija.<\/p>\n","protected":false},"excerpt":{"rendered":"<p>Sa\u017eetak: U uvodnom dijelu definirano je \u0161to je ambala\u017ea i koje su njene funkcije. U nastavku je dan kratak pregled povijesnog razvoja, odnosno po\u010detak i na\u010din upotrebe ambala\u017ee. Ukazuje se na ekolo\u0161ku problematiku odba\u010dene ambala\u017ee dana\u0161njice te razvoj tehnologije u ambala\u017enoj industriji i njenim trendovima s obzirom na sigurnost i zdravstvenu ispravnost ambala\u017ee. Slijedi poglavlje [&hellip;]<\/p>\n","protected":false},"featured_media":9447,"comment_status":"open","ping_status":"closed","template":"","meta":{"_acf_changed":false},"product_brand":[],"product_cat":[1539],"product_tag":[],"class_list":{"0":"post-9446","1":"product","2":"type-product","3":"status-publish","4":"has-post-thumbnail","6":"product_cat-sveucilisni-udzbenici-i-prirucnici","7":"pa_autor-natasa-stipanelov-vrandecic","8":"pa_nakladnik-kemijsko-tehnoloski-fakultet","10":"first","11":"instock","12":"shipping-taxable","13":"purchasable","14":"product-type-simple"},"acf":[],"yoast_head":"<!-- This site is optimized with the Yoast SEO plugin v27.3 - https:\/\/yoast.com\/product\/yoast-seo-wordpress\/ -->\n<title>AMBALA\u017dA, Nata\u0161a Stipanelov Vrande\u010di\u0107 - Web-knji\u017eara<\/title>\n<meta name=\"robots\" content=\"index, follow, max-snippet:-1, max-image-preview:large, max-video-preview:-1\" \/>\n<link rel=\"canonical\" href=\"https:\/\/webknjizara.hr\/proizvod\/ambalaza-natasa-stipanelov-vrandecic\/\" \/>\n<meta property=\"og:locale\" content=\"en_US\" \/>\n<meta property=\"og:type\" content=\"article\" \/>\n<meta property=\"og:title\" content=\"AMBALA\u017dA, Nata\u0161a Stipanelov Vrande\u010di\u0107 - Web-knji\u017eara\" \/>\n<meta property=\"og:description\" content=\"Sa\u017eetak: U uvodnom dijelu definirano je \u0161to je ambala\u017ea i koje su njene funkcije. U nastavku je dan kratak pregled povijesnog razvoja, odnosno po\u010detak i na\u010din upotrebe ambala\u017ee. Ukazuje se na ekolo\u0161ku problematiku odba\u010dene ambala\u017ee dana\u0161njice te razvoj tehnologije u ambala\u017enoj industriji i njenim trendovima s obzirom na sigurnost i zdravstvenu ispravnost ambala\u017ee. Slijedi poglavlje [&hellip;]\" \/>\n<meta property=\"og:url\" content=\"https:\/\/webknjizara.hr\/proizvod\/ambalaza-natasa-stipanelov-vrandecic\/\" \/>\n<meta property=\"og:site_name\" content=\"Web-knji\u017eara\" \/>\n<meta property=\"article:modified_time\" content=\"2023-02-26T23:18:24+00:00\" \/>\n<meta property=\"og:image\" content=\"https:\/\/webknjizara.hr\/wp-content\/uploads\/nc\/images\/virtuemart\/product\/Natasa_Stipanelov_Vrandecic_Ambalaza_webknjizara_redak_WEB_1132.jpg\" \/>\n\t<meta property=\"og:image:width\" content=\"300\" \/>\n\t<meta property=\"og:image:height\" content=\"419\" \/>\n\t<meta property=\"og:image:type\" content=\"image\/jpeg\" \/>\n<meta name=\"twitter:card\" content=\"summary_large_image\" \/>\n<meta name=\"twitter:label1\" content=\"Est. reading time\" \/>\n\t<meta name=\"twitter:data1\" content=\"3 minutes\" \/>\n<script type=\"application\/ld+json\" class=\"yoast-schema-graph\">{\"@context\":\"https:\\\/\\\/schema.org\",\"@graph\":[{\"@type\":\"WebPage\",\"@id\":\"https:\\\/\\\/webknjizara.hr\\\/proizvod\\\/ambalaza-natasa-stipanelov-vrandecic\\\/\",\"url\":\"https:\\\/\\\/webknjizara.hr\\\/proizvod\\\/ambalaza-natasa-stipanelov-vrandecic\\\/\",\"name\":\"AMBALA\u017dA, Nata\u0161a Stipanelov Vrande\u010di\u0107 - Web-knji\u017eara\",\"isPartOf\":{\"@id\":\"https:\\\/\\\/webknjizara.hr\\\/#website\"},\"primaryImageOfPage\":{\"@id\":\"https:\\\/\\\/webknjizara.hr\\\/proizvod\\\/ambalaza-natasa-stipanelov-vrandecic\\\/#primaryimage\"},\"image\":{\"@id\":\"https:\\\/\\\/webknjizara.hr\\\/proizvod\\\/ambalaza-natasa-stipanelov-vrandecic\\\/#primaryimage\"},\"thumbnailUrl\":\"https:\\\/\\\/webknjizara.hr\\\/wp-content\\\/uploads\\\/nc\\\/images\\\/virtuemart\\\/product\\\/Natasa_Stipanelov_Vrandecic_Ambalaza_webknjizara_redak_WEB_1132.jpg\",\"datePublished\":\"2021-04-08T11:04:05+00:00\",\"dateModified\":\"2023-02-26T23:18:24+00:00\",\"breadcrumb\":{\"@id\":\"https:\\\/\\\/webknjizara.hr\\\/proizvod\\\/ambalaza-natasa-stipanelov-vrandecic\\\/#breadcrumb\"},\"inLanguage\":\"en-US\",\"potentialAction\":[{\"@type\":\"ReadAction\",\"target\":[\"https:\\\/\\\/webknjizara.hr\\\/proizvod\\\/ambalaza-natasa-stipanelov-vrandecic\\\/\"]}]},{\"@type\":\"ImageObject\",\"inLanguage\":\"en-US\",\"@id\":\"https:\\\/\\\/webknjizara.hr\\\/proizvod\\\/ambalaza-natasa-stipanelov-vrandecic\\\/#primaryimage\",\"url\":\"https:\\\/\\\/webknjizara.hr\\\/wp-content\\\/uploads\\\/nc\\\/images\\\/virtuemart\\\/product\\\/Natasa_Stipanelov_Vrandecic_Ambalaza_webknjizara_redak_WEB_1132.jpg\",\"contentUrl\":\"https:\\\/\\\/webknjizara.hr\\\/wp-content\\\/uploads\\\/nc\\\/images\\\/virtuemart\\\/product\\\/Natasa_Stipanelov_Vrandecic_Ambalaza_webknjizara_redak_WEB_1132.jpg\",\"width\":300,\"height\":419,\"caption\":\"AMBALA\u017dA, Nata\u0161a Stipanelov Vrande\u010di\u0107\"},{\"@type\":\"BreadcrumbList\",\"@id\":\"https:\\\/\\\/webknjizara.hr\\\/proizvod\\\/ambalaza-natasa-stipanelov-vrandecic\\\/#breadcrumb\",\"itemListElement\":[{\"@type\":\"ListItem\",\"position\":1,\"name\":\"Po\u010detna stranica\",\"item\":\"https:\\\/\\\/webknjizara.hr\\\/en\\\/\"},{\"@type\":\"ListItem\",\"position\":2,\"name\":\"Shop\",\"item\":\"https:\\\/\\\/webknjizara.hr\\\/shop\\\/\"},{\"@type\":\"ListItem\",\"position\":3,\"name\":\"AMBALA\u017dA, Nata\u0161a Stipanelov Vrande\u010di\u0107\"}]},{\"@type\":\"WebSite\",\"@id\":\"https:\\\/\\\/webknjizara.hr\\\/#website\",\"url\":\"https:\\\/\\\/webknjizara.hr\\\/\",\"name\":\"Web Knji\u017eara\",\"description\":\"\",\"publisher\":{\"@id\":\"https:\\\/\\\/webknjizara.hr\\\/#organization\"},\"potentialAction\":[{\"@type\":\"SearchAction\",\"target\":{\"@type\":\"EntryPoint\",\"urlTemplate\":\"https:\\\/\\\/webknjizara.hr\\\/?s={search_term_string}\"},\"query-input\":{\"@type\":\"PropertyValueSpecification\",\"valueRequired\":true,\"valueName\":\"search_term_string\"}}],\"inLanguage\":\"en-US\"},{\"@type\":\"Organization\",\"@id\":\"https:\\\/\\\/webknjizara.hr\\\/#organization\",\"name\":\"REDAK D.O.O.\",\"url\":\"https:\\\/\\\/webknjizara.hr\\\/\",\"logo\":{\"@type\":\"ImageObject\",\"inLanguage\":\"en-US\",\"@id\":\"https:\\\/\\\/webknjizara.hr\\\/#\\\/schema\\\/logo\\\/image\\\/\",\"url\":\"https:\\\/\\\/webknjizara.hr\\\/wp-content\\\/uploads\\\/2023\\\/01\\\/web-knjizara-logo.webp\",\"contentUrl\":\"https:\\\/\\\/webknjizara.hr\\\/wp-content\\\/uploads\\\/2023\\\/01\\\/web-knjizara-logo.webp\",\"width\":324,\"height\":79,\"caption\":\"REDAK D.O.O.\"},\"image\":{\"@id\":\"https:\\\/\\\/webknjizara.hr\\\/#\\\/schema\\\/logo\\\/image\\\/\"}}]}<\/script>\n<!-- \/ Yoast SEO plugin. -->","yoast_head_json":{"title":"AMBALA\u017dA, Nata\u0161a Stipanelov Vrande\u010di\u0107 - Web-knji\u017eara","robots":{"index":"index","follow":"follow","max-snippet":"max-snippet:-1","max-image-preview":"max-image-preview:large","max-video-preview":"max-video-preview:-1"},"canonical":"https:\/\/webknjizara.hr\/proizvod\/ambalaza-natasa-stipanelov-vrandecic\/","og_locale":"en_US","og_type":"article","og_title":"AMBALA\u017dA, Nata\u0161a Stipanelov Vrande\u010di\u0107 - Web-knji\u017eara","og_description":"Sa\u017eetak: U uvodnom dijelu definirano je \u0161to je ambala\u017ea i koje su njene funkcije. U nastavku je dan kratak pregled povijesnog razvoja, odnosno po\u010detak i na\u010din upotrebe ambala\u017ee. Ukazuje se na ekolo\u0161ku problematiku odba\u010dene ambala\u017ee dana\u0161njice te razvoj tehnologije u ambala\u017enoj industriji i njenim trendovima s obzirom na sigurnost i zdravstvenu ispravnost ambala\u017ee. Slijedi poglavlje [&hellip;]","og_url":"https:\/\/webknjizara.hr\/proizvod\/ambalaza-natasa-stipanelov-vrandecic\/","og_site_name":"Web-knji\u017eara","article_modified_time":"2023-02-26T23:18:24+00:00","og_image":[{"width":300,"height":419,"url":"https:\/\/webknjizara.hr\/wp-content\/uploads\/nc\/images\/virtuemart\/product\/Natasa_Stipanelov_Vrandecic_Ambalaza_webknjizara_redak_WEB_1132.jpg","type":"image\/jpeg"}],"twitter_card":"summary_large_image","twitter_misc":{"Est. reading time":"3 minutes"},"schema":{"@context":"https:\/\/schema.org","@graph":[{"@type":"WebPage","@id":"https:\/\/webknjizara.hr\/proizvod\/ambalaza-natasa-stipanelov-vrandecic\/","url":"https:\/\/webknjizara.hr\/proizvod\/ambalaza-natasa-stipanelov-vrandecic\/","name":"AMBALA\u017dA, Nata\u0161a Stipanelov Vrande\u010di\u0107 - Web-knji\u017eara","isPartOf":{"@id":"https:\/\/webknjizara.hr\/#website"},"primaryImageOfPage":{"@id":"https:\/\/webknjizara.hr\/proizvod\/ambalaza-natasa-stipanelov-vrandecic\/#primaryimage"},"image":{"@id":"https:\/\/webknjizara.hr\/proizvod\/ambalaza-natasa-stipanelov-vrandecic\/#primaryimage"},"thumbnailUrl":"https:\/\/webknjizara.hr\/wp-content\/uploads\/nc\/images\/virtuemart\/product\/Natasa_Stipanelov_Vrandecic_Ambalaza_webknjizara_redak_WEB_1132.jpg","datePublished":"2021-04-08T11:04:05+00:00","dateModified":"2023-02-26T23:18:24+00:00","breadcrumb":{"@id":"https:\/\/webknjizara.hr\/proizvod\/ambalaza-natasa-stipanelov-vrandecic\/#breadcrumb"},"inLanguage":"en-US","potentialAction":[{"@type":"ReadAction","target":["https:\/\/webknjizara.hr\/proizvod\/ambalaza-natasa-stipanelov-vrandecic\/"]}]},{"@type":"ImageObject","inLanguage":"en-US","@id":"https:\/\/webknjizara.hr\/proizvod\/ambalaza-natasa-stipanelov-vrandecic\/#primaryimage","url":"https:\/\/webknjizara.hr\/wp-content\/uploads\/nc\/images\/virtuemart\/product\/Natasa_Stipanelov_Vrandecic_Ambalaza_webknjizara_redak_WEB_1132.jpg","contentUrl":"https:\/\/webknjizara.hr\/wp-content\/uploads\/nc\/images\/virtuemart\/product\/Natasa_Stipanelov_Vrandecic_Ambalaza_webknjizara_redak_WEB_1132.jpg","width":300,"height":419,"caption":"AMBALA\u017dA, Nata\u0161a Stipanelov Vrande\u010di\u0107"},{"@type":"BreadcrumbList","@id":"https:\/\/webknjizara.hr\/proizvod\/ambalaza-natasa-stipanelov-vrandecic\/#breadcrumb","itemListElement":[{"@type":"ListItem","position":1,"name":"Po\u010detna stranica","item":"https:\/\/webknjizara.hr\/en\/"},{"@type":"ListItem","position":2,"name":"Shop","item":"https:\/\/webknjizara.hr\/shop\/"},{"@type":"ListItem","position":3,"name":"AMBALA\u017dA, Nata\u0161a Stipanelov Vrande\u010di\u0107"}]},{"@type":"WebSite","@id":"https:\/\/webknjizara.hr\/#website","url":"https:\/\/webknjizara.hr\/","name":"Web Knji\u017eara","description":"","publisher":{"@id":"https:\/\/webknjizara.hr\/#organization"},"potentialAction":[{"@type":"SearchAction","target":{"@type":"EntryPoint","urlTemplate":"https:\/\/webknjizara.hr\/?s={search_term_string}"},"query-input":{"@type":"PropertyValueSpecification","valueRequired":true,"valueName":"search_term_string"}}],"inLanguage":"en-US"},{"@type":"Organization","@id":"https:\/\/webknjizara.hr\/#organization","name":"REDAK D.O.O.","url":"https:\/\/webknjizara.hr\/","logo":{"@type":"ImageObject","inLanguage":"en-US","@id":"https:\/\/webknjizara.hr\/#\/schema\/logo\/image\/","url":"https:\/\/webknjizara.hr\/wp-content\/uploads\/2023\/01\/web-knjizara-logo.webp","contentUrl":"https:\/\/webknjizara.hr\/wp-content\/uploads\/2023\/01\/web-knjizara-logo.webp","width":324,"height":79,"caption":"REDAK D.O.O."},"image":{"@id":"https:\/\/webknjizara.hr\/#\/schema\/logo\/image\/"}}]}},"_links":{"self":[{"href":"https:\/\/webknjizara.hr\/en\/wp-json\/wp\/v2\/product\/9446","targetHints":{"allow":["GET"]}}],"collection":[{"href":"https:\/\/webknjizara.hr\/en\/wp-json\/wp\/v2\/product"}],"about":[{"href":"https:\/\/webknjizara.hr\/en\/wp-json\/wp\/v2\/types\/product"}],"replies":[{"embeddable":true,"href":"https:\/\/webknjizara.hr\/en\/wp-json\/wp\/v2\/comments?post=9446"}],"wp:featuredmedia":[{"embeddable":true,"href":"https:\/\/webknjizara.hr\/en\/wp-json\/wp\/v2\/media\/9447"}],"wp:attachment":[{"href":"https:\/\/webknjizara.hr\/en\/wp-json\/wp\/v2\/media?parent=9446"}],"wp:term":[{"taxonomy":"product_brand","embeddable":true,"href":"https:\/\/webknjizara.hr\/en\/wp-json\/wp\/v2\/product_brand?post=9446"},{"taxonomy":"product_cat","embeddable":true,"href":"https:\/\/webknjizara.hr\/en\/wp-json\/wp\/v2\/product_cat?post=9446"},{"taxonomy":"product_tag","embeddable":true,"href":"https:\/\/webknjizara.hr\/en\/wp-json\/wp\/v2\/product_tag?post=9446"}],"curies":[{"name":"wp","href":"https:\/\/api.w.org\/{rel}","templated":true}]}}