{"id":9444,"date":"2021-04-07T12:23:50","date_gmt":"2021-04-07T12:23:50","guid":{"rendered":"https:\/\/webknjizara.hr\/?product=motivacija-komunikacija-i-odnosi-u-svijetu-rada-andrea-russo"},"modified":"2023-02-27T00:18:24","modified_gmt":"2023-02-26T23:18:24","slug":"motivacija-komunikacija-i-odnosi-u-svijetu-rada-andrea-russo","status":"publish","type":"product","link":"https:\/\/webknjizara.hr\/en\/proizvod\/motivacija-komunikacija-i-odnosi-u-svijetu-rada-andrea-russo\/","title":{"rendered":"MOTIVACIJA, KOMUNIKACIJA I ODNOSI U SVIJETU RADA, Andrea Russo"},"content":{"rendered":"<p><strong>Sa\u017eetak:<\/strong><\/p>\n<p>U svakom trenutku nalazimo se u odnosu i komunikaciji. \u010cak i kada ni\u0161ta ne govorimo ili ne \u010dinimo, sama na\u0161a nazo\u010dnost u odre\u0111enoj sredini stavlja nas u odre\u0111eni odnos i komunikaciju s okolinom i sa svima i svime \u0161to \u010dini tu okolinu. Odnosi i komunikacija, ali i na\u0161a unutarnja motivacija, klju\u010d su ostvarenja i ispunjenja na\u0161eg bi\u0107a. Ipak, ve\u0107ina ljudi provodi ve\u0107inu svoga vremena nesvjesna zna\u010denja i potencijala koje ovi pojmovi imaju i mogu imati u oblikovanju kvalitete njihovog \u017eivota i rada.<\/p>\n<p>Znanja i vje\u0161tine produktivnog motiviranja i komuniciranja u radnom okru\u017eenju postaju tako jedna od najva\u017enijih vje\u0161tina suvremenog svijeta rada. Cilj je potaknuti razvoj svijesti, znanja i vje\u0161tina koji \u0107e unaprijediti na\u0161 kapacitet konstruktivnog i na doprinos usmjerenog djelovanja u odnosima i komunikaciji sa samim sobom, svojim bli\u017enjima i radnim okru\u017eenjem te svojom zajednicom.<\/p>\n<p>Ud\u017ebenik je namijenjen studentima Pomorskog fakulteta u Splitu za smjerove Pomorska nautika, Pomorski menad\u017ement i Pomorske tehnologije jahta i marina. Me\u0111utim, ud\u017ebenik mogu koristiti studenti i drugih smjerova, odnosno svi koji su zainteresirani raditi na unapre\u0111enju znanja i vje\u0161tina komunikacije, motivacije i gradnje kvalitetnih odnosa, a posebice pomorcima, skiperima i ljudima koji \u017eive s morem i od mora.<\/p>\n<p><strong>Bilje\u0161ka o autorici:<\/strong><\/p>\n<p>Ro\u0111ena je i \u017eivi u Splitu. Studij psihologije i pedagogije zavr\u0161ila je u Sarajevu, a poslijediplomski studij biomedicinskih znanosti, polje javno zdravstvo i zdravstvena za\u0161tita, na Medicinskom fakultetu Sveu\u010dili\u0161ta u Zagrebu 2011. Kontinuirano se usavr\u0161avala tijekom cijeloga radnog vijeka u zemlji i inozemstvu. Objavila je veliki broj stru\u010dnih i znanstvenih radova te je autorica ili koautorica vi\u0161e knjiga.<\/p>\n<p>Radi kao izvanredna profesorica na Pomorskom fakultetu u Splitu gdje je osmislila i vodi kolegije: Psihosociologija, Upravljanje ljudskim resursima i Organizacijska znanost. Voditeljica je Ljetne \u0161kole Pomorskog fakulteta u Splitu od 2017. te je voditeljica studija Pomorske tehnologije jahta i marina na Pomorskom fakultetu u Splitu od 2018.<\/p>\n<p>Podru\u010dje znanstvenog i stru\u010dnog interesa autorice su me\u0111uljudski odnosi u svijetu rada u cilju pove\u0107avanja produktivnosti i zdravlja zaposlenika te shva\u0107anje utjecaja novih tehnologija i drugih promjena i izazova na profesionalni i obiteljski \u017eivot, s posebnim naglaskom na o\u010duvanju mentalnog zdravlja. Dobitnica je priznanja za izuzetan doprinos na promicanju i razvoju Udruge hrvatskih ratnih veterana grada Splita 2001. te priznanja Ureda za udruge Vlade RH za projekt Primjer dobre prakse u sklopu programa CARDS 2004. \u2012 Europski fondovi za razvoj civilnog dru\u0161tva u Hrvatskoj: Zbornik uspje\u0161no provedenih projekata financiranih sredstvima Europske unije Stella Polaris \u2013 socijalno-zdravstveni akcijsko-preventivni program 2010.<\/p>\n<p><strong>Klju\u010dne rije\u010di:<\/strong> motivacija, komunikacija, odnosi, radno mjesto<\/p>\n<p><strong>E-mail:<\/strong> <a href=\"mailto:arusso@pfst.hr\" target=\"_blank\" rel=\"noopener noreferrer\">Andrea Russo<\/a>\u00a0<\/p>\n<p>\u00a0<\/p>\n<p><strong>Naslov:<\/strong> Motivacija, komunikacija i odnosi u svijetu rada<br \/><strong>Autorica:<\/strong> Andrea Russo<br \/><strong>Broj stranica:<\/strong> 228<br \/><strong>Nakladnik:<\/strong> Pomorski fakultet u Splitu<br \/><strong>Godina izdanja:<\/strong> 2021 .<br \/><strong>ISBN:<\/strong> 978-953-6655-78-6<br \/><strong>Tisak:<\/strong> digitalni tisak knjiga &#8211; print na zahtjev<\/p>\n<p>\u00a0<\/p>\n<p style=\"text-align: justify;\"><strong>Kako naru\u010diti knjigu?\u00a0<\/strong>Proces online kupovine jednako funkcionira za sve kupce, s jedinom razlikom u tome \u0161to \u0161to kupci iz inozemstva za podru\u010dje dostave moraju odabrati &#8220;Europa&#8221; ili &#8220;Ostale zemlje svijeta&#8221;, a za vrstu pla\u0107anja WSPay (kreditna kartica) ili Virmanom (bankovni transfer).<\/p>\n<p style=\"text-align: justify;\">Molimo kliknite ovdje za\u00a0<a href=\"hr\/kako-kupovati\">detaljni vodi\u010d kroz proces narud\u017ebe<\/a>\u00a0ili nas\u00a0<a href=\"hr\/kontakt\">kontaktirajte<\/a>\u00a0za vi\u0161e informacija.<\/p>\n","protected":false},"excerpt":{"rendered":"<p>Sa\u017eetak: U svakom trenutku nalazimo se u odnosu i komunikaciji. \u010cak i kada ni\u0161ta ne govorimo ili ne \u010dinimo, sama na\u0161a nazo\u010dnost u odre\u0111enoj sredini stavlja nas u odre\u0111eni odnos i komunikaciju s okolinom i sa svima i svime \u0161to \u010dini tu okolinu. Odnosi i komunikacija, ali i na\u0161a unutarnja motivacija, klju\u010d su ostvarenja i [&hellip;]<\/p>\n","protected":false},"featured_media":9445,"comment_status":"open","ping_status":"closed","template":"","meta":{"_acf_changed":false},"product_brand":[],"product_cat":[1517],"product_tag":[],"class_list":{"0":"post-9444","1":"product","2":"type-product","3":"status-publish","4":"has-post-thumbnail","6":"product_cat-strucna-literatura","7":"pa_nakladnik-pomorski-fakultet-u-splitu","9":"first","10":"instock","11":"shipping-taxable","12":"purchasable","13":"product-type-simple"},"acf":[],"yoast_head":"<!-- This site is optimized with the Yoast SEO plugin v27.3 - https:\/\/yoast.com\/product\/yoast-seo-wordpress\/ -->\n<title>MOTIVACIJA, KOMUNIKACIJA I ODNOSI U SVIJETU RADA, Andrea Russo - Web-knji\u017eara<\/title>\n<meta name=\"robots\" content=\"index, follow, max-snippet:-1, max-image-preview:large, max-video-preview:-1\" \/>\n<link rel=\"canonical\" href=\"https:\/\/webknjizara.hr\/proizvod\/motivacija-komunikacija-i-odnosi-u-svijetu-rada-andrea-russo\/\" \/>\n<meta property=\"og:locale\" content=\"en_US\" \/>\n<meta property=\"og:type\" content=\"article\" \/>\n<meta property=\"og:title\" content=\"MOTIVACIJA, KOMUNIKACIJA I ODNOSI U SVIJETU RADA, Andrea Russo - Web-knji\u017eara\" \/>\n<meta property=\"og:description\" content=\"Sa\u017eetak: U svakom trenutku nalazimo se u odnosu i komunikaciji. \u010cak i kada ni\u0161ta ne govorimo ili ne \u010dinimo, sama na\u0161a nazo\u010dnost u odre\u0111enoj sredini stavlja nas u odre\u0111eni odnos i komunikaciju s okolinom i sa svima i svime \u0161to \u010dini tu okolinu. Odnosi i komunikacija, ali i na\u0161a unutarnja motivacija, klju\u010d su ostvarenja i [&hellip;]\" \/>\n<meta property=\"og:url\" content=\"https:\/\/webknjizara.hr\/proizvod\/motivacija-komunikacija-i-odnosi-u-svijetu-rada-andrea-russo\/\" \/>\n<meta property=\"og:site_name\" content=\"Web-knji\u017eara\" \/>\n<meta property=\"article:modified_time\" content=\"2023-02-26T23:18:24+00:00\" \/>\n<meta property=\"og:image\" content=\"https:\/\/webknjizara.hr\/wp-content\/uploads\/nc\/images\/virtuemart\/product\/Andrea_Russo_Motivacija_komunikacija_i_odnosi_u_svijetu_rada__webknjizara_redak_WEB_1105.jpg\" \/>\n\t<meta property=\"og:image:width\" content=\"300\" \/>\n\t<meta property=\"og:image:height\" content=\"419\" \/>\n\t<meta property=\"og:image:type\" content=\"image\/jpeg\" \/>\n<meta name=\"twitter:card\" content=\"summary_large_image\" \/>\n<meta name=\"twitter:label1\" content=\"Est. reading time\" \/>\n\t<meta name=\"twitter:data1\" content=\"3 minutes\" \/>\n<script type=\"application\/ld+json\" class=\"yoast-schema-graph\">{\"@context\":\"https:\\\/\\\/schema.org\",\"@graph\":[{\"@type\":\"WebPage\",\"@id\":\"https:\\\/\\\/webknjizara.hr\\\/proizvod\\\/motivacija-komunikacija-i-odnosi-u-svijetu-rada-andrea-russo\\\/\",\"url\":\"https:\\\/\\\/webknjizara.hr\\\/proizvod\\\/motivacija-komunikacija-i-odnosi-u-svijetu-rada-andrea-russo\\\/\",\"name\":\"MOTIVACIJA, KOMUNIKACIJA I ODNOSI U SVIJETU RADA, Andrea Russo - Web-knji\u017eara\",\"isPartOf\":{\"@id\":\"https:\\\/\\\/webknjizara.hr\\\/#website\"},\"primaryImageOfPage\":{\"@id\":\"https:\\\/\\\/webknjizara.hr\\\/proizvod\\\/motivacija-komunikacija-i-odnosi-u-svijetu-rada-andrea-russo\\\/#primaryimage\"},\"image\":{\"@id\":\"https:\\\/\\\/webknjizara.hr\\\/proizvod\\\/motivacija-komunikacija-i-odnosi-u-svijetu-rada-andrea-russo\\\/#primaryimage\"},\"thumbnailUrl\":\"https:\\\/\\\/webknjizara.hr\\\/wp-content\\\/uploads\\\/nc\\\/images\\\/virtuemart\\\/product\\\/Andrea_Russo_Motivacija_komunikacija_i_odnosi_u_svijetu_rada__webknjizara_redak_WEB_1105.jpg\",\"datePublished\":\"2021-04-07T12:23:50+00:00\",\"dateModified\":\"2023-02-26T23:18:24+00:00\",\"breadcrumb\":{\"@id\":\"https:\\\/\\\/webknjizara.hr\\\/proizvod\\\/motivacija-komunikacija-i-odnosi-u-svijetu-rada-andrea-russo\\\/#breadcrumb\"},\"inLanguage\":\"en-US\",\"potentialAction\":[{\"@type\":\"ReadAction\",\"target\":[\"https:\\\/\\\/webknjizara.hr\\\/proizvod\\\/motivacija-komunikacija-i-odnosi-u-svijetu-rada-andrea-russo\\\/\"]}]},{\"@type\":\"ImageObject\",\"inLanguage\":\"en-US\",\"@id\":\"https:\\\/\\\/webknjizara.hr\\\/proizvod\\\/motivacija-komunikacija-i-odnosi-u-svijetu-rada-andrea-russo\\\/#primaryimage\",\"url\":\"https:\\\/\\\/webknjizara.hr\\\/wp-content\\\/uploads\\\/nc\\\/images\\\/virtuemart\\\/product\\\/Andrea_Russo_Motivacija_komunikacija_i_odnosi_u_svijetu_rada__webknjizara_redak_WEB_1105.jpg\",\"contentUrl\":\"https:\\\/\\\/webknjizara.hr\\\/wp-content\\\/uploads\\\/nc\\\/images\\\/virtuemart\\\/product\\\/Andrea_Russo_Motivacija_komunikacija_i_odnosi_u_svijetu_rada__webknjizara_redak_WEB_1105.jpg\",\"width\":300,\"height\":419,\"caption\":\"MOTIVACIJA, KOMUNIKACIJA I ODNOSI U SVIJETU RADA, Andrea Russo\"},{\"@type\":\"BreadcrumbList\",\"@id\":\"https:\\\/\\\/webknjizara.hr\\\/proizvod\\\/motivacija-komunikacija-i-odnosi-u-svijetu-rada-andrea-russo\\\/#breadcrumb\",\"itemListElement\":[{\"@type\":\"ListItem\",\"position\":1,\"name\":\"Po\u010detna stranica\",\"item\":\"https:\\\/\\\/webknjizara.hr\\\/en\\\/\"},{\"@type\":\"ListItem\",\"position\":2,\"name\":\"Shop\",\"item\":\"https:\\\/\\\/webknjizara.hr\\\/shop\\\/\"},{\"@type\":\"ListItem\",\"position\":3,\"name\":\"MOTIVACIJA, KOMUNIKACIJA I ODNOSI U SVIJETU RADA, Andrea Russo\"}]},{\"@type\":\"WebSite\",\"@id\":\"https:\\\/\\\/webknjizara.hr\\\/#website\",\"url\":\"https:\\\/\\\/webknjizara.hr\\\/\",\"name\":\"Web Knji\u017eara\",\"description\":\"\",\"publisher\":{\"@id\":\"https:\\\/\\\/webknjizara.hr\\\/#organization\"},\"potentialAction\":[{\"@type\":\"SearchAction\",\"target\":{\"@type\":\"EntryPoint\",\"urlTemplate\":\"https:\\\/\\\/webknjizara.hr\\\/?s={search_term_string}\"},\"query-input\":{\"@type\":\"PropertyValueSpecification\",\"valueRequired\":true,\"valueName\":\"search_term_string\"}}],\"inLanguage\":\"en-US\"},{\"@type\":\"Organization\",\"@id\":\"https:\\\/\\\/webknjizara.hr\\\/#organization\",\"name\":\"REDAK D.O.O.\",\"url\":\"https:\\\/\\\/webknjizara.hr\\\/\",\"logo\":{\"@type\":\"ImageObject\",\"inLanguage\":\"en-US\",\"@id\":\"https:\\\/\\\/webknjizara.hr\\\/#\\\/schema\\\/logo\\\/image\\\/\",\"url\":\"https:\\\/\\\/webknjizara.hr\\\/wp-content\\\/uploads\\\/2023\\\/01\\\/web-knjizara-logo.webp\",\"contentUrl\":\"https:\\\/\\\/webknjizara.hr\\\/wp-content\\\/uploads\\\/2023\\\/01\\\/web-knjizara-logo.webp\",\"width\":324,\"height\":79,\"caption\":\"REDAK D.O.O.\"},\"image\":{\"@id\":\"https:\\\/\\\/webknjizara.hr\\\/#\\\/schema\\\/logo\\\/image\\\/\"}}]}<\/script>\n<!-- \/ Yoast SEO plugin. -->","yoast_head_json":{"title":"MOTIVACIJA, KOMUNIKACIJA I ODNOSI U SVIJETU RADA, Andrea Russo - Web-knji\u017eara","robots":{"index":"index","follow":"follow","max-snippet":"max-snippet:-1","max-image-preview":"max-image-preview:large","max-video-preview":"max-video-preview:-1"},"canonical":"https:\/\/webknjizara.hr\/proizvod\/motivacija-komunikacija-i-odnosi-u-svijetu-rada-andrea-russo\/","og_locale":"en_US","og_type":"article","og_title":"MOTIVACIJA, KOMUNIKACIJA I ODNOSI U SVIJETU RADA, Andrea Russo - Web-knji\u017eara","og_description":"Sa\u017eetak: U svakom trenutku nalazimo se u odnosu i komunikaciji. \u010cak i kada ni\u0161ta ne govorimo ili ne \u010dinimo, sama na\u0161a nazo\u010dnost u odre\u0111enoj sredini stavlja nas u odre\u0111eni odnos i komunikaciju s okolinom i sa svima i svime \u0161to \u010dini tu okolinu. Odnosi i komunikacija, ali i na\u0161a unutarnja motivacija, klju\u010d su ostvarenja i [&hellip;]","og_url":"https:\/\/webknjizara.hr\/proizvod\/motivacija-komunikacija-i-odnosi-u-svijetu-rada-andrea-russo\/","og_site_name":"Web-knji\u017eara","article_modified_time":"2023-02-26T23:18:24+00:00","og_image":[{"width":300,"height":419,"url":"https:\/\/webknjizara.hr\/wp-content\/uploads\/nc\/images\/virtuemart\/product\/Andrea_Russo_Motivacija_komunikacija_i_odnosi_u_svijetu_rada__webknjizara_redak_WEB_1105.jpg","type":"image\/jpeg"}],"twitter_card":"summary_large_image","twitter_misc":{"Est. reading time":"3 minutes"},"schema":{"@context":"https:\/\/schema.org","@graph":[{"@type":"WebPage","@id":"https:\/\/webknjizara.hr\/proizvod\/motivacija-komunikacija-i-odnosi-u-svijetu-rada-andrea-russo\/","url":"https:\/\/webknjizara.hr\/proizvod\/motivacija-komunikacija-i-odnosi-u-svijetu-rada-andrea-russo\/","name":"MOTIVACIJA, KOMUNIKACIJA I ODNOSI U SVIJETU RADA, Andrea Russo - Web-knji\u017eara","isPartOf":{"@id":"https:\/\/webknjizara.hr\/#website"},"primaryImageOfPage":{"@id":"https:\/\/webknjizara.hr\/proizvod\/motivacija-komunikacija-i-odnosi-u-svijetu-rada-andrea-russo\/#primaryimage"},"image":{"@id":"https:\/\/webknjizara.hr\/proizvod\/motivacija-komunikacija-i-odnosi-u-svijetu-rada-andrea-russo\/#primaryimage"},"thumbnailUrl":"https:\/\/webknjizara.hr\/wp-content\/uploads\/nc\/images\/virtuemart\/product\/Andrea_Russo_Motivacija_komunikacija_i_odnosi_u_svijetu_rada__webknjizara_redak_WEB_1105.jpg","datePublished":"2021-04-07T12:23:50+00:00","dateModified":"2023-02-26T23:18:24+00:00","breadcrumb":{"@id":"https:\/\/webknjizara.hr\/proizvod\/motivacija-komunikacija-i-odnosi-u-svijetu-rada-andrea-russo\/#breadcrumb"},"inLanguage":"en-US","potentialAction":[{"@type":"ReadAction","target":["https:\/\/webknjizara.hr\/proizvod\/motivacija-komunikacija-i-odnosi-u-svijetu-rada-andrea-russo\/"]}]},{"@type":"ImageObject","inLanguage":"en-US","@id":"https:\/\/webknjizara.hr\/proizvod\/motivacija-komunikacija-i-odnosi-u-svijetu-rada-andrea-russo\/#primaryimage","url":"https:\/\/webknjizara.hr\/wp-content\/uploads\/nc\/images\/virtuemart\/product\/Andrea_Russo_Motivacija_komunikacija_i_odnosi_u_svijetu_rada__webknjizara_redak_WEB_1105.jpg","contentUrl":"https:\/\/webknjizara.hr\/wp-content\/uploads\/nc\/images\/virtuemart\/product\/Andrea_Russo_Motivacija_komunikacija_i_odnosi_u_svijetu_rada__webknjizara_redak_WEB_1105.jpg","width":300,"height":419,"caption":"MOTIVACIJA, KOMUNIKACIJA I ODNOSI U SVIJETU RADA, Andrea Russo"},{"@type":"BreadcrumbList","@id":"https:\/\/webknjizara.hr\/proizvod\/motivacija-komunikacija-i-odnosi-u-svijetu-rada-andrea-russo\/#breadcrumb","itemListElement":[{"@type":"ListItem","position":1,"name":"Po\u010detna stranica","item":"https:\/\/webknjizara.hr\/en\/"},{"@type":"ListItem","position":2,"name":"Shop","item":"https:\/\/webknjizara.hr\/shop\/"},{"@type":"ListItem","position":3,"name":"MOTIVACIJA, KOMUNIKACIJA I ODNOSI U SVIJETU RADA, Andrea Russo"}]},{"@type":"WebSite","@id":"https:\/\/webknjizara.hr\/#website","url":"https:\/\/webknjizara.hr\/","name":"Web Knji\u017eara","description":"","publisher":{"@id":"https:\/\/webknjizara.hr\/#organization"},"potentialAction":[{"@type":"SearchAction","target":{"@type":"EntryPoint","urlTemplate":"https:\/\/webknjizara.hr\/?s={search_term_string}"},"query-input":{"@type":"PropertyValueSpecification","valueRequired":true,"valueName":"search_term_string"}}],"inLanguage":"en-US"},{"@type":"Organization","@id":"https:\/\/webknjizara.hr\/#organization","name":"REDAK D.O.O.","url":"https:\/\/webknjizara.hr\/","logo":{"@type":"ImageObject","inLanguage":"en-US","@id":"https:\/\/webknjizara.hr\/#\/schema\/logo\/image\/","url":"https:\/\/webknjizara.hr\/wp-content\/uploads\/2023\/01\/web-knjizara-logo.webp","contentUrl":"https:\/\/webknjizara.hr\/wp-content\/uploads\/2023\/01\/web-knjizara-logo.webp","width":324,"height":79,"caption":"REDAK D.O.O."},"image":{"@id":"https:\/\/webknjizara.hr\/#\/schema\/logo\/image\/"}}]}},"_links":{"self":[{"href":"https:\/\/webknjizara.hr\/en\/wp-json\/wp\/v2\/product\/9444","targetHints":{"allow":["GET"]}}],"collection":[{"href":"https:\/\/webknjizara.hr\/en\/wp-json\/wp\/v2\/product"}],"about":[{"href":"https:\/\/webknjizara.hr\/en\/wp-json\/wp\/v2\/types\/product"}],"replies":[{"embeddable":true,"href":"https:\/\/webknjizara.hr\/en\/wp-json\/wp\/v2\/comments?post=9444"}],"wp:featuredmedia":[{"embeddable":true,"href":"https:\/\/webknjizara.hr\/en\/wp-json\/wp\/v2\/media\/9445"}],"wp:attachment":[{"href":"https:\/\/webknjizara.hr\/en\/wp-json\/wp\/v2\/media?parent=9444"}],"wp:term":[{"taxonomy":"product_brand","embeddable":true,"href":"https:\/\/webknjizara.hr\/en\/wp-json\/wp\/v2\/product_brand?post=9444"},{"taxonomy":"product_cat","embeddable":true,"href":"https:\/\/webknjizara.hr\/en\/wp-json\/wp\/v2\/product_cat?post=9444"},{"taxonomy":"product_tag","embeddable":true,"href":"https:\/\/webknjizara.hr\/en\/wp-json\/wp\/v2\/product_tag?post=9444"}],"curies":[{"name":"wp","href":"https:\/\/api.w.org\/{rel}","templated":true}]}}