{"id":9432,"date":"2021-03-11T12:11:34","date_gmt":"2021-03-11T12:11:34","guid":{"rendered":"https:\/\/webknjizara.hr\/?product=tamo-gdje-bogovi-odlaze-da-umru-patrik-weiss"},"modified":"2023-02-27T00:18:23","modified_gmt":"2023-02-26T23:18:23","slug":"tamo-gdje-bogovi-odlaze-da-umru-patrik-weiss","status":"publish","type":"product","link":"https:\/\/webknjizara.hr\/en\/proizvod\/tamo-gdje-bogovi-odlaze-da-umru-patrik-weiss\/","title":{"rendered":"TAMO GDJE BOGOVI ODLAZE DA UMRU, Patrik Weiss"},"content":{"rendered":"<p><strong>Sa\u017eetak:<\/strong><\/p>\n<p>Ova zbirka poezije nastoji oglasiti deteritorijalnost nositelja jezika. Ona gleda iskosa, nastoje\u0107i se odmaknuti od ustaljenih i ustajalih formi jezika. Prije svega, ova zbirka poezije mogla bi se odrediti kao susret praznine smisla i ni\u0161tavnosti jezika s puno\u0107om koju predstavlja Bog. Ne samo da ova zbirka zapo\u010dinje s neodre\u0111eno\u0161\u0107u kao svojim nosivim motivom, ve\u0107 se svakim retkom pribli\u017eava sve ve\u0107oj bipolarnosti pogleda. Tako\u0111er, objekt ove knjige, kao ni njezini tihi uzroci, nisu niti ontologija niti svjetovna dru\u0161tvenost, ve\u0107 ukupnost ba\u010denosti \u2013 nemogu\u0107a potraga i sukob s rasplinutim temeljem. Kao takva, ova zbirka ostaje uvijek na razini poku\u0161aja \u2013 poku\u0161aja da se ne\u0161to iska\u017ee, oglasi, privede k sebi. Isto tako, ova knjiga je i istovremena konstatacija nemo\u0107i, usprkos svakom poku\u0161aju, da se i\u0161ta, ikako odredi, da se ijedno iskustvo mo\u017ee nazvati i iskusiti samim sobom. Na kraju krajeva, ovo je knjiga koja bi kao svoju krajnju svrhu imala otvoriti se ranjivosti, dopustiti mirne du\u0161e prodor temeljne nemo\u0107nosti u ne\u0161to \u0161to se ina\u010de krivo ozna\u010dava kao vlastita bit bi\u0107a. Naposljetku, ova knjiga je zaziv Boga kao odgovora i ljutnja na istoga zbog njegove temeljne, istovjetne \u010dovjeku nemogu\u0107nosti da bude odgovor. Iako simetri\u010dno druk\u010dije postojanje, ova knjiga nastoji dotaknuti i pribli\u017eiti nit koja spaja Boga i \u010dovjeka u obostranom raspadaju\u0107em i iskonski nejasnom postojanju. Nit Ni\u0161tina, nit Esencija \u2013 Bogovi kao i ljudi prepu\u0161teni su na muci i trpljenju iste te\u017eine bipolarnosti \u017eivota.<\/p>\n<p><strong>Bilje\u0161ka o autoru:<\/strong><\/p>\n<p>Patrik Weiss ro\u0111en je u Rijeci 1. svibnja 1996. godine. Filantrop. Trenutno je student zavr\u0161ne godine diplomskog studija kulturologije na Filozofskom fakultetu u Rijeci. Nema pojma kako \u0107e se nakon faksa prehranjivati. Objavljuje poeziju i eseje u raznim Internet \u010dasopisima i na raznim portalima posve\u0107enim knji\u017eevnosti. Ne preferira odre\u0111en stil, zala\u017ee se za slobodu izraza i inovaciju u pisanoj rije\u010di. Osim poezije i eseja, pi\u0161e i kra\u0107u prozu te drame. Obimnije prozno djelo je me\u0111utim u planu, no vrijeme ga uvijek uspije pretje\u010di. Do sada je objavio \u0161est knjiga poezije. (<em>\u0160utnja je zlato i ostale\u00a0<\/em><em>\u017eivotne la\u017ei<\/em> 2017.,Redak, <em>Purpurni oblaci<\/em> 2018.,Redak, <em>Le Nouvel Etat<\/em> 2018., Redak,<em> I papiga mo\u017ee\u00a0<\/em><em>ponavljati<\/em> 2018. UNSP, <em>S kand\u017eama na o\u010dima<\/em> 2019. Redak, <em>An\u0111eo u kamenolomu<\/em> 2020., -pobjedni\u010dki rukopis u sklopu Troknji\u017eja izdava\u010da UNSP). \u017divotni san mu je postati b\u00e9b\u00e9 terrible knji\u017eevnosti, a isto tako zna da se to ne postaje. U su\u0161tini, onaj koji se osje\u0107a kao apatrid s koferom punim rije\u010di<\/p>\n<p><strong>Klju\u010dne rije\u010di:<\/strong> Praznina, Bog, nemogu\u0107nost, pjevanje, ti\u0161ina, ranjivost, nemo\u0107, gadljivost, tuga, \u017ealost, nemirna radost, neologizam, za\u010dudnost, spokoj, trpljenje<\/p>\n<p><strong>E-mail:<\/strong> <a href=\"mailto:patrikweiss10@gmail.com\" target=\"_blank\" rel=\"noopener noreferrer\">Patrik Weiss\u00a0<\/a><\/p>\n<p>\u00a0<\/p>\n<p><strong>Naslov:<\/strong> Tamo gdje bogovi odlaze da umru<br \/><strong>Autor:<\/strong> Patrik Weiss<br \/><strong>Broj stranica:<\/strong> 96<br \/><strong>Nakladnik:<\/strong> REDAK<br \/><strong>Godina izdanja:<\/strong> 2021.<br \/><strong>ISBN:<\/strong> 978-953-336-746-0<br \/><strong>Tisak:<\/strong> digitalni tisak knjiga &#8211; print na zahtjev<\/p>\n<p>\u00a0<\/p>\n<p><strong>Kako naru\u010diti knjigu?\u00a0<\/strong>Proces online kupovine jednako funkcionira za sve kupce, s jedinom razlikom u tome \u0161to \u0161to kupci iz inozemstva za podru\u010dje dostave moraju odabrati &#8220;Europa&#8221; ili &#8220;Ostale zemlje svijeta&#8221;, a za vrstu pla\u0107anja WSPay (kreditna kartica) ili Virmanom (bankovni transfer).<\/p>\n<p style=\"text-align: justify;\">Molimo kliknite ovdje za\u00a0<a href=\"hr\/kako-kupovati\">detaljni vodi\u010d kroz proces narud\u017ebe<\/a>\u00a0ili nas\u00a0<a href=\"hr\/kontakt\">kontaktirajte<\/a>\u00a0za vi\u0161e informacija.<\/p>\n","protected":false},"excerpt":{"rendered":"<p>Sa\u017eetak: Ova zbirka poezije nastoji oglasiti deteritorijalnost nositelja jezika. Ona gleda iskosa, nastoje\u0107i se odmaknuti od ustaljenih i ustajalih formi jezika. Prije svega, ova zbirka poezije mogla bi se odrediti kao susret praznine smisla i ni\u0161tavnosti jezika s puno\u0107om koju predstavlja Bog. Ne samo da ova zbirka zapo\u010dinje s neodre\u0111eno\u0161\u0107u kao svojim nosivim motivom, ve\u0107 [&hellip;]<\/p>\n","protected":false},"featured_media":9433,"comment_status":"open","ping_status":"closed","template":"","meta":{"_acf_changed":false},"product_brand":[],"product_cat":[1383,1385,1388],"product_tag":[],"class_list":{"0":"post-9432","1":"product","2":"type-product","3":"status-publish","4":"has-post-thumbnail","6":"product_cat-knjige","7":"product_cat-knjizevnost","8":"product_cat-poezija","9":"pa_autor-patrik-weiss","10":"pa_nakladnik-redak","12":"first","13":"instock","14":"shipping-taxable","15":"purchasable","16":"product-type-simple"},"acf":[],"yoast_head":"<!-- This site is optimized with the Yoast SEO plugin v27.3 - https:\/\/yoast.com\/product\/yoast-seo-wordpress\/ -->\n<title>TAMO GDJE BOGOVI ODLAZE DA UMRU, Patrik Weiss - Web-knji\u017eara<\/title>\n<meta name=\"robots\" content=\"index, follow, max-snippet:-1, max-image-preview:large, max-video-preview:-1\" \/>\n<link rel=\"canonical\" href=\"https:\/\/webknjizara.hr\/proizvod\/tamo-gdje-bogovi-odlaze-da-umru-patrik-weiss\/\" \/>\n<meta property=\"og:locale\" content=\"en_US\" \/>\n<meta property=\"og:type\" content=\"article\" \/>\n<meta property=\"og:title\" content=\"TAMO GDJE BOGOVI ODLAZE DA UMRU, Patrik Weiss - Web-knji\u017eara\" \/>\n<meta property=\"og:description\" content=\"Sa\u017eetak: Ova zbirka poezije nastoji oglasiti deteritorijalnost nositelja jezika. Ona gleda iskosa, nastoje\u0107i se odmaknuti od ustaljenih i ustajalih formi jezika. Prije svega, ova zbirka poezije mogla bi se odrediti kao susret praznine smisla i ni\u0161tavnosti jezika s puno\u0107om koju predstavlja Bog. Ne samo da ova zbirka zapo\u010dinje s neodre\u0111eno\u0161\u0107u kao svojim nosivim motivom, ve\u0107 [&hellip;]\" \/>\n<meta property=\"og:url\" content=\"https:\/\/webknjizara.hr\/proizvod\/tamo-gdje-bogovi-odlaze-da-umru-patrik-weiss\/\" \/>\n<meta property=\"og:site_name\" content=\"Web-knji\u017eara\" \/>\n<meta property=\"article:modified_time\" content=\"2023-02-26T23:18:23+00:00\" \/>\n<meta property=\"og:image\" content=\"https:\/\/webknjizara.hr\/wp-content\/uploads\/nc\/images\/virtuemart\/product\/Patrik_Weiss_Tamo_gdje_bogovi_odlaze_da_umru_webknjizara_redak_WEB_1121.jpg\" \/>\n\t<meta property=\"og:image:width\" content=\"300\" \/>\n\t<meta property=\"og:image:height\" content=\"419\" \/>\n\t<meta property=\"og:image:type\" content=\"image\/jpeg\" \/>\n<meta name=\"twitter:card\" content=\"summary_large_image\" \/>\n<meta name=\"twitter:label1\" content=\"Est. reading time\" \/>\n\t<meta name=\"twitter:data1\" content=\"3 minutes\" \/>\n<script type=\"application\/ld+json\" class=\"yoast-schema-graph\">{\"@context\":\"https:\\\/\\\/schema.org\",\"@graph\":[{\"@type\":\"WebPage\",\"@id\":\"https:\\\/\\\/webknjizara.hr\\\/proizvod\\\/tamo-gdje-bogovi-odlaze-da-umru-patrik-weiss\\\/\",\"url\":\"https:\\\/\\\/webknjizara.hr\\\/proizvod\\\/tamo-gdje-bogovi-odlaze-da-umru-patrik-weiss\\\/\",\"name\":\"TAMO GDJE BOGOVI ODLAZE DA UMRU, Patrik Weiss - Web-knji\u017eara\",\"isPartOf\":{\"@id\":\"https:\\\/\\\/webknjizara.hr\\\/#website\"},\"primaryImageOfPage\":{\"@id\":\"https:\\\/\\\/webknjizara.hr\\\/proizvod\\\/tamo-gdje-bogovi-odlaze-da-umru-patrik-weiss\\\/#primaryimage\"},\"image\":{\"@id\":\"https:\\\/\\\/webknjizara.hr\\\/proizvod\\\/tamo-gdje-bogovi-odlaze-da-umru-patrik-weiss\\\/#primaryimage\"},\"thumbnailUrl\":\"https:\\\/\\\/webknjizara.hr\\\/wp-content\\\/uploads\\\/nc\\\/images\\\/virtuemart\\\/product\\\/Patrik_Weiss_Tamo_gdje_bogovi_odlaze_da_umru_webknjizara_redak_WEB_1121.jpg\",\"datePublished\":\"2021-03-11T12:11:34+00:00\",\"dateModified\":\"2023-02-26T23:18:23+00:00\",\"breadcrumb\":{\"@id\":\"https:\\\/\\\/webknjizara.hr\\\/proizvod\\\/tamo-gdje-bogovi-odlaze-da-umru-patrik-weiss\\\/#breadcrumb\"},\"inLanguage\":\"en-US\",\"potentialAction\":[{\"@type\":\"ReadAction\",\"target\":[\"https:\\\/\\\/webknjizara.hr\\\/proizvod\\\/tamo-gdje-bogovi-odlaze-da-umru-patrik-weiss\\\/\"]}]},{\"@type\":\"ImageObject\",\"inLanguage\":\"en-US\",\"@id\":\"https:\\\/\\\/webknjizara.hr\\\/proizvod\\\/tamo-gdje-bogovi-odlaze-da-umru-patrik-weiss\\\/#primaryimage\",\"url\":\"https:\\\/\\\/webknjizara.hr\\\/wp-content\\\/uploads\\\/nc\\\/images\\\/virtuemart\\\/product\\\/Patrik_Weiss_Tamo_gdje_bogovi_odlaze_da_umru_webknjizara_redak_WEB_1121.jpg\",\"contentUrl\":\"https:\\\/\\\/webknjizara.hr\\\/wp-content\\\/uploads\\\/nc\\\/images\\\/virtuemart\\\/product\\\/Patrik_Weiss_Tamo_gdje_bogovi_odlaze_da_umru_webknjizara_redak_WEB_1121.jpg\",\"width\":300,\"height\":419,\"caption\":\"TAMO GDJE BOGOVI ODLAZE DA UMRU, Patrik Weiss\"},{\"@type\":\"BreadcrumbList\",\"@id\":\"https:\\\/\\\/webknjizara.hr\\\/proizvod\\\/tamo-gdje-bogovi-odlaze-da-umru-patrik-weiss\\\/#breadcrumb\",\"itemListElement\":[{\"@type\":\"ListItem\",\"position\":1,\"name\":\"Po\u010detna stranica\",\"item\":\"https:\\\/\\\/webknjizara.hr\\\/en\\\/\"},{\"@type\":\"ListItem\",\"position\":2,\"name\":\"Shop\",\"item\":\"https:\\\/\\\/webknjizara.hr\\\/shop\\\/\"},{\"@type\":\"ListItem\",\"position\":3,\"name\":\"TAMO GDJE BOGOVI ODLAZE DA UMRU, Patrik Weiss\"}]},{\"@type\":\"WebSite\",\"@id\":\"https:\\\/\\\/webknjizara.hr\\\/#website\",\"url\":\"https:\\\/\\\/webknjizara.hr\\\/\",\"name\":\"Web Knji\u017eara\",\"description\":\"\",\"publisher\":{\"@id\":\"https:\\\/\\\/webknjizara.hr\\\/#organization\"},\"potentialAction\":[{\"@type\":\"SearchAction\",\"target\":{\"@type\":\"EntryPoint\",\"urlTemplate\":\"https:\\\/\\\/webknjizara.hr\\\/?s={search_term_string}\"},\"query-input\":{\"@type\":\"PropertyValueSpecification\",\"valueRequired\":true,\"valueName\":\"search_term_string\"}}],\"inLanguage\":\"en-US\"},{\"@type\":\"Organization\",\"@id\":\"https:\\\/\\\/webknjizara.hr\\\/#organization\",\"name\":\"REDAK D.O.O.\",\"url\":\"https:\\\/\\\/webknjizara.hr\\\/\",\"logo\":{\"@type\":\"ImageObject\",\"inLanguage\":\"en-US\",\"@id\":\"https:\\\/\\\/webknjizara.hr\\\/#\\\/schema\\\/logo\\\/image\\\/\",\"url\":\"https:\\\/\\\/webknjizara.hr\\\/wp-content\\\/uploads\\\/2023\\\/01\\\/web-knjizara-logo.webp\",\"contentUrl\":\"https:\\\/\\\/webknjizara.hr\\\/wp-content\\\/uploads\\\/2023\\\/01\\\/web-knjizara-logo.webp\",\"width\":324,\"height\":79,\"caption\":\"REDAK D.O.O.\"},\"image\":{\"@id\":\"https:\\\/\\\/webknjizara.hr\\\/#\\\/schema\\\/logo\\\/image\\\/\"}}]}<\/script>\n<!-- \/ Yoast SEO plugin. -->","yoast_head_json":{"title":"TAMO GDJE BOGOVI ODLAZE DA UMRU, Patrik Weiss - Web-knji\u017eara","robots":{"index":"index","follow":"follow","max-snippet":"max-snippet:-1","max-image-preview":"max-image-preview:large","max-video-preview":"max-video-preview:-1"},"canonical":"https:\/\/webknjizara.hr\/proizvod\/tamo-gdje-bogovi-odlaze-da-umru-patrik-weiss\/","og_locale":"en_US","og_type":"article","og_title":"TAMO GDJE BOGOVI ODLAZE DA UMRU, Patrik Weiss - Web-knji\u017eara","og_description":"Sa\u017eetak: Ova zbirka poezije nastoji oglasiti deteritorijalnost nositelja jezika. Ona gleda iskosa, nastoje\u0107i se odmaknuti od ustaljenih i ustajalih formi jezika. Prije svega, ova zbirka poezije mogla bi se odrediti kao susret praznine smisla i ni\u0161tavnosti jezika s puno\u0107om koju predstavlja Bog. Ne samo da ova zbirka zapo\u010dinje s neodre\u0111eno\u0161\u0107u kao svojim nosivim motivom, ve\u0107 [&hellip;]","og_url":"https:\/\/webknjizara.hr\/proizvod\/tamo-gdje-bogovi-odlaze-da-umru-patrik-weiss\/","og_site_name":"Web-knji\u017eara","article_modified_time":"2023-02-26T23:18:23+00:00","og_image":[{"width":300,"height":419,"url":"https:\/\/webknjizara.hr\/wp-content\/uploads\/nc\/images\/virtuemart\/product\/Patrik_Weiss_Tamo_gdje_bogovi_odlaze_da_umru_webknjizara_redak_WEB_1121.jpg","type":"image\/jpeg"}],"twitter_card":"summary_large_image","twitter_misc":{"Est. reading time":"3 minutes"},"schema":{"@context":"https:\/\/schema.org","@graph":[{"@type":"WebPage","@id":"https:\/\/webknjizara.hr\/proizvod\/tamo-gdje-bogovi-odlaze-da-umru-patrik-weiss\/","url":"https:\/\/webknjizara.hr\/proizvod\/tamo-gdje-bogovi-odlaze-da-umru-patrik-weiss\/","name":"TAMO GDJE BOGOVI ODLAZE DA UMRU, Patrik Weiss - Web-knji\u017eara","isPartOf":{"@id":"https:\/\/webknjizara.hr\/#website"},"primaryImageOfPage":{"@id":"https:\/\/webknjizara.hr\/proizvod\/tamo-gdje-bogovi-odlaze-da-umru-patrik-weiss\/#primaryimage"},"image":{"@id":"https:\/\/webknjizara.hr\/proizvod\/tamo-gdje-bogovi-odlaze-da-umru-patrik-weiss\/#primaryimage"},"thumbnailUrl":"https:\/\/webknjizara.hr\/wp-content\/uploads\/nc\/images\/virtuemart\/product\/Patrik_Weiss_Tamo_gdje_bogovi_odlaze_da_umru_webknjizara_redak_WEB_1121.jpg","datePublished":"2021-03-11T12:11:34+00:00","dateModified":"2023-02-26T23:18:23+00:00","breadcrumb":{"@id":"https:\/\/webknjizara.hr\/proizvod\/tamo-gdje-bogovi-odlaze-da-umru-patrik-weiss\/#breadcrumb"},"inLanguage":"en-US","potentialAction":[{"@type":"ReadAction","target":["https:\/\/webknjizara.hr\/proizvod\/tamo-gdje-bogovi-odlaze-da-umru-patrik-weiss\/"]}]},{"@type":"ImageObject","inLanguage":"en-US","@id":"https:\/\/webknjizara.hr\/proizvod\/tamo-gdje-bogovi-odlaze-da-umru-patrik-weiss\/#primaryimage","url":"https:\/\/webknjizara.hr\/wp-content\/uploads\/nc\/images\/virtuemart\/product\/Patrik_Weiss_Tamo_gdje_bogovi_odlaze_da_umru_webknjizara_redak_WEB_1121.jpg","contentUrl":"https:\/\/webknjizara.hr\/wp-content\/uploads\/nc\/images\/virtuemart\/product\/Patrik_Weiss_Tamo_gdje_bogovi_odlaze_da_umru_webknjizara_redak_WEB_1121.jpg","width":300,"height":419,"caption":"TAMO GDJE BOGOVI ODLAZE DA UMRU, Patrik Weiss"},{"@type":"BreadcrumbList","@id":"https:\/\/webknjizara.hr\/proizvod\/tamo-gdje-bogovi-odlaze-da-umru-patrik-weiss\/#breadcrumb","itemListElement":[{"@type":"ListItem","position":1,"name":"Po\u010detna stranica","item":"https:\/\/webknjizara.hr\/en\/"},{"@type":"ListItem","position":2,"name":"Shop","item":"https:\/\/webknjizara.hr\/shop\/"},{"@type":"ListItem","position":3,"name":"TAMO GDJE BOGOVI ODLAZE DA UMRU, Patrik Weiss"}]},{"@type":"WebSite","@id":"https:\/\/webknjizara.hr\/#website","url":"https:\/\/webknjizara.hr\/","name":"Web Knji\u017eara","description":"","publisher":{"@id":"https:\/\/webknjizara.hr\/#organization"},"potentialAction":[{"@type":"SearchAction","target":{"@type":"EntryPoint","urlTemplate":"https:\/\/webknjizara.hr\/?s={search_term_string}"},"query-input":{"@type":"PropertyValueSpecification","valueRequired":true,"valueName":"search_term_string"}}],"inLanguage":"en-US"},{"@type":"Organization","@id":"https:\/\/webknjizara.hr\/#organization","name":"REDAK D.O.O.","url":"https:\/\/webknjizara.hr\/","logo":{"@type":"ImageObject","inLanguage":"en-US","@id":"https:\/\/webknjizara.hr\/#\/schema\/logo\/image\/","url":"https:\/\/webknjizara.hr\/wp-content\/uploads\/2023\/01\/web-knjizara-logo.webp","contentUrl":"https:\/\/webknjizara.hr\/wp-content\/uploads\/2023\/01\/web-knjizara-logo.webp","width":324,"height":79,"caption":"REDAK D.O.O."},"image":{"@id":"https:\/\/webknjizara.hr\/#\/schema\/logo\/image\/"}}]}},"_links":{"self":[{"href":"https:\/\/webknjizara.hr\/en\/wp-json\/wp\/v2\/product\/9432","targetHints":{"allow":["GET"]}}],"collection":[{"href":"https:\/\/webknjizara.hr\/en\/wp-json\/wp\/v2\/product"}],"about":[{"href":"https:\/\/webknjizara.hr\/en\/wp-json\/wp\/v2\/types\/product"}],"replies":[{"embeddable":true,"href":"https:\/\/webknjizara.hr\/en\/wp-json\/wp\/v2\/comments?post=9432"}],"wp:featuredmedia":[{"embeddable":true,"href":"https:\/\/webknjizara.hr\/en\/wp-json\/wp\/v2\/media\/9433"}],"wp:attachment":[{"href":"https:\/\/webknjizara.hr\/en\/wp-json\/wp\/v2\/media?parent=9432"}],"wp:term":[{"taxonomy":"product_brand","embeddable":true,"href":"https:\/\/webknjizara.hr\/en\/wp-json\/wp\/v2\/product_brand?post=9432"},{"taxonomy":"product_cat","embeddable":true,"href":"https:\/\/webknjizara.hr\/en\/wp-json\/wp\/v2\/product_cat?post=9432"},{"taxonomy":"product_tag","embeddable":true,"href":"https:\/\/webknjizara.hr\/en\/wp-json\/wp\/v2\/product_tag?post=9432"}],"curies":[{"name":"wp","href":"https:\/\/api.w.org\/{rel}","templated":true}]}}