{"id":9420,"date":"2021-03-02T15:17:13","date_gmt":"2021-03-02T15:17:13","guid":{"rendered":"https:\/\/webknjizara.hr\/?product=nas-vrsnjak-dylan-dog-1986-2016-dinko-kreho"},"modified":"2023-02-27T00:18:21","modified_gmt":"2023-02-26T23:18:21","slug":"nas-vrsnjak-dylan-dog-1986-2016-dinko-kreho","status":"publish","type":"product","link":"https:\/\/webknjizara.hr\/en\/proizvod\/nas-vrsnjak-dylan-dog-1986-2016-dinko-kreho\/","title":{"rendered":"NA\u0160 VR\u0160NJAK DYLAN DOG (1986-2016), Dinko Kreho"},"content":{"rendered":"<p><strong>Sa\u017eetak:<\/strong><\/p>\n<p>Britko i duhovito pisana pripovijest o stripu koji je obilje\u017eio generacije, hitu talijanske \u0161kole, Bonellijevom Dylanu Dogu. Za fanove serijala knjiga donosi nova \u010ditanja, neortodoksan izbor epizoda, i njihovo promi\u0161ljanje unutar specifi\u010dnog konteksta SFRJ i dr\u017eava koje su je naslijedile. Oni, pak, koji ovaj strip nikad nisu imali u rukama u Krehinoj \u0107e autobiografski obojenoj knjizi mo\u0107i prona\u0107i raznovrsne i uzbudljive uvide u dru\u0161tvene silnice koje su oblikovale na\u0161e \u017eivote u protekle tri decenije &#8211; a mo\u017eda i povod da daju priliku i samom Dylanu Dogu.<\/p>\n<p><strong>Bilje\u0161ka o autoru:<\/strong><\/p>\n<p>Dinko Kreho pi\u0161e i objavljuje eseje, poeziju, knji\u017eevnu kritiku i kratku prozu, te prevodi s francuskog jezika. Dosad je objavio tri pjesni\u010dke i jednu esejisti\u010dku knjigu, kao i jednu radio dramu (u koautorstvu). Trenutno \u017eivi u Zagrebu kao slobodni autor.<\/p>\n<p><strong>Klju\u010dne rije\u010di:<\/strong> Dylan Dog; strip; Bonelli; strip u SFRJ; strip u Hrvatskoj<\/p>\n<p><strong>Link:<\/strong> <a href=\"https:\/\/hrvatskodrustvopisaca.hr\/hr\/clanstvo\/clan\/dinko-kreho\" target=\"_blank\" rel=\"noopener noreferrer\">https:\/\/hrvatskodrustvopisaca.hr\/hr\/clanstvo\/clan\/dinko-kreho<\/a><\/p>\n<p><\/p>\n<p><strong>Naslov:<\/strong> Na\u0161 vr\u0161njak Dylan Dog (1986-2016)<br \/><strong>Autor:<\/strong> Dinko Kreho<br \/><strong>Broj stranica:<\/strong> 110<br \/><strong>Nakladnik:<\/strong> Redak<br \/><strong>Godina izdanja:<\/strong> 2021.<br \/><strong>ISBN:<\/strong> 978-953-336-747-7<br \/><strong>Tisak:<\/strong> digitalni tisak knjiga &#8211; print na zahtjev<\/p>\n<p>\u00a0<\/p>\n<p><strong>Kako naru\u010diti knjigu?\u00a0<\/strong>Proces online kupovine jednako funkcionira za sve kupce, s jedinom razlikom u tome \u0161to \u0161to kupci iz inozemstva za podru\u010dje dostave moraju odabrati &#8220;Europa&#8221; ili &#8220;Ostale zemlje svijeta&#8221;, a za vrstu pla\u0107anja WSPay (kreditna kartica) ili Virmanom (bankovni transfer).<\/p>\n<p style=\"text-align: justify;\">Molimo kliknite ovdje za\u00a0<a href=\"hr\/kako-kupovati\">detaljni vodi\u010d kroz proces narud\u017ebe<\/a>\u00a0ili nas\u00a0<a href=\"hr\/kontakt\">kontaktirajte<\/a>\u00a0za vi\u0161e informacija.<\/p>\n","protected":false},"excerpt":{"rendered":"<p>Sa\u017eetak: Britko i duhovito pisana pripovijest o stripu koji je obilje\u017eio generacije, hitu talijanske \u0161kole, Bonellijevom Dylanu Dogu. Za fanove serijala knjiga donosi nova \u010ditanja, neortodoksan izbor epizoda, i njihovo promi\u0161ljanje unutar specifi\u010dnog konteksta SFRJ i dr\u017eava koje su je naslijedile. Oni, pak, koji ovaj strip nikad nisu imali u rukama u Krehinoj \u0107e autobiografski [&hellip;]<\/p>\n","protected":false},"featured_media":9421,"comment_status":"open","ping_status":"closed","template":"","meta":{"_acf_changed":false},"product_brand":[],"product_cat":[1383,1385],"product_tag":[],"class_list":{"0":"post-9420","1":"product","2":"type-product","3":"status-publish","4":"has-post-thumbnail","6":"product_cat-knjige","7":"product_cat-knjizevnost","8":"pa_autor-dinko-kreho","9":"pa_nakladnik-redak","11":"first","12":"instock","13":"shipping-taxable","14":"purchasable","15":"product-type-simple"},"acf":[],"yoast_head":"<!-- This site is optimized with the Yoast SEO plugin v27.3 - https:\/\/yoast.com\/product\/yoast-seo-wordpress\/ -->\n<title>NA\u0160 VR\u0160NJAK DYLAN DOG (1986-2016), Dinko Kreho - Web-knji\u017eara<\/title>\n<meta name=\"robots\" content=\"index, follow, max-snippet:-1, max-image-preview:large, max-video-preview:-1\" \/>\n<link rel=\"canonical\" href=\"https:\/\/webknjizara.hr\/proizvod\/nas-vrsnjak-dylan-dog-1986-2016-dinko-kreho\/\" \/>\n<meta property=\"og:locale\" content=\"en_US\" \/>\n<meta property=\"og:type\" content=\"article\" \/>\n<meta property=\"og:title\" content=\"NA\u0160 VR\u0160NJAK DYLAN DOG (1986-2016), Dinko Kreho - Web-knji\u017eara\" \/>\n<meta property=\"og:description\" content=\"Sa\u017eetak: Britko i duhovito pisana pripovijest o stripu koji je obilje\u017eio generacije, hitu talijanske \u0161kole, Bonellijevom Dylanu Dogu. Za fanove serijala knjiga donosi nova \u010ditanja, neortodoksan izbor epizoda, i njihovo promi\u0161ljanje unutar specifi\u010dnog konteksta SFRJ i dr\u017eava koje su je naslijedile. Oni, pak, koji ovaj strip nikad nisu imali u rukama u Krehinoj \u0107e autobiografski [&hellip;]\" \/>\n<meta property=\"og:url\" content=\"https:\/\/webknjizara.hr\/proizvod\/nas-vrsnjak-dylan-dog-1986-2016-dinko-kreho\/\" \/>\n<meta property=\"og:site_name\" content=\"Web-knji\u017eara\" \/>\n<meta property=\"article:modified_time\" content=\"2023-02-26T23:18:21+00:00\" \/>\n<meta property=\"og:image\" content=\"https:\/\/webknjizara.hr\/wp-content\/uploads\/nc\/images\/virtuemart\/product\/Dinko_Kreho__Nas_vrsnjak_Dylan_Dog_1986-2016_webknjizara_redak_WEB_1122.jpg\" \/>\n\t<meta property=\"og:image:width\" content=\"300\" \/>\n\t<meta property=\"og:image:height\" content=\"419\" \/>\n\t<meta property=\"og:image:type\" content=\"image\/jpeg\" \/>\n<meta name=\"twitter:card\" content=\"summary_large_image\" \/>\n<meta name=\"twitter:label1\" content=\"Est. reading time\" \/>\n\t<meta name=\"twitter:data1\" content=\"1 minute\" \/>\n<script type=\"application\/ld+json\" class=\"yoast-schema-graph\">{\"@context\":\"https:\\\/\\\/schema.org\",\"@graph\":[{\"@type\":\"WebPage\",\"@id\":\"https:\\\/\\\/webknjizara.hr\\\/proizvod\\\/nas-vrsnjak-dylan-dog-1986-2016-dinko-kreho\\\/\",\"url\":\"https:\\\/\\\/webknjizara.hr\\\/proizvod\\\/nas-vrsnjak-dylan-dog-1986-2016-dinko-kreho\\\/\",\"name\":\"NA\u0160 VR\u0160NJAK DYLAN DOG (1986-2016), Dinko Kreho - Web-knji\u017eara\",\"isPartOf\":{\"@id\":\"https:\\\/\\\/webknjizara.hr\\\/#website\"},\"primaryImageOfPage\":{\"@id\":\"https:\\\/\\\/webknjizara.hr\\\/proizvod\\\/nas-vrsnjak-dylan-dog-1986-2016-dinko-kreho\\\/#primaryimage\"},\"image\":{\"@id\":\"https:\\\/\\\/webknjizara.hr\\\/proizvod\\\/nas-vrsnjak-dylan-dog-1986-2016-dinko-kreho\\\/#primaryimage\"},\"thumbnailUrl\":\"https:\\\/\\\/webknjizara.hr\\\/wp-content\\\/uploads\\\/nc\\\/images\\\/virtuemart\\\/product\\\/Dinko_Kreho__Nas_vrsnjak_Dylan_Dog_1986-2016_webknjizara_redak_WEB_1122.jpg\",\"datePublished\":\"2021-03-02T15:17:13+00:00\",\"dateModified\":\"2023-02-26T23:18:21+00:00\",\"breadcrumb\":{\"@id\":\"https:\\\/\\\/webknjizara.hr\\\/proizvod\\\/nas-vrsnjak-dylan-dog-1986-2016-dinko-kreho\\\/#breadcrumb\"},\"inLanguage\":\"en-US\",\"potentialAction\":[{\"@type\":\"ReadAction\",\"target\":[\"https:\\\/\\\/webknjizara.hr\\\/proizvod\\\/nas-vrsnjak-dylan-dog-1986-2016-dinko-kreho\\\/\"]}]},{\"@type\":\"ImageObject\",\"inLanguage\":\"en-US\",\"@id\":\"https:\\\/\\\/webknjizara.hr\\\/proizvod\\\/nas-vrsnjak-dylan-dog-1986-2016-dinko-kreho\\\/#primaryimage\",\"url\":\"https:\\\/\\\/webknjizara.hr\\\/wp-content\\\/uploads\\\/nc\\\/images\\\/virtuemart\\\/product\\\/Dinko_Kreho__Nas_vrsnjak_Dylan_Dog_1986-2016_webknjizara_redak_WEB_1122.jpg\",\"contentUrl\":\"https:\\\/\\\/webknjizara.hr\\\/wp-content\\\/uploads\\\/nc\\\/images\\\/virtuemart\\\/product\\\/Dinko_Kreho__Nas_vrsnjak_Dylan_Dog_1986-2016_webknjizara_redak_WEB_1122.jpg\",\"width\":300,\"height\":419,\"caption\":\"NA\u0160 VR\u0160NJAK DYLAN DOG (1986-2016), Dinko Kreho\"},{\"@type\":\"BreadcrumbList\",\"@id\":\"https:\\\/\\\/webknjizara.hr\\\/proizvod\\\/nas-vrsnjak-dylan-dog-1986-2016-dinko-kreho\\\/#breadcrumb\",\"itemListElement\":[{\"@type\":\"ListItem\",\"position\":1,\"name\":\"Po\u010detna stranica\",\"item\":\"https:\\\/\\\/webknjizara.hr\\\/en\\\/\"},{\"@type\":\"ListItem\",\"position\":2,\"name\":\"Shop\",\"item\":\"https:\\\/\\\/webknjizara.hr\\\/shop\\\/\"},{\"@type\":\"ListItem\",\"position\":3,\"name\":\"NA\u0160 VR\u0160NJAK DYLAN DOG (1986-2016), Dinko Kreho\"}]},{\"@type\":\"WebSite\",\"@id\":\"https:\\\/\\\/webknjizara.hr\\\/#website\",\"url\":\"https:\\\/\\\/webknjizara.hr\\\/\",\"name\":\"Web Knji\u017eara\",\"description\":\"\",\"publisher\":{\"@id\":\"https:\\\/\\\/webknjizara.hr\\\/#organization\"},\"potentialAction\":[{\"@type\":\"SearchAction\",\"target\":{\"@type\":\"EntryPoint\",\"urlTemplate\":\"https:\\\/\\\/webknjizara.hr\\\/?s={search_term_string}\"},\"query-input\":{\"@type\":\"PropertyValueSpecification\",\"valueRequired\":true,\"valueName\":\"search_term_string\"}}],\"inLanguage\":\"en-US\"},{\"@type\":\"Organization\",\"@id\":\"https:\\\/\\\/webknjizara.hr\\\/#organization\",\"name\":\"REDAK D.O.O.\",\"url\":\"https:\\\/\\\/webknjizara.hr\\\/\",\"logo\":{\"@type\":\"ImageObject\",\"inLanguage\":\"en-US\",\"@id\":\"https:\\\/\\\/webknjizara.hr\\\/#\\\/schema\\\/logo\\\/image\\\/\",\"url\":\"https:\\\/\\\/webknjizara.hr\\\/wp-content\\\/uploads\\\/2023\\\/01\\\/web-knjizara-logo.webp\",\"contentUrl\":\"https:\\\/\\\/webknjizara.hr\\\/wp-content\\\/uploads\\\/2023\\\/01\\\/web-knjizara-logo.webp\",\"width\":324,\"height\":79,\"caption\":\"REDAK D.O.O.\"},\"image\":{\"@id\":\"https:\\\/\\\/webknjizara.hr\\\/#\\\/schema\\\/logo\\\/image\\\/\"}}]}<\/script>\n<!-- \/ Yoast SEO plugin. -->","yoast_head_json":{"title":"NA\u0160 VR\u0160NJAK DYLAN DOG (1986-2016), Dinko Kreho - Web-knji\u017eara","robots":{"index":"index","follow":"follow","max-snippet":"max-snippet:-1","max-image-preview":"max-image-preview:large","max-video-preview":"max-video-preview:-1"},"canonical":"https:\/\/webknjizara.hr\/proizvod\/nas-vrsnjak-dylan-dog-1986-2016-dinko-kreho\/","og_locale":"en_US","og_type":"article","og_title":"NA\u0160 VR\u0160NJAK DYLAN DOG (1986-2016), Dinko Kreho - Web-knji\u017eara","og_description":"Sa\u017eetak: Britko i duhovito pisana pripovijest o stripu koji je obilje\u017eio generacije, hitu talijanske \u0161kole, Bonellijevom Dylanu Dogu. Za fanove serijala knjiga donosi nova \u010ditanja, neortodoksan izbor epizoda, i njihovo promi\u0161ljanje unutar specifi\u010dnog konteksta SFRJ i dr\u017eava koje su je naslijedile. Oni, pak, koji ovaj strip nikad nisu imali u rukama u Krehinoj \u0107e autobiografski [&hellip;]","og_url":"https:\/\/webknjizara.hr\/proizvod\/nas-vrsnjak-dylan-dog-1986-2016-dinko-kreho\/","og_site_name":"Web-knji\u017eara","article_modified_time":"2023-02-26T23:18:21+00:00","og_image":[{"width":300,"height":419,"url":"https:\/\/webknjizara.hr\/wp-content\/uploads\/nc\/images\/virtuemart\/product\/Dinko_Kreho__Nas_vrsnjak_Dylan_Dog_1986-2016_webknjizara_redak_WEB_1122.jpg","type":"image\/jpeg"}],"twitter_card":"summary_large_image","twitter_misc":{"Est. reading time":"1 minute"},"schema":{"@context":"https:\/\/schema.org","@graph":[{"@type":"WebPage","@id":"https:\/\/webknjizara.hr\/proizvod\/nas-vrsnjak-dylan-dog-1986-2016-dinko-kreho\/","url":"https:\/\/webknjizara.hr\/proizvod\/nas-vrsnjak-dylan-dog-1986-2016-dinko-kreho\/","name":"NA\u0160 VR\u0160NJAK DYLAN DOG (1986-2016), Dinko Kreho - Web-knji\u017eara","isPartOf":{"@id":"https:\/\/webknjizara.hr\/#website"},"primaryImageOfPage":{"@id":"https:\/\/webknjizara.hr\/proizvod\/nas-vrsnjak-dylan-dog-1986-2016-dinko-kreho\/#primaryimage"},"image":{"@id":"https:\/\/webknjizara.hr\/proizvod\/nas-vrsnjak-dylan-dog-1986-2016-dinko-kreho\/#primaryimage"},"thumbnailUrl":"https:\/\/webknjizara.hr\/wp-content\/uploads\/nc\/images\/virtuemart\/product\/Dinko_Kreho__Nas_vrsnjak_Dylan_Dog_1986-2016_webknjizara_redak_WEB_1122.jpg","datePublished":"2021-03-02T15:17:13+00:00","dateModified":"2023-02-26T23:18:21+00:00","breadcrumb":{"@id":"https:\/\/webknjizara.hr\/proizvod\/nas-vrsnjak-dylan-dog-1986-2016-dinko-kreho\/#breadcrumb"},"inLanguage":"en-US","potentialAction":[{"@type":"ReadAction","target":["https:\/\/webknjizara.hr\/proizvod\/nas-vrsnjak-dylan-dog-1986-2016-dinko-kreho\/"]}]},{"@type":"ImageObject","inLanguage":"en-US","@id":"https:\/\/webknjizara.hr\/proizvod\/nas-vrsnjak-dylan-dog-1986-2016-dinko-kreho\/#primaryimage","url":"https:\/\/webknjizara.hr\/wp-content\/uploads\/nc\/images\/virtuemart\/product\/Dinko_Kreho__Nas_vrsnjak_Dylan_Dog_1986-2016_webknjizara_redak_WEB_1122.jpg","contentUrl":"https:\/\/webknjizara.hr\/wp-content\/uploads\/nc\/images\/virtuemart\/product\/Dinko_Kreho__Nas_vrsnjak_Dylan_Dog_1986-2016_webknjizara_redak_WEB_1122.jpg","width":300,"height":419,"caption":"NA\u0160 VR\u0160NJAK DYLAN DOG (1986-2016), Dinko Kreho"},{"@type":"BreadcrumbList","@id":"https:\/\/webknjizara.hr\/proizvod\/nas-vrsnjak-dylan-dog-1986-2016-dinko-kreho\/#breadcrumb","itemListElement":[{"@type":"ListItem","position":1,"name":"Po\u010detna stranica","item":"https:\/\/webknjizara.hr\/en\/"},{"@type":"ListItem","position":2,"name":"Shop","item":"https:\/\/webknjizara.hr\/shop\/"},{"@type":"ListItem","position":3,"name":"NA\u0160 VR\u0160NJAK DYLAN DOG (1986-2016), Dinko Kreho"}]},{"@type":"WebSite","@id":"https:\/\/webknjizara.hr\/#website","url":"https:\/\/webknjizara.hr\/","name":"Web Knji\u017eara","description":"","publisher":{"@id":"https:\/\/webknjizara.hr\/#organization"},"potentialAction":[{"@type":"SearchAction","target":{"@type":"EntryPoint","urlTemplate":"https:\/\/webknjizara.hr\/?s={search_term_string}"},"query-input":{"@type":"PropertyValueSpecification","valueRequired":true,"valueName":"search_term_string"}}],"inLanguage":"en-US"},{"@type":"Organization","@id":"https:\/\/webknjizara.hr\/#organization","name":"REDAK D.O.O.","url":"https:\/\/webknjizara.hr\/","logo":{"@type":"ImageObject","inLanguage":"en-US","@id":"https:\/\/webknjizara.hr\/#\/schema\/logo\/image\/","url":"https:\/\/webknjizara.hr\/wp-content\/uploads\/2023\/01\/web-knjizara-logo.webp","contentUrl":"https:\/\/webknjizara.hr\/wp-content\/uploads\/2023\/01\/web-knjizara-logo.webp","width":324,"height":79,"caption":"REDAK D.O.O."},"image":{"@id":"https:\/\/webknjizara.hr\/#\/schema\/logo\/image\/"}}]}},"_links":{"self":[{"href":"https:\/\/webknjizara.hr\/en\/wp-json\/wp\/v2\/product\/9420","targetHints":{"allow":["GET"]}}],"collection":[{"href":"https:\/\/webknjizara.hr\/en\/wp-json\/wp\/v2\/product"}],"about":[{"href":"https:\/\/webknjizara.hr\/en\/wp-json\/wp\/v2\/types\/product"}],"replies":[{"embeddable":true,"href":"https:\/\/webknjizara.hr\/en\/wp-json\/wp\/v2\/comments?post=9420"}],"wp:featuredmedia":[{"embeddable":true,"href":"https:\/\/webknjizara.hr\/en\/wp-json\/wp\/v2\/media\/9421"}],"wp:attachment":[{"href":"https:\/\/webknjizara.hr\/en\/wp-json\/wp\/v2\/media?parent=9420"}],"wp:term":[{"taxonomy":"product_brand","embeddable":true,"href":"https:\/\/webknjizara.hr\/en\/wp-json\/wp\/v2\/product_brand?post=9420"},{"taxonomy":"product_cat","embeddable":true,"href":"https:\/\/webknjizara.hr\/en\/wp-json\/wp\/v2\/product_cat?post=9420"},{"taxonomy":"product_tag","embeddable":true,"href":"https:\/\/webknjizara.hr\/en\/wp-json\/wp\/v2\/product_tag?post=9420"}],"curies":[{"name":"wp","href":"https:\/\/api.w.org\/{rel}","templated":true}]}}