{"id":9418,"date":"2021-02-26T10:51:54","date_gmt":"2021-02-26T10:51:54","guid":{"rendered":"https:\/\/webknjizara.hr\/?product=caeldon-neocekivani-obrat-elvira-babic"},"modified":"2023-02-27T00:18:21","modified_gmt":"2023-02-26T23:18:21","slug":"caeldon-neocekivani-obrat-elvira-babic","status":"publish","type":"product","link":"https:\/\/webknjizara.hr\/en\/proizvod\/caeldon-neocekivani-obrat-elvira-babic\/","title":{"rendered":"CAELDON: NEO\u010cEKIVANI OBRAT, Elvira Babi\u0107"},"content":{"rendered":"<p><strong>Sa\u017eetak:<\/strong><\/p>\n<p>Caeldon je najstarija grad-dr\u017eava na svijetu u kojem \u017eivi pet vrsta ljudi: Aquae \u2013 ljudi koji imaju mo\u0107 upravljanja vodom, Terrae \u2013 zemljom, Ignisi \u2013 vatrom, Aerovci \u2013 zrakom i Mancusi \u2013 obi\u010dni ljudi koji ne upravljaju nijednim elementom. Njegovo ime, sastavljeno od latinskih rije\u010di <em>caelum<\/em> (nebo) i <em>donum\u00a0<\/em>(dar), pri\u010da pri\u010du o njegovu osnutku. Nebesko tijelo sru\u0161ilo se u podno\u017eje planine Rismor te, zajedni\u010dkim trudom lokalnih plemena, postalo zidinama prvoga organiziranoga grada na svijetu. Bogovi i bo\u017eice su tada blagoslovili \u010detvero ljudi koji su tijelo prona\u0161li i vodili ljude k udru\u017eenju. Bili su to jedan Ignis, jedan Terra, jedna Aqua i jedna Aerica. Vlast su naslijedila njihova djeca i takva vlast (\u010detiri vo\u0111e od kojih svaki pripada jednome od \u010detiriju elementa) o\u010duvana je do danadana\u0161njega. Nasljednicima je strogo odre\u0111eno da se smiju vjen\u010davati samo s ljudima koji pripadaju istom elementu i to onima koji imaju duga\u010dku lozu pripadnosti tom elementu kako bi se izbjegla djeca koja bi dobila druge mo\u0107i.<\/p>\n<p>Trilogija prati Elidiju, mladu djevojku \u010dija je majka votkinja Terrae. Elidia je jedino dijete svojih roditelja i prva u redu za nasljedstvo, ali postoji problem. Za dva dana puni osamnaesti ro\u0111endan, a jo\u0161 nije dobila svoje zemljane mo\u0107i. Kao Mancusica nema pravo na nasljedstvo te se polako miri sa svojom sudbinom koja nije ona za koju je odgajana. Jutro prije svoga osamnaestog ro\u0111endana, ona se budi u poplavljenoj sobi i shva\u0107a da je ipak dobila mo\u0107i, ali ne one koje je mislila da \u0107e dobiti. Slijedi propitkivanje, ali i bje\u017eanje i strah od odgovora. Vi\u0161e ne zna \u0161to je u njezinu \u017eivotu la\u017e, a \u0161to istina. Kre\u0107e u potragu za vlastitim identitetom i svrhom u svom novom \u017eivotu, a na putu se susre\u0107e s drugim neo\u010dekivanim obratima.<\/p>\n<p><strong>Bilje\u0161ka o autorici:<\/strong><\/p>\n<p>Elvira Babi\u0107 ro\u0111ena je 14. lipnja 1995. godine u Vinkovcima. Odrasta u \u017dupanji gdje zavr\u0161ava osnovnu i srednju \u0161kolu, a potom upisuje Stomatolo\u0161ki fakultet u Zagrebu koji zavr\u0161ava 2020. godine. Odmalena pi\u0161e pjesme, a Caeldon je prva knjiga koju objavljuje.<\/p>\n<p><strong>Klju\u010dne rije\u010di:<\/strong> fantazija, roman, elementi, vatra, voda, zemlja, zrak, tra\u017eenje sebe, odrastanje, ljubav, narod, du\u017enost<\/p>\n<p><strong>E-mail:<\/strong> <a href=\"mailto:elvirababic@hotmail.com\" target=\"_blank\" rel=\"noopener noreferrer\">Elvira Babi\u0107<br \/><\/a><\/p>\n<p><strong>Naslov:<\/strong> Caeldon: neo\u010dekivani obrat<br \/><strong>Autorica:<\/strong> Elvira Babi\u0107<br \/><strong>Broj stranica:<\/strong> 270<br \/><strong>Nakladnik:<\/strong> REDAK<br \/><strong>Godina izdanja:<\/strong> 2021.<br \/><strong>ISBN:<\/strong> 978-953-336-699-9(CJELINA), 978-953-336-737-8<br \/><strong>Tisak:<\/strong> digitalni tisak knjiga &#8211; print na zahtjev<\/p>\n<p>\u00a0<\/p>\n<p><strong>Kako naru\u010diti knjigu?\u00a0<\/strong>Proces online kupovine jednako funkcionira za sve kupce, s jedinom razlikom u tome \u0161to \u0161to kupci iz inozemstva za podru\u010dje dostave moraju odabrati &#8220;Europa&#8221; ili &#8220;Ostale zemlje svijeta&#8221;, a za vrstu pla\u0107anja WSPay (kreditna kartica) ili Virmanom (bankovni transfer).<\/p>\n<p style=\"text-align: justify;\">Molimo kliknite ovdje za\u00a0<a href=\"hr\/kako-kupovati\">detaljni vodi\u010d kroz proces narud\u017ebe<\/a>\u00a0ili nas\u00a0<a href=\"hr\/kontakt\">kontaktirajte<\/a>\u00a0za vi\u0161e informacija.<\/p>\n","protected":false},"excerpt":{"rendered":"<p>Sa\u017eetak: Caeldon je najstarija grad-dr\u017eava na svijetu u kojem \u017eivi pet vrsta ljudi: Aquae \u2013 ljudi koji imaju mo\u0107 upravljanja vodom, Terrae \u2013 zemljom, Ignisi \u2013 vatrom, Aerovci \u2013 zrakom i Mancusi \u2013 obi\u010dni ljudi koji ne upravljaju nijednim elementom. Njegovo ime, sastavljeno od latinskih rije\u010di caelum (nebo) i donum\u00a0(dar), pri\u010da pri\u010du o njegovu osnutku. [&hellip;]<\/p>\n","protected":false},"featured_media":9419,"comment_status":"open","ping_status":"closed","template":"","meta":{"_acf_changed":false},"product_brand":[],"product_cat":[1383,1385],"product_tag":[],"class_list":{"0":"post-9418","1":"product","2":"type-product","3":"status-publish","4":"has-post-thumbnail","6":"product_cat-knjige","7":"product_cat-knjizevnost","8":"pa_autor-elvira-babic","9":"pa_nakladnik-redak","11":"first","12":"instock","13":"shipping-taxable","14":"purchasable","15":"product-type-simple"},"acf":[],"yoast_head":"<!-- This site is optimized with the Yoast SEO plugin v27.3 - https:\/\/yoast.com\/product\/yoast-seo-wordpress\/ -->\n<title>CAELDON: NEO\u010cEKIVANI OBRAT, Elvira Babi\u0107 - Web-knji\u017eara<\/title>\n<meta name=\"robots\" content=\"index, follow, max-snippet:-1, max-image-preview:large, max-video-preview:-1\" \/>\n<link rel=\"canonical\" href=\"https:\/\/webknjizara.hr\/proizvod\/caeldon-neocekivani-obrat-elvira-babic\/\" \/>\n<meta property=\"og:locale\" content=\"en_US\" \/>\n<meta property=\"og:type\" content=\"article\" \/>\n<meta property=\"og:title\" content=\"CAELDON: NEO\u010cEKIVANI OBRAT, Elvira Babi\u0107 - Web-knji\u017eara\" \/>\n<meta property=\"og:description\" content=\"Sa\u017eetak: Caeldon je najstarija grad-dr\u017eava na svijetu u kojem \u017eivi pet vrsta ljudi: Aquae \u2013 ljudi koji imaju mo\u0107 upravljanja vodom, Terrae \u2013 zemljom, Ignisi \u2013 vatrom, Aerovci \u2013 zrakom i Mancusi \u2013 obi\u010dni ljudi koji ne upravljaju nijednim elementom. Njegovo ime, sastavljeno od latinskih rije\u010di caelum (nebo) i donum\u00a0(dar), pri\u010da pri\u010du o njegovu osnutku. [&hellip;]\" \/>\n<meta property=\"og:url\" content=\"https:\/\/webknjizara.hr\/proizvod\/caeldon-neocekivani-obrat-elvira-babic\/\" \/>\n<meta property=\"og:site_name\" content=\"Web-knji\u017eara\" \/>\n<meta property=\"article:modified_time\" content=\"2023-02-26T23:18:21+00:00\" \/>\n<meta property=\"og:image\" content=\"https:\/\/webknjizara.hr\/wp-content\/uploads\/nc\/images\/virtuemart\/product\/Elvira_Babic_Caeldon_neocekivani_obrat_webknjizara_redak_WEB_1099.jpg\" \/>\n\t<meta property=\"og:image:width\" content=\"300\" \/>\n\t<meta property=\"og:image:height\" content=\"419\" \/>\n\t<meta property=\"og:image:type\" content=\"image\/jpeg\" \/>\n<meta name=\"twitter:card\" content=\"summary_large_image\" \/>\n<meta name=\"twitter:label1\" content=\"Est. reading time\" \/>\n\t<meta name=\"twitter:data1\" content=\"2 minutes\" \/>\n<script type=\"application\/ld+json\" class=\"yoast-schema-graph\">{\"@context\":\"https:\\\/\\\/schema.org\",\"@graph\":[{\"@type\":\"WebPage\",\"@id\":\"https:\\\/\\\/webknjizara.hr\\\/proizvod\\\/caeldon-neocekivani-obrat-elvira-babic\\\/\",\"url\":\"https:\\\/\\\/webknjizara.hr\\\/proizvod\\\/caeldon-neocekivani-obrat-elvira-babic\\\/\",\"name\":\"CAELDON: NEO\u010cEKIVANI OBRAT, Elvira Babi\u0107 - Web-knji\u017eara\",\"isPartOf\":{\"@id\":\"https:\\\/\\\/webknjizara.hr\\\/#website\"},\"primaryImageOfPage\":{\"@id\":\"https:\\\/\\\/webknjizara.hr\\\/proizvod\\\/caeldon-neocekivani-obrat-elvira-babic\\\/#primaryimage\"},\"image\":{\"@id\":\"https:\\\/\\\/webknjizara.hr\\\/proizvod\\\/caeldon-neocekivani-obrat-elvira-babic\\\/#primaryimage\"},\"thumbnailUrl\":\"https:\\\/\\\/webknjizara.hr\\\/wp-content\\\/uploads\\\/nc\\\/images\\\/virtuemart\\\/product\\\/Elvira_Babic_Caeldon_neocekivani_obrat_webknjizara_redak_WEB_1099.jpg\",\"datePublished\":\"2021-02-26T10:51:54+00:00\",\"dateModified\":\"2023-02-26T23:18:21+00:00\",\"breadcrumb\":{\"@id\":\"https:\\\/\\\/webknjizara.hr\\\/proizvod\\\/caeldon-neocekivani-obrat-elvira-babic\\\/#breadcrumb\"},\"inLanguage\":\"en-US\",\"potentialAction\":[{\"@type\":\"ReadAction\",\"target\":[\"https:\\\/\\\/webknjizara.hr\\\/proizvod\\\/caeldon-neocekivani-obrat-elvira-babic\\\/\"]}]},{\"@type\":\"ImageObject\",\"inLanguage\":\"en-US\",\"@id\":\"https:\\\/\\\/webknjizara.hr\\\/proizvod\\\/caeldon-neocekivani-obrat-elvira-babic\\\/#primaryimage\",\"url\":\"https:\\\/\\\/webknjizara.hr\\\/wp-content\\\/uploads\\\/nc\\\/images\\\/virtuemart\\\/product\\\/Elvira_Babic_Caeldon_neocekivani_obrat_webknjizara_redak_WEB_1099.jpg\",\"contentUrl\":\"https:\\\/\\\/webknjizara.hr\\\/wp-content\\\/uploads\\\/nc\\\/images\\\/virtuemart\\\/product\\\/Elvira_Babic_Caeldon_neocekivani_obrat_webknjizara_redak_WEB_1099.jpg\",\"width\":300,\"height\":419,\"caption\":\"CAELDON: NEO\u010cEKIVANI OBRAT, Elvira Babi\u0107\"},{\"@type\":\"BreadcrumbList\",\"@id\":\"https:\\\/\\\/webknjizara.hr\\\/proizvod\\\/caeldon-neocekivani-obrat-elvira-babic\\\/#breadcrumb\",\"itemListElement\":[{\"@type\":\"ListItem\",\"position\":1,\"name\":\"Po\u010detna stranica\",\"item\":\"https:\\\/\\\/webknjizara.hr\\\/en\\\/\"},{\"@type\":\"ListItem\",\"position\":2,\"name\":\"Shop\",\"item\":\"https:\\\/\\\/webknjizara.hr\\\/shop\\\/\"},{\"@type\":\"ListItem\",\"position\":3,\"name\":\"CAELDON: NEO\u010cEKIVANI OBRAT, Elvira Babi\u0107\"}]},{\"@type\":\"WebSite\",\"@id\":\"https:\\\/\\\/webknjizara.hr\\\/#website\",\"url\":\"https:\\\/\\\/webknjizara.hr\\\/\",\"name\":\"Web Knji\u017eara\",\"description\":\"\",\"publisher\":{\"@id\":\"https:\\\/\\\/webknjizara.hr\\\/#organization\"},\"potentialAction\":[{\"@type\":\"SearchAction\",\"target\":{\"@type\":\"EntryPoint\",\"urlTemplate\":\"https:\\\/\\\/webknjizara.hr\\\/?s={search_term_string}\"},\"query-input\":{\"@type\":\"PropertyValueSpecification\",\"valueRequired\":true,\"valueName\":\"search_term_string\"}}],\"inLanguage\":\"en-US\"},{\"@type\":\"Organization\",\"@id\":\"https:\\\/\\\/webknjizara.hr\\\/#organization\",\"name\":\"REDAK D.O.O.\",\"url\":\"https:\\\/\\\/webknjizara.hr\\\/\",\"logo\":{\"@type\":\"ImageObject\",\"inLanguage\":\"en-US\",\"@id\":\"https:\\\/\\\/webknjizara.hr\\\/#\\\/schema\\\/logo\\\/image\\\/\",\"url\":\"https:\\\/\\\/webknjizara.hr\\\/wp-content\\\/uploads\\\/2023\\\/01\\\/web-knjizara-logo.webp\",\"contentUrl\":\"https:\\\/\\\/webknjizara.hr\\\/wp-content\\\/uploads\\\/2023\\\/01\\\/web-knjizara-logo.webp\",\"width\":324,\"height\":79,\"caption\":\"REDAK D.O.O.\"},\"image\":{\"@id\":\"https:\\\/\\\/webknjizara.hr\\\/#\\\/schema\\\/logo\\\/image\\\/\"}}]}<\/script>\n<!-- \/ Yoast SEO plugin. -->","yoast_head_json":{"title":"CAELDON: NEO\u010cEKIVANI OBRAT, Elvira Babi\u0107 - Web-knji\u017eara","robots":{"index":"index","follow":"follow","max-snippet":"max-snippet:-1","max-image-preview":"max-image-preview:large","max-video-preview":"max-video-preview:-1"},"canonical":"https:\/\/webknjizara.hr\/proizvod\/caeldon-neocekivani-obrat-elvira-babic\/","og_locale":"en_US","og_type":"article","og_title":"CAELDON: NEO\u010cEKIVANI OBRAT, Elvira Babi\u0107 - Web-knji\u017eara","og_description":"Sa\u017eetak: Caeldon je najstarija grad-dr\u017eava na svijetu u kojem \u017eivi pet vrsta ljudi: Aquae \u2013 ljudi koji imaju mo\u0107 upravljanja vodom, Terrae \u2013 zemljom, Ignisi \u2013 vatrom, Aerovci \u2013 zrakom i Mancusi \u2013 obi\u010dni ljudi koji ne upravljaju nijednim elementom. Njegovo ime, sastavljeno od latinskih rije\u010di caelum (nebo) i donum\u00a0(dar), pri\u010da pri\u010du o njegovu osnutku. [&hellip;]","og_url":"https:\/\/webknjizara.hr\/proizvod\/caeldon-neocekivani-obrat-elvira-babic\/","og_site_name":"Web-knji\u017eara","article_modified_time":"2023-02-26T23:18:21+00:00","og_image":[{"width":300,"height":419,"url":"https:\/\/webknjizara.hr\/wp-content\/uploads\/nc\/images\/virtuemart\/product\/Elvira_Babic_Caeldon_neocekivani_obrat_webknjizara_redak_WEB_1099.jpg","type":"image\/jpeg"}],"twitter_card":"summary_large_image","twitter_misc":{"Est. reading time":"2 minutes"},"schema":{"@context":"https:\/\/schema.org","@graph":[{"@type":"WebPage","@id":"https:\/\/webknjizara.hr\/proizvod\/caeldon-neocekivani-obrat-elvira-babic\/","url":"https:\/\/webknjizara.hr\/proizvod\/caeldon-neocekivani-obrat-elvira-babic\/","name":"CAELDON: NEO\u010cEKIVANI OBRAT, Elvira Babi\u0107 - Web-knji\u017eara","isPartOf":{"@id":"https:\/\/webknjizara.hr\/#website"},"primaryImageOfPage":{"@id":"https:\/\/webknjizara.hr\/proizvod\/caeldon-neocekivani-obrat-elvira-babic\/#primaryimage"},"image":{"@id":"https:\/\/webknjizara.hr\/proizvod\/caeldon-neocekivani-obrat-elvira-babic\/#primaryimage"},"thumbnailUrl":"https:\/\/webknjizara.hr\/wp-content\/uploads\/nc\/images\/virtuemart\/product\/Elvira_Babic_Caeldon_neocekivani_obrat_webknjizara_redak_WEB_1099.jpg","datePublished":"2021-02-26T10:51:54+00:00","dateModified":"2023-02-26T23:18:21+00:00","breadcrumb":{"@id":"https:\/\/webknjizara.hr\/proizvod\/caeldon-neocekivani-obrat-elvira-babic\/#breadcrumb"},"inLanguage":"en-US","potentialAction":[{"@type":"ReadAction","target":["https:\/\/webknjizara.hr\/proizvod\/caeldon-neocekivani-obrat-elvira-babic\/"]}]},{"@type":"ImageObject","inLanguage":"en-US","@id":"https:\/\/webknjizara.hr\/proizvod\/caeldon-neocekivani-obrat-elvira-babic\/#primaryimage","url":"https:\/\/webknjizara.hr\/wp-content\/uploads\/nc\/images\/virtuemart\/product\/Elvira_Babic_Caeldon_neocekivani_obrat_webknjizara_redak_WEB_1099.jpg","contentUrl":"https:\/\/webknjizara.hr\/wp-content\/uploads\/nc\/images\/virtuemart\/product\/Elvira_Babic_Caeldon_neocekivani_obrat_webknjizara_redak_WEB_1099.jpg","width":300,"height":419,"caption":"CAELDON: NEO\u010cEKIVANI OBRAT, Elvira Babi\u0107"},{"@type":"BreadcrumbList","@id":"https:\/\/webknjizara.hr\/proizvod\/caeldon-neocekivani-obrat-elvira-babic\/#breadcrumb","itemListElement":[{"@type":"ListItem","position":1,"name":"Po\u010detna stranica","item":"https:\/\/webknjizara.hr\/en\/"},{"@type":"ListItem","position":2,"name":"Shop","item":"https:\/\/webknjizara.hr\/shop\/"},{"@type":"ListItem","position":3,"name":"CAELDON: NEO\u010cEKIVANI OBRAT, Elvira Babi\u0107"}]},{"@type":"WebSite","@id":"https:\/\/webknjizara.hr\/#website","url":"https:\/\/webknjizara.hr\/","name":"Web Knji\u017eara","description":"","publisher":{"@id":"https:\/\/webknjizara.hr\/#organization"},"potentialAction":[{"@type":"SearchAction","target":{"@type":"EntryPoint","urlTemplate":"https:\/\/webknjizara.hr\/?s={search_term_string}"},"query-input":{"@type":"PropertyValueSpecification","valueRequired":true,"valueName":"search_term_string"}}],"inLanguage":"en-US"},{"@type":"Organization","@id":"https:\/\/webknjizara.hr\/#organization","name":"REDAK D.O.O.","url":"https:\/\/webknjizara.hr\/","logo":{"@type":"ImageObject","inLanguage":"en-US","@id":"https:\/\/webknjizara.hr\/#\/schema\/logo\/image\/","url":"https:\/\/webknjizara.hr\/wp-content\/uploads\/2023\/01\/web-knjizara-logo.webp","contentUrl":"https:\/\/webknjizara.hr\/wp-content\/uploads\/2023\/01\/web-knjizara-logo.webp","width":324,"height":79,"caption":"REDAK D.O.O."},"image":{"@id":"https:\/\/webknjizara.hr\/#\/schema\/logo\/image\/"}}]}},"_links":{"self":[{"href":"https:\/\/webknjizara.hr\/en\/wp-json\/wp\/v2\/product\/9418","targetHints":{"allow":["GET"]}}],"collection":[{"href":"https:\/\/webknjizara.hr\/en\/wp-json\/wp\/v2\/product"}],"about":[{"href":"https:\/\/webknjizara.hr\/en\/wp-json\/wp\/v2\/types\/product"}],"replies":[{"embeddable":true,"href":"https:\/\/webknjizara.hr\/en\/wp-json\/wp\/v2\/comments?post=9418"}],"wp:featuredmedia":[{"embeddable":true,"href":"https:\/\/webknjizara.hr\/en\/wp-json\/wp\/v2\/media\/9419"}],"wp:attachment":[{"href":"https:\/\/webknjizara.hr\/en\/wp-json\/wp\/v2\/media?parent=9418"}],"wp:term":[{"taxonomy":"product_brand","embeddable":true,"href":"https:\/\/webknjizara.hr\/en\/wp-json\/wp\/v2\/product_brand?post=9418"},{"taxonomy":"product_cat","embeddable":true,"href":"https:\/\/webknjizara.hr\/en\/wp-json\/wp\/v2\/product_cat?post=9418"},{"taxonomy":"product_tag","embeddable":true,"href":"https:\/\/webknjizara.hr\/en\/wp-json\/wp\/v2\/product_tag?post=9418"}],"curies":[{"name":"wp","href":"https:\/\/api.w.org\/{rel}","templated":true}]}}