{"id":9408,"date":"2021-02-16T12:01:40","date_gmt":"2021-02-16T12:01:40","guid":{"rendered":"https:\/\/webknjizara.hr\/?product=elementi-brodskih-strojeva-i-pomorskih-konstrukcija-crno-bijeli-tisak-zlatan-kulenovic-i-nenad-vulic"},"modified":"2023-02-27T00:18:21","modified_gmt":"2023-02-26T23:18:21","slug":"elementi-brodskih-strojeva-i-pomorskih-konstrukcija-crno-bijeli-tisak-zlatan-kulenovic-i-nenad-vulic-1","status":"publish","type":"product","link":"https:\/\/webknjizara.hr\/en\/proizvod\/elementi-brodskih-strojeva-i-pomorskih-konstrukcija-crno-bijeli-tisak-zlatan-kulenovic-i-nenad-vulic-1\/","title":{"rendered":"ELEMENTI BRODSKIH STROJEVA I POMORSKIH KONSTRUKCIJA (CRNO BIJELI TISAK), Zlatan Kulenovi\u0107 i Nenad Vuli\u0107"},"content":{"rendered":"<p><strong>Sa\u017eetak:<\/strong><\/p>\n<p>Sveu\u010dili\u0161ni ud\u017ebenik \u201eElementi brodskih strojeva i pomorskih konstrukcija\u201c namijenjen je prije svega studentima sveu\u010dili\u0161nih studija brodostrojarstva i vojnog pomorstva, ali istodobno i stru\u010dnjacima koji se u praksi susre\u0107u s brodskim strojnim elementima, s naglaskom na njihovoj eksploataciji, kao \u0161to su pomorski strojari, te inspektori i eksperti klasifikacijskih dru\u0161tava. Uz uobi\u010dajeni sadr\u017eaj koji upoznaje studente s elementima strojeva podu\u010davaju\u0107i ih najvi\u0161e kako stvarnom strojnom elementu ili konstrukciji pridru\u017eiti prikladan prora\u010dunski model, a zatim i kako ih prora\u010dunati prema tome modelu, ud\u017ebenik obra\u0111uje i neke posebnosti brodskih strojnih elemenata u odnosu na elemente strojeva op\u0107enito. Takve se posebnosti osnivaju na primjeni pravila klasifikacijskih dru\u0161tava, te me\u0111unarodnih normi i granskih smjernica.<\/p>\n<p>Na po\u010detku ud\u017ebenika prikazane su osnove optere\u0107enja, \u010dvrsto\u0107e sigurnosti i pouzdanosti strojnih elemenata, a potom u odvojenim poglavljima elementi za spajanje, elementi za prijenos snage i gibanja, te elementi cjevovoda do razine koja je primjerena eksploatacijskom in\u017eenjeru. Propisi, norme i standardi navedeni u literaturi usmjeravaju korisnika ud\u017ebenika gdje treba potra\u017eiti podrobnije informacije u slu\u010daju potrebe za njima. Tablice u prilogu osiguravaju podatke koji su dovoljni za provedbu svih prora\u010duna detaljnije opisanih u samom ud\u017ebeniku.<\/p>\n<p>Namjera je autora da ud\u017ebenik neprekidno odr\u017eavaju a\u017eurnim u odnosu na najnovije zahtjeve me\u0111unarodnih normi i pravila klasifikacijskih dru\u0161tava, te time studentima i brodostrojarskim stru\u010dnjacima pru\u017ei potreban oslonac u rje\u0161avanju svakodnevnih problema na brodovima u slu\u017ebi, preinaci ili u nadzoru njihove izgradnje.<\/p>\n<p><strong>Bilje\u0161ka o autorima:<\/strong><\/p>\n<p><strong>Zlatan Kulenovi\u0107<\/strong> \u2013 Ro\u0111en je u Banja Luci 1954. godine, gdje je zavr\u0161io osnovnu \u0161kolu i Gimnaziju. Na Fakultetu strojarstva i brodogradnje Sveu\u010dili\u0161ta u Zagrebu 1978. godine je diplomirao, 1983. godine magistrirao, a 1987. godine doktorirao u podru\u010dju tehni\u010dkih znanosti (strojarstvo &#8211; mehanika konstrukcija). Na Univerzitetu u B. Luci 1978. godine izabran je u zvanje asistenta, 1983. godine u zvanje vi\u0161eg asistenta, a 1988. godine u zvanje docenta. Na Sveu\u010dili\u0161tu u Splitu 1998. godine izabran je u zvanje docenta, 2001. godine u zvanje izvanrednog profesora, 2004. godine u zvanje redovitog profesora, a 2009. godine u trajno zvanje redovitog profesora. Stalno je zaposlen na Pomorskom fakultetu Sveu\u010dili\u0161ta u Splitu. Tijekom rada na vi\u0161e sveu\u010dili\u0161ta i visoko\u0161kolskih institucija (Ma\u0161inski fakultet, Tehnolo\u0161ki fakultet, Pomorski fakultet, Sveu\u010dili\u0161ni odjel za studije mora i pomorstva i dr.), obavljao je mnoge rukovode\u0107e i upravne du\u017enosti. Bio je osniva\u010d i voditelj novih odjela, zavoda, katedri, studija, laboratorija i kabineta. Uveo je i predavao vi\u0161e od 30 predmeta na dodiplomskim i poslijediplomskim magistarskim i doktorskim studijima, te bio voditelj istih. Bio je mentor velikom broju studenata i voditelj znanstvenih novaka. Vodio je i sudjelovao u 6 znanstvenih i vi\u0161e stru\u010dnih projekata, elaborata i ekspertiza za potrebe industrije. Objavio je 130 znanstvenih i vi\u0161e stru\u010dnih radova iz podru\u010dja mehanike konstrukcija. Autor je 25 znanstveno nastavnih djela, me\u0111u kojima su sveu\u010dili\u0161ni ud\u017ebenici, priru\u010dnici i skripta. Bio je pokreta\u010d i urednik znanstvenog \u010dasopisa, monografije i bro\u0161ure, te zbornika radova sa znanstvenih skupova. Recenzirao je vi\u0161e studijskih programa i ud\u017ebenika, kao i brojne \u010dlanke za znanstvene \u010dasopise i zbornike radova. \u010clan je vi\u0161e doma\u0107ih i me\u0111unarodnih znanstvenih i strukovnih udruga.<\/p>\n<p><strong>Nenad Vuli\u0107<\/strong> \u2013 ro\u0111en u Splitu 1960. god. Zavr\u0161io splitski MIOC u prvoj generaciji 1979. god. Diplomirao op\u0107e strojarstvo na Fakultetu elektrotehnike, strojarstva i brodogradnje u Splitu 1983. god. Magistrirao na postdiplomskom studiju \u201eTeorija konstrukcija &#8211; \u010dvrsto\u0107a konstrukcija\u201c na Fakultetu strojarstva i brodogradnje u Zagrebu 1989. god. s temom \u201eNumeri\u010dki prora\u010dun linijskih sustava\u201c. Doktorirao na istom fakultetu 1995. god. s temom \u201eNumeri\u010dko modeliranje postupka zaustavljanja \u0161irenja pukotina\u201c.<\/p>\n<p>Po zavr\u0161etku studija kra\u0107e vrijeme radio u Brodosplitu kao in\u017eenjer u pogonu Strojomonta\u017ee. Potom prelazi u dana\u0161nji Hrvatski registar brodova (HRB) u Splitu, gdje ostaje 31 godinu na radnim mjestima eksperta i glavnog eksperta za strojarstvo. Voditelj Odjela za strojarstvo i materijale postaje 1994. a 2011. i pomo\u0107nik ravnatelja za istra\u017eivanje i razvoj. U HRB se uglavnom bavio brodskim porivnim sustavima i njihovim dijelovima, te prora\u010dunima i nadzorom ispitivanja njihovoga stati\u010dkog i dinami\u010dkog odziva. Pripremao je tehni\u010dka pravila i odobravao tehni\u010dku dokumentaciju brodskih strojeva i provodio tipna odobrenja. Ovladao je tehni\u010dkim prora\u010dunima motora, prijenosnika, vratila i zup\u010danika, te centracije voda vratila i njegovih vibracija. Sudjelovao je u radu Me\u0111unarodnog udru\u017eenja klasifikacijskih dru\u0161tava (IACS) i Europskog udru\u017eenja klasifikacijskih dru\u0161tava (EurACS R&amp;D).<\/p>\n<p>Usporedo gradi sveu\u010dili\u0161nu karijeru kao vanjski suradnik na Fakultetu elektrotehnike, strojarstva i brodogradnje u Splitu od izbora u zvanje asistenta 1988. do redovitog profesora u trajnom zvanju 2013. god. Izvodio je nastavu iz Nauke o \u010dvrsto\u0107i I. i II., Tehni\u010dke mehanike, Sustava upravljanja kvalitetom i Elemenata strojeva. Sudjeluje na vi\u0161e znanstveno-istra\u017eiva\u010dkih projekata fakulteta, u sklopu kojih objavljuje znanstvene i stru\u010dne radove redovito povezane s prakti\u010dnom primjenom u gospodarstvu.<\/p>\n<p>Na Pomorski fakultet u Splitu prelazi 2015. god. Izvodi nastavu na brodostrojarskim studijima iz Brodskoga porivnog sustava, Modeliranja i simuliranja brodskih sustava, Mehanike pomorskih konstrukcija, te djelomi\u010dno iz Mehanizama i vibracija, te Brodskih strojnih elemenata. Aktivno sura\u0111uje s tvrtkama DIV Brodosplit, Adria Winch Group i ostalim zainteresiranim gospodarskim subjektima.<\/p>\n<p>\u017divi s obitelji u Splitu. U slobodno vrijeme nekad je trenirao u Karate klubu Split (postigao crni pojas 1. dan). Danas se bavi rekreativnim plivanjem, kao i omiljenim hobijem: dopunjavanjem i odr\u017eavanjem vlastite kolekcije kalkulatora.<\/p>\n<p><strong>Klju\u010dne rije\u010di:<\/strong> elementi strojeva, elementi konstrukcija, brodski strojevi, konstrukcijski oblik, dimenzije, materijal, pogonsko optere\u0107enje, norme, standardi, propisi<\/p>\n<p><strong>E-mail:<\/strong>\u00a0<a href=\"mailto:andrija@pfst.hr\" target=\"_blank\" rel=\"noopener noreferrer\">Kontakt<\/a><\/p>\n<p>\u00a0<\/p>\n<p><strong>Naslov:<\/strong> Elementi brodskih strojeva i pomorskih konstrukcija (crno bijeli tisak)<br \/><strong>Autori:<\/strong> Zlatan Kulenovi\u0107, Nenad Vuli\u0107<br \/><strong>Broj stranica:<\/strong> 260<br \/><strong>Nakladnik:<\/strong> Pomorski fakultet u Splitu<br \/><strong>Godina izdanja:<\/strong> 2021.<br \/><strong>ISBN:<\/strong> 978-953-6655-77-9<br \/><strong>Tisak:<\/strong> digitalni tisak knjiga &#8211; print na zahtjev<\/p>\n<p>\u00a0<\/p>\n<p style=\"text-align: justify;\"><strong>Kako naru\u010diti knjigu?\u00a0<\/strong>Proces online kupovine jednako funkcionira za sve kupce, s jedinom razlikom u tome \u0161to \u0161to kupci iz inozemstva za podru\u010dje dostave moraju odabrati &#8220;Europa&#8221; ili &#8220;Ostale zemlje svijeta&#8221;, a za vrstu pla\u0107anja WSPay (kreditna kartica) ili Virmanom (bankovni transfer).<\/p>\n<p style=\"text-align: justify;\">Molimo kliknite ovdje za\u00a0<a href=\"hr\/kako-kupovati\">detaljni vodi\u010d kroz proces narud\u017ebe<\/a>\u00a0ili nas\u00a0<a href=\"hr\/kontakt\">kontaktirajte<\/a>\u00a0za vi\u0161e informacija.<\/p>\n","protected":false},"excerpt":{"rendered":"<p>Sa\u017eetak: Sveu\u010dili\u0161ni ud\u017ebenik \u201eElementi brodskih strojeva i pomorskih konstrukcija\u201c namijenjen je prije svega studentima sveu\u010dili\u0161nih studija brodostrojarstva i vojnog pomorstva, ali istodobno i stru\u010dnjacima koji se u praksi susre\u0107u s brodskim strojnim elementima, s naglaskom na njihovoj eksploataciji, kao \u0161to su pomorski strojari, te inspektori i eksperti klasifikacijskih dru\u0161tava. Uz uobi\u010dajeni sadr\u017eaj koji upoznaje studente [&hellip;]<\/p>\n","protected":false},"featured_media":9409,"comment_status":"open","ping_status":"closed","template":"","meta":{"_acf_changed":false},"product_brand":[],"product_cat":[1517],"product_tag":[],"class_list":{"0":"post-9408","1":"product","2":"type-product","3":"status-publish","4":"has-post-thumbnail","6":"product_cat-strucna-literatura","7":"pa_autor-nenad-vulic","8":"pa_autor-zlatan-kulenovic","9":"pa_nakladnik-pomorski-fakultet-u-splitu","11":"first","12":"instock","13":"shipping-taxable","14":"purchasable","15":"product-type-simple"},"acf":[],"yoast_head":"<!-- This site is optimized with the Yoast SEO plugin v27.3 - https:\/\/yoast.com\/product\/yoast-seo-wordpress\/ -->\n<title>ELEMENTI BRODSKIH STROJEVA I POMORSKIH KONSTRUKCIJA (CRNO BIJELI TISAK), Zlatan Kulenovi\u0107 i Nenad Vuli\u0107 - Web-knji\u017eara<\/title>\n<meta name=\"robots\" content=\"index, follow, max-snippet:-1, max-image-preview:large, max-video-preview:-1\" \/>\n<link rel=\"canonical\" href=\"https:\/\/webknjizara.hr\/proizvod\/elementi-brodskih-strojeva-i-pomorskih-konstrukcija-crno-bijeli-tisak-zlatan-kulenovic-i-nenad-vulic-1\/\" \/>\n<meta property=\"og:locale\" content=\"en_US\" \/>\n<meta property=\"og:type\" content=\"article\" \/>\n<meta property=\"og:title\" content=\"ELEMENTI BRODSKIH STROJEVA I POMORSKIH KONSTRUKCIJA (CRNO BIJELI TISAK), Zlatan Kulenovi\u0107 i Nenad Vuli\u0107 - Web-knji\u017eara\" \/>\n<meta property=\"og:description\" content=\"Sa\u017eetak: Sveu\u010dili\u0161ni ud\u017ebenik \u201eElementi brodskih strojeva i pomorskih konstrukcija\u201c namijenjen je prije svega studentima sveu\u010dili\u0161nih studija brodostrojarstva i vojnog pomorstva, ali istodobno i stru\u010dnjacima koji se u praksi susre\u0107u s brodskim strojnim elementima, s naglaskom na njihovoj eksploataciji, kao \u0161to su pomorski strojari, te inspektori i eksperti klasifikacijskih dru\u0161tava. Uz uobi\u010dajeni sadr\u017eaj koji upoznaje studente [&hellip;]\" \/>\n<meta property=\"og:url\" content=\"https:\/\/webknjizara.hr\/proizvod\/elementi-brodskih-strojeva-i-pomorskih-konstrukcija-crno-bijeli-tisak-zlatan-kulenovic-i-nenad-vulic-1\/\" \/>\n<meta property=\"og:site_name\" content=\"Web-knji\u017eara\" \/>\n<meta property=\"article:modified_time\" content=\"2023-02-26T23:18:21+00:00\" \/>\n<meta property=\"og:image\" content=\"https:\/\/webknjizara.hr\/wp-content\/uploads\/nc\/images\/virtuemart\/product\/PFST_Vulic_Kulenovic_Elementi_brodskih_strojeva-i_pomorskih_konstrukcija_WEB.jpg\" \/>\n\t<meta property=\"og:image:width\" content=\"300\" \/>\n\t<meta property=\"og:image:height\" content=\"419\" \/>\n\t<meta property=\"og:image:type\" content=\"image\/jpeg\" \/>\n<meta name=\"twitter:card\" content=\"summary_large_image\" \/>\n<meta name=\"twitter:label1\" content=\"Est. reading time\" \/>\n\t<meta name=\"twitter:data1\" content=\"5 minutes\" \/>\n<script type=\"application\/ld+json\" class=\"yoast-schema-graph\">{\"@context\":\"https:\\\/\\\/schema.org\",\"@graph\":[{\"@type\":\"WebPage\",\"@id\":\"https:\\\/\\\/webknjizara.hr\\\/proizvod\\\/elementi-brodskih-strojeva-i-pomorskih-konstrukcija-crno-bijeli-tisak-zlatan-kulenovic-i-nenad-vulic-1\\\/\",\"url\":\"https:\\\/\\\/webknjizara.hr\\\/proizvod\\\/elementi-brodskih-strojeva-i-pomorskih-konstrukcija-crno-bijeli-tisak-zlatan-kulenovic-i-nenad-vulic-1\\\/\",\"name\":\"ELEMENTI BRODSKIH STROJEVA I POMORSKIH KONSTRUKCIJA (CRNO BIJELI TISAK), Zlatan Kulenovi\u0107 i Nenad Vuli\u0107 - Web-knji\u017eara\",\"isPartOf\":{\"@id\":\"https:\\\/\\\/webknjizara.hr\\\/#website\"},\"primaryImageOfPage\":{\"@id\":\"https:\\\/\\\/webknjizara.hr\\\/proizvod\\\/elementi-brodskih-strojeva-i-pomorskih-konstrukcija-crno-bijeli-tisak-zlatan-kulenovic-i-nenad-vulic-1\\\/#primaryimage\"},\"image\":{\"@id\":\"https:\\\/\\\/webknjizara.hr\\\/proizvod\\\/elementi-brodskih-strojeva-i-pomorskih-konstrukcija-crno-bijeli-tisak-zlatan-kulenovic-i-nenad-vulic-1\\\/#primaryimage\"},\"thumbnailUrl\":\"https:\\\/\\\/webknjizara.hr\\\/wp-content\\\/uploads\\\/nc\\\/images\\\/virtuemart\\\/product\\\/PFST_Vulic_Kulenovic_Elementi_brodskih_strojeva-i_pomorskih_konstrukcija_WEB.jpg\",\"datePublished\":\"2021-02-16T12:01:40+00:00\",\"dateModified\":\"2023-02-26T23:18:21+00:00\",\"breadcrumb\":{\"@id\":\"https:\\\/\\\/webknjizara.hr\\\/proizvod\\\/elementi-brodskih-strojeva-i-pomorskih-konstrukcija-crno-bijeli-tisak-zlatan-kulenovic-i-nenad-vulic-1\\\/#breadcrumb\"},\"inLanguage\":\"en-US\",\"potentialAction\":[{\"@type\":\"ReadAction\",\"target\":[\"https:\\\/\\\/webknjizara.hr\\\/proizvod\\\/elementi-brodskih-strojeva-i-pomorskih-konstrukcija-crno-bijeli-tisak-zlatan-kulenovic-i-nenad-vulic-1\\\/\"]}]},{\"@type\":\"ImageObject\",\"inLanguage\":\"en-US\",\"@id\":\"https:\\\/\\\/webknjizara.hr\\\/proizvod\\\/elementi-brodskih-strojeva-i-pomorskih-konstrukcija-crno-bijeli-tisak-zlatan-kulenovic-i-nenad-vulic-1\\\/#primaryimage\",\"url\":\"https:\\\/\\\/webknjizara.hr\\\/wp-content\\\/uploads\\\/nc\\\/images\\\/virtuemart\\\/product\\\/PFST_Vulic_Kulenovic_Elementi_brodskih_strojeva-i_pomorskih_konstrukcija_WEB.jpg\",\"contentUrl\":\"https:\\\/\\\/webknjizara.hr\\\/wp-content\\\/uploads\\\/nc\\\/images\\\/virtuemart\\\/product\\\/PFST_Vulic_Kulenovic_Elementi_brodskih_strojeva-i_pomorskih_konstrukcija_WEB.jpg\",\"width\":300,\"height\":419,\"caption\":\"ELEMENTI BRODSKIH STROJEVA I POMORSKIH KONSTRUKCIJA (CRNO BIJELI TISAK), Zlatan Kulenovi\u0107 i Nenad Vuli\u0107\"},{\"@type\":\"BreadcrumbList\",\"@id\":\"https:\\\/\\\/webknjizara.hr\\\/proizvod\\\/elementi-brodskih-strojeva-i-pomorskih-konstrukcija-crno-bijeli-tisak-zlatan-kulenovic-i-nenad-vulic-1\\\/#breadcrumb\",\"itemListElement\":[{\"@type\":\"ListItem\",\"position\":1,\"name\":\"Po\u010detna stranica\",\"item\":\"https:\\\/\\\/webknjizara.hr\\\/en\\\/\"},{\"@type\":\"ListItem\",\"position\":2,\"name\":\"Shop\",\"item\":\"https:\\\/\\\/webknjizara.hr\\\/shop\\\/\"},{\"@type\":\"ListItem\",\"position\":3,\"name\":\"ELEMENTI BRODSKIH STROJEVA I POMORSKIH KONSTRUKCIJA (CRNO BIJELI TISAK), Zlatan Kulenovi\u0107 i Nenad Vuli\u0107\"}]},{\"@type\":\"WebSite\",\"@id\":\"https:\\\/\\\/webknjizara.hr\\\/#website\",\"url\":\"https:\\\/\\\/webknjizara.hr\\\/\",\"name\":\"Web Knji\u017eara\",\"description\":\"\",\"publisher\":{\"@id\":\"https:\\\/\\\/webknjizara.hr\\\/#organization\"},\"potentialAction\":[{\"@type\":\"SearchAction\",\"target\":{\"@type\":\"EntryPoint\",\"urlTemplate\":\"https:\\\/\\\/webknjizara.hr\\\/?s={search_term_string}\"},\"query-input\":{\"@type\":\"PropertyValueSpecification\",\"valueRequired\":true,\"valueName\":\"search_term_string\"}}],\"inLanguage\":\"en-US\"},{\"@type\":\"Organization\",\"@id\":\"https:\\\/\\\/webknjizara.hr\\\/#organization\",\"name\":\"REDAK D.O.O.\",\"url\":\"https:\\\/\\\/webknjizara.hr\\\/\",\"logo\":{\"@type\":\"ImageObject\",\"inLanguage\":\"en-US\",\"@id\":\"https:\\\/\\\/webknjizara.hr\\\/#\\\/schema\\\/logo\\\/image\\\/\",\"url\":\"https:\\\/\\\/webknjizara.hr\\\/wp-content\\\/uploads\\\/2023\\\/01\\\/web-knjizara-logo.webp\",\"contentUrl\":\"https:\\\/\\\/webknjizara.hr\\\/wp-content\\\/uploads\\\/2023\\\/01\\\/web-knjizara-logo.webp\",\"width\":324,\"height\":79,\"caption\":\"REDAK D.O.O.\"},\"image\":{\"@id\":\"https:\\\/\\\/webknjizara.hr\\\/#\\\/schema\\\/logo\\\/image\\\/\"}}]}<\/script>\n<!-- \/ Yoast SEO plugin. -->","yoast_head_json":{"title":"ELEMENTI BRODSKIH STROJEVA I POMORSKIH KONSTRUKCIJA (CRNO BIJELI TISAK), Zlatan Kulenovi\u0107 i Nenad Vuli\u0107 - Web-knji\u017eara","robots":{"index":"index","follow":"follow","max-snippet":"max-snippet:-1","max-image-preview":"max-image-preview:large","max-video-preview":"max-video-preview:-1"},"canonical":"https:\/\/webknjizara.hr\/proizvod\/elementi-brodskih-strojeva-i-pomorskih-konstrukcija-crno-bijeli-tisak-zlatan-kulenovic-i-nenad-vulic-1\/","og_locale":"en_US","og_type":"article","og_title":"ELEMENTI BRODSKIH STROJEVA I POMORSKIH KONSTRUKCIJA (CRNO BIJELI TISAK), Zlatan Kulenovi\u0107 i Nenad Vuli\u0107 - Web-knji\u017eara","og_description":"Sa\u017eetak: Sveu\u010dili\u0161ni ud\u017ebenik \u201eElementi brodskih strojeva i pomorskih konstrukcija\u201c namijenjen je prije svega studentima sveu\u010dili\u0161nih studija brodostrojarstva i vojnog pomorstva, ali istodobno i stru\u010dnjacima koji se u praksi susre\u0107u s brodskim strojnim elementima, s naglaskom na njihovoj eksploataciji, kao \u0161to su pomorski strojari, te inspektori i eksperti klasifikacijskih dru\u0161tava. Uz uobi\u010dajeni sadr\u017eaj koji upoznaje studente [&hellip;]","og_url":"https:\/\/webknjizara.hr\/proizvod\/elementi-brodskih-strojeva-i-pomorskih-konstrukcija-crno-bijeli-tisak-zlatan-kulenovic-i-nenad-vulic-1\/","og_site_name":"Web-knji\u017eara","article_modified_time":"2023-02-26T23:18:21+00:00","og_image":[{"width":300,"height":419,"url":"https:\/\/webknjizara.hr\/wp-content\/uploads\/nc\/images\/virtuemart\/product\/PFST_Vulic_Kulenovic_Elementi_brodskih_strojeva-i_pomorskih_konstrukcija_WEB.jpg","type":"image\/jpeg"}],"twitter_card":"summary_large_image","twitter_misc":{"Est. reading time":"5 minutes"},"schema":{"@context":"https:\/\/schema.org","@graph":[{"@type":"WebPage","@id":"https:\/\/webknjizara.hr\/proizvod\/elementi-brodskih-strojeva-i-pomorskih-konstrukcija-crno-bijeli-tisak-zlatan-kulenovic-i-nenad-vulic-1\/","url":"https:\/\/webknjizara.hr\/proizvod\/elementi-brodskih-strojeva-i-pomorskih-konstrukcija-crno-bijeli-tisak-zlatan-kulenovic-i-nenad-vulic-1\/","name":"ELEMENTI BRODSKIH STROJEVA I POMORSKIH KONSTRUKCIJA (CRNO BIJELI TISAK), Zlatan Kulenovi\u0107 i Nenad Vuli\u0107 - Web-knji\u017eara","isPartOf":{"@id":"https:\/\/webknjizara.hr\/#website"},"primaryImageOfPage":{"@id":"https:\/\/webknjizara.hr\/proizvod\/elementi-brodskih-strojeva-i-pomorskih-konstrukcija-crno-bijeli-tisak-zlatan-kulenovic-i-nenad-vulic-1\/#primaryimage"},"image":{"@id":"https:\/\/webknjizara.hr\/proizvod\/elementi-brodskih-strojeva-i-pomorskih-konstrukcija-crno-bijeli-tisak-zlatan-kulenovic-i-nenad-vulic-1\/#primaryimage"},"thumbnailUrl":"https:\/\/webknjizara.hr\/wp-content\/uploads\/nc\/images\/virtuemart\/product\/PFST_Vulic_Kulenovic_Elementi_brodskih_strojeva-i_pomorskih_konstrukcija_WEB.jpg","datePublished":"2021-02-16T12:01:40+00:00","dateModified":"2023-02-26T23:18:21+00:00","breadcrumb":{"@id":"https:\/\/webknjizara.hr\/proizvod\/elementi-brodskih-strojeva-i-pomorskih-konstrukcija-crno-bijeli-tisak-zlatan-kulenovic-i-nenad-vulic-1\/#breadcrumb"},"inLanguage":"en-US","potentialAction":[{"@type":"ReadAction","target":["https:\/\/webknjizara.hr\/proizvod\/elementi-brodskih-strojeva-i-pomorskih-konstrukcija-crno-bijeli-tisak-zlatan-kulenovic-i-nenad-vulic-1\/"]}]},{"@type":"ImageObject","inLanguage":"en-US","@id":"https:\/\/webknjizara.hr\/proizvod\/elementi-brodskih-strojeva-i-pomorskih-konstrukcija-crno-bijeli-tisak-zlatan-kulenovic-i-nenad-vulic-1\/#primaryimage","url":"https:\/\/webknjizara.hr\/wp-content\/uploads\/nc\/images\/virtuemart\/product\/PFST_Vulic_Kulenovic_Elementi_brodskih_strojeva-i_pomorskih_konstrukcija_WEB.jpg","contentUrl":"https:\/\/webknjizara.hr\/wp-content\/uploads\/nc\/images\/virtuemart\/product\/PFST_Vulic_Kulenovic_Elementi_brodskih_strojeva-i_pomorskih_konstrukcija_WEB.jpg","width":300,"height":419,"caption":"ELEMENTI BRODSKIH STROJEVA I POMORSKIH KONSTRUKCIJA (CRNO BIJELI TISAK), Zlatan Kulenovi\u0107 i Nenad Vuli\u0107"},{"@type":"BreadcrumbList","@id":"https:\/\/webknjizara.hr\/proizvod\/elementi-brodskih-strojeva-i-pomorskih-konstrukcija-crno-bijeli-tisak-zlatan-kulenovic-i-nenad-vulic-1\/#breadcrumb","itemListElement":[{"@type":"ListItem","position":1,"name":"Po\u010detna stranica","item":"https:\/\/webknjizara.hr\/en\/"},{"@type":"ListItem","position":2,"name":"Shop","item":"https:\/\/webknjizara.hr\/shop\/"},{"@type":"ListItem","position":3,"name":"ELEMENTI BRODSKIH STROJEVA I POMORSKIH KONSTRUKCIJA (CRNO BIJELI TISAK), Zlatan Kulenovi\u0107 i Nenad Vuli\u0107"}]},{"@type":"WebSite","@id":"https:\/\/webknjizara.hr\/#website","url":"https:\/\/webknjizara.hr\/","name":"Web Knji\u017eara","description":"","publisher":{"@id":"https:\/\/webknjizara.hr\/#organization"},"potentialAction":[{"@type":"SearchAction","target":{"@type":"EntryPoint","urlTemplate":"https:\/\/webknjizara.hr\/?s={search_term_string}"},"query-input":{"@type":"PropertyValueSpecification","valueRequired":true,"valueName":"search_term_string"}}],"inLanguage":"en-US"},{"@type":"Organization","@id":"https:\/\/webknjizara.hr\/#organization","name":"REDAK D.O.O.","url":"https:\/\/webknjizara.hr\/","logo":{"@type":"ImageObject","inLanguage":"en-US","@id":"https:\/\/webknjizara.hr\/#\/schema\/logo\/image\/","url":"https:\/\/webknjizara.hr\/wp-content\/uploads\/2023\/01\/web-knjizara-logo.webp","contentUrl":"https:\/\/webknjizara.hr\/wp-content\/uploads\/2023\/01\/web-knjizara-logo.webp","width":324,"height":79,"caption":"REDAK D.O.O."},"image":{"@id":"https:\/\/webknjizara.hr\/#\/schema\/logo\/image\/"}}]}},"_links":{"self":[{"href":"https:\/\/webknjizara.hr\/en\/wp-json\/wp\/v2\/product\/9408","targetHints":{"allow":["GET"]}}],"collection":[{"href":"https:\/\/webknjizara.hr\/en\/wp-json\/wp\/v2\/product"}],"about":[{"href":"https:\/\/webknjizara.hr\/en\/wp-json\/wp\/v2\/types\/product"}],"replies":[{"embeddable":true,"href":"https:\/\/webknjizara.hr\/en\/wp-json\/wp\/v2\/comments?post=9408"}],"wp:featuredmedia":[{"embeddable":true,"href":"https:\/\/webknjizara.hr\/en\/wp-json\/wp\/v2\/media\/9409"}],"wp:attachment":[{"href":"https:\/\/webknjizara.hr\/en\/wp-json\/wp\/v2\/media?parent=9408"}],"wp:term":[{"taxonomy":"product_brand","embeddable":true,"href":"https:\/\/webknjizara.hr\/en\/wp-json\/wp\/v2\/product_brand?post=9408"},{"taxonomy":"product_cat","embeddable":true,"href":"https:\/\/webknjizara.hr\/en\/wp-json\/wp\/v2\/product_cat?post=9408"},{"taxonomy":"product_tag","embeddable":true,"href":"https:\/\/webknjizara.hr\/en\/wp-json\/wp\/v2\/product_tag?post=9408"}],"curies":[{"name":"wp","href":"https:\/\/api.w.org\/{rel}","templated":true}]}}