{"id":9403,"date":"2021-02-10T11:56:01","date_gmt":"2021-02-10T11:56:01","guid":{"rendered":"https:\/\/webknjizara.hr\/?product=couplings-and-clutches-boris-obsieger"},"modified":"2023-02-27T00:18:21","modified_gmt":"2023-02-26T23:18:21","slug":"couplings-and-clutches-boris-obsieger","status":"publish","type":"product","link":"https:\/\/webknjizara.hr\/en\/proizvod\/couplings-and-clutches-boris-obsieger\/","title":{"rendered":"COUPLINGS AND CLUTCHES, Boris Obsieger"},"content":{"rendered":"<p><strong>Sa\u017eetak:<\/strong><\/p>\n<p>A textbook of the Juraj Dobrila University of Pula in the collection of the Machine Element series of textbooks. The intended purpose is to provide the students of mechanical engineering, naval architecture and electrical engineering with the required literature, and to provide a suitable problem-solving basis for experts in engineering practice.<\/p>\n<p>It is divided into seven chapters which deal with 1. rigid, 2. compensating, 3. flexible, 4. friction, 5. electromagnetic, 6. hydrodynamic and 7. special types of couplings and clutches.<\/p>\n<p>An application of the presented material is supported by detailed descriptions of many designs variants, principles of operation and calculation methods, as well as through 227 figures, 74 tables and calculation examples of flexible couplings and friction clutches.<\/p>\n<p><strong>Bilje\u0161ka o autoru:<\/strong><\/p>\n<p>Boris Obsieger, D. Sc., a full professor, first at the Faculty of Engineering at the University of Rijeka and then at the Juraj Dobrila University in Pula, where he teaches classes in machine elements, strength, robotics and numerical methods in professional, university and doctoral studies. He gave several notable invited lectures at foreign universities, was president of CADAM international congresses and editor-in-chief of the international journal Advanced Engineering. The author of several textbooks at universities in Rijeka, Pula, Maribor and Moscow, as well as numerous scientific papers.<\/p>\n<p><strong>Klju\u010dne rije\u010di:<\/strong> Rigid couplings, compensating couplings, flexible couplings, friction clutches, electromagnetic clutches, hydrodynamic couplings, special types of couplings and clutches<\/p>\n<p><strong>Link:<\/strong> <a href=\"http:\/\/boris.obsieger.org\/\" target=\"_blank\" rel=\"noopener noreferrer\">boris.obsieger.org<\/a><\/p>\n<p>\u00a0<\/p>\n<p><strong>Naslov:<\/strong> Couplings and Clutches<br \/><strong>Autor:<\/strong> Boris Obsieger<br \/><strong>Broj stranica:<\/strong> 384<br \/><strong>Nakladnik:<\/strong> Vlastita naklada<br \/><strong>Godina izdanja:<\/strong> 2020.<br \/><strong>ISBN:<\/strong> 978-953-7919-69-6<br \/><strong>Tisak:<\/strong> digitalni tisak knjiga &#8211; print na zahtjev<\/p>\n<p>\u00a0<\/p>\n<p><strong>Kako naru\u010diti knjigu?\u00a0<\/strong>Proces online kupovine jednako funkcionira za sve kupce, s jedinom razlikom u tome \u0161to \u0161to kupci iz inozemstva za podru\u010dje dostave moraju odabrati &#8220;Europa&#8221; ili &#8220;Ostale zemlje svijeta&#8221;, a za vrstu pla\u0107anja WSPay (kreditna kartica) ili Virmanom (bankovni transfer).<\/p>\n<p style=\"text-align: justify;\">Molimo kliknite ovdje za\u00a0<a href=\"hr\/kako-kupovati\">detaljni vodi\u010d kroz proces narud\u017ebe<\/a>\u00a0ili nas\u00a0<a href=\"hr\/kontakt\">kontaktirajte<\/a>\u00a0za vi\u0161e informacija.<\/p>\n","protected":false},"excerpt":{"rendered":"<p>Sa\u017eetak: A textbook of the Juraj Dobrila University of Pula in the collection of the Machine Element series of textbooks. The intended purpose is to provide the students of mechanical engineering, naval architecture and electrical engineering with the required literature, and to provide a suitable problem-solving basis for experts in engineering practice. It is divided [&hellip;]<\/p>\n","protected":false},"featured_media":9404,"comment_status":"open","ping_status":"closed","template":"","meta":{"_acf_changed":false},"product_brand":[],"product_cat":[1539],"product_tag":[],"class_list":{"0":"post-9403","1":"product","2":"type-product","3":"status-publish","4":"has-post-thumbnail","6":"product_cat-sveucilisni-udzbenici-i-prirucnici","7":"pa_nakladnik-vlastita-naklada","9":"first","10":"instock","11":"shipping-taxable","12":"purchasable","13":"product-type-simple"},"acf":[],"yoast_head":"<!-- This site is optimized with the Yoast SEO plugin v27.3 - https:\/\/yoast.com\/product\/yoast-seo-wordpress\/ -->\n<title>COUPLINGS AND CLUTCHES, Boris Obsieger - Web-knji\u017eara<\/title>\n<meta name=\"robots\" content=\"index, follow, max-snippet:-1, max-image-preview:large, max-video-preview:-1\" \/>\n<link rel=\"canonical\" href=\"https:\/\/webknjizara.hr\/proizvod\/couplings-and-clutches-boris-obsieger\/\" \/>\n<meta property=\"og:locale\" content=\"en_US\" \/>\n<meta property=\"og:type\" content=\"article\" \/>\n<meta property=\"og:title\" content=\"COUPLINGS AND CLUTCHES, Boris Obsieger - Web-knji\u017eara\" \/>\n<meta property=\"og:description\" content=\"Sa\u017eetak: A textbook of the Juraj Dobrila University of Pula in the collection of the Machine Element series of textbooks. The intended purpose is to provide the students of mechanical engineering, naval architecture and electrical engineering with the required literature, and to provide a suitable problem-solving basis for experts in engineering practice. It is divided [&hellip;]\" \/>\n<meta property=\"og:url\" content=\"https:\/\/webknjizara.hr\/proizvod\/couplings-and-clutches-boris-obsieger\/\" \/>\n<meta property=\"og:site_name\" content=\"Web-knji\u017eara\" \/>\n<meta property=\"article:modified_time\" content=\"2023-02-26T23:18:21+00:00\" \/>\n<meta property=\"og:image\" content=\"https:\/\/webknjizara.hr\/wp-content\/uploads\/nc\/images\/virtuemart\/product\/Boris_Obsieger_Couplings_and_Clutches_webknjizara_redak_WEB_1098.jpg\" \/>\n\t<meta property=\"og:image:width\" content=\"300\" \/>\n\t<meta property=\"og:image:height\" content=\"419\" \/>\n\t<meta property=\"og:image:type\" content=\"image\/jpeg\" \/>\n<meta name=\"twitter:card\" content=\"summary_large_image\" \/>\n<meta name=\"twitter:label1\" content=\"Est. reading time\" \/>\n\t<meta name=\"twitter:data1\" content=\"2 minutes\" \/>\n<script type=\"application\/ld+json\" class=\"yoast-schema-graph\">{\"@context\":\"https:\\\/\\\/schema.org\",\"@graph\":[{\"@type\":\"WebPage\",\"@id\":\"https:\\\/\\\/webknjizara.hr\\\/proizvod\\\/couplings-and-clutches-boris-obsieger\\\/\",\"url\":\"https:\\\/\\\/webknjizara.hr\\\/proizvod\\\/couplings-and-clutches-boris-obsieger\\\/\",\"name\":\"COUPLINGS AND CLUTCHES, Boris Obsieger - Web-knji\u017eara\",\"isPartOf\":{\"@id\":\"https:\\\/\\\/webknjizara.hr\\\/#website\"},\"primaryImageOfPage\":{\"@id\":\"https:\\\/\\\/webknjizara.hr\\\/proizvod\\\/couplings-and-clutches-boris-obsieger\\\/#primaryimage\"},\"image\":{\"@id\":\"https:\\\/\\\/webknjizara.hr\\\/proizvod\\\/couplings-and-clutches-boris-obsieger\\\/#primaryimage\"},\"thumbnailUrl\":\"https:\\\/\\\/webknjizara.hr\\\/wp-content\\\/uploads\\\/nc\\\/images\\\/virtuemart\\\/product\\\/Boris_Obsieger_Couplings_and_Clutches_webknjizara_redak_WEB_1098.jpg\",\"datePublished\":\"2021-02-10T11:56:01+00:00\",\"dateModified\":\"2023-02-26T23:18:21+00:00\",\"breadcrumb\":{\"@id\":\"https:\\\/\\\/webknjizara.hr\\\/proizvod\\\/couplings-and-clutches-boris-obsieger\\\/#breadcrumb\"},\"inLanguage\":\"en-US\",\"potentialAction\":[{\"@type\":\"ReadAction\",\"target\":[\"https:\\\/\\\/webknjizara.hr\\\/proizvod\\\/couplings-and-clutches-boris-obsieger\\\/\"]}]},{\"@type\":\"ImageObject\",\"inLanguage\":\"en-US\",\"@id\":\"https:\\\/\\\/webknjizara.hr\\\/proizvod\\\/couplings-and-clutches-boris-obsieger\\\/#primaryimage\",\"url\":\"https:\\\/\\\/webknjizara.hr\\\/wp-content\\\/uploads\\\/nc\\\/images\\\/virtuemart\\\/product\\\/Boris_Obsieger_Couplings_and_Clutches_webknjizara_redak_WEB_1098.jpg\",\"contentUrl\":\"https:\\\/\\\/webknjizara.hr\\\/wp-content\\\/uploads\\\/nc\\\/images\\\/virtuemart\\\/product\\\/Boris_Obsieger_Couplings_and_Clutches_webknjizara_redak_WEB_1098.jpg\",\"width\":300,\"height\":419,\"caption\":\"COUPLINGS AND CLUTCHES, Boris Obsieger\"},{\"@type\":\"BreadcrumbList\",\"@id\":\"https:\\\/\\\/webknjizara.hr\\\/proizvod\\\/couplings-and-clutches-boris-obsieger\\\/#breadcrumb\",\"itemListElement\":[{\"@type\":\"ListItem\",\"position\":1,\"name\":\"Po\u010detna stranica\",\"item\":\"https:\\\/\\\/webknjizara.hr\\\/en\\\/\"},{\"@type\":\"ListItem\",\"position\":2,\"name\":\"Shop\",\"item\":\"https:\\\/\\\/webknjizara.hr\\\/shop\\\/\"},{\"@type\":\"ListItem\",\"position\":3,\"name\":\"COUPLINGS AND CLUTCHES, Boris Obsieger\"}]},{\"@type\":\"WebSite\",\"@id\":\"https:\\\/\\\/webknjizara.hr\\\/#website\",\"url\":\"https:\\\/\\\/webknjizara.hr\\\/\",\"name\":\"Web Knji\u017eara\",\"description\":\"\",\"publisher\":{\"@id\":\"https:\\\/\\\/webknjizara.hr\\\/#organization\"},\"potentialAction\":[{\"@type\":\"SearchAction\",\"target\":{\"@type\":\"EntryPoint\",\"urlTemplate\":\"https:\\\/\\\/webknjizara.hr\\\/?s={search_term_string}\"},\"query-input\":{\"@type\":\"PropertyValueSpecification\",\"valueRequired\":true,\"valueName\":\"search_term_string\"}}],\"inLanguage\":\"en-US\"},{\"@type\":\"Organization\",\"@id\":\"https:\\\/\\\/webknjizara.hr\\\/#organization\",\"name\":\"REDAK D.O.O.\",\"url\":\"https:\\\/\\\/webknjizara.hr\\\/\",\"logo\":{\"@type\":\"ImageObject\",\"inLanguage\":\"en-US\",\"@id\":\"https:\\\/\\\/webknjizara.hr\\\/#\\\/schema\\\/logo\\\/image\\\/\",\"url\":\"https:\\\/\\\/webknjizara.hr\\\/wp-content\\\/uploads\\\/2023\\\/01\\\/web-knjizara-logo.webp\",\"contentUrl\":\"https:\\\/\\\/webknjizara.hr\\\/wp-content\\\/uploads\\\/2023\\\/01\\\/web-knjizara-logo.webp\",\"width\":324,\"height\":79,\"caption\":\"REDAK D.O.O.\"},\"image\":{\"@id\":\"https:\\\/\\\/webknjizara.hr\\\/#\\\/schema\\\/logo\\\/image\\\/\"}}]}<\/script>\n<!-- \/ Yoast SEO plugin. -->","yoast_head_json":{"title":"COUPLINGS AND CLUTCHES, Boris Obsieger - Web-knji\u017eara","robots":{"index":"index","follow":"follow","max-snippet":"max-snippet:-1","max-image-preview":"max-image-preview:large","max-video-preview":"max-video-preview:-1"},"canonical":"https:\/\/webknjizara.hr\/proizvod\/couplings-and-clutches-boris-obsieger\/","og_locale":"en_US","og_type":"article","og_title":"COUPLINGS AND CLUTCHES, Boris Obsieger - Web-knji\u017eara","og_description":"Sa\u017eetak: A textbook of the Juraj Dobrila University of Pula in the collection of the Machine Element series of textbooks. The intended purpose is to provide the students of mechanical engineering, naval architecture and electrical engineering with the required literature, and to provide a suitable problem-solving basis for experts in engineering practice. It is divided [&hellip;]","og_url":"https:\/\/webknjizara.hr\/proizvod\/couplings-and-clutches-boris-obsieger\/","og_site_name":"Web-knji\u017eara","article_modified_time":"2023-02-26T23:18:21+00:00","og_image":[{"width":300,"height":419,"url":"https:\/\/webknjizara.hr\/wp-content\/uploads\/nc\/images\/virtuemart\/product\/Boris_Obsieger_Couplings_and_Clutches_webknjizara_redak_WEB_1098.jpg","type":"image\/jpeg"}],"twitter_card":"summary_large_image","twitter_misc":{"Est. reading time":"2 minutes"},"schema":{"@context":"https:\/\/schema.org","@graph":[{"@type":"WebPage","@id":"https:\/\/webknjizara.hr\/proizvod\/couplings-and-clutches-boris-obsieger\/","url":"https:\/\/webknjizara.hr\/proizvod\/couplings-and-clutches-boris-obsieger\/","name":"COUPLINGS AND CLUTCHES, Boris Obsieger - Web-knji\u017eara","isPartOf":{"@id":"https:\/\/webknjizara.hr\/#website"},"primaryImageOfPage":{"@id":"https:\/\/webknjizara.hr\/proizvod\/couplings-and-clutches-boris-obsieger\/#primaryimage"},"image":{"@id":"https:\/\/webknjizara.hr\/proizvod\/couplings-and-clutches-boris-obsieger\/#primaryimage"},"thumbnailUrl":"https:\/\/webknjizara.hr\/wp-content\/uploads\/nc\/images\/virtuemart\/product\/Boris_Obsieger_Couplings_and_Clutches_webknjizara_redak_WEB_1098.jpg","datePublished":"2021-02-10T11:56:01+00:00","dateModified":"2023-02-26T23:18:21+00:00","breadcrumb":{"@id":"https:\/\/webknjizara.hr\/proizvod\/couplings-and-clutches-boris-obsieger\/#breadcrumb"},"inLanguage":"en-US","potentialAction":[{"@type":"ReadAction","target":["https:\/\/webknjizara.hr\/proizvod\/couplings-and-clutches-boris-obsieger\/"]}]},{"@type":"ImageObject","inLanguage":"en-US","@id":"https:\/\/webknjizara.hr\/proizvod\/couplings-and-clutches-boris-obsieger\/#primaryimage","url":"https:\/\/webknjizara.hr\/wp-content\/uploads\/nc\/images\/virtuemart\/product\/Boris_Obsieger_Couplings_and_Clutches_webknjizara_redak_WEB_1098.jpg","contentUrl":"https:\/\/webknjizara.hr\/wp-content\/uploads\/nc\/images\/virtuemart\/product\/Boris_Obsieger_Couplings_and_Clutches_webknjizara_redak_WEB_1098.jpg","width":300,"height":419,"caption":"COUPLINGS AND CLUTCHES, Boris Obsieger"},{"@type":"BreadcrumbList","@id":"https:\/\/webknjizara.hr\/proizvod\/couplings-and-clutches-boris-obsieger\/#breadcrumb","itemListElement":[{"@type":"ListItem","position":1,"name":"Po\u010detna stranica","item":"https:\/\/webknjizara.hr\/en\/"},{"@type":"ListItem","position":2,"name":"Shop","item":"https:\/\/webknjizara.hr\/shop\/"},{"@type":"ListItem","position":3,"name":"COUPLINGS AND CLUTCHES, Boris Obsieger"}]},{"@type":"WebSite","@id":"https:\/\/webknjizara.hr\/#website","url":"https:\/\/webknjizara.hr\/","name":"Web Knji\u017eara","description":"","publisher":{"@id":"https:\/\/webknjizara.hr\/#organization"},"potentialAction":[{"@type":"SearchAction","target":{"@type":"EntryPoint","urlTemplate":"https:\/\/webknjizara.hr\/?s={search_term_string}"},"query-input":{"@type":"PropertyValueSpecification","valueRequired":true,"valueName":"search_term_string"}}],"inLanguage":"en-US"},{"@type":"Organization","@id":"https:\/\/webknjizara.hr\/#organization","name":"REDAK D.O.O.","url":"https:\/\/webknjizara.hr\/","logo":{"@type":"ImageObject","inLanguage":"en-US","@id":"https:\/\/webknjizara.hr\/#\/schema\/logo\/image\/","url":"https:\/\/webknjizara.hr\/wp-content\/uploads\/2023\/01\/web-knjizara-logo.webp","contentUrl":"https:\/\/webknjizara.hr\/wp-content\/uploads\/2023\/01\/web-knjizara-logo.webp","width":324,"height":79,"caption":"REDAK D.O.O."},"image":{"@id":"https:\/\/webknjizara.hr\/#\/schema\/logo\/image\/"}}]}},"_links":{"self":[{"href":"https:\/\/webknjizara.hr\/en\/wp-json\/wp\/v2\/product\/9403","targetHints":{"allow":["GET"]}}],"collection":[{"href":"https:\/\/webknjizara.hr\/en\/wp-json\/wp\/v2\/product"}],"about":[{"href":"https:\/\/webknjizara.hr\/en\/wp-json\/wp\/v2\/types\/product"}],"replies":[{"embeddable":true,"href":"https:\/\/webknjizara.hr\/en\/wp-json\/wp\/v2\/comments?post=9403"}],"wp:featuredmedia":[{"embeddable":true,"href":"https:\/\/webknjizara.hr\/en\/wp-json\/wp\/v2\/media\/9404"}],"wp:attachment":[{"href":"https:\/\/webknjizara.hr\/en\/wp-json\/wp\/v2\/media?parent=9403"}],"wp:term":[{"taxonomy":"product_brand","embeddable":true,"href":"https:\/\/webknjizara.hr\/en\/wp-json\/wp\/v2\/product_brand?post=9403"},{"taxonomy":"product_cat","embeddable":true,"href":"https:\/\/webknjizara.hr\/en\/wp-json\/wp\/v2\/product_cat?post=9403"},{"taxonomy":"product_tag","embeddable":true,"href":"https:\/\/webknjizara.hr\/en\/wp-json\/wp\/v2\/product_tag?post=9403"}],"curies":[{"name":"wp","href":"https:\/\/api.w.org\/{rel}","templated":true}]}}