{"id":9397,"date":"2021-01-28T11:17:18","date_gmt":"2021-01-28T11:17:18","guid":{"rendered":"https:\/\/webknjizara.hr\/?product=tranzicija-digitalne-znanosti-u-virtualno-okruzenje-umjetne-inteligencije-lana-zaja"},"modified":"2023-02-27T00:18:20","modified_gmt":"2023-02-26T23:18:20","slug":"tranzicija-digitalne-znanosti-u-virtualno-okruzenje-umjetne-inteligencije-lana-zaja","status":"publish","type":"product","link":"https:\/\/webknjizara.hr\/en\/proizvod\/tranzicija-digitalne-znanosti-u-virtualno-okruzenje-umjetne-inteligencije-lana-zaja\/","title":{"rendered":"TRANZICIJA DIGITALNE ZNANOSTI U VIRTUALNO OKRU\u017dENJE UMJETNE INTELIGENCIJE,                                      Lana \u017daja"},"content":{"rendered":"<p><strong>Sa\u017eetak:<\/strong><\/p>\n<p>Ova knjiga istra\u017euje te analizira povijesni razvoj arhivistike u svijetu i u Hrvatskoj te se usmjerava na komparativnu analizu izme\u0111u tradicionalne i digitalne arhivistike. Primarna okosnica istra\u017eivanja je uvo\u0111enje nove terminologije iz arhivistike u digitalnome okru\u017eenju koja zastupljuje arhivistiku kao suvremenu i samostalnu granu unutar polja informacijskih i komunikacijskih znanosti. Tako\u0111er, kao glavni primjer sadr\u017eajnog istra\u017eivanja novih terminolo\u0161kih pojmova, u fokusu se nalazi sredi\u0161nji hrvatski arhivisti\u010dki \u010dasopis Arhivski vjesnik (u izdanju Hrvatskog dr\u017eavnog arhiva) koji promi\u010de arhivistiku kao autonomnu znanstvenu disciplinu (kako je opisan na hrvatskom znanstvenom portalu Hr\u010dak). Analiza je provedena longitudinalno na dvije razine: prva razina je od 1899. do 1945. i od 1958. do prijelomne 1984. godine, a razlog je je taj \u0161to je tad utemeljena Katedra za arhivistiku na Odsjeku na informacijske i komunikacijske znanosti Filozofskog fakulteta Sveu\u010dili\u0161ta u Zagrebu, \u0161to je va\u017ena informacija za interpretaciju razvoja arhivistike kao znanstvene discipline. U drugom razdoblju od 1985. do 2020. godine nova digitalna arhivska terminologija omogu\u0107ila je uvid u zastupljenost odre\u0111enih standardiziranih temeljnih koncepata suvremene arhivistike, koji pored tradicionalnih uklju\u010duju i nove koncepte kao \u0161to su: digitalizacija informatizacija, upravljanje elektroni\u010dkim zapisima, o\u010duvanje autenti\u010dnosti digitalnih zapisa, proces digitalnog o\u010duvanja, digitalni potpis, digitalni arhivi, virtualno okru\u017eenje, umjetna inteligencija i dr. Pri tome, posebna se pa\u017enja pridodaje prijelazu iz tradicionalnog u digitalno umre\u017eeno virtualno okru\u017eenje, \u0161to je potkrepljeno programiranjem strukturirane baze podataka koja povezuje ma\u0111arski portal Hungaricana i hrvatski portal Hr\u010dak. \u010clanci sadr\u017eajnog istra\u017eivanja u \u010dasopisu Arhivski vjesnik utvr\u0111eni su prema recenziranim vrstama: izvorni znanstveni \u010dlanak, prethodno priop\u0107enje, pregledni rad, stru\u010dni rad i izlaganje sa skupa. Ovom metodologijom profilirani su i glavni u\u010desnici na podru\u010dju arhivistike u digitalnome okru\u017eenju koji mijenjaju povijesni pravac arhivistike od njenih po\u010detaka u diplomatici (kriti\u010dkoj analizi dokumenta), preko povijesne pomo\u0107ne znanosti do suvremene i autonomne discipline digitalne arhivistike koja ima ve\u0107 usvojene samostalne standardizirane koncepte usmjerene ka umjetnoj inteligenciji. Suvremeno digitalno okru\u017eenje i konstantan sustav vrednovanja arhivistike kao znanosti velik su izazov za opstanak i tranziciju tradicionalnog arhiva u digitalni arhiv u virtualnom okru\u017eenju umjetne inteligencije unutar interdisciplinarnih znanosti.<\/p>\n<p><strong>Bilje\u0161ka o autorici:<\/strong><\/p>\n<p>Lana \u017daja ro\u0111ena je 3. rujna 1968. u Zagrebu, gdje je zavr\u0161ila osnovnu \u0161kolu i Centar za kulturu i umjetnost, glazbenog usmjerenja &#8211; klavir. Godine 2003. diplomirala je na dvopredmetnom studiju na Filozofskom fakultetu Sveu\u010dili\u0161ta u Zagrebu, nastavni smjer na Odsjeku za fonetiku i Odsjeku za informatologiju na Katedri za bibliotekarstvo te stekla zvanje profesor fonetike i informatologije \u2013 smjer bibliotekarstvo.<\/p>\n<p>Njezina profesionalna karijera zapo\u010dinje 1987. godine u \u0161vedskoj tvrtci Oriflame u kojoj zapo\u010dinje s radom kao viza\u017eistica te voditeljica odnosa s javno\u0161\u0107u. Godine 1991. kad je slijedom odluke Sabora Republike Hrvatske done\u0161ena Ustavna odluka o suverenosti i samostalnosti Republike Hrvatske kojom se Hrvatska uspostavlja kao neovisna dr\u017eava, aktivno se anga\u017eira na poslovima politike u Hrvatskoj demokratskoj zajednici (HDZ) gdje radi kao glavna tajnica Glavnog tajnika. Od godine 1996. radi u Uredu Predsjednika Republike Hrvatske na mjestu pomo\u0107nice Predstojnika ureda u Uredu za rezidencijalne potrebe. Nakon zavr\u0161enoga dvopredmetnoga studija na Filozofskome fakultetu Sveu\u010dili\u0161ta u Zagrebu 2003. godine, svoj profesionalni razvoj nastavlja kao voditeljica razvoja struke specijaliziranih baza podataka u Vjesnikovoj novinskoj dokumentaciji, koja je bila dijelom dnevnog politi\u010dkog lista Vjesnik, a koji se objavljivao u Zagrebu od 1940. do 2012. godine. Godine 2007. njezino napredovanje nastavlja se radom na specijaliziranim bazama podataka kao i radom na elaboraciji Media Monitoringa u Hrvatskoj izvje\u0161tajnoj novinskoj agenciji (HINA) na mjestu voditeljice HINA-inog informacijsko dokumentacijskog centra.<\/p>\n<p>Posebna podru\u010dja interesa i kompetencije utemeljena na dugogodi\u0161njem radu jesu: odnosi s javno\u0161\u0107u, fonetika i govorni\u0161tvo, masovni mediji i komunikologija, bibliotekarstvo, arhivistika u digitalnome okru\u017eenju, sadr\u017eajna analiza i analitika teksta, obrada i migracija velikih korpusa podataka, upravljanje semanti\u010dkim sadr\u017eajem na webu, dizajn i arhitektura baza podataka, pressclip tiskanih glasila i web sadr\u017eaja, organizacija znanja u specijaliziranim bazama podataka te upravljanje informacijsko informati\u010dkim sustavima.<\/p>\n<p>Od rada na zna\u010dajnijim projektima posebice se mogu izdvojiti sljede\u0107i projekti. Od godine 2008. do 2010. sudjeluje u izgradnji sustava semanti\u010dke analize teksta koja uklju\u010duje automatsko prepoznavanje sadr\u017eaja teksta, automatsku kategorizaciju i prepoznavanje imenovanih entiteta (osoba, organizacija, lokacija) na projektu koji je izveden u suradnji s Fakultetom elektrotehnike i ra\u010dunarstva te Filozofskim fakultetom Sveu\u010dili\u0161ta u Zagrebu. Od godine 2007. do 2009. sudjeluje u izgradnji Informacijsko dokumentacijskog centra HINA-ine informacijske baze s povezivanjem svih sadr\u017eaja HINA-e i Vjesnikovog novinskog arhiva u jedinstvenu informacijsku cjelinu primjenom tehnologija semanti\u010dkog weba na projektu koji je izveden integracijom komponenti razli\u010ditih dobavlja\u010da. Od godine 2002. do 2005. sudjeluje na projektu \u201eOblikovanje i upravljanje javnim znanjem u informacijskom prostoru\u201c na kojem je glavni istra\u017eiva\u010d prof. dr. sc. Miroslav Tu\u0111man, a od godine 2001. do 2002. sudjeluje na projektu \u201eOrganizacija, upravljanje i razmjena znanja u elektroni\u010dkom okru\u017eenju\u201c na kojem je glavna istra\u017eiva\u010dica prof. dr. sc. Jadranka Lasi\u0107 Lazi\u0107.<\/p>\n<p>Od 2013. godine zaposlena je u Hrvatskom dr\u017eavnom arhivu, kada upisuje doktorski studij Informacijskih i komunikacijskih znanosti na Filozofskome fakultetu Sveu\u010dili\u0161ta u Zagrebu. Nakon polo\u017eena stru\u010dnog ispita od 2014. godine obavlja stru\u010dni nadzor nad gradivom u posjedu tijela javne vlasti te nad privatnim arhivskim gradivom u nadle\u017enosti Hrvatskoga dr\u017eavnoga arhiva. Koordinatorica je i voditeljica edukacijskih obrazovnih programa u Hrvatskom dr\u017eavnom arhivu te je stalna predava\u010dica iz arhivskog zakonodavstva na te\u010daju za djelatnike na poslovima upravljanja dokumentarnim i arhivskim gradivom izvan arhiva. U suradnji s Katedrom za arhivistiku i dokumentalistiku, pod mentorstvom prof. dr. sc. Hrvoja Stan\u010di\u0107a, na Odsjeku za Informacijske i komunikacijske znanosti Filozofskog fakulteta Sveu\u010dili\u0161ta u Zagrebu, organizira i vodi stru\u010dnu studentsku praksu. Doktorirala je 2020. godine na temi: \u201eRazvoj arhivistike prema suvremenoj znanosti \u2013 sadr\u017eajna analiza \u010dasopisa Arhivskog vjesnika od 1899. do 2017. godine\u201c na Filozofskom fakultetu Sveu\u010dili\u0161ta u Zagrebu.<\/p>\n<p>Kao izlaga\u010dica sudjeluje na me\u0111unarodnim konferencijama i savjetovanjima, me\u0111u kojima su INFuture2007: <em>Digital Information and Heritage<\/em> i INFuture2019: <em>Knowledge in the Digital Age<\/em> u organizaciji Odsjeka za informacijske i komunikacijske znanosti Filozofskog fakulteta Sveu\u010dili\u0161ta u Zagrebu, Me\u0111unarodno arhivsko savjetovanje Arhivska praksa u organizaciji Arhiva tuzlanskog kantona u BiH, Savjetovanje hrvatskih arhivista o upravljanju elektroni\u010dkim gradivom i suvremena arhivska praksa u organzaciji Hrvatskog arhivisti\u010dkoga dru\u0161tva te Me\u0111unarodna konferencija <em>Technical and Field Related\u00a0<\/em><em>Problems of Traditional and Electronic Archiving<\/em> u organizaciji Pokrajinskog arhiva u Mariboru u Sloveniji.<\/p>\n<p><strong>Klju\u010dne rije\u010di:<\/strong> tradicionalna arhivistika, digitalna arhivistika, arhivsko zakonodavstvo, digitalno o\u010duvanje, digitalni arhivi, sadr\u017eajna analiza znanstvenog \u010dasopisa, baza podataka znanstvenog \u010dasopisa, virtualno okru\u017eenje, umjetna inteligencija<\/p>\n<p><strong>E-mail:<\/strong> <a href=\"mailto:lanazaja@gmail.com\" target=\"_blank\" rel=\"noopener noreferrer\">Lana \u017daja\u00a0<\/a><\/p>\n<p>\u00a0<\/p>\n<p><strong>Naslov:<\/strong> Tranzicija digitalne znanosti u virtualno okru\u017eenje umjetne inteligencije<br \/><strong>Autorica:<\/strong> Lana \u017daja<br \/><strong>Broj stranica:<\/strong> 200<br \/><strong>Nakladnik:<\/strong> REDAK<br \/><strong>Godina izdanja:<\/strong> 2021.<br \/><strong>ISBN:<\/strong> 978-953-336-736-1<br \/><strong>Tisak:<\/strong> digitalni tisak knjiga &#8211; print na zahtjev<\/p>\n<p>\u00a0<\/p>\n<p><strong>Kako naru\u010diti knjigu?\u00a0<\/strong>Proces online kupovine jednako funkcionira za sve kupce, s jedinom razlikom u tome \u0161to \u0161to kupci iz inozemstva za podru\u010dje dostave moraju odabrati &#8220;Europa&#8221; ili &#8220;Ostale zemlje svijeta&#8221;, a za vrstu pla\u0107anja WSPay (kreditna kartica) ili Virmanom (bankovni transfer).<\/p>\n<p style=\"text-align: justify;\">Molimo kliknite ovdje za\u00a0<a href=\"hr\/kako-kupovati\">detaljni vodi\u010d kroz proces narud\u017ebe<\/a>\u00a0ili nas\u00a0<a href=\"hr\/kontakt\">kontaktirajte<\/a>\u00a0za vi\u0161e informacija.<\/p>\n","protected":false},"excerpt":{"rendered":"<p>Sa\u017eetak: Ova knjiga istra\u017euje te analizira povijesni razvoj arhivistike u svijetu i u Hrvatskoj te se usmjerava na komparativnu analizu izme\u0111u tradicionalne i digitalne arhivistike. Primarna okosnica istra\u017eivanja je uvo\u0111enje nove terminologije iz arhivistike u digitalnome okru\u017eenju koja zastupljuje arhivistiku kao suvremenu i samostalnu granu unutar polja informacijskih i komunikacijskih znanosti. Tako\u0111er, kao glavni primjer [&hellip;]<\/p>\n","protected":false},"featured_media":9398,"comment_status":"open","ping_status":"closed","template":"","meta":{"_acf_changed":false},"product_brand":[],"product_cat":[1517,1390],"product_tag":[],"class_list":{"0":"post-9397","1":"product","2":"type-product","3":"status-publish","4":"has-post-thumbnail","6":"product_cat-strucna-literatura","7":"product_cat-drustvene-znanosti","8":"pa_autor-lana-zaja","9":"pa_nakladnik-redak","11":"first","12":"instock","13":"shipping-taxable","14":"purchasable","15":"product-type-simple"},"acf":[],"yoast_head":"<!-- This site is optimized with the Yoast SEO plugin v27.3 - https:\/\/yoast.com\/product\/yoast-seo-wordpress\/ -->\n<title>TRANZICIJA DIGITALNE ZNANOSTI U VIRTUALNO OKRU\u017dENJE UMJETNE INTELIGENCIJE,                   Lana \u017daja - Web-knji\u017eara<\/title>\n<meta name=\"robots\" content=\"index, follow, max-snippet:-1, max-image-preview:large, max-video-preview:-1\" \/>\n<link rel=\"canonical\" href=\"https:\/\/webknjizara.hr\/proizvod\/tranzicija-digitalne-znanosti-u-virtualno-okruzenje-umjetne-inteligencije-lana-zaja\/\" \/>\n<meta property=\"og:locale\" content=\"en_US\" \/>\n<meta property=\"og:type\" content=\"article\" \/>\n<meta property=\"og:title\" content=\"TRANZICIJA DIGITALNE ZNANOSTI U VIRTUALNO OKRU\u017dENJE UMJETNE INTELIGENCIJE,                   Lana \u017daja - Web-knji\u017eara\" \/>\n<meta property=\"og:description\" content=\"Sa\u017eetak: Ova knjiga istra\u017euje te analizira povijesni razvoj arhivistike u svijetu i u Hrvatskoj te se usmjerava na komparativnu analizu izme\u0111u tradicionalne i digitalne arhivistike. Primarna okosnica istra\u017eivanja je uvo\u0111enje nove terminologije iz arhivistike u digitalnome okru\u017eenju koja zastupljuje arhivistiku kao suvremenu i samostalnu granu unutar polja informacijskih i komunikacijskih znanosti. Tako\u0111er, kao glavni primjer [&hellip;]\" \/>\n<meta property=\"og:url\" content=\"https:\/\/webknjizara.hr\/proizvod\/tranzicija-digitalne-znanosti-u-virtualno-okruzenje-umjetne-inteligencije-lana-zaja\/\" \/>\n<meta property=\"og:site_name\" content=\"Web-knji\u017eara\" \/>\n<meta property=\"article:modified_time\" content=\"2023-02-26T23:18:20+00:00\" \/>\n<meta property=\"og:image\" content=\"https:\/\/webknjizara.hr\/wp-content\/uploads\/nc\/images\/virtuemart\/product\/Lana_Zaja_Tranzicija_digitalne_znanosti_u_virtualno_okruzenje_umjetne_inteligencije_webknjizara_redak_WEB_1107.jpg\" \/>\n\t<meta property=\"og:image:width\" content=\"300\" \/>\n\t<meta property=\"og:image:height\" content=\"419\" \/>\n\t<meta property=\"og:image:type\" content=\"image\/jpeg\" \/>\n<meta name=\"twitter:card\" content=\"summary_large_image\" \/>\n<meta name=\"twitter:label1\" content=\"Est. reading time\" \/>\n\t<meta name=\"twitter:data1\" content=\"6 minutes\" \/>\n<script type=\"application\/ld+json\" class=\"yoast-schema-graph\">{\"@context\":\"https:\\\/\\\/schema.org\",\"@graph\":[{\"@type\":\"WebPage\",\"@id\":\"https:\\\/\\\/webknjizara.hr\\\/proizvod\\\/tranzicija-digitalne-znanosti-u-virtualno-okruzenje-umjetne-inteligencije-lana-zaja\\\/\",\"url\":\"https:\\\/\\\/webknjizara.hr\\\/proizvod\\\/tranzicija-digitalne-znanosti-u-virtualno-okruzenje-umjetne-inteligencije-lana-zaja\\\/\",\"name\":\"TRANZICIJA DIGITALNE ZNANOSTI U VIRTUALNO OKRU\u017dENJE UMJETNE INTELIGENCIJE, Lana \u017daja - Web-knji\u017eara\",\"isPartOf\":{\"@id\":\"https:\\\/\\\/webknjizara.hr\\\/#website\"},\"primaryImageOfPage\":{\"@id\":\"https:\\\/\\\/webknjizara.hr\\\/proizvod\\\/tranzicija-digitalne-znanosti-u-virtualno-okruzenje-umjetne-inteligencije-lana-zaja\\\/#primaryimage\"},\"image\":{\"@id\":\"https:\\\/\\\/webknjizara.hr\\\/proizvod\\\/tranzicija-digitalne-znanosti-u-virtualno-okruzenje-umjetne-inteligencije-lana-zaja\\\/#primaryimage\"},\"thumbnailUrl\":\"https:\\\/\\\/webknjizara.hr\\\/wp-content\\\/uploads\\\/nc\\\/images\\\/virtuemart\\\/product\\\/Lana_Zaja_Tranzicija_digitalne_znanosti_u_virtualno_okruzenje_umjetne_inteligencije_webknjizara_redak_WEB_1107.jpg\",\"datePublished\":\"2021-01-28T11:17:18+00:00\",\"dateModified\":\"2023-02-26T23:18:20+00:00\",\"breadcrumb\":{\"@id\":\"https:\\\/\\\/webknjizara.hr\\\/proizvod\\\/tranzicija-digitalne-znanosti-u-virtualno-okruzenje-umjetne-inteligencije-lana-zaja\\\/#breadcrumb\"},\"inLanguage\":\"en-US\",\"potentialAction\":[{\"@type\":\"ReadAction\",\"target\":[\"https:\\\/\\\/webknjizara.hr\\\/proizvod\\\/tranzicija-digitalne-znanosti-u-virtualno-okruzenje-umjetne-inteligencije-lana-zaja\\\/\"]}]},{\"@type\":\"ImageObject\",\"inLanguage\":\"en-US\",\"@id\":\"https:\\\/\\\/webknjizara.hr\\\/proizvod\\\/tranzicija-digitalne-znanosti-u-virtualno-okruzenje-umjetne-inteligencije-lana-zaja\\\/#primaryimage\",\"url\":\"https:\\\/\\\/webknjizara.hr\\\/wp-content\\\/uploads\\\/nc\\\/images\\\/virtuemart\\\/product\\\/Lana_Zaja_Tranzicija_digitalne_znanosti_u_virtualno_okruzenje_umjetne_inteligencije_webknjizara_redak_WEB_1107.jpg\",\"contentUrl\":\"https:\\\/\\\/webknjizara.hr\\\/wp-content\\\/uploads\\\/nc\\\/images\\\/virtuemart\\\/product\\\/Lana_Zaja_Tranzicija_digitalne_znanosti_u_virtualno_okruzenje_umjetne_inteligencije_webknjizara_redak_WEB_1107.jpg\",\"width\":300,\"height\":419,\"caption\":\"TRANZICIJA DIGITALNE ZNANOSTI U VIRTUALNO OKRU\u017dENJE UMJETNE INTELIGENCIJE, Lana \u017daja\"},{\"@type\":\"BreadcrumbList\",\"@id\":\"https:\\\/\\\/webknjizara.hr\\\/proizvod\\\/tranzicija-digitalne-znanosti-u-virtualno-okruzenje-umjetne-inteligencije-lana-zaja\\\/#breadcrumb\",\"itemListElement\":[{\"@type\":\"ListItem\",\"position\":1,\"name\":\"Po\u010detna stranica\",\"item\":\"https:\\\/\\\/webknjizara.hr\\\/en\\\/\"},{\"@type\":\"ListItem\",\"position\":2,\"name\":\"Shop\",\"item\":\"https:\\\/\\\/webknjizara.hr\\\/shop\\\/\"},{\"@type\":\"ListItem\",\"position\":3,\"name\":\"TRANZICIJA DIGITALNE ZNANOSTI U VIRTUALNO OKRU\u017dENJE UMJETNE INTELIGENCIJE, Lana \u017daja\"}]},{\"@type\":\"WebSite\",\"@id\":\"https:\\\/\\\/webknjizara.hr\\\/#website\",\"url\":\"https:\\\/\\\/webknjizara.hr\\\/\",\"name\":\"Web Knji\u017eara\",\"description\":\"\",\"publisher\":{\"@id\":\"https:\\\/\\\/webknjizara.hr\\\/#organization\"},\"potentialAction\":[{\"@type\":\"SearchAction\",\"target\":{\"@type\":\"EntryPoint\",\"urlTemplate\":\"https:\\\/\\\/webknjizara.hr\\\/?s={search_term_string}\"},\"query-input\":{\"@type\":\"PropertyValueSpecification\",\"valueRequired\":true,\"valueName\":\"search_term_string\"}}],\"inLanguage\":\"en-US\"},{\"@type\":\"Organization\",\"@id\":\"https:\\\/\\\/webknjizara.hr\\\/#organization\",\"name\":\"REDAK D.O.O.\",\"url\":\"https:\\\/\\\/webknjizara.hr\\\/\",\"logo\":{\"@type\":\"ImageObject\",\"inLanguage\":\"en-US\",\"@id\":\"https:\\\/\\\/webknjizara.hr\\\/#\\\/schema\\\/logo\\\/image\\\/\",\"url\":\"https:\\\/\\\/webknjizara.hr\\\/wp-content\\\/uploads\\\/2023\\\/01\\\/web-knjizara-logo.webp\",\"contentUrl\":\"https:\\\/\\\/webknjizara.hr\\\/wp-content\\\/uploads\\\/2023\\\/01\\\/web-knjizara-logo.webp\",\"width\":324,\"height\":79,\"caption\":\"REDAK D.O.O.\"},\"image\":{\"@id\":\"https:\\\/\\\/webknjizara.hr\\\/#\\\/schema\\\/logo\\\/image\\\/\"}}]}<\/script>\n<!-- \/ Yoast SEO plugin. -->","yoast_head_json":{"title":"TRANZICIJA DIGITALNE ZNANOSTI U VIRTUALNO OKRU\u017dENJE UMJETNE INTELIGENCIJE,                   Lana \u017daja - Web-knji\u017eara","robots":{"index":"index","follow":"follow","max-snippet":"max-snippet:-1","max-image-preview":"max-image-preview:large","max-video-preview":"max-video-preview:-1"},"canonical":"https:\/\/webknjizara.hr\/proizvod\/tranzicija-digitalne-znanosti-u-virtualno-okruzenje-umjetne-inteligencije-lana-zaja\/","og_locale":"en_US","og_type":"article","og_title":"TRANZICIJA DIGITALNE ZNANOSTI U VIRTUALNO OKRU\u017dENJE UMJETNE INTELIGENCIJE,                   Lana \u017daja - Web-knji\u017eara","og_description":"Sa\u017eetak: Ova knjiga istra\u017euje te analizira povijesni razvoj arhivistike u svijetu i u Hrvatskoj te se usmjerava na komparativnu analizu izme\u0111u tradicionalne i digitalne arhivistike. Primarna okosnica istra\u017eivanja je uvo\u0111enje nove terminologije iz arhivistike u digitalnome okru\u017eenju koja zastupljuje arhivistiku kao suvremenu i samostalnu granu unutar polja informacijskih i komunikacijskih znanosti. Tako\u0111er, kao glavni primjer [&hellip;]","og_url":"https:\/\/webknjizara.hr\/proizvod\/tranzicija-digitalne-znanosti-u-virtualno-okruzenje-umjetne-inteligencije-lana-zaja\/","og_site_name":"Web-knji\u017eara","article_modified_time":"2023-02-26T23:18:20+00:00","og_image":[{"width":300,"height":419,"url":"https:\/\/webknjizara.hr\/wp-content\/uploads\/nc\/images\/virtuemart\/product\/Lana_Zaja_Tranzicija_digitalne_znanosti_u_virtualno_okruzenje_umjetne_inteligencije_webknjizara_redak_WEB_1107.jpg","type":"image\/jpeg"}],"twitter_card":"summary_large_image","twitter_misc":{"Est. reading time":"6 minutes"},"schema":{"@context":"https:\/\/schema.org","@graph":[{"@type":"WebPage","@id":"https:\/\/webknjizara.hr\/proizvod\/tranzicija-digitalne-znanosti-u-virtualno-okruzenje-umjetne-inteligencije-lana-zaja\/","url":"https:\/\/webknjizara.hr\/proizvod\/tranzicija-digitalne-znanosti-u-virtualno-okruzenje-umjetne-inteligencije-lana-zaja\/","name":"TRANZICIJA DIGITALNE ZNANOSTI U VIRTUALNO OKRU\u017dENJE UMJETNE INTELIGENCIJE, Lana \u017daja - Web-knji\u017eara","isPartOf":{"@id":"https:\/\/webknjizara.hr\/#website"},"primaryImageOfPage":{"@id":"https:\/\/webknjizara.hr\/proizvod\/tranzicija-digitalne-znanosti-u-virtualno-okruzenje-umjetne-inteligencije-lana-zaja\/#primaryimage"},"image":{"@id":"https:\/\/webknjizara.hr\/proizvod\/tranzicija-digitalne-znanosti-u-virtualno-okruzenje-umjetne-inteligencije-lana-zaja\/#primaryimage"},"thumbnailUrl":"https:\/\/webknjizara.hr\/wp-content\/uploads\/nc\/images\/virtuemart\/product\/Lana_Zaja_Tranzicija_digitalne_znanosti_u_virtualno_okruzenje_umjetne_inteligencije_webknjizara_redak_WEB_1107.jpg","datePublished":"2021-01-28T11:17:18+00:00","dateModified":"2023-02-26T23:18:20+00:00","breadcrumb":{"@id":"https:\/\/webknjizara.hr\/proizvod\/tranzicija-digitalne-znanosti-u-virtualno-okruzenje-umjetne-inteligencije-lana-zaja\/#breadcrumb"},"inLanguage":"en-US","potentialAction":[{"@type":"ReadAction","target":["https:\/\/webknjizara.hr\/proizvod\/tranzicija-digitalne-znanosti-u-virtualno-okruzenje-umjetne-inteligencije-lana-zaja\/"]}]},{"@type":"ImageObject","inLanguage":"en-US","@id":"https:\/\/webknjizara.hr\/proizvod\/tranzicija-digitalne-znanosti-u-virtualno-okruzenje-umjetne-inteligencije-lana-zaja\/#primaryimage","url":"https:\/\/webknjizara.hr\/wp-content\/uploads\/nc\/images\/virtuemart\/product\/Lana_Zaja_Tranzicija_digitalne_znanosti_u_virtualno_okruzenje_umjetne_inteligencije_webknjizara_redak_WEB_1107.jpg","contentUrl":"https:\/\/webknjizara.hr\/wp-content\/uploads\/nc\/images\/virtuemart\/product\/Lana_Zaja_Tranzicija_digitalne_znanosti_u_virtualno_okruzenje_umjetne_inteligencije_webknjizara_redak_WEB_1107.jpg","width":300,"height":419,"caption":"TRANZICIJA DIGITALNE ZNANOSTI U VIRTUALNO OKRU\u017dENJE UMJETNE INTELIGENCIJE, Lana \u017daja"},{"@type":"BreadcrumbList","@id":"https:\/\/webknjizara.hr\/proizvod\/tranzicija-digitalne-znanosti-u-virtualno-okruzenje-umjetne-inteligencije-lana-zaja\/#breadcrumb","itemListElement":[{"@type":"ListItem","position":1,"name":"Po\u010detna stranica","item":"https:\/\/webknjizara.hr\/en\/"},{"@type":"ListItem","position":2,"name":"Shop","item":"https:\/\/webknjizara.hr\/shop\/"},{"@type":"ListItem","position":3,"name":"TRANZICIJA DIGITALNE ZNANOSTI U VIRTUALNO OKRU\u017dENJE UMJETNE INTELIGENCIJE, Lana \u017daja"}]},{"@type":"WebSite","@id":"https:\/\/webknjizara.hr\/#website","url":"https:\/\/webknjizara.hr\/","name":"Web Knji\u017eara","description":"","publisher":{"@id":"https:\/\/webknjizara.hr\/#organization"},"potentialAction":[{"@type":"SearchAction","target":{"@type":"EntryPoint","urlTemplate":"https:\/\/webknjizara.hr\/?s={search_term_string}"},"query-input":{"@type":"PropertyValueSpecification","valueRequired":true,"valueName":"search_term_string"}}],"inLanguage":"en-US"},{"@type":"Organization","@id":"https:\/\/webknjizara.hr\/#organization","name":"REDAK D.O.O.","url":"https:\/\/webknjizara.hr\/","logo":{"@type":"ImageObject","inLanguage":"en-US","@id":"https:\/\/webknjizara.hr\/#\/schema\/logo\/image\/","url":"https:\/\/webknjizara.hr\/wp-content\/uploads\/2023\/01\/web-knjizara-logo.webp","contentUrl":"https:\/\/webknjizara.hr\/wp-content\/uploads\/2023\/01\/web-knjizara-logo.webp","width":324,"height":79,"caption":"REDAK D.O.O."},"image":{"@id":"https:\/\/webknjizara.hr\/#\/schema\/logo\/image\/"}}]}},"_links":{"self":[{"href":"https:\/\/webknjizara.hr\/en\/wp-json\/wp\/v2\/product\/9397","targetHints":{"allow":["GET"]}}],"collection":[{"href":"https:\/\/webknjizara.hr\/en\/wp-json\/wp\/v2\/product"}],"about":[{"href":"https:\/\/webknjizara.hr\/en\/wp-json\/wp\/v2\/types\/product"}],"replies":[{"embeddable":true,"href":"https:\/\/webknjizara.hr\/en\/wp-json\/wp\/v2\/comments?post=9397"}],"wp:featuredmedia":[{"embeddable":true,"href":"https:\/\/webknjizara.hr\/en\/wp-json\/wp\/v2\/media\/9398"}],"wp:attachment":[{"href":"https:\/\/webknjizara.hr\/en\/wp-json\/wp\/v2\/media?parent=9397"}],"wp:term":[{"taxonomy":"product_brand","embeddable":true,"href":"https:\/\/webknjizara.hr\/en\/wp-json\/wp\/v2\/product_brand?post=9397"},{"taxonomy":"product_cat","embeddable":true,"href":"https:\/\/webknjizara.hr\/en\/wp-json\/wp\/v2\/product_cat?post=9397"},{"taxonomy":"product_tag","embeddable":true,"href":"https:\/\/webknjizara.hr\/en\/wp-json\/wp\/v2\/product_tag?post=9397"}],"curies":[{"name":"wp","href":"https:\/\/api.w.org\/{rel}","templated":true}]}}