{"id":9360,"date":"2020-11-25T12:45:51","date_gmt":"2020-11-25T12:45:51","guid":{"rendered":"https:\/\/webknjizara.hr\/?product=obilje-nadahnuca-%e2%80%93-zbirka-prica-za-bolji-zivot-tamara-preprovic"},"modified":"2023-02-27T00:18:17","modified_gmt":"2023-02-26T23:18:17","slug":"obilje-nadahnuca-zbirka-prica-za-bolji-zivot-tamara-preprovic","status":"publish","type":"product","link":"https:\/\/webknjizara.hr\/en\/proizvod\/obilje-nadahnuca-zbirka-prica-za-bolji-zivot-tamara-preprovic\/","title":{"rendered":"OBILJE NADAHNU\u0106A \u2013 ZBIRKA PRI\u010cA ZA BOLJI \u017dIVOT, Tamara Preprovi\u0107"},"content":{"rendered":"<p><strong>Sa\u017eetak:<\/strong><\/p>\n<p>Knjiga sadr\u017ei 98 inspirativnih i motiviraju\u0107ih pri\u010da.<\/p>\n<p>Iz uvoda:<\/p>\n<p>Predstavlja li Vam ponekad bu\u0111enje i susret s novim danom teret zbog obveza koje Vas \u010dekaju? Mo\u017eda ste postavili ciljeve koje biste \u017eeljeli ostvariti, ali osje\u0107ate manjak motivacije potreban za njihovo ostvarenje.<\/p>\n<p>Gubite li vjeru u sebe i svoje sposobnosti? Bojite se neuspjeha? Ponekad Vam nedostaje entuzijazma, a radoznalost i dje\u010dju zaigranost odavno Vam je zamijenio pritisak \u017eivota?<\/p>\n<p>Ako ste se prepoznali u navedenim pitanjima, niste jedini. Ve\u0107ini ljudi nedostaje stvarala\u010dke, kreativne snage koja vodi do novih ideja i rje\u0161enja.<\/p>\n<p>Ta je snaga poznatija pod nazivom <em><strong>nadahnu\u0107e<\/strong><\/em>.<\/p>\n<p>Prepoznav\u0161i ovo kao jedan od naj\u010de\u0161\u0107ih problema suvremenog na\u010dina \u017eivota, odlu\u010dila sam osmisliti zbirku nadahnjuju\u0107ih pri\u010da.<\/p>\n<p>Mo\u017eda se sada pitate: &#8220;Za\u0161to ba\u0161 pri\u010de?&#8221;.<\/p>\n<p>Odgovor je vrlo jednostavan.<\/p>\n<p>Puke nas \u010dinjenice i teorija rijetko kada nadahnjuju da \u017eivimo kvalitetnijim i ispunjenijim \u017eivotom, dok pri\u010de imaju mo\u0107 bu\u0111enja osje\u0107aja, a njih pamtimo cijeli \u017eivot. Ba\u0161 zato pri\u010de i njihove pouke mogu \u017eivjeti zauvijek u na\u0161im srcima.<\/p>\n<p>Ove Vas pri\u010de mogu nadahnuti da se obogatite mudro\u0161\u0107u i da oja\u010date vjeru u sebe.<\/p>\n<p>Mogu Vas ohrabriti, potaknuti na pobolj\u0161anje odnosa i dati Vam snage za uspje\u0161no ostvarenje ciljeva koje ste si zadali.<\/p>\n<p>Vjerujem da \u0107e Vas posljednje poglavlje koje govori o stvarnim junacima, koji su usprkos raznim neda\u0107ama ostvarili nezamislivo, nadahnuti da i Vi ve\u0107 danas budete korak bli\u017ee ostvarenju snova.<\/p>\n<p>A ono \u0161to je mo\u017eda i najva\u017enije, vjerujem kako \u0107ete uz pomo\u0107 ovih pri\u010da shvatiti da nikada niste sami na \u017eivotnom putu, bez obzira na okolnosti u kojima se nalazite.<\/p>\n<p>Ve\u0107ina pri\u010da nadahnuta je i prilago\u0111ena pri\u010dama nepoznatih autora, kojima sam duboko zahvalna na poruci koju su podijelili sa svima nama. Neke sam pri\u010de sama osmislila. Mo\u017eda ste koju od njih ve\u0107 \u010duli pa, ako je tako, dopustite im da Vas ponovno podsjete tko ste uistinu i za \u0161to ste sve sposobni.<\/p>\n<p>\u017delim Vam ugodno \u010ditanje.<\/p>\n<p>S ljubavlju,<br \/>Tamara<\/p>\n<p><strong>Bilje\u0161ka o autorici:<\/strong><\/p>\n<p>Tamara Preprovi\u0107 ro\u0111ena je 1. svibnja 1987. godine u Koprivnici. Poduzetnica je i direktorica tvrtke za digitalni marketing. Ve\u0107 du\u017ei niz godina prou\u010dava duhovnost, motivaciju i osobni razvoj. Suosniva\u010dica je internetske zajednice, bloga i YouTube kanala\u00a0<em>Kako misliti pozitivno<\/em>\u00a0preko kojeg motivira ljude na pozitivne promjene i pobolj\u0161anje kvalitete \u017eivota op\u0107enito. Mo\u017eete joj se obratiti na mail\u00a0 <a href=\"mailto:kakomislitipozitivno@gmail.com\" target=\"_blank\" rel=\"noopener noreferrer\">kakomislitipozitivno@gmail.com<\/a><br \/>Web adresa bloga je\u00a0 <a href=\"https:\/\/www.kakomislitipozitivno.info\/\" target=\"_blank\" rel=\"noopener noreferrer\">www.kakomislitipozitivno.info<\/a><\/p>\n<p><strong>Klju\u010dne rije\u010di: <\/strong>pozitivna psihologija, motivacija, samopomo\u0107, duhovnost<strong><br \/><\/strong><br \/><strong>Link:<\/strong> <a href=\"https:\/\/www.kakomislitipozitivno.info\/\" target=\"_blank\" rel=\"noopener noreferrer\">www.kakomislitipozitivno.info<\/a>.<\/p>\n<p><strong>E-mail:<\/strong>\u00a0<a href=\"mailto:kakomislitipozitivno@gmail.com\" target=\"_blank\" rel=\"noopener noreferrer\">kakomislitipozitivno@gmail.com<\/a><\/p>\n<p>\u00a0<\/p>\n<p><strong>Naslov:<\/strong> Obilje nadahnu\u0107a \u2013 zbirka pri\u010da za bolji \u017eivot<br \/><strong>Autorica:<\/strong> Tamara Preprovi\u0107<br \/><strong>Broj stranica:<\/strong> 180<br \/><strong>Nakladnik:<\/strong> REDAK<br \/><strong>Godina izdanja:<\/strong> 2020.<br \/><strong>ISBN:<\/strong> 978-953-336-683-8<br \/><strong>Tisak:<\/strong> digitalni tisak knjiga &#8211; print na zahtjev<\/p>\n<p>\u00a0<\/p>\n<p>\u00a0<br \/><strong>Kako naru\u010diti knjigu?\u00a0<\/strong>Proces online kupovine jednako funkcionira za sve kupce, s jedinom razlikom u tome \u0161to \u0161to kupci iz inozemstva za podru\u010dje dostave moraju odabrati &#8220;Europa&#8221; ili &#8220;Ostale zemlje svijeta&#8221;, a za vrstu pla\u0107anja WSPay (kreditna kartica) ili Virmanom (bankovni transfer).<\/p>\n<p style=\"text-align: justify;\">Molimo kliknite ovdje za\u00a0<a href=\"hr\/kako-kupovati\">detaljni vodi\u010d kroz proces narud\u017ebe<\/a>\u00a0ili nas\u00a0<a href=\"hr\/kontakt\">kontaktirajte<\/a>\u00a0za vi\u0161e informacija.<\/p>\n","protected":false},"excerpt":{"rendered":"<p>Sa\u017eetak: Knjiga sadr\u017ei 98 inspirativnih i motiviraju\u0107ih pri\u010da. Iz uvoda: Predstavlja li Vam ponekad bu\u0111enje i susret s novim danom teret zbog obveza koje Vas \u010dekaju? Mo\u017eda ste postavili ciljeve koje biste \u017eeljeli ostvariti, ali osje\u0107ate manjak motivacije potreban za njihovo ostvarenje. Gubite li vjeru u sebe i svoje sposobnosti? Bojite se neuspjeha? Ponekad Vam [&hellip;]<\/p>\n","protected":false},"featured_media":9361,"comment_status":"open","ping_status":"closed","template":"","meta":{"_acf_changed":false},"product_brand":[],"product_cat":[1489],"product_tag":[],"class_list":{"0":"post-9360","1":"product","2":"type-product","3":"status-publish","4":"has-post-thumbnail","6":"product_cat-publicistika","7":"pa_autor-tamara-preprovic","8":"pa_nakladnik-redak","10":"first","11":"instock","12":"shipping-taxable","13":"purchasable","14":"product-type-simple"},"acf":[],"yoast_head":"<!-- This site is optimized with the Yoast SEO plugin v27.3 - https:\/\/yoast.com\/product\/yoast-seo-wordpress\/ -->\n<title>OBILJE NADAHNU\u0106A \u2013 ZBIRKA PRI\u010cA ZA BOLJI \u017dIVOT, Tamara Preprovi\u0107 - Web-knji\u017eara<\/title>\n<meta name=\"robots\" content=\"index, follow, max-snippet:-1, max-image-preview:large, max-video-preview:-1\" \/>\n<link rel=\"canonical\" href=\"https:\/\/webknjizara.hr\/proizvod\/obilje-nadahnuca-zbirka-prica-za-bolji-zivot-tamara-preprovic\/\" \/>\n<meta property=\"og:locale\" content=\"en_US\" \/>\n<meta property=\"og:type\" content=\"article\" \/>\n<meta property=\"og:title\" content=\"OBILJE NADAHNU\u0106A \u2013 ZBIRKA PRI\u010cA ZA BOLJI \u017dIVOT, Tamara Preprovi\u0107 - Web-knji\u017eara\" \/>\n<meta property=\"og:description\" content=\"Sa\u017eetak: Knjiga sadr\u017ei 98 inspirativnih i motiviraju\u0107ih pri\u010da. Iz uvoda: Predstavlja li Vam ponekad bu\u0111enje i susret s novim danom teret zbog obveza koje Vas \u010dekaju? Mo\u017eda ste postavili ciljeve koje biste \u017eeljeli ostvariti, ali osje\u0107ate manjak motivacije potreban za njihovo ostvarenje. Gubite li vjeru u sebe i svoje sposobnosti? Bojite se neuspjeha? Ponekad Vam [&hellip;]\" \/>\n<meta property=\"og:url\" content=\"https:\/\/webknjizara.hr\/proizvod\/obilje-nadahnuca-zbirka-prica-za-bolji-zivot-tamara-preprovic\/\" \/>\n<meta property=\"og:site_name\" content=\"Web-knji\u017eara\" \/>\n<meta property=\"article:modified_time\" content=\"2023-02-26T23:18:17+00:00\" \/>\n<meta property=\"og:image\" content=\"https:\/\/webknjizara.hr\/wp-content\/uploads\/nc\/images\/virtuemart\/product\/Tamara_Preprovic_Obilje_nadahnuca_naslovnicWEB.jpg\" \/>\n\t<meta property=\"og:image:width\" content=\"350\" \/>\n\t<meta property=\"og:image:height\" content=\"488\" \/>\n\t<meta property=\"og:image:type\" content=\"image\/jpeg\" \/>\n<meta name=\"twitter:card\" content=\"summary_large_image\" \/>\n<meta name=\"twitter:label1\" content=\"Est. reading time\" \/>\n\t<meta name=\"twitter:data1\" content=\"3 minutes\" \/>\n<script type=\"application\/ld+json\" class=\"yoast-schema-graph\">{\"@context\":\"https:\\\/\\\/schema.org\",\"@graph\":[{\"@type\":\"WebPage\",\"@id\":\"https:\\\/\\\/webknjizara.hr\\\/proizvod\\\/obilje-nadahnuca-zbirka-prica-za-bolji-zivot-tamara-preprovic\\\/\",\"url\":\"https:\\\/\\\/webknjizara.hr\\\/proizvod\\\/obilje-nadahnuca-zbirka-prica-za-bolji-zivot-tamara-preprovic\\\/\",\"name\":\"OBILJE NADAHNU\u0106A \u2013 ZBIRKA PRI\u010cA ZA BOLJI \u017dIVOT, Tamara Preprovi\u0107 - Web-knji\u017eara\",\"isPartOf\":{\"@id\":\"https:\\\/\\\/webknjizara.hr\\\/#website\"},\"primaryImageOfPage\":{\"@id\":\"https:\\\/\\\/webknjizara.hr\\\/proizvod\\\/obilje-nadahnuca-zbirka-prica-za-bolji-zivot-tamara-preprovic\\\/#primaryimage\"},\"image\":{\"@id\":\"https:\\\/\\\/webknjizara.hr\\\/proizvod\\\/obilje-nadahnuca-zbirka-prica-za-bolji-zivot-tamara-preprovic\\\/#primaryimage\"},\"thumbnailUrl\":\"https:\\\/\\\/webknjizara.hr\\\/wp-content\\\/uploads\\\/nc\\\/images\\\/virtuemart\\\/product\\\/Tamara_Preprovic_Obilje_nadahnuca_naslovnicWEB.jpg\",\"datePublished\":\"2020-11-25T12:45:51+00:00\",\"dateModified\":\"2023-02-26T23:18:17+00:00\",\"breadcrumb\":{\"@id\":\"https:\\\/\\\/webknjizara.hr\\\/proizvod\\\/obilje-nadahnuca-zbirka-prica-za-bolji-zivot-tamara-preprovic\\\/#breadcrumb\"},\"inLanguage\":\"en-US\",\"potentialAction\":[{\"@type\":\"ReadAction\",\"target\":[\"https:\\\/\\\/webknjizara.hr\\\/proizvod\\\/obilje-nadahnuca-zbirka-prica-za-bolji-zivot-tamara-preprovic\\\/\"]}]},{\"@type\":\"ImageObject\",\"inLanguage\":\"en-US\",\"@id\":\"https:\\\/\\\/webknjizara.hr\\\/proizvod\\\/obilje-nadahnuca-zbirka-prica-za-bolji-zivot-tamara-preprovic\\\/#primaryimage\",\"url\":\"https:\\\/\\\/webknjizara.hr\\\/wp-content\\\/uploads\\\/nc\\\/images\\\/virtuemart\\\/product\\\/Tamara_Preprovic_Obilje_nadahnuca_naslovnicWEB.jpg\",\"contentUrl\":\"https:\\\/\\\/webknjizara.hr\\\/wp-content\\\/uploads\\\/nc\\\/images\\\/virtuemart\\\/product\\\/Tamara_Preprovic_Obilje_nadahnuca_naslovnicWEB.jpg\",\"width\":350,\"height\":488,\"caption\":\"OBILJE NADAHNU\u0106A \u2013 ZBIRKA PRI\u010cA ZA BOLJI \u017dIVOT, Tamara Preprovi\u0107\"},{\"@type\":\"BreadcrumbList\",\"@id\":\"https:\\\/\\\/webknjizara.hr\\\/proizvod\\\/obilje-nadahnuca-zbirka-prica-za-bolji-zivot-tamara-preprovic\\\/#breadcrumb\",\"itemListElement\":[{\"@type\":\"ListItem\",\"position\":1,\"name\":\"Po\u010detna stranica\",\"item\":\"https:\\\/\\\/webknjizara.hr\\\/en\\\/\"},{\"@type\":\"ListItem\",\"position\":2,\"name\":\"Shop\",\"item\":\"https:\\\/\\\/webknjizara.hr\\\/shop\\\/\"},{\"@type\":\"ListItem\",\"position\":3,\"name\":\"OBILJE NADAHNU\u0106A \u2013 ZBIRKA PRI\u010cA ZA BOLJI \u017dIVOT, Tamara Preprovi\u0107\"}]},{\"@type\":\"WebSite\",\"@id\":\"https:\\\/\\\/webknjizara.hr\\\/#website\",\"url\":\"https:\\\/\\\/webknjizara.hr\\\/\",\"name\":\"Web Knji\u017eara\",\"description\":\"\",\"publisher\":{\"@id\":\"https:\\\/\\\/webknjizara.hr\\\/#organization\"},\"potentialAction\":[{\"@type\":\"SearchAction\",\"target\":{\"@type\":\"EntryPoint\",\"urlTemplate\":\"https:\\\/\\\/webknjizara.hr\\\/?s={search_term_string}\"},\"query-input\":{\"@type\":\"PropertyValueSpecification\",\"valueRequired\":true,\"valueName\":\"search_term_string\"}}],\"inLanguage\":\"en-US\"},{\"@type\":\"Organization\",\"@id\":\"https:\\\/\\\/webknjizara.hr\\\/#organization\",\"name\":\"REDAK D.O.O.\",\"url\":\"https:\\\/\\\/webknjizara.hr\\\/\",\"logo\":{\"@type\":\"ImageObject\",\"inLanguage\":\"en-US\",\"@id\":\"https:\\\/\\\/webknjizara.hr\\\/#\\\/schema\\\/logo\\\/image\\\/\",\"url\":\"https:\\\/\\\/webknjizara.hr\\\/wp-content\\\/uploads\\\/2023\\\/01\\\/web-knjizara-logo.webp\",\"contentUrl\":\"https:\\\/\\\/webknjizara.hr\\\/wp-content\\\/uploads\\\/2023\\\/01\\\/web-knjizara-logo.webp\",\"width\":324,\"height\":79,\"caption\":\"REDAK D.O.O.\"},\"image\":{\"@id\":\"https:\\\/\\\/webknjizara.hr\\\/#\\\/schema\\\/logo\\\/image\\\/\"}}]}<\/script>\n<!-- \/ Yoast SEO plugin. -->","yoast_head_json":{"title":"OBILJE NADAHNU\u0106A \u2013 ZBIRKA PRI\u010cA ZA BOLJI \u017dIVOT, Tamara Preprovi\u0107 - Web-knji\u017eara","robots":{"index":"index","follow":"follow","max-snippet":"max-snippet:-1","max-image-preview":"max-image-preview:large","max-video-preview":"max-video-preview:-1"},"canonical":"https:\/\/webknjizara.hr\/proizvod\/obilje-nadahnuca-zbirka-prica-za-bolji-zivot-tamara-preprovic\/","og_locale":"en_US","og_type":"article","og_title":"OBILJE NADAHNU\u0106A \u2013 ZBIRKA PRI\u010cA ZA BOLJI \u017dIVOT, Tamara Preprovi\u0107 - Web-knji\u017eara","og_description":"Sa\u017eetak: Knjiga sadr\u017ei 98 inspirativnih i motiviraju\u0107ih pri\u010da. Iz uvoda: Predstavlja li Vam ponekad bu\u0111enje i susret s novim danom teret zbog obveza koje Vas \u010dekaju? Mo\u017eda ste postavili ciljeve koje biste \u017eeljeli ostvariti, ali osje\u0107ate manjak motivacije potreban za njihovo ostvarenje. Gubite li vjeru u sebe i svoje sposobnosti? Bojite se neuspjeha? Ponekad Vam [&hellip;]","og_url":"https:\/\/webknjizara.hr\/proizvod\/obilje-nadahnuca-zbirka-prica-za-bolji-zivot-tamara-preprovic\/","og_site_name":"Web-knji\u017eara","article_modified_time":"2023-02-26T23:18:17+00:00","og_image":[{"width":350,"height":488,"url":"https:\/\/webknjizara.hr\/wp-content\/uploads\/nc\/images\/virtuemart\/product\/Tamara_Preprovic_Obilje_nadahnuca_naslovnicWEB.jpg","type":"image\/jpeg"}],"twitter_card":"summary_large_image","twitter_misc":{"Est. reading time":"3 minutes"},"schema":{"@context":"https:\/\/schema.org","@graph":[{"@type":"WebPage","@id":"https:\/\/webknjizara.hr\/proizvod\/obilje-nadahnuca-zbirka-prica-za-bolji-zivot-tamara-preprovic\/","url":"https:\/\/webknjizara.hr\/proizvod\/obilje-nadahnuca-zbirka-prica-za-bolji-zivot-tamara-preprovic\/","name":"OBILJE NADAHNU\u0106A \u2013 ZBIRKA PRI\u010cA ZA BOLJI \u017dIVOT, Tamara Preprovi\u0107 - Web-knji\u017eara","isPartOf":{"@id":"https:\/\/webknjizara.hr\/#website"},"primaryImageOfPage":{"@id":"https:\/\/webknjizara.hr\/proizvod\/obilje-nadahnuca-zbirka-prica-za-bolji-zivot-tamara-preprovic\/#primaryimage"},"image":{"@id":"https:\/\/webknjizara.hr\/proizvod\/obilje-nadahnuca-zbirka-prica-za-bolji-zivot-tamara-preprovic\/#primaryimage"},"thumbnailUrl":"https:\/\/webknjizara.hr\/wp-content\/uploads\/nc\/images\/virtuemart\/product\/Tamara_Preprovic_Obilje_nadahnuca_naslovnicWEB.jpg","datePublished":"2020-11-25T12:45:51+00:00","dateModified":"2023-02-26T23:18:17+00:00","breadcrumb":{"@id":"https:\/\/webknjizara.hr\/proizvod\/obilje-nadahnuca-zbirka-prica-za-bolji-zivot-tamara-preprovic\/#breadcrumb"},"inLanguage":"en-US","potentialAction":[{"@type":"ReadAction","target":["https:\/\/webknjizara.hr\/proizvod\/obilje-nadahnuca-zbirka-prica-za-bolji-zivot-tamara-preprovic\/"]}]},{"@type":"ImageObject","inLanguage":"en-US","@id":"https:\/\/webknjizara.hr\/proizvod\/obilje-nadahnuca-zbirka-prica-za-bolji-zivot-tamara-preprovic\/#primaryimage","url":"https:\/\/webknjizara.hr\/wp-content\/uploads\/nc\/images\/virtuemart\/product\/Tamara_Preprovic_Obilje_nadahnuca_naslovnicWEB.jpg","contentUrl":"https:\/\/webknjizara.hr\/wp-content\/uploads\/nc\/images\/virtuemart\/product\/Tamara_Preprovic_Obilje_nadahnuca_naslovnicWEB.jpg","width":350,"height":488,"caption":"OBILJE NADAHNU\u0106A \u2013 ZBIRKA PRI\u010cA ZA BOLJI \u017dIVOT, Tamara Preprovi\u0107"},{"@type":"BreadcrumbList","@id":"https:\/\/webknjizara.hr\/proizvod\/obilje-nadahnuca-zbirka-prica-za-bolji-zivot-tamara-preprovic\/#breadcrumb","itemListElement":[{"@type":"ListItem","position":1,"name":"Po\u010detna stranica","item":"https:\/\/webknjizara.hr\/en\/"},{"@type":"ListItem","position":2,"name":"Shop","item":"https:\/\/webknjizara.hr\/shop\/"},{"@type":"ListItem","position":3,"name":"OBILJE NADAHNU\u0106A \u2013 ZBIRKA PRI\u010cA ZA BOLJI \u017dIVOT, Tamara Preprovi\u0107"}]},{"@type":"WebSite","@id":"https:\/\/webknjizara.hr\/#website","url":"https:\/\/webknjizara.hr\/","name":"Web Knji\u017eara","description":"","publisher":{"@id":"https:\/\/webknjizara.hr\/#organization"},"potentialAction":[{"@type":"SearchAction","target":{"@type":"EntryPoint","urlTemplate":"https:\/\/webknjizara.hr\/?s={search_term_string}"},"query-input":{"@type":"PropertyValueSpecification","valueRequired":true,"valueName":"search_term_string"}}],"inLanguage":"en-US"},{"@type":"Organization","@id":"https:\/\/webknjizara.hr\/#organization","name":"REDAK D.O.O.","url":"https:\/\/webknjizara.hr\/","logo":{"@type":"ImageObject","inLanguage":"en-US","@id":"https:\/\/webknjizara.hr\/#\/schema\/logo\/image\/","url":"https:\/\/webknjizara.hr\/wp-content\/uploads\/2023\/01\/web-knjizara-logo.webp","contentUrl":"https:\/\/webknjizara.hr\/wp-content\/uploads\/2023\/01\/web-knjizara-logo.webp","width":324,"height":79,"caption":"REDAK D.O.O."},"image":{"@id":"https:\/\/webknjizara.hr\/#\/schema\/logo\/image\/"}}]}},"_links":{"self":[{"href":"https:\/\/webknjizara.hr\/en\/wp-json\/wp\/v2\/product\/9360","targetHints":{"allow":["GET"]}}],"collection":[{"href":"https:\/\/webknjizara.hr\/en\/wp-json\/wp\/v2\/product"}],"about":[{"href":"https:\/\/webknjizara.hr\/en\/wp-json\/wp\/v2\/types\/product"}],"replies":[{"embeddable":true,"href":"https:\/\/webknjizara.hr\/en\/wp-json\/wp\/v2\/comments?post=9360"}],"wp:featuredmedia":[{"embeddable":true,"href":"https:\/\/webknjizara.hr\/en\/wp-json\/wp\/v2\/media\/9361"}],"wp:attachment":[{"href":"https:\/\/webknjizara.hr\/en\/wp-json\/wp\/v2\/media?parent=9360"}],"wp:term":[{"taxonomy":"product_brand","embeddable":true,"href":"https:\/\/webknjizara.hr\/en\/wp-json\/wp\/v2\/product_brand?post=9360"},{"taxonomy":"product_cat","embeddable":true,"href":"https:\/\/webknjizara.hr\/en\/wp-json\/wp\/v2\/product_cat?post=9360"},{"taxonomy":"product_tag","embeddable":true,"href":"https:\/\/webknjizara.hr\/en\/wp-json\/wp\/v2\/product_tag?post=9360"}],"curies":[{"name":"wp","href":"https:\/\/api.w.org\/{rel}","templated":true}]}}