{"id":9358,"date":"2020-11-06T12:14:52","date_gmt":"2020-11-06T12:14:52","guid":{"rendered":"https:\/\/webknjizara.hr\/?product=hrvati-iz-srijema-banata-i-backe-u-vrtlogu-devedesetih-progon-i-etnicko-ciscenje-zlatko-pinter"},"modified":"2023-02-27T00:18:17","modified_gmt":"2023-02-26T23:18:17","slug":"hrvati-iz-srijema-banata-i-backe-u-vrtlogu-devedesetih-progon-i-etnicko-ciscenje-zlatko-pinter","status":"publish","type":"product","link":"https:\/\/webknjizara.hr\/en\/proizvod\/hrvati-iz-srijema-banata-i-backe-u-vrtlogu-devedesetih-progon-i-etnicko-ciscenje-zlatko-pinter\/","title":{"rendered":"HRVATI IZ SRIJEMA, BANATA I BA\u010cKE U VRTLOGU DEVEDESETIH &#8211; PROGON I ETNI\u010cKO \u010cI\u0160\u0106ENJE, Zlatko Pinter"},"content":{"rendered":"<p><strong>Sa\u017eetak:<\/strong><\/p>\n<p>Kratki pregled povijesti Vojvodine s posebnim osvrtom na polo\u017eaj manjina i Hrvata u ovoj pokrajini u vrijeme raspada SFRJ i ratova koji su vo\u0111eni na tom prostoru 90-ih godina XX. stolje\u0107a<\/p>\n<p><strong>Bilje\u0161ka o autoru:<\/strong><\/p>\n<p>Ro\u0111en 23. kolovoza 1954. godine u Zemunu, odrastao u jugozapadnoj Ba\u010dkoj (selo Plavna, op\u0107ina Ba\u010d), do kraja kolovoza 1991. godine \u017eivio tamo, potom s obitelji iselio u Hrvatsku, dragovoljac DR, umirovljeni \u010dasnik HV, \u017eivi s obitelji u Dugom Selu.<\/p>\n<p><strong>Klju\u010dne rije\u010di:<\/strong> Teror, etni\u010dko \u010di\u0161\u0107enje, progon Hrvata, Vojvodina, Srijem, Ba\u010dka, Banat, Demokratski savez Hrvata u Vojvodini<\/p>\n<p><strong>E-mail:<\/strong> <a href=\"mailto:filipandrija2@gmail.com\" target=\"_blank\" rel=\"noopener noreferrer\">Zlatko Pinter<\/a><\/p>\n<p><\/p>\n<p>\u00a0<strong>Naslov:<\/strong> Hrvati iz Srijema, Banata i Ba\u010dke u vrtlogu devedesetih &#8211; Progon i etni\u010dko \u010di\u0161\u0107enje<br \/><strong>Autor:<\/strong> Zlatko Pinter<br \/><strong>Broj stranica:<\/strong> 412<br \/><strong>Nakladnik:<\/strong> Zajednica protjeranih Hrvata iz Srijema, Ba\u010dke i Banata<br \/><strong>Godina izdanja:<\/strong>\u00a00.<br \/><strong>ISBN:<\/strong> 978-953-7890-03-2<br \/><strong>Tisak:<\/strong> digitalni tisak knjiga &#8211; print na zahtjev<\/p>\n<p>\u00a0<\/p>\n<p style=\"text-align: justify;\">\u00a0<strong>Kako naru\u010diti knjigu?\u00a0<\/strong>Proces online kupovine jednako funkcionira za sve kupce, s jedinom razlikom u tome \u0161to \u0161to kupci iz inozemstva za podru\u010dje dostave moraju odabrati &#8220;Europa&#8221; ili &#8220;Ostale zemlje svijeta&#8221;, a za vrstu pla\u0107anja WSPay (kreditna kartica) ili Virmanom (bankovni transfer).<\/p>\n<p style=\"text-align: justify;\">Molimo kliknite ovdje za\u00a0<a href=\"hr\/kako-kupovati\">detaljni vodi\u010d kroz proces narud\u017ebe<\/a>\u00a0ili nas\u00a0<a href=\"hr\/kontakt\">kontaktirajte<\/a>\u00a0za vi\u0161e informacija.<\/p>\n","protected":false},"excerpt":{"rendered":"<p>Sa\u017eetak: Kratki pregled povijesti Vojvodine s posebnim osvrtom na polo\u017eaj manjina i Hrvata u ovoj pokrajini u vrijeme raspada SFRJ i ratova koji su vo\u0111eni na tom prostoru 90-ih godina XX. stolje\u0107a Bilje\u0161ka o autoru: Ro\u0111en 23. kolovoza 1954. godine u Zemunu, odrastao u jugozapadnoj Ba\u010dkoj (selo Plavna, op\u0107ina Ba\u010d), do kraja kolovoza 1991. godine [&hellip;]<\/p>\n","protected":false},"featured_media":9359,"comment_status":"open","ping_status":"closed","template":"","meta":{"_acf_changed":false},"product_brand":[],"product_cat":[1489],"product_tag":[],"class_list":{"0":"post-9358","1":"product","2":"type-product","3":"status-publish","4":"has-post-thumbnail","6":"product_cat-publicistika","7":"pa_autor-zlatko-pinter","8":"pa_nakladnik-zajednica-protjeranih-hrvata-iz-srijema-backe-i-banata","10":"first","11":"instock","12":"shipping-taxable","13":"purchasable","14":"product-type-simple"},"acf":[],"yoast_head":"<!-- This site is optimized with the Yoast SEO plugin v27.3 - https:\/\/yoast.com\/product\/yoast-seo-wordpress\/ -->\n<title>HRVATI IZ SRIJEMA, BANATA I BA\u010cKE U VRTLOGU DEVEDESETIH - PROGON I ETNI\u010cKO \u010cI\u0160\u0106ENJE, Zlatko Pinter - Web-knji\u017eara<\/title>\n<meta name=\"robots\" content=\"index, follow, max-snippet:-1, max-image-preview:large, max-video-preview:-1\" \/>\n<link rel=\"canonical\" href=\"https:\/\/webknjizara.hr\/proizvod\/hrvati-iz-srijema-banata-i-backe-u-vrtlogu-devedesetih-progon-i-etnicko-ciscenje-zlatko-pinter\/\" \/>\n<meta property=\"og:locale\" content=\"en_US\" \/>\n<meta property=\"og:type\" content=\"article\" \/>\n<meta property=\"og:title\" content=\"HRVATI IZ SRIJEMA, BANATA I BA\u010cKE U VRTLOGU DEVEDESETIH - PROGON I ETNI\u010cKO \u010cI\u0160\u0106ENJE, Zlatko Pinter - Web-knji\u017eara\" \/>\n<meta property=\"og:description\" content=\"Sa\u017eetak: Kratki pregled povijesti Vojvodine s posebnim osvrtom na polo\u017eaj manjina i Hrvata u ovoj pokrajini u vrijeme raspada SFRJ i ratova koji su vo\u0111eni na tom prostoru 90-ih godina XX. stolje\u0107a Bilje\u0161ka o autoru: Ro\u0111en 23. kolovoza 1954. godine u Zemunu, odrastao u jugozapadnoj Ba\u010dkoj (selo Plavna, op\u0107ina Ba\u010d), do kraja kolovoza 1991. godine [&hellip;]\" \/>\n<meta property=\"og:url\" content=\"https:\/\/webknjizara.hr\/proizvod\/hrvati-iz-srijema-banata-i-backe-u-vrtlogu-devedesetih-progon-i-etnicko-ciscenje-zlatko-pinter\/\" \/>\n<meta property=\"og:site_name\" content=\"Web-knji\u017eara\" \/>\n<meta property=\"article:modified_time\" content=\"2023-02-26T23:18:17+00:00\" \/>\n<meta property=\"og:image\" content=\"https:\/\/webknjizara.hr\/wp-content\/uploads\/nc\/images\/virtuemart\/product\/Pinter_Zlatko_Hrvati_iz_Srijema_Backe_i_Banata_naslovnica_WEB.jpg\" \/>\n\t<meta property=\"og:image:width\" content=\"300\" \/>\n\t<meta property=\"og:image:height\" content=\"419\" \/>\n\t<meta property=\"og:image:type\" content=\"image\/jpeg\" \/>\n<meta name=\"twitter:card\" content=\"summary_large_image\" \/>\n<meta name=\"twitter:label1\" content=\"Est. reading time\" \/>\n\t<meta name=\"twitter:data1\" content=\"1 minute\" \/>\n<script type=\"application\/ld+json\" class=\"yoast-schema-graph\">{\"@context\":\"https:\\\/\\\/schema.org\",\"@graph\":[{\"@type\":\"WebPage\",\"@id\":\"https:\\\/\\\/webknjizara.hr\\\/proizvod\\\/hrvati-iz-srijema-banata-i-backe-u-vrtlogu-devedesetih-progon-i-etnicko-ciscenje-zlatko-pinter\\\/\",\"url\":\"https:\\\/\\\/webknjizara.hr\\\/proizvod\\\/hrvati-iz-srijema-banata-i-backe-u-vrtlogu-devedesetih-progon-i-etnicko-ciscenje-zlatko-pinter\\\/\",\"name\":\"HRVATI IZ SRIJEMA, BANATA I BA\u010cKE U VRTLOGU DEVEDESETIH - PROGON I ETNI\u010cKO \u010cI\u0160\u0106ENJE, Zlatko Pinter - Web-knji\u017eara\",\"isPartOf\":{\"@id\":\"https:\\\/\\\/webknjizara.hr\\\/#website\"},\"primaryImageOfPage\":{\"@id\":\"https:\\\/\\\/webknjizara.hr\\\/proizvod\\\/hrvati-iz-srijema-banata-i-backe-u-vrtlogu-devedesetih-progon-i-etnicko-ciscenje-zlatko-pinter\\\/#primaryimage\"},\"image\":{\"@id\":\"https:\\\/\\\/webknjizara.hr\\\/proizvod\\\/hrvati-iz-srijema-banata-i-backe-u-vrtlogu-devedesetih-progon-i-etnicko-ciscenje-zlatko-pinter\\\/#primaryimage\"},\"thumbnailUrl\":\"https:\\\/\\\/webknjizara.hr\\\/wp-content\\\/uploads\\\/nc\\\/images\\\/virtuemart\\\/product\\\/Pinter_Zlatko_Hrvati_iz_Srijema_Backe_i_Banata_naslovnica_WEB.jpg\",\"datePublished\":\"2020-11-06T12:14:52+00:00\",\"dateModified\":\"2023-02-26T23:18:17+00:00\",\"breadcrumb\":{\"@id\":\"https:\\\/\\\/webknjizara.hr\\\/proizvod\\\/hrvati-iz-srijema-banata-i-backe-u-vrtlogu-devedesetih-progon-i-etnicko-ciscenje-zlatko-pinter\\\/#breadcrumb\"},\"inLanguage\":\"en-US\",\"potentialAction\":[{\"@type\":\"ReadAction\",\"target\":[\"https:\\\/\\\/webknjizara.hr\\\/proizvod\\\/hrvati-iz-srijema-banata-i-backe-u-vrtlogu-devedesetih-progon-i-etnicko-ciscenje-zlatko-pinter\\\/\"]}]},{\"@type\":\"ImageObject\",\"inLanguage\":\"en-US\",\"@id\":\"https:\\\/\\\/webknjizara.hr\\\/proizvod\\\/hrvati-iz-srijema-banata-i-backe-u-vrtlogu-devedesetih-progon-i-etnicko-ciscenje-zlatko-pinter\\\/#primaryimage\",\"url\":\"https:\\\/\\\/webknjizara.hr\\\/wp-content\\\/uploads\\\/nc\\\/images\\\/virtuemart\\\/product\\\/Pinter_Zlatko_Hrvati_iz_Srijema_Backe_i_Banata_naslovnica_WEB.jpg\",\"contentUrl\":\"https:\\\/\\\/webknjizara.hr\\\/wp-content\\\/uploads\\\/nc\\\/images\\\/virtuemart\\\/product\\\/Pinter_Zlatko_Hrvati_iz_Srijema_Backe_i_Banata_naslovnica_WEB.jpg\",\"width\":300,\"height\":419,\"caption\":\"HRVATI IZ SRIJEMA, BANATA I BA\u010cKE U VRTLOGU DEVEDESETIH - PROGON I ETNI\u010cKO \u010cI\u0160\u0106ENJE, Zlatko Pinter\"},{\"@type\":\"BreadcrumbList\",\"@id\":\"https:\\\/\\\/webknjizara.hr\\\/proizvod\\\/hrvati-iz-srijema-banata-i-backe-u-vrtlogu-devedesetih-progon-i-etnicko-ciscenje-zlatko-pinter\\\/#breadcrumb\",\"itemListElement\":[{\"@type\":\"ListItem\",\"position\":1,\"name\":\"Po\u010detna stranica\",\"item\":\"https:\\\/\\\/webknjizara.hr\\\/en\\\/\"},{\"@type\":\"ListItem\",\"position\":2,\"name\":\"Shop\",\"item\":\"https:\\\/\\\/webknjizara.hr\\\/shop\\\/\"},{\"@type\":\"ListItem\",\"position\":3,\"name\":\"HRVATI IZ SRIJEMA, BANATA I BA\u010cKE U VRTLOGU DEVEDESETIH &#8211; PROGON I ETNI\u010cKO \u010cI\u0160\u0106ENJE, Zlatko Pinter\"}]},{\"@type\":\"WebSite\",\"@id\":\"https:\\\/\\\/webknjizara.hr\\\/#website\",\"url\":\"https:\\\/\\\/webknjizara.hr\\\/\",\"name\":\"Web Knji\u017eara\",\"description\":\"\",\"publisher\":{\"@id\":\"https:\\\/\\\/webknjizara.hr\\\/#organization\"},\"potentialAction\":[{\"@type\":\"SearchAction\",\"target\":{\"@type\":\"EntryPoint\",\"urlTemplate\":\"https:\\\/\\\/webknjizara.hr\\\/?s={search_term_string}\"},\"query-input\":{\"@type\":\"PropertyValueSpecification\",\"valueRequired\":true,\"valueName\":\"search_term_string\"}}],\"inLanguage\":\"en-US\"},{\"@type\":\"Organization\",\"@id\":\"https:\\\/\\\/webknjizara.hr\\\/#organization\",\"name\":\"REDAK D.O.O.\",\"url\":\"https:\\\/\\\/webknjizara.hr\\\/\",\"logo\":{\"@type\":\"ImageObject\",\"inLanguage\":\"en-US\",\"@id\":\"https:\\\/\\\/webknjizara.hr\\\/#\\\/schema\\\/logo\\\/image\\\/\",\"url\":\"https:\\\/\\\/webknjizara.hr\\\/wp-content\\\/uploads\\\/2023\\\/01\\\/web-knjizara-logo.webp\",\"contentUrl\":\"https:\\\/\\\/webknjizara.hr\\\/wp-content\\\/uploads\\\/2023\\\/01\\\/web-knjizara-logo.webp\",\"width\":324,\"height\":79,\"caption\":\"REDAK D.O.O.\"},\"image\":{\"@id\":\"https:\\\/\\\/webknjizara.hr\\\/#\\\/schema\\\/logo\\\/image\\\/\"}}]}<\/script>\n<!-- \/ Yoast SEO plugin. -->","yoast_head_json":{"title":"HRVATI IZ SRIJEMA, BANATA I BA\u010cKE U VRTLOGU DEVEDESETIH - PROGON I ETNI\u010cKO \u010cI\u0160\u0106ENJE, Zlatko Pinter - Web-knji\u017eara","robots":{"index":"index","follow":"follow","max-snippet":"max-snippet:-1","max-image-preview":"max-image-preview:large","max-video-preview":"max-video-preview:-1"},"canonical":"https:\/\/webknjizara.hr\/proizvod\/hrvati-iz-srijema-banata-i-backe-u-vrtlogu-devedesetih-progon-i-etnicko-ciscenje-zlatko-pinter\/","og_locale":"en_US","og_type":"article","og_title":"HRVATI IZ SRIJEMA, BANATA I BA\u010cKE U VRTLOGU DEVEDESETIH - PROGON I ETNI\u010cKO \u010cI\u0160\u0106ENJE, Zlatko Pinter - Web-knji\u017eara","og_description":"Sa\u017eetak: Kratki pregled povijesti Vojvodine s posebnim osvrtom na polo\u017eaj manjina i Hrvata u ovoj pokrajini u vrijeme raspada SFRJ i ratova koji su vo\u0111eni na tom prostoru 90-ih godina XX. stolje\u0107a Bilje\u0161ka o autoru: Ro\u0111en 23. kolovoza 1954. godine u Zemunu, odrastao u jugozapadnoj Ba\u010dkoj (selo Plavna, op\u0107ina Ba\u010d), do kraja kolovoza 1991. godine [&hellip;]","og_url":"https:\/\/webknjizara.hr\/proizvod\/hrvati-iz-srijema-banata-i-backe-u-vrtlogu-devedesetih-progon-i-etnicko-ciscenje-zlatko-pinter\/","og_site_name":"Web-knji\u017eara","article_modified_time":"2023-02-26T23:18:17+00:00","og_image":[{"width":300,"height":419,"url":"https:\/\/webknjizara.hr\/wp-content\/uploads\/nc\/images\/virtuemart\/product\/Pinter_Zlatko_Hrvati_iz_Srijema_Backe_i_Banata_naslovnica_WEB.jpg","type":"image\/jpeg"}],"twitter_card":"summary_large_image","twitter_misc":{"Est. reading time":"1 minute"},"schema":{"@context":"https:\/\/schema.org","@graph":[{"@type":"WebPage","@id":"https:\/\/webknjizara.hr\/proizvod\/hrvati-iz-srijema-banata-i-backe-u-vrtlogu-devedesetih-progon-i-etnicko-ciscenje-zlatko-pinter\/","url":"https:\/\/webknjizara.hr\/proizvod\/hrvati-iz-srijema-banata-i-backe-u-vrtlogu-devedesetih-progon-i-etnicko-ciscenje-zlatko-pinter\/","name":"HRVATI IZ SRIJEMA, BANATA I BA\u010cKE U VRTLOGU DEVEDESETIH - PROGON I ETNI\u010cKO \u010cI\u0160\u0106ENJE, Zlatko Pinter - Web-knji\u017eara","isPartOf":{"@id":"https:\/\/webknjizara.hr\/#website"},"primaryImageOfPage":{"@id":"https:\/\/webknjizara.hr\/proizvod\/hrvati-iz-srijema-banata-i-backe-u-vrtlogu-devedesetih-progon-i-etnicko-ciscenje-zlatko-pinter\/#primaryimage"},"image":{"@id":"https:\/\/webknjizara.hr\/proizvod\/hrvati-iz-srijema-banata-i-backe-u-vrtlogu-devedesetih-progon-i-etnicko-ciscenje-zlatko-pinter\/#primaryimage"},"thumbnailUrl":"https:\/\/webknjizara.hr\/wp-content\/uploads\/nc\/images\/virtuemart\/product\/Pinter_Zlatko_Hrvati_iz_Srijema_Backe_i_Banata_naslovnica_WEB.jpg","datePublished":"2020-11-06T12:14:52+00:00","dateModified":"2023-02-26T23:18:17+00:00","breadcrumb":{"@id":"https:\/\/webknjizara.hr\/proizvod\/hrvati-iz-srijema-banata-i-backe-u-vrtlogu-devedesetih-progon-i-etnicko-ciscenje-zlatko-pinter\/#breadcrumb"},"inLanguage":"en-US","potentialAction":[{"@type":"ReadAction","target":["https:\/\/webknjizara.hr\/proizvod\/hrvati-iz-srijema-banata-i-backe-u-vrtlogu-devedesetih-progon-i-etnicko-ciscenje-zlatko-pinter\/"]}]},{"@type":"ImageObject","inLanguage":"en-US","@id":"https:\/\/webknjizara.hr\/proizvod\/hrvati-iz-srijema-banata-i-backe-u-vrtlogu-devedesetih-progon-i-etnicko-ciscenje-zlatko-pinter\/#primaryimage","url":"https:\/\/webknjizara.hr\/wp-content\/uploads\/nc\/images\/virtuemart\/product\/Pinter_Zlatko_Hrvati_iz_Srijema_Backe_i_Banata_naslovnica_WEB.jpg","contentUrl":"https:\/\/webknjizara.hr\/wp-content\/uploads\/nc\/images\/virtuemart\/product\/Pinter_Zlatko_Hrvati_iz_Srijema_Backe_i_Banata_naslovnica_WEB.jpg","width":300,"height":419,"caption":"HRVATI IZ SRIJEMA, BANATA I BA\u010cKE U VRTLOGU DEVEDESETIH - PROGON I ETNI\u010cKO \u010cI\u0160\u0106ENJE, Zlatko Pinter"},{"@type":"BreadcrumbList","@id":"https:\/\/webknjizara.hr\/proizvod\/hrvati-iz-srijema-banata-i-backe-u-vrtlogu-devedesetih-progon-i-etnicko-ciscenje-zlatko-pinter\/#breadcrumb","itemListElement":[{"@type":"ListItem","position":1,"name":"Po\u010detna stranica","item":"https:\/\/webknjizara.hr\/en\/"},{"@type":"ListItem","position":2,"name":"Shop","item":"https:\/\/webknjizara.hr\/shop\/"},{"@type":"ListItem","position":3,"name":"HRVATI IZ SRIJEMA, BANATA I BA\u010cKE U VRTLOGU DEVEDESETIH &#8211; PROGON I ETNI\u010cKO \u010cI\u0160\u0106ENJE, Zlatko Pinter"}]},{"@type":"WebSite","@id":"https:\/\/webknjizara.hr\/#website","url":"https:\/\/webknjizara.hr\/","name":"Web Knji\u017eara","description":"","publisher":{"@id":"https:\/\/webknjizara.hr\/#organization"},"potentialAction":[{"@type":"SearchAction","target":{"@type":"EntryPoint","urlTemplate":"https:\/\/webknjizara.hr\/?s={search_term_string}"},"query-input":{"@type":"PropertyValueSpecification","valueRequired":true,"valueName":"search_term_string"}}],"inLanguage":"en-US"},{"@type":"Organization","@id":"https:\/\/webknjizara.hr\/#organization","name":"REDAK D.O.O.","url":"https:\/\/webknjizara.hr\/","logo":{"@type":"ImageObject","inLanguage":"en-US","@id":"https:\/\/webknjizara.hr\/#\/schema\/logo\/image\/","url":"https:\/\/webknjizara.hr\/wp-content\/uploads\/2023\/01\/web-knjizara-logo.webp","contentUrl":"https:\/\/webknjizara.hr\/wp-content\/uploads\/2023\/01\/web-knjizara-logo.webp","width":324,"height":79,"caption":"REDAK D.O.O."},"image":{"@id":"https:\/\/webknjizara.hr\/#\/schema\/logo\/image\/"}}]}},"_links":{"self":[{"href":"https:\/\/webknjizara.hr\/en\/wp-json\/wp\/v2\/product\/9358","targetHints":{"allow":["GET"]}}],"collection":[{"href":"https:\/\/webknjizara.hr\/en\/wp-json\/wp\/v2\/product"}],"about":[{"href":"https:\/\/webknjizara.hr\/en\/wp-json\/wp\/v2\/types\/product"}],"replies":[{"embeddable":true,"href":"https:\/\/webknjizara.hr\/en\/wp-json\/wp\/v2\/comments?post=9358"}],"wp:featuredmedia":[{"embeddable":true,"href":"https:\/\/webknjizara.hr\/en\/wp-json\/wp\/v2\/media\/9359"}],"wp:attachment":[{"href":"https:\/\/webknjizara.hr\/en\/wp-json\/wp\/v2\/media?parent=9358"}],"wp:term":[{"taxonomy":"product_brand","embeddable":true,"href":"https:\/\/webknjizara.hr\/en\/wp-json\/wp\/v2\/product_brand?post=9358"},{"taxonomy":"product_cat","embeddable":true,"href":"https:\/\/webknjizara.hr\/en\/wp-json\/wp\/v2\/product_cat?post=9358"},{"taxonomy":"product_tag","embeddable":true,"href":"https:\/\/webknjizara.hr\/en\/wp-json\/wp\/v2\/product_tag?post=9358"}],"curies":[{"name":"wp","href":"https:\/\/api.w.org\/{rel}","templated":true}]}}