{"id":9354,"date":"2020-11-04T12:21:53","date_gmt":"2020-11-04T12:21:53","guid":{"rendered":"https:\/\/webknjizara.hr\/?product=zbirka-zadataka-iz-programskog-jezika-c-grupa-autora"},"modified":"2023-02-27T00:18:17","modified_gmt":"2023-02-26T23:18:17","slug":"zbirka-zadataka-iz-programskog-jezika-c-grupa-autora","status":"publish","type":"product","link":"https:\/\/webknjizara.hr\/en\/proizvod\/zbirka-zadataka-iz-programskog-jezika-c-grupa-autora\/","title":{"rendered":"ZBIRKA ZADATAKA IZ PROGRAMSKOG JEZIKA C, Grupa autora"},"content":{"rendered":"<p><strong>Sa\u017eetak:<\/strong><\/p>\n<p>Zbirka zadataka iz programskog jezika C.<\/p>\n<p>Ova zbirka zadataka nastala je kao rezultat rada na kolegijima Programiranje i Analiza primjenom ra\u010dunala, koji se izu\u010davaju na prve dvije godine preddiplomskih sveu\u010dili\u0161nog studija Ra\u010dunarstva i Strojarstva na Fakultetu elektrotehnike, strojarstva i brodogradnje, Sveu\u010dili\u0161ta u Splitu.<\/p>\n<p>Obra\u0111eno gradivo predstavlja temeljni dio programskog jezika C. Na po\u010detku svakog poglavlja rije\u0161en je odre\u0111en broj zadataka uz odgovaraju\u0107e obja\u0161njenje, dok su na kraju ponu\u0111eni zadaci koji su ostavljeni studentima za samostalan rad. Zbirka zadataka je namijenjena svima koji \u017eele nau\u010diti programski jezik C, jer obuhva\u0107a jednostavne i napredne zadatke.<\/p>\n<p><strong>Bilje\u0161ka o autorima:<\/strong><\/p>\n<p>Damir Sedlar je izvanredni profesor na Sveu\u010dili\u0161tu u Splitu, Fakultetu elektrotehnike, strojarstva i brodogradnje. Podru\u010dje istra\u017eivanja je numeri\u010dka i eksperimentalna mehanika.<\/p>\n<p>Igor Pehnec je docent na Sveu\u010dili\u0161tu u Splitu, Fakultetu elektrotehnike, strojarstva i brodogradnje. Podru\u010dje istra\u017eivanja je ra\u010dunalna dinamika fluida i optimiranje.<\/p>\n<p>Ivan Tomac je docent na Sveu\u010dili\u0161tu u Splitu, Fakultetu elektrotehnike, strojarstva i brodogradnje. Podru\u010dje istra\u017eivanja je eksperimentalna mehanika i obrada signala.<\/p>\n<p><strong>Klju\u010dne rije\u010di:<\/strong> Programski jezik C, Pokaziva\u010di, Strukture, Datoteke, Funkcije<\/p>\n<p><strong>E-mail:<\/strong> <a href=\"mailto:dsedlar@fesb.hr\" target=\"_blank\" rel=\"noopener noreferrer\">Damir Sedlar<\/a>\u00a0, <a href=\"mailto:igor.pehmec@fesb.hr\" target=\"_blank\" rel=\"noopener noreferrer\">Igor Pehnec<\/a>\u00a0, <a href=\"mailto:ivan.tomac@fesb.hr\" target=\"_blank\" rel=\"noopener noreferrer\">Ivan Tomac<\/a>\u00a0<\/p>\n<p>\u00a0<\/p>\n<p>\u00a0<\/p>\n<p><strong>Naslov:<\/strong> Zbirka zadataka iz programskog jezika C<br \/><strong>Autori:<\/strong> Damir Sedlar, Igor Pehnec, Ivan Tomac<br \/><strong>Broj stranica:<\/strong> 198<br \/><strong>Nakladnik:<\/strong> FESB<br \/><strong>Godina izdanja:<\/strong> 2020.<br \/><strong>ISBN:<\/strong> 978-953-290-102-3<br \/><strong>Tisak:<\/strong> digitalni tisak knjiga &#8211; print na zahtjev<\/p>\n<p>\u00a0<\/p>\n<p>\u00a0<\/p>\n<p style=\"text-align: justify;\"><strong>Kako naru\u010diti knjigu?\u00a0<\/strong>Proces online kupovine jednako funkcionira za sve kupce, s jedinom razlikom u tome \u0161to \u0161to kupci iz inozemstva za podru\u010dje dostave moraju odabrati &#8220;Europa&#8221; ili &#8220;Ostale zemlje svijeta&#8221;, a za vrstu pla\u0107anja WSPay (kreditna kartica) ili Virmanom (bankovni transfer).<\/p>\n<p style=\"text-align: justify;\">Molimo kliknite ovdje za\u00a0<a href=\"hr\/kako-kupovati\">detaljni vodi\u010d kroz proces narud\u017ebe<\/a>\u00a0ili nas\u00a0<a href=\"hr\/kontakt\">kontaktirajte<\/a>\u00a0za vi\u0161e informacija.<\/p>\n","protected":false},"excerpt":{"rendered":"<p>Sa\u017eetak: Zbirka zadataka iz programskog jezika C. Ova zbirka zadataka nastala je kao rezultat rada na kolegijima Programiranje i Analiza primjenom ra\u010dunala, koji se izu\u010davaju na prve dvije godine preddiplomskih sveu\u010dili\u0161nog studija Ra\u010dunarstva i Strojarstva na Fakultetu elektrotehnike, strojarstva i brodogradnje, Sveu\u010dili\u0161ta u Splitu. Obra\u0111eno gradivo predstavlja temeljni dio programskog jezika C. Na po\u010detku svakog [&hellip;]<\/p>\n","protected":false},"featured_media":9355,"comment_status":"open","ping_status":"closed","template":"","meta":{"_acf_changed":false},"product_brand":[],"product_cat":[1517],"product_tag":[],"class_list":{"0":"post-9354","1":"product","2":"type-product","3":"status-publish","4":"has-post-thumbnail","6":"product_cat-strucna-literatura","7":"pa_nakladnik-fesb","9":"first","10":"instock","11":"shipping-taxable","12":"purchasable","13":"product-type-simple"},"acf":[],"yoast_head":"<!-- This site is optimized with the Yoast SEO plugin v27.3 - https:\/\/yoast.com\/product\/yoast-seo-wordpress\/ -->\n<title>ZBIRKA ZADATAKA IZ PROGRAMSKOG JEZIKA C, Grupa autora - Web-knji\u017eara<\/title>\n<meta name=\"robots\" content=\"index, follow, max-snippet:-1, max-image-preview:large, max-video-preview:-1\" \/>\n<link rel=\"canonical\" href=\"https:\/\/webknjizara.hr\/proizvod\/zbirka-zadataka-iz-programskog-jezika-c-grupa-autora\/\" \/>\n<meta property=\"og:locale\" content=\"en_US\" \/>\n<meta property=\"og:type\" content=\"article\" \/>\n<meta property=\"og:title\" content=\"ZBIRKA ZADATAKA IZ PROGRAMSKOG JEZIKA C, Grupa autora - Web-knji\u017eara\" \/>\n<meta property=\"og:description\" content=\"Sa\u017eetak: Zbirka zadataka iz programskog jezika C. Ova zbirka zadataka nastala je kao rezultat rada na kolegijima Programiranje i Analiza primjenom ra\u010dunala, koji se izu\u010davaju na prve dvije godine preddiplomskih sveu\u010dili\u0161nog studija Ra\u010dunarstva i Strojarstva na Fakultetu elektrotehnike, strojarstva i brodogradnje, Sveu\u010dili\u0161ta u Splitu. Obra\u0111eno gradivo predstavlja temeljni dio programskog jezika C. Na po\u010detku svakog [&hellip;]\" \/>\n<meta property=\"og:url\" content=\"https:\/\/webknjizara.hr\/proizvod\/zbirka-zadataka-iz-programskog-jezika-c-grupa-autora\/\" \/>\n<meta property=\"og:site_name\" content=\"Web-knji\u017eara\" \/>\n<meta property=\"article:modified_time\" content=\"2023-02-26T23:18:17+00:00\" \/>\n<meta property=\"og:image\" content=\"https:\/\/webknjizara.hr\/wp-content\/uploads\/nc\/images\/virtuemart\/product\/FESB_Zbirka_C_naslovnica_WEB.jpg\" \/>\n\t<meta property=\"og:image:width\" content=\"300\" \/>\n\t<meta property=\"og:image:height\" content=\"419\" \/>\n\t<meta property=\"og:image:type\" content=\"image\/jpeg\" \/>\n<meta name=\"twitter:card\" content=\"summary_large_image\" \/>\n<meta name=\"twitter:label1\" content=\"Est. reading time\" \/>\n\t<meta name=\"twitter:data1\" content=\"2 minutes\" \/>\n<script type=\"application\/ld+json\" class=\"yoast-schema-graph\">{\"@context\":\"https:\\\/\\\/schema.org\",\"@graph\":[{\"@type\":\"WebPage\",\"@id\":\"https:\\\/\\\/webknjizara.hr\\\/proizvod\\\/zbirka-zadataka-iz-programskog-jezika-c-grupa-autora\\\/\",\"url\":\"https:\\\/\\\/webknjizara.hr\\\/proizvod\\\/zbirka-zadataka-iz-programskog-jezika-c-grupa-autora\\\/\",\"name\":\"ZBIRKA ZADATAKA IZ PROGRAMSKOG JEZIKA C, Grupa autora - Web-knji\u017eara\",\"isPartOf\":{\"@id\":\"https:\\\/\\\/webknjizara.hr\\\/#website\"},\"primaryImageOfPage\":{\"@id\":\"https:\\\/\\\/webknjizara.hr\\\/proizvod\\\/zbirka-zadataka-iz-programskog-jezika-c-grupa-autora\\\/#primaryimage\"},\"image\":{\"@id\":\"https:\\\/\\\/webknjizara.hr\\\/proizvod\\\/zbirka-zadataka-iz-programskog-jezika-c-grupa-autora\\\/#primaryimage\"},\"thumbnailUrl\":\"https:\\\/\\\/webknjizara.hr\\\/wp-content\\\/uploads\\\/nc\\\/images\\\/virtuemart\\\/product\\\/FESB_Zbirka_C_naslovnica_WEB.jpg\",\"datePublished\":\"2020-11-04T12:21:53+00:00\",\"dateModified\":\"2023-02-26T23:18:17+00:00\",\"breadcrumb\":{\"@id\":\"https:\\\/\\\/webknjizara.hr\\\/proizvod\\\/zbirka-zadataka-iz-programskog-jezika-c-grupa-autora\\\/#breadcrumb\"},\"inLanguage\":\"en-US\",\"potentialAction\":[{\"@type\":\"ReadAction\",\"target\":[\"https:\\\/\\\/webknjizara.hr\\\/proizvod\\\/zbirka-zadataka-iz-programskog-jezika-c-grupa-autora\\\/\"]}]},{\"@type\":\"ImageObject\",\"inLanguage\":\"en-US\",\"@id\":\"https:\\\/\\\/webknjizara.hr\\\/proizvod\\\/zbirka-zadataka-iz-programskog-jezika-c-grupa-autora\\\/#primaryimage\",\"url\":\"https:\\\/\\\/webknjizara.hr\\\/wp-content\\\/uploads\\\/nc\\\/images\\\/virtuemart\\\/product\\\/FESB_Zbirka_C_naslovnica_WEB.jpg\",\"contentUrl\":\"https:\\\/\\\/webknjizara.hr\\\/wp-content\\\/uploads\\\/nc\\\/images\\\/virtuemart\\\/product\\\/FESB_Zbirka_C_naslovnica_WEB.jpg\",\"width\":300,\"height\":419,\"caption\":\"ZBIRKA ZADATAKA IZ PROGRAMSKOG JEZIKA C, Grupa autora\"},{\"@type\":\"BreadcrumbList\",\"@id\":\"https:\\\/\\\/webknjizara.hr\\\/proizvod\\\/zbirka-zadataka-iz-programskog-jezika-c-grupa-autora\\\/#breadcrumb\",\"itemListElement\":[{\"@type\":\"ListItem\",\"position\":1,\"name\":\"Po\u010detna stranica\",\"item\":\"https:\\\/\\\/webknjizara.hr\\\/en\\\/\"},{\"@type\":\"ListItem\",\"position\":2,\"name\":\"Shop\",\"item\":\"https:\\\/\\\/webknjizara.hr\\\/shop\\\/\"},{\"@type\":\"ListItem\",\"position\":3,\"name\":\"ZBIRKA ZADATAKA IZ PROGRAMSKOG JEZIKA C, Grupa autora\"}]},{\"@type\":\"WebSite\",\"@id\":\"https:\\\/\\\/webknjizara.hr\\\/#website\",\"url\":\"https:\\\/\\\/webknjizara.hr\\\/\",\"name\":\"Web Knji\u017eara\",\"description\":\"\",\"publisher\":{\"@id\":\"https:\\\/\\\/webknjizara.hr\\\/#organization\"},\"potentialAction\":[{\"@type\":\"SearchAction\",\"target\":{\"@type\":\"EntryPoint\",\"urlTemplate\":\"https:\\\/\\\/webknjizara.hr\\\/?s={search_term_string}\"},\"query-input\":{\"@type\":\"PropertyValueSpecification\",\"valueRequired\":true,\"valueName\":\"search_term_string\"}}],\"inLanguage\":\"en-US\"},{\"@type\":\"Organization\",\"@id\":\"https:\\\/\\\/webknjizara.hr\\\/#organization\",\"name\":\"REDAK D.O.O.\",\"url\":\"https:\\\/\\\/webknjizara.hr\\\/\",\"logo\":{\"@type\":\"ImageObject\",\"inLanguage\":\"en-US\",\"@id\":\"https:\\\/\\\/webknjizara.hr\\\/#\\\/schema\\\/logo\\\/image\\\/\",\"url\":\"https:\\\/\\\/webknjizara.hr\\\/wp-content\\\/uploads\\\/2023\\\/01\\\/web-knjizara-logo.webp\",\"contentUrl\":\"https:\\\/\\\/webknjizara.hr\\\/wp-content\\\/uploads\\\/2023\\\/01\\\/web-knjizara-logo.webp\",\"width\":324,\"height\":79,\"caption\":\"REDAK D.O.O.\"},\"image\":{\"@id\":\"https:\\\/\\\/webknjizara.hr\\\/#\\\/schema\\\/logo\\\/image\\\/\"}}]}<\/script>\n<!-- \/ Yoast SEO plugin. -->","yoast_head_json":{"title":"ZBIRKA ZADATAKA IZ PROGRAMSKOG JEZIKA C, Grupa autora - Web-knji\u017eara","robots":{"index":"index","follow":"follow","max-snippet":"max-snippet:-1","max-image-preview":"max-image-preview:large","max-video-preview":"max-video-preview:-1"},"canonical":"https:\/\/webknjizara.hr\/proizvod\/zbirka-zadataka-iz-programskog-jezika-c-grupa-autora\/","og_locale":"en_US","og_type":"article","og_title":"ZBIRKA ZADATAKA IZ PROGRAMSKOG JEZIKA C, Grupa autora - Web-knji\u017eara","og_description":"Sa\u017eetak: Zbirka zadataka iz programskog jezika C. Ova zbirka zadataka nastala je kao rezultat rada na kolegijima Programiranje i Analiza primjenom ra\u010dunala, koji se izu\u010davaju na prve dvije godine preddiplomskih sveu\u010dili\u0161nog studija Ra\u010dunarstva i Strojarstva na Fakultetu elektrotehnike, strojarstva i brodogradnje, Sveu\u010dili\u0161ta u Splitu. Obra\u0111eno gradivo predstavlja temeljni dio programskog jezika C. Na po\u010detku svakog [&hellip;]","og_url":"https:\/\/webknjizara.hr\/proizvod\/zbirka-zadataka-iz-programskog-jezika-c-grupa-autora\/","og_site_name":"Web-knji\u017eara","article_modified_time":"2023-02-26T23:18:17+00:00","og_image":[{"width":300,"height":419,"url":"https:\/\/webknjizara.hr\/wp-content\/uploads\/nc\/images\/virtuemart\/product\/FESB_Zbirka_C_naslovnica_WEB.jpg","type":"image\/jpeg"}],"twitter_card":"summary_large_image","twitter_misc":{"Est. reading time":"2 minutes"},"schema":{"@context":"https:\/\/schema.org","@graph":[{"@type":"WebPage","@id":"https:\/\/webknjizara.hr\/proizvod\/zbirka-zadataka-iz-programskog-jezika-c-grupa-autora\/","url":"https:\/\/webknjizara.hr\/proizvod\/zbirka-zadataka-iz-programskog-jezika-c-grupa-autora\/","name":"ZBIRKA ZADATAKA IZ PROGRAMSKOG JEZIKA C, Grupa autora - Web-knji\u017eara","isPartOf":{"@id":"https:\/\/webknjizara.hr\/#website"},"primaryImageOfPage":{"@id":"https:\/\/webknjizara.hr\/proizvod\/zbirka-zadataka-iz-programskog-jezika-c-grupa-autora\/#primaryimage"},"image":{"@id":"https:\/\/webknjizara.hr\/proizvod\/zbirka-zadataka-iz-programskog-jezika-c-grupa-autora\/#primaryimage"},"thumbnailUrl":"https:\/\/webknjizara.hr\/wp-content\/uploads\/nc\/images\/virtuemart\/product\/FESB_Zbirka_C_naslovnica_WEB.jpg","datePublished":"2020-11-04T12:21:53+00:00","dateModified":"2023-02-26T23:18:17+00:00","breadcrumb":{"@id":"https:\/\/webknjizara.hr\/proizvod\/zbirka-zadataka-iz-programskog-jezika-c-grupa-autora\/#breadcrumb"},"inLanguage":"en-US","potentialAction":[{"@type":"ReadAction","target":["https:\/\/webknjizara.hr\/proizvod\/zbirka-zadataka-iz-programskog-jezika-c-grupa-autora\/"]}]},{"@type":"ImageObject","inLanguage":"en-US","@id":"https:\/\/webknjizara.hr\/proizvod\/zbirka-zadataka-iz-programskog-jezika-c-grupa-autora\/#primaryimage","url":"https:\/\/webknjizara.hr\/wp-content\/uploads\/nc\/images\/virtuemart\/product\/FESB_Zbirka_C_naslovnica_WEB.jpg","contentUrl":"https:\/\/webknjizara.hr\/wp-content\/uploads\/nc\/images\/virtuemart\/product\/FESB_Zbirka_C_naslovnica_WEB.jpg","width":300,"height":419,"caption":"ZBIRKA ZADATAKA IZ PROGRAMSKOG JEZIKA C, Grupa autora"},{"@type":"BreadcrumbList","@id":"https:\/\/webknjizara.hr\/proizvod\/zbirka-zadataka-iz-programskog-jezika-c-grupa-autora\/#breadcrumb","itemListElement":[{"@type":"ListItem","position":1,"name":"Po\u010detna stranica","item":"https:\/\/webknjizara.hr\/en\/"},{"@type":"ListItem","position":2,"name":"Shop","item":"https:\/\/webknjizara.hr\/shop\/"},{"@type":"ListItem","position":3,"name":"ZBIRKA ZADATAKA IZ PROGRAMSKOG JEZIKA C, Grupa autora"}]},{"@type":"WebSite","@id":"https:\/\/webknjizara.hr\/#website","url":"https:\/\/webknjizara.hr\/","name":"Web Knji\u017eara","description":"","publisher":{"@id":"https:\/\/webknjizara.hr\/#organization"},"potentialAction":[{"@type":"SearchAction","target":{"@type":"EntryPoint","urlTemplate":"https:\/\/webknjizara.hr\/?s={search_term_string}"},"query-input":{"@type":"PropertyValueSpecification","valueRequired":true,"valueName":"search_term_string"}}],"inLanguage":"en-US"},{"@type":"Organization","@id":"https:\/\/webknjizara.hr\/#organization","name":"REDAK D.O.O.","url":"https:\/\/webknjizara.hr\/","logo":{"@type":"ImageObject","inLanguage":"en-US","@id":"https:\/\/webknjizara.hr\/#\/schema\/logo\/image\/","url":"https:\/\/webknjizara.hr\/wp-content\/uploads\/2023\/01\/web-knjizara-logo.webp","contentUrl":"https:\/\/webknjizara.hr\/wp-content\/uploads\/2023\/01\/web-knjizara-logo.webp","width":324,"height":79,"caption":"REDAK D.O.O."},"image":{"@id":"https:\/\/webknjizara.hr\/#\/schema\/logo\/image\/"}}]}},"_links":{"self":[{"href":"https:\/\/webknjizara.hr\/en\/wp-json\/wp\/v2\/product\/9354","targetHints":{"allow":["GET"]}}],"collection":[{"href":"https:\/\/webknjizara.hr\/en\/wp-json\/wp\/v2\/product"}],"about":[{"href":"https:\/\/webknjizara.hr\/en\/wp-json\/wp\/v2\/types\/product"}],"replies":[{"embeddable":true,"href":"https:\/\/webknjizara.hr\/en\/wp-json\/wp\/v2\/comments?post=9354"}],"wp:featuredmedia":[{"embeddable":true,"href":"https:\/\/webknjizara.hr\/en\/wp-json\/wp\/v2\/media\/9355"}],"wp:attachment":[{"href":"https:\/\/webknjizara.hr\/en\/wp-json\/wp\/v2\/media?parent=9354"}],"wp:term":[{"taxonomy":"product_brand","embeddable":true,"href":"https:\/\/webknjizara.hr\/en\/wp-json\/wp\/v2\/product_brand?post=9354"},{"taxonomy":"product_cat","embeddable":true,"href":"https:\/\/webknjizara.hr\/en\/wp-json\/wp\/v2\/product_cat?post=9354"},{"taxonomy":"product_tag","embeddable":true,"href":"https:\/\/webknjizara.hr\/en\/wp-json\/wp\/v2\/product_tag?post=9354"}],"curies":[{"name":"wp","href":"https:\/\/api.w.org\/{rel}","templated":true}]}}