{"id":9344,"date":"2020-10-23T16:28:08","date_gmt":"2020-10-23T16:28:08","guid":{"rendered":"https:\/\/webknjizara.hr\/?product=cekam-te-ovdje-aleksandra-kardum"},"modified":"2025-06-09T10:41:22","modified_gmt":"2025-06-09T08:41:22","slug":"cekam-te-ovdje-aleksandra-kardum","status":"publish","type":"product","link":"https:\/\/webknjizara.hr\/en\/proizvod\/cekam-te-ovdje-aleksandra-kardum\/","title":{"rendered":"\u010cEKAM TE OVDJE, Aleksandra Kardum"},"content":{"rendered":"<p><strong>Sa\u017eetak:<\/strong><\/p>\n<p>Priru\u010dnik \u201c\u010cekam te ovdje\u201d ponajprije je namijenjen roditeljima, ali i odgojiteljima, u\u010diteljima, edukacijskim rehabilitatorima i svima onima koji rade s djecom s poreme\u0107ajima iz spektra autizma i ostalim razvojnim poreme\u0107ajima, a \u017eeljeli bi svoj rad potpomo\u0107i glazbom. U knjizi su prilo\u017eene 42 nove didakti\u010dke pjesmice te mnoge ideje za aktivnosti koje poti\u010du komunikacijske i kognitivne sposobnosti djeteta, imitaciju, pa\u017enju, razvoj fine i grube motorike, formiranje simboli\u010dke igre te aktivno slu\u0161anje. Pjesmice su detaljno opisane s obzirom na ciljeve koje trebaju ostvariti, a prikazane su i notnim zapisima te glazbenim snimkama (u obliku matrice ili s pridru\u017eenim vokalom) koje vrlo jednostavno postaju dostupne skeniranjem QR kodova prilo\u017eenih u knjizi.<\/p>\n<p>\u201e\u010cekam te ovdje\u201c sveobuhvatno je \u0161tivo stvarano iskustvom, usmjeravano stru\u010dno\u0161\u0107u te oblikovano emocijama. Izuzetan raritet multidisciplinarne literature vrsne knji\u017eevnice i glazbene terapeutkinje Aleksandre Kardum daje potpuno novi pristup autizmu kroz glazbeni izri\u010daj.<br \/>Anja Jelaska, univ. spec. educ. rehab., BCBA<\/p>\n<p>Temeljen na znanju, trudu i dugogodi\u0161njem iskustvu, ovaj \u0107e priru\u010dnik biti vi\u0161e nego dobrodo\u0161lo osvje\u017eenje roditeljima i terapeutima djece s te\u0161ko\u0107ama i najva\u017enije &#8211; njima samima. Promi\u0161ljene, utemeljene, prirodne i nenametljive glazbene igre koje autorica nudi pru\u017eaju priliku za razvoj djetetovih vje\u0161tina na svim razvojnim podru\u010djima.<br \/>Tanja Mravak, mag. def<\/p>\n<p><strong>Sadr\u017eaj:<br \/><\/strong><br \/>I. dio<br \/>Po\u0161tovana \u010ditateljice, po\u0161tovani \u010ditatelju,<br \/>A \u0161to Vas ovdje o\u010dekuje?<br \/>Ne\u0161to nije u redu<br \/>\u010cuje li me moje dijete uop\u0107e i za\u0161to se ne odaziva na svoje ime?<br \/>O poreme\u0107ajima iz spektra autizma (PSA)<br \/>Pojava poreme\u0107aja iz spektra autizma u obitelji:<br \/>\u0161to nam se to doga\u0111a?<br \/>Mame i tate: jedan ili dva svijeta?<br \/>\u0160to dalje?<br \/>Za razmi\u0161ljanje: o mobitelima, frustraciji i dosadi<br \/>Gdje je u svemu tome glazba?<br \/>Glazba i mozak<br \/>\u0160to nedostaje postoje\u0107im pjesmicama?<br \/>Kakve pjesmice trebamo?<br \/>Nekoliko savjeta: na \u0161to treba obratiti<br \/>pozornost pri u\u010denju uz glazbu<br \/>O motivaciji<\/p>\n<p>II. dio<br \/>PREVERBALNE VJE\u0160TINE<br \/>Pa\u017enja<br \/>Zanimanje za okolinu, aktivna interakcija<br \/>Zanimanje za osobe, responzivnost<br \/>Imitacija<br \/>Komunikacija: smisleno i intencijsko glasovno izra\u017eavanje, uporaba gesta sa zna\u010denjem<br \/>Zajedni\u010dko iskustvo (zdru\u017eena pa\u017enja)<br \/>Razumijevanje i razlikovanje pojmova, predmeta, pojava i radnji iz svakodnevice<br \/>Razumijevanje i izvr\u0161avanje naloga<br \/>Fina i gruba motorika, svijest o vlastitom tijelu (propriocepcija)<br \/>\u010cekanje na red, uzajamno sudjelovanje u aktivnosti<br \/>Simboli\u010dka igra<br \/>LITERATURA<br \/>O autorici<\/p>\n<p><strong>Bilje\u0161ka o autorici:<\/strong> <\/p>\n<p>Aleksandra Kardum ve\u0107 dva desetlje\u0107a radi s djecom s poreme\u0107ajima iz spektra autizma (PSA) kao glazbena terapeutkinja. Tijekom magistarskog i doktorskog studija kontinuirano se usavr\u0161avala na podru\u010dju specijalne, sustavne i obiteljske pedagogije. Osobito je u fokusu njezina znanstvenog interesa metodika rada uz pomo\u0107 glazbe s djecom koja imaju PSA te problematika obiteljskog \u017eivota roditelja djece s PSA. Povremeno pi\u0161e didakti\u010dke pjesmice i predstave za djecu s autizmom. Svoja dosada\u0161nja iskustva iz prakse, spoznaje iz znanstvenih istra\u017eivanja te nove<\/p>\n<p><strong>Klju\u010dne rije\u010di:<\/strong> Priru\u010dnik, ud\u017ebenik, poreme\u0107aji iz spektra autizma, razvojni poreme\u0107aji, razvoj govora, komunikacijske te\u0161ko\u0107e, preverbalne vje\u0161tine, glazba i autizam<\/p>\n<p><strong>E-mail:<\/strong> <a href=\"mailto:aleksandra.kardum@gmail.com\" target=\"_blank\" rel=\"noopener noreferrer\">Aleksandra Kardum<\/a>\u00a0<\/p>\n<p>\u00a0<\/p>\n<p>\u00a0<\/p>\n<p><strong>Naslov:<\/strong> \u010cekam te ovdje<br \/><strong>Autorica:<\/strong> Aleksandra Kardum<br \/><strong>Broj stranica:<\/strong> 184<br \/><strong>Nakladnik:<\/strong> REDAK<br \/><strong>Godina izdanja:<\/strong> 2020.<br \/><strong>ISBN:<\/strong> 978-953-336-685-2<br \/><strong>Tisak:<\/strong> digitalni tisak knjiga &#8211; print na zahtjev<\/p>\n<p>\u00a0<\/p>\n<p>\u00a0<\/p>\n<p><strong>Kako naru\u010diti knjigu?\u00a0<\/strong>Proces online kupovine jednako funkcionira za sve kupce, s jedinom razlikom u tome \u0161to \u0161to kupci iz inozemstva za podru\u010dje dostave moraju odabrati &#8220;Europa&#8221; ili &#8220;Ostale zemlje svijeta&#8221;, a za vrstu pla\u0107anja WSPay (kreditna kartica) ili Virmanom (bankovni transfer).<\/p>\n<p style=\"text-align: justify;\">Molimo kliknite ovdje za\u00a0<a href=\"hr\/kako-kupovati\">detaljni vodi\u010d kroz proces narud\u017ebe<\/a>\u00a0ili nas\u00a0<a href=\"hr\/kontakt\">kontaktirajte<\/a>\u00a0za vi\u0161e informacija.<\/p>\n","protected":false},"excerpt":{"rendered":"<p>Sa\u017eetak: Priru\u010dnik \u201c\u010cekam te ovdje\u201d ponajprije je namijenjen roditeljima, ali i odgojiteljima, u\u010diteljima, edukacijskim rehabilitatorima i svima onima koji rade s djecom s poreme\u0107ajima iz spektra autizma i ostalim razvojnim poreme\u0107ajima, a \u017eeljeli bi svoj rad potpomo\u0107i glazbom. U knjizi su prilo\u017eene 42 nove didakti\u010dke pjesmice te mnoge ideje za aktivnosti koje poti\u010du komunikacijske i [&hellip;]<\/p>\n","protected":false},"featured_media":9345,"comment_status":"open","ping_status":"closed","template":"","meta":{"_acf_changed":false},"product_brand":[],"product_cat":[1517],"product_tag":[],"class_list":{"0":"post-9344","1":"product","2":"type-product","3":"status-publish","4":"has-post-thumbnail","6":"product_cat-strucna-literatura","7":"pa_nakladnik-redak","9":"first","10":"instock","11":"shipping-taxable","12":"purchasable","13":"product-type-simple"},"acf":[],"yoast_head":"<!-- This site is optimized with the Yoast SEO plugin v27.3 - https:\/\/yoast.com\/product\/yoast-seo-wordpress\/ -->\n<title>\u010cEKAM TE OVDJE, Aleksandra Kardum - Web-knji\u017eara<\/title>\n<meta name=\"robots\" content=\"index, follow, max-snippet:-1, max-image-preview:large, max-video-preview:-1\" \/>\n<link rel=\"canonical\" href=\"https:\/\/webknjizara.hr\/proizvod\/cekam-te-ovdje-aleksandra-kardum\/\" \/>\n<meta property=\"og:locale\" content=\"en_US\" \/>\n<meta property=\"og:type\" content=\"article\" \/>\n<meta property=\"og:title\" content=\"\u010cEKAM TE OVDJE, Aleksandra Kardum - Web-knji\u017eara\" \/>\n<meta property=\"og:description\" content=\"Sa\u017eetak: Priru\u010dnik \u201c\u010cekam te ovdje\u201d ponajprije je namijenjen roditeljima, ali i odgojiteljima, u\u010diteljima, edukacijskim rehabilitatorima i svima onima koji rade s djecom s poreme\u0107ajima iz spektra autizma i ostalim razvojnim poreme\u0107ajima, a \u017eeljeli bi svoj rad potpomo\u0107i glazbom. U knjizi su prilo\u017eene 42 nove didakti\u010dke pjesmice te mnoge ideje za aktivnosti koje poti\u010du komunikacijske i [&hellip;]\" \/>\n<meta property=\"og:url\" content=\"https:\/\/webknjizara.hr\/proizvod\/cekam-te-ovdje-aleksandra-kardum\/\" \/>\n<meta property=\"og:site_name\" content=\"Web-knji\u017eara\" \/>\n<meta property=\"article:modified_time\" content=\"2025-06-09T08:41:22+00:00\" \/>\n<meta property=\"og:image\" content=\"https:\/\/webknjizara.hr\/wp-content\/uploads\/nc\/images\/virtuemart\/product\/Aleksandra_Kardum_Cekam_te_ovdje_naslovnica_WEB.jpg\" \/>\n\t<meta property=\"og:image:width\" content=\"300\" \/>\n\t<meta property=\"og:image:height\" content=\"419\" \/>\n\t<meta property=\"og:image:type\" content=\"image\/jpeg\" \/>\n<meta name=\"twitter:card\" content=\"summary_large_image\" \/>\n<meta name=\"twitter:label1\" content=\"Est. reading time\" \/>\n\t<meta name=\"twitter:data1\" content=\"3 minutes\" \/>\n<script type=\"application\/ld+json\" class=\"yoast-schema-graph\">{\"@context\":\"https:\\\/\\\/schema.org\",\"@graph\":[{\"@type\":\"WebPage\",\"@id\":\"https:\\\/\\\/webknjizara.hr\\\/proizvod\\\/cekam-te-ovdje-aleksandra-kardum\\\/\",\"url\":\"https:\\\/\\\/webknjizara.hr\\\/proizvod\\\/cekam-te-ovdje-aleksandra-kardum\\\/\",\"name\":\"\u010cEKAM TE OVDJE, Aleksandra Kardum - Web-knji\u017eara\",\"isPartOf\":{\"@id\":\"https:\\\/\\\/webknjizara.hr\\\/#website\"},\"primaryImageOfPage\":{\"@id\":\"https:\\\/\\\/webknjizara.hr\\\/proizvod\\\/cekam-te-ovdje-aleksandra-kardum\\\/#primaryimage\"},\"image\":{\"@id\":\"https:\\\/\\\/webknjizara.hr\\\/proizvod\\\/cekam-te-ovdje-aleksandra-kardum\\\/#primaryimage\"},\"thumbnailUrl\":\"https:\\\/\\\/webknjizara.hr\\\/wp-content\\\/uploads\\\/nc\\\/images\\\/virtuemart\\\/product\\\/Aleksandra_Kardum_Cekam_te_ovdje_naslovnica_WEB.jpg\",\"datePublished\":\"2020-10-23T16:28:08+00:00\",\"dateModified\":\"2025-06-09T08:41:22+00:00\",\"breadcrumb\":{\"@id\":\"https:\\\/\\\/webknjizara.hr\\\/proizvod\\\/cekam-te-ovdje-aleksandra-kardum\\\/#breadcrumb\"},\"inLanguage\":\"en-US\",\"potentialAction\":[{\"@type\":\"ReadAction\",\"target\":[\"https:\\\/\\\/webknjizara.hr\\\/proizvod\\\/cekam-te-ovdje-aleksandra-kardum\\\/\"]}]},{\"@type\":\"ImageObject\",\"inLanguage\":\"en-US\",\"@id\":\"https:\\\/\\\/webknjizara.hr\\\/proizvod\\\/cekam-te-ovdje-aleksandra-kardum\\\/#primaryimage\",\"url\":\"https:\\\/\\\/webknjizara.hr\\\/wp-content\\\/uploads\\\/nc\\\/images\\\/virtuemart\\\/product\\\/Aleksandra_Kardum_Cekam_te_ovdje_naslovnica_WEB.jpg\",\"contentUrl\":\"https:\\\/\\\/webknjizara.hr\\\/wp-content\\\/uploads\\\/nc\\\/images\\\/virtuemart\\\/product\\\/Aleksandra_Kardum_Cekam_te_ovdje_naslovnica_WEB.jpg\",\"width\":300,\"height\":419,\"caption\":\"\u010cEKAM TE OVDJE, Aleksandra Kardum\"},{\"@type\":\"BreadcrumbList\",\"@id\":\"https:\\\/\\\/webknjizara.hr\\\/proizvod\\\/cekam-te-ovdje-aleksandra-kardum\\\/#breadcrumb\",\"itemListElement\":[{\"@type\":\"ListItem\",\"position\":1,\"name\":\"Po\u010detna stranica\",\"item\":\"https:\\\/\\\/webknjizara.hr\\\/en\\\/\"},{\"@type\":\"ListItem\",\"position\":2,\"name\":\"Shop\",\"item\":\"https:\\\/\\\/webknjizara.hr\\\/shop\\\/\"},{\"@type\":\"ListItem\",\"position\":3,\"name\":\"\u010cEKAM TE OVDJE, Aleksandra Kardum\"}]},{\"@type\":\"WebSite\",\"@id\":\"https:\\\/\\\/webknjizara.hr\\\/#website\",\"url\":\"https:\\\/\\\/webknjizara.hr\\\/\",\"name\":\"Web Knji\u017eara\",\"description\":\"\",\"publisher\":{\"@id\":\"https:\\\/\\\/webknjizara.hr\\\/#organization\"},\"potentialAction\":[{\"@type\":\"SearchAction\",\"target\":{\"@type\":\"EntryPoint\",\"urlTemplate\":\"https:\\\/\\\/webknjizara.hr\\\/?s={search_term_string}\"},\"query-input\":{\"@type\":\"PropertyValueSpecification\",\"valueRequired\":true,\"valueName\":\"search_term_string\"}}],\"inLanguage\":\"en-US\"},{\"@type\":\"Organization\",\"@id\":\"https:\\\/\\\/webknjizara.hr\\\/#organization\",\"name\":\"REDAK D.O.O.\",\"url\":\"https:\\\/\\\/webknjizara.hr\\\/\",\"logo\":{\"@type\":\"ImageObject\",\"inLanguage\":\"en-US\",\"@id\":\"https:\\\/\\\/webknjizara.hr\\\/#\\\/schema\\\/logo\\\/image\\\/\",\"url\":\"https:\\\/\\\/webknjizara.hr\\\/wp-content\\\/uploads\\\/2023\\\/01\\\/web-knjizara-logo.webp\",\"contentUrl\":\"https:\\\/\\\/webknjizara.hr\\\/wp-content\\\/uploads\\\/2023\\\/01\\\/web-knjizara-logo.webp\",\"width\":324,\"height\":79,\"caption\":\"REDAK D.O.O.\"},\"image\":{\"@id\":\"https:\\\/\\\/webknjizara.hr\\\/#\\\/schema\\\/logo\\\/image\\\/\"}}]}<\/script>\n<!-- \/ Yoast SEO plugin. -->","yoast_head_json":{"title":"\u010cEKAM TE OVDJE, Aleksandra Kardum - Web-knji\u017eara","robots":{"index":"index","follow":"follow","max-snippet":"max-snippet:-1","max-image-preview":"max-image-preview:large","max-video-preview":"max-video-preview:-1"},"canonical":"https:\/\/webknjizara.hr\/proizvod\/cekam-te-ovdje-aleksandra-kardum\/","og_locale":"en_US","og_type":"article","og_title":"\u010cEKAM TE OVDJE, Aleksandra Kardum - Web-knji\u017eara","og_description":"Sa\u017eetak: Priru\u010dnik \u201c\u010cekam te ovdje\u201d ponajprije je namijenjen roditeljima, ali i odgojiteljima, u\u010diteljima, edukacijskim rehabilitatorima i svima onima koji rade s djecom s poreme\u0107ajima iz spektra autizma i ostalim razvojnim poreme\u0107ajima, a \u017eeljeli bi svoj rad potpomo\u0107i glazbom. U knjizi su prilo\u017eene 42 nove didakti\u010dke pjesmice te mnoge ideje za aktivnosti koje poti\u010du komunikacijske i [&hellip;]","og_url":"https:\/\/webknjizara.hr\/proizvod\/cekam-te-ovdje-aleksandra-kardum\/","og_site_name":"Web-knji\u017eara","article_modified_time":"2025-06-09T08:41:22+00:00","og_image":[{"width":300,"height":419,"url":"https:\/\/webknjizara.hr\/wp-content\/uploads\/nc\/images\/virtuemart\/product\/Aleksandra_Kardum_Cekam_te_ovdje_naslovnica_WEB.jpg","type":"image\/jpeg"}],"twitter_card":"summary_large_image","twitter_misc":{"Est. reading time":"3 minutes"},"schema":{"@context":"https:\/\/schema.org","@graph":[{"@type":"WebPage","@id":"https:\/\/webknjizara.hr\/proizvod\/cekam-te-ovdje-aleksandra-kardum\/","url":"https:\/\/webknjizara.hr\/proizvod\/cekam-te-ovdje-aleksandra-kardum\/","name":"\u010cEKAM TE OVDJE, Aleksandra Kardum - Web-knji\u017eara","isPartOf":{"@id":"https:\/\/webknjizara.hr\/#website"},"primaryImageOfPage":{"@id":"https:\/\/webknjizara.hr\/proizvod\/cekam-te-ovdje-aleksandra-kardum\/#primaryimage"},"image":{"@id":"https:\/\/webknjizara.hr\/proizvod\/cekam-te-ovdje-aleksandra-kardum\/#primaryimage"},"thumbnailUrl":"https:\/\/webknjizara.hr\/wp-content\/uploads\/nc\/images\/virtuemart\/product\/Aleksandra_Kardum_Cekam_te_ovdje_naslovnica_WEB.jpg","datePublished":"2020-10-23T16:28:08+00:00","dateModified":"2025-06-09T08:41:22+00:00","breadcrumb":{"@id":"https:\/\/webknjizara.hr\/proizvod\/cekam-te-ovdje-aleksandra-kardum\/#breadcrumb"},"inLanguage":"en-US","potentialAction":[{"@type":"ReadAction","target":["https:\/\/webknjizara.hr\/proizvod\/cekam-te-ovdje-aleksandra-kardum\/"]}]},{"@type":"ImageObject","inLanguage":"en-US","@id":"https:\/\/webknjizara.hr\/proizvod\/cekam-te-ovdje-aleksandra-kardum\/#primaryimage","url":"https:\/\/webknjizara.hr\/wp-content\/uploads\/nc\/images\/virtuemart\/product\/Aleksandra_Kardum_Cekam_te_ovdje_naslovnica_WEB.jpg","contentUrl":"https:\/\/webknjizara.hr\/wp-content\/uploads\/nc\/images\/virtuemart\/product\/Aleksandra_Kardum_Cekam_te_ovdje_naslovnica_WEB.jpg","width":300,"height":419,"caption":"\u010cEKAM TE OVDJE, Aleksandra Kardum"},{"@type":"BreadcrumbList","@id":"https:\/\/webknjizara.hr\/proizvod\/cekam-te-ovdje-aleksandra-kardum\/#breadcrumb","itemListElement":[{"@type":"ListItem","position":1,"name":"Po\u010detna stranica","item":"https:\/\/webknjizara.hr\/en\/"},{"@type":"ListItem","position":2,"name":"Shop","item":"https:\/\/webknjizara.hr\/shop\/"},{"@type":"ListItem","position":3,"name":"\u010cEKAM TE OVDJE, Aleksandra Kardum"}]},{"@type":"WebSite","@id":"https:\/\/webknjizara.hr\/#website","url":"https:\/\/webknjizara.hr\/","name":"Web Knji\u017eara","description":"","publisher":{"@id":"https:\/\/webknjizara.hr\/#organization"},"potentialAction":[{"@type":"SearchAction","target":{"@type":"EntryPoint","urlTemplate":"https:\/\/webknjizara.hr\/?s={search_term_string}"},"query-input":{"@type":"PropertyValueSpecification","valueRequired":true,"valueName":"search_term_string"}}],"inLanguage":"en-US"},{"@type":"Organization","@id":"https:\/\/webknjizara.hr\/#organization","name":"REDAK D.O.O.","url":"https:\/\/webknjizara.hr\/","logo":{"@type":"ImageObject","inLanguage":"en-US","@id":"https:\/\/webknjizara.hr\/#\/schema\/logo\/image\/","url":"https:\/\/webknjizara.hr\/wp-content\/uploads\/2023\/01\/web-knjizara-logo.webp","contentUrl":"https:\/\/webknjizara.hr\/wp-content\/uploads\/2023\/01\/web-knjizara-logo.webp","width":324,"height":79,"caption":"REDAK D.O.O."},"image":{"@id":"https:\/\/webknjizara.hr\/#\/schema\/logo\/image\/"}}]}},"_links":{"self":[{"href":"https:\/\/webknjizara.hr\/en\/wp-json\/wp\/v2\/product\/9344","targetHints":{"allow":["GET"]}}],"collection":[{"href":"https:\/\/webknjizara.hr\/en\/wp-json\/wp\/v2\/product"}],"about":[{"href":"https:\/\/webknjizara.hr\/en\/wp-json\/wp\/v2\/types\/product"}],"replies":[{"embeddable":true,"href":"https:\/\/webknjizara.hr\/en\/wp-json\/wp\/v2\/comments?post=9344"}],"wp:featuredmedia":[{"embeddable":true,"href":"https:\/\/webknjizara.hr\/en\/wp-json\/wp\/v2\/media\/9345"}],"wp:attachment":[{"href":"https:\/\/webknjizara.hr\/en\/wp-json\/wp\/v2\/media?parent=9344"}],"wp:term":[{"taxonomy":"product_brand","embeddable":true,"href":"https:\/\/webknjizara.hr\/en\/wp-json\/wp\/v2\/product_brand?post=9344"},{"taxonomy":"product_cat","embeddable":true,"href":"https:\/\/webknjizara.hr\/en\/wp-json\/wp\/v2\/product_cat?post=9344"},{"taxonomy":"product_tag","embeddable":true,"href":"https:\/\/webknjizara.hr\/en\/wp-json\/wp\/v2\/product_tag?post=9344"}],"curies":[{"name":"wp","href":"https:\/\/api.w.org\/{rel}","templated":true}]}}