{"id":9336,"date":"2020-10-19T12:08:53","date_gmt":"2020-10-19T12:08:53","guid":{"rendered":"https:\/\/webknjizara.hr\/?product=kisa-bordo-mateo-balaban"},"modified":"2023-02-27T00:18:14","modified_gmt":"2023-02-26T23:18:14","slug":"kisa-bordo-mateo-balaban","status":"publish","type":"product","link":"https:\/\/webknjizara.hr\/en\/proizvod\/kisa-bordo-mateo-balaban\/","title":{"rendered":"KI\u0160A BORDO, Mateo Balaban"},"content":{"rendered":"<p><strong>Sa\u017eetak:<\/strong><\/p>\n<p>Ki\u0161a bordo pripada svima koji su odba\u010deni, a sami su razbijeni kao krhotine pustoga svemira.<\/p>\n<p><strong>Bilje\u0161ka o autoru:<\/strong><\/p>\n<p>Mateo Balaban ro\u0111en je jednoga lijepog srpanjskog dana 1990. godine. U rodili\u0161tu je bio najglasniji od svih beba i od tada je samo nastavio biti tako glasan. U odrastanju je vi\u0161e volio biti oko \u0161kole nego u \u0161koli. Pisanjem se po\u010deo baviti jer je obo\u017eavao rock glazbu i iz te ljubavi prema glazbi rodila se ljubav prema pisanju. Rock glazba obilje\u017eila ga je za cijeli \u017eivot. Glazba, slikarstvo i knji\u017eevnost u njegovim o\u010dima imaju neraskidivu vezu. I za kraj, Mateo vam poru\u010duje: Ljubav pobje\u0111uje&#8230;<\/p>\n<p><strong>Klju\u010dne rije\u010di:<\/strong> ki\u0161a, bordo, poezija, proza, ispovijesti, alkohol, pjesme, ljubav pobje\u0111uje<\/p>\n<p><strong>Link:<\/strong> <a href=\"https:\/\/www.facebook.com\/Ki%C5%A1a-bordo-111865800362696\" target=\"_blank\" rel=\"noopener noreferrer\">https:\/\/www.facebook.com\/Ki%C5%A1a-bordo-111865800362696<\/a><br \/><a href=\"https:\/\/www.instagram.com\/rain_bordo\/?hl=hr\" target=\"_blank\" rel=\"noopener noreferrer\">https:\/\/www.instagram.com\/rain_bordo\/?hl=hr<\/a><\/p>\n<p>\u00a0<\/p>\n<p><strong>Naslov:<\/strong> Ki\u0161a bordo<br \/><strong>Autor:<\/strong> Mateo Balaban<br \/><strong>Broj stranica:<\/strong> 112<br \/><strong>Nakladnik:<\/strong> REDAK<br \/><strong>Godina izdanja:<\/strong> 2020.<br \/><strong>ISBN:<\/strong> 978-953-336-681-4<br \/><strong>Tisak:<\/strong> digitalni tisak knjiga &#8211; print na zahtjev<\/p>\n<p>\u00a0<\/p>\n<p>\u00a0<\/p>\n<p>\u00a0<strong>Kako naru\u010diti knjigu?\u00a0<\/strong>Proces online kupovine jednako funkcionira za sve kupce, s jedinom razlikom u tome \u0161to \u0161to kupci iz inozemstva za podru\u010dje dostave moraju odabrati &#8220;Europa&#8221; ili &#8220;Ostale zemlje svijeta&#8221;, a za vrstu pla\u0107anja WSPay (kreditna kartica) ili Virmanom (bankovni transfer).<\/p>\n<p style=\"text-align: justify;\">Molimo kliknite ovdje za\u00a0<a href=\"hr\/kako-kupovati\">detaljni vodi\u010d kroz proces narud\u017ebe<\/a>\u00a0ili nas\u00a0<a href=\"hr\/kontakt\">kontaktirajte<\/a>\u00a0za vi\u0161e informacija.<\/p>\n","protected":false},"excerpt":{"rendered":"<p>Sa\u017eetak: Ki\u0161a bordo pripada svima koji su odba\u010deni, a sami su razbijeni kao krhotine pustoga svemira. Bilje\u0161ka o autoru: Mateo Balaban ro\u0111en je jednoga lijepog srpanjskog dana 1990. godine. U rodili\u0161tu je bio najglasniji od svih beba i od tada je samo nastavio biti tako glasan. U odrastanju je vi\u0161e volio biti oko \u0161kole nego [&hellip;]<\/p>\n","protected":false},"featured_media":9337,"comment_status":"open","ping_status":"closed","template":"","meta":{"_acf_changed":false},"product_brand":[],"product_cat":[1383,1385,1388],"product_tag":[],"class_list":{"0":"post-9336","1":"product","2":"type-product","3":"status-publish","4":"has-post-thumbnail","6":"product_cat-knjige","7":"product_cat-knjizevnost","8":"product_cat-poezija","9":"pa_autor-mateo-balaban","10":"pa_nakladnik-redak","12":"first","13":"instock","14":"shipping-taxable","15":"purchasable","16":"product-type-simple"},"acf":[],"yoast_head":"<!-- This site is optimized with the Yoast SEO plugin v27.3 - https:\/\/yoast.com\/product\/yoast-seo-wordpress\/ -->\n<title>KI\u0160A BORDO, Mateo Balaban - Web-knji\u017eara<\/title>\n<meta name=\"robots\" content=\"index, follow, max-snippet:-1, max-image-preview:large, max-video-preview:-1\" \/>\n<link rel=\"canonical\" href=\"https:\/\/webknjizara.hr\/proizvod\/kisa-bordo-mateo-balaban\/\" \/>\n<meta property=\"og:locale\" content=\"en_US\" \/>\n<meta property=\"og:type\" content=\"article\" \/>\n<meta property=\"og:title\" content=\"KI\u0160A BORDO, Mateo Balaban - Web-knji\u017eara\" \/>\n<meta property=\"og:description\" content=\"Sa\u017eetak: Ki\u0161a bordo pripada svima koji su odba\u010deni, a sami su razbijeni kao krhotine pustoga svemira. Bilje\u0161ka o autoru: Mateo Balaban ro\u0111en je jednoga lijepog srpanjskog dana 1990. godine. U rodili\u0161tu je bio najglasniji od svih beba i od tada je samo nastavio biti tako glasan. U odrastanju je vi\u0161e volio biti oko \u0161kole nego [&hellip;]\" \/>\n<meta property=\"og:url\" content=\"https:\/\/webknjizara.hr\/proizvod\/kisa-bordo-mateo-balaban\/\" \/>\n<meta property=\"og:site_name\" content=\"Web-knji\u017eara\" \/>\n<meta property=\"article:modified_time\" content=\"2023-02-26T23:18:14+00:00\" \/>\n<meta property=\"og:image\" content=\"https:\/\/webknjizara.hr\/wp-content\/uploads\/nc\/images\/virtuemart\/product\/Mateo_Balaban_Kisa_Bordo_naslovnica_WEB.jpg\" \/>\n\t<meta property=\"og:image:width\" content=\"300\" \/>\n\t<meta property=\"og:image:height\" content=\"419\" \/>\n\t<meta property=\"og:image:type\" content=\"image\/jpeg\" \/>\n<meta name=\"twitter:card\" content=\"summary_large_image\" \/>\n<meta name=\"twitter:label1\" content=\"Est. reading time\" \/>\n\t<meta name=\"twitter:data1\" content=\"1 minute\" \/>\n<script type=\"application\/ld+json\" class=\"yoast-schema-graph\">{\"@context\":\"https:\\\/\\\/schema.org\",\"@graph\":[{\"@type\":\"WebPage\",\"@id\":\"https:\\\/\\\/webknjizara.hr\\\/proizvod\\\/kisa-bordo-mateo-balaban\\\/\",\"url\":\"https:\\\/\\\/webknjizara.hr\\\/proizvod\\\/kisa-bordo-mateo-balaban\\\/\",\"name\":\"KI\u0160A BORDO, Mateo Balaban - Web-knji\u017eara\",\"isPartOf\":{\"@id\":\"https:\\\/\\\/webknjizara.hr\\\/#website\"},\"primaryImageOfPage\":{\"@id\":\"https:\\\/\\\/webknjizara.hr\\\/proizvod\\\/kisa-bordo-mateo-balaban\\\/#primaryimage\"},\"image\":{\"@id\":\"https:\\\/\\\/webknjizara.hr\\\/proizvod\\\/kisa-bordo-mateo-balaban\\\/#primaryimage\"},\"thumbnailUrl\":\"https:\\\/\\\/webknjizara.hr\\\/wp-content\\\/uploads\\\/nc\\\/images\\\/virtuemart\\\/product\\\/Mateo_Balaban_Kisa_Bordo_naslovnica_WEB.jpg\",\"datePublished\":\"2020-10-19T12:08:53+00:00\",\"dateModified\":\"2023-02-26T23:18:14+00:00\",\"breadcrumb\":{\"@id\":\"https:\\\/\\\/webknjizara.hr\\\/proizvod\\\/kisa-bordo-mateo-balaban\\\/#breadcrumb\"},\"inLanguage\":\"en-US\",\"potentialAction\":[{\"@type\":\"ReadAction\",\"target\":[\"https:\\\/\\\/webknjizara.hr\\\/proizvod\\\/kisa-bordo-mateo-balaban\\\/\"]}]},{\"@type\":\"ImageObject\",\"inLanguage\":\"en-US\",\"@id\":\"https:\\\/\\\/webknjizara.hr\\\/proizvod\\\/kisa-bordo-mateo-balaban\\\/#primaryimage\",\"url\":\"https:\\\/\\\/webknjizara.hr\\\/wp-content\\\/uploads\\\/nc\\\/images\\\/virtuemart\\\/product\\\/Mateo_Balaban_Kisa_Bordo_naslovnica_WEB.jpg\",\"contentUrl\":\"https:\\\/\\\/webknjizara.hr\\\/wp-content\\\/uploads\\\/nc\\\/images\\\/virtuemart\\\/product\\\/Mateo_Balaban_Kisa_Bordo_naslovnica_WEB.jpg\",\"width\":300,\"height\":419,\"caption\":\"KI\u0160A BORDO, Mateo Balaban\"},{\"@type\":\"BreadcrumbList\",\"@id\":\"https:\\\/\\\/webknjizara.hr\\\/proizvod\\\/kisa-bordo-mateo-balaban\\\/#breadcrumb\",\"itemListElement\":[{\"@type\":\"ListItem\",\"position\":1,\"name\":\"Po\u010detna stranica\",\"item\":\"https:\\\/\\\/webknjizara.hr\\\/en\\\/\"},{\"@type\":\"ListItem\",\"position\":2,\"name\":\"Shop\",\"item\":\"https:\\\/\\\/webknjizara.hr\\\/shop\\\/\"},{\"@type\":\"ListItem\",\"position\":3,\"name\":\"KI\u0160A BORDO, Mateo Balaban\"}]},{\"@type\":\"WebSite\",\"@id\":\"https:\\\/\\\/webknjizara.hr\\\/#website\",\"url\":\"https:\\\/\\\/webknjizara.hr\\\/\",\"name\":\"Web Knji\u017eara\",\"description\":\"\",\"publisher\":{\"@id\":\"https:\\\/\\\/webknjizara.hr\\\/#organization\"},\"potentialAction\":[{\"@type\":\"SearchAction\",\"target\":{\"@type\":\"EntryPoint\",\"urlTemplate\":\"https:\\\/\\\/webknjizara.hr\\\/?s={search_term_string}\"},\"query-input\":{\"@type\":\"PropertyValueSpecification\",\"valueRequired\":true,\"valueName\":\"search_term_string\"}}],\"inLanguage\":\"en-US\"},{\"@type\":\"Organization\",\"@id\":\"https:\\\/\\\/webknjizara.hr\\\/#organization\",\"name\":\"REDAK D.O.O.\",\"url\":\"https:\\\/\\\/webknjizara.hr\\\/\",\"logo\":{\"@type\":\"ImageObject\",\"inLanguage\":\"en-US\",\"@id\":\"https:\\\/\\\/webknjizara.hr\\\/#\\\/schema\\\/logo\\\/image\\\/\",\"url\":\"https:\\\/\\\/webknjizara.hr\\\/wp-content\\\/uploads\\\/2023\\\/01\\\/web-knjizara-logo.webp\",\"contentUrl\":\"https:\\\/\\\/webknjizara.hr\\\/wp-content\\\/uploads\\\/2023\\\/01\\\/web-knjizara-logo.webp\",\"width\":324,\"height\":79,\"caption\":\"REDAK D.O.O.\"},\"image\":{\"@id\":\"https:\\\/\\\/webknjizara.hr\\\/#\\\/schema\\\/logo\\\/image\\\/\"}}]}<\/script>\n<!-- \/ Yoast SEO plugin. -->","yoast_head_json":{"title":"KI\u0160A BORDO, Mateo Balaban - Web-knji\u017eara","robots":{"index":"index","follow":"follow","max-snippet":"max-snippet:-1","max-image-preview":"max-image-preview:large","max-video-preview":"max-video-preview:-1"},"canonical":"https:\/\/webknjizara.hr\/proizvod\/kisa-bordo-mateo-balaban\/","og_locale":"en_US","og_type":"article","og_title":"KI\u0160A BORDO, Mateo Balaban - Web-knji\u017eara","og_description":"Sa\u017eetak: Ki\u0161a bordo pripada svima koji su odba\u010deni, a sami su razbijeni kao krhotine pustoga svemira. Bilje\u0161ka o autoru: Mateo Balaban ro\u0111en je jednoga lijepog srpanjskog dana 1990. godine. U rodili\u0161tu je bio najglasniji od svih beba i od tada je samo nastavio biti tako glasan. U odrastanju je vi\u0161e volio biti oko \u0161kole nego [&hellip;]","og_url":"https:\/\/webknjizara.hr\/proizvod\/kisa-bordo-mateo-balaban\/","og_site_name":"Web-knji\u017eara","article_modified_time":"2023-02-26T23:18:14+00:00","og_image":[{"width":300,"height":419,"url":"https:\/\/webknjizara.hr\/wp-content\/uploads\/nc\/images\/virtuemart\/product\/Mateo_Balaban_Kisa_Bordo_naslovnica_WEB.jpg","type":"image\/jpeg"}],"twitter_card":"summary_large_image","twitter_misc":{"Est. reading time":"1 minute"},"schema":{"@context":"https:\/\/schema.org","@graph":[{"@type":"WebPage","@id":"https:\/\/webknjizara.hr\/proizvod\/kisa-bordo-mateo-balaban\/","url":"https:\/\/webknjizara.hr\/proizvod\/kisa-bordo-mateo-balaban\/","name":"KI\u0160A BORDO, Mateo Balaban - Web-knji\u017eara","isPartOf":{"@id":"https:\/\/webknjizara.hr\/#website"},"primaryImageOfPage":{"@id":"https:\/\/webknjizara.hr\/proizvod\/kisa-bordo-mateo-balaban\/#primaryimage"},"image":{"@id":"https:\/\/webknjizara.hr\/proizvod\/kisa-bordo-mateo-balaban\/#primaryimage"},"thumbnailUrl":"https:\/\/webknjizara.hr\/wp-content\/uploads\/nc\/images\/virtuemart\/product\/Mateo_Balaban_Kisa_Bordo_naslovnica_WEB.jpg","datePublished":"2020-10-19T12:08:53+00:00","dateModified":"2023-02-26T23:18:14+00:00","breadcrumb":{"@id":"https:\/\/webknjizara.hr\/proizvod\/kisa-bordo-mateo-balaban\/#breadcrumb"},"inLanguage":"en-US","potentialAction":[{"@type":"ReadAction","target":["https:\/\/webknjizara.hr\/proizvod\/kisa-bordo-mateo-balaban\/"]}]},{"@type":"ImageObject","inLanguage":"en-US","@id":"https:\/\/webknjizara.hr\/proizvod\/kisa-bordo-mateo-balaban\/#primaryimage","url":"https:\/\/webknjizara.hr\/wp-content\/uploads\/nc\/images\/virtuemart\/product\/Mateo_Balaban_Kisa_Bordo_naslovnica_WEB.jpg","contentUrl":"https:\/\/webknjizara.hr\/wp-content\/uploads\/nc\/images\/virtuemart\/product\/Mateo_Balaban_Kisa_Bordo_naslovnica_WEB.jpg","width":300,"height":419,"caption":"KI\u0160A BORDO, Mateo Balaban"},{"@type":"BreadcrumbList","@id":"https:\/\/webknjizara.hr\/proizvod\/kisa-bordo-mateo-balaban\/#breadcrumb","itemListElement":[{"@type":"ListItem","position":1,"name":"Po\u010detna stranica","item":"https:\/\/webknjizara.hr\/en\/"},{"@type":"ListItem","position":2,"name":"Shop","item":"https:\/\/webknjizara.hr\/shop\/"},{"@type":"ListItem","position":3,"name":"KI\u0160A BORDO, Mateo Balaban"}]},{"@type":"WebSite","@id":"https:\/\/webknjizara.hr\/#website","url":"https:\/\/webknjizara.hr\/","name":"Web Knji\u017eara","description":"","publisher":{"@id":"https:\/\/webknjizara.hr\/#organization"},"potentialAction":[{"@type":"SearchAction","target":{"@type":"EntryPoint","urlTemplate":"https:\/\/webknjizara.hr\/?s={search_term_string}"},"query-input":{"@type":"PropertyValueSpecification","valueRequired":true,"valueName":"search_term_string"}}],"inLanguage":"en-US"},{"@type":"Organization","@id":"https:\/\/webknjizara.hr\/#organization","name":"REDAK D.O.O.","url":"https:\/\/webknjizara.hr\/","logo":{"@type":"ImageObject","inLanguage":"en-US","@id":"https:\/\/webknjizara.hr\/#\/schema\/logo\/image\/","url":"https:\/\/webknjizara.hr\/wp-content\/uploads\/2023\/01\/web-knjizara-logo.webp","contentUrl":"https:\/\/webknjizara.hr\/wp-content\/uploads\/2023\/01\/web-knjizara-logo.webp","width":324,"height":79,"caption":"REDAK D.O.O."},"image":{"@id":"https:\/\/webknjizara.hr\/#\/schema\/logo\/image\/"}}]}},"_links":{"self":[{"href":"https:\/\/webknjizara.hr\/en\/wp-json\/wp\/v2\/product\/9336","targetHints":{"allow":["GET"]}}],"collection":[{"href":"https:\/\/webknjizara.hr\/en\/wp-json\/wp\/v2\/product"}],"about":[{"href":"https:\/\/webknjizara.hr\/en\/wp-json\/wp\/v2\/types\/product"}],"replies":[{"embeddable":true,"href":"https:\/\/webknjizara.hr\/en\/wp-json\/wp\/v2\/comments?post=9336"}],"wp:featuredmedia":[{"embeddable":true,"href":"https:\/\/webknjizara.hr\/en\/wp-json\/wp\/v2\/media\/9337"}],"wp:attachment":[{"href":"https:\/\/webknjizara.hr\/en\/wp-json\/wp\/v2\/media?parent=9336"}],"wp:term":[{"taxonomy":"product_brand","embeddable":true,"href":"https:\/\/webknjizara.hr\/en\/wp-json\/wp\/v2\/product_brand?post=9336"},{"taxonomy":"product_cat","embeddable":true,"href":"https:\/\/webknjizara.hr\/en\/wp-json\/wp\/v2\/product_cat?post=9336"},{"taxonomy":"product_tag","embeddable":true,"href":"https:\/\/webknjizara.hr\/en\/wp-json\/wp\/v2\/product_tag?post=9336"}],"curies":[{"name":"wp","href":"https:\/\/api.w.org\/{rel}","templated":true}]}}