{"id":9332,"date":"2020-10-16T12:53:39","date_gmt":"2020-10-16T12:53:39","guid":{"rendered":"https:\/\/webknjizara.hr\/?product=spediterski-poslovi-u-logistickoj-djelatnosti-crno-bijeli-tisak-grupa-autora"},"modified":"2023-02-27T00:18:14","modified_gmt":"2023-02-26T23:18:14","slug":"spediterski-poslovi-u-logistickoj-djelatnosti-crno-bijeli-tisak-grupa-autora","status":"publish","type":"product","link":"https:\/\/webknjizara.hr\/en\/proizvod\/spediterski-poslovi-u-logistickoj-djelatnosti-crno-bijeli-tisak-grupa-autora\/","title":{"rendered":"\u0160PEDITERSKI POSLOVI U LOGISTI\u010cKOJ DJELATNOSTI- CRNO-BIJELI TISAK, Grupa autora"},"content":{"rendered":"<p><strong>Sa\u017eetak:<\/strong><\/p>\n<p>U ovom je ud\u017ebeniku naglasak stavljen na razmatranje uloge \u0161peditera u sustavu robne razmjene, te na prikazu tehnike obavljanja poslova koji \u010dine \u0161peditersku uslugu. Za potrebe su ove knjige, osim relevantne literature, istra\u017eeni brojni primjeri suvremene poslovne prakse u logisti\u010dkoj djelatnosti, iskustva hrvatskih i stranih \u0161peditera odnosno logisti\u010dkih operatera, te je na tome zasnovana izlo\u017eena materija.<br \/>U duhu znanstvenoga pristupa ovoj problematici tako\u0111er je, u osnovnim crtama, prikazan razvoj djelatnosti \u0161pedicije, njezino formalno-pravno odre\u0111enje i okvir, tehni\u010dko-tehnolo\u0161ka i organizacijska obilje\u017eja poslovanja, mjesto i uloga u gospodarskom sustavu, te perspektiva daljnjega razvoja.<\/p>\n<p><strong>Bilje\u0161ka o autorima:<\/strong><\/p>\n<p><strong>Darko Babi\u0107<\/strong> je ro\u0111en 28.05.1979. godine u Doboju, Bosna i Hercegovina. U Zagrebu je zavr\u0161io osnovnu i srednju \u0161kolu, te 2003. godine diplomirao na Fakultetu prometnih znanosti u Zagrebu. U rujnu 2010. doktorirao je obraniv\u0161i doktorsku disertaciju pod naslovom \u201eModel kategorizacije logisti\u010dko-distribucijskih procesa\u201c i time stekao titulu doktora znanosti iz podru\u010dja tehni\u010dkih znanosti, polje tehnologije prometa i transport.<br \/>U zvanje izvanrednog profesora je izabran 2018. godine, te je iste godine izabran u znanstveno zvanje znanstveni savjetnik za podru\u010dje tehni\u010dkih znanosti, znanstveno polje Tehnologija prometa i transport. Nastavno je anga\u017eiran kao nositelj na dva kolegija na Zavodu za transportnu logistiku od kojih je jedan kolegij \u201c\u0160pedicija\u201c, te jednom kolegiju na Zavodu za prometnu signalizaciju.<br \/>Kao suradnik i istra\u017eiva\u010d radio je na projektima Ministarstva znanosti, obrazovanja i sporta, kao voditelj projekta hrvatsko-slovenskih znanstveno-istra\u017eiva\u010dkih projekata za razdoblje 2016.-2017., te je kao istra\u017eiva\u010d na Jan Perner Transport Faculty, University of Pardubice u okviru me\u0111unarodnog projekta proveo 3 godine (2012. \u2013 2015.).<br \/>Uz rad u nastavi sudjelovao je i sudjeluje u izradi stru\u010dnih projekata prvenstveno iz podru\u010dja prometne signalizacije i sigurnosti cestovnog prometa. U koautorstvu je izdao veliki broj znanstvenih radova, te je sudjelovao na vi\u0161e zna\u010dajnih me\u0111unarodnih simpozija i kongresa, pozvanih predavanja i radionica.<\/p>\n<p><strong>Ratko Stankovi\u0107<\/strong> ro\u0111en je 8. travnja 1964. u Zagrebu. Diplomirao je na Sveu\u010dili\u0161tu u Zagrebu, na Fakultetu strojarstva i brodogradnje, zatim na Fakultetu prometnih znanosti. Magistrirao je i doktorirao na Fakultetu prometnih znanosti. U zvanje izvanrednog profesora izabran je 2017. godine. Autor je vi\u0161e znanstvenih i stru\u010dnih radova, ud\u017ebenika i priru\u010dnika.<br \/> Profesionalnu karijeru zapo\u010deo je 1992. godine u Ministarstvu prometa i veza, gdje je dvije godine radio na stru\u010dno tehni\u010dkim poslovima, nakon toga je vi\u0161e od 20 godina radio u gospodarstvu, na operativnim i rukovode\u0107im poslovima u \u0161pediciji (Transadria d.d. i Alfalog d.o.o.). Od 2013. godine zaposlen je na Fakultetu prometnih znanosti, gdje izvodi nastavu na Studiju ITS-a i Logistike, te aktivno sudjeluje u znanstvenim i stru\u010dno komercijalnim projektima. \u010clan je Hrvatske udruge diplomiranih in\u017eenjera i in\u017eenjera Fakulteta prometnih znanosti, kao i Hrvatske komore in\u017eenjera tehnologije prometa i transporta.<\/p>\n<p><strong>Doc.dr.sc. Ivona Bajor<\/strong> ro\u0111ena je 19. srpnja 1983. u Rijeci. U svibnju 2007. godine diplomirala je na Fakultetu prometnih znanosti, Sveu\u010dili\u0161ta u Zagrebu. Doktorirala je na poslijediplomskom doktorskom studiju \u201eTehnolo\u0161ki sustavi u prometu i transportu\u201c na Fakultetu prometnih znanosti 2014. godine na temu \u201eModel organizacije sabirnih centara u sustavu povratne logistike\u201c.<br \/>Trenutno na Fakultetu prometnih znanosti obna\u0161a funkciju voditeljice Katedre za planiranje logisti\u010dkih procesa, gdje je anga\u017eirana na kolegijima Unutra\u0161nji transport i skladi\u0161tenje, Povratna logistika, Planiranje logisti\u010dkih procesa, Upravljanje transportnim lancima i \u0160pedicija.<br \/>Osim u nastavi, sudjeluje u izradi znanstvenih i stru\u010dnih projekata, te istra\u017eiva\u010dki interesi uklju\u010duju optimizaciju skladi\u0161nih i povratnih logisti\u010dkih procesa, razvoj sustava naprednih tehnologija (AR, VR), analize podataka, simulacijsko modeliranje, informacijske sustave, zelenu logistiku. Kao konzultant, vodila je i sudjelovala na nizu razli\u010ditih projekata logisti\u010dkog tr\u017ei\u0161ta RH i EU vezano za prehrambenu industriju, automobilsku industriju, prikupljanje otpada, maloprodajne lance, hladne lance itd. Specijalizirala se za uvo\u0111enje i optimizaciju informacijskih sustava.<br \/>Objavila je odre\u0111eni broj znanstvenih i stru\u010dnih \u010dlanaka, dodatno se educirala na me\u0111unarodnim razmjenama, poha\u0111ala Massachusetts Institute of Technology &#8211; ljetnu doktorsku \u0161kolu, itd. Tako\u0111er, urednica je sekcije za Logistiku u \u010dasopisu Promet Traffic and Transportation.<\/p>\n<p><strong>Klju\u010dne rije\u010di:<\/strong> \u0160pedicija, logisti\u010dka djelatnost, prijevoz robe, carina, intrastat<\/p>\n<p><strong>E-mail:<\/strong> <a href=\"mailto:dbabic@fpz.unizg.hr\" target=\"_blank\" rel=\"noopener noreferrer\">Darko Babi\u0107<\/a>\u00a0<strong> <a href=\"mailto:rstankovic@fpz.unizg.hr\" target=\"_blank\" rel=\"noopener noreferrer\">Ratko Stankovi\u0107<\/a><\/strong><strong>\u00a0\u00a0<a href=\"mailto:ibajor@fpz.unizg.hr\" target=\"_blank\" rel=\"noopener noreferrer\">Ivona Bajor<\/a><\/strong><strong>\u00a0<\/strong><\/p>\n<p>\u00a0<\/p>\n<p><strong>Naslov:<\/strong> \u0160pediterski poslovi u logisti\u010dkoj djelatnosti- crno-bijeli tisak<br \/><strong>Autori:<\/strong> izv. prof. dr. sc. Darko Babi\u0107, doc. dr. sc. Ivona Bajor<br \/>Izv. prof. dr. sc. Ratko Stankovi\u0107<br \/><strong>Broj stranica:<\/strong> 312<br \/><strong>Nakladnik:<\/strong> Fakultet prometnih znanosti Sveu\u010dili\u0161ta u Zagrebu<br \/><strong>Godina izdanja:<\/strong> 2020.<br \/><strong>ISBN:<\/strong> 978-953-243-119-3<br \/><strong>Tisak:<\/strong> digitalni tisak knjiga &#8211; print na zahtjev<\/p>\n<p>\u00a0<\/p>\n<p style=\"text-align: justify;\">\u00a0<\/p>\n<p style=\"text-align: justify;\"><strong>Kako naru\u010diti knjigu?\u00a0<\/strong>Proces online kupovine jednako funkcionira za sve kupce, s jedinom razlikom u tome \u0161to \u0161to kupci iz inozemstva za podru\u010dje dostave moraju odabrati &#8220;Europa&#8221; ili &#8220;Ostale zemlje svijeta&#8221;, a za vrstu pla\u0107anja WSPay (kreditna kartica) ili Virmanom (bankovni transfer).<\/p>\n<p style=\"text-align: justify;\">Molimo kliknite ovdje za\u00a0<a href=\"hr\/kako-kupovati\">detaljni vodi\u010d kroz proces narud\u017ebe<\/a>\u00a0ili nas\u00a0<a href=\"hr\/kontakt\">kontaktirajte<\/a>\u00a0za vi\u0161e informacija.<\/p>\n","protected":false},"excerpt":{"rendered":"<p>Sa\u017eetak: U ovom je ud\u017ebeniku naglasak stavljen na razmatranje uloge \u0161peditera u sustavu robne razmjene, te na prikazu tehnike obavljanja poslova koji \u010dine \u0161peditersku uslugu. Za potrebe su ove knjige, osim relevantne literature, istra\u017eeni brojni primjeri suvremene poslovne prakse u logisti\u010dkoj djelatnosti, iskustva hrvatskih i stranih \u0161peditera odnosno logisti\u010dkih operatera, te je na tome zasnovana [&hellip;]<\/p>\n","protected":false},"featured_media":9333,"comment_status":"open","ping_status":"closed","template":"","meta":{"_acf_changed":false},"product_brand":[],"product_cat":[1539],"product_tag":[],"class_list":{"0":"post-9332","1":"product","2":"type-product","3":"status-publish","4":"has-post-thumbnail","6":"product_cat-sveucilisni-udzbenici-i-prirucnici","7":"pa_autor-doc-dr-sc-ivona-bajor","8":"pa_autor-izv-prof-dr-sc-darko-babic","9":"pa_autor-izv-prof-dr-sc-ratko-stankovic","10":"pa_nakladnik-fakultet-prometnih-znanosti-sveucilista-u-zagrebu","12":"first","13":"instock","14":"shipping-taxable","15":"purchasable","16":"product-type-simple"},"acf":[],"yoast_head":"<!-- This site is optimized with the Yoast SEO plugin v27.3 - https:\/\/yoast.com\/product\/yoast-seo-wordpress\/ -->\n<title>\u0160PEDITERSKI POSLOVI U LOGISTI\u010cKOJ DJELATNOSTI- CRNO-BIJELI TISAK, Grupa autora - Web-knji\u017eara<\/title>\n<meta name=\"robots\" content=\"index, follow, max-snippet:-1, max-image-preview:large, max-video-preview:-1\" \/>\n<link rel=\"canonical\" href=\"https:\/\/webknjizara.hr\/proizvod\/spediterski-poslovi-u-logistickoj-djelatnosti-crno-bijeli-tisak-grupa-autora\/\" \/>\n<meta property=\"og:locale\" content=\"en_US\" \/>\n<meta property=\"og:type\" content=\"article\" \/>\n<meta property=\"og:title\" content=\"\u0160PEDITERSKI POSLOVI U LOGISTI\u010cKOJ DJELATNOSTI- CRNO-BIJELI TISAK, Grupa autora - Web-knji\u017eara\" \/>\n<meta property=\"og:description\" content=\"Sa\u017eetak: U ovom je ud\u017ebeniku naglasak stavljen na razmatranje uloge \u0161peditera u sustavu robne razmjene, te na prikazu tehnike obavljanja poslova koji \u010dine \u0161peditersku uslugu. Za potrebe su ove knjige, osim relevantne literature, istra\u017eeni brojni primjeri suvremene poslovne prakse u logisti\u010dkoj djelatnosti, iskustva hrvatskih i stranih \u0161peditera odnosno logisti\u010dkih operatera, te je na tome zasnovana [&hellip;]\" \/>\n<meta property=\"og:url\" content=\"https:\/\/webknjizara.hr\/proizvod\/spediterski-poslovi-u-logistickoj-djelatnosti-crno-bijeli-tisak-grupa-autora\/\" \/>\n<meta property=\"og:site_name\" content=\"Web-knji\u017eara\" \/>\n<meta property=\"article:modified_time\" content=\"2023-02-26T23:18:14+00:00\" \/>\n<meta property=\"og:image\" content=\"https:\/\/webknjizara.hr\/wp-content\/uploads\/nc\/images\/virtuemart\/product\/FPZ_Spediterski_poslovi_u_logistickoj_djelatnosti_CB_WEB.jpg\" \/>\n\t<meta property=\"og:image:width\" content=\"300\" \/>\n\t<meta property=\"og:image:height\" content=\"419\" \/>\n\t<meta property=\"og:image:type\" content=\"image\/jpeg\" \/>\n<meta name=\"twitter:card\" content=\"summary_large_image\" \/>\n<meta name=\"twitter:label1\" content=\"Est. reading time\" \/>\n\t<meta name=\"twitter:data1\" content=\"4 minutes\" \/>\n<script type=\"application\/ld+json\" class=\"yoast-schema-graph\">{\"@context\":\"https:\\\/\\\/schema.org\",\"@graph\":[{\"@type\":\"WebPage\",\"@id\":\"https:\\\/\\\/webknjizara.hr\\\/proizvod\\\/spediterski-poslovi-u-logistickoj-djelatnosti-crno-bijeli-tisak-grupa-autora\\\/\",\"url\":\"https:\\\/\\\/webknjizara.hr\\\/proizvod\\\/spediterski-poslovi-u-logistickoj-djelatnosti-crno-bijeli-tisak-grupa-autora\\\/\",\"name\":\"\u0160PEDITERSKI POSLOVI U LOGISTI\u010cKOJ DJELATNOSTI- CRNO-BIJELI TISAK, Grupa autora - Web-knji\u017eara\",\"isPartOf\":{\"@id\":\"https:\\\/\\\/webknjizara.hr\\\/#website\"},\"primaryImageOfPage\":{\"@id\":\"https:\\\/\\\/webknjizara.hr\\\/proizvod\\\/spediterski-poslovi-u-logistickoj-djelatnosti-crno-bijeli-tisak-grupa-autora\\\/#primaryimage\"},\"image\":{\"@id\":\"https:\\\/\\\/webknjizara.hr\\\/proizvod\\\/spediterski-poslovi-u-logistickoj-djelatnosti-crno-bijeli-tisak-grupa-autora\\\/#primaryimage\"},\"thumbnailUrl\":\"https:\\\/\\\/webknjizara.hr\\\/wp-content\\\/uploads\\\/nc\\\/images\\\/virtuemart\\\/product\\\/FPZ_Spediterski_poslovi_u_logistickoj_djelatnosti_CB_WEB.jpg\",\"datePublished\":\"2020-10-16T12:53:39+00:00\",\"dateModified\":\"2023-02-26T23:18:14+00:00\",\"breadcrumb\":{\"@id\":\"https:\\\/\\\/webknjizara.hr\\\/proizvod\\\/spediterski-poslovi-u-logistickoj-djelatnosti-crno-bijeli-tisak-grupa-autora\\\/#breadcrumb\"},\"inLanguage\":\"en-US\",\"potentialAction\":[{\"@type\":\"ReadAction\",\"target\":[\"https:\\\/\\\/webknjizara.hr\\\/proizvod\\\/spediterski-poslovi-u-logistickoj-djelatnosti-crno-bijeli-tisak-grupa-autora\\\/\"]}]},{\"@type\":\"ImageObject\",\"inLanguage\":\"en-US\",\"@id\":\"https:\\\/\\\/webknjizara.hr\\\/proizvod\\\/spediterski-poslovi-u-logistickoj-djelatnosti-crno-bijeli-tisak-grupa-autora\\\/#primaryimage\",\"url\":\"https:\\\/\\\/webknjizara.hr\\\/wp-content\\\/uploads\\\/nc\\\/images\\\/virtuemart\\\/product\\\/FPZ_Spediterski_poslovi_u_logistickoj_djelatnosti_CB_WEB.jpg\",\"contentUrl\":\"https:\\\/\\\/webknjizara.hr\\\/wp-content\\\/uploads\\\/nc\\\/images\\\/virtuemart\\\/product\\\/FPZ_Spediterski_poslovi_u_logistickoj_djelatnosti_CB_WEB.jpg\",\"width\":300,\"height\":419,\"caption\":\"\u0160PEDITERSKI POSLOVI U LOGISTI\u010cKOJ DJELATNOSTI- CRNO-BIJELI TISAK, Grupa autora\"},{\"@type\":\"BreadcrumbList\",\"@id\":\"https:\\\/\\\/webknjizara.hr\\\/proizvod\\\/spediterski-poslovi-u-logistickoj-djelatnosti-crno-bijeli-tisak-grupa-autora\\\/#breadcrumb\",\"itemListElement\":[{\"@type\":\"ListItem\",\"position\":1,\"name\":\"Po\u010detna stranica\",\"item\":\"https:\\\/\\\/webknjizara.hr\\\/en\\\/\"},{\"@type\":\"ListItem\",\"position\":2,\"name\":\"Shop\",\"item\":\"https:\\\/\\\/webknjizara.hr\\\/shop\\\/\"},{\"@type\":\"ListItem\",\"position\":3,\"name\":\"\u0160PEDITERSKI POSLOVI U LOGISTI\u010cKOJ DJELATNOSTI- CRNO-BIJELI TISAK, Grupa autora\"}]},{\"@type\":\"WebSite\",\"@id\":\"https:\\\/\\\/webknjizara.hr\\\/#website\",\"url\":\"https:\\\/\\\/webknjizara.hr\\\/\",\"name\":\"Web Knji\u017eara\",\"description\":\"\",\"publisher\":{\"@id\":\"https:\\\/\\\/webknjizara.hr\\\/#organization\"},\"potentialAction\":[{\"@type\":\"SearchAction\",\"target\":{\"@type\":\"EntryPoint\",\"urlTemplate\":\"https:\\\/\\\/webknjizara.hr\\\/?s={search_term_string}\"},\"query-input\":{\"@type\":\"PropertyValueSpecification\",\"valueRequired\":true,\"valueName\":\"search_term_string\"}}],\"inLanguage\":\"en-US\"},{\"@type\":\"Organization\",\"@id\":\"https:\\\/\\\/webknjizara.hr\\\/#organization\",\"name\":\"REDAK D.O.O.\",\"url\":\"https:\\\/\\\/webknjizara.hr\\\/\",\"logo\":{\"@type\":\"ImageObject\",\"inLanguage\":\"en-US\",\"@id\":\"https:\\\/\\\/webknjizara.hr\\\/#\\\/schema\\\/logo\\\/image\\\/\",\"url\":\"https:\\\/\\\/webknjizara.hr\\\/wp-content\\\/uploads\\\/2023\\\/01\\\/web-knjizara-logo.webp\",\"contentUrl\":\"https:\\\/\\\/webknjizara.hr\\\/wp-content\\\/uploads\\\/2023\\\/01\\\/web-knjizara-logo.webp\",\"width\":324,\"height\":79,\"caption\":\"REDAK D.O.O.\"},\"image\":{\"@id\":\"https:\\\/\\\/webknjizara.hr\\\/#\\\/schema\\\/logo\\\/image\\\/\"}}]}<\/script>\n<!-- \/ Yoast SEO plugin. -->","yoast_head_json":{"title":"\u0160PEDITERSKI POSLOVI U LOGISTI\u010cKOJ DJELATNOSTI- CRNO-BIJELI TISAK, Grupa autora - Web-knji\u017eara","robots":{"index":"index","follow":"follow","max-snippet":"max-snippet:-1","max-image-preview":"max-image-preview:large","max-video-preview":"max-video-preview:-1"},"canonical":"https:\/\/webknjizara.hr\/proizvod\/spediterski-poslovi-u-logistickoj-djelatnosti-crno-bijeli-tisak-grupa-autora\/","og_locale":"en_US","og_type":"article","og_title":"\u0160PEDITERSKI POSLOVI U LOGISTI\u010cKOJ DJELATNOSTI- CRNO-BIJELI TISAK, Grupa autora - Web-knji\u017eara","og_description":"Sa\u017eetak: U ovom je ud\u017ebeniku naglasak stavljen na razmatranje uloge \u0161peditera u sustavu robne razmjene, te na prikazu tehnike obavljanja poslova koji \u010dine \u0161peditersku uslugu. Za potrebe su ove knjige, osim relevantne literature, istra\u017eeni brojni primjeri suvremene poslovne prakse u logisti\u010dkoj djelatnosti, iskustva hrvatskih i stranih \u0161peditera odnosno logisti\u010dkih operatera, te je na tome zasnovana [&hellip;]","og_url":"https:\/\/webknjizara.hr\/proizvod\/spediterski-poslovi-u-logistickoj-djelatnosti-crno-bijeli-tisak-grupa-autora\/","og_site_name":"Web-knji\u017eara","article_modified_time":"2023-02-26T23:18:14+00:00","og_image":[{"width":300,"height":419,"url":"https:\/\/webknjizara.hr\/wp-content\/uploads\/nc\/images\/virtuemart\/product\/FPZ_Spediterski_poslovi_u_logistickoj_djelatnosti_CB_WEB.jpg","type":"image\/jpeg"}],"twitter_card":"summary_large_image","twitter_misc":{"Est. reading time":"4 minutes"},"schema":{"@context":"https:\/\/schema.org","@graph":[{"@type":"WebPage","@id":"https:\/\/webknjizara.hr\/proizvod\/spediterski-poslovi-u-logistickoj-djelatnosti-crno-bijeli-tisak-grupa-autora\/","url":"https:\/\/webknjizara.hr\/proizvod\/spediterski-poslovi-u-logistickoj-djelatnosti-crno-bijeli-tisak-grupa-autora\/","name":"\u0160PEDITERSKI POSLOVI U LOGISTI\u010cKOJ DJELATNOSTI- CRNO-BIJELI TISAK, Grupa autora - Web-knji\u017eara","isPartOf":{"@id":"https:\/\/webknjizara.hr\/#website"},"primaryImageOfPage":{"@id":"https:\/\/webknjizara.hr\/proizvod\/spediterski-poslovi-u-logistickoj-djelatnosti-crno-bijeli-tisak-grupa-autora\/#primaryimage"},"image":{"@id":"https:\/\/webknjizara.hr\/proizvod\/spediterski-poslovi-u-logistickoj-djelatnosti-crno-bijeli-tisak-grupa-autora\/#primaryimage"},"thumbnailUrl":"https:\/\/webknjizara.hr\/wp-content\/uploads\/nc\/images\/virtuemart\/product\/FPZ_Spediterski_poslovi_u_logistickoj_djelatnosti_CB_WEB.jpg","datePublished":"2020-10-16T12:53:39+00:00","dateModified":"2023-02-26T23:18:14+00:00","breadcrumb":{"@id":"https:\/\/webknjizara.hr\/proizvod\/spediterski-poslovi-u-logistickoj-djelatnosti-crno-bijeli-tisak-grupa-autora\/#breadcrumb"},"inLanguage":"en-US","potentialAction":[{"@type":"ReadAction","target":["https:\/\/webknjizara.hr\/proizvod\/spediterski-poslovi-u-logistickoj-djelatnosti-crno-bijeli-tisak-grupa-autora\/"]}]},{"@type":"ImageObject","inLanguage":"en-US","@id":"https:\/\/webknjizara.hr\/proizvod\/spediterski-poslovi-u-logistickoj-djelatnosti-crno-bijeli-tisak-grupa-autora\/#primaryimage","url":"https:\/\/webknjizara.hr\/wp-content\/uploads\/nc\/images\/virtuemart\/product\/FPZ_Spediterski_poslovi_u_logistickoj_djelatnosti_CB_WEB.jpg","contentUrl":"https:\/\/webknjizara.hr\/wp-content\/uploads\/nc\/images\/virtuemart\/product\/FPZ_Spediterski_poslovi_u_logistickoj_djelatnosti_CB_WEB.jpg","width":300,"height":419,"caption":"\u0160PEDITERSKI POSLOVI U LOGISTI\u010cKOJ DJELATNOSTI- CRNO-BIJELI TISAK, Grupa autora"},{"@type":"BreadcrumbList","@id":"https:\/\/webknjizara.hr\/proizvod\/spediterski-poslovi-u-logistickoj-djelatnosti-crno-bijeli-tisak-grupa-autora\/#breadcrumb","itemListElement":[{"@type":"ListItem","position":1,"name":"Po\u010detna stranica","item":"https:\/\/webknjizara.hr\/en\/"},{"@type":"ListItem","position":2,"name":"Shop","item":"https:\/\/webknjizara.hr\/shop\/"},{"@type":"ListItem","position":3,"name":"\u0160PEDITERSKI POSLOVI U LOGISTI\u010cKOJ DJELATNOSTI- CRNO-BIJELI TISAK, Grupa autora"}]},{"@type":"WebSite","@id":"https:\/\/webknjizara.hr\/#website","url":"https:\/\/webknjizara.hr\/","name":"Web Knji\u017eara","description":"","publisher":{"@id":"https:\/\/webknjizara.hr\/#organization"},"potentialAction":[{"@type":"SearchAction","target":{"@type":"EntryPoint","urlTemplate":"https:\/\/webknjizara.hr\/?s={search_term_string}"},"query-input":{"@type":"PropertyValueSpecification","valueRequired":true,"valueName":"search_term_string"}}],"inLanguage":"en-US"},{"@type":"Organization","@id":"https:\/\/webknjizara.hr\/#organization","name":"REDAK D.O.O.","url":"https:\/\/webknjizara.hr\/","logo":{"@type":"ImageObject","inLanguage":"en-US","@id":"https:\/\/webknjizara.hr\/#\/schema\/logo\/image\/","url":"https:\/\/webknjizara.hr\/wp-content\/uploads\/2023\/01\/web-knjizara-logo.webp","contentUrl":"https:\/\/webknjizara.hr\/wp-content\/uploads\/2023\/01\/web-knjizara-logo.webp","width":324,"height":79,"caption":"REDAK D.O.O."},"image":{"@id":"https:\/\/webknjizara.hr\/#\/schema\/logo\/image\/"}}]}},"_links":{"self":[{"href":"https:\/\/webknjizara.hr\/en\/wp-json\/wp\/v2\/product\/9332","targetHints":{"allow":["GET"]}}],"collection":[{"href":"https:\/\/webknjizara.hr\/en\/wp-json\/wp\/v2\/product"}],"about":[{"href":"https:\/\/webknjizara.hr\/en\/wp-json\/wp\/v2\/types\/product"}],"replies":[{"embeddable":true,"href":"https:\/\/webknjizara.hr\/en\/wp-json\/wp\/v2\/comments?post=9332"}],"wp:featuredmedia":[{"embeddable":true,"href":"https:\/\/webknjizara.hr\/en\/wp-json\/wp\/v2\/media\/9333"}],"wp:attachment":[{"href":"https:\/\/webknjizara.hr\/en\/wp-json\/wp\/v2\/media?parent=9332"}],"wp:term":[{"taxonomy":"product_brand","embeddable":true,"href":"https:\/\/webknjizara.hr\/en\/wp-json\/wp\/v2\/product_brand?post=9332"},{"taxonomy":"product_cat","embeddable":true,"href":"https:\/\/webknjizara.hr\/en\/wp-json\/wp\/v2\/product_cat?post=9332"},{"taxonomy":"product_tag","embeddable":true,"href":"https:\/\/webknjizara.hr\/en\/wp-json\/wp\/v2\/product_tag?post=9332"}],"curies":[{"name":"wp","href":"https:\/\/api.w.org\/{rel}","templated":true}]}}