{"id":9318,"date":"2020-09-21T09:57:59","date_gmt":"2020-09-21T09:57:59","guid":{"rendered":"https:\/\/webknjizara.hr\/?product=poezija-ispod-skoljke-2-grupa-autora"},"modified":"2023-02-27T00:18:14","modified_gmt":"2023-02-26T23:18:14","slug":"poezija-ispod-skoljke-2-grupa-autora","status":"publish","type":"product","link":"https:\/\/webknjizara.hr\/en\/proizvod\/poezija-ispod-skoljke-2-grupa-autora\/","title":{"rendered":"POEZIJA ISPOD \u0160KOLJKE 2, Grupa autora"},"content":{"rendered":"<p><strong>Sa\u017eetak:<\/strong><\/p>\n<p>\u201eKao kad na pla\u017ei prona\u0111ete \u0161koljku pa se zamislite \u0161to je sve pro\u0161la, vidjela i do\u017eivjela tako \u0107ete se zamisliti i nad ovom zbirkom poezije.<\/p>\n<p>I kao da odjednom, u godini u kojoj granice svih vrsta osjetimo ja\u010de nego ikad, te iste granice prestaju postojati. Ove poeti\u010dne \u0161koljke, kako ih volim zvati, proputovale su i na desetke tisu\u0107a kilometara i prona\u0161le se na istoj pla\u017ei. Ne znamo ni kako ni za\u0161to, jesu li do\u0161le putem vjetra, ki\u0161a, rijeka ili mora, ali tu su, na jednom mjestu gdje ne postoje ni granice ni pravila ni maske.<\/p>\n<p>Izme\u0111u ovih korica koje dr\u017eite nalazi se ogoljeno slojevita, nje\u017eno gruba i sanjivo realna poezija kojoj \u0107ete se vra\u0107ati poput valova koji se vra\u0107aju na pla\u017eu pa joj svaki put promijene izgled ostavljaju\u0107i je savr\u0161enom i bez granica.\u201c<\/p>\n<p>Ana Kolar, autorica bloga Blogledalo<\/p>\n<p><strong>Bilje\u0161ka o autorima:<\/strong><\/p>\n<p>Pjesme su nastale u razdoblju od 1. lipnja 2020. do 16. srpnja 2020. godine, a autori su \u010dlanovi Facebook grupe Pisci i Knji\u017eevnost te Facebook stranice Pisci i Knji\u017eevnost.<\/p>\n<p>Tvorci ovih pjesama pi\u0161u nam iz Hrvatske, Bosne i Hercegovine, Srbije, Crne Gore, Francuske, \u0160vicarske, Austrije i Australije.<\/p>\n<p>Almir Golubi\u0107, Adisa Gerber, Amina Hubjer, Advija Herenda, Anica Ivi\u0107, Amalija Ljubica Sedla\u010dek, Arijana Miljkovi\u0107, Anamaria Opa\u010dak, Aida Orahovac Ku\u010d, Azra Uglje\u0161a, Ana Vidovi\u0107, Anja Vuleti\u0107, Anton Zovko, Bojana Krsti\u0107, Bojana Nemet, Bepina Pin\u010di\u0107, Bernanda \u0106uri\u0107, Blanka Will, Doroteja Jovi\u0107, Dora Kabalin, Dragana Latinovi\u0107, Denisa Me\u0111edovi\u0107, Dragana Petrovi\u0107, Dunja Vele, \u0110ur\u0111ica Br\u010di\u0107, Evica Kralji\u0107, Emanuella Zubovi\u0107, Gordana Bartol, Gabrijel Bari\u0161i\u0107, Gordana Trifunovi\u0107, Ivana \u0110uran, Ibrahim Ibrahimovi\u0107, Iva Miljak, Ivana Popovi\u0107, Ingrid \u0160pani\u0107, Jelena Ben\u010di\u0107, Jovanka Jan\u010di\u0107, Jasenka-Marija Leko, Jelica Simeunovi\u0107 Lopi\u010di\u0107, Jadranka Trogrli\u0107, Katarina Bili\u0107 Pavlinovi\u0107, Kata Len\u0111el, Katica Pai\u0107, Kemo Selak, Kruno \u0160afrani\u0107, Leon Jozinovi\u0107, Ljiljana Jeron\u010di\u0107, Ljerka Lini\u0107, Maja Anu\u0161i\u0107 Dizdarevi\u0107, Mladen Crnkovi\u0107, Martina Egi\u0107 Gr\u010devi\u0107, Mile Grgi\u0107, Milica Maksi\u0107, Marina Puzi\u0107, Melina Velagi\u0107, Marica \u017daneti\u0107 Malenica, Nela Petri\u010devi\u0107, Petar \u010cernov, Petar Jenji\u0107, Paulina Vozar, Razija Buharalija, Romana Duvnjak, Rada Juzba\u0161i\u0107, Rosa Markovi\u0107, Sabina Bakija, Stjepan Crni\u0107, Svetlana (Dimi\u0107) \u0106ulum, Snje\u017eana Dela\u010d Kalin, Sa\u0161ko Jovanovi\u0107, Slavica Juhas, Svetlana Strini\u0107, Snje\u017eana Segnan, Stefan Elezovi\u0107, Tanja Fran\u010di\u0161kovi\u0107, Vesna Hope, Vesna Jakovina, Vilma Kne\u017eevi\u0107, Vernesa Manov, Vlasta Marini\u0107-Kragi\u0107, Vlasta Sumarev, Vesna \u0160oprek, Zoran Pavlovic, \u017deljka Kova\u010devi\u0107, \u017deljko Marinkovi\u0107<\/p>\n<p>Ilustracija naslovnice: Megi Horak Orli\u0107<\/p>\n<p><strong>Klju\u010dne rije\u010di:<\/strong> Pisci i Knji\u017eevnost, Poezija, ispod, \u0161koljke, 2, pjesme, autori<\/p>\n<p><strong>Link:<\/strong> Pisci i Knji\u017eevnost<br \/><a href=\"https:\/\/www.facebook.com\/groups\/245484055481932\/\" target=\"_blank\" rel=\"noopener noreferrer\">https:\/\/www.facebook.com\/groups\/245484055481932\/<\/a><\/p>\n<p>PiK kutak &#8211; knji\u017eevnost koja se \u010dita i pamti<br \/><a href=\"https:\/\/www.facebook.com\/groups\/1827073877599047\/\" target=\"_blank\" rel=\"noopener noreferrer\">https:\/\/www.facebook.com\/groups\/1827073877599047\/<\/a><\/p>\n<p>Pisci i Knji\u017eevnost &#8211; Writers and Literature<br \/><a href=\"https:\/\/www.facebook.com\/pisciknjizevnost.pik\/\" target=\"_blank\" rel=\"noopener noreferrer\">https:\/\/www.facebook.com\/pisciknjizevnost.pik\/<\/a><\/p>\n<p>Web stranica Pisci i Knji\u017eevnost<br \/><a href=\"https:\/\/bit.ly\/2VxBWKu\" target=\"_blank\" rel=\"noopener noreferrer\">https:\/\/bit.ly\/2VxBWKu<\/a><\/p>\n<p>Instagram profil<\/p>\n<p><a href=\"https:\/\/www.instagram.com\/let_s_read_croatian_authors\/\" target=\"_blank\" rel=\"noopener noreferrer\">https:\/\/www.instagram.com\/let_s_read_croatian_authors\/<\/a><\/p>\n<p><strong>E-mail:<\/strong> <a href=\"mailto:knjigamojprijatelj@outlook.com\" target=\"_blank\" rel=\"noopener noreferrer\">Kontakt<\/a><\/p>\n<p>\u00a0<\/p>\n<p><strong>Naslov:<\/strong> Poezija ispod \u0161koljke 2<br \/><strong>Autor:<\/strong> Pisci i knji\u017eevnost &#8211; grupa autora<br \/><strong>Broj stranica:<\/strong> 396<br \/><strong>Nakladnik:<\/strong> REDAK<br \/><strong>Godina izdanja:<\/strong> 2020.<br \/><strong>ISBN:<\/strong> 978-953-336-679-1<br \/><strong>Tisak:<\/strong> digitalni tisak knjiga &#8211; print na zahtjev<\/p>\n<p>\u00a0<\/p>\n<p style=\"text-align: justify;\"><strong>Kako naru\u010diti knjigu?\u00a0<\/strong>Proces online kupovine jednako funkcionira za sve kupce, s jedinom razlikom u tome \u0161to \u0161to kupci iz inozemstva za podru\u010dje dostave moraju odabrati &#8220;Europa&#8221; ili &#8220;Ostale zemlje svijeta&#8221;, a za vrstu pla\u0107anja WSPay (kreditna kartica) ili Virmanom (bankovni transfer).<\/p>\n<p style=\"text-align: justify;\">Molimo kliknite ovdje za\u00a0<a href=\"hr\/kako-kupovati\">detaljni vodi\u010d kroz proces narud\u017ebe<\/a>\u00a0ili nas\u00a0<a href=\"hr\/kontakt\">kontaktirajte<\/a>\u00a0za vi\u0161e informacija.<\/p>\n","protected":false},"excerpt":{"rendered":"<p>Sa\u017eetak: \u201eKao kad na pla\u017ei prona\u0111ete \u0161koljku pa se zamislite \u0161to je sve pro\u0161la, vidjela i do\u017eivjela tako \u0107ete se zamisliti i nad ovom zbirkom poezije. I kao da odjednom, u godini u kojoj granice svih vrsta osjetimo ja\u010de nego ikad, te iste granice prestaju postojati. Ove poeti\u010dne \u0161koljke, kako ih volim zvati, proputovale su [&hellip;]<\/p>\n","protected":false},"featured_media":9319,"comment_status":"open","ping_status":"closed","template":"","meta":{"_acf_changed":false},"product_brand":[],"product_cat":[1383,1385,1388],"product_tag":[],"class_list":{"0":"post-9318","1":"product","2":"type-product","3":"status-publish","4":"has-post-thumbnail","6":"product_cat-knjige","7":"product_cat-knjizevnost","8":"product_cat-poezija","9":"pa_autor-pisci-i-knjizevnost-grupa-autora","10":"pa_nakladnik-redak","12":"first","13":"instock","14":"shipping-taxable","15":"purchasable","16":"product-type-simple"},"acf":[],"yoast_head":"<!-- This site is optimized with the Yoast SEO plugin v27.3 - https:\/\/yoast.com\/product\/yoast-seo-wordpress\/ -->\n<title>POEZIJA ISPOD \u0160KOLJKE 2, Grupa autora - Web-knji\u017eara<\/title>\n<meta name=\"robots\" content=\"index, follow, max-snippet:-1, max-image-preview:large, max-video-preview:-1\" \/>\n<link rel=\"canonical\" href=\"https:\/\/webknjizara.hr\/proizvod\/poezija-ispod-skoljke-2-grupa-autora\/\" \/>\n<meta property=\"og:locale\" content=\"en_US\" \/>\n<meta property=\"og:type\" content=\"article\" \/>\n<meta property=\"og:title\" content=\"POEZIJA ISPOD \u0160KOLJKE 2, Grupa autora - Web-knji\u017eara\" \/>\n<meta property=\"og:description\" content=\"Sa\u017eetak: \u201eKao kad na pla\u017ei prona\u0111ete \u0161koljku pa se zamislite \u0161to je sve pro\u0161la, vidjela i do\u017eivjela tako \u0107ete se zamisliti i nad ovom zbirkom poezije. I kao da odjednom, u godini u kojoj granice svih vrsta osjetimo ja\u010de nego ikad, te iste granice prestaju postojati. Ove poeti\u010dne \u0161koljke, kako ih volim zvati, proputovale su [&hellip;]\" \/>\n<meta property=\"og:url\" content=\"https:\/\/webknjizara.hr\/proizvod\/poezija-ispod-skoljke-2-grupa-autora\/\" \/>\n<meta property=\"og:site_name\" content=\"Web-knji\u017eara\" \/>\n<meta property=\"article:modified_time\" content=\"2023-02-26T23:18:14+00:00\" \/>\n<meta property=\"og:image\" content=\"https:\/\/webknjizara.hr\/wp-content\/uploads\/nc\/images\/virtuemart\/product\/SAFRANIC_KRUNO_PIK_Poezija_ispod_skoljke_2_KORICA_WEB.jpg\" \/>\n\t<meta property=\"og:image:width\" content=\"300\" \/>\n\t<meta property=\"og:image:height\" content=\"419\" \/>\n\t<meta property=\"og:image:type\" content=\"image\/jpeg\" \/>\n<meta name=\"twitter:card\" content=\"summary_large_image\" \/>\n<meta name=\"twitter:label1\" content=\"Est. reading time\" \/>\n\t<meta name=\"twitter:data1\" content=\"3 minutes\" \/>\n<script type=\"application\/ld+json\" class=\"yoast-schema-graph\">{\"@context\":\"https:\\\/\\\/schema.org\",\"@graph\":[{\"@type\":\"WebPage\",\"@id\":\"https:\\\/\\\/webknjizara.hr\\\/proizvod\\\/poezija-ispod-skoljke-2-grupa-autora\\\/\",\"url\":\"https:\\\/\\\/webknjizara.hr\\\/proizvod\\\/poezija-ispod-skoljke-2-grupa-autora\\\/\",\"name\":\"POEZIJA ISPOD \u0160KOLJKE 2, Grupa autora - Web-knji\u017eara\",\"isPartOf\":{\"@id\":\"https:\\\/\\\/webknjizara.hr\\\/#website\"},\"primaryImageOfPage\":{\"@id\":\"https:\\\/\\\/webknjizara.hr\\\/proizvod\\\/poezija-ispod-skoljke-2-grupa-autora\\\/#primaryimage\"},\"image\":{\"@id\":\"https:\\\/\\\/webknjizara.hr\\\/proizvod\\\/poezija-ispod-skoljke-2-grupa-autora\\\/#primaryimage\"},\"thumbnailUrl\":\"https:\\\/\\\/webknjizara.hr\\\/wp-content\\\/uploads\\\/nc\\\/images\\\/virtuemart\\\/product\\\/SAFRANIC_KRUNO_PIK_Poezija_ispod_skoljke_2_KORICA_WEB.jpg\",\"datePublished\":\"2020-09-21T09:57:59+00:00\",\"dateModified\":\"2023-02-26T23:18:14+00:00\",\"breadcrumb\":{\"@id\":\"https:\\\/\\\/webknjizara.hr\\\/proizvod\\\/poezija-ispod-skoljke-2-grupa-autora\\\/#breadcrumb\"},\"inLanguage\":\"en-US\",\"potentialAction\":[{\"@type\":\"ReadAction\",\"target\":[\"https:\\\/\\\/webknjizara.hr\\\/proizvod\\\/poezija-ispod-skoljke-2-grupa-autora\\\/\"]}]},{\"@type\":\"ImageObject\",\"inLanguage\":\"en-US\",\"@id\":\"https:\\\/\\\/webknjizara.hr\\\/proizvod\\\/poezija-ispod-skoljke-2-grupa-autora\\\/#primaryimage\",\"url\":\"https:\\\/\\\/webknjizara.hr\\\/wp-content\\\/uploads\\\/nc\\\/images\\\/virtuemart\\\/product\\\/SAFRANIC_KRUNO_PIK_Poezija_ispod_skoljke_2_KORICA_WEB.jpg\",\"contentUrl\":\"https:\\\/\\\/webknjizara.hr\\\/wp-content\\\/uploads\\\/nc\\\/images\\\/virtuemart\\\/product\\\/SAFRANIC_KRUNO_PIK_Poezija_ispod_skoljke_2_KORICA_WEB.jpg\",\"width\":300,\"height\":419,\"caption\":\"POEZIJA ISPOD \u0160KOLJKE 2, Grupa autora\"},{\"@type\":\"BreadcrumbList\",\"@id\":\"https:\\\/\\\/webknjizara.hr\\\/proizvod\\\/poezija-ispod-skoljke-2-grupa-autora\\\/#breadcrumb\",\"itemListElement\":[{\"@type\":\"ListItem\",\"position\":1,\"name\":\"Po\u010detna stranica\",\"item\":\"https:\\\/\\\/webknjizara.hr\\\/en\\\/\"},{\"@type\":\"ListItem\",\"position\":2,\"name\":\"Shop\",\"item\":\"https:\\\/\\\/webknjizara.hr\\\/shop\\\/\"},{\"@type\":\"ListItem\",\"position\":3,\"name\":\"POEZIJA ISPOD \u0160KOLJKE 2, Grupa autora\"}]},{\"@type\":\"WebSite\",\"@id\":\"https:\\\/\\\/webknjizara.hr\\\/#website\",\"url\":\"https:\\\/\\\/webknjizara.hr\\\/\",\"name\":\"Web Knji\u017eara\",\"description\":\"\",\"publisher\":{\"@id\":\"https:\\\/\\\/webknjizara.hr\\\/#organization\"},\"potentialAction\":[{\"@type\":\"SearchAction\",\"target\":{\"@type\":\"EntryPoint\",\"urlTemplate\":\"https:\\\/\\\/webknjizara.hr\\\/?s={search_term_string}\"},\"query-input\":{\"@type\":\"PropertyValueSpecification\",\"valueRequired\":true,\"valueName\":\"search_term_string\"}}],\"inLanguage\":\"en-US\"},{\"@type\":\"Organization\",\"@id\":\"https:\\\/\\\/webknjizara.hr\\\/#organization\",\"name\":\"REDAK D.O.O.\",\"url\":\"https:\\\/\\\/webknjizara.hr\\\/\",\"logo\":{\"@type\":\"ImageObject\",\"inLanguage\":\"en-US\",\"@id\":\"https:\\\/\\\/webknjizara.hr\\\/#\\\/schema\\\/logo\\\/image\\\/\",\"url\":\"https:\\\/\\\/webknjizara.hr\\\/wp-content\\\/uploads\\\/2023\\\/01\\\/web-knjizara-logo.webp\",\"contentUrl\":\"https:\\\/\\\/webknjizara.hr\\\/wp-content\\\/uploads\\\/2023\\\/01\\\/web-knjizara-logo.webp\",\"width\":324,\"height\":79,\"caption\":\"REDAK D.O.O.\"},\"image\":{\"@id\":\"https:\\\/\\\/webknjizara.hr\\\/#\\\/schema\\\/logo\\\/image\\\/\"}}]}<\/script>\n<!-- \/ Yoast SEO plugin. -->","yoast_head_json":{"title":"POEZIJA ISPOD \u0160KOLJKE 2, Grupa autora - Web-knji\u017eara","robots":{"index":"index","follow":"follow","max-snippet":"max-snippet:-1","max-image-preview":"max-image-preview:large","max-video-preview":"max-video-preview:-1"},"canonical":"https:\/\/webknjizara.hr\/proizvod\/poezija-ispod-skoljke-2-grupa-autora\/","og_locale":"en_US","og_type":"article","og_title":"POEZIJA ISPOD \u0160KOLJKE 2, Grupa autora - Web-knji\u017eara","og_description":"Sa\u017eetak: \u201eKao kad na pla\u017ei prona\u0111ete \u0161koljku pa se zamislite \u0161to je sve pro\u0161la, vidjela i do\u017eivjela tako \u0107ete se zamisliti i nad ovom zbirkom poezije. I kao da odjednom, u godini u kojoj granice svih vrsta osjetimo ja\u010de nego ikad, te iste granice prestaju postojati. Ove poeti\u010dne \u0161koljke, kako ih volim zvati, proputovale su [&hellip;]","og_url":"https:\/\/webknjizara.hr\/proizvod\/poezija-ispod-skoljke-2-grupa-autora\/","og_site_name":"Web-knji\u017eara","article_modified_time":"2023-02-26T23:18:14+00:00","og_image":[{"width":300,"height":419,"url":"https:\/\/webknjizara.hr\/wp-content\/uploads\/nc\/images\/virtuemart\/product\/SAFRANIC_KRUNO_PIK_Poezija_ispod_skoljke_2_KORICA_WEB.jpg","type":"image\/jpeg"}],"twitter_card":"summary_large_image","twitter_misc":{"Est. reading time":"3 minutes"},"schema":{"@context":"https:\/\/schema.org","@graph":[{"@type":"WebPage","@id":"https:\/\/webknjizara.hr\/proizvod\/poezija-ispod-skoljke-2-grupa-autora\/","url":"https:\/\/webknjizara.hr\/proizvod\/poezija-ispod-skoljke-2-grupa-autora\/","name":"POEZIJA ISPOD \u0160KOLJKE 2, Grupa autora - Web-knji\u017eara","isPartOf":{"@id":"https:\/\/webknjizara.hr\/#website"},"primaryImageOfPage":{"@id":"https:\/\/webknjizara.hr\/proizvod\/poezija-ispod-skoljke-2-grupa-autora\/#primaryimage"},"image":{"@id":"https:\/\/webknjizara.hr\/proizvod\/poezija-ispod-skoljke-2-grupa-autora\/#primaryimage"},"thumbnailUrl":"https:\/\/webknjizara.hr\/wp-content\/uploads\/nc\/images\/virtuemart\/product\/SAFRANIC_KRUNO_PIK_Poezija_ispod_skoljke_2_KORICA_WEB.jpg","datePublished":"2020-09-21T09:57:59+00:00","dateModified":"2023-02-26T23:18:14+00:00","breadcrumb":{"@id":"https:\/\/webknjizara.hr\/proizvod\/poezija-ispod-skoljke-2-grupa-autora\/#breadcrumb"},"inLanguage":"en-US","potentialAction":[{"@type":"ReadAction","target":["https:\/\/webknjizara.hr\/proizvod\/poezija-ispod-skoljke-2-grupa-autora\/"]}]},{"@type":"ImageObject","inLanguage":"en-US","@id":"https:\/\/webknjizara.hr\/proizvod\/poezija-ispod-skoljke-2-grupa-autora\/#primaryimage","url":"https:\/\/webknjizara.hr\/wp-content\/uploads\/nc\/images\/virtuemart\/product\/SAFRANIC_KRUNO_PIK_Poezija_ispod_skoljke_2_KORICA_WEB.jpg","contentUrl":"https:\/\/webknjizara.hr\/wp-content\/uploads\/nc\/images\/virtuemart\/product\/SAFRANIC_KRUNO_PIK_Poezija_ispod_skoljke_2_KORICA_WEB.jpg","width":300,"height":419,"caption":"POEZIJA ISPOD \u0160KOLJKE 2, Grupa autora"},{"@type":"BreadcrumbList","@id":"https:\/\/webknjizara.hr\/proizvod\/poezija-ispod-skoljke-2-grupa-autora\/#breadcrumb","itemListElement":[{"@type":"ListItem","position":1,"name":"Po\u010detna stranica","item":"https:\/\/webknjizara.hr\/en\/"},{"@type":"ListItem","position":2,"name":"Shop","item":"https:\/\/webknjizara.hr\/shop\/"},{"@type":"ListItem","position":3,"name":"POEZIJA ISPOD \u0160KOLJKE 2, Grupa autora"}]},{"@type":"WebSite","@id":"https:\/\/webknjizara.hr\/#website","url":"https:\/\/webknjizara.hr\/","name":"Web Knji\u017eara","description":"","publisher":{"@id":"https:\/\/webknjizara.hr\/#organization"},"potentialAction":[{"@type":"SearchAction","target":{"@type":"EntryPoint","urlTemplate":"https:\/\/webknjizara.hr\/?s={search_term_string}"},"query-input":{"@type":"PropertyValueSpecification","valueRequired":true,"valueName":"search_term_string"}}],"inLanguage":"en-US"},{"@type":"Organization","@id":"https:\/\/webknjizara.hr\/#organization","name":"REDAK D.O.O.","url":"https:\/\/webknjizara.hr\/","logo":{"@type":"ImageObject","inLanguage":"en-US","@id":"https:\/\/webknjizara.hr\/#\/schema\/logo\/image\/","url":"https:\/\/webknjizara.hr\/wp-content\/uploads\/2023\/01\/web-knjizara-logo.webp","contentUrl":"https:\/\/webknjizara.hr\/wp-content\/uploads\/2023\/01\/web-knjizara-logo.webp","width":324,"height":79,"caption":"REDAK D.O.O."},"image":{"@id":"https:\/\/webknjizara.hr\/#\/schema\/logo\/image\/"}}]}},"_links":{"self":[{"href":"https:\/\/webknjizara.hr\/en\/wp-json\/wp\/v2\/product\/9318","targetHints":{"allow":["GET"]}}],"collection":[{"href":"https:\/\/webknjizara.hr\/en\/wp-json\/wp\/v2\/product"}],"about":[{"href":"https:\/\/webknjizara.hr\/en\/wp-json\/wp\/v2\/types\/product"}],"replies":[{"embeddable":true,"href":"https:\/\/webknjizara.hr\/en\/wp-json\/wp\/v2\/comments?post=9318"}],"wp:featuredmedia":[{"embeddable":true,"href":"https:\/\/webknjizara.hr\/en\/wp-json\/wp\/v2\/media\/9319"}],"wp:attachment":[{"href":"https:\/\/webknjizara.hr\/en\/wp-json\/wp\/v2\/media?parent=9318"}],"wp:term":[{"taxonomy":"product_brand","embeddable":true,"href":"https:\/\/webknjizara.hr\/en\/wp-json\/wp\/v2\/product_brand?post=9318"},{"taxonomy":"product_cat","embeddable":true,"href":"https:\/\/webknjizara.hr\/en\/wp-json\/wp\/v2\/product_cat?post=9318"},{"taxonomy":"product_tag","embeddable":true,"href":"https:\/\/webknjizara.hr\/en\/wp-json\/wp\/v2\/product_tag?post=9318"}],"curies":[{"name":"wp","href":"https:\/\/api.w.org\/{rel}","templated":true}]}}