{"id":9314,"date":"2020-08-31T13:10:37","date_gmt":"2020-08-31T13:10:37","guid":{"rendered":"https:\/\/webknjizara.hr\/?product=the-book-of-%ce%b1%ca%8a%cf%89-part-4-hidden-stories-of-the-scribe-orsat-strazicic"},"modified":"2023-02-27T00:18:13","modified_gmt":"2023-02-26T23:18:13","slug":"the-book-of-%ce%b1-%ca%8a-%cf%89-part-4-orsat-strazicic","status":"publish","type":"product","link":"https:\/\/webknjizara.hr\/en\/proizvod\/the-book-of-%ce%b1-%ca%8a-%cf%89-part-4-orsat-strazicic\/","title":{"rendered":"THE BOOK OF (\u0391)(\u028a)(\u03a9) Part 4. HIDDEN STORIES OF THE SCRIBE, Orsat Stra\u017ei\u010di\u0107"},"content":{"rendered":"<p><strong>Sadr\u017eaj:<\/strong><\/p>\n<p>Welcome to the fourth part of the (The Book of (\u0391)(\u028a)(\u03a9)\/The Book of Alpha Ultima Omega) saga &#8211; Hidden Stories of the Scribe \u2013 it is the book that plunges us deeper into the world of mystics of light and darkness and shows us how their world used to be before the great war and the fall of light and as well as it explores the events after the appearance of the final door. The story itself serves as a prequel\/sequel as it explores both past and the future through the stories both told and written by the powerful entity known as Scribe, who is one of the holders of the Omega rune and as we learn constantly fights the urge to write and constantly fight the rune`s power which slowly pushes him to the dark side. That dark side of him made him create something terrible in the past. It is something he has been hiding for so long but in this story that something slowly comes to light as Acia who is one of the children of Zeko who suffers a very peculiar condition as the two bodies and spirits inhabit the same time and space, her curiosity unlocks the door and invites danger which nobody knew existed and it threatens to devour us all. If you thought nothingness was scary, well, you will be terrified of this. The book also introduces many other characters and ties up to the short stories and gives them more life as we explore those seemingly obscure and unimportant characters who in the beginning meant nothing to this magical world which is bound by the three mystical runes. In this book, you will find a deeper meaning to it all and maybe you will find a way to justify all the madness which has been going on. Some would urge you not to continue reading this book but ultimately it is your decision and if you wish to continue who am I to stop you from doing so. . .<\/p>\n<p>Dobrodo\u0161li u \u010detvrti nastavak (The Book of (\u0391)(\u028a)(\u03a9)\/Knjiga Alfe Ultime Omege) sage &#8211; Tajne pri\u010de Pisara\/Hidden Stories of the Scribe je knjiga koja nas vodi dublje u svijet mistika svjetla i tame te nam pokazuje kakav je njihov svijet bio prije velikog rata i pada svjetlosti; tako\u0111er istra\u017euje i doga\u0111aje nakon pojavljivanja kona\u010dnih vrata. Pri\u010da kao takva tako\u0111er slu\u017ei i kao prethodnik i nastavak u odnosu na prija\u0161nje knjige jer istra\u017euje i pro\u0161lost i budu\u0107nost kroz pri\u010de koje su izre\u010dene i napisane od mo\u0107nog bi\u0107a poznatog kao Pisar koji je jedan od nositelja Omega rune. Kao \u0161to saznajemo on se konstantno bori sa potrebom za pisanjem i konstantno se bori sa mo\u0107i rune koja ga polako gura prema mra\u010dnoj strani, toj mra\u010dnoj strani njega samoga koja ga je nagnala da stvori ne\u0161to grozno. To ne\u0161to je skrivao jako dugo sve dok u ovoj pri\u0107i nije izi\u0161lo na svjetlo nakon \u0161to je Acia, k\u0107er od Zeko-a koja pati od zbilja neobi\u010dnog stanja u kojoj dva tijela i duha nastanjuju isto vrijeme i mjesto, iz svoje znati\u017eelje je otklju\u010dala vrata i pozvala opasnost za koju nitko nije znao da postoji te ta opasnost prijeti da \u0107e nas svih pro\u017edrijeti. Ako ste mislili da je ni\u0161tavilo stra\u0161no ovo \u0107e vas prestraviti. Ova knjiga nas tako\u0111er upoznaje sa mno\u0161tvom drugih likova koji su povezani s kratkim pri\u010dama te im podaju vi\u0161e \u017eivota dok mi\u00a0istra\u017eujemo te naizgled neprimjetne i neva\u017ene likove koji u po\u010detku nisu zna\u010dili ni\u0161ta ovome magi\u010dnom svijetu koji je povezan trima misti\u010dnim runama. U ovoj knjizi \u0107ete prona\u0107i dublje zna\u010denje svemu tome te \u0107ete mo\u017eda prona\u0107i na\u010din za opravdati svo ludilo koje se doga\u0111alo.\u00a0Neki od vas \u0107e biti\u00a0ponukani\u00a0da prestanete \u010ditati ovu knjigu ali to je na kraju va\u0161a odluka i ako odlu\u010dite nastaviti, tko sam ja da vas zaustavljam&#8230;<\/p>\n<p><strong>Bilje\u0161ka o autoru:<\/strong><\/p>\n<p>Orsat Stra\u017ei\u010di\u0107 ro\u0111en je 24.08.1988. u Dubrovniku. Diplomirao je na dubrova\u010dkom sveu\u010dili\u0161tu, studij elektrotehnike i komunikacijskih tehnologija u pomorstvu. Kao agnostik \u017eivot je posvetio tra\u017ee\u0107i balans u \u017eivotu \u0161to i svjedo\u010de njegove pri\u010de i na\u010din \u017eivota. Nikad ne tra\u017ee\u0107i previ\u0161e, a uvijek davaju\u0107i i vi\u0161e od onoga \u0161to ima \u0161ire\u0107i \u0161to pozitivniju energiju. Od svoje sedme godine bavi se Karateom te je 2007. godine do\u0161ao do majstorskog zvanja. Obu\u010davao je mnoge borila\u010dkim vje\u0161tinama te nastupao na mno\u0161tvu Karate, Jiu-Jitsu te MMA natjecanja i postigao zavidan uspjeh. Radio je kao portir, prodava\u010d i na kraju no\u0107ni recepcioner gdje je mogao iskoristiti ti\u0161inu no\u0107i i dati \u017eivot svojim pri\u010dama. U tom periodu je napisao tri knjige. Naravno i u trenucima nezaposlenosti no\u0107 je prigrlio kao vje\u010ditu suputnicu svoga stvarala\u010dkog puta te napisao i \u010detvrtu knjigu. Kao mirna osoba tihog karaktera i bujne ma\u0161te, zapo\u010deo je svoje stvarala\u0161tvo u srednjoj \u0161koli kad je napravio svoj prvi fan art strip od 500 stranica za mla\u0111eg brata i kroz period od preko 10 godina napisao mno\u0161tvo pri\u010da. Uzor su mu mnogi pisci fantazije kao \u0161to su <span style=\"background-color: #ffffff;\">Jules Verne, John Ronald Reuel Tolkien, Lewis Carroll, J. K. Rowling, Clive Staples Lewis, George R. R. Martin, Andrew Davidson i H. P. Lovecraft.<\/span> Statirao je u seriji Igra Prijestolja gdje mu je jedan od redatelja serije rekao da ne odustaje od pisanja svojih pri\u010da i da zavr\u0161i ono \u0161to je zapo\u010deo. Nikad ni\u0161ta ne treba ostavljati na pola. \u010clan je udruge <a href=\"https:\/\/www.facebook.com\/3DUPIOU.DUBROVNIK\/\" target=\"_blank\" rel=\"noopener noreferrer\">Tri Dubrovkinje plus udruga pjesnika i ostalih umjetnosti<\/a>. Udruzi je cilj promoviranje i poticanje prvenstveno novih, mladih i neafirmiranih umjetnika u kulturi te okupljanje svih vrsta umjetnosti. Velika strast mu je fotografiranje i crtanje te na svojoj umjetni\u010dkoj stranici deviantart.com ima prezentirano preko 12 000 fotografija i crte\u017ea koje je tako\u0111er koristio kao ilustracije u svojim pri\u010dama. Napisana djela su mu \u02ddHidden Stories of the Scribe\/Pisarove Skrivene Pri\u010de\u02dd, \u02ddLegacy of Light and Darkness Trilogy\/ Trilogija Ostav\u0161tine Svjetla i Tame\u02dd, \u02ddDream Story Trilogy\/Trilogija Pri\u010da o Snu\u02dd, \u02ddMadness Trilogy\/Trilogija Ludila\u02dd i druge kratke pri\u010de te su sve napisane na engleskom jeziku i zajedno sadr\u017ee blizu pola milijuna rije\u010di. Pri\u010de same po sebi naginju ka mra\u010dnoj strani i govore puno o \u017eivotu samog pisca i o njegovom razmi\u0161ljanju, pogledima na \u017eivot i doga\u0111anjima\u00a0koja su vje\u0161to kamuflirana unutar zbivanja samih likova. Pri\u010de same po sebi slu\u017ee kao fiktivna biografija pisca i pokazuju njegov osobni razvoj te naposljetku razvoj kao ljudskog bi\u0107a.<\/p>\n<p>Orsat Stra\u017ei\u010di\u0107 was born 24.08.1988. in the town of Dubrovnik. He graduated at the University of Dubrovnik in the town of Dubrovnik. He studied electronics and maritime communication technologies. He lived as an agnostic and dedicated his life in finding balance and his stories and his way of life can attest to that. He never asked for much but always gave more than he could and thus spread the positive energy. He practiced Karate since he was seven years old and became a black belt master in 2007. He trained many over the course of time and participated in many martial arts competitions. After finishing school he worked as a bellboy, salesman and in the end as a night receptionist where he could use the silence of the night and give life to his stories. In that period he wrote three books. In the period of unemployment again he embraced the night as a loving companion on his creative journey and wrote his fourth book. He was always a calm person with colorful imagination, he began his creative work in high school where he made his first fan art comic which has over 500 pages for his little brother and then in the span of 10 years wrote many other stories of his own. His inspiration came from writers such as Jules Verne, John Ronald Reuel Tolkien, Lewis Carroll, J. K. Rowling, Clive Staples Lewis, George R. R. Martin, Andrew Davidson and H. P. Lovecraft. He was an extra in the series Game of Thrones where one of the directors told him not to give up writing and to finish what he has started. He is the member of the organization <a href=\"https:\/\/www.facebook.com\/3DUPIOU.DUBROVNIK\/\" target=\"_blank\" rel=\"noopener noreferrer\">Tri Dubrovkinje plus udruga pjesnika i ostalih umjetnosti<\/a>. The goal of the organization is to promote and encourage young artists in all aspects of art. His great passion is photography and drawing and he has presented over 12 000 works on the deviantart.com art page. He also used some of his own works as illustrations for his stories. He wrote thus far these titles \u02ddHidden Stories of the Scribe\u02dd, \u02ddLegacy of Light and Darkness Trilogy\u02dd, \u02ddDream Story Trilogy\u02dd, \u02ddMadness Trilogy\u02dd and many other short stories and they are all in English and together they come close to half a million words. The stories themselves tend to lean to the dark side and speak a lot about the life of the writer himself and attest to his thoughts and views of the life and happenings in his life. All of that is skillfully camouflaged within the characters themselves as the stories themselves serve as a fictional biography of the writer and show his personal growth as a human being.<\/p>\n<p><strong>Klju\u010dne rije\u010di:<\/strong> Horror story, Fiction, Drama, Fantasy story, Adventure, Sword &amp; Magic, Supernatural, Novel, Screenplay, Science fiction, Roman, Illustrated novel, Pustolovina, Fantazija;<\/p>\n<p><strong>Link:<\/strong> <a href=\"https:\/\/www.deviantart.com\/orsatursusactos\" target=\"_blank\" rel=\"noopener noreferrer\">https:\/\/www.deviantart.com\/orsatursusactos<br \/><\/a><br \/><strong>E-mail:<\/strong> <a href=\"mailto:orso7ota@gmail.com\" target=\"_blank\" rel=\"noopener noreferrer\">Orsat Stra\u017ei\u010di\u0107<\/a><\/p>\n<p><a href=\"mailto:orso7ota@gmail.com\" target=\"_blank\" rel=\"noopener noreferrer\"><br \/><\/a><br \/><strong>Naslov Serijala:\u00a0<\/strong>The Book of (\u0391)(\u028a)(\u03a9) Part 4.\u00a0<strong><br \/>Naslov Knjige:\u00a0<\/strong> Hidden Stories of the Scribe<br \/><strong>Autor:<\/strong> Orsat Stra\u017ei\u010di\u0107<br \/><strong>Broj stranica:<\/strong> 282<br \/><strong>Nakladnik:<\/strong> REDAK<br \/><strong>Godina izdanja:<\/strong> 2020.<br \/><strong>ISBN:<\/strong> 978-953-336-634-0 (cjelina), , 978-953-336-635-7<br \/><strong>Tisak:<\/strong> digitalni tisak knjiga &#8211; print na zahtjev<\/p>\n<p>\u00a0<\/p>\n<p style=\"text-align: justify;\"><strong>Kako naru\u010diti knjigu?\u00a0<\/strong>Proces online kupovine jednako funkcionira za sve kupce, s jedinom razlikom u tome \u0161to \u0161to kupci iz inozemstva za podru\u010dje dostave moraju odabrati &#8220;Europa&#8221; ili &#8220;Ostale zemlje svijeta&#8221;, a za vrstu pla\u0107anja WSPay (kreditna kartica) ili Virmanom (bankovni transfer).<\/p>\n<p style=\"text-align: justify;\">Molimo kliknite ovdje za\u00a0<a href=\"hr\/kako-kupovati\">detaljni vodi\u010d kroz proces narud\u017ebe<\/a>\u00a0ili nas\u00a0<a href=\"hr\/kontakt\">kontaktirajte<\/a>\u00a0za vi\u0161e informacija.<\/p>\n","protected":false},"excerpt":{"rendered":"<p>Sadr\u017eaj: Welcome to the fourth part of the (The Book of (\u0391)(\u028a)(\u03a9)\/The Book of Alpha Ultima Omega) saga &#8211; Hidden Stories of the Scribe \u2013 it is the book that plunges us deeper into the world of mystics of light and darkness and shows us how their world used to be before the great war [&hellip;]<\/p>\n","protected":false},"featured_media":9315,"comment_status":"open","ping_status":"closed","template":"","meta":{"_acf_changed":false},"product_brand":[],"product_cat":[1383,1385],"product_tag":[],"class_list":{"0":"post-9314","1":"product","2":"type-product","3":"status-publish","4":"has-post-thumbnail","6":"product_cat-knjige","7":"product_cat-knjizevnost","8":"pa_autor-orsat-strazicic","9":"pa_nakladnik-redak","11":"first","12":"instock","13":"shipping-taxable","14":"purchasable","15":"product-type-simple"},"acf":[],"yoast_head":"<!-- This site is optimized with the Yoast SEO plugin v27.3 - https:\/\/yoast.com\/product\/yoast-seo-wordpress\/ -->\n<title>THE BOOK OF (\u0391)(\u028a)(\u03a9) Part 4. HIDDEN STORIES OF THE SCRIBE, Orsat Stra\u017ei\u010di\u0107 - Web-knji\u017eara<\/title>\n<meta name=\"robots\" content=\"index, follow, max-snippet:-1, max-image-preview:large, max-video-preview:-1\" \/>\n<link rel=\"canonical\" href=\"https:\/\/webknjizara.hr\/proizvod\/the-book-of-\u03b1-\u028a-\u03c9-part-4-orsat-strazicic\/\" \/>\n<meta property=\"og:locale\" content=\"en_US\" \/>\n<meta property=\"og:type\" content=\"article\" \/>\n<meta property=\"og:title\" content=\"THE BOOK OF (\u0391)(\u028a)(\u03a9) Part 4. HIDDEN STORIES OF THE SCRIBE, Orsat Stra\u017ei\u010di\u0107 - Web-knji\u017eara\" \/>\n<meta property=\"og:description\" content=\"Sadr\u017eaj: Welcome to the fourth part of the (The Book of (\u0391)(\u028a)(\u03a9)\/The Book of Alpha Ultima Omega) saga &#8211; Hidden Stories of the Scribe \u2013 it is the book that plunges us deeper into the world of mystics of light and darkness and shows us how their world used to be before the great war [&hellip;]\" \/>\n<meta property=\"og:url\" content=\"https:\/\/webknjizara.hr\/proizvod\/the-book-of-\u03b1-\u028a-\u03c9-part-4-orsat-strazicic\/\" \/>\n<meta property=\"og:site_name\" content=\"Web-knji\u017eara\" \/>\n<meta property=\"article:modified_time\" content=\"2023-02-26T23:18:13+00:00\" \/>\n<meta property=\"og:image\" content=\"https:\/\/webknjizara.hr\/wp-content\/uploads\/nc\/images\/virtuemart\/product\/naslovnica-WK-16hidden-stories.jpg\" \/>\n\t<meta property=\"og:image:width\" content=\"300\" \/>\n\t<meta property=\"og:image:height\" content=\"419\" \/>\n\t<meta property=\"og:image:type\" content=\"image\/jpeg\" \/>\n<meta name=\"twitter:card\" content=\"summary_large_image\" \/>\n<meta name=\"twitter:label1\" content=\"Est. reading time\" \/>\n\t<meta name=\"twitter:data1\" content=\"9 minutes\" \/>\n<script type=\"application\/ld+json\" class=\"yoast-schema-graph\">{\"@context\":\"https:\\\/\\\/schema.org\",\"@graph\":[{\"@type\":\"WebPage\",\"@id\":\"https:\\\/\\\/webknjizara.hr\\\/proizvod\\\/the-book-of-%ce%b1-%ca%8a-%cf%89-part-4-orsat-strazicic\\\/\",\"url\":\"https:\\\/\\\/webknjizara.hr\\\/proizvod\\\/the-book-of-%ce%b1-%ca%8a-%cf%89-part-4-orsat-strazicic\\\/\",\"name\":\"THE BOOK OF (\u0391)(\u028a)(\u03a9) Part 4. HIDDEN STORIES OF THE SCRIBE, Orsat Stra\u017ei\u010di\u0107 - Web-knji\u017eara\",\"isPartOf\":{\"@id\":\"https:\\\/\\\/webknjizara.hr\\\/#website\"},\"primaryImageOfPage\":{\"@id\":\"https:\\\/\\\/webknjizara.hr\\\/proizvod\\\/the-book-of-%ce%b1-%ca%8a-%cf%89-part-4-orsat-strazicic\\\/#primaryimage\"},\"image\":{\"@id\":\"https:\\\/\\\/webknjizara.hr\\\/proizvod\\\/the-book-of-%ce%b1-%ca%8a-%cf%89-part-4-orsat-strazicic\\\/#primaryimage\"},\"thumbnailUrl\":\"https:\\\/\\\/webknjizara.hr\\\/wp-content\\\/uploads\\\/nc\\\/images\\\/virtuemart\\\/product\\\/naslovnica-WK-16hidden-stories.jpg\",\"datePublished\":\"2020-08-31T13:10:37+00:00\",\"dateModified\":\"2023-02-26T23:18:13+00:00\",\"breadcrumb\":{\"@id\":\"https:\\\/\\\/webknjizara.hr\\\/proizvod\\\/the-book-of-%ce%b1-%ca%8a-%cf%89-part-4-orsat-strazicic\\\/#breadcrumb\"},\"inLanguage\":\"en-US\",\"potentialAction\":[{\"@type\":\"ReadAction\",\"target\":[\"https:\\\/\\\/webknjizara.hr\\\/proizvod\\\/the-book-of-%ce%b1-%ca%8a-%cf%89-part-4-orsat-strazicic\\\/\"]}]},{\"@type\":\"ImageObject\",\"inLanguage\":\"en-US\",\"@id\":\"https:\\\/\\\/webknjizara.hr\\\/proizvod\\\/the-book-of-%ce%b1-%ca%8a-%cf%89-part-4-orsat-strazicic\\\/#primaryimage\",\"url\":\"https:\\\/\\\/webknjizara.hr\\\/wp-content\\\/uploads\\\/nc\\\/images\\\/virtuemart\\\/product\\\/naslovnica-WK-16hidden-stories.jpg\",\"contentUrl\":\"https:\\\/\\\/webknjizara.hr\\\/wp-content\\\/uploads\\\/nc\\\/images\\\/virtuemart\\\/product\\\/naslovnica-WK-16hidden-stories.jpg\",\"width\":300,\"height\":419,\"caption\":\"THE BOOK OF (\u0391)(\u028a)(\u03a9) Part 4. HIDDEN STORIES OF THE SCRIBE, Orsat Stra\u017ei\u010di\u0107\"},{\"@type\":\"BreadcrumbList\",\"@id\":\"https:\\\/\\\/webknjizara.hr\\\/proizvod\\\/the-book-of-%ce%b1-%ca%8a-%cf%89-part-4-orsat-strazicic\\\/#breadcrumb\",\"itemListElement\":[{\"@type\":\"ListItem\",\"position\":1,\"name\":\"Po\u010detna stranica\",\"item\":\"https:\\\/\\\/webknjizara.hr\\\/en\\\/\"},{\"@type\":\"ListItem\",\"position\":2,\"name\":\"Shop\",\"item\":\"https:\\\/\\\/webknjizara.hr\\\/shop\\\/\"},{\"@type\":\"ListItem\",\"position\":3,\"name\":\"THE BOOK OF (\u0391)(\u028a)(\u03a9) Part 4. HIDDEN STORIES OF THE SCRIBE, Orsat Stra\u017ei\u010di\u0107\"}]},{\"@type\":\"WebSite\",\"@id\":\"https:\\\/\\\/webknjizara.hr\\\/#website\",\"url\":\"https:\\\/\\\/webknjizara.hr\\\/\",\"name\":\"Web Knji\u017eara\",\"description\":\"\",\"publisher\":{\"@id\":\"https:\\\/\\\/webknjizara.hr\\\/#organization\"},\"potentialAction\":[{\"@type\":\"SearchAction\",\"target\":{\"@type\":\"EntryPoint\",\"urlTemplate\":\"https:\\\/\\\/webknjizara.hr\\\/?s={search_term_string}\"},\"query-input\":{\"@type\":\"PropertyValueSpecification\",\"valueRequired\":true,\"valueName\":\"search_term_string\"}}],\"inLanguage\":\"en-US\"},{\"@type\":\"Organization\",\"@id\":\"https:\\\/\\\/webknjizara.hr\\\/#organization\",\"name\":\"REDAK D.O.O.\",\"url\":\"https:\\\/\\\/webknjizara.hr\\\/\",\"logo\":{\"@type\":\"ImageObject\",\"inLanguage\":\"en-US\",\"@id\":\"https:\\\/\\\/webknjizara.hr\\\/#\\\/schema\\\/logo\\\/image\\\/\",\"url\":\"https:\\\/\\\/webknjizara.hr\\\/wp-content\\\/uploads\\\/2023\\\/01\\\/web-knjizara-logo.webp\",\"contentUrl\":\"https:\\\/\\\/webknjizara.hr\\\/wp-content\\\/uploads\\\/2023\\\/01\\\/web-knjizara-logo.webp\",\"width\":324,\"height\":79,\"caption\":\"REDAK D.O.O.\"},\"image\":{\"@id\":\"https:\\\/\\\/webknjizara.hr\\\/#\\\/schema\\\/logo\\\/image\\\/\"}}]}<\/script>\n<!-- \/ Yoast SEO plugin. -->","yoast_head_json":{"title":"THE BOOK OF (\u0391)(\u028a)(\u03a9) Part 4. HIDDEN STORIES OF THE SCRIBE, Orsat Stra\u017ei\u010di\u0107 - Web-knji\u017eara","robots":{"index":"index","follow":"follow","max-snippet":"max-snippet:-1","max-image-preview":"max-image-preview:large","max-video-preview":"max-video-preview:-1"},"canonical":"https:\/\/webknjizara.hr\/proizvod\/the-book-of-\u03b1-\u028a-\u03c9-part-4-orsat-strazicic\/","og_locale":"en_US","og_type":"article","og_title":"THE BOOK OF (\u0391)(\u028a)(\u03a9) Part 4. HIDDEN STORIES OF THE SCRIBE, Orsat Stra\u017ei\u010di\u0107 - Web-knji\u017eara","og_description":"Sadr\u017eaj: Welcome to the fourth part of the (The Book of (\u0391)(\u028a)(\u03a9)\/The Book of Alpha Ultima Omega) saga &#8211; Hidden Stories of the Scribe \u2013 it is the book that plunges us deeper into the world of mystics of light and darkness and shows us how their world used to be before the great war [&hellip;]","og_url":"https:\/\/webknjizara.hr\/proizvod\/the-book-of-\u03b1-\u028a-\u03c9-part-4-orsat-strazicic\/","og_site_name":"Web-knji\u017eara","article_modified_time":"2023-02-26T23:18:13+00:00","og_image":[{"width":300,"height":419,"url":"https:\/\/webknjizara.hr\/wp-content\/uploads\/nc\/images\/virtuemart\/product\/naslovnica-WK-16hidden-stories.jpg","type":"image\/jpeg"}],"twitter_card":"summary_large_image","twitter_misc":{"Est. reading time":"9 minutes"},"schema":{"@context":"https:\/\/schema.org","@graph":[{"@type":"WebPage","@id":"https:\/\/webknjizara.hr\/proizvod\/the-book-of-%ce%b1-%ca%8a-%cf%89-part-4-orsat-strazicic\/","url":"https:\/\/webknjizara.hr\/proizvod\/the-book-of-%ce%b1-%ca%8a-%cf%89-part-4-orsat-strazicic\/","name":"THE BOOK OF (\u0391)(\u028a)(\u03a9) Part 4. HIDDEN STORIES OF THE SCRIBE, Orsat Stra\u017ei\u010di\u0107 - Web-knji\u017eara","isPartOf":{"@id":"https:\/\/webknjizara.hr\/#website"},"primaryImageOfPage":{"@id":"https:\/\/webknjizara.hr\/proizvod\/the-book-of-%ce%b1-%ca%8a-%cf%89-part-4-orsat-strazicic\/#primaryimage"},"image":{"@id":"https:\/\/webknjizara.hr\/proizvod\/the-book-of-%ce%b1-%ca%8a-%cf%89-part-4-orsat-strazicic\/#primaryimage"},"thumbnailUrl":"https:\/\/webknjizara.hr\/wp-content\/uploads\/nc\/images\/virtuemart\/product\/naslovnica-WK-16hidden-stories.jpg","datePublished":"2020-08-31T13:10:37+00:00","dateModified":"2023-02-26T23:18:13+00:00","breadcrumb":{"@id":"https:\/\/webknjizara.hr\/proizvod\/the-book-of-%ce%b1-%ca%8a-%cf%89-part-4-orsat-strazicic\/#breadcrumb"},"inLanguage":"en-US","potentialAction":[{"@type":"ReadAction","target":["https:\/\/webknjizara.hr\/proizvod\/the-book-of-%ce%b1-%ca%8a-%cf%89-part-4-orsat-strazicic\/"]}]},{"@type":"ImageObject","inLanguage":"en-US","@id":"https:\/\/webknjizara.hr\/proizvod\/the-book-of-%ce%b1-%ca%8a-%cf%89-part-4-orsat-strazicic\/#primaryimage","url":"https:\/\/webknjizara.hr\/wp-content\/uploads\/nc\/images\/virtuemart\/product\/naslovnica-WK-16hidden-stories.jpg","contentUrl":"https:\/\/webknjizara.hr\/wp-content\/uploads\/nc\/images\/virtuemart\/product\/naslovnica-WK-16hidden-stories.jpg","width":300,"height":419,"caption":"THE BOOK OF (\u0391)(\u028a)(\u03a9) Part 4. HIDDEN STORIES OF THE SCRIBE, Orsat Stra\u017ei\u010di\u0107"},{"@type":"BreadcrumbList","@id":"https:\/\/webknjizara.hr\/proizvod\/the-book-of-%ce%b1-%ca%8a-%cf%89-part-4-orsat-strazicic\/#breadcrumb","itemListElement":[{"@type":"ListItem","position":1,"name":"Po\u010detna stranica","item":"https:\/\/webknjizara.hr\/en\/"},{"@type":"ListItem","position":2,"name":"Shop","item":"https:\/\/webknjizara.hr\/shop\/"},{"@type":"ListItem","position":3,"name":"THE BOOK OF (\u0391)(\u028a)(\u03a9) Part 4. HIDDEN STORIES OF THE SCRIBE, Orsat Stra\u017ei\u010di\u0107"}]},{"@type":"WebSite","@id":"https:\/\/webknjizara.hr\/#website","url":"https:\/\/webknjizara.hr\/","name":"Web Knji\u017eara","description":"","publisher":{"@id":"https:\/\/webknjizara.hr\/#organization"},"potentialAction":[{"@type":"SearchAction","target":{"@type":"EntryPoint","urlTemplate":"https:\/\/webknjizara.hr\/?s={search_term_string}"},"query-input":{"@type":"PropertyValueSpecification","valueRequired":true,"valueName":"search_term_string"}}],"inLanguage":"en-US"},{"@type":"Organization","@id":"https:\/\/webknjizara.hr\/#organization","name":"REDAK D.O.O.","url":"https:\/\/webknjizara.hr\/","logo":{"@type":"ImageObject","inLanguage":"en-US","@id":"https:\/\/webknjizara.hr\/#\/schema\/logo\/image\/","url":"https:\/\/webknjizara.hr\/wp-content\/uploads\/2023\/01\/web-knjizara-logo.webp","contentUrl":"https:\/\/webknjizara.hr\/wp-content\/uploads\/2023\/01\/web-knjizara-logo.webp","width":324,"height":79,"caption":"REDAK D.O.O."},"image":{"@id":"https:\/\/webknjizara.hr\/#\/schema\/logo\/image\/"}}]}},"_links":{"self":[{"href":"https:\/\/webknjizara.hr\/en\/wp-json\/wp\/v2\/product\/9314","targetHints":{"allow":["GET"]}}],"collection":[{"href":"https:\/\/webknjizara.hr\/en\/wp-json\/wp\/v2\/product"}],"about":[{"href":"https:\/\/webknjizara.hr\/en\/wp-json\/wp\/v2\/types\/product"}],"replies":[{"embeddable":true,"href":"https:\/\/webknjizara.hr\/en\/wp-json\/wp\/v2\/comments?post=9314"}],"wp:featuredmedia":[{"embeddable":true,"href":"https:\/\/webknjizara.hr\/en\/wp-json\/wp\/v2\/media\/9315"}],"wp:attachment":[{"href":"https:\/\/webknjizara.hr\/en\/wp-json\/wp\/v2\/media?parent=9314"}],"wp:term":[{"taxonomy":"product_brand","embeddable":true,"href":"https:\/\/webknjizara.hr\/en\/wp-json\/wp\/v2\/product_brand?post=9314"},{"taxonomy":"product_cat","embeddable":true,"href":"https:\/\/webknjizara.hr\/en\/wp-json\/wp\/v2\/product_cat?post=9314"},{"taxonomy":"product_tag","embeddable":true,"href":"https:\/\/webknjizara.hr\/en\/wp-json\/wp\/v2\/product_tag?post=9314"}],"curies":[{"name":"wp","href":"https:\/\/api.w.org\/{rel}","templated":true}]}}