{"id":9302,"date":"2020-08-19T10:49:14","date_gmt":"2020-08-19T10:49:14","guid":{"rendered":"https:\/\/webknjizara.hr\/?product=primjena-ugovora-o-izbjegavanju-dvostrukog-oporezivanja-prilikom-oporezivanja-dobiti-ostvarenog-u-inozemstvu-grupa-autora"},"modified":"2023-02-27T00:18:12","modified_gmt":"2023-02-26T23:18:12","slug":"primjena-ugovora-o-izbjegavanju-dvostrukog-oporezivanja-prilikom-oporezivanja-dobiti-ostvarenog-u-inozemstvu-grupa-autora","status":"publish","type":"product","link":"https:\/\/webknjizara.hr\/en\/proizvod\/primjena-ugovora-o-izbjegavanju-dvostrukog-oporezivanja-prilikom-oporezivanja-dobiti-ostvarenog-u-inozemstvu-grupa-autora\/","title":{"rendered":"PRIMJENA UGOVORA O IZBJEGAVANJU DVOSTRUKOG OPOREZIVANJA PRILIKOM OPOREZIVANJA DOBITI OSTVARENOG U INOZEMSTVU, Grupa autora"},"content":{"rendered":"<p><strong>Sa\u017eetak:<\/strong><\/p>\n<p>U svakodnevnim kontaktima s hrvatskim poreznim rezidentima koji ostvaruju prihode iz inozemstva vidljivo je da postoje brojne nedoumice i nesnala\u017eenja o tome u kojoj dr\u017eavi i koliki porez moraju platiti te kako primijeniti me\u0111unarodne ugovore o izbjegavanju dvostrukog oporezivanja. Sli\u010dne nejasno\u0107e i nesigurnosti javljaju se i kod poreznih stru\u010dnjaka, bilo onih iz privatnog sektora ili onih koji su nadle\u017eni i obvezni svakodnevno u okviru svojih radnih zadataka primjenjivati odnosne ugovore prilikom utvr\u0111ivanja porezne obveze ili savjetovanja poreznih obveznika.<\/p>\n<p>U ovom priru\u010dniku pristupilo se obradi onih odredbi ugovora o izbjegavanju dvostrukog oporezivanja koji se odnose na poslovanje trgova\u010dkih dru\u0161tava i ostalih poduzetnika koji su obveznici poreza na dobit. Odnosne odredbe obra\u0111ene su na na\u010din da je najprije opisano razja\u0161njenje smisla i sadr\u017eaja samog \u010dlanka, nakon toga su dani primjeri koji na prakti\u010dan i pristupa\u010dan na\u010din do\u010daravaju naj\u010de\u0161\u0107e aspekte primjene te je na kraju dana tablica u kojoj su na pregledan na\u010din prikazane sve bitne odredbe unutar pojedinog \u010dlanka koji se obra\u0111uje te njihovo prakti\u010dno zna\u010denje ili sa\u017eeti rezultat zna\u010denja odre\u0111ene odredbe.<\/p>\n<p>Odredbe su obra\u0111ene sukladno odredbama OECD-ovog modela ugovora koji je najdominantniji u me\u0111unarodnoj poreznoj praksi te se u najve\u0107oj mjeri podudara s hrvatskim pregovara\u010dkim modelom, koji uz taj, u pojedinim odredbama koristi jo\u0161 i UN-ov model ugovora o izbjegavanju dvostrukog oporezivanja. Uz takav okvir raspodjele odredaba, sukladno brojevima i nazivima \u010dlanaka prema OECD-ovom modelu, dani su u tabli\u010dnom prikazu tekstovi konkretnih odredbi pojedinih ugovora koji mogu imati osnovu u nekom drugom gore navedenom modelu ili su <em>sui generis<\/em> proizvod pregovara\u010dkog procesa s drugom dr\u017eavom.<\/p>\n<p><strong>Klju\u010dne rije\u010di:<\/strong> ino oporezivanje, dvostruko oporezivanje<\/p>\n<p><strong>E-mail:<\/strong>\u00a0<a href=\"mailto:martina.fabris@ijf.hr\" target=\"_blank\" rel=\"noopener noreferrer\">Martina Fabris<\/a><\/p>\n<p>\u00a0<\/p>\n<p><strong>Naslov:<\/strong> Primjena ugovora o izbjegavanju dvostrukog oporezivanja prilikom oporezivanja dobiti ostvarenog u inozemstvu<br \/><strong>Autor:<\/strong> Dalibor Legac i \u017deljko Martinovi\u0107<br \/><strong>Broj stranica:<\/strong> 982<br \/><strong>Nakladnik:<\/strong> Institut za javne financije, Zagreb<br \/><strong>Godina izdanja:<\/strong>\u00a02020.<br \/><strong>ISBN:<\/strong> ISSN 1333-073X<br \/><strong>Tisak:<\/strong> digitalni tisak knjiga &#8211; print na zahtjev<\/p>\n<p>\u00a0<\/p>\n<p style=\"text-align: justify;\"><strong>Kako naru\u010diti knjigu?\u00a0<\/strong>Proces online kupovine jednako funkcionira za sve kupce, s jedinom razlikom u tome \u0161to \u0161to kupci iz inozemstva za podru\u010dje dostave moraju odabrati &#8220;Europa&#8221; ili &#8220;Ostale zemlje svijeta&#8221;, a za vrstu pla\u0107anja WSPay (kreditna kartica) ili Virmanom (bankovni transfer).<\/p>\n<p style=\"text-align: justify;\">Molimo kliknite ovdje za\u00a0<a href=\"hr\/kako-kupovati\">detaljni vodi\u010d kroz proces narud\u017ebe<\/a>\u00a0ili nas\u00a0<a href=\"hr\/kontakt\">kontaktirajte<\/a>\u00a0za vi\u0161e informacija.<\/p>\n","protected":false},"excerpt":{"rendered":"<p>Sa\u017eetak: U svakodnevnim kontaktima s hrvatskim poreznim rezidentima koji ostvaruju prihode iz inozemstva vidljivo je da postoje brojne nedoumice i nesnala\u017eenja o tome u kojoj dr\u017eavi i koliki porez moraju platiti te kako primijeniti me\u0111unarodne ugovore o izbjegavanju dvostrukog oporezivanja. Sli\u010dne nejasno\u0107e i nesigurnosti javljaju se i kod poreznih stru\u010dnjaka, bilo onih iz privatnog sektora [&hellip;]<\/p>\n","protected":false},"featured_media":9303,"comment_status":"open","ping_status":"closed","template":"","meta":{"_acf_changed":false},"product_brand":[],"product_cat":[1517],"product_tag":[],"class_list":{"0":"post-9302","1":"product","2":"type-product","3":"status-publish","4":"has-post-thumbnail","6":"product_cat-strucna-literatura","7":"pa_nakladnik-institut-za-javne-financije-zagreb","9":"first","10":"instock","11":"shipping-taxable","12":"purchasable","13":"product-type-simple"},"acf":[],"yoast_head":"<!-- This site is optimized with the Yoast SEO plugin v27.3 - https:\/\/yoast.com\/product\/yoast-seo-wordpress\/ -->\n<title>PRIMJENA UGOVORA O IZBJEGAVANJU DVOSTRUKOG OPOREZIVANJA PRILIKOM OPOREZIVANJA DOBITI OSTVARENOG U INOZEMSTVU, Grupa autora - Web-knji\u017eara<\/title>\n<meta name=\"robots\" content=\"index, follow, max-snippet:-1, max-image-preview:large, max-video-preview:-1\" \/>\n<link rel=\"canonical\" href=\"https:\/\/webknjizara.hr\/proizvod\/primjena-ugovora-o-izbjegavanju-dvostrukog-oporezivanja-prilikom-oporezivanja-dobiti-ostvarenog-u-inozemstvu-grupa-autora\/\" \/>\n<meta property=\"og:locale\" content=\"en_US\" \/>\n<meta property=\"og:type\" content=\"article\" \/>\n<meta property=\"og:title\" content=\"PRIMJENA UGOVORA O IZBJEGAVANJU DVOSTRUKOG OPOREZIVANJA PRILIKOM OPOREZIVANJA DOBITI OSTVARENOG U INOZEMSTVU, Grupa autora - Web-knji\u017eara\" \/>\n<meta property=\"og:description\" content=\"Sa\u017eetak: U svakodnevnim kontaktima s hrvatskim poreznim rezidentima koji ostvaruju prihode iz inozemstva vidljivo je da postoje brojne nedoumice i nesnala\u017eenja o tome u kojoj dr\u017eavi i koliki porez moraju platiti te kako primijeniti me\u0111unarodne ugovore o izbjegavanju dvostrukog oporezivanja. Sli\u010dne nejasno\u0107e i nesigurnosti javljaju se i kod poreznih stru\u010dnjaka, bilo onih iz privatnog sektora [&hellip;]\" \/>\n<meta property=\"og:url\" content=\"https:\/\/webknjizara.hr\/proizvod\/primjena-ugovora-o-izbjegavanju-dvostrukog-oporezivanja-prilikom-oporezivanja-dobiti-ostvarenog-u-inozemstvu-grupa-autora\/\" \/>\n<meta property=\"og:site_name\" content=\"Web-knji\u017eara\" \/>\n<meta property=\"article:modified_time\" content=\"2023-02-26T23:18:12+00:00\" \/>\n<meta property=\"og:image\" content=\"https:\/\/webknjizara.hr\/wp-content\/uploads\/nc\/images\/virtuemart\/product\/INSTITUT-ZA-JAVNE-FIN.-Primjena-ugovora-o-izbjegavanju-dvostrukog-oporezivanja-prilikom-oporezivanja-dobiti-ostvarenog-u-inozemstvu-6b_WEB.jpg\" \/>\n\t<meta property=\"og:image:width\" content=\"300\" \/>\n\t<meta property=\"og:image:height\" content=\"419\" \/>\n\t<meta property=\"og:image:type\" content=\"image\/jpeg\" \/>\n<meta name=\"twitter:card\" content=\"summary_large_image\" \/>\n<meta name=\"twitter:label1\" content=\"Est. reading time\" \/>\n\t<meta name=\"twitter:data1\" content=\"2 minutes\" \/>\n<script type=\"application\/ld+json\" class=\"yoast-schema-graph\">{\"@context\":\"https:\\\/\\\/schema.org\",\"@graph\":[{\"@type\":\"WebPage\",\"@id\":\"https:\\\/\\\/webknjizara.hr\\\/proizvod\\\/primjena-ugovora-o-izbjegavanju-dvostrukog-oporezivanja-prilikom-oporezivanja-dobiti-ostvarenog-u-inozemstvu-grupa-autora\\\/\",\"url\":\"https:\\\/\\\/webknjizara.hr\\\/proizvod\\\/primjena-ugovora-o-izbjegavanju-dvostrukog-oporezivanja-prilikom-oporezivanja-dobiti-ostvarenog-u-inozemstvu-grupa-autora\\\/\",\"name\":\"PRIMJENA UGOVORA O IZBJEGAVANJU DVOSTRUKOG OPOREZIVANJA PRILIKOM OPOREZIVANJA DOBITI OSTVARENOG U INOZEMSTVU, Grupa autora - Web-knji\u017eara\",\"isPartOf\":{\"@id\":\"https:\\\/\\\/webknjizara.hr\\\/#website\"},\"primaryImageOfPage\":{\"@id\":\"https:\\\/\\\/webknjizara.hr\\\/proizvod\\\/primjena-ugovora-o-izbjegavanju-dvostrukog-oporezivanja-prilikom-oporezivanja-dobiti-ostvarenog-u-inozemstvu-grupa-autora\\\/#primaryimage\"},\"image\":{\"@id\":\"https:\\\/\\\/webknjizara.hr\\\/proizvod\\\/primjena-ugovora-o-izbjegavanju-dvostrukog-oporezivanja-prilikom-oporezivanja-dobiti-ostvarenog-u-inozemstvu-grupa-autora\\\/#primaryimage\"},\"thumbnailUrl\":\"https:\\\/\\\/webknjizara.hr\\\/wp-content\\\/uploads\\\/nc\\\/images\\\/virtuemart\\\/product\\\/INSTITUT-ZA-JAVNE-FIN.-Primjena-ugovora-o-izbjegavanju-dvostrukog-oporezivanja-prilikom-oporezivanja-dobiti-ostvarenog-u-inozemstvu-6b_WEB.jpg\",\"datePublished\":\"2020-08-19T10:49:14+00:00\",\"dateModified\":\"2023-02-26T23:18:12+00:00\",\"breadcrumb\":{\"@id\":\"https:\\\/\\\/webknjizara.hr\\\/proizvod\\\/primjena-ugovora-o-izbjegavanju-dvostrukog-oporezivanja-prilikom-oporezivanja-dobiti-ostvarenog-u-inozemstvu-grupa-autora\\\/#breadcrumb\"},\"inLanguage\":\"en-US\",\"potentialAction\":[{\"@type\":\"ReadAction\",\"target\":[\"https:\\\/\\\/webknjizara.hr\\\/proizvod\\\/primjena-ugovora-o-izbjegavanju-dvostrukog-oporezivanja-prilikom-oporezivanja-dobiti-ostvarenog-u-inozemstvu-grupa-autora\\\/\"]}]},{\"@type\":\"ImageObject\",\"inLanguage\":\"en-US\",\"@id\":\"https:\\\/\\\/webknjizara.hr\\\/proizvod\\\/primjena-ugovora-o-izbjegavanju-dvostrukog-oporezivanja-prilikom-oporezivanja-dobiti-ostvarenog-u-inozemstvu-grupa-autora\\\/#primaryimage\",\"url\":\"https:\\\/\\\/webknjizara.hr\\\/wp-content\\\/uploads\\\/nc\\\/images\\\/virtuemart\\\/product\\\/INSTITUT-ZA-JAVNE-FIN.-Primjena-ugovora-o-izbjegavanju-dvostrukog-oporezivanja-prilikom-oporezivanja-dobiti-ostvarenog-u-inozemstvu-6b_WEB.jpg\",\"contentUrl\":\"https:\\\/\\\/webknjizara.hr\\\/wp-content\\\/uploads\\\/nc\\\/images\\\/virtuemart\\\/product\\\/INSTITUT-ZA-JAVNE-FIN.-Primjena-ugovora-o-izbjegavanju-dvostrukog-oporezivanja-prilikom-oporezivanja-dobiti-ostvarenog-u-inozemstvu-6b_WEB.jpg\",\"width\":300,\"height\":419,\"caption\":\"PRIMJENA UGOVORA O IZBJEGAVANJU DVOSTRUKOG OPOREZIVANJA PRILIKOM OPOREZIVANJA DOBITI OSTVARENOG U INOZEMSTVU, Grupa autora\"},{\"@type\":\"BreadcrumbList\",\"@id\":\"https:\\\/\\\/webknjizara.hr\\\/proizvod\\\/primjena-ugovora-o-izbjegavanju-dvostrukog-oporezivanja-prilikom-oporezivanja-dobiti-ostvarenog-u-inozemstvu-grupa-autora\\\/#breadcrumb\",\"itemListElement\":[{\"@type\":\"ListItem\",\"position\":1,\"name\":\"Po\u010detna stranica\",\"item\":\"https:\\\/\\\/webknjizara.hr\\\/en\\\/\"},{\"@type\":\"ListItem\",\"position\":2,\"name\":\"Shop\",\"item\":\"https:\\\/\\\/webknjizara.hr\\\/shop\\\/\"},{\"@type\":\"ListItem\",\"position\":3,\"name\":\"PRIMJENA UGOVORA O IZBJEGAVANJU DVOSTRUKOG OPOREZIVANJA PRILIKOM OPOREZIVANJA DOBITI OSTVARENOG U INOZEMSTVU, Grupa autora\"}]},{\"@type\":\"WebSite\",\"@id\":\"https:\\\/\\\/webknjizara.hr\\\/#website\",\"url\":\"https:\\\/\\\/webknjizara.hr\\\/\",\"name\":\"Web Knji\u017eara\",\"description\":\"\",\"publisher\":{\"@id\":\"https:\\\/\\\/webknjizara.hr\\\/#organization\"},\"potentialAction\":[{\"@type\":\"SearchAction\",\"target\":{\"@type\":\"EntryPoint\",\"urlTemplate\":\"https:\\\/\\\/webknjizara.hr\\\/?s={search_term_string}\"},\"query-input\":{\"@type\":\"PropertyValueSpecification\",\"valueRequired\":true,\"valueName\":\"search_term_string\"}}],\"inLanguage\":\"en-US\"},{\"@type\":\"Organization\",\"@id\":\"https:\\\/\\\/webknjizara.hr\\\/#organization\",\"name\":\"REDAK D.O.O.\",\"url\":\"https:\\\/\\\/webknjizara.hr\\\/\",\"logo\":{\"@type\":\"ImageObject\",\"inLanguage\":\"en-US\",\"@id\":\"https:\\\/\\\/webknjizara.hr\\\/#\\\/schema\\\/logo\\\/image\\\/\",\"url\":\"https:\\\/\\\/webknjizara.hr\\\/wp-content\\\/uploads\\\/2023\\\/01\\\/web-knjizara-logo.webp\",\"contentUrl\":\"https:\\\/\\\/webknjizara.hr\\\/wp-content\\\/uploads\\\/2023\\\/01\\\/web-knjizara-logo.webp\",\"width\":324,\"height\":79,\"caption\":\"REDAK D.O.O.\"},\"image\":{\"@id\":\"https:\\\/\\\/webknjizara.hr\\\/#\\\/schema\\\/logo\\\/image\\\/\"}}]}<\/script>\n<!-- \/ Yoast SEO plugin. -->","yoast_head_json":{"title":"PRIMJENA UGOVORA O IZBJEGAVANJU DVOSTRUKOG OPOREZIVANJA PRILIKOM OPOREZIVANJA DOBITI OSTVARENOG U INOZEMSTVU, Grupa autora - Web-knji\u017eara","robots":{"index":"index","follow":"follow","max-snippet":"max-snippet:-1","max-image-preview":"max-image-preview:large","max-video-preview":"max-video-preview:-1"},"canonical":"https:\/\/webknjizara.hr\/proizvod\/primjena-ugovora-o-izbjegavanju-dvostrukog-oporezivanja-prilikom-oporezivanja-dobiti-ostvarenog-u-inozemstvu-grupa-autora\/","og_locale":"en_US","og_type":"article","og_title":"PRIMJENA UGOVORA O IZBJEGAVANJU DVOSTRUKOG OPOREZIVANJA PRILIKOM OPOREZIVANJA DOBITI OSTVARENOG U INOZEMSTVU, Grupa autora - Web-knji\u017eara","og_description":"Sa\u017eetak: U svakodnevnim kontaktima s hrvatskim poreznim rezidentima koji ostvaruju prihode iz inozemstva vidljivo je da postoje brojne nedoumice i nesnala\u017eenja o tome u kojoj dr\u017eavi i koliki porez moraju platiti te kako primijeniti me\u0111unarodne ugovore o izbjegavanju dvostrukog oporezivanja. Sli\u010dne nejasno\u0107e i nesigurnosti javljaju se i kod poreznih stru\u010dnjaka, bilo onih iz privatnog sektora [&hellip;]","og_url":"https:\/\/webknjizara.hr\/proizvod\/primjena-ugovora-o-izbjegavanju-dvostrukog-oporezivanja-prilikom-oporezivanja-dobiti-ostvarenog-u-inozemstvu-grupa-autora\/","og_site_name":"Web-knji\u017eara","article_modified_time":"2023-02-26T23:18:12+00:00","og_image":[{"width":300,"height":419,"url":"https:\/\/webknjizara.hr\/wp-content\/uploads\/nc\/images\/virtuemart\/product\/INSTITUT-ZA-JAVNE-FIN.-Primjena-ugovora-o-izbjegavanju-dvostrukog-oporezivanja-prilikom-oporezivanja-dobiti-ostvarenog-u-inozemstvu-6b_WEB.jpg","type":"image\/jpeg"}],"twitter_card":"summary_large_image","twitter_misc":{"Est. reading time":"2 minutes"},"schema":{"@context":"https:\/\/schema.org","@graph":[{"@type":"WebPage","@id":"https:\/\/webknjizara.hr\/proizvod\/primjena-ugovora-o-izbjegavanju-dvostrukog-oporezivanja-prilikom-oporezivanja-dobiti-ostvarenog-u-inozemstvu-grupa-autora\/","url":"https:\/\/webknjizara.hr\/proizvod\/primjena-ugovora-o-izbjegavanju-dvostrukog-oporezivanja-prilikom-oporezivanja-dobiti-ostvarenog-u-inozemstvu-grupa-autora\/","name":"PRIMJENA UGOVORA O IZBJEGAVANJU DVOSTRUKOG OPOREZIVANJA PRILIKOM OPOREZIVANJA DOBITI OSTVARENOG U INOZEMSTVU, Grupa autora - Web-knji\u017eara","isPartOf":{"@id":"https:\/\/webknjizara.hr\/#website"},"primaryImageOfPage":{"@id":"https:\/\/webknjizara.hr\/proizvod\/primjena-ugovora-o-izbjegavanju-dvostrukog-oporezivanja-prilikom-oporezivanja-dobiti-ostvarenog-u-inozemstvu-grupa-autora\/#primaryimage"},"image":{"@id":"https:\/\/webknjizara.hr\/proizvod\/primjena-ugovora-o-izbjegavanju-dvostrukog-oporezivanja-prilikom-oporezivanja-dobiti-ostvarenog-u-inozemstvu-grupa-autora\/#primaryimage"},"thumbnailUrl":"https:\/\/webknjizara.hr\/wp-content\/uploads\/nc\/images\/virtuemart\/product\/INSTITUT-ZA-JAVNE-FIN.-Primjena-ugovora-o-izbjegavanju-dvostrukog-oporezivanja-prilikom-oporezivanja-dobiti-ostvarenog-u-inozemstvu-6b_WEB.jpg","datePublished":"2020-08-19T10:49:14+00:00","dateModified":"2023-02-26T23:18:12+00:00","breadcrumb":{"@id":"https:\/\/webknjizara.hr\/proizvod\/primjena-ugovora-o-izbjegavanju-dvostrukog-oporezivanja-prilikom-oporezivanja-dobiti-ostvarenog-u-inozemstvu-grupa-autora\/#breadcrumb"},"inLanguage":"en-US","potentialAction":[{"@type":"ReadAction","target":["https:\/\/webknjizara.hr\/proizvod\/primjena-ugovora-o-izbjegavanju-dvostrukog-oporezivanja-prilikom-oporezivanja-dobiti-ostvarenog-u-inozemstvu-grupa-autora\/"]}]},{"@type":"ImageObject","inLanguage":"en-US","@id":"https:\/\/webknjizara.hr\/proizvod\/primjena-ugovora-o-izbjegavanju-dvostrukog-oporezivanja-prilikom-oporezivanja-dobiti-ostvarenog-u-inozemstvu-grupa-autora\/#primaryimage","url":"https:\/\/webknjizara.hr\/wp-content\/uploads\/nc\/images\/virtuemart\/product\/INSTITUT-ZA-JAVNE-FIN.-Primjena-ugovora-o-izbjegavanju-dvostrukog-oporezivanja-prilikom-oporezivanja-dobiti-ostvarenog-u-inozemstvu-6b_WEB.jpg","contentUrl":"https:\/\/webknjizara.hr\/wp-content\/uploads\/nc\/images\/virtuemart\/product\/INSTITUT-ZA-JAVNE-FIN.-Primjena-ugovora-o-izbjegavanju-dvostrukog-oporezivanja-prilikom-oporezivanja-dobiti-ostvarenog-u-inozemstvu-6b_WEB.jpg","width":300,"height":419,"caption":"PRIMJENA UGOVORA O IZBJEGAVANJU DVOSTRUKOG OPOREZIVANJA PRILIKOM OPOREZIVANJA DOBITI OSTVARENOG U INOZEMSTVU, Grupa autora"},{"@type":"BreadcrumbList","@id":"https:\/\/webknjizara.hr\/proizvod\/primjena-ugovora-o-izbjegavanju-dvostrukog-oporezivanja-prilikom-oporezivanja-dobiti-ostvarenog-u-inozemstvu-grupa-autora\/#breadcrumb","itemListElement":[{"@type":"ListItem","position":1,"name":"Po\u010detna stranica","item":"https:\/\/webknjizara.hr\/en\/"},{"@type":"ListItem","position":2,"name":"Shop","item":"https:\/\/webknjizara.hr\/shop\/"},{"@type":"ListItem","position":3,"name":"PRIMJENA UGOVORA O IZBJEGAVANJU DVOSTRUKOG OPOREZIVANJA PRILIKOM OPOREZIVANJA DOBITI OSTVARENOG U INOZEMSTVU, Grupa autora"}]},{"@type":"WebSite","@id":"https:\/\/webknjizara.hr\/#website","url":"https:\/\/webknjizara.hr\/","name":"Web Knji\u017eara","description":"","publisher":{"@id":"https:\/\/webknjizara.hr\/#organization"},"potentialAction":[{"@type":"SearchAction","target":{"@type":"EntryPoint","urlTemplate":"https:\/\/webknjizara.hr\/?s={search_term_string}"},"query-input":{"@type":"PropertyValueSpecification","valueRequired":true,"valueName":"search_term_string"}}],"inLanguage":"en-US"},{"@type":"Organization","@id":"https:\/\/webknjizara.hr\/#organization","name":"REDAK D.O.O.","url":"https:\/\/webknjizara.hr\/","logo":{"@type":"ImageObject","inLanguage":"en-US","@id":"https:\/\/webknjizara.hr\/#\/schema\/logo\/image\/","url":"https:\/\/webknjizara.hr\/wp-content\/uploads\/2023\/01\/web-knjizara-logo.webp","contentUrl":"https:\/\/webknjizara.hr\/wp-content\/uploads\/2023\/01\/web-knjizara-logo.webp","width":324,"height":79,"caption":"REDAK D.O.O."},"image":{"@id":"https:\/\/webknjizara.hr\/#\/schema\/logo\/image\/"}}]}},"_links":{"self":[{"href":"https:\/\/webknjizara.hr\/en\/wp-json\/wp\/v2\/product\/9302","targetHints":{"allow":["GET"]}}],"collection":[{"href":"https:\/\/webknjizara.hr\/en\/wp-json\/wp\/v2\/product"}],"about":[{"href":"https:\/\/webknjizara.hr\/en\/wp-json\/wp\/v2\/types\/product"}],"replies":[{"embeddable":true,"href":"https:\/\/webknjizara.hr\/en\/wp-json\/wp\/v2\/comments?post=9302"}],"wp:featuredmedia":[{"embeddable":true,"href":"https:\/\/webknjizara.hr\/en\/wp-json\/wp\/v2\/media\/9303"}],"wp:attachment":[{"href":"https:\/\/webknjizara.hr\/en\/wp-json\/wp\/v2\/media?parent=9302"}],"wp:term":[{"taxonomy":"product_brand","embeddable":true,"href":"https:\/\/webknjizara.hr\/en\/wp-json\/wp\/v2\/product_brand?post=9302"},{"taxonomy":"product_cat","embeddable":true,"href":"https:\/\/webknjizara.hr\/en\/wp-json\/wp\/v2\/product_cat?post=9302"},{"taxonomy":"product_tag","embeddable":true,"href":"https:\/\/webknjizara.hr\/en\/wp-json\/wp\/v2\/product_tag?post=9302"}],"curies":[{"name":"wp","href":"https:\/\/api.w.org\/{rel}","templated":true}]}}