{"id":9294,"date":"2020-08-06T08:16:32","date_gmt":"2020-08-06T08:16:32","guid":{"rendered":"https:\/\/webknjizara.hr\/?product=ljubav-%e2%80%93-osjecaj-blazenstva-i-bozjeg-savrsenstva-mara-radanovic"},"modified":"2023-02-27T00:18:11","modified_gmt":"2023-02-26T23:18:11","slug":"ljubav-osjecaj-blazenstva-i-bozjeg-savrsenstva-mara-radanovic","status":"publish","type":"product","link":"https:\/\/webknjizara.hr\/en\/proizvod\/ljubav-osjecaj-blazenstva-i-bozjeg-savrsenstva-mara-radanovic\/","title":{"rendered":"LJUBAV \u2013 OSJE\u0106AJ BLA\u017dENSTVA I BO\u017dJEG SAVR\u0160ENSTVA, Mara Radanovi\u0107"},"content":{"rendered":"<p><strong>Sa\u017eetak:<\/strong><\/p>\n<p><em>Predanje Gospodinu budi \u010de\u017enju u du\u0161i za jo\u0161 ve\u0107om blizinom, za jo\u0161 ve\u0107im predanjem. Du\u0161a pri tom postaje sve svjesnija sebe, svoje malenosti, a s druge strane sve svjesnija Bo\u017eje veli\u010dine. Tu pak izranja djetinje pouzdanje i \u017eelja za izru\u010denjem u Bo\u017eje ruke, jer Bog je otac pun ljubavi. Tu po\u010dinje te\u0107i Marina pjesma i pjesme koje govore o tome \u0161to se doga\u0111a u nutrini \u201cKad otvori\u0161 srce Gospodinu\u2026\u201d (str. 102).<\/em><br \/><em>Mara je iz svog odnosa s Bogom poput sv. Ivana, shvatila ono najbitnije, a to je da je Bog Ljubav. Tako nastaju pjesme jedna za drugom koje pjevaju o takvom Bogu i koje se s ljubavlju obra\u0107aju Bogu koji je Ljubav. Zato \u201cUvijek ljubi\u201d (str. 104), \u201cLjubav od Ljubljenoga\u201d (str. 105), jer \u201cBo\u017ee, tvoja ljubav je beskrajna\u201d (str. 45), a on du\u0161i uzvra\u0107a \u201cDo\u0111i meni, dijete moje\u201d (str. 50), \u201cDo\u0111i Ocu svome\u201d (str. 51).<\/em><br \/><em>A \u0161to zna\u010di ljubiti i isplati li se ljubiti? Odgovor daje naslov \u2013\u201cTko ljubi taj trpi i pati, a u vje\u010dnosti se isplati!\u201d. Zato Ljubav ljubi i kad je napu\u0161tena\u2026<\/em><br \/><em>Odgovor je dakle, uvijek u ljubavi i u odnosu s Bogom koji je Ljubav.<\/em><br \/><em>o. Petar Gali\u0107<\/em><\/p>\n<p><strong>Bilje\u0161ka o autorici:<\/strong> Ro\u0111ena 22.08.1962. godine u Br\u0161tanovu.<\/p>\n<p><strong>E-mail:<\/strong> <a href=\"mailto:mara.radanovic@lavcevic-inz.hr\" target=\"_blank\" rel=\"noopener noreferrer\">Mara Radanovi\u0107<\/a>\u00a0<\/p>\n<p>\u00a0<\/p>\n<p><strong>Naslov:<\/strong> Ljubav \u2013 osje\u0107aj bla\u017eenstva i Bo\u017ejeg savr\u0161enstva<br \/><strong>Autor:<\/strong> Mara Radanovi\u0107<br \/><strong>Broj stranica:<\/strong> 144<br \/><strong>Nakladnik:<\/strong> REDAK<br \/><strong>Godina izdanja:<\/strong> 2020 .<br \/><strong>ISBN:<\/strong> 978-953-336-672-2<br \/><strong>Tisak:<\/strong> digitalni tisak knjiga &#8211; print na zahtjev<\/p>\n<p>\u00a0<\/p>\n<p style=\"text-align: justify;\"><strong>Kako naru\u010diti knjigu?\u00a0<\/strong>Proces online kupovine jednako funkcionira za sve kupce, s jedinom razlikom u tome \u0161to \u0161to kupci iz inozemstva za podru\u010dje dostave moraju odabrati &#8220;Europa&#8221; ili &#8220;Ostale zemlje svijeta&#8221;, a za vrstu pla\u0107anja WSPay (kreditna kartica) ili Virmanom (bankovni transfer).<\/p>\n<p style=\"text-align: justify;\">Molimo kliknite ovdje za\u00a0<a href=\"hr\/kako-kupovati\">detaljni vodi\u010d kroz proces narud\u017ebe<\/a>\u00a0ili nas\u00a0<a href=\"hr\/kontakt\">kontaktirajte<\/a>\u00a0za vi\u0161e informacija.<\/p>\n","protected":false},"excerpt":{"rendered":"<p>Sa\u017eetak: Predanje Gospodinu budi \u010de\u017enju u du\u0161i za jo\u0161 ve\u0107om blizinom, za jo\u0161 ve\u0107im predanjem. Du\u0161a pri tom postaje sve svjesnija sebe, svoje malenosti, a s druge strane sve svjesnija Bo\u017eje veli\u010dine. Tu pak izranja djetinje pouzdanje i \u017eelja za izru\u010denjem u Bo\u017eje ruke, jer Bog je otac pun ljubavi. Tu po\u010dinje te\u0107i Marina pjesma [&hellip;]<\/p>\n","protected":false},"featured_media":9295,"comment_status":"open","ping_status":"closed","template":"","meta":{"_acf_changed":false},"product_brand":[],"product_cat":[1383,1385,1388],"product_tag":[],"class_list":{"0":"post-9294","1":"product","2":"type-product","3":"status-publish","4":"has-post-thumbnail","6":"product_cat-knjige","7":"product_cat-knjizevnost","8":"product_cat-poezija","9":"pa_autor-mara-radanovic","10":"pa_nakladnik-redak","12":"first","13":"instock","14":"shipping-taxable","15":"purchasable","16":"product-type-simple"},"acf":[],"yoast_head":"<!-- This site is optimized with the Yoast SEO plugin v27.3 - https:\/\/yoast.com\/product\/yoast-seo-wordpress\/ -->\n<title>LJUBAV \u2013 OSJE\u0106AJ BLA\u017dENSTVA I BO\u017dJEG SAVR\u0160ENSTVA, Mara Radanovi\u0107 - Web-knji\u017eara<\/title>\n<meta name=\"robots\" content=\"index, follow, max-snippet:-1, max-image-preview:large, max-video-preview:-1\" \/>\n<link rel=\"canonical\" href=\"https:\/\/webknjizara.hr\/proizvod\/ljubav-osjecaj-blazenstva-i-bozjeg-savrsenstva-mara-radanovic\/\" \/>\n<meta property=\"og:locale\" content=\"en_US\" \/>\n<meta property=\"og:type\" content=\"article\" \/>\n<meta property=\"og:title\" content=\"LJUBAV \u2013 OSJE\u0106AJ BLA\u017dENSTVA I BO\u017dJEG SAVR\u0160ENSTVA, Mara Radanovi\u0107 - Web-knji\u017eara\" \/>\n<meta property=\"og:description\" content=\"Sa\u017eetak: Predanje Gospodinu budi \u010de\u017enju u du\u0161i za jo\u0161 ve\u0107om blizinom, za jo\u0161 ve\u0107im predanjem. Du\u0161a pri tom postaje sve svjesnija sebe, svoje malenosti, a s druge strane sve svjesnija Bo\u017eje veli\u010dine. Tu pak izranja djetinje pouzdanje i \u017eelja za izru\u010denjem u Bo\u017eje ruke, jer Bog je otac pun ljubavi. Tu po\u010dinje te\u0107i Marina pjesma [&hellip;]\" \/>\n<meta property=\"og:url\" content=\"https:\/\/webknjizara.hr\/proizvod\/ljubav-osjecaj-blazenstva-i-bozjeg-savrsenstva-mara-radanovic\/\" \/>\n<meta property=\"og:site_name\" content=\"Web-knji\u017eara\" \/>\n<meta property=\"article:modified_time\" content=\"2023-02-26T23:18:11+00:00\" \/>\n<meta property=\"og:image\" content=\"https:\/\/webknjizara.hr\/wp-content\/uploads\/nc\/images\/virtuemart\/product\/Radanovic_Mara_Ljubav_naslovnica_WEB.jpg\" \/>\n\t<meta property=\"og:image:width\" content=\"300\" \/>\n\t<meta property=\"og:image:height\" content=\"419\" \/>\n\t<meta property=\"og:image:type\" content=\"image\/jpeg\" \/>\n<meta name=\"twitter:card\" content=\"summary_large_image\" \/>\n<meta name=\"twitter:label1\" content=\"Est. reading time\" \/>\n\t<meta name=\"twitter:data1\" content=\"2 minutes\" \/>\n<script type=\"application\/ld+json\" class=\"yoast-schema-graph\">{\"@context\":\"https:\\\/\\\/schema.org\",\"@graph\":[{\"@type\":\"WebPage\",\"@id\":\"https:\\\/\\\/webknjizara.hr\\\/proizvod\\\/ljubav-osjecaj-blazenstva-i-bozjeg-savrsenstva-mara-radanovic\\\/\",\"url\":\"https:\\\/\\\/webknjizara.hr\\\/proizvod\\\/ljubav-osjecaj-blazenstva-i-bozjeg-savrsenstva-mara-radanovic\\\/\",\"name\":\"LJUBAV \u2013 OSJE\u0106AJ BLA\u017dENSTVA I BO\u017dJEG SAVR\u0160ENSTVA, Mara Radanovi\u0107 - Web-knji\u017eara\",\"isPartOf\":{\"@id\":\"https:\\\/\\\/webknjizara.hr\\\/#website\"},\"primaryImageOfPage\":{\"@id\":\"https:\\\/\\\/webknjizara.hr\\\/proizvod\\\/ljubav-osjecaj-blazenstva-i-bozjeg-savrsenstva-mara-radanovic\\\/#primaryimage\"},\"image\":{\"@id\":\"https:\\\/\\\/webknjizara.hr\\\/proizvod\\\/ljubav-osjecaj-blazenstva-i-bozjeg-savrsenstva-mara-radanovic\\\/#primaryimage\"},\"thumbnailUrl\":\"https:\\\/\\\/webknjizara.hr\\\/wp-content\\\/uploads\\\/nc\\\/images\\\/virtuemart\\\/product\\\/Radanovic_Mara_Ljubav_naslovnica_WEB.jpg\",\"datePublished\":\"2020-08-06T08:16:32+00:00\",\"dateModified\":\"2023-02-26T23:18:11+00:00\",\"breadcrumb\":{\"@id\":\"https:\\\/\\\/webknjizara.hr\\\/proizvod\\\/ljubav-osjecaj-blazenstva-i-bozjeg-savrsenstva-mara-radanovic\\\/#breadcrumb\"},\"inLanguage\":\"en-US\",\"potentialAction\":[{\"@type\":\"ReadAction\",\"target\":[\"https:\\\/\\\/webknjizara.hr\\\/proizvod\\\/ljubav-osjecaj-blazenstva-i-bozjeg-savrsenstva-mara-radanovic\\\/\"]}]},{\"@type\":\"ImageObject\",\"inLanguage\":\"en-US\",\"@id\":\"https:\\\/\\\/webknjizara.hr\\\/proizvod\\\/ljubav-osjecaj-blazenstva-i-bozjeg-savrsenstva-mara-radanovic\\\/#primaryimage\",\"url\":\"https:\\\/\\\/webknjizara.hr\\\/wp-content\\\/uploads\\\/nc\\\/images\\\/virtuemart\\\/product\\\/Radanovic_Mara_Ljubav_naslovnica_WEB.jpg\",\"contentUrl\":\"https:\\\/\\\/webknjizara.hr\\\/wp-content\\\/uploads\\\/nc\\\/images\\\/virtuemart\\\/product\\\/Radanovic_Mara_Ljubav_naslovnica_WEB.jpg\",\"width\":300,\"height\":419,\"caption\":\"LJUBAV \u2013 OSJE\u0106AJ BLA\u017dENSTVA I BO\u017dJEG SAVR\u0160ENSTVA, Mara Radanovi\u0107\"},{\"@type\":\"BreadcrumbList\",\"@id\":\"https:\\\/\\\/webknjizara.hr\\\/proizvod\\\/ljubav-osjecaj-blazenstva-i-bozjeg-savrsenstva-mara-radanovic\\\/#breadcrumb\",\"itemListElement\":[{\"@type\":\"ListItem\",\"position\":1,\"name\":\"Po\u010detna stranica\",\"item\":\"https:\\\/\\\/webknjizara.hr\\\/en\\\/\"},{\"@type\":\"ListItem\",\"position\":2,\"name\":\"Shop\",\"item\":\"https:\\\/\\\/webknjizara.hr\\\/shop\\\/\"},{\"@type\":\"ListItem\",\"position\":3,\"name\":\"LJUBAV \u2013 OSJE\u0106AJ BLA\u017dENSTVA I BO\u017dJEG SAVR\u0160ENSTVA, Mara Radanovi\u0107\"}]},{\"@type\":\"WebSite\",\"@id\":\"https:\\\/\\\/webknjizara.hr\\\/#website\",\"url\":\"https:\\\/\\\/webknjizara.hr\\\/\",\"name\":\"Web Knji\u017eara\",\"description\":\"\",\"publisher\":{\"@id\":\"https:\\\/\\\/webknjizara.hr\\\/#organization\"},\"potentialAction\":[{\"@type\":\"SearchAction\",\"target\":{\"@type\":\"EntryPoint\",\"urlTemplate\":\"https:\\\/\\\/webknjizara.hr\\\/?s={search_term_string}\"},\"query-input\":{\"@type\":\"PropertyValueSpecification\",\"valueRequired\":true,\"valueName\":\"search_term_string\"}}],\"inLanguage\":\"en-US\"},{\"@type\":\"Organization\",\"@id\":\"https:\\\/\\\/webknjizara.hr\\\/#organization\",\"name\":\"REDAK D.O.O.\",\"url\":\"https:\\\/\\\/webknjizara.hr\\\/\",\"logo\":{\"@type\":\"ImageObject\",\"inLanguage\":\"en-US\",\"@id\":\"https:\\\/\\\/webknjizara.hr\\\/#\\\/schema\\\/logo\\\/image\\\/\",\"url\":\"https:\\\/\\\/webknjizara.hr\\\/wp-content\\\/uploads\\\/2023\\\/01\\\/web-knjizara-logo.webp\",\"contentUrl\":\"https:\\\/\\\/webknjizara.hr\\\/wp-content\\\/uploads\\\/2023\\\/01\\\/web-knjizara-logo.webp\",\"width\":324,\"height\":79,\"caption\":\"REDAK D.O.O.\"},\"image\":{\"@id\":\"https:\\\/\\\/webknjizara.hr\\\/#\\\/schema\\\/logo\\\/image\\\/\"}}]}<\/script>\n<!-- \/ Yoast SEO plugin. -->","yoast_head_json":{"title":"LJUBAV \u2013 OSJE\u0106AJ BLA\u017dENSTVA I BO\u017dJEG SAVR\u0160ENSTVA, Mara Radanovi\u0107 - Web-knji\u017eara","robots":{"index":"index","follow":"follow","max-snippet":"max-snippet:-1","max-image-preview":"max-image-preview:large","max-video-preview":"max-video-preview:-1"},"canonical":"https:\/\/webknjizara.hr\/proizvod\/ljubav-osjecaj-blazenstva-i-bozjeg-savrsenstva-mara-radanovic\/","og_locale":"en_US","og_type":"article","og_title":"LJUBAV \u2013 OSJE\u0106AJ BLA\u017dENSTVA I BO\u017dJEG SAVR\u0160ENSTVA, Mara Radanovi\u0107 - Web-knji\u017eara","og_description":"Sa\u017eetak: Predanje Gospodinu budi \u010de\u017enju u du\u0161i za jo\u0161 ve\u0107om blizinom, za jo\u0161 ve\u0107im predanjem. Du\u0161a pri tom postaje sve svjesnija sebe, svoje malenosti, a s druge strane sve svjesnija Bo\u017eje veli\u010dine. Tu pak izranja djetinje pouzdanje i \u017eelja za izru\u010denjem u Bo\u017eje ruke, jer Bog je otac pun ljubavi. Tu po\u010dinje te\u0107i Marina pjesma [&hellip;]","og_url":"https:\/\/webknjizara.hr\/proizvod\/ljubav-osjecaj-blazenstva-i-bozjeg-savrsenstva-mara-radanovic\/","og_site_name":"Web-knji\u017eara","article_modified_time":"2023-02-26T23:18:11+00:00","og_image":[{"width":300,"height":419,"url":"https:\/\/webknjizara.hr\/wp-content\/uploads\/nc\/images\/virtuemart\/product\/Radanovic_Mara_Ljubav_naslovnica_WEB.jpg","type":"image\/jpeg"}],"twitter_card":"summary_large_image","twitter_misc":{"Est. reading time":"2 minutes"},"schema":{"@context":"https:\/\/schema.org","@graph":[{"@type":"WebPage","@id":"https:\/\/webknjizara.hr\/proizvod\/ljubav-osjecaj-blazenstva-i-bozjeg-savrsenstva-mara-radanovic\/","url":"https:\/\/webknjizara.hr\/proizvod\/ljubav-osjecaj-blazenstva-i-bozjeg-savrsenstva-mara-radanovic\/","name":"LJUBAV \u2013 OSJE\u0106AJ BLA\u017dENSTVA I BO\u017dJEG SAVR\u0160ENSTVA, Mara Radanovi\u0107 - Web-knji\u017eara","isPartOf":{"@id":"https:\/\/webknjizara.hr\/#website"},"primaryImageOfPage":{"@id":"https:\/\/webknjizara.hr\/proizvod\/ljubav-osjecaj-blazenstva-i-bozjeg-savrsenstva-mara-radanovic\/#primaryimage"},"image":{"@id":"https:\/\/webknjizara.hr\/proizvod\/ljubav-osjecaj-blazenstva-i-bozjeg-savrsenstva-mara-radanovic\/#primaryimage"},"thumbnailUrl":"https:\/\/webknjizara.hr\/wp-content\/uploads\/nc\/images\/virtuemart\/product\/Radanovic_Mara_Ljubav_naslovnica_WEB.jpg","datePublished":"2020-08-06T08:16:32+00:00","dateModified":"2023-02-26T23:18:11+00:00","breadcrumb":{"@id":"https:\/\/webknjizara.hr\/proizvod\/ljubav-osjecaj-blazenstva-i-bozjeg-savrsenstva-mara-radanovic\/#breadcrumb"},"inLanguage":"en-US","potentialAction":[{"@type":"ReadAction","target":["https:\/\/webknjizara.hr\/proizvod\/ljubav-osjecaj-blazenstva-i-bozjeg-savrsenstva-mara-radanovic\/"]}]},{"@type":"ImageObject","inLanguage":"en-US","@id":"https:\/\/webknjizara.hr\/proizvod\/ljubav-osjecaj-blazenstva-i-bozjeg-savrsenstva-mara-radanovic\/#primaryimage","url":"https:\/\/webknjizara.hr\/wp-content\/uploads\/nc\/images\/virtuemart\/product\/Radanovic_Mara_Ljubav_naslovnica_WEB.jpg","contentUrl":"https:\/\/webknjizara.hr\/wp-content\/uploads\/nc\/images\/virtuemart\/product\/Radanovic_Mara_Ljubav_naslovnica_WEB.jpg","width":300,"height":419,"caption":"LJUBAV \u2013 OSJE\u0106AJ BLA\u017dENSTVA I BO\u017dJEG SAVR\u0160ENSTVA, Mara Radanovi\u0107"},{"@type":"BreadcrumbList","@id":"https:\/\/webknjizara.hr\/proizvod\/ljubav-osjecaj-blazenstva-i-bozjeg-savrsenstva-mara-radanovic\/#breadcrumb","itemListElement":[{"@type":"ListItem","position":1,"name":"Po\u010detna stranica","item":"https:\/\/webknjizara.hr\/en\/"},{"@type":"ListItem","position":2,"name":"Shop","item":"https:\/\/webknjizara.hr\/shop\/"},{"@type":"ListItem","position":3,"name":"LJUBAV \u2013 OSJE\u0106AJ BLA\u017dENSTVA I BO\u017dJEG SAVR\u0160ENSTVA, Mara Radanovi\u0107"}]},{"@type":"WebSite","@id":"https:\/\/webknjizara.hr\/#website","url":"https:\/\/webknjizara.hr\/","name":"Web Knji\u017eara","description":"","publisher":{"@id":"https:\/\/webknjizara.hr\/#organization"},"potentialAction":[{"@type":"SearchAction","target":{"@type":"EntryPoint","urlTemplate":"https:\/\/webknjizara.hr\/?s={search_term_string}"},"query-input":{"@type":"PropertyValueSpecification","valueRequired":true,"valueName":"search_term_string"}}],"inLanguage":"en-US"},{"@type":"Organization","@id":"https:\/\/webknjizara.hr\/#organization","name":"REDAK D.O.O.","url":"https:\/\/webknjizara.hr\/","logo":{"@type":"ImageObject","inLanguage":"en-US","@id":"https:\/\/webknjizara.hr\/#\/schema\/logo\/image\/","url":"https:\/\/webknjizara.hr\/wp-content\/uploads\/2023\/01\/web-knjizara-logo.webp","contentUrl":"https:\/\/webknjizara.hr\/wp-content\/uploads\/2023\/01\/web-knjizara-logo.webp","width":324,"height":79,"caption":"REDAK D.O.O."},"image":{"@id":"https:\/\/webknjizara.hr\/#\/schema\/logo\/image\/"}}]}},"_links":{"self":[{"href":"https:\/\/webknjizara.hr\/en\/wp-json\/wp\/v2\/product\/9294","targetHints":{"allow":["GET"]}}],"collection":[{"href":"https:\/\/webknjizara.hr\/en\/wp-json\/wp\/v2\/product"}],"about":[{"href":"https:\/\/webknjizara.hr\/en\/wp-json\/wp\/v2\/types\/product"}],"replies":[{"embeddable":true,"href":"https:\/\/webknjizara.hr\/en\/wp-json\/wp\/v2\/comments?post=9294"}],"wp:featuredmedia":[{"embeddable":true,"href":"https:\/\/webknjizara.hr\/en\/wp-json\/wp\/v2\/media\/9295"}],"wp:attachment":[{"href":"https:\/\/webknjizara.hr\/en\/wp-json\/wp\/v2\/media?parent=9294"}],"wp:term":[{"taxonomy":"product_brand","embeddable":true,"href":"https:\/\/webknjizara.hr\/en\/wp-json\/wp\/v2\/product_brand?post=9294"},{"taxonomy":"product_cat","embeddable":true,"href":"https:\/\/webknjizara.hr\/en\/wp-json\/wp\/v2\/product_cat?post=9294"},{"taxonomy":"product_tag","embeddable":true,"href":"https:\/\/webknjizara.hr\/en\/wp-json\/wp\/v2\/product_tag?post=9294"}],"curies":[{"name":"wp","href":"https:\/\/api.w.org\/{rel}","templated":true}]}}