{"id":9292,"date":"2020-08-04T11:21:15","date_gmt":"2020-08-04T11:21:15","guid":{"rendered":"https:\/\/webknjizara.hr\/?product=od-grenlanda-do-bolivije-petar-ivancic"},"modified":"2023-03-30T18:15:49","modified_gmt":"2023-03-30T16:15:49","slug":"od-grenlanda-do-bolivije-petar-ivancic","status":"publish","type":"product","link":"https:\/\/webknjizara.hr\/en\/proizvod\/od-grenlanda-do-bolivije-petar-ivancic\/","title":{"rendered":"OD GRENLANDA DO BOLIVIJE, Petar Ivan\u010di\u0107"},"content":{"rendered":"<p><strong>Bilje\u0161ka o autoru:<\/strong><\/p>\n<p>Ro\u0111en u Rijeci 26. svibnja 1977. Odrastao u malenom mjestu Kraj nedaleko od Lovrana. Oduvijek su ga privla\u010dili\u00a0misteriji drevnih naroda i seizmolo\u0161ki aktivna podru\u010dja. Osnovnu \u0161kolu \u201eViktor Car Emin\u201c zavr\u0161ava u Lovranu, a gimnaziju op\u0107eg smjera u Opatiji. Posljednjih 15-ak\u00a0godina amaterski se bavi videoprodukcijom. Neki su radovi objavljeni na HRT-u, a ve\u0107ina na regionalnom televizijskom kanalu Ri.<\/p>\n<p><strong>Klju\u010dne rije\u010di:<\/strong> Karibi, Bolivija, Meksiko, Grenland, Nepal, Zambija, Tunis, povijest, drevna civilizacija, arheologija, etnologija<\/p>\n<p><strong>E-mail:<\/strong> <a href=\"mailto:Lovranska.vrata@gmail.com\" target=\"_blank\" rel=\"noopener noreferrer\">Petar Ivan\u010di\u0107\u00a0<\/a><\/p>\n<p><strong>Naslov:<\/strong> Od Grenlanda do Bolivije<br \/>\n<strong>Autor:<\/strong> Petar Ivan\u010di\u0107<br \/>\n<strong>Broj stranica:<\/strong> 174<br \/>\n<strong>Nakladnik:<\/strong> REDAK<br \/>\n<strong>Godina izdanja:<\/strong> 2020.<br \/>\n<strong>ISBN:<\/strong> 978-953-336-663-0<br \/>\n<strong>Tisak:<\/strong> digitalni tisak knjiga &#8211; print na zahtjev<\/p>\n<p style=\"text-align: justify;\"><strong>Kako naru\u010diti knjigu?\u00a0<\/strong>Proces online kupovine jednako funkcionira za sve kupce, s jedinom razlikom u tome \u0161to \u0161to kupci iz inozemstva za podru\u010dje dostave moraju odabrati &#8220;Europa&#8221; ili &#8220;Ostale zemlje svijeta&#8221;, a za vrstu pla\u0107anja WSPay (kreditna kartica) ili Virmanom (bankovni transfer).<\/p>\n<p style=\"text-align: justify;\">Molimo kliknite ovdje za\u00a0<a href=\"hr\/kako-kupovati\">detaljni vodi\u010d kroz proces narud\u017ebe<\/a>\u00a0ili nas\u00a0<a href=\"hr\/kontakt\">kontaktirajte<\/a>\u00a0za vi\u0161e informacija.<\/p>\n","protected":false},"excerpt":{"rendered":"<p>Bilje\u0161ka o autoru: Ro\u0111en u Rijeci 26. svibnja 1977. Odrastao u malenom mjestu Kraj nedaleko od Lovrana. Oduvijek su ga privla\u010dili\u00a0misteriji drevnih naroda i seizmolo\u0161ki aktivna podru\u010dja. Osnovnu \u0161kolu \u201eViktor Car Emin\u201c zavr\u0161ava u Lovranu, a gimnaziju op\u0107eg smjera u Opatiji. Posljednjih 15-ak\u00a0godina amaterski se bavi videoprodukcijom. Neki su radovi objavljeni na HRT-u, a ve\u0107ina [&hellip;]<\/p>\n","protected":false},"featured_media":9293,"comment_status":"open","ping_status":"closed","template":"","meta":{"_acf_changed":false},"product_brand":[],"product_cat":[1489],"product_tag":[],"class_list":{"0":"post-9292","1":"product","2":"type-product","3":"status-publish","4":"has-post-thumbnail","6":"product_cat-publicistika","7":"pa_autor-petar-ivancic","8":"pa_nakladnik-redak","10":"first","11":"instock","12":"shipping-taxable","13":"purchasable","14":"product-type-simple"},"acf":[],"yoast_head":"<!-- This site is optimized with the Yoast SEO plugin v27.3 - https:\/\/yoast.com\/product\/yoast-seo-wordpress\/ -->\n<title>OD GRENLANDA DO BOLIVIJE, Petar Ivan\u010di\u0107 - Web-knji\u017eara<\/title>\n<meta name=\"robots\" content=\"index, follow, max-snippet:-1, max-image-preview:large, max-video-preview:-1\" \/>\n<link rel=\"canonical\" href=\"https:\/\/webknjizara.hr\/proizvod\/od-grenlanda-do-bolivije-petar-ivancic\/\" \/>\n<meta property=\"og:locale\" content=\"en_US\" \/>\n<meta property=\"og:type\" content=\"article\" \/>\n<meta property=\"og:title\" content=\"OD GRENLANDA DO BOLIVIJE, Petar Ivan\u010di\u0107 - Web-knji\u017eara\" \/>\n<meta property=\"og:description\" content=\"Bilje\u0161ka o autoru: Ro\u0111en u Rijeci 26. svibnja 1977. Odrastao u malenom mjestu Kraj nedaleko od Lovrana. Oduvijek su ga privla\u010dili\u00a0misteriji drevnih naroda i seizmolo\u0161ki aktivna podru\u010dja. Osnovnu \u0161kolu \u201eViktor Car Emin\u201c zavr\u0161ava u Lovranu, a gimnaziju op\u0107eg smjera u Opatiji. Posljednjih 15-ak\u00a0godina amaterski se bavi videoprodukcijom. Neki su radovi objavljeni na HRT-u, a ve\u0107ina [&hellip;]\" \/>\n<meta property=\"og:url\" content=\"https:\/\/webknjizara.hr\/proizvod\/od-grenlanda-do-bolivije-petar-ivancic\/\" \/>\n<meta property=\"og:site_name\" content=\"Web-knji\u017eara\" \/>\n<meta property=\"article:modified_time\" content=\"2023-03-30T16:15:49+00:00\" \/>\n<meta property=\"og:image\" content=\"https:\/\/webknjizara.hr\/wp-content\/uploads\/nc\/images\/virtuemart\/product\/naslovnica-WK-15od-grenlanda-do-bolivije.jpg\" \/>\n\t<meta property=\"og:image:width\" content=\"300\" \/>\n\t<meta property=\"og:image:height\" content=\"419\" \/>\n\t<meta property=\"og:image:type\" content=\"image\/jpeg\" \/>\n<meta name=\"twitter:card\" content=\"summary_large_image\" \/>\n<meta name=\"twitter:label1\" content=\"Est. reading time\" \/>\n\t<meta name=\"twitter:data1\" content=\"1 minute\" \/>\n<script type=\"application\/ld+json\" class=\"yoast-schema-graph\">{\"@context\":\"https:\\\/\\\/schema.org\",\"@graph\":[{\"@type\":\"WebPage\",\"@id\":\"https:\\\/\\\/webknjizara.hr\\\/proizvod\\\/od-grenlanda-do-bolivije-petar-ivancic\\\/\",\"url\":\"https:\\\/\\\/webknjizara.hr\\\/proizvod\\\/od-grenlanda-do-bolivije-petar-ivancic\\\/\",\"name\":\"OD GRENLANDA DO BOLIVIJE, Petar Ivan\u010di\u0107 - Web-knji\u017eara\",\"isPartOf\":{\"@id\":\"https:\\\/\\\/webknjizara.hr\\\/#website\"},\"primaryImageOfPage\":{\"@id\":\"https:\\\/\\\/webknjizara.hr\\\/proizvod\\\/od-grenlanda-do-bolivije-petar-ivancic\\\/#primaryimage\"},\"image\":{\"@id\":\"https:\\\/\\\/webknjizara.hr\\\/proizvod\\\/od-grenlanda-do-bolivije-petar-ivancic\\\/#primaryimage\"},\"thumbnailUrl\":\"https:\\\/\\\/webknjizara.hr\\\/wp-content\\\/uploads\\\/nc\\\/images\\\/virtuemart\\\/product\\\/naslovnica-WK-15od-grenlanda-do-bolivije.jpg\",\"datePublished\":\"2020-08-04T11:21:15+00:00\",\"dateModified\":\"2023-03-30T16:15:49+00:00\",\"breadcrumb\":{\"@id\":\"https:\\\/\\\/webknjizara.hr\\\/proizvod\\\/od-grenlanda-do-bolivije-petar-ivancic\\\/#breadcrumb\"},\"inLanguage\":\"en-US\",\"potentialAction\":[{\"@type\":\"ReadAction\",\"target\":[\"https:\\\/\\\/webknjizara.hr\\\/proizvod\\\/od-grenlanda-do-bolivije-petar-ivancic\\\/\"]}]},{\"@type\":\"ImageObject\",\"inLanguage\":\"en-US\",\"@id\":\"https:\\\/\\\/webknjizara.hr\\\/proizvod\\\/od-grenlanda-do-bolivije-petar-ivancic\\\/#primaryimage\",\"url\":\"https:\\\/\\\/webknjizara.hr\\\/wp-content\\\/uploads\\\/nc\\\/images\\\/virtuemart\\\/product\\\/naslovnica-WK-15od-grenlanda-do-bolivije.jpg\",\"contentUrl\":\"https:\\\/\\\/webknjizara.hr\\\/wp-content\\\/uploads\\\/nc\\\/images\\\/virtuemart\\\/product\\\/naslovnica-WK-15od-grenlanda-do-bolivije.jpg\",\"width\":300,\"height\":419,\"caption\":\"OD GRENLANDA DO BOLIVIJE, Petar Ivan\u010di\u0107\"},{\"@type\":\"BreadcrumbList\",\"@id\":\"https:\\\/\\\/webknjizara.hr\\\/proizvod\\\/od-grenlanda-do-bolivije-petar-ivancic\\\/#breadcrumb\",\"itemListElement\":[{\"@type\":\"ListItem\",\"position\":1,\"name\":\"Po\u010detna stranica\",\"item\":\"https:\\\/\\\/webknjizara.hr\\\/en\\\/\"},{\"@type\":\"ListItem\",\"position\":2,\"name\":\"Shop\",\"item\":\"https:\\\/\\\/webknjizara.hr\\\/shop\\\/\"},{\"@type\":\"ListItem\",\"position\":3,\"name\":\"OD GRENLANDA DO BOLIVIJE, Petar Ivan\u010di\u0107\"}]},{\"@type\":\"WebSite\",\"@id\":\"https:\\\/\\\/webknjizara.hr\\\/#website\",\"url\":\"https:\\\/\\\/webknjizara.hr\\\/\",\"name\":\"Web Knji\u017eara\",\"description\":\"\",\"publisher\":{\"@id\":\"https:\\\/\\\/webknjizara.hr\\\/#organization\"},\"potentialAction\":[{\"@type\":\"SearchAction\",\"target\":{\"@type\":\"EntryPoint\",\"urlTemplate\":\"https:\\\/\\\/webknjizara.hr\\\/?s={search_term_string}\"},\"query-input\":{\"@type\":\"PropertyValueSpecification\",\"valueRequired\":true,\"valueName\":\"search_term_string\"}}],\"inLanguage\":\"en-US\"},{\"@type\":\"Organization\",\"@id\":\"https:\\\/\\\/webknjizara.hr\\\/#organization\",\"name\":\"REDAK D.O.O.\",\"url\":\"https:\\\/\\\/webknjizara.hr\\\/\",\"logo\":{\"@type\":\"ImageObject\",\"inLanguage\":\"en-US\",\"@id\":\"https:\\\/\\\/webknjizara.hr\\\/#\\\/schema\\\/logo\\\/image\\\/\",\"url\":\"https:\\\/\\\/webknjizara.hr\\\/wp-content\\\/uploads\\\/2023\\\/01\\\/web-knjizara-logo.webp\",\"contentUrl\":\"https:\\\/\\\/webknjizara.hr\\\/wp-content\\\/uploads\\\/2023\\\/01\\\/web-knjizara-logo.webp\",\"width\":324,\"height\":79,\"caption\":\"REDAK D.O.O.\"},\"image\":{\"@id\":\"https:\\\/\\\/webknjizara.hr\\\/#\\\/schema\\\/logo\\\/image\\\/\"}}]}<\/script>\n<!-- \/ Yoast SEO plugin. -->","yoast_head_json":{"title":"OD GRENLANDA DO BOLIVIJE, Petar Ivan\u010di\u0107 - Web-knji\u017eara","robots":{"index":"index","follow":"follow","max-snippet":"max-snippet:-1","max-image-preview":"max-image-preview:large","max-video-preview":"max-video-preview:-1"},"canonical":"https:\/\/webknjizara.hr\/proizvod\/od-grenlanda-do-bolivije-petar-ivancic\/","og_locale":"en_US","og_type":"article","og_title":"OD GRENLANDA DO BOLIVIJE, Petar Ivan\u010di\u0107 - Web-knji\u017eara","og_description":"Bilje\u0161ka o autoru: Ro\u0111en u Rijeci 26. svibnja 1977. Odrastao u malenom mjestu Kraj nedaleko od Lovrana. Oduvijek su ga privla\u010dili\u00a0misteriji drevnih naroda i seizmolo\u0161ki aktivna podru\u010dja. Osnovnu \u0161kolu \u201eViktor Car Emin\u201c zavr\u0161ava u Lovranu, a gimnaziju op\u0107eg smjera u Opatiji. Posljednjih 15-ak\u00a0godina amaterski se bavi videoprodukcijom. Neki su radovi objavljeni na HRT-u, a ve\u0107ina [&hellip;]","og_url":"https:\/\/webknjizara.hr\/proizvod\/od-grenlanda-do-bolivije-petar-ivancic\/","og_site_name":"Web-knji\u017eara","article_modified_time":"2023-03-30T16:15:49+00:00","og_image":[{"width":300,"height":419,"url":"https:\/\/webknjizara.hr\/wp-content\/uploads\/nc\/images\/virtuemart\/product\/naslovnica-WK-15od-grenlanda-do-bolivije.jpg","type":"image\/jpeg"}],"twitter_card":"summary_large_image","twitter_misc":{"Est. reading time":"1 minute"},"schema":{"@context":"https:\/\/schema.org","@graph":[{"@type":"WebPage","@id":"https:\/\/webknjizara.hr\/proizvod\/od-grenlanda-do-bolivije-petar-ivancic\/","url":"https:\/\/webknjizara.hr\/proizvod\/od-grenlanda-do-bolivije-petar-ivancic\/","name":"OD GRENLANDA DO BOLIVIJE, Petar Ivan\u010di\u0107 - Web-knji\u017eara","isPartOf":{"@id":"https:\/\/webknjizara.hr\/#website"},"primaryImageOfPage":{"@id":"https:\/\/webknjizara.hr\/proizvod\/od-grenlanda-do-bolivije-petar-ivancic\/#primaryimage"},"image":{"@id":"https:\/\/webknjizara.hr\/proizvod\/od-grenlanda-do-bolivije-petar-ivancic\/#primaryimage"},"thumbnailUrl":"https:\/\/webknjizara.hr\/wp-content\/uploads\/nc\/images\/virtuemart\/product\/naslovnica-WK-15od-grenlanda-do-bolivije.jpg","datePublished":"2020-08-04T11:21:15+00:00","dateModified":"2023-03-30T16:15:49+00:00","breadcrumb":{"@id":"https:\/\/webknjizara.hr\/proizvod\/od-grenlanda-do-bolivije-petar-ivancic\/#breadcrumb"},"inLanguage":"en-US","potentialAction":[{"@type":"ReadAction","target":["https:\/\/webknjizara.hr\/proizvod\/od-grenlanda-do-bolivije-petar-ivancic\/"]}]},{"@type":"ImageObject","inLanguage":"en-US","@id":"https:\/\/webknjizara.hr\/proizvod\/od-grenlanda-do-bolivije-petar-ivancic\/#primaryimage","url":"https:\/\/webknjizara.hr\/wp-content\/uploads\/nc\/images\/virtuemart\/product\/naslovnica-WK-15od-grenlanda-do-bolivije.jpg","contentUrl":"https:\/\/webknjizara.hr\/wp-content\/uploads\/nc\/images\/virtuemart\/product\/naslovnica-WK-15od-grenlanda-do-bolivije.jpg","width":300,"height":419,"caption":"OD GRENLANDA DO BOLIVIJE, Petar Ivan\u010di\u0107"},{"@type":"BreadcrumbList","@id":"https:\/\/webknjizara.hr\/proizvod\/od-grenlanda-do-bolivije-petar-ivancic\/#breadcrumb","itemListElement":[{"@type":"ListItem","position":1,"name":"Po\u010detna stranica","item":"https:\/\/webknjizara.hr\/en\/"},{"@type":"ListItem","position":2,"name":"Shop","item":"https:\/\/webknjizara.hr\/shop\/"},{"@type":"ListItem","position":3,"name":"OD GRENLANDA DO BOLIVIJE, Petar Ivan\u010di\u0107"}]},{"@type":"WebSite","@id":"https:\/\/webknjizara.hr\/#website","url":"https:\/\/webknjizara.hr\/","name":"Web Knji\u017eara","description":"","publisher":{"@id":"https:\/\/webknjizara.hr\/#organization"},"potentialAction":[{"@type":"SearchAction","target":{"@type":"EntryPoint","urlTemplate":"https:\/\/webknjizara.hr\/?s={search_term_string}"},"query-input":{"@type":"PropertyValueSpecification","valueRequired":true,"valueName":"search_term_string"}}],"inLanguage":"en-US"},{"@type":"Organization","@id":"https:\/\/webknjizara.hr\/#organization","name":"REDAK D.O.O.","url":"https:\/\/webknjizara.hr\/","logo":{"@type":"ImageObject","inLanguage":"en-US","@id":"https:\/\/webknjizara.hr\/#\/schema\/logo\/image\/","url":"https:\/\/webknjizara.hr\/wp-content\/uploads\/2023\/01\/web-knjizara-logo.webp","contentUrl":"https:\/\/webknjizara.hr\/wp-content\/uploads\/2023\/01\/web-knjizara-logo.webp","width":324,"height":79,"caption":"REDAK D.O.O."},"image":{"@id":"https:\/\/webknjizara.hr\/#\/schema\/logo\/image\/"}}]}},"_links":{"self":[{"href":"https:\/\/webknjizara.hr\/en\/wp-json\/wp\/v2\/product\/9292","targetHints":{"allow":["GET"]}}],"collection":[{"href":"https:\/\/webknjizara.hr\/en\/wp-json\/wp\/v2\/product"}],"about":[{"href":"https:\/\/webknjizara.hr\/en\/wp-json\/wp\/v2\/types\/product"}],"replies":[{"embeddable":true,"href":"https:\/\/webknjizara.hr\/en\/wp-json\/wp\/v2\/comments?post=9292"}],"wp:featuredmedia":[{"embeddable":true,"href":"https:\/\/webknjizara.hr\/en\/wp-json\/wp\/v2\/media\/9293"}],"wp:attachment":[{"href":"https:\/\/webknjizara.hr\/en\/wp-json\/wp\/v2\/media?parent=9292"}],"wp:term":[{"taxonomy":"product_brand","embeddable":true,"href":"https:\/\/webknjizara.hr\/en\/wp-json\/wp\/v2\/product_brand?post=9292"},{"taxonomy":"product_cat","embeddable":true,"href":"https:\/\/webknjizara.hr\/en\/wp-json\/wp\/v2\/product_cat?post=9292"},{"taxonomy":"product_tag","embeddable":true,"href":"https:\/\/webknjizara.hr\/en\/wp-json\/wp\/v2\/product_tag?post=9292"}],"curies":[{"name":"wp","href":"https:\/\/api.w.org\/{rel}","templated":true}]}}