{"id":9288,"date":"2020-07-30T20:32:04","date_gmt":"2020-07-30T20:32:04","guid":{"rendered":"https:\/\/webknjizara.hr\/?product=medicinska-skrb-na-brodovima-trgovacke-i-ratne-mornarice-crno-bijela-rosanda-mulic"},"modified":"2023-02-27T00:18:11","modified_gmt":"2023-02-26T23:18:11","slug":"medicinska-skrb-na-brodovima-trgovacke-i-ratne-mornarice-crno-bijela-rosanda-mulic","status":"publish","type":"product","link":"https:\/\/webknjizara.hr\/en\/proizvod\/medicinska-skrb-na-brodovima-trgovacke-i-ratne-mornarice-crno-bijela-rosanda-mulic\/","title":{"rendered":"MEDICINSKA SKRB NA BRODOVIMA TRGOVA\u010cKE I RATNE MORNARICE (CRNO-BIJELA), Rosanda Muli\u0107"},"content":{"rendered":"<p><strong>Sa\u017eetak:<\/strong><\/p>\n<p>Neovisno o modernim brodskim tehnologijama, visokoj udobnosti i vrlo jednostavnim i u\u010dinkovitim brodskim komunikacijama i dalje ostaje problem pravodobnog, u\u010dinkovitog pru\u017eanja pomo\u0107i kod pojave akutnih bolesti i ozljeda koje ugro\u017eavaju \u017eivot. U knjizi su uz temelje anatomije i fiziologije \u010dovjeka, obra\u0111eni prepoznavanje \u017eurnih (urgentnih) stanja, zaraznih i naj\u010de\u0161\u0107ih ne zaraznih bolesti, mjere hitne pomo\u0107i, lije\u010dni\u010dka pomo\u0107 preko radija, bolesni\u010dka skrb, sadr\u017eaj brodske ljekarne, porod na brodu, me\u0111unarodno sanitarno zakonodavstvo i temelji brodske higijene. \u010cinjenica da samo \u0161kolovani i uvje\u017ebani pomorci mogu pru\u017eiti odgovaraju\u0107u prvu pomo\u0107, njegu i lije\u010denje te u\u010dinkovito komunicirati sa slu\u017ebom lije\u010dni\u010dkih savjeta preko telekomunikcija, bila je vodilja u pisanju ovog ud\u017ebenika. Ovaj ud\u017ebenik \u0107e zasigurno biti od velike pomo\u0107i svim budu\u0107im i sada\u0161njim brodskim \u010dasnicima na brodovima trgova\u010dke i ratne mornarice, isto tako i \u010dasnicima na putni\u010dkim brodovima na kojima nema lije\u010dnika odnosno svima koji su zadu\u017eeni za pru\u017eanje medicinske skrbi na brodu.<\/p>\n<p><strong>Bilje\u0161ka o autorici:<\/strong><\/p>\n<p>Ro\u0111ena je i \u017eivi u Splitu. Redovita je profesorica u trajnom zvanju na Medicinskom i Pomorskom fakultetu u Splitu.<\/p>\n<p>Medicinski fakultet zavr\u0161ila je u Sarajevu 1978. godine, specijalizaciju 1984., poslijediplomski studij u Zagrebu 1986., a usavr\u0161avala se kontinuirano tijekom cijelog radnog vijeka, u zemlji i inozemstvu. Objavila je vi\u0161e od stotinu stru\u010dnih i znanstvenih radova. Autorica je ili koautorica vi\u0161e ud\u017ebenika i knjiga. Predaje na Katedri za javno zdravstvo Medicinskog fakulteta u Splitu. Na Pomorskom fakultetu u Splitu predaje kolegije Prva pomo\u0107 i Medicina za pomorce. U nastavi sudjeluje od 1997. godine. Redovita je \u010dlanica Akademije medicinskih znanosti Hrvatske i vi\u0161e ostalih doma\u0107ih i me\u0111unarodnih udru\u017eenja. Dobitnica je nagrade Sveu\u010dili\u0161ta u Splitu za znanstveni doprinos i doprinos razvoju Sveu\u010dili\u0161ta (2015.). Odlikovana je Spomenicom domovinskog rata 1990.-1992., Spomenicom domovinske zahvalnosti (1999.) i Zahvalnicom Hrvatskog lije\u010dni\u010dkog zbora (1997.).<\/p>\n<p><strong>Klju\u010dne rije\u010di:<\/strong> Medicinska skrb, trgova\u010dka i ratna mornarica, pomorci, brodska higijena<\/p>\n<p><strong>E-mail: <a href=\"mailto:rosanda@pfst.hr\" target=\"_blank\" rel=\"noopener noreferrer\">Rosanda Muli\u0107<\/a><\/strong>\u00a0<\/p>\n<p>\u00a0<\/p>\n<p><strong>Naslov:<\/strong> Medicinska skrb na brodovima trgova\u010dke i ratne mornarice (crno-bijela)<br \/><strong>Autor:<\/strong> Rosanda Muli\u0107<br \/><strong>Broj stranica:<\/strong> 272<br \/><strong>Nakladnik:<\/strong> Pomorski fakultet u Splitu<br \/><strong>Godina izdanja:<\/strong> 2020 .<br \/><strong>ISBN:<\/strong> 978-953-6655-74-8<br \/><strong>Tisak:<\/strong> digitalni tisak knjiga &#8211; print na zahtjev<\/p>\n<p>\u00a0<\/p>\n<p><strong>Kako naru\u010diti knjigu?\u00a0<\/strong>Proces online kupovine jednako funkcionira za sve kupce, s jedinom razlikom u tome \u0161to \u0161to kupci iz inozemstva za podru\u010dje dostave moraju odabrati &#8220;Europa&#8221; ili &#8220;Ostale zemlje svijeta&#8221;, a za vrstu pla\u0107anja WSPay (kreditna kartica) ili Virmanom (bankovni transfer).<\/p>\n<p style=\"text-align: justify;\">Molimo kliknite ovdje za\u00a0<a href=\"hr\/kako-kupovati\">detaljni vodi\u010d kroz proces narud\u017ebe<\/a>\u00a0ili nas\u00a0<a href=\"hr\/kontakt\">kontaktirajte<\/a>\u00a0za vi\u0161e informacija.<\/p>\n","protected":false},"excerpt":{"rendered":"<p>Sa\u017eetak: Neovisno o modernim brodskim tehnologijama, visokoj udobnosti i vrlo jednostavnim i u\u010dinkovitim brodskim komunikacijama i dalje ostaje problem pravodobnog, u\u010dinkovitog pru\u017eanja pomo\u0107i kod pojave akutnih bolesti i ozljeda koje ugro\u017eavaju \u017eivot. U knjizi su uz temelje anatomije i fiziologije \u010dovjeka, obra\u0111eni prepoznavanje \u017eurnih (urgentnih) stanja, zaraznih i naj\u010de\u0161\u0107ih ne zaraznih bolesti, mjere hitne pomo\u0107i, [&hellip;]<\/p>\n","protected":false},"featured_media":9289,"comment_status":"open","ping_status":"closed","template":"","meta":{"_acf_changed":false},"product_brand":[],"product_cat":[1539],"product_tag":[],"class_list":{"0":"post-9288","1":"product","2":"type-product","3":"status-publish","4":"has-post-thumbnail","6":"product_cat-sveucilisni-udzbenici-i-prirucnici","7":"pa_autor-rosanda-mulic","8":"pa_nakladnik-pomorski-fakultet-u-splitu","10":"first","11":"instock","12":"shipping-taxable","13":"purchasable","14":"product-type-simple"},"acf":[],"yoast_head":"<!-- This site is optimized with the Yoast SEO plugin v27.3 - https:\/\/yoast.com\/product\/yoast-seo-wordpress\/ -->\n<title>MEDICINSKA SKRB NA BRODOVIMA TRGOVA\u010cKE I RATNE MORNARICE (CRNO-BIJELA), Rosanda Muli\u0107 - Web-knji\u017eara<\/title>\n<meta name=\"robots\" content=\"index, follow, max-snippet:-1, max-image-preview:large, max-video-preview:-1\" \/>\n<link rel=\"canonical\" href=\"https:\/\/webknjizara.hr\/proizvod\/medicinska-skrb-na-brodovima-trgovacke-i-ratne-mornarice-crno-bijela-rosanda-mulic\/\" \/>\n<meta property=\"og:locale\" content=\"en_US\" \/>\n<meta property=\"og:type\" content=\"article\" \/>\n<meta property=\"og:title\" content=\"MEDICINSKA SKRB NA BRODOVIMA TRGOVA\u010cKE I RATNE MORNARICE (CRNO-BIJELA), Rosanda Muli\u0107 - Web-knji\u017eara\" \/>\n<meta property=\"og:description\" content=\"Sa\u017eetak: Neovisno o modernim brodskim tehnologijama, visokoj udobnosti i vrlo jednostavnim i u\u010dinkovitim brodskim komunikacijama i dalje ostaje problem pravodobnog, u\u010dinkovitog pru\u017eanja pomo\u0107i kod pojave akutnih bolesti i ozljeda koje ugro\u017eavaju \u017eivot. U knjizi su uz temelje anatomije i fiziologije \u010dovjeka, obra\u0111eni prepoznavanje \u017eurnih (urgentnih) stanja, zaraznih i naj\u010de\u0161\u0107ih ne zaraznih bolesti, mjere hitne pomo\u0107i, [&hellip;]\" \/>\n<meta property=\"og:url\" content=\"https:\/\/webknjizara.hr\/proizvod\/medicinska-skrb-na-brodovima-trgovacke-i-ratne-mornarice-crno-bijela-rosanda-mulic\/\" \/>\n<meta property=\"og:site_name\" content=\"Web-knji\u017eara\" \/>\n<meta property=\"article:modified_time\" content=\"2023-02-26T23:18:11+00:00\" \/>\n<meta property=\"og:image\" content=\"https:\/\/webknjizara.hr\/wp-content\/uploads\/nc\/images\/virtuemart\/product\/naslovnica-Wk-13.jpg\" \/>\n\t<meta property=\"og:image:width\" content=\"300\" \/>\n\t<meta property=\"og:image:height\" content=\"419\" \/>\n\t<meta property=\"og:image:type\" content=\"image\/jpeg\" \/>\n<meta name=\"twitter:card\" content=\"summary_large_image\" \/>\n<meta name=\"twitter:label1\" content=\"Est. reading time\" \/>\n\t<meta name=\"twitter:data1\" content=\"2 minutes\" \/>\n<script type=\"application\/ld+json\" class=\"yoast-schema-graph\">{\"@context\":\"https:\\\/\\\/schema.org\",\"@graph\":[{\"@type\":\"WebPage\",\"@id\":\"https:\\\/\\\/webknjizara.hr\\\/proizvod\\\/medicinska-skrb-na-brodovima-trgovacke-i-ratne-mornarice-crno-bijela-rosanda-mulic\\\/\",\"url\":\"https:\\\/\\\/webknjizara.hr\\\/proizvod\\\/medicinska-skrb-na-brodovima-trgovacke-i-ratne-mornarice-crno-bijela-rosanda-mulic\\\/\",\"name\":\"MEDICINSKA SKRB NA BRODOVIMA TRGOVA\u010cKE I RATNE MORNARICE (CRNO-BIJELA), Rosanda Muli\u0107 - Web-knji\u017eara\",\"isPartOf\":{\"@id\":\"https:\\\/\\\/webknjizara.hr\\\/#website\"},\"primaryImageOfPage\":{\"@id\":\"https:\\\/\\\/webknjizara.hr\\\/proizvod\\\/medicinska-skrb-na-brodovima-trgovacke-i-ratne-mornarice-crno-bijela-rosanda-mulic\\\/#primaryimage\"},\"image\":{\"@id\":\"https:\\\/\\\/webknjizara.hr\\\/proizvod\\\/medicinska-skrb-na-brodovima-trgovacke-i-ratne-mornarice-crno-bijela-rosanda-mulic\\\/#primaryimage\"},\"thumbnailUrl\":\"https:\\\/\\\/webknjizara.hr\\\/wp-content\\\/uploads\\\/nc\\\/images\\\/virtuemart\\\/product\\\/naslovnica-Wk-13.jpg\",\"datePublished\":\"2020-07-30T20:32:04+00:00\",\"dateModified\":\"2023-02-26T23:18:11+00:00\",\"breadcrumb\":{\"@id\":\"https:\\\/\\\/webknjizara.hr\\\/proizvod\\\/medicinska-skrb-na-brodovima-trgovacke-i-ratne-mornarice-crno-bijela-rosanda-mulic\\\/#breadcrumb\"},\"inLanguage\":\"en-US\",\"potentialAction\":[{\"@type\":\"ReadAction\",\"target\":[\"https:\\\/\\\/webknjizara.hr\\\/proizvod\\\/medicinska-skrb-na-brodovima-trgovacke-i-ratne-mornarice-crno-bijela-rosanda-mulic\\\/\"]}]},{\"@type\":\"ImageObject\",\"inLanguage\":\"en-US\",\"@id\":\"https:\\\/\\\/webknjizara.hr\\\/proizvod\\\/medicinska-skrb-na-brodovima-trgovacke-i-ratne-mornarice-crno-bijela-rosanda-mulic\\\/#primaryimage\",\"url\":\"https:\\\/\\\/webknjizara.hr\\\/wp-content\\\/uploads\\\/nc\\\/images\\\/virtuemart\\\/product\\\/naslovnica-Wk-13.jpg\",\"contentUrl\":\"https:\\\/\\\/webknjizara.hr\\\/wp-content\\\/uploads\\\/nc\\\/images\\\/virtuemart\\\/product\\\/naslovnica-Wk-13.jpg\",\"width\":300,\"height\":419,\"caption\":\"MEDICINSKA SKRB NA BRODOVIMA TRGOVA\u010cKE I RATNE MORNARICE (CRNO-BIJELA), Rosanda Muli\u0107\"},{\"@type\":\"BreadcrumbList\",\"@id\":\"https:\\\/\\\/webknjizara.hr\\\/proizvod\\\/medicinska-skrb-na-brodovima-trgovacke-i-ratne-mornarice-crno-bijela-rosanda-mulic\\\/#breadcrumb\",\"itemListElement\":[{\"@type\":\"ListItem\",\"position\":1,\"name\":\"Po\u010detna stranica\",\"item\":\"https:\\\/\\\/webknjizara.hr\\\/en\\\/\"},{\"@type\":\"ListItem\",\"position\":2,\"name\":\"Shop\",\"item\":\"https:\\\/\\\/webknjizara.hr\\\/shop\\\/\"},{\"@type\":\"ListItem\",\"position\":3,\"name\":\"MEDICINSKA SKRB NA BRODOVIMA TRGOVA\u010cKE I RATNE MORNARICE (CRNO-BIJELA), Rosanda Muli\u0107\"}]},{\"@type\":\"WebSite\",\"@id\":\"https:\\\/\\\/webknjizara.hr\\\/#website\",\"url\":\"https:\\\/\\\/webknjizara.hr\\\/\",\"name\":\"Web Knji\u017eara\",\"description\":\"\",\"publisher\":{\"@id\":\"https:\\\/\\\/webknjizara.hr\\\/#organization\"},\"potentialAction\":[{\"@type\":\"SearchAction\",\"target\":{\"@type\":\"EntryPoint\",\"urlTemplate\":\"https:\\\/\\\/webknjizara.hr\\\/?s={search_term_string}\"},\"query-input\":{\"@type\":\"PropertyValueSpecification\",\"valueRequired\":true,\"valueName\":\"search_term_string\"}}],\"inLanguage\":\"en-US\"},{\"@type\":\"Organization\",\"@id\":\"https:\\\/\\\/webknjizara.hr\\\/#organization\",\"name\":\"REDAK D.O.O.\",\"url\":\"https:\\\/\\\/webknjizara.hr\\\/\",\"logo\":{\"@type\":\"ImageObject\",\"inLanguage\":\"en-US\",\"@id\":\"https:\\\/\\\/webknjizara.hr\\\/#\\\/schema\\\/logo\\\/image\\\/\",\"url\":\"https:\\\/\\\/webknjizara.hr\\\/wp-content\\\/uploads\\\/2023\\\/01\\\/web-knjizara-logo.webp\",\"contentUrl\":\"https:\\\/\\\/webknjizara.hr\\\/wp-content\\\/uploads\\\/2023\\\/01\\\/web-knjizara-logo.webp\",\"width\":324,\"height\":79,\"caption\":\"REDAK D.O.O.\"},\"image\":{\"@id\":\"https:\\\/\\\/webknjizara.hr\\\/#\\\/schema\\\/logo\\\/image\\\/\"}}]}<\/script>\n<!-- \/ Yoast SEO plugin. -->","yoast_head_json":{"title":"MEDICINSKA SKRB NA BRODOVIMA TRGOVA\u010cKE I RATNE MORNARICE (CRNO-BIJELA), Rosanda Muli\u0107 - Web-knji\u017eara","robots":{"index":"index","follow":"follow","max-snippet":"max-snippet:-1","max-image-preview":"max-image-preview:large","max-video-preview":"max-video-preview:-1"},"canonical":"https:\/\/webknjizara.hr\/proizvod\/medicinska-skrb-na-brodovima-trgovacke-i-ratne-mornarice-crno-bijela-rosanda-mulic\/","og_locale":"en_US","og_type":"article","og_title":"MEDICINSKA SKRB NA BRODOVIMA TRGOVA\u010cKE I RATNE MORNARICE (CRNO-BIJELA), Rosanda Muli\u0107 - Web-knji\u017eara","og_description":"Sa\u017eetak: Neovisno o modernim brodskim tehnologijama, visokoj udobnosti i vrlo jednostavnim i u\u010dinkovitim brodskim komunikacijama i dalje ostaje problem pravodobnog, u\u010dinkovitog pru\u017eanja pomo\u0107i kod pojave akutnih bolesti i ozljeda koje ugro\u017eavaju \u017eivot. U knjizi su uz temelje anatomije i fiziologije \u010dovjeka, obra\u0111eni prepoznavanje \u017eurnih (urgentnih) stanja, zaraznih i naj\u010de\u0161\u0107ih ne zaraznih bolesti, mjere hitne pomo\u0107i, [&hellip;]","og_url":"https:\/\/webknjizara.hr\/proizvod\/medicinska-skrb-na-brodovima-trgovacke-i-ratne-mornarice-crno-bijela-rosanda-mulic\/","og_site_name":"Web-knji\u017eara","article_modified_time":"2023-02-26T23:18:11+00:00","og_image":[{"width":300,"height":419,"url":"https:\/\/webknjizara.hr\/wp-content\/uploads\/nc\/images\/virtuemart\/product\/naslovnica-Wk-13.jpg","type":"image\/jpeg"}],"twitter_card":"summary_large_image","twitter_misc":{"Est. reading time":"2 minutes"},"schema":{"@context":"https:\/\/schema.org","@graph":[{"@type":"WebPage","@id":"https:\/\/webknjizara.hr\/proizvod\/medicinska-skrb-na-brodovima-trgovacke-i-ratne-mornarice-crno-bijela-rosanda-mulic\/","url":"https:\/\/webknjizara.hr\/proizvod\/medicinska-skrb-na-brodovima-trgovacke-i-ratne-mornarice-crno-bijela-rosanda-mulic\/","name":"MEDICINSKA SKRB NA BRODOVIMA TRGOVA\u010cKE I RATNE MORNARICE (CRNO-BIJELA), Rosanda Muli\u0107 - Web-knji\u017eara","isPartOf":{"@id":"https:\/\/webknjizara.hr\/#website"},"primaryImageOfPage":{"@id":"https:\/\/webknjizara.hr\/proizvod\/medicinska-skrb-na-brodovima-trgovacke-i-ratne-mornarice-crno-bijela-rosanda-mulic\/#primaryimage"},"image":{"@id":"https:\/\/webknjizara.hr\/proizvod\/medicinska-skrb-na-brodovima-trgovacke-i-ratne-mornarice-crno-bijela-rosanda-mulic\/#primaryimage"},"thumbnailUrl":"https:\/\/webknjizara.hr\/wp-content\/uploads\/nc\/images\/virtuemart\/product\/naslovnica-Wk-13.jpg","datePublished":"2020-07-30T20:32:04+00:00","dateModified":"2023-02-26T23:18:11+00:00","breadcrumb":{"@id":"https:\/\/webknjizara.hr\/proizvod\/medicinska-skrb-na-brodovima-trgovacke-i-ratne-mornarice-crno-bijela-rosanda-mulic\/#breadcrumb"},"inLanguage":"en-US","potentialAction":[{"@type":"ReadAction","target":["https:\/\/webknjizara.hr\/proizvod\/medicinska-skrb-na-brodovima-trgovacke-i-ratne-mornarice-crno-bijela-rosanda-mulic\/"]}]},{"@type":"ImageObject","inLanguage":"en-US","@id":"https:\/\/webknjizara.hr\/proizvod\/medicinska-skrb-na-brodovima-trgovacke-i-ratne-mornarice-crno-bijela-rosanda-mulic\/#primaryimage","url":"https:\/\/webknjizara.hr\/wp-content\/uploads\/nc\/images\/virtuemart\/product\/naslovnica-Wk-13.jpg","contentUrl":"https:\/\/webknjizara.hr\/wp-content\/uploads\/nc\/images\/virtuemart\/product\/naslovnica-Wk-13.jpg","width":300,"height":419,"caption":"MEDICINSKA SKRB NA BRODOVIMA TRGOVA\u010cKE I RATNE MORNARICE (CRNO-BIJELA), Rosanda Muli\u0107"},{"@type":"BreadcrumbList","@id":"https:\/\/webknjizara.hr\/proizvod\/medicinska-skrb-na-brodovima-trgovacke-i-ratne-mornarice-crno-bijela-rosanda-mulic\/#breadcrumb","itemListElement":[{"@type":"ListItem","position":1,"name":"Po\u010detna stranica","item":"https:\/\/webknjizara.hr\/en\/"},{"@type":"ListItem","position":2,"name":"Shop","item":"https:\/\/webknjizara.hr\/shop\/"},{"@type":"ListItem","position":3,"name":"MEDICINSKA SKRB NA BRODOVIMA TRGOVA\u010cKE I RATNE MORNARICE (CRNO-BIJELA), Rosanda Muli\u0107"}]},{"@type":"WebSite","@id":"https:\/\/webknjizara.hr\/#website","url":"https:\/\/webknjizara.hr\/","name":"Web Knji\u017eara","description":"","publisher":{"@id":"https:\/\/webknjizara.hr\/#organization"},"potentialAction":[{"@type":"SearchAction","target":{"@type":"EntryPoint","urlTemplate":"https:\/\/webknjizara.hr\/?s={search_term_string}"},"query-input":{"@type":"PropertyValueSpecification","valueRequired":true,"valueName":"search_term_string"}}],"inLanguage":"en-US"},{"@type":"Organization","@id":"https:\/\/webknjizara.hr\/#organization","name":"REDAK D.O.O.","url":"https:\/\/webknjizara.hr\/","logo":{"@type":"ImageObject","inLanguage":"en-US","@id":"https:\/\/webknjizara.hr\/#\/schema\/logo\/image\/","url":"https:\/\/webknjizara.hr\/wp-content\/uploads\/2023\/01\/web-knjizara-logo.webp","contentUrl":"https:\/\/webknjizara.hr\/wp-content\/uploads\/2023\/01\/web-knjizara-logo.webp","width":324,"height":79,"caption":"REDAK D.O.O."},"image":{"@id":"https:\/\/webknjizara.hr\/#\/schema\/logo\/image\/"}}]}},"_links":{"self":[{"href":"https:\/\/webknjizara.hr\/en\/wp-json\/wp\/v2\/product\/9288","targetHints":{"allow":["GET"]}}],"collection":[{"href":"https:\/\/webknjizara.hr\/en\/wp-json\/wp\/v2\/product"}],"about":[{"href":"https:\/\/webknjizara.hr\/en\/wp-json\/wp\/v2\/types\/product"}],"replies":[{"embeddable":true,"href":"https:\/\/webknjizara.hr\/en\/wp-json\/wp\/v2\/comments?post=9288"}],"wp:featuredmedia":[{"embeddable":true,"href":"https:\/\/webknjizara.hr\/en\/wp-json\/wp\/v2\/media\/9289"}],"wp:attachment":[{"href":"https:\/\/webknjizara.hr\/en\/wp-json\/wp\/v2\/media?parent=9288"}],"wp:term":[{"taxonomy":"product_brand","embeddable":true,"href":"https:\/\/webknjizara.hr\/en\/wp-json\/wp\/v2\/product_brand?post=9288"},{"taxonomy":"product_cat","embeddable":true,"href":"https:\/\/webknjizara.hr\/en\/wp-json\/wp\/v2\/product_cat?post=9288"},{"taxonomy":"product_tag","embeddable":true,"href":"https:\/\/webknjizara.hr\/en\/wp-json\/wp\/v2\/product_tag?post=9288"}],"curies":[{"name":"wp","href":"https:\/\/api.w.org\/{rel}","templated":true}]}}