{"id":9282,"date":"2020-07-17T11:46:43","date_gmt":"2020-07-17T11:46:43","guid":{"rendered":"https:\/\/webknjizara.hr\/?product=nadljudska-znanost-o-raku-hicham-el-zein"},"modified":"2023-02-27T00:18:11","modified_gmt":"2023-02-26T23:18:11","slug":"nadljudska-znanost-o-raku-hicham-el-zein","status":"publish","type":"product","link":"https:\/\/webknjizara.hr\/en\/proizvod\/nadljudska-znanost-o-raku-hicham-el-zein\/","title":{"rendered":"NADLJUDSKA ZNANOST O RAKU, Hicham El-Zein"},"content":{"rendered":"<p><strong>Sa\u017eetak:<\/strong><\/p>\n<p>Dr. Med. Specijalist fizijatar<\/p>\n<p><strong>Bilje\u0161ka o autoru\/autorici:<\/strong><\/p>\n<p><strong>Klju\u010dne rije\u010di:<\/strong> U metafizi\u010dkom labirintu hipoteza raka IV. stadija<br \/>&#8211; Rak IV. stadij, perspektivnost me\u0111u rukama<br \/>&#8211; La\u017ena funkcionalna kongestija kod raka IV. stadija<br \/>&#8211; Metafizi\u010dki aspekt raka IV. stadija<br \/>&#8211; Hipoteza o samoizlje\u010denju raka IV. stadija<br \/>&#8211; Du\u0161a raka IV. stadija<br \/>&#8211; Drugo lice raka<br \/>&#8211; IV. stadij raka, izme\u0111u ezoterije i znanosti<br \/>&#8211; Izlaz iz metafizi\u010dkog labirinta raka IV. stadija<\/p>\n<p><strong>E-mail:<\/strong>\u00a0<a href=\"mailto:Ofmir.hr@gmail.com\" target=\"_blank\" rel=\"noopener noreferrer\">Kontakt<\/a><\/p>\n<p>\u00a0<\/p>\n<p><strong>Naslov:<\/strong> NADLJUDSKA ZNANOST O RAKU<br \/><strong>Autor:<\/strong> Hicham El-Zein<br \/><strong>Broj stranica:<\/strong> 288<br \/><strong>Nakladnik:<\/strong> Vlastita naklada<br \/><strong>Godina izdanja:<\/strong> 2020 .<br \/><strong>ISBN:<\/strong> 978-953-48909-0-5<br \/><strong>Tisak:<\/strong> digitalni tisak knjiga &#8211; print na zahtjev<\/p>\n<p>\u00a0<\/p>\n<p><strong>Kako naru\u010diti knjigu?\u00a0<\/strong>Proces online kupovine jednako funkcionira za sve kupce, s jedinom razlikom u tome \u0161to \u0161to kupci iz inozemstva za podru\u010dje dostave moraju odabrati &#8220;Europa&#8221; ili &#8220;Ostale zemlje svijeta&#8221;, a za vrstu pla\u0107anja WSPay (kreditna kartica) ili Virmanom (bankovni transfer).<\/p>\n<p style=\"text-align: justify;\">Molimo kliknite ovdje za\u00a0<a href=\"hr\/kako-kupovati\">detaljni vodi\u010d kroz proces narud\u017ebe<\/a>\u00a0ili nas\u00a0<a href=\"hr\/kontakt\">kontaktirajte<\/a>\u00a0za vi\u0161e informacija.<\/p>\n","protected":false},"excerpt":{"rendered":"<p>Sa\u017eetak: Dr. Med. Specijalist fizijatar Bilje\u0161ka o autoru\/autorici: Klju\u010dne rije\u010di: U metafizi\u010dkom labirintu hipoteza raka IV. stadija&#8211; Rak IV. stadij, perspektivnost me\u0111u rukama&#8211; La\u017ena funkcionalna kongestija kod raka IV. stadija&#8211; Metafizi\u010dki aspekt raka IV. stadija&#8211; Hipoteza o samoizlje\u010denju raka IV. stadija&#8211; Du\u0161a raka IV. stadija&#8211; Drugo lice raka&#8211; IV. stadij raka, izme\u0111u ezoterije i znanosti&#8211; [&hellip;]<\/p>\n","protected":false},"featured_media":9283,"comment_status":"open","ping_status":"closed","template":"","meta":{"_acf_changed":false},"product_brand":[],"product_cat":[1517],"product_tag":[],"class_list":{"0":"post-9282","1":"product","2":"type-product","3":"status-publish","4":"has-post-thumbnail","6":"product_cat-strucna-literatura","7":"pa_autor-hicham-el-zein","8":"pa_nakladnik-vlastita-naklada","10":"first","11":"instock","12":"shipping-taxable","13":"purchasable","14":"product-type-simple"},"acf":[],"yoast_head":"<!-- This site is optimized with the Yoast SEO plugin v27.3 - https:\/\/yoast.com\/product\/yoast-seo-wordpress\/ -->\n<title>NADLJUDSKA ZNANOST O RAKU, Hicham El-Zein - Web-knji\u017eara<\/title>\n<meta name=\"robots\" content=\"index, follow, max-snippet:-1, max-image-preview:large, max-video-preview:-1\" \/>\n<link rel=\"canonical\" href=\"https:\/\/webknjizara.hr\/proizvod\/nadljudska-znanost-o-raku-hicham-el-zein\/\" \/>\n<meta property=\"og:locale\" content=\"en_US\" \/>\n<meta property=\"og:type\" content=\"article\" \/>\n<meta property=\"og:title\" content=\"NADLJUDSKA ZNANOST O RAKU, Hicham El-Zein - Web-knji\u017eara\" \/>\n<meta property=\"og:description\" content=\"Sa\u017eetak: Dr. Med. Specijalist fizijatar Bilje\u0161ka o autoru\/autorici: Klju\u010dne rije\u010di: U metafizi\u010dkom labirintu hipoteza raka IV. stadija&#8211; Rak IV. stadij, perspektivnost me\u0111u rukama&#8211; La\u017ena funkcionalna kongestija kod raka IV. stadija&#8211; Metafizi\u010dki aspekt raka IV. stadija&#8211; Hipoteza o samoizlje\u010denju raka IV. stadija&#8211; Du\u0161a raka IV. stadija&#8211; Drugo lice raka&#8211; IV. stadij raka, izme\u0111u ezoterije i znanosti&#8211; [&hellip;]\" \/>\n<meta property=\"og:url\" content=\"https:\/\/webknjizara.hr\/proizvod\/nadljudska-znanost-o-raku-hicham-el-zein\/\" \/>\n<meta property=\"og:site_name\" content=\"Web-knji\u017eara\" \/>\n<meta property=\"article:modified_time\" content=\"2023-02-26T23:18:11+00:00\" \/>\n<meta property=\"og:image\" content=\"https:\/\/webknjizara.hr\/wp-content\/uploads\/nc\/images\/virtuemart\/product\/Hicham_El-Zein_NADLJUDSKA_ZNANOST_O_RAKU_WEB.jpg\" \/>\n\t<meta property=\"og:image:width\" content=\"300\" \/>\n\t<meta property=\"og:image:height\" content=\"419\" \/>\n\t<meta property=\"og:image:type\" content=\"image\/jpeg\" \/>\n<meta name=\"twitter:card\" content=\"summary_large_image\" \/>\n<meta name=\"twitter:label1\" content=\"Est. reading time\" \/>\n\t<meta name=\"twitter:data1\" content=\"1 minute\" \/>\n<script type=\"application\/ld+json\" class=\"yoast-schema-graph\">{\"@context\":\"https:\\\/\\\/schema.org\",\"@graph\":[{\"@type\":\"WebPage\",\"@id\":\"https:\\\/\\\/webknjizara.hr\\\/proizvod\\\/nadljudska-znanost-o-raku-hicham-el-zein\\\/\",\"url\":\"https:\\\/\\\/webknjizara.hr\\\/proizvod\\\/nadljudska-znanost-o-raku-hicham-el-zein\\\/\",\"name\":\"NADLJUDSKA ZNANOST O RAKU, Hicham El-Zein - Web-knji\u017eara\",\"isPartOf\":{\"@id\":\"https:\\\/\\\/webknjizara.hr\\\/#website\"},\"primaryImageOfPage\":{\"@id\":\"https:\\\/\\\/webknjizara.hr\\\/proizvod\\\/nadljudska-znanost-o-raku-hicham-el-zein\\\/#primaryimage\"},\"image\":{\"@id\":\"https:\\\/\\\/webknjizara.hr\\\/proizvod\\\/nadljudska-znanost-o-raku-hicham-el-zein\\\/#primaryimage\"},\"thumbnailUrl\":\"https:\\\/\\\/webknjizara.hr\\\/wp-content\\\/uploads\\\/nc\\\/images\\\/virtuemart\\\/product\\\/Hicham_El-Zein_NADLJUDSKA_ZNANOST_O_RAKU_WEB.jpg\",\"datePublished\":\"2020-07-17T11:46:43+00:00\",\"dateModified\":\"2023-02-26T23:18:11+00:00\",\"breadcrumb\":{\"@id\":\"https:\\\/\\\/webknjizara.hr\\\/proizvod\\\/nadljudska-znanost-o-raku-hicham-el-zein\\\/#breadcrumb\"},\"inLanguage\":\"en-US\",\"potentialAction\":[{\"@type\":\"ReadAction\",\"target\":[\"https:\\\/\\\/webknjizara.hr\\\/proizvod\\\/nadljudska-znanost-o-raku-hicham-el-zein\\\/\"]}]},{\"@type\":\"ImageObject\",\"inLanguage\":\"en-US\",\"@id\":\"https:\\\/\\\/webknjizara.hr\\\/proizvod\\\/nadljudska-znanost-o-raku-hicham-el-zein\\\/#primaryimage\",\"url\":\"https:\\\/\\\/webknjizara.hr\\\/wp-content\\\/uploads\\\/nc\\\/images\\\/virtuemart\\\/product\\\/Hicham_El-Zein_NADLJUDSKA_ZNANOST_O_RAKU_WEB.jpg\",\"contentUrl\":\"https:\\\/\\\/webknjizara.hr\\\/wp-content\\\/uploads\\\/nc\\\/images\\\/virtuemart\\\/product\\\/Hicham_El-Zein_NADLJUDSKA_ZNANOST_O_RAKU_WEB.jpg\",\"width\":300,\"height\":419,\"caption\":\"NADLJUDSKA ZNANOST O RAKU, Hicham El-Zein\"},{\"@type\":\"BreadcrumbList\",\"@id\":\"https:\\\/\\\/webknjizara.hr\\\/proizvod\\\/nadljudska-znanost-o-raku-hicham-el-zein\\\/#breadcrumb\",\"itemListElement\":[{\"@type\":\"ListItem\",\"position\":1,\"name\":\"Po\u010detna stranica\",\"item\":\"https:\\\/\\\/webknjizara.hr\\\/en\\\/\"},{\"@type\":\"ListItem\",\"position\":2,\"name\":\"Shop\",\"item\":\"https:\\\/\\\/webknjizara.hr\\\/shop\\\/\"},{\"@type\":\"ListItem\",\"position\":3,\"name\":\"NADLJUDSKA ZNANOST O RAKU, Hicham El-Zein\"}]},{\"@type\":\"WebSite\",\"@id\":\"https:\\\/\\\/webknjizara.hr\\\/#website\",\"url\":\"https:\\\/\\\/webknjizara.hr\\\/\",\"name\":\"Web Knji\u017eara\",\"description\":\"\",\"publisher\":{\"@id\":\"https:\\\/\\\/webknjizara.hr\\\/#organization\"},\"potentialAction\":[{\"@type\":\"SearchAction\",\"target\":{\"@type\":\"EntryPoint\",\"urlTemplate\":\"https:\\\/\\\/webknjizara.hr\\\/?s={search_term_string}\"},\"query-input\":{\"@type\":\"PropertyValueSpecification\",\"valueRequired\":true,\"valueName\":\"search_term_string\"}}],\"inLanguage\":\"en-US\"},{\"@type\":\"Organization\",\"@id\":\"https:\\\/\\\/webknjizara.hr\\\/#organization\",\"name\":\"REDAK D.O.O.\",\"url\":\"https:\\\/\\\/webknjizara.hr\\\/\",\"logo\":{\"@type\":\"ImageObject\",\"inLanguage\":\"en-US\",\"@id\":\"https:\\\/\\\/webknjizara.hr\\\/#\\\/schema\\\/logo\\\/image\\\/\",\"url\":\"https:\\\/\\\/webknjizara.hr\\\/wp-content\\\/uploads\\\/2023\\\/01\\\/web-knjizara-logo.webp\",\"contentUrl\":\"https:\\\/\\\/webknjizara.hr\\\/wp-content\\\/uploads\\\/2023\\\/01\\\/web-knjizara-logo.webp\",\"width\":324,\"height\":79,\"caption\":\"REDAK D.O.O.\"},\"image\":{\"@id\":\"https:\\\/\\\/webknjizara.hr\\\/#\\\/schema\\\/logo\\\/image\\\/\"}}]}<\/script>\n<!-- \/ Yoast SEO plugin. -->","yoast_head_json":{"title":"NADLJUDSKA ZNANOST O RAKU, Hicham El-Zein - Web-knji\u017eara","robots":{"index":"index","follow":"follow","max-snippet":"max-snippet:-1","max-image-preview":"max-image-preview:large","max-video-preview":"max-video-preview:-1"},"canonical":"https:\/\/webknjizara.hr\/proizvod\/nadljudska-znanost-o-raku-hicham-el-zein\/","og_locale":"en_US","og_type":"article","og_title":"NADLJUDSKA ZNANOST O RAKU, Hicham El-Zein - Web-knji\u017eara","og_description":"Sa\u017eetak: Dr. Med. Specijalist fizijatar Bilje\u0161ka o autoru\/autorici: Klju\u010dne rije\u010di: U metafizi\u010dkom labirintu hipoteza raka IV. stadija&#8211; Rak IV. stadij, perspektivnost me\u0111u rukama&#8211; La\u017ena funkcionalna kongestija kod raka IV. stadija&#8211; Metafizi\u010dki aspekt raka IV. stadija&#8211; Hipoteza o samoizlje\u010denju raka IV. stadija&#8211; Du\u0161a raka IV. stadija&#8211; Drugo lice raka&#8211; IV. stadij raka, izme\u0111u ezoterije i znanosti&#8211; [&hellip;]","og_url":"https:\/\/webknjizara.hr\/proizvod\/nadljudska-znanost-o-raku-hicham-el-zein\/","og_site_name":"Web-knji\u017eara","article_modified_time":"2023-02-26T23:18:11+00:00","og_image":[{"width":300,"height":419,"url":"https:\/\/webknjizara.hr\/wp-content\/uploads\/nc\/images\/virtuemart\/product\/Hicham_El-Zein_NADLJUDSKA_ZNANOST_O_RAKU_WEB.jpg","type":"image\/jpeg"}],"twitter_card":"summary_large_image","twitter_misc":{"Est. reading time":"1 minute"},"schema":{"@context":"https:\/\/schema.org","@graph":[{"@type":"WebPage","@id":"https:\/\/webknjizara.hr\/proizvod\/nadljudska-znanost-o-raku-hicham-el-zein\/","url":"https:\/\/webknjizara.hr\/proizvod\/nadljudska-znanost-o-raku-hicham-el-zein\/","name":"NADLJUDSKA ZNANOST O RAKU, Hicham El-Zein - Web-knji\u017eara","isPartOf":{"@id":"https:\/\/webknjizara.hr\/#website"},"primaryImageOfPage":{"@id":"https:\/\/webknjizara.hr\/proizvod\/nadljudska-znanost-o-raku-hicham-el-zein\/#primaryimage"},"image":{"@id":"https:\/\/webknjizara.hr\/proizvod\/nadljudska-znanost-o-raku-hicham-el-zein\/#primaryimage"},"thumbnailUrl":"https:\/\/webknjizara.hr\/wp-content\/uploads\/nc\/images\/virtuemart\/product\/Hicham_El-Zein_NADLJUDSKA_ZNANOST_O_RAKU_WEB.jpg","datePublished":"2020-07-17T11:46:43+00:00","dateModified":"2023-02-26T23:18:11+00:00","breadcrumb":{"@id":"https:\/\/webknjizara.hr\/proizvod\/nadljudska-znanost-o-raku-hicham-el-zein\/#breadcrumb"},"inLanguage":"en-US","potentialAction":[{"@type":"ReadAction","target":["https:\/\/webknjizara.hr\/proizvod\/nadljudska-znanost-o-raku-hicham-el-zein\/"]}]},{"@type":"ImageObject","inLanguage":"en-US","@id":"https:\/\/webknjizara.hr\/proizvod\/nadljudska-znanost-o-raku-hicham-el-zein\/#primaryimage","url":"https:\/\/webknjizara.hr\/wp-content\/uploads\/nc\/images\/virtuemart\/product\/Hicham_El-Zein_NADLJUDSKA_ZNANOST_O_RAKU_WEB.jpg","contentUrl":"https:\/\/webknjizara.hr\/wp-content\/uploads\/nc\/images\/virtuemart\/product\/Hicham_El-Zein_NADLJUDSKA_ZNANOST_O_RAKU_WEB.jpg","width":300,"height":419,"caption":"NADLJUDSKA ZNANOST O RAKU, Hicham El-Zein"},{"@type":"BreadcrumbList","@id":"https:\/\/webknjizara.hr\/proizvod\/nadljudska-znanost-o-raku-hicham-el-zein\/#breadcrumb","itemListElement":[{"@type":"ListItem","position":1,"name":"Po\u010detna stranica","item":"https:\/\/webknjizara.hr\/en\/"},{"@type":"ListItem","position":2,"name":"Shop","item":"https:\/\/webknjizara.hr\/shop\/"},{"@type":"ListItem","position":3,"name":"NADLJUDSKA ZNANOST O RAKU, Hicham El-Zein"}]},{"@type":"WebSite","@id":"https:\/\/webknjizara.hr\/#website","url":"https:\/\/webknjizara.hr\/","name":"Web Knji\u017eara","description":"","publisher":{"@id":"https:\/\/webknjizara.hr\/#organization"},"potentialAction":[{"@type":"SearchAction","target":{"@type":"EntryPoint","urlTemplate":"https:\/\/webknjizara.hr\/?s={search_term_string}"},"query-input":{"@type":"PropertyValueSpecification","valueRequired":true,"valueName":"search_term_string"}}],"inLanguage":"en-US"},{"@type":"Organization","@id":"https:\/\/webknjizara.hr\/#organization","name":"REDAK D.O.O.","url":"https:\/\/webknjizara.hr\/","logo":{"@type":"ImageObject","inLanguage":"en-US","@id":"https:\/\/webknjizara.hr\/#\/schema\/logo\/image\/","url":"https:\/\/webknjizara.hr\/wp-content\/uploads\/2023\/01\/web-knjizara-logo.webp","contentUrl":"https:\/\/webknjizara.hr\/wp-content\/uploads\/2023\/01\/web-knjizara-logo.webp","width":324,"height":79,"caption":"REDAK D.O.O."},"image":{"@id":"https:\/\/webknjizara.hr\/#\/schema\/logo\/image\/"}}]}},"_links":{"self":[{"href":"https:\/\/webknjizara.hr\/en\/wp-json\/wp\/v2\/product\/9282","targetHints":{"allow":["GET"]}}],"collection":[{"href":"https:\/\/webknjizara.hr\/en\/wp-json\/wp\/v2\/product"}],"about":[{"href":"https:\/\/webknjizara.hr\/en\/wp-json\/wp\/v2\/types\/product"}],"replies":[{"embeddable":true,"href":"https:\/\/webknjizara.hr\/en\/wp-json\/wp\/v2\/comments?post=9282"}],"wp:featuredmedia":[{"embeddable":true,"href":"https:\/\/webknjizara.hr\/en\/wp-json\/wp\/v2\/media\/9283"}],"wp:attachment":[{"href":"https:\/\/webknjizara.hr\/en\/wp-json\/wp\/v2\/media?parent=9282"}],"wp:term":[{"taxonomy":"product_brand","embeddable":true,"href":"https:\/\/webknjizara.hr\/en\/wp-json\/wp\/v2\/product_brand?post=9282"},{"taxonomy":"product_cat","embeddable":true,"href":"https:\/\/webknjizara.hr\/en\/wp-json\/wp\/v2\/product_cat?post=9282"},{"taxonomy":"product_tag","embeddable":true,"href":"https:\/\/webknjizara.hr\/en\/wp-json\/wp\/v2\/product_tag?post=9282"}],"curies":[{"name":"wp","href":"https:\/\/api.w.org\/{rel}","templated":true}]}}