{"id":9278,"date":"2020-07-14T14:00:37","date_gmt":"2020-07-14T14:00:37","guid":{"rendered":"https:\/\/webknjizara.hr\/?product=price-skrivene-u-zrncu-pijeska-grupa-autora"},"modified":"2023-02-27T00:18:10","modified_gmt":"2023-02-26T23:18:10","slug":"price-skrivene-u-zrncu-pijeska-grupa-autora","status":"publish","type":"product","link":"https:\/\/webknjizara.hr\/en\/proizvod\/price-skrivene-u-zrncu-pijeska-grupa-autora\/","title":{"rendered":"PRI\u010cE SKRIVENE U ZRNCU PIJESKA, Grupa autora"},"content":{"rendered":"<p><strong>Sa\u017eetak:<\/strong><\/p>\n<p>Inna Moore, napisala je nekoliko rije\u010di o knjizi:<\/p>\n<p>Bilo da ste spava\u010d s neobi\u010dnim snovima, putnik usred babljeg ljeta ili pak mladi \u010dovjek sa starom du\u0161om, u ovim pri\u010dama na\u0107i \u0107ete ne\u0161to svoje, ne\u0161to \u0161to \u0107e va\u0161 dirnuti kao \u0161to i ono jedno malo zrno pijeska dra\u017ei ko\u017eu stopala pa ste svjesni njegova postojanja.<\/p>\n<p>Istinskim bojama uljep\u0161at \u0107e va\u0161e emocije i potaknuti va\u0161e misli da uplove u neke<br \/>nepoznate dubine.<\/p>\n<p>Unutar korica ove knjige na\u0107i \u0107ete najbolnije ili pak najsretnije isje\u010dke tu\u0111ih \u017eivota, hrabrih autora koji su svoje misli podijelili sa svijetom. Misaono, poticajno i ogoljeno do sr\u017ei.<\/p>\n<p>Najtoplije preporuke.<\/p>\n<p><strong>Bilje\u0161ka o autorima:<\/strong><\/p>\n<p>Pri\u010de su nastale u razdoblju od 10.1.2020. do 31.3.2020. godine, a autori su \u010dlanovi Facebook grupe Pisci i Knji\u017eevnost i Facebook stranice Pisci i Knji\u017eevnost.<\/p>\n<p>Tvorci ovih pri\u010da pi\u0161u nam iz Hrvatske, Bosne i Hercegovine, Srbije, Crne Gore, \u0160vedske, Australije i Francuske.<\/p>\n<p>Anka Bosanac, Anica Ivi\u0107, Ajla Kendi\u0107, Ajla Renda, Biserka Pir\u0161lin, Bepina Pin\u010di\u0107, Danijela Bonacin, Dilara Duki\u0107, Denise Kondi\u0107 Ba\u0161i\u0107, Dragana Latinovi\u0107, Danilo Todorovi\u0107, D\u017eenita Suljkanovi\u0107, Emir Tucakovi\u0107, Ela Vla\u0161i\u0107, Erika \u017dili\u0107 Vinceti\u0107, Gabrijel Bari\u0161i\u0107, Hana \u0160ari\u0107, Iva Miljak, Ivanka Simonovi\u0107, Jelena Jeka Ko\u010dovi\u0107, Jelena Zlatar Gambero\u017ei\u0107, Kruno \u0160afrani\u0107, Ljiljana Mari\u0107, Milica Maksi\u0107, Marija Stojiljkovi\u0107 Marstoj, Marica \u017daneti\u0107 Malenica, Nina Bovan, Nela Bari\u010devi\u0107, Nadija Hozanovi\u0107, Nada Ivan\u010dev Kun\u010di\u0107, Nevenka Lang, Nata\u0161a Novakovi\u0107, Nina Savi\u0107, Ognjenka Kalajd\u017ei\u0107, Petra Valkovi\u0107, Romana Duvnjak, Sanja Brnobi\u0107, Stjepan Crni\u0107, Slavica Juhas, Sajra Kustura, Sanja Trnini\u0107, Tea Kozi\u0107, Vesna Grgi\u0107, Vesna Hope, Vesna Jakovina Matosevi\u0107, Valentina Pir\u0161lin, Vesna Vilova\u010dki, \u017deljana Andrijani\u0107<\/p>\n<p>Ilustracija naslovnice: Megi Horak Orli\u0107<\/p>\n<p><strong>Klju\u010dne rije\u010di:<\/strong> Pisci i Knji\u017eevnost, PiK kutak, pri\u010de, skrivene, u zrncu pijeska, zbirka<\/p>\n<p><strong>Link:<\/strong> Pisci i Knji\u017eevnost<br \/><a href=\"https:\/\/www.facebook.com\/groups\/245484055481932\/\" target=\"_blank\" rel=\"noopener noreferrer\">https:\/\/www.facebook.com\/groups\/245484055481932\/<\/a><\/p>\n<p>PiK kutak &#8211; knji\u017eevnost koja se \u010dita i pamti<br \/><a href=\"https:\/\/www.facebook.com\/groups\/1827073877599047\/\" target=\"_blank\" rel=\"noopener noreferrer\">https:\/\/www.facebook.com\/groups\/1827073877599047\/<\/a><\/p>\n<p>Pisci i Knji\u017eevnost &#8211; Writers and Literature<br \/><a href=\"https:\/\/www.facebook.com\/pisciknjizevnost.pik\/\" target=\"_blank\" rel=\"noopener noreferrer\">https:\/\/www.facebook.com\/pisciknjizevnost.pik\/<\/a><\/p>\n<p>Web stranica Pisci i Knji\u017eevnost<br \/><a href=\"https:\/\/bit.ly\/2VxBWKu\" target=\"_blank\" rel=\"noopener noreferrer\">https:\/\/bit.ly\/2VxBWKu<\/a><\/p>\n<p>Instagram profil<br \/><a href=\"https:\/\/www.instagram.com\/let_s_read_croatian_authors\/\" target=\"_blank\" rel=\"noopener noreferrer\">https:\/\/www.instagram.com\/let_s_read_croatian_authors\/<\/a><\/p>\n<p><strong>E-mail:<\/strong> knjigamojprijatelj@outlook.com<\/p>\n<p>\u00a0<\/p>\n<p><strong>Naslov:<\/strong> Pri\u010de skrivene u zrncu pijeska<br \/><strong>Autor:<\/strong> Pisci i knji\u017eevnost &#8211; grupa autora<br \/><strong>Broj stranica:<\/strong> 198<br \/><strong>Nakladnik:<\/strong> REDAK<br \/><strong>Godina izdanja:<\/strong> 2020 .<br \/><strong>ISBN:<\/strong> 978-953-336-670-8<br \/><strong>Tisak:<\/strong> digitalni tisak knjiga &#8211; print na zahtjev<\/p>\n<p>\u00a0<\/p>\n<p style=\"text-align: justify;\"><strong>Kako naru\u010diti knjigu?\u00a0<\/strong>Proces online kupovine jednako funkcionira za sve kupce, s jedinom razlikom u tome \u0161to \u0161to kupci iz inozemstva za podru\u010dje dostave moraju odabrati &#8220;Europa&#8221; ili &#8220;Ostale zemlje svijeta&#8221;, a za vrstu pla\u0107anja WSPay (kreditna kartica) ili Virmanom (bankovni transfer).<\/p>\n<p style=\"text-align: justify;\">Molimo kliknite ovdje za\u00a0<a href=\"hr\/kako-kupovati\">detaljni vodi\u010d kroz proces narud\u017ebe<\/a>\u00a0ili nas\u00a0<a href=\"hr\/kontakt\">kontaktirajte<\/a>\u00a0za vi\u0161e informacija.<\/p>\n","protected":false},"excerpt":{"rendered":"<p>Sa\u017eetak: Inna Moore, napisala je nekoliko rije\u010di o knjizi: Bilo da ste spava\u010d s neobi\u010dnim snovima, putnik usred babljeg ljeta ili pak mladi \u010dovjek sa starom du\u0161om, u ovim pri\u010dama na\u0107i \u0107ete ne\u0161to svoje, ne\u0161to \u0161to \u0107e va\u0161 dirnuti kao \u0161to i ono jedno malo zrno pijeska dra\u017ei ko\u017eu stopala pa ste svjesni njegova postojanja. [&hellip;]<\/p>\n","protected":false},"featured_media":9279,"comment_status":"open","ping_status":"closed","template":"","meta":{"_acf_changed":false},"product_brand":[],"product_cat":[1383,1385],"product_tag":[],"class_list":{"0":"post-9278","1":"product","2":"type-product","3":"status-publish","4":"has-post-thumbnail","6":"product_cat-knjige","7":"product_cat-knjizevnost","8":"pa_autor-pisci-i-knjizevnost-grupa-autora","9":"pa_nakladnik-redak","11":"first","12":"instock","13":"shipping-taxable","14":"purchasable","15":"product-type-simple"},"acf":[],"yoast_head":"<!-- This site is optimized with the Yoast SEO plugin v27.3 - https:\/\/yoast.com\/product\/yoast-seo-wordpress\/ -->\n<title>PRI\u010cE SKRIVENE U ZRNCU PIJESKA, Grupa autora - Web-knji\u017eara<\/title>\n<meta name=\"robots\" content=\"index, follow, max-snippet:-1, max-image-preview:large, max-video-preview:-1\" \/>\n<link rel=\"canonical\" href=\"https:\/\/webknjizara.hr\/proizvod\/price-skrivene-u-zrncu-pijeska-grupa-autora\/\" \/>\n<meta property=\"og:locale\" content=\"en_US\" \/>\n<meta property=\"og:type\" content=\"article\" \/>\n<meta property=\"og:title\" content=\"PRI\u010cE SKRIVENE U ZRNCU PIJESKA, Grupa autora - Web-knji\u017eara\" \/>\n<meta property=\"og:description\" content=\"Sa\u017eetak: Inna Moore, napisala je nekoliko rije\u010di o knjizi: Bilo da ste spava\u010d s neobi\u010dnim snovima, putnik usred babljeg ljeta ili pak mladi \u010dovjek sa starom du\u0161om, u ovim pri\u010dama na\u0107i \u0107ete ne\u0161to svoje, ne\u0161to \u0161to \u0107e va\u0161 dirnuti kao \u0161to i ono jedno malo zrno pijeska dra\u017ei ko\u017eu stopala pa ste svjesni njegova postojanja. [&hellip;]\" \/>\n<meta property=\"og:url\" content=\"https:\/\/webknjizara.hr\/proizvod\/price-skrivene-u-zrncu-pijeska-grupa-autora\/\" \/>\n<meta property=\"og:site_name\" content=\"Web-knji\u017eara\" \/>\n<meta property=\"article:modified_time\" content=\"2023-02-26T23:18:10+00:00\" \/>\n<meta property=\"og:image\" content=\"https:\/\/webknjizara.hr\/wp-content\/uploads\/nc\/images\/virtuemart\/product\/Safranic_Kreuno_PIK_Price_skrivene_u_zrncu_pijeska_naslovnica_WEB-1.jpg\" \/>\n\t<meta property=\"og:image:width\" content=\"300\" \/>\n\t<meta property=\"og:image:height\" content=\"419\" \/>\n\t<meta property=\"og:image:type\" content=\"image\/jpeg\" \/>\n<meta name=\"twitter:card\" content=\"summary_large_image\" \/>\n<meta name=\"twitter:label1\" content=\"Est. reading time\" \/>\n\t<meta name=\"twitter:data1\" content=\"2 minutes\" \/>\n<script type=\"application\/ld+json\" class=\"yoast-schema-graph\">{\"@context\":\"https:\\\/\\\/schema.org\",\"@graph\":[{\"@type\":\"WebPage\",\"@id\":\"https:\\\/\\\/webknjizara.hr\\\/proizvod\\\/price-skrivene-u-zrncu-pijeska-grupa-autora\\\/\",\"url\":\"https:\\\/\\\/webknjizara.hr\\\/proizvod\\\/price-skrivene-u-zrncu-pijeska-grupa-autora\\\/\",\"name\":\"PRI\u010cE SKRIVENE U ZRNCU PIJESKA, Grupa autora - Web-knji\u017eara\",\"isPartOf\":{\"@id\":\"https:\\\/\\\/webknjizara.hr\\\/#website\"},\"primaryImageOfPage\":{\"@id\":\"https:\\\/\\\/webknjizara.hr\\\/proizvod\\\/price-skrivene-u-zrncu-pijeska-grupa-autora\\\/#primaryimage\"},\"image\":{\"@id\":\"https:\\\/\\\/webknjizara.hr\\\/proizvod\\\/price-skrivene-u-zrncu-pijeska-grupa-autora\\\/#primaryimage\"},\"thumbnailUrl\":\"https:\\\/\\\/webknjizara.hr\\\/wp-content\\\/uploads\\\/nc\\\/images\\\/virtuemart\\\/product\\\/Safranic_Kreuno_PIK_Price_skrivene_u_zrncu_pijeska_naslovnica_WEB-1.jpg\",\"datePublished\":\"2020-07-14T14:00:37+00:00\",\"dateModified\":\"2023-02-26T23:18:10+00:00\",\"breadcrumb\":{\"@id\":\"https:\\\/\\\/webknjizara.hr\\\/proizvod\\\/price-skrivene-u-zrncu-pijeska-grupa-autora\\\/#breadcrumb\"},\"inLanguage\":\"en-US\",\"potentialAction\":[{\"@type\":\"ReadAction\",\"target\":[\"https:\\\/\\\/webknjizara.hr\\\/proizvod\\\/price-skrivene-u-zrncu-pijeska-grupa-autora\\\/\"]}]},{\"@type\":\"ImageObject\",\"inLanguage\":\"en-US\",\"@id\":\"https:\\\/\\\/webknjizara.hr\\\/proizvod\\\/price-skrivene-u-zrncu-pijeska-grupa-autora\\\/#primaryimage\",\"url\":\"https:\\\/\\\/webknjizara.hr\\\/wp-content\\\/uploads\\\/nc\\\/images\\\/virtuemart\\\/product\\\/Safranic_Kreuno_PIK_Price_skrivene_u_zrncu_pijeska_naslovnica_WEB-1.jpg\",\"contentUrl\":\"https:\\\/\\\/webknjizara.hr\\\/wp-content\\\/uploads\\\/nc\\\/images\\\/virtuemart\\\/product\\\/Safranic_Kreuno_PIK_Price_skrivene_u_zrncu_pijeska_naslovnica_WEB-1.jpg\",\"width\":300,\"height\":419,\"caption\":\"PRI\u010cE SKRIVENE U ZRNCU PIJESKA, Grupa autora\"},{\"@type\":\"BreadcrumbList\",\"@id\":\"https:\\\/\\\/webknjizara.hr\\\/proizvod\\\/price-skrivene-u-zrncu-pijeska-grupa-autora\\\/#breadcrumb\",\"itemListElement\":[{\"@type\":\"ListItem\",\"position\":1,\"name\":\"Po\u010detna stranica\",\"item\":\"https:\\\/\\\/webknjizara.hr\\\/en\\\/\"},{\"@type\":\"ListItem\",\"position\":2,\"name\":\"Shop\",\"item\":\"https:\\\/\\\/webknjizara.hr\\\/shop\\\/\"},{\"@type\":\"ListItem\",\"position\":3,\"name\":\"PRI\u010cE SKRIVENE U ZRNCU PIJESKA, Grupa autora\"}]},{\"@type\":\"WebSite\",\"@id\":\"https:\\\/\\\/webknjizara.hr\\\/#website\",\"url\":\"https:\\\/\\\/webknjizara.hr\\\/\",\"name\":\"Web Knji\u017eara\",\"description\":\"\",\"publisher\":{\"@id\":\"https:\\\/\\\/webknjizara.hr\\\/#organization\"},\"potentialAction\":[{\"@type\":\"SearchAction\",\"target\":{\"@type\":\"EntryPoint\",\"urlTemplate\":\"https:\\\/\\\/webknjizara.hr\\\/?s={search_term_string}\"},\"query-input\":{\"@type\":\"PropertyValueSpecification\",\"valueRequired\":true,\"valueName\":\"search_term_string\"}}],\"inLanguage\":\"en-US\"},{\"@type\":\"Organization\",\"@id\":\"https:\\\/\\\/webknjizara.hr\\\/#organization\",\"name\":\"REDAK D.O.O.\",\"url\":\"https:\\\/\\\/webknjizara.hr\\\/\",\"logo\":{\"@type\":\"ImageObject\",\"inLanguage\":\"en-US\",\"@id\":\"https:\\\/\\\/webknjizara.hr\\\/#\\\/schema\\\/logo\\\/image\\\/\",\"url\":\"https:\\\/\\\/webknjizara.hr\\\/wp-content\\\/uploads\\\/2023\\\/01\\\/web-knjizara-logo.webp\",\"contentUrl\":\"https:\\\/\\\/webknjizara.hr\\\/wp-content\\\/uploads\\\/2023\\\/01\\\/web-knjizara-logo.webp\",\"width\":324,\"height\":79,\"caption\":\"REDAK D.O.O.\"},\"image\":{\"@id\":\"https:\\\/\\\/webknjizara.hr\\\/#\\\/schema\\\/logo\\\/image\\\/\"}}]}<\/script>\n<!-- \/ Yoast SEO plugin. -->","yoast_head_json":{"title":"PRI\u010cE SKRIVENE U ZRNCU PIJESKA, Grupa autora - Web-knji\u017eara","robots":{"index":"index","follow":"follow","max-snippet":"max-snippet:-1","max-image-preview":"max-image-preview:large","max-video-preview":"max-video-preview:-1"},"canonical":"https:\/\/webknjizara.hr\/proizvod\/price-skrivene-u-zrncu-pijeska-grupa-autora\/","og_locale":"en_US","og_type":"article","og_title":"PRI\u010cE SKRIVENE U ZRNCU PIJESKA, Grupa autora - Web-knji\u017eara","og_description":"Sa\u017eetak: Inna Moore, napisala je nekoliko rije\u010di o knjizi: Bilo da ste spava\u010d s neobi\u010dnim snovima, putnik usred babljeg ljeta ili pak mladi \u010dovjek sa starom du\u0161om, u ovim pri\u010dama na\u0107i \u0107ete ne\u0161to svoje, ne\u0161to \u0161to \u0107e va\u0161 dirnuti kao \u0161to i ono jedno malo zrno pijeska dra\u017ei ko\u017eu stopala pa ste svjesni njegova postojanja. [&hellip;]","og_url":"https:\/\/webknjizara.hr\/proizvod\/price-skrivene-u-zrncu-pijeska-grupa-autora\/","og_site_name":"Web-knji\u017eara","article_modified_time":"2023-02-26T23:18:10+00:00","og_image":[{"width":300,"height":419,"url":"https:\/\/webknjizara.hr\/wp-content\/uploads\/nc\/images\/virtuemart\/product\/Safranic_Kreuno_PIK_Price_skrivene_u_zrncu_pijeska_naslovnica_WEB-1.jpg","type":"image\/jpeg"}],"twitter_card":"summary_large_image","twitter_misc":{"Est. reading time":"2 minutes"},"schema":{"@context":"https:\/\/schema.org","@graph":[{"@type":"WebPage","@id":"https:\/\/webknjizara.hr\/proizvod\/price-skrivene-u-zrncu-pijeska-grupa-autora\/","url":"https:\/\/webknjizara.hr\/proizvod\/price-skrivene-u-zrncu-pijeska-grupa-autora\/","name":"PRI\u010cE SKRIVENE U ZRNCU PIJESKA, Grupa autora - Web-knji\u017eara","isPartOf":{"@id":"https:\/\/webknjizara.hr\/#website"},"primaryImageOfPage":{"@id":"https:\/\/webknjizara.hr\/proizvod\/price-skrivene-u-zrncu-pijeska-grupa-autora\/#primaryimage"},"image":{"@id":"https:\/\/webknjizara.hr\/proizvod\/price-skrivene-u-zrncu-pijeska-grupa-autora\/#primaryimage"},"thumbnailUrl":"https:\/\/webknjizara.hr\/wp-content\/uploads\/nc\/images\/virtuemart\/product\/Safranic_Kreuno_PIK_Price_skrivene_u_zrncu_pijeska_naslovnica_WEB-1.jpg","datePublished":"2020-07-14T14:00:37+00:00","dateModified":"2023-02-26T23:18:10+00:00","breadcrumb":{"@id":"https:\/\/webknjizara.hr\/proizvod\/price-skrivene-u-zrncu-pijeska-grupa-autora\/#breadcrumb"},"inLanguage":"en-US","potentialAction":[{"@type":"ReadAction","target":["https:\/\/webknjizara.hr\/proizvod\/price-skrivene-u-zrncu-pijeska-grupa-autora\/"]}]},{"@type":"ImageObject","inLanguage":"en-US","@id":"https:\/\/webknjizara.hr\/proizvod\/price-skrivene-u-zrncu-pijeska-grupa-autora\/#primaryimage","url":"https:\/\/webknjizara.hr\/wp-content\/uploads\/nc\/images\/virtuemart\/product\/Safranic_Kreuno_PIK_Price_skrivene_u_zrncu_pijeska_naslovnica_WEB-1.jpg","contentUrl":"https:\/\/webknjizara.hr\/wp-content\/uploads\/nc\/images\/virtuemart\/product\/Safranic_Kreuno_PIK_Price_skrivene_u_zrncu_pijeska_naslovnica_WEB-1.jpg","width":300,"height":419,"caption":"PRI\u010cE SKRIVENE U ZRNCU PIJESKA, Grupa autora"},{"@type":"BreadcrumbList","@id":"https:\/\/webknjizara.hr\/proizvod\/price-skrivene-u-zrncu-pijeska-grupa-autora\/#breadcrumb","itemListElement":[{"@type":"ListItem","position":1,"name":"Po\u010detna stranica","item":"https:\/\/webknjizara.hr\/en\/"},{"@type":"ListItem","position":2,"name":"Shop","item":"https:\/\/webknjizara.hr\/shop\/"},{"@type":"ListItem","position":3,"name":"PRI\u010cE SKRIVENE U ZRNCU PIJESKA, Grupa autora"}]},{"@type":"WebSite","@id":"https:\/\/webknjizara.hr\/#website","url":"https:\/\/webknjizara.hr\/","name":"Web Knji\u017eara","description":"","publisher":{"@id":"https:\/\/webknjizara.hr\/#organization"},"potentialAction":[{"@type":"SearchAction","target":{"@type":"EntryPoint","urlTemplate":"https:\/\/webknjizara.hr\/?s={search_term_string}"},"query-input":{"@type":"PropertyValueSpecification","valueRequired":true,"valueName":"search_term_string"}}],"inLanguage":"en-US"},{"@type":"Organization","@id":"https:\/\/webknjizara.hr\/#organization","name":"REDAK D.O.O.","url":"https:\/\/webknjizara.hr\/","logo":{"@type":"ImageObject","inLanguage":"en-US","@id":"https:\/\/webknjizara.hr\/#\/schema\/logo\/image\/","url":"https:\/\/webknjizara.hr\/wp-content\/uploads\/2023\/01\/web-knjizara-logo.webp","contentUrl":"https:\/\/webknjizara.hr\/wp-content\/uploads\/2023\/01\/web-knjizara-logo.webp","width":324,"height":79,"caption":"REDAK D.O.O."},"image":{"@id":"https:\/\/webknjizara.hr\/#\/schema\/logo\/image\/"}}]}},"_links":{"self":[{"href":"https:\/\/webknjizara.hr\/en\/wp-json\/wp\/v2\/product\/9278","targetHints":{"allow":["GET"]}}],"collection":[{"href":"https:\/\/webknjizara.hr\/en\/wp-json\/wp\/v2\/product"}],"about":[{"href":"https:\/\/webknjizara.hr\/en\/wp-json\/wp\/v2\/types\/product"}],"replies":[{"embeddable":true,"href":"https:\/\/webknjizara.hr\/en\/wp-json\/wp\/v2\/comments?post=9278"}],"wp:featuredmedia":[{"embeddable":true,"href":"https:\/\/webknjizara.hr\/en\/wp-json\/wp\/v2\/media\/9279"}],"wp:attachment":[{"href":"https:\/\/webknjizara.hr\/en\/wp-json\/wp\/v2\/media?parent=9278"}],"wp:term":[{"taxonomy":"product_brand","embeddable":true,"href":"https:\/\/webknjizara.hr\/en\/wp-json\/wp\/v2\/product_brand?post=9278"},{"taxonomy":"product_cat","embeddable":true,"href":"https:\/\/webknjizara.hr\/en\/wp-json\/wp\/v2\/product_cat?post=9278"},{"taxonomy":"product_tag","embeddable":true,"href":"https:\/\/webknjizara.hr\/en\/wp-json\/wp\/v2\/product_tag?post=9278"}],"curies":[{"name":"wp","href":"https:\/\/api.w.org\/{rel}","templated":true}]}}