{"id":9276,"date":"2020-07-13T14:28:30","date_gmt":"2020-07-13T14:28:30","guid":{"rendered":"https:\/\/webknjizara.hr\/?product=more-ljubavi-2-dio-dinko-bekavac"},"modified":"2023-02-27T00:18:10","modified_gmt":"2023-02-26T23:18:10","slug":"more-ljubavi-2-dio-dinko-bekavac","status":"publish","type":"product","link":"https:\/\/webknjizara.hr\/en\/proizvod\/more-ljubavi-2-dio-dinko-bekavac\/","title":{"rendered":"MORE LJUBAVI 2. DIO, Dinko Bekavac"},"content":{"rendered":"<p><strong>Sa\u017eetak:<\/p>\n<p> RIJE\u010c UREDNICE<\/strong><br \/><strong>Njegova je ljubav duboka,<\/strong><br \/><strong>Dinko zanesen priznaje da je pjesnik sazdan od snova<\/strong><br \/>Kada vrijeme proklizi zaboravom, kada sje\u0107anja naviru, kada se zagrebati du\u0161om \u017eeli, kada bremenitim stazama \u017eivota, bespomo\u0107no se i \u0161utke tra\u017eimo, pjesnik, slikar, umjetnik,<br \/>prijatelj podsje\u0107a te i poru\u010duje : \u201c&#8230; \u010citaj moje pjesme&#8230;.\u201d. Re\u0107i \u0107e da je pjesme u zbirkama skutrio da bi ih poklonio onima koji su prepoznali vrijednost njegovog talenta i filigranski osje\u0107ajne du\u0161e. Mnogo je Dinkovih pjesama pohranjeno me\u0111u koricama knjiga.<br \/>Saznanjem da nas Dinko dariva blagoslovom svog talenta (pjesni\u010dkog i slikarskog) usredoto\u010dimo svoje misli na njegove stihove. U njima ima mnogo njega, prepoznajemo i tragove koji nas vode i u najskrivenije kutke na\u0161eg srca, rado se s njim poistovje\u0107ujemo. Cijeli spektar boja slo\u017een u stih, motivi drage Dalmacije, koloristi\u010dke vedute sastavnice su vje\u0161to nizanih slika u slobodnu formu stiha neoptere\u0107enog rimom. Nizanje stihova Dinko je doveo do savr\u0161enstva. On jednako dobro plovi snovima svojim kao i kad sjedi na morskoj hridi u\u017eivaju\u0107i u svakom \u017eumoru mora od kojeg se nikada ne odvaja. Uvijek iskren, otvoren, bez zadr\u0161ke u iskazivanju sebe, on njeguje ljubav \u010distu, nevinu, bistru, postojanu i vje\u010dnu. Ne krije je, obznanjuje svijetu da samo ljubav i samo s njom mo\u017ee prebroditi sve \u0161to neumitno donose godine koje se talo\u017ee. Dje\u010da\u010dki iskreno \u0107e re\u0107i da je<br \/>iskrenost srca obuzela svaku poru njegovog bi\u0107a i da je iskra ljubavi trajno zapisana u vje\u010dnosti.<br \/>&#8230;ja sam pjesnik, satkan od snova,<br \/>o\u010di moje ne mogu izvan sumraka<br \/>vidjeti prag vje\u010dnog \u017eivota,<br \/>ni sjaj nebeskog raja&#8230;<br \/>Tamo na obali, dok more romori svoje tajne povjeravaju\u0107i ih pjesniku, on razumije, on \u017eivi more u svojim pjesmama i u zbilji<\/p>\n<p>Ima jedna klupa nagri\u017eena solju, od vjetra umorna, jo\u0161 pamti sanjare, pjesnika i njegovu dragu dok su mladost i ljubav dijelili. Dani i godine donijeli su neminovnu starost, pjesnik ka\u017ee da je srce napustilo svoje prebivali\u0161te ali jo\u0161 sanjarski titra ljubav u kosi, jo\u0161 je osmijeh voljene \u017eene \u017eiv i kola pjesnikovim venama, njezin glas je \u010darolija koja ga opija, duboko se utiskuju tragovi voljenja u pjesnikovim sje\u0107anjima. Drugovanje pjesnika sa beskrajnim plavetnilom, suncem i zvjezdanim nebom, sjaji zla\u0107anim jutrima kada morski valovi pjesniku donose inspirativne titraje koje njegova olovka bilje\u017ei za vje\u010dna jutra, za zdrave dane i bezvremenu ljubav. Kada bespu\u0107ima morskih pu\u010dina kovitlaju se val za valom tvore\u0107i \u010dipkane vodene kaskade, kad njihov urlik krv zaledi, a orkanski vjetrovi svjetove ru\u0161e, pjesnik ostaje miran promatra\u010d sa olovkom u ruci, pi\u0161e, bilje\u017ei, promatra, do\u017eivljava&#8230;sve do ushita stvaranja stihovnog zapisa. Ogromno veliku svjetlost pjesnik u sebi nosi&#8230;svjetlost \u0161iri, poklanja, svijetu na pladnju du\u0161e i svoju sudbinu dariva&#8230;on je poetski lahor koji nikad ne prestaje. I ova \u0107e zbirka utopliti mnoga srca, izmamiti divljenje i strahopo\u0161tovanje jer veliko je djelo Dinkovo. \u010citao\u010de, dobronamjerni\u010de, istinski , cijelim svojim bi\u0107em pjesnik te poziva na svoje izvore, emocijama da napoji\u0161 du\u0161u. Na\u0107i \u0107e\u0161 ga na morskom sprudu, sa galebovima druguje, morskim se strujama opija, ponekad \u0107e mo\u017eda biti tajanstveno ogrnut tihom sjetom za danima koji se ne mogu vratiti. Miran ostani, \u010ditao\u010de, privid je to samo. Sve je \u017eivot a \u017eivot mazi, melje, drobi, miluje, iznenadi, zaboli i boli do boli, obraduje. Pjesnik \u017eivot \u017eivi, svim svojim bi\u0107em sniva, putuje poeti\u010dnim putovima i labirintima metafora kojima obiluju njegove pjesme.<br \/>Kad budete stari, sijeda kosa,<br \/>puni sna, poput mene,<br \/>\u010ditajte ove pjesme, polako sanjajte,<br \/>one su \u017ear u oku, pogleda na ljepotu ljubavi,<br \/>ja sam ljubio sve tuge njene,<br \/>sve radosti du\u0161e u vje\u010dnosti\u2026<br \/>***<br \/>Pjesnik poru\u010duje da je njegova ljubav duboka. \u010citao\u010de, neka tvoja ljubav bude duboka kao pjesnikova. Neka se \u010ditaju i vole Dinkove pjesme, on je svima pokazao put kako \u0107emo to ostvariti.<br \/>Neda Milenkovski<br \/>urednica<\/p>\n<p><strong>Bilje\u0161ka o autoru:<br \/><\/strong><br \/>Ro\u0111en 19. studenog 1941.godine u Lovre\u0107u. U ratnom vihoru 1942. godine s roditeljima seli i \u017eivi u ravnoj Slavoniji. \u017deni se i seli u Ka\u0161tela i tu \u017eivi sve do danas. Jo\u0161 kao dijete imao je sklonosti slikarstvu, romanti\u010dar po prirodi voli lirske pjesme. Nakon umirovljenja, vra\u0107a se slikarstvu, izla\u017ee na brojnim izlo\u017ebama i pi\u0161e poeziju. Nakon promocije sedam knjiga pod nazivom \u201eKa\u0161telanske piruete\u201c, \u201eNa obroncima snova\u201c, \u201eU aleji tamarisa\u201c, \u201eSanjam te\u201c \u201eSamo tvoj\u201c, \u201eMore Ljubavi\u201c, \u201eJedina moja ljubavi\u201c. izdaje osmu knjigu pod nazivom \u201eMore ljubavi II\u201c<\/p>\n<p><strong>Klju\u010dne rije\u010di:<\/strong> Oslikana poezija, pjesme o moru, ljubav \u017eene.<\/p>\n<p><strong>E-mail:<\/strong> <a href=\"mailto:dbekavac1941@hotmail.com\" target=\"_blank\" rel=\"noopener noreferrer\">Dinko Bekavac\u00a0<\/a><\/p>\n<p>\u00a0<\/p>\n<p><strong>Naslov:<\/strong> More ljubavi 2. dio<br \/><strong>Autor:<\/strong> Dinko Bekavac<br \/><strong>Broj stranica:<\/strong> 114<br \/><strong>Nakladnik:<\/strong> REDAK<br \/><strong>Godina izdanja:<\/strong> 2020 .<br \/><strong>ISBN:<\/strong> 978-953-336-671-5<br \/><strong>Tisak:<\/strong> digitalni tisak knjiga &#8211; print na zahtjev<\/p>\n<p style=\"text-align: justify;\">\u00a0<\/p>\n<p style=\"text-align: justify;\"><strong>Kako naru\u010diti knjigu?\u00a0<\/strong>Proces online kupovine jednako funkcionira za sve kupce, s jedinom razlikom u tome \u0161to \u0161to kupci iz inozemstva za podru\u010dje dostave moraju odabrati &#8220;Europa&#8221; ili &#8220;Ostale zemlje svijeta&#8221;, a za vrstu pla\u0107anja WSPay (kreditna kartica) ili Virmanom (bankovni transfer).<\/p>\n<p style=\"text-align: justify;\">Molimo kliknite ovdje za\u00a0<a href=\"hr\/kako-kupovati\">detaljni vodi\u010d kroz proces narud\u017ebe<\/a>\u00a0ili nas\u00a0<a href=\"hr\/kontakt\">kontaktirajte<\/a>\u00a0za vi\u0161e informacija.<\/p>\n","protected":false},"excerpt":{"rendered":"<p>Sa\u017eetak: RIJE\u010c UREDNICENjegova je ljubav duboka,Dinko zanesen priznaje da je pjesnik sazdan od snovaKada vrijeme proklizi zaboravom, kada sje\u0107anja naviru, kada se zagrebati du\u0161om \u017eeli, kada bremenitim stazama \u017eivota, bespomo\u0107no se i \u0161utke tra\u017eimo, pjesnik, slikar, umjetnik,prijatelj podsje\u0107a te i poru\u010duje : \u201c&#8230; \u010citaj moje pjesme&#8230;.\u201d. Re\u0107i \u0107e da je pjesme u zbirkama skutrio da [&hellip;]<\/p>\n","protected":false},"featured_media":9277,"comment_status":"open","ping_status":"closed","template":"","meta":{"_acf_changed":false},"product_brand":[],"product_cat":[1383,1385,1388],"product_tag":[],"class_list":{"0":"post-9276","1":"product","2":"type-product","3":"status-publish","4":"has-post-thumbnail","6":"product_cat-knjige","7":"product_cat-knjizevnost","8":"product_cat-poezija","9":"pa_autor-dinko-bekavac","10":"pa_nakladnik-redak","12":"first","13":"instock","14":"shipping-taxable","15":"purchasable","16":"product-type-simple"},"acf":[],"yoast_head":"<!-- This site is optimized with the Yoast SEO plugin v27.3 - https:\/\/yoast.com\/product\/yoast-seo-wordpress\/ -->\n<title>MORE LJUBAVI 2. DIO, Dinko Bekavac - Web-knji\u017eara<\/title>\n<meta name=\"robots\" content=\"index, follow, max-snippet:-1, max-image-preview:large, max-video-preview:-1\" \/>\n<link rel=\"canonical\" href=\"https:\/\/webknjizara.hr\/proizvod\/more-ljubavi-2-dio-dinko-bekavac\/\" \/>\n<meta property=\"og:locale\" content=\"en_US\" \/>\n<meta property=\"og:type\" content=\"article\" \/>\n<meta property=\"og:title\" content=\"MORE LJUBAVI 2. DIO, Dinko Bekavac - Web-knji\u017eara\" \/>\n<meta property=\"og:description\" content=\"Sa\u017eetak: RIJE\u010c UREDNICENjegova je ljubav duboka,Dinko zanesen priznaje da je pjesnik sazdan od snovaKada vrijeme proklizi zaboravom, kada sje\u0107anja naviru, kada se zagrebati du\u0161om \u017eeli, kada bremenitim stazama \u017eivota, bespomo\u0107no se i \u0161utke tra\u017eimo, pjesnik, slikar, umjetnik,prijatelj podsje\u0107a te i poru\u010duje : \u201c&#8230; \u010citaj moje pjesme&#8230;.\u201d. Re\u0107i \u0107e da je pjesme u zbirkama skutrio da [&hellip;]\" \/>\n<meta property=\"og:url\" content=\"https:\/\/webknjizara.hr\/proizvod\/more-ljubavi-2-dio-dinko-bekavac\/\" \/>\n<meta property=\"og:site_name\" content=\"Web-knji\u017eara\" \/>\n<meta property=\"article:modified_time\" content=\"2023-02-26T23:18:10+00:00\" \/>\n<meta property=\"og:image\" content=\"https:\/\/webknjizara.hr\/wp-content\/uploads\/nc\/images\/virtuemart\/product\/Dinko_Bekavac_more_ljubavi_2dio_naslovnica_WEB.jpg\" \/>\n\t<meta property=\"og:image:width\" content=\"300\" \/>\n\t<meta property=\"og:image:height\" content=\"419\" \/>\n\t<meta property=\"og:image:type\" content=\"image\/jpeg\" \/>\n<meta name=\"twitter:card\" content=\"summary_large_image\" \/>\n<meta name=\"twitter:label1\" content=\"Est. reading time\" \/>\n\t<meta name=\"twitter:data1\" content=\"4 minutes\" \/>\n<script type=\"application\/ld+json\" class=\"yoast-schema-graph\">{\"@context\":\"https:\\\/\\\/schema.org\",\"@graph\":[{\"@type\":\"WebPage\",\"@id\":\"https:\\\/\\\/webknjizara.hr\\\/proizvod\\\/more-ljubavi-2-dio-dinko-bekavac\\\/\",\"url\":\"https:\\\/\\\/webknjizara.hr\\\/proizvod\\\/more-ljubavi-2-dio-dinko-bekavac\\\/\",\"name\":\"MORE LJUBAVI 2. DIO, Dinko Bekavac - Web-knji\u017eara\",\"isPartOf\":{\"@id\":\"https:\\\/\\\/webknjizara.hr\\\/#website\"},\"primaryImageOfPage\":{\"@id\":\"https:\\\/\\\/webknjizara.hr\\\/proizvod\\\/more-ljubavi-2-dio-dinko-bekavac\\\/#primaryimage\"},\"image\":{\"@id\":\"https:\\\/\\\/webknjizara.hr\\\/proizvod\\\/more-ljubavi-2-dio-dinko-bekavac\\\/#primaryimage\"},\"thumbnailUrl\":\"https:\\\/\\\/webknjizara.hr\\\/wp-content\\\/uploads\\\/nc\\\/images\\\/virtuemart\\\/product\\\/Dinko_Bekavac_more_ljubavi_2dio_naslovnica_WEB.jpg\",\"datePublished\":\"2020-07-13T14:28:30+00:00\",\"dateModified\":\"2023-02-26T23:18:10+00:00\",\"breadcrumb\":{\"@id\":\"https:\\\/\\\/webknjizara.hr\\\/proizvod\\\/more-ljubavi-2-dio-dinko-bekavac\\\/#breadcrumb\"},\"inLanguage\":\"en-US\",\"potentialAction\":[{\"@type\":\"ReadAction\",\"target\":[\"https:\\\/\\\/webknjizara.hr\\\/proizvod\\\/more-ljubavi-2-dio-dinko-bekavac\\\/\"]}]},{\"@type\":\"ImageObject\",\"inLanguage\":\"en-US\",\"@id\":\"https:\\\/\\\/webknjizara.hr\\\/proizvod\\\/more-ljubavi-2-dio-dinko-bekavac\\\/#primaryimage\",\"url\":\"https:\\\/\\\/webknjizara.hr\\\/wp-content\\\/uploads\\\/nc\\\/images\\\/virtuemart\\\/product\\\/Dinko_Bekavac_more_ljubavi_2dio_naslovnica_WEB.jpg\",\"contentUrl\":\"https:\\\/\\\/webknjizara.hr\\\/wp-content\\\/uploads\\\/nc\\\/images\\\/virtuemart\\\/product\\\/Dinko_Bekavac_more_ljubavi_2dio_naslovnica_WEB.jpg\",\"width\":300,\"height\":419,\"caption\":\"MORE LJUBAVI 2. DIO, Dinko Bekavac\"},{\"@type\":\"BreadcrumbList\",\"@id\":\"https:\\\/\\\/webknjizara.hr\\\/proizvod\\\/more-ljubavi-2-dio-dinko-bekavac\\\/#breadcrumb\",\"itemListElement\":[{\"@type\":\"ListItem\",\"position\":1,\"name\":\"Po\u010detna stranica\",\"item\":\"https:\\\/\\\/webknjizara.hr\\\/en\\\/\"},{\"@type\":\"ListItem\",\"position\":2,\"name\":\"Shop\",\"item\":\"https:\\\/\\\/webknjizara.hr\\\/shop\\\/\"},{\"@type\":\"ListItem\",\"position\":3,\"name\":\"MORE LJUBAVI 2. DIO, Dinko Bekavac\"}]},{\"@type\":\"WebSite\",\"@id\":\"https:\\\/\\\/webknjizara.hr\\\/#website\",\"url\":\"https:\\\/\\\/webknjizara.hr\\\/\",\"name\":\"Web Knji\u017eara\",\"description\":\"\",\"publisher\":{\"@id\":\"https:\\\/\\\/webknjizara.hr\\\/#organization\"},\"potentialAction\":[{\"@type\":\"SearchAction\",\"target\":{\"@type\":\"EntryPoint\",\"urlTemplate\":\"https:\\\/\\\/webknjizara.hr\\\/?s={search_term_string}\"},\"query-input\":{\"@type\":\"PropertyValueSpecification\",\"valueRequired\":true,\"valueName\":\"search_term_string\"}}],\"inLanguage\":\"en-US\"},{\"@type\":\"Organization\",\"@id\":\"https:\\\/\\\/webknjizara.hr\\\/#organization\",\"name\":\"REDAK D.O.O.\",\"url\":\"https:\\\/\\\/webknjizara.hr\\\/\",\"logo\":{\"@type\":\"ImageObject\",\"inLanguage\":\"en-US\",\"@id\":\"https:\\\/\\\/webknjizara.hr\\\/#\\\/schema\\\/logo\\\/image\\\/\",\"url\":\"https:\\\/\\\/webknjizara.hr\\\/wp-content\\\/uploads\\\/2023\\\/01\\\/web-knjizara-logo.webp\",\"contentUrl\":\"https:\\\/\\\/webknjizara.hr\\\/wp-content\\\/uploads\\\/2023\\\/01\\\/web-knjizara-logo.webp\",\"width\":324,\"height\":79,\"caption\":\"REDAK D.O.O.\"},\"image\":{\"@id\":\"https:\\\/\\\/webknjizara.hr\\\/#\\\/schema\\\/logo\\\/image\\\/\"}}]}<\/script>\n<!-- \/ Yoast SEO plugin. -->","yoast_head_json":{"title":"MORE LJUBAVI 2. DIO, Dinko Bekavac - Web-knji\u017eara","robots":{"index":"index","follow":"follow","max-snippet":"max-snippet:-1","max-image-preview":"max-image-preview:large","max-video-preview":"max-video-preview:-1"},"canonical":"https:\/\/webknjizara.hr\/proizvod\/more-ljubavi-2-dio-dinko-bekavac\/","og_locale":"en_US","og_type":"article","og_title":"MORE LJUBAVI 2. DIO, Dinko Bekavac - Web-knji\u017eara","og_description":"Sa\u017eetak: RIJE\u010c UREDNICENjegova je ljubav duboka,Dinko zanesen priznaje da je pjesnik sazdan od snovaKada vrijeme proklizi zaboravom, kada sje\u0107anja naviru, kada se zagrebati du\u0161om \u017eeli, kada bremenitim stazama \u017eivota, bespomo\u0107no se i \u0161utke tra\u017eimo, pjesnik, slikar, umjetnik,prijatelj podsje\u0107a te i poru\u010duje : \u201c&#8230; \u010citaj moje pjesme&#8230;.\u201d. Re\u0107i \u0107e da je pjesme u zbirkama skutrio da [&hellip;]","og_url":"https:\/\/webknjizara.hr\/proizvod\/more-ljubavi-2-dio-dinko-bekavac\/","og_site_name":"Web-knji\u017eara","article_modified_time":"2023-02-26T23:18:10+00:00","og_image":[{"width":300,"height":419,"url":"https:\/\/webknjizara.hr\/wp-content\/uploads\/nc\/images\/virtuemart\/product\/Dinko_Bekavac_more_ljubavi_2dio_naslovnica_WEB.jpg","type":"image\/jpeg"}],"twitter_card":"summary_large_image","twitter_misc":{"Est. reading time":"4 minutes"},"schema":{"@context":"https:\/\/schema.org","@graph":[{"@type":"WebPage","@id":"https:\/\/webknjizara.hr\/proizvod\/more-ljubavi-2-dio-dinko-bekavac\/","url":"https:\/\/webknjizara.hr\/proizvod\/more-ljubavi-2-dio-dinko-bekavac\/","name":"MORE LJUBAVI 2. DIO, Dinko Bekavac - Web-knji\u017eara","isPartOf":{"@id":"https:\/\/webknjizara.hr\/#website"},"primaryImageOfPage":{"@id":"https:\/\/webknjizara.hr\/proizvod\/more-ljubavi-2-dio-dinko-bekavac\/#primaryimage"},"image":{"@id":"https:\/\/webknjizara.hr\/proizvod\/more-ljubavi-2-dio-dinko-bekavac\/#primaryimage"},"thumbnailUrl":"https:\/\/webknjizara.hr\/wp-content\/uploads\/nc\/images\/virtuemart\/product\/Dinko_Bekavac_more_ljubavi_2dio_naslovnica_WEB.jpg","datePublished":"2020-07-13T14:28:30+00:00","dateModified":"2023-02-26T23:18:10+00:00","breadcrumb":{"@id":"https:\/\/webknjizara.hr\/proizvod\/more-ljubavi-2-dio-dinko-bekavac\/#breadcrumb"},"inLanguage":"en-US","potentialAction":[{"@type":"ReadAction","target":["https:\/\/webknjizara.hr\/proizvod\/more-ljubavi-2-dio-dinko-bekavac\/"]}]},{"@type":"ImageObject","inLanguage":"en-US","@id":"https:\/\/webknjizara.hr\/proizvod\/more-ljubavi-2-dio-dinko-bekavac\/#primaryimage","url":"https:\/\/webknjizara.hr\/wp-content\/uploads\/nc\/images\/virtuemart\/product\/Dinko_Bekavac_more_ljubavi_2dio_naslovnica_WEB.jpg","contentUrl":"https:\/\/webknjizara.hr\/wp-content\/uploads\/nc\/images\/virtuemart\/product\/Dinko_Bekavac_more_ljubavi_2dio_naslovnica_WEB.jpg","width":300,"height":419,"caption":"MORE LJUBAVI 2. DIO, Dinko Bekavac"},{"@type":"BreadcrumbList","@id":"https:\/\/webknjizara.hr\/proizvod\/more-ljubavi-2-dio-dinko-bekavac\/#breadcrumb","itemListElement":[{"@type":"ListItem","position":1,"name":"Po\u010detna stranica","item":"https:\/\/webknjizara.hr\/en\/"},{"@type":"ListItem","position":2,"name":"Shop","item":"https:\/\/webknjizara.hr\/shop\/"},{"@type":"ListItem","position":3,"name":"MORE LJUBAVI 2. DIO, Dinko Bekavac"}]},{"@type":"WebSite","@id":"https:\/\/webknjizara.hr\/#website","url":"https:\/\/webknjizara.hr\/","name":"Web Knji\u017eara","description":"","publisher":{"@id":"https:\/\/webknjizara.hr\/#organization"},"potentialAction":[{"@type":"SearchAction","target":{"@type":"EntryPoint","urlTemplate":"https:\/\/webknjizara.hr\/?s={search_term_string}"},"query-input":{"@type":"PropertyValueSpecification","valueRequired":true,"valueName":"search_term_string"}}],"inLanguage":"en-US"},{"@type":"Organization","@id":"https:\/\/webknjizara.hr\/#organization","name":"REDAK D.O.O.","url":"https:\/\/webknjizara.hr\/","logo":{"@type":"ImageObject","inLanguage":"en-US","@id":"https:\/\/webknjizara.hr\/#\/schema\/logo\/image\/","url":"https:\/\/webknjizara.hr\/wp-content\/uploads\/2023\/01\/web-knjizara-logo.webp","contentUrl":"https:\/\/webknjizara.hr\/wp-content\/uploads\/2023\/01\/web-knjizara-logo.webp","width":324,"height":79,"caption":"REDAK D.O.O."},"image":{"@id":"https:\/\/webknjizara.hr\/#\/schema\/logo\/image\/"}}]}},"_links":{"self":[{"href":"https:\/\/webknjizara.hr\/en\/wp-json\/wp\/v2\/product\/9276","targetHints":{"allow":["GET"]}}],"collection":[{"href":"https:\/\/webknjizara.hr\/en\/wp-json\/wp\/v2\/product"}],"about":[{"href":"https:\/\/webknjizara.hr\/en\/wp-json\/wp\/v2\/types\/product"}],"replies":[{"embeddable":true,"href":"https:\/\/webknjizara.hr\/en\/wp-json\/wp\/v2\/comments?post=9276"}],"wp:featuredmedia":[{"embeddable":true,"href":"https:\/\/webknjizara.hr\/en\/wp-json\/wp\/v2\/media\/9277"}],"wp:attachment":[{"href":"https:\/\/webknjizara.hr\/en\/wp-json\/wp\/v2\/media?parent=9276"}],"wp:term":[{"taxonomy":"product_brand","embeddable":true,"href":"https:\/\/webknjizara.hr\/en\/wp-json\/wp\/v2\/product_brand?post=9276"},{"taxonomy":"product_cat","embeddable":true,"href":"https:\/\/webknjizara.hr\/en\/wp-json\/wp\/v2\/product_cat?post=9276"},{"taxonomy":"product_tag","embeddable":true,"href":"https:\/\/webknjizara.hr\/en\/wp-json\/wp\/v2\/product_tag?post=9276"}],"curies":[{"name":"wp","href":"https:\/\/api.w.org\/{rel}","templated":true}]}}