{"id":9266,"date":"2020-07-01T13:58:40","date_gmt":"2020-07-01T13:58:40","guid":{"rendered":"https:\/\/webknjizara.hr\/?product=znanstveni-casopis-%e2%80%9einterdisciplinary-description-of-complex-systems%e2%80%9c-18-2-a-grupa-autora"},"modified":"2023-02-27T00:18:08","modified_gmt":"2023-02-26T23:18:08","slug":"znanstveni-casopis-interdisciplinary-description-of-complex-systems-18-2-a-grupa-autora","status":"publish","type":"product","link":"https:\/\/webknjizara.hr\/en\/proizvod\/znanstveni-casopis-interdisciplinary-description-of-complex-systems-18-2-a-grupa-autora\/","title":{"rendered":"ZNANSTVENI \u010cASOPIS \u201eINTERDISCIPLINARY DESCRIPTION OF COMPLEX SYSTEMS\u201c 18 (2-A), Grupa autora"},"content":{"rendered":"<p><strong>Sa\u017eetak:<\/strong><\/p>\n<p>7 znanstvenih radova doma\u0107ih i inozemnih autora<\/p>\n<p><strong>Klju\u010dne rije\u010di:<\/strong> North America, South America, domestication, animals, megafauna, artificial intelligence, artificial consciousness, engineering intelligence, empathy, power, PVQ-RR, Schwartz, Southeast Europe, values, business demography statistics, correlation, European countries, hierarchical clustering method, welfare state, subjective well-being. SWB, life satisfaction, biotensegrity, fascintegrity, anatomical and neuromyofascial sling, neuromyofascial tone, locomotion efficacy, unmanned aerial vehicles, tethered flying vehicle, modular cable, hovering<\/p>\n<p><strong>Link:<\/strong> <a href=\"http:\/\/indecs.eu\" target=\"_blank\" rel=\"noopener noreferrer\">http:\/\/indecs.eu<\/a><\/p>\n<p><strong>Naslov:<\/strong> Znanstveni \u010dasopis \u201eInterdisciplinary description of complex systems\u201c 18 (2-A)<br \/><strong>Autor:<\/strong> Grupa autora<br \/><strong>Broj stranica:<\/strong> 110<br \/><strong>Nakladnik:<\/strong> Hrvatsko interdisciplinarno dru\u0161tvo<br \/><strong>Godina izdanja:<\/strong> 2020 .<br \/><strong>ISBN:<\/strong> ISSN 1334-4684<br \/><strong>Tisak:<\/strong> digitalni tisak knjiga &#8211; print na zahtjev<\/p>\n<p style=\"text-align: justify;\">\u00a0<\/p>\n<p style=\"text-align: justify;\"><strong>Kako naru\u010diti knjigu?\u00a0<\/strong>Proces online kupovine jednako funkcionira za sve kupce, s jedinom razlikom u tome \u0161to \u0161to kupci iz inozemstva za podru\u010dje dostave moraju odabrati &#8220;Europa&#8221; ili &#8220;Ostale zemlje svijeta&#8221;, a za vrstu pla\u0107anja WSPay (kreditna kartica) ili Virmanom (bankovni transfer).<\/p>\n<p style=\"text-align: justify;\">Molimo kliknite ovdje za\u00a0<a href=\"hr\/kako-kupovati\">detaljni vodi\u010d kroz proces narud\u017ebe<\/a>\u00a0ili nas\u00a0<a href=\"hr\/kontakt\">kontaktirajte<\/a>\u00a0za vi\u0161e informacija.<\/p>\n","protected":false},"excerpt":{"rendered":"<p>Sa\u017eetak: 7 znanstvenih radova doma\u0107ih i inozemnih autora Klju\u010dne rije\u010di: North America, South America, domestication, animals, megafauna, artificial intelligence, artificial consciousness, engineering intelligence, empathy, power, PVQ-RR, Schwartz, Southeast Europe, values, business demography statistics, correlation, European countries, hierarchical clustering method, welfare state, subjective well-being. SWB, life satisfaction, biotensegrity, fascintegrity, anatomical and neuromyofascial sling, neuromyofascial tone, locomotion [&hellip;]<\/p>\n","protected":false},"featured_media":9267,"comment_status":"open","ping_status":"closed","template":"","meta":{"_acf_changed":false},"product_brand":[],"product_cat":[1539],"product_tag":[],"class_list":{"0":"post-9266","1":"product","2":"type-product","3":"status-publish","4":"has-post-thumbnail","6":"product_cat-sveucilisni-udzbenici-i-prirucnici","7":"pa_autor-grupa-autora","8":"pa_nakladnik-hrvatsko-interdisciplinarno-drustvo","10":"first","11":"instock","12":"shipping-taxable","13":"purchasable","14":"product-type-simple"},"acf":[],"yoast_head":"<!-- This site is optimized with the Yoast SEO plugin v27.3 - https:\/\/yoast.com\/product\/yoast-seo-wordpress\/ -->\n<title>ZNANSTVENI \u010cASOPIS \u201eINTERDISCIPLINARY DESCRIPTION OF COMPLEX SYSTEMS\u201c 18 (2-A), Grupa autora - Web-knji\u017eara<\/title>\n<meta name=\"robots\" content=\"index, follow, max-snippet:-1, max-image-preview:large, max-video-preview:-1\" \/>\n<link rel=\"canonical\" href=\"https:\/\/webknjizara.hr\/proizvod\/znanstveni-casopis-interdisciplinary-description-of-complex-systems-18-2-a-grupa-autora\/\" \/>\n<meta property=\"og:locale\" content=\"en_US\" \/>\n<meta property=\"og:type\" content=\"article\" \/>\n<meta property=\"og:title\" content=\"ZNANSTVENI \u010cASOPIS \u201eINTERDISCIPLINARY DESCRIPTION OF COMPLEX SYSTEMS\u201c 18 (2-A), Grupa autora - Web-knji\u017eara\" \/>\n<meta property=\"og:description\" content=\"Sa\u017eetak: 7 znanstvenih radova doma\u0107ih i inozemnih autora Klju\u010dne rije\u010di: North America, South America, domestication, animals, megafauna, artificial intelligence, artificial consciousness, engineering intelligence, empathy, power, PVQ-RR, Schwartz, Southeast Europe, values, business demography statistics, correlation, European countries, hierarchical clustering method, welfare state, subjective well-being. SWB, life satisfaction, biotensegrity, fascintegrity, anatomical and neuromyofascial sling, neuromyofascial tone, locomotion [&hellip;]\" \/>\n<meta property=\"og:url\" content=\"https:\/\/webknjizara.hr\/proizvod\/znanstveni-casopis-interdisciplinary-description-of-complex-systems-18-2-a-grupa-autora\/\" \/>\n<meta property=\"og:site_name\" content=\"Web-knji\u017eara\" \/>\n<meta property=\"article:modified_time\" content=\"2023-02-26T23:18:08+00:00\" \/>\n<meta property=\"og:image\" content=\"https:\/\/webknjizara.hr\/wp-content\/uploads\/nc\/images\/virtuemart\/product\/HRVATSKO_INTERDISCIPLINARNO_DRUSTVO_Casopis_Indecs_18_2_A_WEBn.jpg\" \/>\n\t<meta property=\"og:image:width\" content=\"300\" \/>\n\t<meta property=\"og:image:height\" content=\"419\" \/>\n\t<meta property=\"og:image:type\" content=\"image\/jpeg\" \/>\n<meta name=\"twitter:card\" content=\"summary_large_image\" \/>\n<meta name=\"twitter:label1\" content=\"Est. reading time\" \/>\n\t<meta name=\"twitter:data1\" content=\"1 minute\" \/>\n<script type=\"application\/ld+json\" class=\"yoast-schema-graph\">{\"@context\":\"https:\\\/\\\/schema.org\",\"@graph\":[{\"@type\":\"WebPage\",\"@id\":\"https:\\\/\\\/webknjizara.hr\\\/proizvod\\\/znanstveni-casopis-interdisciplinary-description-of-complex-systems-18-2-a-grupa-autora\\\/\",\"url\":\"https:\\\/\\\/webknjizara.hr\\\/proizvod\\\/znanstveni-casopis-interdisciplinary-description-of-complex-systems-18-2-a-grupa-autora\\\/\",\"name\":\"ZNANSTVENI \u010cASOPIS \u201eINTERDISCIPLINARY DESCRIPTION OF COMPLEX SYSTEMS\u201c 18 (2-A), Grupa autora - Web-knji\u017eara\",\"isPartOf\":{\"@id\":\"https:\\\/\\\/webknjizara.hr\\\/#website\"},\"primaryImageOfPage\":{\"@id\":\"https:\\\/\\\/webknjizara.hr\\\/proizvod\\\/znanstveni-casopis-interdisciplinary-description-of-complex-systems-18-2-a-grupa-autora\\\/#primaryimage\"},\"image\":{\"@id\":\"https:\\\/\\\/webknjizara.hr\\\/proizvod\\\/znanstveni-casopis-interdisciplinary-description-of-complex-systems-18-2-a-grupa-autora\\\/#primaryimage\"},\"thumbnailUrl\":\"https:\\\/\\\/webknjizara.hr\\\/wp-content\\\/uploads\\\/nc\\\/images\\\/virtuemart\\\/product\\\/HRVATSKO_INTERDISCIPLINARNO_DRUSTVO_Casopis_Indecs_18_2_A_WEBn.jpg\",\"datePublished\":\"2020-07-01T13:58:40+00:00\",\"dateModified\":\"2023-02-26T23:18:08+00:00\",\"breadcrumb\":{\"@id\":\"https:\\\/\\\/webknjizara.hr\\\/proizvod\\\/znanstveni-casopis-interdisciplinary-description-of-complex-systems-18-2-a-grupa-autora\\\/#breadcrumb\"},\"inLanguage\":\"en-US\",\"potentialAction\":[{\"@type\":\"ReadAction\",\"target\":[\"https:\\\/\\\/webknjizara.hr\\\/proizvod\\\/znanstveni-casopis-interdisciplinary-description-of-complex-systems-18-2-a-grupa-autora\\\/\"]}]},{\"@type\":\"ImageObject\",\"inLanguage\":\"en-US\",\"@id\":\"https:\\\/\\\/webknjizara.hr\\\/proizvod\\\/znanstveni-casopis-interdisciplinary-description-of-complex-systems-18-2-a-grupa-autora\\\/#primaryimage\",\"url\":\"https:\\\/\\\/webknjizara.hr\\\/wp-content\\\/uploads\\\/nc\\\/images\\\/virtuemart\\\/product\\\/HRVATSKO_INTERDISCIPLINARNO_DRUSTVO_Casopis_Indecs_18_2_A_WEBn.jpg\",\"contentUrl\":\"https:\\\/\\\/webknjizara.hr\\\/wp-content\\\/uploads\\\/nc\\\/images\\\/virtuemart\\\/product\\\/HRVATSKO_INTERDISCIPLINARNO_DRUSTVO_Casopis_Indecs_18_2_A_WEBn.jpg\",\"width\":300,\"height\":419,\"caption\":\"ZNANSTVENI \u010cASOPIS \u201eINTERDISCIPLINARY DESCRIPTION OF COMPLEX SYSTEMS\u201c 18 (2-A), Grupa autora\"},{\"@type\":\"BreadcrumbList\",\"@id\":\"https:\\\/\\\/webknjizara.hr\\\/proizvod\\\/znanstveni-casopis-interdisciplinary-description-of-complex-systems-18-2-a-grupa-autora\\\/#breadcrumb\",\"itemListElement\":[{\"@type\":\"ListItem\",\"position\":1,\"name\":\"Po\u010detna stranica\",\"item\":\"https:\\\/\\\/webknjizara.hr\\\/en\\\/\"},{\"@type\":\"ListItem\",\"position\":2,\"name\":\"Shop\",\"item\":\"https:\\\/\\\/webknjizara.hr\\\/shop\\\/\"},{\"@type\":\"ListItem\",\"position\":3,\"name\":\"ZNANSTVENI \u010cASOPIS \u201eINTERDISCIPLINARY DESCRIPTION OF COMPLEX SYSTEMS\u201c 18 (2-A), Grupa autora\"}]},{\"@type\":\"WebSite\",\"@id\":\"https:\\\/\\\/webknjizara.hr\\\/#website\",\"url\":\"https:\\\/\\\/webknjizara.hr\\\/\",\"name\":\"Web Knji\u017eara\",\"description\":\"\",\"publisher\":{\"@id\":\"https:\\\/\\\/webknjizara.hr\\\/#organization\"},\"potentialAction\":[{\"@type\":\"SearchAction\",\"target\":{\"@type\":\"EntryPoint\",\"urlTemplate\":\"https:\\\/\\\/webknjizara.hr\\\/?s={search_term_string}\"},\"query-input\":{\"@type\":\"PropertyValueSpecification\",\"valueRequired\":true,\"valueName\":\"search_term_string\"}}],\"inLanguage\":\"en-US\"},{\"@type\":\"Organization\",\"@id\":\"https:\\\/\\\/webknjizara.hr\\\/#organization\",\"name\":\"REDAK D.O.O.\",\"url\":\"https:\\\/\\\/webknjizara.hr\\\/\",\"logo\":{\"@type\":\"ImageObject\",\"inLanguage\":\"en-US\",\"@id\":\"https:\\\/\\\/webknjizara.hr\\\/#\\\/schema\\\/logo\\\/image\\\/\",\"url\":\"https:\\\/\\\/webknjizara.hr\\\/wp-content\\\/uploads\\\/2023\\\/01\\\/web-knjizara-logo.webp\",\"contentUrl\":\"https:\\\/\\\/webknjizara.hr\\\/wp-content\\\/uploads\\\/2023\\\/01\\\/web-knjizara-logo.webp\",\"width\":324,\"height\":79,\"caption\":\"REDAK D.O.O.\"},\"image\":{\"@id\":\"https:\\\/\\\/webknjizara.hr\\\/#\\\/schema\\\/logo\\\/image\\\/\"}}]}<\/script>\n<!-- \/ Yoast SEO plugin. -->","yoast_head_json":{"title":"ZNANSTVENI \u010cASOPIS \u201eINTERDISCIPLINARY DESCRIPTION OF COMPLEX SYSTEMS\u201c 18 (2-A), Grupa autora - Web-knji\u017eara","robots":{"index":"index","follow":"follow","max-snippet":"max-snippet:-1","max-image-preview":"max-image-preview:large","max-video-preview":"max-video-preview:-1"},"canonical":"https:\/\/webknjizara.hr\/proizvod\/znanstveni-casopis-interdisciplinary-description-of-complex-systems-18-2-a-grupa-autora\/","og_locale":"en_US","og_type":"article","og_title":"ZNANSTVENI \u010cASOPIS \u201eINTERDISCIPLINARY DESCRIPTION OF COMPLEX SYSTEMS\u201c 18 (2-A), Grupa autora - Web-knji\u017eara","og_description":"Sa\u017eetak: 7 znanstvenih radova doma\u0107ih i inozemnih autora Klju\u010dne rije\u010di: North America, South America, domestication, animals, megafauna, artificial intelligence, artificial consciousness, engineering intelligence, empathy, power, PVQ-RR, Schwartz, Southeast Europe, values, business demography statistics, correlation, European countries, hierarchical clustering method, welfare state, subjective well-being. SWB, life satisfaction, biotensegrity, fascintegrity, anatomical and neuromyofascial sling, neuromyofascial tone, locomotion [&hellip;]","og_url":"https:\/\/webknjizara.hr\/proizvod\/znanstveni-casopis-interdisciplinary-description-of-complex-systems-18-2-a-grupa-autora\/","og_site_name":"Web-knji\u017eara","article_modified_time":"2023-02-26T23:18:08+00:00","og_image":[{"width":300,"height":419,"url":"https:\/\/webknjizara.hr\/wp-content\/uploads\/nc\/images\/virtuemart\/product\/HRVATSKO_INTERDISCIPLINARNO_DRUSTVO_Casopis_Indecs_18_2_A_WEBn.jpg","type":"image\/jpeg"}],"twitter_card":"summary_large_image","twitter_misc":{"Est. reading time":"1 minute"},"schema":{"@context":"https:\/\/schema.org","@graph":[{"@type":"WebPage","@id":"https:\/\/webknjizara.hr\/proizvod\/znanstveni-casopis-interdisciplinary-description-of-complex-systems-18-2-a-grupa-autora\/","url":"https:\/\/webknjizara.hr\/proizvod\/znanstveni-casopis-interdisciplinary-description-of-complex-systems-18-2-a-grupa-autora\/","name":"ZNANSTVENI \u010cASOPIS \u201eINTERDISCIPLINARY DESCRIPTION OF COMPLEX SYSTEMS\u201c 18 (2-A), Grupa autora - Web-knji\u017eara","isPartOf":{"@id":"https:\/\/webknjizara.hr\/#website"},"primaryImageOfPage":{"@id":"https:\/\/webknjizara.hr\/proizvod\/znanstveni-casopis-interdisciplinary-description-of-complex-systems-18-2-a-grupa-autora\/#primaryimage"},"image":{"@id":"https:\/\/webknjizara.hr\/proizvod\/znanstveni-casopis-interdisciplinary-description-of-complex-systems-18-2-a-grupa-autora\/#primaryimage"},"thumbnailUrl":"https:\/\/webknjizara.hr\/wp-content\/uploads\/nc\/images\/virtuemart\/product\/HRVATSKO_INTERDISCIPLINARNO_DRUSTVO_Casopis_Indecs_18_2_A_WEBn.jpg","datePublished":"2020-07-01T13:58:40+00:00","dateModified":"2023-02-26T23:18:08+00:00","breadcrumb":{"@id":"https:\/\/webknjizara.hr\/proizvod\/znanstveni-casopis-interdisciplinary-description-of-complex-systems-18-2-a-grupa-autora\/#breadcrumb"},"inLanguage":"en-US","potentialAction":[{"@type":"ReadAction","target":["https:\/\/webknjizara.hr\/proizvod\/znanstveni-casopis-interdisciplinary-description-of-complex-systems-18-2-a-grupa-autora\/"]}]},{"@type":"ImageObject","inLanguage":"en-US","@id":"https:\/\/webknjizara.hr\/proizvod\/znanstveni-casopis-interdisciplinary-description-of-complex-systems-18-2-a-grupa-autora\/#primaryimage","url":"https:\/\/webknjizara.hr\/wp-content\/uploads\/nc\/images\/virtuemart\/product\/HRVATSKO_INTERDISCIPLINARNO_DRUSTVO_Casopis_Indecs_18_2_A_WEBn.jpg","contentUrl":"https:\/\/webknjizara.hr\/wp-content\/uploads\/nc\/images\/virtuemart\/product\/HRVATSKO_INTERDISCIPLINARNO_DRUSTVO_Casopis_Indecs_18_2_A_WEBn.jpg","width":300,"height":419,"caption":"ZNANSTVENI \u010cASOPIS \u201eINTERDISCIPLINARY DESCRIPTION OF COMPLEX SYSTEMS\u201c 18 (2-A), Grupa autora"},{"@type":"BreadcrumbList","@id":"https:\/\/webknjizara.hr\/proizvod\/znanstveni-casopis-interdisciplinary-description-of-complex-systems-18-2-a-grupa-autora\/#breadcrumb","itemListElement":[{"@type":"ListItem","position":1,"name":"Po\u010detna stranica","item":"https:\/\/webknjizara.hr\/en\/"},{"@type":"ListItem","position":2,"name":"Shop","item":"https:\/\/webknjizara.hr\/shop\/"},{"@type":"ListItem","position":3,"name":"ZNANSTVENI \u010cASOPIS \u201eINTERDISCIPLINARY DESCRIPTION OF COMPLEX SYSTEMS\u201c 18 (2-A), Grupa autora"}]},{"@type":"WebSite","@id":"https:\/\/webknjizara.hr\/#website","url":"https:\/\/webknjizara.hr\/","name":"Web Knji\u017eara","description":"","publisher":{"@id":"https:\/\/webknjizara.hr\/#organization"},"potentialAction":[{"@type":"SearchAction","target":{"@type":"EntryPoint","urlTemplate":"https:\/\/webknjizara.hr\/?s={search_term_string}"},"query-input":{"@type":"PropertyValueSpecification","valueRequired":true,"valueName":"search_term_string"}}],"inLanguage":"en-US"},{"@type":"Organization","@id":"https:\/\/webknjizara.hr\/#organization","name":"REDAK D.O.O.","url":"https:\/\/webknjizara.hr\/","logo":{"@type":"ImageObject","inLanguage":"en-US","@id":"https:\/\/webknjizara.hr\/#\/schema\/logo\/image\/","url":"https:\/\/webknjizara.hr\/wp-content\/uploads\/2023\/01\/web-knjizara-logo.webp","contentUrl":"https:\/\/webknjizara.hr\/wp-content\/uploads\/2023\/01\/web-knjizara-logo.webp","width":324,"height":79,"caption":"REDAK D.O.O."},"image":{"@id":"https:\/\/webknjizara.hr\/#\/schema\/logo\/image\/"}}]}},"_links":{"self":[{"href":"https:\/\/webknjizara.hr\/en\/wp-json\/wp\/v2\/product\/9266","targetHints":{"allow":["GET"]}}],"collection":[{"href":"https:\/\/webknjizara.hr\/en\/wp-json\/wp\/v2\/product"}],"about":[{"href":"https:\/\/webknjizara.hr\/en\/wp-json\/wp\/v2\/types\/product"}],"replies":[{"embeddable":true,"href":"https:\/\/webknjizara.hr\/en\/wp-json\/wp\/v2\/comments?post=9266"}],"wp:featuredmedia":[{"embeddable":true,"href":"https:\/\/webknjizara.hr\/en\/wp-json\/wp\/v2\/media\/9267"}],"wp:attachment":[{"href":"https:\/\/webknjizara.hr\/en\/wp-json\/wp\/v2\/media?parent=9266"}],"wp:term":[{"taxonomy":"product_brand","embeddable":true,"href":"https:\/\/webknjizara.hr\/en\/wp-json\/wp\/v2\/product_brand?post=9266"},{"taxonomy":"product_cat","embeddable":true,"href":"https:\/\/webknjizara.hr\/en\/wp-json\/wp\/v2\/product_cat?post=9266"},{"taxonomy":"product_tag","embeddable":true,"href":"https:\/\/webknjizara.hr\/en\/wp-json\/wp\/v2\/product_tag?post=9266"}],"curies":[{"name":"wp","href":"https:\/\/api.w.org\/{rel}","templated":true}]}}