{"id":9261,"date":"2020-06-15T12:40:04","date_gmt":"2020-06-15T12:40:04","guid":{"rendered":"https:\/\/webknjizara.hr\/?product=u-krilu-lava-bozena-glavan"},"modified":"2023-02-27T00:18:08","modified_gmt":"2023-02-26T23:18:08","slug":"u-krilu-lava-bozena-glavan","status":"publish","type":"product","link":"https:\/\/webknjizara.hr\/en\/proizvod\/u-krilu-lava-bozena-glavan\/","title":{"rendered":"U KRILU LAVA, Bo\u017eena Glavan"},"content":{"rendered":"<p><strong>Sa\u017eetak:<\/strong><\/p>\n<p>Godina je 1675., vrijeme primirja izme\u0111u mleta\u010dko \u2013 osmanskih vojnih snaga u Dalmaciji iza Kandijskoga rata. Nin je sa svojim okrugom jedini dalmatinski grad koji se u tom trenutku nalazi na sjeci\u0161tu triju granica jakih politi\u010dkih sila: Habsbur\u0161ke Monarhije, Mleta\u010dke Republike i Osmanskoga Carstva. Bez stanovnika, razru\u0161en te izlo\u017een \u010destim neredima na obli\u017enjoj granici, grad \u0107e se iza rata po\u010deti obnavljati zaslugom tek jedne ninske plemi\u0107ke obitelji i ninskoga biskupa.<\/p>\n<p>Pri\u010da je to o procesu gubitka samostalnosti jednoga grada u 17. stolje\u0107u koji je, od vladarske prijestolnice u ranome srednjem vijeku, postao tek utvrda za obranu od Osmanlija.<\/p>\n<p>U romanu se isprepli\u0107u stvarna povijesna zbivanja s fikcijom. Likovi u njemu uistinu su \u017eivjeli u Ninu u to vrijeme i svojim su djelovanjem ostavili zna\u010dajan trag u njegovoj pro\u0161losti.<\/p>\n<p>Zanimljivi i pou\u010dni dijalozi te o\u017eivljeni stvarni doga\u0111aj s primjesom krimi\u0107a i ljubavne pri\u010de stvaraju radnju napetom. Roman je to koji \u0107e zasigurno odu\u0161eviti \u010ditatelje, napose ljubitelje povijesnih romana.<\/p>\n<p><strong>Bilje\u0161ka o autoru\/autorici:<\/strong><\/p>\n<p>Autorica knjige Bo\u017eena Glavan doktorica je povijesnih znanosti. U stru\u010dnim \u010dasopisima za povijest redovito objavljuje radove za razdoblje ranoga novog vijeka (16. &#8211; 18. st.). Ovo je, me\u0111utim, prvi njezin roman povijesne fikcije, temeljen na stvarnim doga\u0111ajima o kojima je podatke prikupila iz arhivskih izvora<\/p>\n<p><strong>Klju\u010dne rije\u010di: <\/strong>Povijesni roman, Mleta\u010dka Republika, rani novi vijek, Mleta\u010dko \u2013 osmanski ratovi, povijesna fikcija, grad Nin, Dalmacija<\/p>\n<p><strong>E-mail:<\/strong> <a href=\"mailto:bozenaglavan@gmail.com\" target=\"_blank\" rel=\"noopener noreferrer\">Bo\u017eena Glavan<\/a>\u00a0<\/p>\n<p>\u00a0<\/p>\n<p><strong>Naslov:<\/strong> U krilu lava<br \/><strong>Autor:<\/strong> Bo\u017eena Glavan<br \/><strong>Broj stranica:<\/strong> 124<br \/><strong>Nakladnik:<\/strong> Redak<br \/><strong>Godina izdanja:<\/strong> 2020 .<br \/><strong>ISBN:<\/strong> 978-953-336-661-6<br \/><strong>Tisak:<\/strong> digitalni tisak knjiga &#8211; print na zahtjev<\/p>\n<p>\u00a0<\/p>\n<p><strong>Kako naru\u010diti knjigu?\u00a0<\/strong>Proces online kupovine jednako funkcionira za sve kupce, s jedinom razlikom u tome \u0161to \u0161to kupci iz inozemstva za podru\u010dje dostave moraju odabrati &#8220;Europa&#8221; ili &#8220;Ostale zemlje svijeta&#8221;, a za vrstu pla\u0107anja WSPay (kreditna kartica) ili Virmanom (bankovni transfer).<\/p>\n<p style=\"text-align: justify;\">Molimo kliknite ovdje za\u00a0<a href=\"hr\/kako-kupovati\">detaljni vodi\u010d kroz proces narud\u017ebe<\/a>\u00a0ili nas\u00a0<a href=\"hr\/kontakt\">kontaktirajte<\/a>\u00a0za vi\u0161e informacija.<\/p>\n","protected":false},"excerpt":{"rendered":"<p>Sa\u017eetak: Godina je 1675., vrijeme primirja izme\u0111u mleta\u010dko \u2013 osmanskih vojnih snaga u Dalmaciji iza Kandijskoga rata. Nin je sa svojim okrugom jedini dalmatinski grad koji se u tom trenutku nalazi na sjeci\u0161tu triju granica jakih politi\u010dkih sila: Habsbur\u0161ke Monarhije, Mleta\u010dke Republike i Osmanskoga Carstva. Bez stanovnika, razru\u0161en te izlo\u017een \u010destim neredima na obli\u017enjoj granici, [&hellip;]<\/p>\n","protected":false},"featured_media":9262,"comment_status":"open","ping_status":"closed","template":"","meta":{"_acf_changed":false},"product_brand":[],"product_cat":[1515,1383,1385],"product_tag":[],"class_list":{"0":"post-9261","1":"product","2":"type-product","3":"status-publish","4":"has-post-thumbnail","6":"product_cat-romani","7":"product_cat-knjige","8":"product_cat-knjizevnost","9":"pa_nakladnik-redak","11":"first","12":"instock","13":"shipping-taxable","14":"purchasable","15":"product-type-simple"},"acf":[],"yoast_head":"<!-- This site is optimized with the Yoast SEO plugin v27.3 - https:\/\/yoast.com\/product\/yoast-seo-wordpress\/ -->\n<title>U KRILU LAVA, Bo\u017eena Glavan - Web-knji\u017eara<\/title>\n<meta name=\"robots\" content=\"index, follow, max-snippet:-1, max-image-preview:large, max-video-preview:-1\" \/>\n<link rel=\"canonical\" href=\"https:\/\/webknjizara.hr\/proizvod\/u-krilu-lava-bozena-glavan\/\" \/>\n<meta property=\"og:locale\" content=\"en_US\" \/>\n<meta property=\"og:type\" content=\"article\" \/>\n<meta property=\"og:title\" content=\"U KRILU LAVA, Bo\u017eena Glavan - Web-knji\u017eara\" \/>\n<meta property=\"og:description\" content=\"Sa\u017eetak: Godina je 1675., vrijeme primirja izme\u0111u mleta\u010dko \u2013 osmanskih vojnih snaga u Dalmaciji iza Kandijskoga rata. Nin je sa svojim okrugom jedini dalmatinski grad koji se u tom trenutku nalazi na sjeci\u0161tu triju granica jakih politi\u010dkih sila: Habsbur\u0161ke Monarhije, Mleta\u010dke Republike i Osmanskoga Carstva. Bez stanovnika, razru\u0161en te izlo\u017een \u010destim neredima na obli\u017enjoj granici, [&hellip;]\" \/>\n<meta property=\"og:url\" content=\"https:\/\/webknjizara.hr\/proizvod\/u-krilu-lava-bozena-glavan\/\" \/>\n<meta property=\"og:site_name\" content=\"Web-knji\u017eara\" \/>\n<meta property=\"article:modified_time\" content=\"2023-02-26T23:18:08+00:00\" \/>\n<meta property=\"og:image\" content=\"https:\/\/webknjizara.hr\/wp-content\/uploads\/nc\/images\/virtuemart\/product\/Bozena_Glavan_U_krilu_lava_naslovnica_WEB.jpg\" \/>\n\t<meta property=\"og:image:width\" content=\"300\" \/>\n\t<meta property=\"og:image:height\" content=\"419\" \/>\n\t<meta property=\"og:image:type\" content=\"image\/jpeg\" \/>\n<meta name=\"twitter:card\" content=\"summary_large_image\" \/>\n<meta name=\"twitter:label1\" content=\"Est. reading time\" \/>\n\t<meta name=\"twitter:data1\" content=\"2 minutes\" \/>\n<script type=\"application\/ld+json\" class=\"yoast-schema-graph\">{\"@context\":\"https:\\\/\\\/schema.org\",\"@graph\":[{\"@type\":\"WebPage\",\"@id\":\"https:\\\/\\\/webknjizara.hr\\\/proizvod\\\/u-krilu-lava-bozena-glavan\\\/\",\"url\":\"https:\\\/\\\/webknjizara.hr\\\/proizvod\\\/u-krilu-lava-bozena-glavan\\\/\",\"name\":\"U KRILU LAVA, Bo\u017eena Glavan - Web-knji\u017eara\",\"isPartOf\":{\"@id\":\"https:\\\/\\\/webknjizara.hr\\\/#website\"},\"primaryImageOfPage\":{\"@id\":\"https:\\\/\\\/webknjizara.hr\\\/proizvod\\\/u-krilu-lava-bozena-glavan\\\/#primaryimage\"},\"image\":{\"@id\":\"https:\\\/\\\/webknjizara.hr\\\/proizvod\\\/u-krilu-lava-bozena-glavan\\\/#primaryimage\"},\"thumbnailUrl\":\"https:\\\/\\\/webknjizara.hr\\\/wp-content\\\/uploads\\\/nc\\\/images\\\/virtuemart\\\/product\\\/Bozena_Glavan_U_krilu_lava_naslovnica_WEB.jpg\",\"datePublished\":\"2020-06-15T12:40:04+00:00\",\"dateModified\":\"2023-02-26T23:18:08+00:00\",\"breadcrumb\":{\"@id\":\"https:\\\/\\\/webknjizara.hr\\\/proizvod\\\/u-krilu-lava-bozena-glavan\\\/#breadcrumb\"},\"inLanguage\":\"en-US\",\"potentialAction\":[{\"@type\":\"ReadAction\",\"target\":[\"https:\\\/\\\/webknjizara.hr\\\/proizvod\\\/u-krilu-lava-bozena-glavan\\\/\"]}]},{\"@type\":\"ImageObject\",\"inLanguage\":\"en-US\",\"@id\":\"https:\\\/\\\/webknjizara.hr\\\/proizvod\\\/u-krilu-lava-bozena-glavan\\\/#primaryimage\",\"url\":\"https:\\\/\\\/webknjizara.hr\\\/wp-content\\\/uploads\\\/nc\\\/images\\\/virtuemart\\\/product\\\/Bozena_Glavan_U_krilu_lava_naslovnica_WEB.jpg\",\"contentUrl\":\"https:\\\/\\\/webknjizara.hr\\\/wp-content\\\/uploads\\\/nc\\\/images\\\/virtuemart\\\/product\\\/Bozena_Glavan_U_krilu_lava_naslovnica_WEB.jpg\",\"width\":300,\"height\":419,\"caption\":\"U KRILU LAVA, Bo\u017eena Glavan\"},{\"@type\":\"BreadcrumbList\",\"@id\":\"https:\\\/\\\/webknjizara.hr\\\/proizvod\\\/u-krilu-lava-bozena-glavan\\\/#breadcrumb\",\"itemListElement\":[{\"@type\":\"ListItem\",\"position\":1,\"name\":\"Po\u010detna stranica\",\"item\":\"https:\\\/\\\/webknjizara.hr\\\/en\\\/\"},{\"@type\":\"ListItem\",\"position\":2,\"name\":\"Shop\",\"item\":\"https:\\\/\\\/webknjizara.hr\\\/shop\\\/\"},{\"@type\":\"ListItem\",\"position\":3,\"name\":\"U KRILU LAVA, Bo\u017eena Glavan\"}]},{\"@type\":\"WebSite\",\"@id\":\"https:\\\/\\\/webknjizara.hr\\\/#website\",\"url\":\"https:\\\/\\\/webknjizara.hr\\\/\",\"name\":\"Web Knji\u017eara\",\"description\":\"\",\"publisher\":{\"@id\":\"https:\\\/\\\/webknjizara.hr\\\/#organization\"},\"potentialAction\":[{\"@type\":\"SearchAction\",\"target\":{\"@type\":\"EntryPoint\",\"urlTemplate\":\"https:\\\/\\\/webknjizara.hr\\\/?s={search_term_string}\"},\"query-input\":{\"@type\":\"PropertyValueSpecification\",\"valueRequired\":true,\"valueName\":\"search_term_string\"}}],\"inLanguage\":\"en-US\"},{\"@type\":\"Organization\",\"@id\":\"https:\\\/\\\/webknjizara.hr\\\/#organization\",\"name\":\"REDAK D.O.O.\",\"url\":\"https:\\\/\\\/webknjizara.hr\\\/\",\"logo\":{\"@type\":\"ImageObject\",\"inLanguage\":\"en-US\",\"@id\":\"https:\\\/\\\/webknjizara.hr\\\/#\\\/schema\\\/logo\\\/image\\\/\",\"url\":\"https:\\\/\\\/webknjizara.hr\\\/wp-content\\\/uploads\\\/2023\\\/01\\\/web-knjizara-logo.webp\",\"contentUrl\":\"https:\\\/\\\/webknjizara.hr\\\/wp-content\\\/uploads\\\/2023\\\/01\\\/web-knjizara-logo.webp\",\"width\":324,\"height\":79,\"caption\":\"REDAK D.O.O.\"},\"image\":{\"@id\":\"https:\\\/\\\/webknjizara.hr\\\/#\\\/schema\\\/logo\\\/image\\\/\"}}]}<\/script>\n<!-- \/ Yoast SEO plugin. -->","yoast_head_json":{"title":"U KRILU LAVA, Bo\u017eena Glavan - Web-knji\u017eara","robots":{"index":"index","follow":"follow","max-snippet":"max-snippet:-1","max-image-preview":"max-image-preview:large","max-video-preview":"max-video-preview:-1"},"canonical":"https:\/\/webknjizara.hr\/proizvod\/u-krilu-lava-bozena-glavan\/","og_locale":"en_US","og_type":"article","og_title":"U KRILU LAVA, Bo\u017eena Glavan - Web-knji\u017eara","og_description":"Sa\u017eetak: Godina je 1675., vrijeme primirja izme\u0111u mleta\u010dko \u2013 osmanskih vojnih snaga u Dalmaciji iza Kandijskoga rata. Nin je sa svojim okrugom jedini dalmatinski grad koji se u tom trenutku nalazi na sjeci\u0161tu triju granica jakih politi\u010dkih sila: Habsbur\u0161ke Monarhije, Mleta\u010dke Republike i Osmanskoga Carstva. Bez stanovnika, razru\u0161en te izlo\u017een \u010destim neredima na obli\u017enjoj granici, [&hellip;]","og_url":"https:\/\/webknjizara.hr\/proizvod\/u-krilu-lava-bozena-glavan\/","og_site_name":"Web-knji\u017eara","article_modified_time":"2023-02-26T23:18:08+00:00","og_image":[{"width":300,"height":419,"url":"https:\/\/webknjizara.hr\/wp-content\/uploads\/nc\/images\/virtuemart\/product\/Bozena_Glavan_U_krilu_lava_naslovnica_WEB.jpg","type":"image\/jpeg"}],"twitter_card":"summary_large_image","twitter_misc":{"Est. reading time":"2 minutes"},"schema":{"@context":"https:\/\/schema.org","@graph":[{"@type":"WebPage","@id":"https:\/\/webknjizara.hr\/proizvod\/u-krilu-lava-bozena-glavan\/","url":"https:\/\/webknjizara.hr\/proizvod\/u-krilu-lava-bozena-glavan\/","name":"U KRILU LAVA, Bo\u017eena Glavan - Web-knji\u017eara","isPartOf":{"@id":"https:\/\/webknjizara.hr\/#website"},"primaryImageOfPage":{"@id":"https:\/\/webknjizara.hr\/proizvod\/u-krilu-lava-bozena-glavan\/#primaryimage"},"image":{"@id":"https:\/\/webknjizara.hr\/proizvod\/u-krilu-lava-bozena-glavan\/#primaryimage"},"thumbnailUrl":"https:\/\/webknjizara.hr\/wp-content\/uploads\/nc\/images\/virtuemart\/product\/Bozena_Glavan_U_krilu_lava_naslovnica_WEB.jpg","datePublished":"2020-06-15T12:40:04+00:00","dateModified":"2023-02-26T23:18:08+00:00","breadcrumb":{"@id":"https:\/\/webknjizara.hr\/proizvod\/u-krilu-lava-bozena-glavan\/#breadcrumb"},"inLanguage":"en-US","potentialAction":[{"@type":"ReadAction","target":["https:\/\/webknjizara.hr\/proizvod\/u-krilu-lava-bozena-glavan\/"]}]},{"@type":"ImageObject","inLanguage":"en-US","@id":"https:\/\/webknjizara.hr\/proizvod\/u-krilu-lava-bozena-glavan\/#primaryimage","url":"https:\/\/webknjizara.hr\/wp-content\/uploads\/nc\/images\/virtuemart\/product\/Bozena_Glavan_U_krilu_lava_naslovnica_WEB.jpg","contentUrl":"https:\/\/webknjizara.hr\/wp-content\/uploads\/nc\/images\/virtuemart\/product\/Bozena_Glavan_U_krilu_lava_naslovnica_WEB.jpg","width":300,"height":419,"caption":"U KRILU LAVA, Bo\u017eena Glavan"},{"@type":"BreadcrumbList","@id":"https:\/\/webknjizara.hr\/proizvod\/u-krilu-lava-bozena-glavan\/#breadcrumb","itemListElement":[{"@type":"ListItem","position":1,"name":"Po\u010detna stranica","item":"https:\/\/webknjizara.hr\/en\/"},{"@type":"ListItem","position":2,"name":"Shop","item":"https:\/\/webknjizara.hr\/shop\/"},{"@type":"ListItem","position":3,"name":"U KRILU LAVA, Bo\u017eena Glavan"}]},{"@type":"WebSite","@id":"https:\/\/webknjizara.hr\/#website","url":"https:\/\/webknjizara.hr\/","name":"Web Knji\u017eara","description":"","publisher":{"@id":"https:\/\/webknjizara.hr\/#organization"},"potentialAction":[{"@type":"SearchAction","target":{"@type":"EntryPoint","urlTemplate":"https:\/\/webknjizara.hr\/?s={search_term_string}"},"query-input":{"@type":"PropertyValueSpecification","valueRequired":true,"valueName":"search_term_string"}}],"inLanguage":"en-US"},{"@type":"Organization","@id":"https:\/\/webknjizara.hr\/#organization","name":"REDAK D.O.O.","url":"https:\/\/webknjizara.hr\/","logo":{"@type":"ImageObject","inLanguage":"en-US","@id":"https:\/\/webknjizara.hr\/#\/schema\/logo\/image\/","url":"https:\/\/webknjizara.hr\/wp-content\/uploads\/2023\/01\/web-knjizara-logo.webp","contentUrl":"https:\/\/webknjizara.hr\/wp-content\/uploads\/2023\/01\/web-knjizara-logo.webp","width":324,"height":79,"caption":"REDAK D.O.O."},"image":{"@id":"https:\/\/webknjizara.hr\/#\/schema\/logo\/image\/"}}]}},"_links":{"self":[{"href":"https:\/\/webknjizara.hr\/en\/wp-json\/wp\/v2\/product\/9261","targetHints":{"allow":["GET"]}}],"collection":[{"href":"https:\/\/webknjizara.hr\/en\/wp-json\/wp\/v2\/product"}],"about":[{"href":"https:\/\/webknjizara.hr\/en\/wp-json\/wp\/v2\/types\/product"}],"replies":[{"embeddable":true,"href":"https:\/\/webknjizara.hr\/en\/wp-json\/wp\/v2\/comments?post=9261"}],"wp:featuredmedia":[{"embeddable":true,"href":"https:\/\/webknjizara.hr\/en\/wp-json\/wp\/v2\/media\/9262"}],"wp:attachment":[{"href":"https:\/\/webknjizara.hr\/en\/wp-json\/wp\/v2\/media?parent=9261"}],"wp:term":[{"taxonomy":"product_brand","embeddable":true,"href":"https:\/\/webknjizara.hr\/en\/wp-json\/wp\/v2\/product_brand?post=9261"},{"taxonomy":"product_cat","embeddable":true,"href":"https:\/\/webknjizara.hr\/en\/wp-json\/wp\/v2\/product_cat?post=9261"},{"taxonomy":"product_tag","embeddable":true,"href":"https:\/\/webknjizara.hr\/en\/wp-json\/wp\/v2\/product_tag?post=9261"}],"curies":[{"name":"wp","href":"https:\/\/api.w.org\/{rel}","templated":true}]}}