{"id":9253,"date":"2020-06-04T09:39:00","date_gmt":"2020-06-04T09:39:00","guid":{"rendered":"https:\/\/webknjizara.hr\/?product=acta-mathematica-vol-3-crno-bijeli-tisak-grupa-autora"},"modified":"2023-02-27T00:18:08","modified_gmt":"2023-02-26T23:18:08","slug":"acta-mathematica-vol-3-crno-bijeli-tisak-grupa-autora","status":"publish","type":"product","link":"https:\/\/webknjizara.hr\/en\/proizvod\/acta-mathematica-vol-3-crno-bijeli-tisak-grupa-autora\/","title":{"rendered":"ACTA MATHEMATICA VOL. 3. (CRNO BIJELI TISAK), Grupa autora"},"content":{"rendered":"<p><strong>Sa\u017eetak:<\/strong>\u00a0U \u010dasopisu se nalazi 8 stru\u010dno-metodi\u010dkih radova, izvje\u0161taji o radu znanstvenih i nastavnih kolokvija SMD-a, znanstvenih seminara Odjela za matematiku PMF-a u Splitu te izvje\u0161taji o aktivnostima popularizacije matematike.<\/p>\n<p><strong>Klju\u010dne rije\u010di:<\/strong>\u00a0Odjel za matematiku PMF-a, Splitsko matemati\u010dko dru\u0161tvo, statistika, matematika, kurikularna reforma, izotropna ravnina, euklidska ravnina, udaljenost, kut, trokut, kru\u017enica, enigmatika, matemati\u010dke igre, digrafovi, kriptosustav, klju\u010d, \u0161ifrat, otvoreni tekst, RSA, metoda beskona\u010dnog spusta, diofantska jednad\u017eba, pitagorine trojke, oblici prostih brojeva, testiranje prostosti, invarijanate, separabilna diferencijana jednad\u017eba, logaritamska spirala, graf, izomorfni grafovi, klasifikacija grafova<\/p>\n<p>\u00a0<\/p>\n<p><strong>Naslov:<\/strong>\u00a0Acta mathematica vol. 3. (crno bijeli tisak)<br \/><strong>Autor:<\/strong>\u00a0Grupa autora<br \/><strong>Broj stranica:<\/strong>\u00a0104<br \/><strong>Nakladnik:<\/strong>\u00a0Prirodoslovno-matemati\u010dki fakultet<br \/><strong>Godina izdanja<\/strong>: 2020 .<br \/><strong>ISBN:<\/strong>\u00a0ISSN 2623-6125<br \/><strong>Tisak:<\/strong>\u00a0digitalni tisak knjiga &#8211; print na zahtjev<\/p>\n<p style=\"text-align: justify;\">\u00a0<\/p>\n<p style=\"text-align: justify;\"><strong>Kako naru\u010diti knjigu?\u00a0<\/strong>Proces online kupovine jednako funkcionira za sve kupce, s jedinom razlikom u tome \u0161to \u0161to kupci iz inozemstva za podru\u010dje dostave moraju odabrati &#8220;Europa&#8221; ili &#8220;Ostale zemlje svijeta&#8221;, a za vrstu pla\u0107anja WSPay (kreditna kartica) ili Virmanom (bankovni transfer).<\/p>\n<p style=\"text-align: justify;\">Molimo kliknite ovdje za\u00a0<a href=\"hr\/kako-kupovati\">detaljni vodi\u010d kroz proces narud\u017ebe<\/a>\u00a0ili nas\u00a0<a href=\"hr\/kontakt\">kontaktirajte<\/a>\u00a0za vi\u0161e informacija.<\/p>\n","protected":false},"excerpt":{"rendered":"<p>Sa\u017eetak:\u00a0U \u010dasopisu se nalazi 8 stru\u010dno-metodi\u010dkih radova, izvje\u0161taji o radu znanstvenih i nastavnih kolokvija SMD-a, znanstvenih seminara Odjela za matematiku PMF-a u Splitu te izvje\u0161taji o aktivnostima popularizacije matematike. Klju\u010dne rije\u010di:\u00a0Odjel za matematiku PMF-a, Splitsko matemati\u010dko dru\u0161tvo, statistika, matematika, kurikularna reforma, izotropna ravnina, euklidska ravnina, udaljenost, kut, trokut, kru\u017enica, enigmatika, matemati\u010dke igre, digrafovi, kriptosustav, klju\u010d, [&hellip;]<\/p>\n","protected":false},"featured_media":9254,"comment_status":"open","ping_status":"closed","template":"","meta":{"_acf_changed":false},"product_brand":[],"product_cat":[1539],"product_tag":[],"class_list":{"0":"post-9253","1":"product","2":"type-product","3":"status-publish","4":"has-post-thumbnail","6":"product_cat-sveucilisni-udzbenici-i-prirucnici","7":"pa_autor-grupa-autora","8":"pa_nakladnik-prirodoslovno-matematicki-fakultet","10":"first","11":"instock","12":"shipping-taxable","13":"purchasable","14":"product-type-simple"},"acf":[],"yoast_head":"<!-- This site is optimized with the Yoast SEO plugin v27.3 - https:\/\/yoast.com\/product\/yoast-seo-wordpress\/ -->\n<title>ACTA MATHEMATICA VOL. 3. (CRNO BIJELI TISAK), Grupa autora - Web-knji\u017eara<\/title>\n<meta name=\"robots\" content=\"index, follow, max-snippet:-1, max-image-preview:large, max-video-preview:-1\" \/>\n<link rel=\"canonical\" href=\"https:\/\/webknjizara.hr\/proizvod\/acta-mathematica-vol-3-crno-bijeli-tisak-grupa-autora\/\" \/>\n<meta property=\"og:locale\" content=\"en_US\" \/>\n<meta property=\"og:type\" content=\"article\" \/>\n<meta property=\"og:title\" content=\"ACTA MATHEMATICA VOL. 3. (CRNO BIJELI TISAK), Grupa autora - Web-knji\u017eara\" \/>\n<meta property=\"og:description\" content=\"Sa\u017eetak:\u00a0U \u010dasopisu se nalazi 8 stru\u010dno-metodi\u010dkih radova, izvje\u0161taji o radu znanstvenih i nastavnih kolokvija SMD-a, znanstvenih seminara Odjela za matematiku PMF-a u Splitu te izvje\u0161taji o aktivnostima popularizacije matematike. Klju\u010dne rije\u010di:\u00a0Odjel za matematiku PMF-a, Splitsko matemati\u010dko dru\u0161tvo, statistika, matematika, kurikularna reforma, izotropna ravnina, euklidska ravnina, udaljenost, kut, trokut, kru\u017enica, enigmatika, matemati\u010dke igre, digrafovi, kriptosustav, klju\u010d, [&hellip;]\" \/>\n<meta property=\"og:url\" content=\"https:\/\/webknjizara.hr\/proizvod\/acta-mathematica-vol-3-crno-bijeli-tisak-grupa-autora\/\" \/>\n<meta property=\"og:site_name\" content=\"Web-knji\u017eara\" \/>\n<meta property=\"article:modified_time\" content=\"2023-02-26T23:18:08+00:00\" \/>\n<meta property=\"og:image\" content=\"https:\/\/webknjizara.hr\/wp-content\/uploads\/nc\/images\/virtuemart\/product\/acta_mathematica_cb_naslovnica_WEB.jpg\" \/>\n\t<meta property=\"og:image:width\" content=\"300\" \/>\n\t<meta property=\"og:image:height\" content=\"419\" \/>\n\t<meta property=\"og:image:type\" content=\"image\/jpeg\" \/>\n<meta name=\"twitter:card\" content=\"summary_large_image\" \/>\n<meta name=\"twitter:label1\" content=\"Est. reading time\" \/>\n\t<meta name=\"twitter:data1\" content=\"1 minute\" \/>\n<script type=\"application\/ld+json\" class=\"yoast-schema-graph\">{\"@context\":\"https:\\\/\\\/schema.org\",\"@graph\":[{\"@type\":\"WebPage\",\"@id\":\"https:\\\/\\\/webknjizara.hr\\\/proizvod\\\/acta-mathematica-vol-3-crno-bijeli-tisak-grupa-autora\\\/\",\"url\":\"https:\\\/\\\/webknjizara.hr\\\/proizvod\\\/acta-mathematica-vol-3-crno-bijeli-tisak-grupa-autora\\\/\",\"name\":\"ACTA MATHEMATICA VOL. 3. (CRNO BIJELI TISAK), Grupa autora - Web-knji\u017eara\",\"isPartOf\":{\"@id\":\"https:\\\/\\\/webknjizara.hr\\\/#website\"},\"primaryImageOfPage\":{\"@id\":\"https:\\\/\\\/webknjizara.hr\\\/proizvod\\\/acta-mathematica-vol-3-crno-bijeli-tisak-grupa-autora\\\/#primaryimage\"},\"image\":{\"@id\":\"https:\\\/\\\/webknjizara.hr\\\/proizvod\\\/acta-mathematica-vol-3-crno-bijeli-tisak-grupa-autora\\\/#primaryimage\"},\"thumbnailUrl\":\"https:\\\/\\\/webknjizara.hr\\\/wp-content\\\/uploads\\\/nc\\\/images\\\/virtuemart\\\/product\\\/acta_mathematica_cb_naslovnica_WEB.jpg\",\"datePublished\":\"2020-06-04T09:39:00+00:00\",\"dateModified\":\"2023-02-26T23:18:08+00:00\",\"breadcrumb\":{\"@id\":\"https:\\\/\\\/webknjizara.hr\\\/proizvod\\\/acta-mathematica-vol-3-crno-bijeli-tisak-grupa-autora\\\/#breadcrumb\"},\"inLanguage\":\"en-US\",\"potentialAction\":[{\"@type\":\"ReadAction\",\"target\":[\"https:\\\/\\\/webknjizara.hr\\\/proizvod\\\/acta-mathematica-vol-3-crno-bijeli-tisak-grupa-autora\\\/\"]}]},{\"@type\":\"ImageObject\",\"inLanguage\":\"en-US\",\"@id\":\"https:\\\/\\\/webknjizara.hr\\\/proizvod\\\/acta-mathematica-vol-3-crno-bijeli-tisak-grupa-autora\\\/#primaryimage\",\"url\":\"https:\\\/\\\/webknjizara.hr\\\/wp-content\\\/uploads\\\/nc\\\/images\\\/virtuemart\\\/product\\\/acta_mathematica_cb_naslovnica_WEB.jpg\",\"contentUrl\":\"https:\\\/\\\/webknjizara.hr\\\/wp-content\\\/uploads\\\/nc\\\/images\\\/virtuemart\\\/product\\\/acta_mathematica_cb_naslovnica_WEB.jpg\",\"width\":300,\"height\":419,\"caption\":\"ACTA MATHEMATICA VOL. 3. (CRNO BIJELI TISAK), Grupa autora\"},{\"@type\":\"BreadcrumbList\",\"@id\":\"https:\\\/\\\/webknjizara.hr\\\/proizvod\\\/acta-mathematica-vol-3-crno-bijeli-tisak-grupa-autora\\\/#breadcrumb\",\"itemListElement\":[{\"@type\":\"ListItem\",\"position\":1,\"name\":\"Po\u010detna stranica\",\"item\":\"https:\\\/\\\/webknjizara.hr\\\/en\\\/\"},{\"@type\":\"ListItem\",\"position\":2,\"name\":\"Shop\",\"item\":\"https:\\\/\\\/webknjizara.hr\\\/shop\\\/\"},{\"@type\":\"ListItem\",\"position\":3,\"name\":\"ACTA MATHEMATICA VOL. 3. (CRNO BIJELI TISAK), Grupa autora\"}]},{\"@type\":\"WebSite\",\"@id\":\"https:\\\/\\\/webknjizara.hr\\\/#website\",\"url\":\"https:\\\/\\\/webknjizara.hr\\\/\",\"name\":\"Web Knji\u017eara\",\"description\":\"\",\"publisher\":{\"@id\":\"https:\\\/\\\/webknjizara.hr\\\/#organization\"},\"potentialAction\":[{\"@type\":\"SearchAction\",\"target\":{\"@type\":\"EntryPoint\",\"urlTemplate\":\"https:\\\/\\\/webknjizara.hr\\\/?s={search_term_string}\"},\"query-input\":{\"@type\":\"PropertyValueSpecification\",\"valueRequired\":true,\"valueName\":\"search_term_string\"}}],\"inLanguage\":\"en-US\"},{\"@type\":\"Organization\",\"@id\":\"https:\\\/\\\/webknjizara.hr\\\/#organization\",\"name\":\"REDAK D.O.O.\",\"url\":\"https:\\\/\\\/webknjizara.hr\\\/\",\"logo\":{\"@type\":\"ImageObject\",\"inLanguage\":\"en-US\",\"@id\":\"https:\\\/\\\/webknjizara.hr\\\/#\\\/schema\\\/logo\\\/image\\\/\",\"url\":\"https:\\\/\\\/webknjizara.hr\\\/wp-content\\\/uploads\\\/2023\\\/01\\\/web-knjizara-logo.webp\",\"contentUrl\":\"https:\\\/\\\/webknjizara.hr\\\/wp-content\\\/uploads\\\/2023\\\/01\\\/web-knjizara-logo.webp\",\"width\":324,\"height\":79,\"caption\":\"REDAK D.O.O.\"},\"image\":{\"@id\":\"https:\\\/\\\/webknjizara.hr\\\/#\\\/schema\\\/logo\\\/image\\\/\"}}]}<\/script>\n<!-- \/ Yoast SEO plugin. -->","yoast_head_json":{"title":"ACTA MATHEMATICA VOL. 3. (CRNO BIJELI TISAK), Grupa autora - Web-knji\u017eara","robots":{"index":"index","follow":"follow","max-snippet":"max-snippet:-1","max-image-preview":"max-image-preview:large","max-video-preview":"max-video-preview:-1"},"canonical":"https:\/\/webknjizara.hr\/proizvod\/acta-mathematica-vol-3-crno-bijeli-tisak-grupa-autora\/","og_locale":"en_US","og_type":"article","og_title":"ACTA MATHEMATICA VOL. 3. (CRNO BIJELI TISAK), Grupa autora - Web-knji\u017eara","og_description":"Sa\u017eetak:\u00a0U \u010dasopisu se nalazi 8 stru\u010dno-metodi\u010dkih radova, izvje\u0161taji o radu znanstvenih i nastavnih kolokvija SMD-a, znanstvenih seminara Odjela za matematiku PMF-a u Splitu te izvje\u0161taji o aktivnostima popularizacije matematike. Klju\u010dne rije\u010di:\u00a0Odjel za matematiku PMF-a, Splitsko matemati\u010dko dru\u0161tvo, statistika, matematika, kurikularna reforma, izotropna ravnina, euklidska ravnina, udaljenost, kut, trokut, kru\u017enica, enigmatika, matemati\u010dke igre, digrafovi, kriptosustav, klju\u010d, [&hellip;]","og_url":"https:\/\/webknjizara.hr\/proizvod\/acta-mathematica-vol-3-crno-bijeli-tisak-grupa-autora\/","og_site_name":"Web-knji\u017eara","article_modified_time":"2023-02-26T23:18:08+00:00","og_image":[{"width":300,"height":419,"url":"https:\/\/webknjizara.hr\/wp-content\/uploads\/nc\/images\/virtuemart\/product\/acta_mathematica_cb_naslovnica_WEB.jpg","type":"image\/jpeg"}],"twitter_card":"summary_large_image","twitter_misc":{"Est. reading time":"1 minute"},"schema":{"@context":"https:\/\/schema.org","@graph":[{"@type":"WebPage","@id":"https:\/\/webknjizara.hr\/proizvod\/acta-mathematica-vol-3-crno-bijeli-tisak-grupa-autora\/","url":"https:\/\/webknjizara.hr\/proizvod\/acta-mathematica-vol-3-crno-bijeli-tisak-grupa-autora\/","name":"ACTA MATHEMATICA VOL. 3. (CRNO BIJELI TISAK), Grupa autora - Web-knji\u017eara","isPartOf":{"@id":"https:\/\/webknjizara.hr\/#website"},"primaryImageOfPage":{"@id":"https:\/\/webknjizara.hr\/proizvod\/acta-mathematica-vol-3-crno-bijeli-tisak-grupa-autora\/#primaryimage"},"image":{"@id":"https:\/\/webknjizara.hr\/proizvod\/acta-mathematica-vol-3-crno-bijeli-tisak-grupa-autora\/#primaryimage"},"thumbnailUrl":"https:\/\/webknjizara.hr\/wp-content\/uploads\/nc\/images\/virtuemart\/product\/acta_mathematica_cb_naslovnica_WEB.jpg","datePublished":"2020-06-04T09:39:00+00:00","dateModified":"2023-02-26T23:18:08+00:00","breadcrumb":{"@id":"https:\/\/webknjizara.hr\/proizvod\/acta-mathematica-vol-3-crno-bijeli-tisak-grupa-autora\/#breadcrumb"},"inLanguage":"en-US","potentialAction":[{"@type":"ReadAction","target":["https:\/\/webknjizara.hr\/proizvod\/acta-mathematica-vol-3-crno-bijeli-tisak-grupa-autora\/"]}]},{"@type":"ImageObject","inLanguage":"en-US","@id":"https:\/\/webknjizara.hr\/proizvod\/acta-mathematica-vol-3-crno-bijeli-tisak-grupa-autora\/#primaryimage","url":"https:\/\/webknjizara.hr\/wp-content\/uploads\/nc\/images\/virtuemart\/product\/acta_mathematica_cb_naslovnica_WEB.jpg","contentUrl":"https:\/\/webknjizara.hr\/wp-content\/uploads\/nc\/images\/virtuemart\/product\/acta_mathematica_cb_naslovnica_WEB.jpg","width":300,"height":419,"caption":"ACTA MATHEMATICA VOL. 3. (CRNO BIJELI TISAK), Grupa autora"},{"@type":"BreadcrumbList","@id":"https:\/\/webknjizara.hr\/proizvod\/acta-mathematica-vol-3-crno-bijeli-tisak-grupa-autora\/#breadcrumb","itemListElement":[{"@type":"ListItem","position":1,"name":"Po\u010detna stranica","item":"https:\/\/webknjizara.hr\/en\/"},{"@type":"ListItem","position":2,"name":"Shop","item":"https:\/\/webknjizara.hr\/shop\/"},{"@type":"ListItem","position":3,"name":"ACTA MATHEMATICA VOL. 3. (CRNO BIJELI TISAK), Grupa autora"}]},{"@type":"WebSite","@id":"https:\/\/webknjizara.hr\/#website","url":"https:\/\/webknjizara.hr\/","name":"Web Knji\u017eara","description":"","publisher":{"@id":"https:\/\/webknjizara.hr\/#organization"},"potentialAction":[{"@type":"SearchAction","target":{"@type":"EntryPoint","urlTemplate":"https:\/\/webknjizara.hr\/?s={search_term_string}"},"query-input":{"@type":"PropertyValueSpecification","valueRequired":true,"valueName":"search_term_string"}}],"inLanguage":"en-US"},{"@type":"Organization","@id":"https:\/\/webknjizara.hr\/#organization","name":"REDAK D.O.O.","url":"https:\/\/webknjizara.hr\/","logo":{"@type":"ImageObject","inLanguage":"en-US","@id":"https:\/\/webknjizara.hr\/#\/schema\/logo\/image\/","url":"https:\/\/webknjizara.hr\/wp-content\/uploads\/2023\/01\/web-knjizara-logo.webp","contentUrl":"https:\/\/webknjizara.hr\/wp-content\/uploads\/2023\/01\/web-knjizara-logo.webp","width":324,"height":79,"caption":"REDAK D.O.O."},"image":{"@id":"https:\/\/webknjizara.hr\/#\/schema\/logo\/image\/"}}]}},"_links":{"self":[{"href":"https:\/\/webknjizara.hr\/en\/wp-json\/wp\/v2\/product\/9253","targetHints":{"allow":["GET"]}}],"collection":[{"href":"https:\/\/webknjizara.hr\/en\/wp-json\/wp\/v2\/product"}],"about":[{"href":"https:\/\/webknjizara.hr\/en\/wp-json\/wp\/v2\/types\/product"}],"replies":[{"embeddable":true,"href":"https:\/\/webknjizara.hr\/en\/wp-json\/wp\/v2\/comments?post=9253"}],"wp:featuredmedia":[{"embeddable":true,"href":"https:\/\/webknjizara.hr\/en\/wp-json\/wp\/v2\/media\/9254"}],"wp:attachment":[{"href":"https:\/\/webknjizara.hr\/en\/wp-json\/wp\/v2\/media?parent=9253"}],"wp:term":[{"taxonomy":"product_brand","embeddable":true,"href":"https:\/\/webknjizara.hr\/en\/wp-json\/wp\/v2\/product_brand?post=9253"},{"taxonomy":"product_cat","embeddable":true,"href":"https:\/\/webknjizara.hr\/en\/wp-json\/wp\/v2\/product_cat?post=9253"},{"taxonomy":"product_tag","embeddable":true,"href":"https:\/\/webknjizara.hr\/en\/wp-json\/wp\/v2\/product_tag?post=9253"}],"curies":[{"name":"wp","href":"https:\/\/api.w.org\/{rel}","templated":true}]}}