{"id":9247,"date":"2020-05-28T13:15:29","date_gmt":"2020-05-28T13:15:29","guid":{"rendered":"https:\/\/webknjizara.hr\/?product=poezija-tisucu-stihova-2-pisci-i-knjizevnost-grupa-autora"},"modified":"2023-02-27T00:18:07","modified_gmt":"2023-02-26T23:18:07","slug":"poezija-tisucu-stihova-2-pisci-i-knjizevnost-grupa-autora","status":"publish","type":"product","link":"https:\/\/webknjizara.hr\/en\/proizvod\/poezija-tisucu-stihova-2-pisci-i-knjizevnost-grupa-autora\/","title":{"rendered":"POEZIJA TISU\u0106U STIHOVA 2, Pisci i knji\u017eevnost &#8211; grupa autora"},"content":{"rendered":"<p><strong>Sa\u017eetak:<\/strong><\/p>\n<p>\u201ePoezija tisu\u0107u stihova zbirka je pjesama razli\u010dite tematike s dubokim i neprekinutim govorom razli\u010ditih ljudi koji dijele istu strast &#8211; ljubav prema poeziji.<\/p>\n<p>U ovim pjesmama utkan je plamen ljubavi prema \u017eivotu, osobama i prirodi. Brojno\u0161\u0107u takvog literarnog opusa ova knji\u017eica najdublji je izraz \u010dovjekove duhovnosti, pjesni\u010dkog zanosa i stvarala\u010dkog naboja koji dolazi iz svake pore njihova bi\u0107a.<\/p>\n<p>Svaki autor pri\u010da je za sebe, no svi oni imaju zajedni\u010dku crtu &#8211; ogolili su svoju du\u0161u i prenijeli ju nama na papir.\u201c<\/p>\n<p>Ana \u010cai\u0107 Bla\u017eevi\u0107, urednica stranice <em>Bibliomanija<\/em><\/p>\n<p><strong>Bilje\u0161ka o autoru\/autorici:<\/strong> Pjesme su nastale u razdoblju od 10.1.2020. do 10.2.2020. godine, a autori su \u010dlanovi Facebook grupe Pisci i Knji\u017eevnost te Facebook stranice Pisci i Knji\u017eevnost.<\/p>\n<p>Tvorci ovih pjesama pi\u0161u nam iz Hrvatske, Bosne i Hercegovine, Crne Gore, \u0160vicarske i Njema\u010dke.<\/p>\n<p>Elena Brajkovi\u0107, Emira Kazi\u0107, Gordana Bartol, Ibrahim Ibrahimovi\u0107, Lopi\u010di\u0107 Simeunovi\u0107 Jelica, Katarina Kos-Veli\u0107, Marija Aj\u0161a Peuc, Nevena Ninkovi\u0107, Romana Duvnjak, Zorica Vrabl<\/p>\n<p>Ilustracija naslovnice: Megi Horak Orli\u0107<\/p>\n<p><strong>Klju\u010dne rije\u010di:<\/strong> Pisci i Knji\u017eevnost, Poezija, tisu\u0107u, stihova, 2, pjesme, autori<\/p>\n<p><strong>Link:<\/strong> Pisci i Knji\u017eevnost<br \/><a href=\"https:\/\/www.facebook.com\/groups\/245484055481932\/\" target=\"_blank\" rel=\"noopener noreferrer\">https:\/\/www.facebook.com\/groups\/245484055481932\/<\/a><\/p>\n<p>PiK kutak &#8211; knji\u017eevnost koja se \u010dita i pamti<br \/><a href=\"https:\/\/www.facebook.com\/groups\/1827073877599047\/\" target=\"_blank\" rel=\"noopener noreferrer\">https:\/\/www.facebook.com\/groups\/1827073877599047\/<\/a><\/p>\n<p>Pisci i Knji\u017eevnost &#8211; Writers and Literature<br \/><a href=\"https:\/\/www.facebook.com\/pisciknjizevnost.pik\/\" target=\"_blank\" rel=\"noopener noreferrer\">https:\/\/www.facebook.com\/pisciknjizevnost.pik\/<\/a><\/p>\n<p>Web stranica Pisci i Knji\u017eevnost<br \/><a href=\"https:\/\/bit.ly\/2VxBWKu\" target=\"_blank\" rel=\"noopener noreferrer\">https:\/\/bit.ly\/2VxBWKu<\/a><\/p>\n<p>Instagram profil<br \/><a href=\"https:\/\/www.instagram.com\/let_s_read_croatian_authors\/\" target=\"_blank\" rel=\"noopener noreferrer\">https:\/\/www.instagram.com\/let_s_read_croatian_authors\/<\/a><\/p>\n<p><strong>E-mail:<\/strong> <a href=\"mailto:knjigamojprijatelj@outlook.com\" target=\"_blank\" rel=\"noopener noreferrer\">Kontakt<br \/><\/a><\/p>\n<p>\u00a0<\/p>\n<p><strong>Naslov:<\/strong> Poezija tisu\u0107u stihova 2<br \/><strong>Autor:<\/strong> Pisci i knji\u017eevnost &#8211; grupa autora<br \/><strong>Broj stranica:<\/strong> 256<br \/><strong>Nakladnik:<\/strong> Redak<br \/><strong>Godina izdanja:<\/strong> 2020 .<br \/><strong>ISBN:<\/strong> 978-953-336-660-9<br \/><strong>Tisak:<\/strong> digitalni tisak knjiga &#8211; print na zahtjev<\/p>\n<p>\u00a0<\/p>\n<p><strong>Kako naru\u010diti knjigu?\u00a0<\/strong>Proces online kupovine jednako funkcionira za sve kupce, s jedinom razlikom u tome \u0161to \u0161to kupci iz inozemstva za podru\u010dje dostave moraju odabrati &#8220;Europa&#8221; ili &#8220;Ostale zemlje svijeta&#8221;, a za vrstu pla\u0107anja WSPay (kreditna kartica) ili Virmanom (bankovni transfer).<\/p>\n<p style=\"text-align: justify;\">Molimo kliknite ovdje za\u00a0<a href=\"hr\/kako-kupovati\">detaljni vodi\u010d kroz proces narud\u017ebe<\/a>\u00a0ili nas\u00a0<a href=\"hr\/kontakt\">kontaktirajte<\/a>\u00a0za vi\u0161e informacija.<\/p>\n","protected":false},"excerpt":{"rendered":"<p>Sa\u017eetak: \u201ePoezija tisu\u0107u stihova zbirka je pjesama razli\u010dite tematike s dubokim i neprekinutim govorom razli\u010ditih ljudi koji dijele istu strast &#8211; ljubav prema poeziji. U ovim pjesmama utkan je plamen ljubavi prema \u017eivotu, osobama i prirodi. Brojno\u0161\u0107u takvog literarnog opusa ova knji\u017eica najdublji je izraz \u010dovjekove duhovnosti, pjesni\u010dkog zanosa i stvarala\u010dkog naboja koji dolazi iz [&hellip;]<\/p>\n","protected":false},"featured_media":9248,"comment_status":"open","ping_status":"closed","template":"","meta":{"_acf_changed":false},"product_brand":[],"product_cat":[1383,1385],"product_tag":[],"class_list":{"0":"post-9247","1":"product","2":"type-product","3":"status-publish","4":"has-post-thumbnail","6":"product_cat-knjige","7":"product_cat-knjizevnost","8":"pa_autor-pisci-i-knjizevnost-grupa-autora","9":"pa_nakladnik-redak","11":"first","12":"instock","13":"shipping-taxable","14":"purchasable","15":"product-type-simple"},"acf":[],"yoast_head":"<!-- This site is optimized with the Yoast SEO plugin v27.3 - https:\/\/yoast.com\/product\/yoast-seo-wordpress\/ -->\n<title>POEZIJA TISU\u0106U STIHOVA 2, Pisci i knji\u017eevnost - grupa autora - Web-knji\u017eara<\/title>\n<meta name=\"robots\" content=\"index, follow, max-snippet:-1, max-image-preview:large, max-video-preview:-1\" \/>\n<link rel=\"canonical\" href=\"https:\/\/webknjizara.hr\/proizvod\/poezija-tisucu-stihova-2-pisci-i-knjizevnost-grupa-autora\/\" \/>\n<meta property=\"og:locale\" content=\"en_US\" \/>\n<meta property=\"og:type\" content=\"article\" \/>\n<meta property=\"og:title\" content=\"POEZIJA TISU\u0106U STIHOVA 2, Pisci i knji\u017eevnost - grupa autora - Web-knji\u017eara\" \/>\n<meta property=\"og:description\" content=\"Sa\u017eetak: \u201ePoezija tisu\u0107u stihova zbirka je pjesama razli\u010dite tematike s dubokim i neprekinutim govorom razli\u010ditih ljudi koji dijele istu strast &#8211; ljubav prema poeziji. U ovim pjesmama utkan je plamen ljubavi prema \u017eivotu, osobama i prirodi. Brojno\u0161\u0107u takvog literarnog opusa ova knji\u017eica najdublji je izraz \u010dovjekove duhovnosti, pjesni\u010dkog zanosa i stvarala\u010dkog naboja koji dolazi iz [&hellip;]\" \/>\n<meta property=\"og:url\" content=\"https:\/\/webknjizara.hr\/proizvod\/poezija-tisucu-stihova-2-pisci-i-knjizevnost-grupa-autora\/\" \/>\n<meta property=\"og:site_name\" content=\"Web-knji\u017eara\" \/>\n<meta property=\"article:modified_time\" content=\"2023-02-26T23:18:07+00:00\" \/>\n<meta property=\"og:image\" content=\"https:\/\/webknjizara.hr\/wp-content\/uploads\/nc\/images\/virtuemart\/product\/SAFRANIC-PIK_Poezija-tisucu-stihova-2_naslovnica_WEB.jpg\" \/>\n\t<meta property=\"og:image:width\" content=\"300\" \/>\n\t<meta property=\"og:image:height\" content=\"419\" \/>\n\t<meta property=\"og:image:type\" content=\"image\/jpeg\" \/>\n<meta name=\"twitter:card\" content=\"summary_large_image\" \/>\n<meta name=\"twitter:label1\" content=\"Est. reading time\" \/>\n\t<meta name=\"twitter:data1\" content=\"2 minutes\" \/>\n<script type=\"application\/ld+json\" class=\"yoast-schema-graph\">{\"@context\":\"https:\\\/\\\/schema.org\",\"@graph\":[{\"@type\":\"WebPage\",\"@id\":\"https:\\\/\\\/webknjizara.hr\\\/proizvod\\\/poezija-tisucu-stihova-2-pisci-i-knjizevnost-grupa-autora\\\/\",\"url\":\"https:\\\/\\\/webknjizara.hr\\\/proizvod\\\/poezija-tisucu-stihova-2-pisci-i-knjizevnost-grupa-autora\\\/\",\"name\":\"POEZIJA TISU\u0106U STIHOVA 2, Pisci i knji\u017eevnost - grupa autora - Web-knji\u017eara\",\"isPartOf\":{\"@id\":\"https:\\\/\\\/webknjizara.hr\\\/#website\"},\"primaryImageOfPage\":{\"@id\":\"https:\\\/\\\/webknjizara.hr\\\/proizvod\\\/poezija-tisucu-stihova-2-pisci-i-knjizevnost-grupa-autora\\\/#primaryimage\"},\"image\":{\"@id\":\"https:\\\/\\\/webknjizara.hr\\\/proizvod\\\/poezija-tisucu-stihova-2-pisci-i-knjizevnost-grupa-autora\\\/#primaryimage\"},\"thumbnailUrl\":\"https:\\\/\\\/webknjizara.hr\\\/wp-content\\\/uploads\\\/nc\\\/images\\\/virtuemart\\\/product\\\/SAFRANIC-PIK_Poezija-tisucu-stihova-2_naslovnica_WEB.jpg\",\"datePublished\":\"2020-05-28T13:15:29+00:00\",\"dateModified\":\"2023-02-26T23:18:07+00:00\",\"breadcrumb\":{\"@id\":\"https:\\\/\\\/webknjizara.hr\\\/proizvod\\\/poezija-tisucu-stihova-2-pisci-i-knjizevnost-grupa-autora\\\/#breadcrumb\"},\"inLanguage\":\"en-US\",\"potentialAction\":[{\"@type\":\"ReadAction\",\"target\":[\"https:\\\/\\\/webknjizara.hr\\\/proizvod\\\/poezija-tisucu-stihova-2-pisci-i-knjizevnost-grupa-autora\\\/\"]}]},{\"@type\":\"ImageObject\",\"inLanguage\":\"en-US\",\"@id\":\"https:\\\/\\\/webknjizara.hr\\\/proizvod\\\/poezija-tisucu-stihova-2-pisci-i-knjizevnost-grupa-autora\\\/#primaryimage\",\"url\":\"https:\\\/\\\/webknjizara.hr\\\/wp-content\\\/uploads\\\/nc\\\/images\\\/virtuemart\\\/product\\\/SAFRANIC-PIK_Poezija-tisucu-stihova-2_naslovnica_WEB.jpg\",\"contentUrl\":\"https:\\\/\\\/webknjizara.hr\\\/wp-content\\\/uploads\\\/nc\\\/images\\\/virtuemart\\\/product\\\/SAFRANIC-PIK_Poezija-tisucu-stihova-2_naslovnica_WEB.jpg\",\"width\":300,\"height\":419,\"caption\":\"POEZIJA TISU\u0106U STIHOVA 2, Pisci i knji\u017eevnost - grupa autora\"},{\"@type\":\"BreadcrumbList\",\"@id\":\"https:\\\/\\\/webknjizara.hr\\\/proizvod\\\/poezija-tisucu-stihova-2-pisci-i-knjizevnost-grupa-autora\\\/#breadcrumb\",\"itemListElement\":[{\"@type\":\"ListItem\",\"position\":1,\"name\":\"Po\u010detna stranica\",\"item\":\"https:\\\/\\\/webknjizara.hr\\\/en\\\/\"},{\"@type\":\"ListItem\",\"position\":2,\"name\":\"Shop\",\"item\":\"https:\\\/\\\/webknjizara.hr\\\/shop\\\/\"},{\"@type\":\"ListItem\",\"position\":3,\"name\":\"POEZIJA TISU\u0106U STIHOVA 2, Pisci i knji\u017eevnost &#8211; grupa autora\"}]},{\"@type\":\"WebSite\",\"@id\":\"https:\\\/\\\/webknjizara.hr\\\/#website\",\"url\":\"https:\\\/\\\/webknjizara.hr\\\/\",\"name\":\"Web Knji\u017eara\",\"description\":\"\",\"publisher\":{\"@id\":\"https:\\\/\\\/webknjizara.hr\\\/#organization\"},\"potentialAction\":[{\"@type\":\"SearchAction\",\"target\":{\"@type\":\"EntryPoint\",\"urlTemplate\":\"https:\\\/\\\/webknjizara.hr\\\/?s={search_term_string}\"},\"query-input\":{\"@type\":\"PropertyValueSpecification\",\"valueRequired\":true,\"valueName\":\"search_term_string\"}}],\"inLanguage\":\"en-US\"},{\"@type\":\"Organization\",\"@id\":\"https:\\\/\\\/webknjizara.hr\\\/#organization\",\"name\":\"REDAK D.O.O.\",\"url\":\"https:\\\/\\\/webknjizara.hr\\\/\",\"logo\":{\"@type\":\"ImageObject\",\"inLanguage\":\"en-US\",\"@id\":\"https:\\\/\\\/webknjizara.hr\\\/#\\\/schema\\\/logo\\\/image\\\/\",\"url\":\"https:\\\/\\\/webknjizara.hr\\\/wp-content\\\/uploads\\\/2023\\\/01\\\/web-knjizara-logo.webp\",\"contentUrl\":\"https:\\\/\\\/webknjizara.hr\\\/wp-content\\\/uploads\\\/2023\\\/01\\\/web-knjizara-logo.webp\",\"width\":324,\"height\":79,\"caption\":\"REDAK D.O.O.\"},\"image\":{\"@id\":\"https:\\\/\\\/webknjizara.hr\\\/#\\\/schema\\\/logo\\\/image\\\/\"}}]}<\/script>\n<!-- \/ Yoast SEO plugin. -->","yoast_head_json":{"title":"POEZIJA TISU\u0106U STIHOVA 2, Pisci i knji\u017eevnost - grupa autora - Web-knji\u017eara","robots":{"index":"index","follow":"follow","max-snippet":"max-snippet:-1","max-image-preview":"max-image-preview:large","max-video-preview":"max-video-preview:-1"},"canonical":"https:\/\/webknjizara.hr\/proizvod\/poezija-tisucu-stihova-2-pisci-i-knjizevnost-grupa-autora\/","og_locale":"en_US","og_type":"article","og_title":"POEZIJA TISU\u0106U STIHOVA 2, Pisci i knji\u017eevnost - grupa autora - Web-knji\u017eara","og_description":"Sa\u017eetak: \u201ePoezija tisu\u0107u stihova zbirka je pjesama razli\u010dite tematike s dubokim i neprekinutim govorom razli\u010ditih ljudi koji dijele istu strast &#8211; ljubav prema poeziji. U ovim pjesmama utkan je plamen ljubavi prema \u017eivotu, osobama i prirodi. Brojno\u0161\u0107u takvog literarnog opusa ova knji\u017eica najdublji je izraz \u010dovjekove duhovnosti, pjesni\u010dkog zanosa i stvarala\u010dkog naboja koji dolazi iz [&hellip;]","og_url":"https:\/\/webknjizara.hr\/proizvod\/poezija-tisucu-stihova-2-pisci-i-knjizevnost-grupa-autora\/","og_site_name":"Web-knji\u017eara","article_modified_time":"2023-02-26T23:18:07+00:00","og_image":[{"width":300,"height":419,"url":"https:\/\/webknjizara.hr\/wp-content\/uploads\/nc\/images\/virtuemart\/product\/SAFRANIC-PIK_Poezija-tisucu-stihova-2_naslovnica_WEB.jpg","type":"image\/jpeg"}],"twitter_card":"summary_large_image","twitter_misc":{"Est. reading time":"2 minutes"},"schema":{"@context":"https:\/\/schema.org","@graph":[{"@type":"WebPage","@id":"https:\/\/webknjizara.hr\/proizvod\/poezija-tisucu-stihova-2-pisci-i-knjizevnost-grupa-autora\/","url":"https:\/\/webknjizara.hr\/proizvod\/poezija-tisucu-stihova-2-pisci-i-knjizevnost-grupa-autora\/","name":"POEZIJA TISU\u0106U STIHOVA 2, Pisci i knji\u017eevnost - grupa autora - Web-knji\u017eara","isPartOf":{"@id":"https:\/\/webknjizara.hr\/#website"},"primaryImageOfPage":{"@id":"https:\/\/webknjizara.hr\/proizvod\/poezija-tisucu-stihova-2-pisci-i-knjizevnost-grupa-autora\/#primaryimage"},"image":{"@id":"https:\/\/webknjizara.hr\/proizvod\/poezija-tisucu-stihova-2-pisci-i-knjizevnost-grupa-autora\/#primaryimage"},"thumbnailUrl":"https:\/\/webknjizara.hr\/wp-content\/uploads\/nc\/images\/virtuemart\/product\/SAFRANIC-PIK_Poezija-tisucu-stihova-2_naslovnica_WEB.jpg","datePublished":"2020-05-28T13:15:29+00:00","dateModified":"2023-02-26T23:18:07+00:00","breadcrumb":{"@id":"https:\/\/webknjizara.hr\/proizvod\/poezija-tisucu-stihova-2-pisci-i-knjizevnost-grupa-autora\/#breadcrumb"},"inLanguage":"en-US","potentialAction":[{"@type":"ReadAction","target":["https:\/\/webknjizara.hr\/proizvod\/poezija-tisucu-stihova-2-pisci-i-knjizevnost-grupa-autora\/"]}]},{"@type":"ImageObject","inLanguage":"en-US","@id":"https:\/\/webknjizara.hr\/proizvod\/poezija-tisucu-stihova-2-pisci-i-knjizevnost-grupa-autora\/#primaryimage","url":"https:\/\/webknjizara.hr\/wp-content\/uploads\/nc\/images\/virtuemart\/product\/SAFRANIC-PIK_Poezija-tisucu-stihova-2_naslovnica_WEB.jpg","contentUrl":"https:\/\/webknjizara.hr\/wp-content\/uploads\/nc\/images\/virtuemart\/product\/SAFRANIC-PIK_Poezija-tisucu-stihova-2_naslovnica_WEB.jpg","width":300,"height":419,"caption":"POEZIJA TISU\u0106U STIHOVA 2, Pisci i knji\u017eevnost - grupa autora"},{"@type":"BreadcrumbList","@id":"https:\/\/webknjizara.hr\/proizvod\/poezija-tisucu-stihova-2-pisci-i-knjizevnost-grupa-autora\/#breadcrumb","itemListElement":[{"@type":"ListItem","position":1,"name":"Po\u010detna stranica","item":"https:\/\/webknjizara.hr\/en\/"},{"@type":"ListItem","position":2,"name":"Shop","item":"https:\/\/webknjizara.hr\/shop\/"},{"@type":"ListItem","position":3,"name":"POEZIJA TISU\u0106U STIHOVA 2, Pisci i knji\u017eevnost &#8211; grupa autora"}]},{"@type":"WebSite","@id":"https:\/\/webknjizara.hr\/#website","url":"https:\/\/webknjizara.hr\/","name":"Web Knji\u017eara","description":"","publisher":{"@id":"https:\/\/webknjizara.hr\/#organization"},"potentialAction":[{"@type":"SearchAction","target":{"@type":"EntryPoint","urlTemplate":"https:\/\/webknjizara.hr\/?s={search_term_string}"},"query-input":{"@type":"PropertyValueSpecification","valueRequired":true,"valueName":"search_term_string"}}],"inLanguage":"en-US"},{"@type":"Organization","@id":"https:\/\/webknjizara.hr\/#organization","name":"REDAK D.O.O.","url":"https:\/\/webknjizara.hr\/","logo":{"@type":"ImageObject","inLanguage":"en-US","@id":"https:\/\/webknjizara.hr\/#\/schema\/logo\/image\/","url":"https:\/\/webknjizara.hr\/wp-content\/uploads\/2023\/01\/web-knjizara-logo.webp","contentUrl":"https:\/\/webknjizara.hr\/wp-content\/uploads\/2023\/01\/web-knjizara-logo.webp","width":324,"height":79,"caption":"REDAK D.O.O."},"image":{"@id":"https:\/\/webknjizara.hr\/#\/schema\/logo\/image\/"}}]}},"_links":{"self":[{"href":"https:\/\/webknjizara.hr\/en\/wp-json\/wp\/v2\/product\/9247","targetHints":{"allow":["GET"]}}],"collection":[{"href":"https:\/\/webknjizara.hr\/en\/wp-json\/wp\/v2\/product"}],"about":[{"href":"https:\/\/webknjizara.hr\/en\/wp-json\/wp\/v2\/types\/product"}],"replies":[{"embeddable":true,"href":"https:\/\/webknjizara.hr\/en\/wp-json\/wp\/v2\/comments?post=9247"}],"wp:featuredmedia":[{"embeddable":true,"href":"https:\/\/webknjizara.hr\/en\/wp-json\/wp\/v2\/media\/9248"}],"wp:attachment":[{"href":"https:\/\/webknjizara.hr\/en\/wp-json\/wp\/v2\/media?parent=9247"}],"wp:term":[{"taxonomy":"product_brand","embeddable":true,"href":"https:\/\/webknjizara.hr\/en\/wp-json\/wp\/v2\/product_brand?post=9247"},{"taxonomy":"product_cat","embeddable":true,"href":"https:\/\/webknjizara.hr\/en\/wp-json\/wp\/v2\/product_cat?post=9247"},{"taxonomy":"product_tag","embeddable":true,"href":"https:\/\/webknjizara.hr\/en\/wp-json\/wp\/v2\/product_tag?post=9247"}],"curies":[{"name":"wp","href":"https:\/\/api.w.org\/{rel}","templated":true}]}}