{"id":9241,"date":"2020-05-22T12:51:33","date_gmt":"2020-05-22T12:51:33","guid":{"rendered":"https:\/\/webknjizara.hr\/?product=birajte-svoju-hranu-prirucnik-o-prehrani-za-osobe-sa-secernom-bolescu-anela-novak"},"modified":"2023-02-27T00:18:07","modified_gmt":"2023-02-26T23:18:07","slug":"birajte-svoju-hranu-prirucnik-o-prehrani-za-osobe-sa-secernom-bolescu-anela-novak","status":"publish","type":"product","link":"https:\/\/webknjizara.hr\/en\/proizvod\/birajte-svoju-hranu-prirucnik-o-prehrani-za-osobe-sa-secernom-bolescu-anela-novak\/","title":{"rendered":"BIRAJTE SVOJU HRANU &#8211; PRIRU\u010cNIK O PREHRANI ZA OSOBE SA \u0160E\u0106ERNOM BOLE\u0160\u0106U, Anela Novak"},"content":{"rendered":"<p><strong>Sa\u017eetak:<\/strong><\/p>\n<p>U ovom priru\u010dniku o prehrani jednostavno su prikazani svi elementi va\u017eni u prehrani osoba sa \u0161e\u0107ernom bole\u0161\u0107u kako bi postigli \u017eeljenu tjelesnu te\u017einu i preporu\u010dene razine \u0161e\u0107era u krvi. Detaljno je opisan sastav hrane, planiranje obroka, izra\u010dun potrebnih kalorija, podjela hrane po skupinama namirnica, koli\u010dine pojedinih namirnica po obroku, te jo\u0161 niz zanimljivosti o prehrani poput uloge sladila, me\u0111uobroka, \u0161to se mo\u017ee piti\u2026<br \/>Namijenjena je osobama sa \u0161e\u0107ernom bole\u0161\u0107u ali mo\u017ee koristiti i svima koji skrbe o njima kao \u0161to su specijalisti obiteljske medicine, sestre edukatori odnosno svima koji imaju interes saznati \u0161to je to zapravo u hrani.<\/p>\n<p><strong>Bilje\u0161ka o autoru\/autorici:<\/strong><\/p>\n<p>Anela Novak je docentica na Medicinskom fakultetu u Splitu gdje na Katedri za Klini\u010dku propedeutiku. Autorica je specijalist interne medicine i subspecijalist endokrinologije i dijabetologije te radi kao lije\u010dnik specijalist na Zavodu za endokrinologiju, dijabetes i bolesti metabolizma Klini\u010dkog bolni\u010dkog centra Split. Potpredsjednica je Hrvatskog dru\u0161tva za endokrinologiju i dijabetologiju HLZ. U\u017ee podru\u010dje njenog interesa su razli\u010diti endokrinolo\u0161ki i metaboli\u010dki poreme\u0107aji, posebice \u0161e\u0107erna bolest. Tako\u0111er, autor je ve\u0107eg broja znanstvenih i stru\u010dnih radova te aktivno sudjeluje na brojnim doma\u0107im i me\u0111unarodnim kongresima i te\u010dajevima iz podru\u010dja endokrinologije i dijabetologije.<\/p>\n<p><strong>Klju\u010dne rije\u010di:<\/strong> Prehrana, \u0161e\u0107erna bolest, ugljikohidrati<\/p>\n<p><strong>Naslov:<\/strong> Birajte svoju hranu &#8211; Priru\u010dnik o prehrani za osobe sa \u0161e\u0107ernom bole\u0161\u0107u<br \/><strong>Autor:<\/strong> Anela Novak<br \/><strong>Broj stranica:<\/strong> 76<br \/><strong>Nakladnik:<\/strong> REDAK<br \/><strong>Godina izdanja:<\/strong> 2020 .<br \/><strong>ISBN:<\/strong> 978-953-336-657-9<br \/><strong>Tisak:<\/strong> digitalni tisak knjiga &#8211; print na zahtjev<\/p>\n<p>\u00a0<\/p>\n<p><strong>Kako naru\u010diti knjigu?\u00a0<\/strong>Proces online kupovine jednako funkcionira za sve kupce, s jedinom razlikom u tome \u0161to \u0161to kupci iz inozemstva za podru\u010dje dostave moraju odabrati &#8220;Europa&#8221; ili &#8220;Ostale zemlje svijeta&#8221;, a za vrstu pla\u0107anja WSPay (kreditna kartica) ili Virmanom (bankovni transfer).<\/p>\n<p style=\"text-align: justify;\">Molimo kliknite ovdje za\u00a0<a href=\"hr\/kako-kupovati\">detaljni vodi\u010d kroz proces narud\u017ebe<\/a>\u00a0ili nas\u00a0<a href=\"hr\/kontakt\">kontaktirajte<\/a>\u00a0za vi\u0161e informacija.<\/p>\n","protected":false},"excerpt":{"rendered":"<p>Sa\u017eetak: U ovom priru\u010dniku o prehrani jednostavno su prikazani svi elementi va\u017eni u prehrani osoba sa \u0161e\u0107ernom bole\u0161\u0107u kako bi postigli \u017eeljenu tjelesnu te\u017einu i preporu\u010dene razine \u0161e\u0107era u krvi. Detaljno je opisan sastav hrane, planiranje obroka, izra\u010dun potrebnih kalorija, podjela hrane po skupinama namirnica, koli\u010dine pojedinih namirnica po obroku, te jo\u0161 niz zanimljivosti o [&hellip;]<\/p>\n","protected":false},"featured_media":9242,"comment_status":"open","ping_status":"closed","template":"","meta":{"_acf_changed":false},"product_brand":[],"product_cat":[1517],"product_tag":[],"class_list":{"0":"post-9241","1":"product","2":"type-product","3":"status-publish","4":"has-post-thumbnail","6":"product_cat-strucna-literatura","7":"pa_nakladnik-redak","9":"first","10":"instock","11":"shipping-taxable","12":"purchasable","13":"product-type-simple"},"acf":[],"yoast_head":"<!-- This site is optimized with the Yoast SEO plugin v27.3 - https:\/\/yoast.com\/product\/yoast-seo-wordpress\/ -->\n<title>BIRAJTE SVOJU HRANU - PRIRU\u010cNIK O PREHRANI ZA OSOBE SA \u0160E\u0106ERNOM BOLE\u0160\u0106U, Anela Novak - Web-knji\u017eara<\/title>\n<meta name=\"robots\" content=\"index, follow, max-snippet:-1, max-image-preview:large, max-video-preview:-1\" \/>\n<link rel=\"canonical\" href=\"https:\/\/webknjizara.hr\/proizvod\/birajte-svoju-hranu-prirucnik-o-prehrani-za-osobe-sa-secernom-bolescu-anela-novak\/\" \/>\n<meta property=\"og:locale\" content=\"en_US\" \/>\n<meta property=\"og:type\" content=\"article\" \/>\n<meta property=\"og:title\" content=\"BIRAJTE SVOJU HRANU - PRIRU\u010cNIK O PREHRANI ZA OSOBE SA \u0160E\u0106ERNOM BOLE\u0160\u0106U, Anela Novak - Web-knji\u017eara\" \/>\n<meta property=\"og:description\" content=\"Sa\u017eetak: U ovom priru\u010dniku o prehrani jednostavno su prikazani svi elementi va\u017eni u prehrani osoba sa \u0161e\u0107ernom bole\u0161\u0107u kako bi postigli \u017eeljenu tjelesnu te\u017einu i preporu\u010dene razine \u0161e\u0107era u krvi. Detaljno je opisan sastav hrane, planiranje obroka, izra\u010dun potrebnih kalorija, podjela hrane po skupinama namirnica, koli\u010dine pojedinih namirnica po obroku, te jo\u0161 niz zanimljivosti o [&hellip;]\" \/>\n<meta property=\"og:url\" content=\"https:\/\/webknjizara.hr\/proizvod\/birajte-svoju-hranu-prirucnik-o-prehrani-za-osobe-sa-secernom-bolescu-anela-novak\/\" \/>\n<meta property=\"og:site_name\" content=\"Web-knji\u017eara\" \/>\n<meta property=\"article:modified_time\" content=\"2023-02-26T23:18:07+00:00\" \/>\n<meta property=\"og:image\" content=\"https:\/\/webknjizara.hr\/wp-content\/uploads\/nc\/images\/virtuemart\/product\/Anela_Novak_Birajte_svoju_hranu_naslovnica_WEB.jpg\" \/>\n\t<meta property=\"og:image:width\" content=\"300\" \/>\n\t<meta property=\"og:image:height\" content=\"419\" \/>\n\t<meta property=\"og:image:type\" content=\"image\/jpeg\" \/>\n<meta name=\"twitter:card\" content=\"summary_large_image\" \/>\n<meta name=\"twitter:label1\" content=\"Est. reading time\" \/>\n\t<meta name=\"twitter:data1\" content=\"2 minutes\" \/>\n<script type=\"application\/ld+json\" class=\"yoast-schema-graph\">{\"@context\":\"https:\\\/\\\/schema.org\",\"@graph\":[{\"@type\":\"WebPage\",\"@id\":\"https:\\\/\\\/webknjizara.hr\\\/proizvod\\\/birajte-svoju-hranu-prirucnik-o-prehrani-za-osobe-sa-secernom-bolescu-anela-novak\\\/\",\"url\":\"https:\\\/\\\/webknjizara.hr\\\/proizvod\\\/birajte-svoju-hranu-prirucnik-o-prehrani-za-osobe-sa-secernom-bolescu-anela-novak\\\/\",\"name\":\"BIRAJTE SVOJU HRANU - PRIRU\u010cNIK O PREHRANI ZA OSOBE SA \u0160E\u0106ERNOM BOLE\u0160\u0106U, Anela Novak - Web-knji\u017eara\",\"isPartOf\":{\"@id\":\"https:\\\/\\\/webknjizara.hr\\\/#website\"},\"primaryImageOfPage\":{\"@id\":\"https:\\\/\\\/webknjizara.hr\\\/proizvod\\\/birajte-svoju-hranu-prirucnik-o-prehrani-za-osobe-sa-secernom-bolescu-anela-novak\\\/#primaryimage\"},\"image\":{\"@id\":\"https:\\\/\\\/webknjizara.hr\\\/proizvod\\\/birajte-svoju-hranu-prirucnik-o-prehrani-za-osobe-sa-secernom-bolescu-anela-novak\\\/#primaryimage\"},\"thumbnailUrl\":\"https:\\\/\\\/webknjizara.hr\\\/wp-content\\\/uploads\\\/nc\\\/images\\\/virtuemart\\\/product\\\/Anela_Novak_Birajte_svoju_hranu_naslovnica_WEB.jpg\",\"datePublished\":\"2020-05-22T12:51:33+00:00\",\"dateModified\":\"2023-02-26T23:18:07+00:00\",\"breadcrumb\":{\"@id\":\"https:\\\/\\\/webknjizara.hr\\\/proizvod\\\/birajte-svoju-hranu-prirucnik-o-prehrani-za-osobe-sa-secernom-bolescu-anela-novak\\\/#breadcrumb\"},\"inLanguage\":\"en-US\",\"potentialAction\":[{\"@type\":\"ReadAction\",\"target\":[\"https:\\\/\\\/webknjizara.hr\\\/proizvod\\\/birajte-svoju-hranu-prirucnik-o-prehrani-za-osobe-sa-secernom-bolescu-anela-novak\\\/\"]}]},{\"@type\":\"ImageObject\",\"inLanguage\":\"en-US\",\"@id\":\"https:\\\/\\\/webknjizara.hr\\\/proizvod\\\/birajte-svoju-hranu-prirucnik-o-prehrani-za-osobe-sa-secernom-bolescu-anela-novak\\\/#primaryimage\",\"url\":\"https:\\\/\\\/webknjizara.hr\\\/wp-content\\\/uploads\\\/nc\\\/images\\\/virtuemart\\\/product\\\/Anela_Novak_Birajte_svoju_hranu_naslovnica_WEB.jpg\",\"contentUrl\":\"https:\\\/\\\/webknjizara.hr\\\/wp-content\\\/uploads\\\/nc\\\/images\\\/virtuemart\\\/product\\\/Anela_Novak_Birajte_svoju_hranu_naslovnica_WEB.jpg\",\"width\":300,\"height\":419,\"caption\":\"BIRAJTE SVOJU HRANU - PRIRU\u010cNIK O PREHRANI ZA OSOBE SA \u0160E\u0106ERNOM BOLE\u0160\u0106U, Anela Novak\"},{\"@type\":\"BreadcrumbList\",\"@id\":\"https:\\\/\\\/webknjizara.hr\\\/proizvod\\\/birajte-svoju-hranu-prirucnik-o-prehrani-za-osobe-sa-secernom-bolescu-anela-novak\\\/#breadcrumb\",\"itemListElement\":[{\"@type\":\"ListItem\",\"position\":1,\"name\":\"Po\u010detna stranica\",\"item\":\"https:\\\/\\\/webknjizara.hr\\\/en\\\/\"},{\"@type\":\"ListItem\",\"position\":2,\"name\":\"Shop\",\"item\":\"https:\\\/\\\/webknjizara.hr\\\/shop\\\/\"},{\"@type\":\"ListItem\",\"position\":3,\"name\":\"BIRAJTE SVOJU HRANU &#8211; PRIRU\u010cNIK O PREHRANI ZA OSOBE SA \u0160E\u0106ERNOM BOLE\u0160\u0106U, Anela Novak\"}]},{\"@type\":\"WebSite\",\"@id\":\"https:\\\/\\\/webknjizara.hr\\\/#website\",\"url\":\"https:\\\/\\\/webknjizara.hr\\\/\",\"name\":\"Web Knji\u017eara\",\"description\":\"\",\"publisher\":{\"@id\":\"https:\\\/\\\/webknjizara.hr\\\/#organization\"},\"potentialAction\":[{\"@type\":\"SearchAction\",\"target\":{\"@type\":\"EntryPoint\",\"urlTemplate\":\"https:\\\/\\\/webknjizara.hr\\\/?s={search_term_string}\"},\"query-input\":{\"@type\":\"PropertyValueSpecification\",\"valueRequired\":true,\"valueName\":\"search_term_string\"}}],\"inLanguage\":\"en-US\"},{\"@type\":\"Organization\",\"@id\":\"https:\\\/\\\/webknjizara.hr\\\/#organization\",\"name\":\"REDAK D.O.O.\",\"url\":\"https:\\\/\\\/webknjizara.hr\\\/\",\"logo\":{\"@type\":\"ImageObject\",\"inLanguage\":\"en-US\",\"@id\":\"https:\\\/\\\/webknjizara.hr\\\/#\\\/schema\\\/logo\\\/image\\\/\",\"url\":\"https:\\\/\\\/webknjizara.hr\\\/wp-content\\\/uploads\\\/2023\\\/01\\\/web-knjizara-logo.webp\",\"contentUrl\":\"https:\\\/\\\/webknjizara.hr\\\/wp-content\\\/uploads\\\/2023\\\/01\\\/web-knjizara-logo.webp\",\"width\":324,\"height\":79,\"caption\":\"REDAK D.O.O.\"},\"image\":{\"@id\":\"https:\\\/\\\/webknjizara.hr\\\/#\\\/schema\\\/logo\\\/image\\\/\"}}]}<\/script>\n<!-- \/ Yoast SEO plugin. -->","yoast_head_json":{"title":"BIRAJTE SVOJU HRANU - PRIRU\u010cNIK O PREHRANI ZA OSOBE SA \u0160E\u0106ERNOM BOLE\u0160\u0106U, Anela Novak - Web-knji\u017eara","robots":{"index":"index","follow":"follow","max-snippet":"max-snippet:-1","max-image-preview":"max-image-preview:large","max-video-preview":"max-video-preview:-1"},"canonical":"https:\/\/webknjizara.hr\/proizvod\/birajte-svoju-hranu-prirucnik-o-prehrani-za-osobe-sa-secernom-bolescu-anela-novak\/","og_locale":"en_US","og_type":"article","og_title":"BIRAJTE SVOJU HRANU - PRIRU\u010cNIK O PREHRANI ZA OSOBE SA \u0160E\u0106ERNOM BOLE\u0160\u0106U, Anela Novak - Web-knji\u017eara","og_description":"Sa\u017eetak: U ovom priru\u010dniku o prehrani jednostavno su prikazani svi elementi va\u017eni u prehrani osoba sa \u0161e\u0107ernom bole\u0161\u0107u kako bi postigli \u017eeljenu tjelesnu te\u017einu i preporu\u010dene razine \u0161e\u0107era u krvi. Detaljno je opisan sastav hrane, planiranje obroka, izra\u010dun potrebnih kalorija, podjela hrane po skupinama namirnica, koli\u010dine pojedinih namirnica po obroku, te jo\u0161 niz zanimljivosti o [&hellip;]","og_url":"https:\/\/webknjizara.hr\/proizvod\/birajte-svoju-hranu-prirucnik-o-prehrani-za-osobe-sa-secernom-bolescu-anela-novak\/","og_site_name":"Web-knji\u017eara","article_modified_time":"2023-02-26T23:18:07+00:00","og_image":[{"width":300,"height":419,"url":"https:\/\/webknjizara.hr\/wp-content\/uploads\/nc\/images\/virtuemart\/product\/Anela_Novak_Birajte_svoju_hranu_naslovnica_WEB.jpg","type":"image\/jpeg"}],"twitter_card":"summary_large_image","twitter_misc":{"Est. reading time":"2 minutes"},"schema":{"@context":"https:\/\/schema.org","@graph":[{"@type":"WebPage","@id":"https:\/\/webknjizara.hr\/proizvod\/birajte-svoju-hranu-prirucnik-o-prehrani-za-osobe-sa-secernom-bolescu-anela-novak\/","url":"https:\/\/webknjizara.hr\/proizvod\/birajte-svoju-hranu-prirucnik-o-prehrani-za-osobe-sa-secernom-bolescu-anela-novak\/","name":"BIRAJTE SVOJU HRANU - PRIRU\u010cNIK O PREHRANI ZA OSOBE SA \u0160E\u0106ERNOM BOLE\u0160\u0106U, Anela Novak - Web-knji\u017eara","isPartOf":{"@id":"https:\/\/webknjizara.hr\/#website"},"primaryImageOfPage":{"@id":"https:\/\/webknjizara.hr\/proizvod\/birajte-svoju-hranu-prirucnik-o-prehrani-za-osobe-sa-secernom-bolescu-anela-novak\/#primaryimage"},"image":{"@id":"https:\/\/webknjizara.hr\/proizvod\/birajte-svoju-hranu-prirucnik-o-prehrani-za-osobe-sa-secernom-bolescu-anela-novak\/#primaryimage"},"thumbnailUrl":"https:\/\/webknjizara.hr\/wp-content\/uploads\/nc\/images\/virtuemart\/product\/Anela_Novak_Birajte_svoju_hranu_naslovnica_WEB.jpg","datePublished":"2020-05-22T12:51:33+00:00","dateModified":"2023-02-26T23:18:07+00:00","breadcrumb":{"@id":"https:\/\/webknjizara.hr\/proizvod\/birajte-svoju-hranu-prirucnik-o-prehrani-za-osobe-sa-secernom-bolescu-anela-novak\/#breadcrumb"},"inLanguage":"en-US","potentialAction":[{"@type":"ReadAction","target":["https:\/\/webknjizara.hr\/proizvod\/birajte-svoju-hranu-prirucnik-o-prehrani-za-osobe-sa-secernom-bolescu-anela-novak\/"]}]},{"@type":"ImageObject","inLanguage":"en-US","@id":"https:\/\/webknjizara.hr\/proizvod\/birajte-svoju-hranu-prirucnik-o-prehrani-za-osobe-sa-secernom-bolescu-anela-novak\/#primaryimage","url":"https:\/\/webknjizara.hr\/wp-content\/uploads\/nc\/images\/virtuemart\/product\/Anela_Novak_Birajte_svoju_hranu_naslovnica_WEB.jpg","contentUrl":"https:\/\/webknjizara.hr\/wp-content\/uploads\/nc\/images\/virtuemart\/product\/Anela_Novak_Birajte_svoju_hranu_naslovnica_WEB.jpg","width":300,"height":419,"caption":"BIRAJTE SVOJU HRANU - PRIRU\u010cNIK O PREHRANI ZA OSOBE SA \u0160E\u0106ERNOM BOLE\u0160\u0106U, Anela Novak"},{"@type":"BreadcrumbList","@id":"https:\/\/webknjizara.hr\/proizvod\/birajte-svoju-hranu-prirucnik-o-prehrani-za-osobe-sa-secernom-bolescu-anela-novak\/#breadcrumb","itemListElement":[{"@type":"ListItem","position":1,"name":"Po\u010detna stranica","item":"https:\/\/webknjizara.hr\/en\/"},{"@type":"ListItem","position":2,"name":"Shop","item":"https:\/\/webknjizara.hr\/shop\/"},{"@type":"ListItem","position":3,"name":"BIRAJTE SVOJU HRANU &#8211; PRIRU\u010cNIK O PREHRANI ZA OSOBE SA \u0160E\u0106ERNOM BOLE\u0160\u0106U, Anela Novak"}]},{"@type":"WebSite","@id":"https:\/\/webknjizara.hr\/#website","url":"https:\/\/webknjizara.hr\/","name":"Web Knji\u017eara","description":"","publisher":{"@id":"https:\/\/webknjizara.hr\/#organization"},"potentialAction":[{"@type":"SearchAction","target":{"@type":"EntryPoint","urlTemplate":"https:\/\/webknjizara.hr\/?s={search_term_string}"},"query-input":{"@type":"PropertyValueSpecification","valueRequired":true,"valueName":"search_term_string"}}],"inLanguage":"en-US"},{"@type":"Organization","@id":"https:\/\/webknjizara.hr\/#organization","name":"REDAK D.O.O.","url":"https:\/\/webknjizara.hr\/","logo":{"@type":"ImageObject","inLanguage":"en-US","@id":"https:\/\/webknjizara.hr\/#\/schema\/logo\/image\/","url":"https:\/\/webknjizara.hr\/wp-content\/uploads\/2023\/01\/web-knjizara-logo.webp","contentUrl":"https:\/\/webknjizara.hr\/wp-content\/uploads\/2023\/01\/web-knjizara-logo.webp","width":324,"height":79,"caption":"REDAK D.O.O."},"image":{"@id":"https:\/\/webknjizara.hr\/#\/schema\/logo\/image\/"}}]}},"_links":{"self":[{"href":"https:\/\/webknjizara.hr\/en\/wp-json\/wp\/v2\/product\/9241","targetHints":{"allow":["GET"]}}],"collection":[{"href":"https:\/\/webknjizara.hr\/en\/wp-json\/wp\/v2\/product"}],"about":[{"href":"https:\/\/webknjizara.hr\/en\/wp-json\/wp\/v2\/types\/product"}],"replies":[{"embeddable":true,"href":"https:\/\/webknjizara.hr\/en\/wp-json\/wp\/v2\/comments?post=9241"}],"wp:featuredmedia":[{"embeddable":true,"href":"https:\/\/webknjizara.hr\/en\/wp-json\/wp\/v2\/media\/9242"}],"wp:attachment":[{"href":"https:\/\/webknjizara.hr\/en\/wp-json\/wp\/v2\/media?parent=9241"}],"wp:term":[{"taxonomy":"product_brand","embeddable":true,"href":"https:\/\/webknjizara.hr\/en\/wp-json\/wp\/v2\/product_brand?post=9241"},{"taxonomy":"product_cat","embeddable":true,"href":"https:\/\/webknjizara.hr\/en\/wp-json\/wp\/v2\/product_cat?post=9241"},{"taxonomy":"product_tag","embeddable":true,"href":"https:\/\/webknjizara.hr\/en\/wp-json\/wp\/v2\/product_tag?post=9241"}],"curies":[{"name":"wp","href":"https:\/\/api.w.org\/{rel}","templated":true}]}}