{"id":9235,"date":"2020-05-08T11:14:52","date_gmt":"2020-05-08T11:14:52","guid":{"rendered":"https:\/\/webknjizara.hr\/?product=putovanje-kroz-tri-zemlje-i-jedno-nebo-lasta-majer"},"modified":"2023-02-27T00:18:07","modified_gmt":"2023-02-26T23:18:07","slug":"putovanje-kroz-tri-zemlje-i-jedno-nebo-lasta-majer","status":"publish","type":"product","link":"https:\/\/webknjizara.hr\/en\/proizvod\/putovanje-kroz-tri-zemlje-i-jedno-nebo-lasta-majer\/","title":{"rendered":"PUTOVANJE KROZ TRI ZEMLJE I JEDNO NEBO, Lasta Majer"},"content":{"rendered":"<p><strong>Sa\u017eetak:<\/p>\n<p><\/strong>Malo dijete samostalno putuje brodom ro\u0111acima na Lo\u0161inj.<\/p>\n<p>Upoznaje se s elementima:\u00a0<\/p>\n<p>vodom-morem, vatrom, zemljom, zrakom i jo\u0161 koje\u010dim. Kre\u0107e se s roditeljima po Kvarneru, vra\u0107a u rodni Zagreb, raste, upoznaje prvu ljubav, stvara prve pjesme.<\/p>\n<p>U drugom dijelu putuje kao mlada \u017eena s mu\u017eem u Gr\u010dku, upoznaje doma\u0107e ljude, krajolik, mirise, obi\u010daje, manastire, antiku, gr\u010dke plesove u planinskom selu.<\/p>\n<p>Tre\u0107i dio posve\u0107en je Pragu, njegovoj arhitekturi, glazbi, ljudima, \u201ebar\u0161unastoj revoluciji\u201c i Vaclavu Havelu.<\/p>\n<p>\u010cetvrti dio bavi se plesom kao terapijom, sakralnim plesom kao mogu\u0107om cjelinom du\u0161e, tijela i duha. Ljudi bez obzira na narodnost i vjeru do\u017eivjet \u0107e zvjezdane trenutke i spoznati \u0161to zna\u010di \u201egolubica mira&#8221; i put kroz nebo, naravno, i kroz glazbu i poeziju<\/p>\n<p><strong>Bilje\u0161ka o autoru\/autorici:<br \/><\/strong><\/p>\n<p>Lasta Majer-Reuter plesala je prije nego \u0161to je prohodala. Rano je po\u010dela pisati pri\u010de i pjesme, zatim i novele, putopise i znanstvene radove.<\/p>\n<p>Kasnije je i objavljivala u knji\u017eevnim i znanstvenim \u010dasopisima. Nakon mature u zagreba\u010dkoj klasi\u010dnoj gimnaziji, studirala je francuski, logopediju i fonetiku. Magistrirala je interdisciplinarno na sveu\u010dili\u0161tu. Bavila se terapijom govora i glasa, predavala francuski, sura\u0111ivala s odsjekom za fonetiku i sudjelovala u Govorni\u010dkoj \u0161koli.\u00a0<\/p>\n<p>Odlaskom u mirovinu vratila se plesu te je nakon trogodi\u0161njeg studija sakralnog plesa vodila grupe u Njema\u010dkoj i u Hrvatskoj. Preko plesa i pisanja nastoji povezati ljude razli\u010ditih svjetonazora, narodnosti i vjere.<\/p>\n<p>Putovala je od Islanda do Indije, \u010desto i kao pomo\u0107nica humanitarnih organizacija. Udajom za litavskog Nijemca dobila je drugu domovinu u Alpama, a od posinaka i pok\u0107erki unuke i praunuke.<\/p>\n<p><strong>Klju\u010dne rije\u010di:<\/strong> putovanje, \u017eivot, djetinjstvo, zrelost, glazba, ples, poezija, du\u0161a, duh, stari Zagreb, elementi u prirodi, ljudi, odnosi, dru\u0161tvo, umjetnost, Kvarner, Gr\u010dka, Prag, Sirius<\/p>\n<p><strong>E-mail: <a href=\"mailto:lasta.majer@gmail.com\" target=\"_blank\" rel=\"noopener noreferrer\">Lasta Majer<\/a><\/strong>\u00a0<\/p>\n<p>\u00a0<\/p>\n<p><strong>Naslov:<\/strong> Putovanje kroz TRI ZEMLJE i jedno nebo<br \/><strong>Autor:<\/strong> Lasta Majer<br \/><strong>Broj stranica:<\/strong> 154<br \/><strong>Nakladnik:<\/strong> REDAK<br \/><strong>Godina izdanja:<\/strong> 2020 .<br \/><strong>ISBN:<\/strong> 978-953-336-652-4<br \/><strong>Tisak:<\/strong> digitalni tisak knjiga &#8211; print na zahtjev<\/p>\n<p>\u00a0<\/p>\n<p><strong>Kako naru\u010diti knjigu?\u00a0<\/strong>Proces online kupovine jednako funkcionira za sve kupce, s jedinom razlikom u tome \u0161to \u0161to kupci iz inozemstva za podru\u010dje dostave moraju odabrati &#8220;Europa&#8221; ili &#8220;Ostale zemlje svijeta&#8221;, a za vrstu pla\u0107anja WSPay (kreditna kartica) ili Virmanom (bankovni transfer).<\/p>\n<p style=\"text-align: justify;\">Molimo kliknite ovdje za\u00a0<a href=\"hr\/kako-kupovati\">detaljni vodi\u010d kroz proces narud\u017ebe<\/a>\u00a0ili nas\u00a0<a href=\"hr\/kontakt\">kontaktirajte<\/a>\u00a0za vi\u0161e informacija.<\/p>\n","protected":false},"excerpt":{"rendered":"<p>Sa\u017eetak: Malo dijete samostalno putuje brodom ro\u0111acima na Lo\u0161inj. Upoznaje se s elementima:\u00a0 vodom-morem, vatrom, zemljom, zrakom i jo\u0161 koje\u010dim. Kre\u0107e se s roditeljima po Kvarneru, vra\u0107a u rodni Zagreb, raste, upoznaje prvu ljubav, stvara prve pjesme. U drugom dijelu putuje kao mlada \u017eena s mu\u017eem u Gr\u010dku, upoznaje doma\u0107e ljude, krajolik, mirise, obi\u010daje, manastire, [&hellip;]<\/p>\n","protected":false},"featured_media":9236,"comment_status":"open","ping_status":"closed","template":"","meta":{"_acf_changed":false},"product_brand":[],"product_cat":[1383,1385],"product_tag":[],"class_list":{"0":"post-9235","1":"product","2":"type-product","3":"status-publish","4":"has-post-thumbnail","6":"product_cat-knjige","7":"product_cat-knjizevnost","8":"pa_autor-lasta-majer","9":"pa_nakladnik-redak","11":"first","12":"instock","13":"shipping-taxable","14":"purchasable","15":"product-type-simple"},"acf":[],"yoast_head":"<!-- This site is optimized with the Yoast SEO plugin v27.3 - https:\/\/yoast.com\/product\/yoast-seo-wordpress\/ -->\n<title>PUTOVANJE KROZ TRI ZEMLJE I JEDNO NEBO, Lasta Majer - Web-knji\u017eara<\/title>\n<meta name=\"robots\" content=\"index, follow, max-snippet:-1, max-image-preview:large, max-video-preview:-1\" \/>\n<link rel=\"canonical\" href=\"https:\/\/webknjizara.hr\/proizvod\/putovanje-kroz-tri-zemlje-i-jedno-nebo-lasta-majer\/\" \/>\n<meta property=\"og:locale\" content=\"en_US\" \/>\n<meta property=\"og:type\" content=\"article\" \/>\n<meta property=\"og:title\" content=\"PUTOVANJE KROZ TRI ZEMLJE I JEDNO NEBO, Lasta Majer - Web-knji\u017eara\" \/>\n<meta property=\"og:description\" content=\"Sa\u017eetak: Malo dijete samostalno putuje brodom ro\u0111acima na Lo\u0161inj. Upoznaje se s elementima:\u00a0 vodom-morem, vatrom, zemljom, zrakom i jo\u0161 koje\u010dim. Kre\u0107e se s roditeljima po Kvarneru, vra\u0107a u rodni Zagreb, raste, upoznaje prvu ljubav, stvara prve pjesme. U drugom dijelu putuje kao mlada \u017eena s mu\u017eem u Gr\u010dku, upoznaje doma\u0107e ljude, krajolik, mirise, obi\u010daje, manastire, [&hellip;]\" \/>\n<meta property=\"og:url\" content=\"https:\/\/webknjizara.hr\/proizvod\/putovanje-kroz-tri-zemlje-i-jedno-nebo-lasta-majer\/\" \/>\n<meta property=\"og:site_name\" content=\"Web-knji\u017eara\" \/>\n<meta property=\"article:modified_time\" content=\"2023-02-26T23:18:07+00:00\" \/>\n<meta property=\"og:image\" content=\"https:\/\/webknjizara.hr\/wp-content\/uploads\/nc\/images\/virtuemart\/product\/tri-zemlje-lasta-majer.jpg\" \/>\n\t<meta property=\"og:image:width\" content=\"300\" \/>\n\t<meta property=\"og:image:height\" content=\"419\" \/>\n\t<meta property=\"og:image:type\" content=\"image\/jpeg\" \/>\n<meta name=\"twitter:card\" content=\"summary_large_image\" \/>\n<meta name=\"twitter:label1\" content=\"Est. reading time\" \/>\n\t<meta name=\"twitter:data1\" content=\"2 minutes\" \/>\n<script type=\"application\/ld+json\" class=\"yoast-schema-graph\">{\"@context\":\"https:\\\/\\\/schema.org\",\"@graph\":[{\"@type\":\"WebPage\",\"@id\":\"https:\\\/\\\/webknjizara.hr\\\/proizvod\\\/putovanje-kroz-tri-zemlje-i-jedno-nebo-lasta-majer\\\/\",\"url\":\"https:\\\/\\\/webknjizara.hr\\\/proizvod\\\/putovanje-kroz-tri-zemlje-i-jedno-nebo-lasta-majer\\\/\",\"name\":\"PUTOVANJE KROZ TRI ZEMLJE I JEDNO NEBO, Lasta Majer - Web-knji\u017eara\",\"isPartOf\":{\"@id\":\"https:\\\/\\\/webknjizara.hr\\\/#website\"},\"primaryImageOfPage\":{\"@id\":\"https:\\\/\\\/webknjizara.hr\\\/proizvod\\\/putovanje-kroz-tri-zemlje-i-jedno-nebo-lasta-majer\\\/#primaryimage\"},\"image\":{\"@id\":\"https:\\\/\\\/webknjizara.hr\\\/proizvod\\\/putovanje-kroz-tri-zemlje-i-jedno-nebo-lasta-majer\\\/#primaryimage\"},\"thumbnailUrl\":\"https:\\\/\\\/webknjizara.hr\\\/wp-content\\\/uploads\\\/nc\\\/images\\\/virtuemart\\\/product\\\/tri-zemlje-lasta-majer.jpg\",\"datePublished\":\"2020-05-08T11:14:52+00:00\",\"dateModified\":\"2023-02-26T23:18:07+00:00\",\"breadcrumb\":{\"@id\":\"https:\\\/\\\/webknjizara.hr\\\/proizvod\\\/putovanje-kroz-tri-zemlje-i-jedno-nebo-lasta-majer\\\/#breadcrumb\"},\"inLanguage\":\"en-US\",\"potentialAction\":[{\"@type\":\"ReadAction\",\"target\":[\"https:\\\/\\\/webknjizara.hr\\\/proizvod\\\/putovanje-kroz-tri-zemlje-i-jedno-nebo-lasta-majer\\\/\"]}]},{\"@type\":\"ImageObject\",\"inLanguage\":\"en-US\",\"@id\":\"https:\\\/\\\/webknjizara.hr\\\/proizvod\\\/putovanje-kroz-tri-zemlje-i-jedno-nebo-lasta-majer\\\/#primaryimage\",\"url\":\"https:\\\/\\\/webknjizara.hr\\\/wp-content\\\/uploads\\\/nc\\\/images\\\/virtuemart\\\/product\\\/tri-zemlje-lasta-majer.jpg\",\"contentUrl\":\"https:\\\/\\\/webknjizara.hr\\\/wp-content\\\/uploads\\\/nc\\\/images\\\/virtuemart\\\/product\\\/tri-zemlje-lasta-majer.jpg\",\"width\":300,\"height\":419,\"caption\":\"PUTOVANJE KROZ TRI ZEMLJE I JEDNO NEBO, Lasta Majer\"},{\"@type\":\"BreadcrumbList\",\"@id\":\"https:\\\/\\\/webknjizara.hr\\\/proizvod\\\/putovanje-kroz-tri-zemlje-i-jedno-nebo-lasta-majer\\\/#breadcrumb\",\"itemListElement\":[{\"@type\":\"ListItem\",\"position\":1,\"name\":\"Po\u010detna stranica\",\"item\":\"https:\\\/\\\/webknjizara.hr\\\/en\\\/\"},{\"@type\":\"ListItem\",\"position\":2,\"name\":\"Shop\",\"item\":\"https:\\\/\\\/webknjizara.hr\\\/shop\\\/\"},{\"@type\":\"ListItem\",\"position\":3,\"name\":\"PUTOVANJE KROZ TRI ZEMLJE I JEDNO NEBO, Lasta Majer\"}]},{\"@type\":\"WebSite\",\"@id\":\"https:\\\/\\\/webknjizara.hr\\\/#website\",\"url\":\"https:\\\/\\\/webknjizara.hr\\\/\",\"name\":\"Web Knji\u017eara\",\"description\":\"\",\"publisher\":{\"@id\":\"https:\\\/\\\/webknjizara.hr\\\/#organization\"},\"potentialAction\":[{\"@type\":\"SearchAction\",\"target\":{\"@type\":\"EntryPoint\",\"urlTemplate\":\"https:\\\/\\\/webknjizara.hr\\\/?s={search_term_string}\"},\"query-input\":{\"@type\":\"PropertyValueSpecification\",\"valueRequired\":true,\"valueName\":\"search_term_string\"}}],\"inLanguage\":\"en-US\"},{\"@type\":\"Organization\",\"@id\":\"https:\\\/\\\/webknjizara.hr\\\/#organization\",\"name\":\"REDAK D.O.O.\",\"url\":\"https:\\\/\\\/webknjizara.hr\\\/\",\"logo\":{\"@type\":\"ImageObject\",\"inLanguage\":\"en-US\",\"@id\":\"https:\\\/\\\/webknjizara.hr\\\/#\\\/schema\\\/logo\\\/image\\\/\",\"url\":\"https:\\\/\\\/webknjizara.hr\\\/wp-content\\\/uploads\\\/2023\\\/01\\\/web-knjizara-logo.webp\",\"contentUrl\":\"https:\\\/\\\/webknjizara.hr\\\/wp-content\\\/uploads\\\/2023\\\/01\\\/web-knjizara-logo.webp\",\"width\":324,\"height\":79,\"caption\":\"REDAK D.O.O.\"},\"image\":{\"@id\":\"https:\\\/\\\/webknjizara.hr\\\/#\\\/schema\\\/logo\\\/image\\\/\"}}]}<\/script>\n<!-- \/ Yoast SEO plugin. -->","yoast_head_json":{"title":"PUTOVANJE KROZ TRI ZEMLJE I JEDNO NEBO, Lasta Majer - Web-knji\u017eara","robots":{"index":"index","follow":"follow","max-snippet":"max-snippet:-1","max-image-preview":"max-image-preview:large","max-video-preview":"max-video-preview:-1"},"canonical":"https:\/\/webknjizara.hr\/proizvod\/putovanje-kroz-tri-zemlje-i-jedno-nebo-lasta-majer\/","og_locale":"en_US","og_type":"article","og_title":"PUTOVANJE KROZ TRI ZEMLJE I JEDNO NEBO, Lasta Majer - Web-knji\u017eara","og_description":"Sa\u017eetak: Malo dijete samostalno putuje brodom ro\u0111acima na Lo\u0161inj. Upoznaje se s elementima:\u00a0 vodom-morem, vatrom, zemljom, zrakom i jo\u0161 koje\u010dim. Kre\u0107e se s roditeljima po Kvarneru, vra\u0107a u rodni Zagreb, raste, upoznaje prvu ljubav, stvara prve pjesme. U drugom dijelu putuje kao mlada \u017eena s mu\u017eem u Gr\u010dku, upoznaje doma\u0107e ljude, krajolik, mirise, obi\u010daje, manastire, [&hellip;]","og_url":"https:\/\/webknjizara.hr\/proizvod\/putovanje-kroz-tri-zemlje-i-jedno-nebo-lasta-majer\/","og_site_name":"Web-knji\u017eara","article_modified_time":"2023-02-26T23:18:07+00:00","og_image":[{"width":300,"height":419,"url":"https:\/\/webknjizara.hr\/wp-content\/uploads\/nc\/images\/virtuemart\/product\/tri-zemlje-lasta-majer.jpg","type":"image\/jpeg"}],"twitter_card":"summary_large_image","twitter_misc":{"Est. reading time":"2 minutes"},"schema":{"@context":"https:\/\/schema.org","@graph":[{"@type":"WebPage","@id":"https:\/\/webknjizara.hr\/proizvod\/putovanje-kroz-tri-zemlje-i-jedno-nebo-lasta-majer\/","url":"https:\/\/webknjizara.hr\/proizvod\/putovanje-kroz-tri-zemlje-i-jedno-nebo-lasta-majer\/","name":"PUTOVANJE KROZ TRI ZEMLJE I JEDNO NEBO, Lasta Majer - Web-knji\u017eara","isPartOf":{"@id":"https:\/\/webknjizara.hr\/#website"},"primaryImageOfPage":{"@id":"https:\/\/webknjizara.hr\/proizvod\/putovanje-kroz-tri-zemlje-i-jedno-nebo-lasta-majer\/#primaryimage"},"image":{"@id":"https:\/\/webknjizara.hr\/proizvod\/putovanje-kroz-tri-zemlje-i-jedno-nebo-lasta-majer\/#primaryimage"},"thumbnailUrl":"https:\/\/webknjizara.hr\/wp-content\/uploads\/nc\/images\/virtuemart\/product\/tri-zemlje-lasta-majer.jpg","datePublished":"2020-05-08T11:14:52+00:00","dateModified":"2023-02-26T23:18:07+00:00","breadcrumb":{"@id":"https:\/\/webknjizara.hr\/proizvod\/putovanje-kroz-tri-zemlje-i-jedno-nebo-lasta-majer\/#breadcrumb"},"inLanguage":"en-US","potentialAction":[{"@type":"ReadAction","target":["https:\/\/webknjizara.hr\/proizvod\/putovanje-kroz-tri-zemlje-i-jedno-nebo-lasta-majer\/"]}]},{"@type":"ImageObject","inLanguage":"en-US","@id":"https:\/\/webknjizara.hr\/proizvod\/putovanje-kroz-tri-zemlje-i-jedno-nebo-lasta-majer\/#primaryimage","url":"https:\/\/webknjizara.hr\/wp-content\/uploads\/nc\/images\/virtuemart\/product\/tri-zemlje-lasta-majer.jpg","contentUrl":"https:\/\/webknjizara.hr\/wp-content\/uploads\/nc\/images\/virtuemart\/product\/tri-zemlje-lasta-majer.jpg","width":300,"height":419,"caption":"PUTOVANJE KROZ TRI ZEMLJE I JEDNO NEBO, Lasta Majer"},{"@type":"BreadcrumbList","@id":"https:\/\/webknjizara.hr\/proizvod\/putovanje-kroz-tri-zemlje-i-jedno-nebo-lasta-majer\/#breadcrumb","itemListElement":[{"@type":"ListItem","position":1,"name":"Po\u010detna stranica","item":"https:\/\/webknjizara.hr\/en\/"},{"@type":"ListItem","position":2,"name":"Shop","item":"https:\/\/webknjizara.hr\/shop\/"},{"@type":"ListItem","position":3,"name":"PUTOVANJE KROZ TRI ZEMLJE I JEDNO NEBO, Lasta Majer"}]},{"@type":"WebSite","@id":"https:\/\/webknjizara.hr\/#website","url":"https:\/\/webknjizara.hr\/","name":"Web Knji\u017eara","description":"","publisher":{"@id":"https:\/\/webknjizara.hr\/#organization"},"potentialAction":[{"@type":"SearchAction","target":{"@type":"EntryPoint","urlTemplate":"https:\/\/webknjizara.hr\/?s={search_term_string}"},"query-input":{"@type":"PropertyValueSpecification","valueRequired":true,"valueName":"search_term_string"}}],"inLanguage":"en-US"},{"@type":"Organization","@id":"https:\/\/webknjizara.hr\/#organization","name":"REDAK D.O.O.","url":"https:\/\/webknjizara.hr\/","logo":{"@type":"ImageObject","inLanguage":"en-US","@id":"https:\/\/webknjizara.hr\/#\/schema\/logo\/image\/","url":"https:\/\/webknjizara.hr\/wp-content\/uploads\/2023\/01\/web-knjizara-logo.webp","contentUrl":"https:\/\/webknjizara.hr\/wp-content\/uploads\/2023\/01\/web-knjizara-logo.webp","width":324,"height":79,"caption":"REDAK D.O.O."},"image":{"@id":"https:\/\/webknjizara.hr\/#\/schema\/logo\/image\/"}}]}},"_links":{"self":[{"href":"https:\/\/webknjizara.hr\/en\/wp-json\/wp\/v2\/product\/9235","targetHints":{"allow":["GET"]}}],"collection":[{"href":"https:\/\/webknjizara.hr\/en\/wp-json\/wp\/v2\/product"}],"about":[{"href":"https:\/\/webknjizara.hr\/en\/wp-json\/wp\/v2\/types\/product"}],"replies":[{"embeddable":true,"href":"https:\/\/webknjizara.hr\/en\/wp-json\/wp\/v2\/comments?post=9235"}],"wp:featuredmedia":[{"embeddable":true,"href":"https:\/\/webknjizara.hr\/en\/wp-json\/wp\/v2\/media\/9236"}],"wp:attachment":[{"href":"https:\/\/webknjizara.hr\/en\/wp-json\/wp\/v2\/media?parent=9235"}],"wp:term":[{"taxonomy":"product_brand","embeddable":true,"href":"https:\/\/webknjizara.hr\/en\/wp-json\/wp\/v2\/product_brand?post=9235"},{"taxonomy":"product_cat","embeddable":true,"href":"https:\/\/webknjizara.hr\/en\/wp-json\/wp\/v2\/product_cat?post=9235"},{"taxonomy":"product_tag","embeddable":true,"href":"https:\/\/webknjizara.hr\/en\/wp-json\/wp\/v2\/product_tag?post=9235"}],"curies":[{"name":"wp","href":"https:\/\/api.w.org\/{rel}","templated":true}]}}