{"id":9219,"date":"2020-03-26T14:24:19","date_gmt":"2020-03-26T14:24:19","guid":{"rendered":"https:\/\/webknjizara.hr\/?product=albrecht-von-graefe-utemeljitelj-suvremene-oftalmologije-milan-ivanisevic"},"modified":"2023-02-27T00:18:05","modified_gmt":"2023-02-26T23:18:05","slug":"albrecht-von-graefe-utemeljitelj-suvremene-oftalmologije-milan-ivanisevic","status":"publish","type":"product","link":"https:\/\/webknjizara.hr\/en\/proizvod\/albrecht-von-graefe-utemeljitelj-suvremene-oftalmologije-milan-ivanisevic\/","title":{"rendered":"ALBRECHT VON GRAEFE &#8211; utemeljitelj suvremene oftalmologije, Milan Ivani\u0161evi\u0107"},"content":{"rendered":"<p><strong>Sa\u017eetak:<\/strong><\/p>\n<p>Ova knjiga govori o \u017eivotu i radu glasovitog njema\u010dkog oftalmologa Albrechta von Graefea (1828.\u20121870.). Smatra ga se utemeljiteljem suvremene i znanstvene oftalmologije i jednim od najve\u0107ih oftalmologa svih vremena. Osim toga ova knjiga daje presjek razvoja oftalmologije sredinom 19. stolje\u0107a, kada se ona formirala kao samostalna medicinska grana. Neposredni razlog za objavljivanje ove knjige je 150. obljetnica von Graefeove smrti. Knjiga ima 108 stranica, 71 sliku, 300 literaturnih citata. Ovo je prva knjiga o Albrechtu von Graefeu na hrvatskom jeziku. Naslovi i sa\u017eetci u poglavljima kao i tekstovi ispod slika napisani su i na engleskom jeziku.<\/p>\n<p><strong>Bilje\u0161ka o autoru:<\/strong><\/p>\n<p>Professor emeritus Milan Ivani\u0161evi\u0107, dr. med., dr. sc. ro\u0111en je 1953. godine u Splitu. Bio je predstojnik Klinike za o\u010dne bolesti KBC Split od 2004. do 2014., a pro\u010delnik Katedre za oftalmologiju Medicinskog fakulteta u Splitu od 1998. do 2018. Godine 2003., u 50 godini \u017eivora, imenovan je redovitim profesorom oftalmologije na Medicinskom fakultetu u Splitu. Napisao je pet knjiga, devet poglavlja u knjigama i monografijama, vi\u0161e od 110 znanstvenih i stru\u010dnih radova i odr\u017eao 160 kongresnih prezentacija. Godine 2018. postao je professor emeritus na Sveu\u010dili\u0161tu u Splitu.<\/p>\n<p><strong>Klju\u010dne rije\u010di:<\/strong> \u00a0medicina, oftalmologija, povijest, 19. stolje\u0107e, Albrecht von Graefe<\/p>\n<p><strong>Naslov:<\/strong> ALBRECHT VON GRAEFE &#8211; utemeljitelj suvremene oftalmologije<br \/><strong>Autor:<\/strong> Milan Ivani\u0161evi\u0107<br \/><strong>Broj stranica:<\/strong> 108<br \/><strong>Nakladnik:<\/strong> Vlastita naklada<br \/><strong>Godina izdanja:<\/strong> 2020.<br \/><strong>ISBN:<\/strong> 978-953-49008-0-2<br \/><strong>Tisak:<\/strong> digitalni tisak knjiga &#8211; print na zahtjev<\/p>\n<p style=\"text-align: justify;\">\u00a0<\/p>\n<p style=\"text-align: justify;\"><strong>Kako naru\u010diti knjigu?\u00a0<\/strong>Proces online kupovine jednako funkcionira za sve kupce, s jedinom razlikom u tome \u0161to \u0161to kupci iz inozemstva za podru\u010dje dostave moraju odabrati &#8220;Europa&#8221; ili &#8220;Ostale zemlje svijeta&#8221;, a za vrstu pla\u0107anja WSPay (kreditna kartica) ili Virmanom (bankovni transfer).<\/p>\n<p style=\"text-align: justify;\">Molimo kliknite ovdje za\u00a0<a href=\"hr\/kako-kupovati\">detaljni vodi\u010d kroz proces narud\u017ebe<\/a>\u00a0ili nas\u00a0<a href=\"hr\/kontakt\">kontaktirajte<\/a>\u00a0za vi\u0161e informacija.<\/p>\n","protected":false},"excerpt":{"rendered":"<p>Sa\u017eetak: Ova knjiga govori o \u017eivotu i radu glasovitog njema\u010dkog oftalmologa Albrechta von Graefea (1828.\u20121870.). Smatra ga se utemeljiteljem suvremene i znanstvene oftalmologije i jednim od najve\u0107ih oftalmologa svih vremena. Osim toga ova knjiga daje presjek razvoja oftalmologije sredinom 19. stolje\u0107a, kada se ona formirala kao samostalna medicinska grana. Neposredni razlog za objavljivanje ove knjige [&hellip;]<\/p>\n","protected":false},"featured_media":9220,"comment_status":"open","ping_status":"closed","template":"","meta":{"_acf_changed":false},"product_brand":[],"product_cat":[1517],"product_tag":[],"class_list":{"0":"post-9219","1":"product","2":"type-product","3":"status-publish","4":"has-post-thumbnail","6":"product_cat-strucna-literatura","7":"pa_autor-milan-ivanisevic","8":"pa_nakladnik-vlastita-naklada","10":"first","11":"instock","12":"shipping-taxable","13":"purchasable","14":"product-type-simple"},"acf":[],"yoast_head":"<!-- This site is optimized with the Yoast SEO plugin v27.3 - https:\/\/yoast.com\/product\/yoast-seo-wordpress\/ -->\n<title>ALBRECHT VON GRAEFE - utemeljitelj suvremene oftalmologije, Milan Ivani\u0161evi\u0107 - Web-knji\u017eara<\/title>\n<meta name=\"robots\" content=\"index, follow, max-snippet:-1, max-image-preview:large, max-video-preview:-1\" \/>\n<link rel=\"canonical\" href=\"https:\/\/webknjizara.hr\/proizvod\/albrecht-von-graefe-utemeljitelj-suvremene-oftalmologije-milan-ivanisevic\/\" \/>\n<meta property=\"og:locale\" content=\"en_US\" \/>\n<meta property=\"og:type\" content=\"article\" \/>\n<meta property=\"og:title\" content=\"ALBRECHT VON GRAEFE - utemeljitelj suvremene oftalmologije, Milan Ivani\u0161evi\u0107 - Web-knji\u017eara\" \/>\n<meta property=\"og:description\" content=\"Sa\u017eetak: Ova knjiga govori o \u017eivotu i radu glasovitog njema\u010dkog oftalmologa Albrechta von Graefea (1828.\u20121870.). Smatra ga se utemeljiteljem suvremene i znanstvene oftalmologije i jednim od najve\u0107ih oftalmologa svih vremena. Osim toga ova knjiga daje presjek razvoja oftalmologije sredinom 19. stolje\u0107a, kada se ona formirala kao samostalna medicinska grana. Neposredni razlog za objavljivanje ove knjige [&hellip;]\" \/>\n<meta property=\"og:url\" content=\"https:\/\/webknjizara.hr\/proizvod\/albrecht-von-graefe-utemeljitelj-suvremene-oftalmologije-milan-ivanisevic\/\" \/>\n<meta property=\"og:site_name\" content=\"Web-knji\u017eara\" \/>\n<meta property=\"article:modified_time\" content=\"2023-02-26T23:18:05+00:00\" \/>\n<meta property=\"og:image\" content=\"https:\/\/webknjizara.hr\/wp-content\/uploads\/nc\/images\/virtuemart\/product\/Albrecht-von-Graefe-naslovnica-WEB.jpg\" \/>\n\t<meta property=\"og:image:width\" content=\"300\" \/>\n\t<meta property=\"og:image:height\" content=\"440\" \/>\n\t<meta property=\"og:image:type\" content=\"image\/jpeg\" \/>\n<meta name=\"twitter:card\" content=\"summary_large_image\" \/>\n<meta name=\"twitter:label1\" content=\"Est. reading time\" \/>\n\t<meta name=\"twitter:data1\" content=\"1 minute\" \/>\n<script type=\"application\/ld+json\" class=\"yoast-schema-graph\">{\"@context\":\"https:\\\/\\\/schema.org\",\"@graph\":[{\"@type\":\"WebPage\",\"@id\":\"https:\\\/\\\/webknjizara.hr\\\/proizvod\\\/albrecht-von-graefe-utemeljitelj-suvremene-oftalmologije-milan-ivanisevic\\\/\",\"url\":\"https:\\\/\\\/webknjizara.hr\\\/proizvod\\\/albrecht-von-graefe-utemeljitelj-suvremene-oftalmologije-milan-ivanisevic\\\/\",\"name\":\"ALBRECHT VON GRAEFE - utemeljitelj suvremene oftalmologije, Milan Ivani\u0161evi\u0107 - Web-knji\u017eara\",\"isPartOf\":{\"@id\":\"https:\\\/\\\/webknjizara.hr\\\/#website\"},\"primaryImageOfPage\":{\"@id\":\"https:\\\/\\\/webknjizara.hr\\\/proizvod\\\/albrecht-von-graefe-utemeljitelj-suvremene-oftalmologije-milan-ivanisevic\\\/#primaryimage\"},\"image\":{\"@id\":\"https:\\\/\\\/webknjizara.hr\\\/proizvod\\\/albrecht-von-graefe-utemeljitelj-suvremene-oftalmologije-milan-ivanisevic\\\/#primaryimage\"},\"thumbnailUrl\":\"https:\\\/\\\/webknjizara.hr\\\/wp-content\\\/uploads\\\/nc\\\/images\\\/virtuemart\\\/product\\\/Albrecht-von-Graefe-naslovnica-WEB.jpg\",\"datePublished\":\"2020-03-26T14:24:19+00:00\",\"dateModified\":\"2023-02-26T23:18:05+00:00\",\"breadcrumb\":{\"@id\":\"https:\\\/\\\/webknjizara.hr\\\/proizvod\\\/albrecht-von-graefe-utemeljitelj-suvremene-oftalmologije-milan-ivanisevic\\\/#breadcrumb\"},\"inLanguage\":\"en-US\",\"potentialAction\":[{\"@type\":\"ReadAction\",\"target\":[\"https:\\\/\\\/webknjizara.hr\\\/proizvod\\\/albrecht-von-graefe-utemeljitelj-suvremene-oftalmologije-milan-ivanisevic\\\/\"]}]},{\"@type\":\"ImageObject\",\"inLanguage\":\"en-US\",\"@id\":\"https:\\\/\\\/webknjizara.hr\\\/proizvod\\\/albrecht-von-graefe-utemeljitelj-suvremene-oftalmologije-milan-ivanisevic\\\/#primaryimage\",\"url\":\"https:\\\/\\\/webknjizara.hr\\\/wp-content\\\/uploads\\\/nc\\\/images\\\/virtuemart\\\/product\\\/Albrecht-von-Graefe-naslovnica-WEB.jpg\",\"contentUrl\":\"https:\\\/\\\/webknjizara.hr\\\/wp-content\\\/uploads\\\/nc\\\/images\\\/virtuemart\\\/product\\\/Albrecht-von-Graefe-naslovnica-WEB.jpg\",\"width\":300,\"height\":440,\"caption\":\"ALBRECHT VON GRAEFE - utemeljitelj suvremene oftalmologije, Milan Ivani\u0161evi\u0107\"},{\"@type\":\"BreadcrumbList\",\"@id\":\"https:\\\/\\\/webknjizara.hr\\\/proizvod\\\/albrecht-von-graefe-utemeljitelj-suvremene-oftalmologije-milan-ivanisevic\\\/#breadcrumb\",\"itemListElement\":[{\"@type\":\"ListItem\",\"position\":1,\"name\":\"Po\u010detna stranica\",\"item\":\"https:\\\/\\\/webknjizara.hr\\\/en\\\/\"},{\"@type\":\"ListItem\",\"position\":2,\"name\":\"Shop\",\"item\":\"https:\\\/\\\/webknjizara.hr\\\/shop\\\/\"},{\"@type\":\"ListItem\",\"position\":3,\"name\":\"ALBRECHT VON GRAEFE &#8211; utemeljitelj suvremene oftalmologije, Milan Ivani\u0161evi\u0107\"}]},{\"@type\":\"WebSite\",\"@id\":\"https:\\\/\\\/webknjizara.hr\\\/#website\",\"url\":\"https:\\\/\\\/webknjizara.hr\\\/\",\"name\":\"Web Knji\u017eara\",\"description\":\"\",\"publisher\":{\"@id\":\"https:\\\/\\\/webknjizara.hr\\\/#organization\"},\"potentialAction\":[{\"@type\":\"SearchAction\",\"target\":{\"@type\":\"EntryPoint\",\"urlTemplate\":\"https:\\\/\\\/webknjizara.hr\\\/?s={search_term_string}\"},\"query-input\":{\"@type\":\"PropertyValueSpecification\",\"valueRequired\":true,\"valueName\":\"search_term_string\"}}],\"inLanguage\":\"en-US\"},{\"@type\":\"Organization\",\"@id\":\"https:\\\/\\\/webknjizara.hr\\\/#organization\",\"name\":\"REDAK D.O.O.\",\"url\":\"https:\\\/\\\/webknjizara.hr\\\/\",\"logo\":{\"@type\":\"ImageObject\",\"inLanguage\":\"en-US\",\"@id\":\"https:\\\/\\\/webknjizara.hr\\\/#\\\/schema\\\/logo\\\/image\\\/\",\"url\":\"https:\\\/\\\/webknjizara.hr\\\/wp-content\\\/uploads\\\/2023\\\/01\\\/web-knjizara-logo.webp\",\"contentUrl\":\"https:\\\/\\\/webknjizara.hr\\\/wp-content\\\/uploads\\\/2023\\\/01\\\/web-knjizara-logo.webp\",\"width\":324,\"height\":79,\"caption\":\"REDAK D.O.O.\"},\"image\":{\"@id\":\"https:\\\/\\\/webknjizara.hr\\\/#\\\/schema\\\/logo\\\/image\\\/\"}}]}<\/script>\n<!-- \/ Yoast SEO plugin. -->","yoast_head_json":{"title":"ALBRECHT VON GRAEFE - utemeljitelj suvremene oftalmologije, Milan Ivani\u0161evi\u0107 - Web-knji\u017eara","robots":{"index":"index","follow":"follow","max-snippet":"max-snippet:-1","max-image-preview":"max-image-preview:large","max-video-preview":"max-video-preview:-1"},"canonical":"https:\/\/webknjizara.hr\/proizvod\/albrecht-von-graefe-utemeljitelj-suvremene-oftalmologije-milan-ivanisevic\/","og_locale":"en_US","og_type":"article","og_title":"ALBRECHT VON GRAEFE - utemeljitelj suvremene oftalmologije, Milan Ivani\u0161evi\u0107 - Web-knji\u017eara","og_description":"Sa\u017eetak: Ova knjiga govori o \u017eivotu i radu glasovitog njema\u010dkog oftalmologa Albrechta von Graefea (1828.\u20121870.). Smatra ga se utemeljiteljem suvremene i znanstvene oftalmologije i jednim od najve\u0107ih oftalmologa svih vremena. Osim toga ova knjiga daje presjek razvoja oftalmologije sredinom 19. stolje\u0107a, kada se ona formirala kao samostalna medicinska grana. Neposredni razlog za objavljivanje ove knjige [&hellip;]","og_url":"https:\/\/webknjizara.hr\/proizvod\/albrecht-von-graefe-utemeljitelj-suvremene-oftalmologije-milan-ivanisevic\/","og_site_name":"Web-knji\u017eara","article_modified_time":"2023-02-26T23:18:05+00:00","og_image":[{"width":300,"height":440,"url":"https:\/\/webknjizara.hr\/wp-content\/uploads\/nc\/images\/virtuemart\/product\/Albrecht-von-Graefe-naslovnica-WEB.jpg","type":"image\/jpeg"}],"twitter_card":"summary_large_image","twitter_misc":{"Est. reading time":"1 minute"},"schema":{"@context":"https:\/\/schema.org","@graph":[{"@type":"WebPage","@id":"https:\/\/webknjizara.hr\/proizvod\/albrecht-von-graefe-utemeljitelj-suvremene-oftalmologije-milan-ivanisevic\/","url":"https:\/\/webknjizara.hr\/proizvod\/albrecht-von-graefe-utemeljitelj-suvremene-oftalmologije-milan-ivanisevic\/","name":"ALBRECHT VON GRAEFE - utemeljitelj suvremene oftalmologije, Milan Ivani\u0161evi\u0107 - Web-knji\u017eara","isPartOf":{"@id":"https:\/\/webknjizara.hr\/#website"},"primaryImageOfPage":{"@id":"https:\/\/webknjizara.hr\/proizvod\/albrecht-von-graefe-utemeljitelj-suvremene-oftalmologije-milan-ivanisevic\/#primaryimage"},"image":{"@id":"https:\/\/webknjizara.hr\/proizvod\/albrecht-von-graefe-utemeljitelj-suvremene-oftalmologije-milan-ivanisevic\/#primaryimage"},"thumbnailUrl":"https:\/\/webknjizara.hr\/wp-content\/uploads\/nc\/images\/virtuemart\/product\/Albrecht-von-Graefe-naslovnica-WEB.jpg","datePublished":"2020-03-26T14:24:19+00:00","dateModified":"2023-02-26T23:18:05+00:00","breadcrumb":{"@id":"https:\/\/webknjizara.hr\/proizvod\/albrecht-von-graefe-utemeljitelj-suvremene-oftalmologije-milan-ivanisevic\/#breadcrumb"},"inLanguage":"en-US","potentialAction":[{"@type":"ReadAction","target":["https:\/\/webknjizara.hr\/proizvod\/albrecht-von-graefe-utemeljitelj-suvremene-oftalmologije-milan-ivanisevic\/"]}]},{"@type":"ImageObject","inLanguage":"en-US","@id":"https:\/\/webknjizara.hr\/proizvod\/albrecht-von-graefe-utemeljitelj-suvremene-oftalmologije-milan-ivanisevic\/#primaryimage","url":"https:\/\/webknjizara.hr\/wp-content\/uploads\/nc\/images\/virtuemart\/product\/Albrecht-von-Graefe-naslovnica-WEB.jpg","contentUrl":"https:\/\/webknjizara.hr\/wp-content\/uploads\/nc\/images\/virtuemart\/product\/Albrecht-von-Graefe-naslovnica-WEB.jpg","width":300,"height":440,"caption":"ALBRECHT VON GRAEFE - utemeljitelj suvremene oftalmologije, Milan Ivani\u0161evi\u0107"},{"@type":"BreadcrumbList","@id":"https:\/\/webknjizara.hr\/proizvod\/albrecht-von-graefe-utemeljitelj-suvremene-oftalmologije-milan-ivanisevic\/#breadcrumb","itemListElement":[{"@type":"ListItem","position":1,"name":"Po\u010detna stranica","item":"https:\/\/webknjizara.hr\/en\/"},{"@type":"ListItem","position":2,"name":"Shop","item":"https:\/\/webknjizara.hr\/shop\/"},{"@type":"ListItem","position":3,"name":"ALBRECHT VON GRAEFE &#8211; utemeljitelj suvremene oftalmologije, Milan Ivani\u0161evi\u0107"}]},{"@type":"WebSite","@id":"https:\/\/webknjizara.hr\/#website","url":"https:\/\/webknjizara.hr\/","name":"Web Knji\u017eara","description":"","publisher":{"@id":"https:\/\/webknjizara.hr\/#organization"},"potentialAction":[{"@type":"SearchAction","target":{"@type":"EntryPoint","urlTemplate":"https:\/\/webknjizara.hr\/?s={search_term_string}"},"query-input":{"@type":"PropertyValueSpecification","valueRequired":true,"valueName":"search_term_string"}}],"inLanguage":"en-US"},{"@type":"Organization","@id":"https:\/\/webknjizara.hr\/#organization","name":"REDAK D.O.O.","url":"https:\/\/webknjizara.hr\/","logo":{"@type":"ImageObject","inLanguage":"en-US","@id":"https:\/\/webknjizara.hr\/#\/schema\/logo\/image\/","url":"https:\/\/webknjizara.hr\/wp-content\/uploads\/2023\/01\/web-knjizara-logo.webp","contentUrl":"https:\/\/webknjizara.hr\/wp-content\/uploads\/2023\/01\/web-knjizara-logo.webp","width":324,"height":79,"caption":"REDAK D.O.O."},"image":{"@id":"https:\/\/webknjizara.hr\/#\/schema\/logo\/image\/"}}]}},"_links":{"self":[{"href":"https:\/\/webknjizara.hr\/en\/wp-json\/wp\/v2\/product\/9219","targetHints":{"allow":["GET"]}}],"collection":[{"href":"https:\/\/webknjizara.hr\/en\/wp-json\/wp\/v2\/product"}],"about":[{"href":"https:\/\/webknjizara.hr\/en\/wp-json\/wp\/v2\/types\/product"}],"replies":[{"embeddable":true,"href":"https:\/\/webknjizara.hr\/en\/wp-json\/wp\/v2\/comments?post=9219"}],"wp:featuredmedia":[{"embeddable":true,"href":"https:\/\/webknjizara.hr\/en\/wp-json\/wp\/v2\/media\/9220"}],"wp:attachment":[{"href":"https:\/\/webknjizara.hr\/en\/wp-json\/wp\/v2\/media?parent=9219"}],"wp:term":[{"taxonomy":"product_brand","embeddable":true,"href":"https:\/\/webknjizara.hr\/en\/wp-json\/wp\/v2\/product_brand?post=9219"},{"taxonomy":"product_cat","embeddable":true,"href":"https:\/\/webknjizara.hr\/en\/wp-json\/wp\/v2\/product_cat?post=9219"},{"taxonomy":"product_tag","embeddable":true,"href":"https:\/\/webknjizara.hr\/en\/wp-json\/wp\/v2\/product_tag?post=9219"}],"curies":[{"name":"wp","href":"https:\/\/api.w.org\/{rel}","templated":true}]}}