{"id":9213,"date":"2020-03-20T12:24:47","date_gmt":"2020-03-20T12:24:47","guid":{"rendered":"https:\/\/webknjizara.hr\/?product=bijela-vucica-suzana-maric"},"modified":"2023-02-27T00:18:05","modified_gmt":"2023-02-26T23:18:05","slug":"bijela-vucica-suzana-maric","status":"publish","type":"product","link":"https:\/\/webknjizara.hr\/en\/proizvod\/bijela-vucica-suzana-maric\/","title":{"rendered":"BIJELA VU\u010cICA, Suzana Mari\u0107"},"content":{"rendered":"<p><strong>Sa\u017eetak:<\/strong><\/p>\n<p>\u201eBijela vu\u010dica\u201c je kratak roman, pisan za djecu i odrasle. Zanimljiva je to pri\u010da o nekoliko generacija obitelji vukova koji u surovim uvjetima pre\u017eivljavaju na planini brinu\u0107i se za svoje potomstvo. Ako znamo da u cijeloj Republici Hrvatskoj obitava dvjestotinjak jedinki vukova, onda nam je jasno da su te krasne, slobodne \u017eivotinje pred istrebljenjem. Ljudi ne uvi\u0111aju kolika je njihova korisnost za cjelokupni ekosustav.<br \/>Suzana Mari\u0107 je uvjerljivim, lijepim knji\u017eevnim izrazom i uzbudljivom pri\u010dom obuhvatila sve probleme njihova istrebljenja. Me\u0111usobne borbe, bolesti i nesta\u0161ica hrane kao da nisu dovoljne prijetnje. Prijeti im i pohlepa \u010dovjeka, nerazumijevanje, po\u017eari, zaga\u0111enost rijeka\u2026 Malo je ljudi<br \/>koji razumiju njihov problem i koji ga nastoje ubla\u017eiti.<br \/>Kada jednom upoznate galeriju likova ovog romana, ne\u0107ete brzo zaboraviti Velikog, Sivog, Groma, Bijelu, Lanu, Iru\u2026 cijeli niz likova kojima je autorica oslikala du\u0161evni profil vuka ne zanemaruju\u0107i ni u jednom trenutku vu\u010dju \u0107ud i zakone vu\u010dje prirode.<br \/>\u010covjek, koji je ba\u0161tinio Zemlju, nije dobar gospodar pa ne brine za druge \u017eivotinjske i biljne svjetove koji imaju pravo na \u017eivot.<\/p>\n<p>Marija Jura\u010di\u0107<\/p>\n<p><strong>Bilje\u0161ka o autoru\/autorici:<\/strong><\/p>\n<p>Suzana Mari\u0107, ro\u0111ena 1970. u Zagrebu, a \u017eivi u Slatini. Pjesme objavljuje<br \/>na portalu O\u010daravanje. Na festivalu \u201eKulturom do prijateljstva\u201c dobila povelju za najljep\u0161u dje\u010dju pjesmu. Pjesme i haiku poezija iza\u0161le su joj u nekoliko zbornika. Pohvaljena je za sudjelovanje u inicijativi \u010dasopisa Sapphoart \u201eReanimacija zaboravljenih pjesnika \u201e te za gazelu u zborniku \u201eU srcu gazele \u201e. Bijela vu\u010dica \u201e je njen prvi roman za djecu.<\/p>\n<p><strong>Bilje\u0161ka o urednici:<\/strong><\/p>\n<p>Marija Jura\u010di\u0107, profesorica hrvatskog i njema\u010dkog jezika, urednica poetskog portala \u201eO\u010daravanje\u201c i \u010dasopisa za kulturu, umjetnost i dru\u0161tvena pitanja \u201cDiskurs\u201c objavila je nekoliko zbirki poezije i osam romana, sve u ediciji izdava\u010dke ku\u0107e \u201eRedak\u201c. Urednica je mnogih poetskih zbirki i romana raznih autora.<\/p>\n<p><strong>Klju\u010dne rije\u010di:<\/strong> Roman, vukovi, ekosustav<\/p>\n<p><strong>E-mail:<\/strong> <a href=\"mailto:libertas.suzana@gmail.com\" target=\"_blank\" rel=\"noopener noreferrer\">Suzana Mari\u0107<\/a>\u00a0 ,<a href=\"mailto:franko.slatina@gmail.com\" target=\"_blank\" rel=\"noopener noreferrer\"> Kontakt<\/a><\/p>\n<p>\u00a0<\/p>\n<p><strong>Naslov:<\/strong> Bijela vu\u010dica<br \/><strong>Autor:<\/strong> Suzana Mari\u0107<br \/><strong>Broj stranica:<\/strong> 104<br \/><strong>Nakladnik:<\/strong> Redak<br \/><strong>Godina izdanja:<\/strong> 2020 .<br \/><strong>ISBN:<\/strong> 978-953-336-648-7<br \/><strong>Tisak:<\/strong> digitalni tisak knjiga &#8211; print na zahtjev<\/p>\n<p>\u00a0<\/p>\n<p><strong>Kako naru\u010diti knjigu?\u00a0<\/strong>Proces online kupovine jednako funkcionira za sve kupce, s jedinom razlikom u tome \u0161to \u0161to kupci iz inozemstva za podru\u010dje dostave moraju odabrati &#8220;Europa&#8221; ili &#8220;Ostale zemlje svijeta&#8221;, a za vrstu pla\u0107anja WSPay (kreditna kartica) ili Virmanom (bankovni transfer).<\/p>\n<p style=\"text-align: justify;\">Molimo kliknite ovdje za\u00a0<a href=\"hr\/kako-kupovati\">detaljni vodi\u010d kroz proces narud\u017ebe<\/a>\u00a0ili nas\u00a0<a href=\"hr\/kontakt\">kontaktirajte<\/a>\u00a0za vi\u0161e informacija.<\/p>\n","protected":false},"excerpt":{"rendered":"<p>Sa\u017eetak: \u201eBijela vu\u010dica\u201c je kratak roman, pisan za djecu i odrasle. Zanimljiva je to pri\u010da o nekoliko generacija obitelji vukova koji u surovim uvjetima pre\u017eivljavaju na planini brinu\u0107i se za svoje potomstvo. Ako znamo da u cijeloj Republici Hrvatskoj obitava dvjestotinjak jedinki vukova, onda nam je jasno da su te krasne, slobodne \u017eivotinje pred istrebljenjem. [&hellip;]<\/p>\n","protected":false},"featured_media":9214,"comment_status":"open","ping_status":"closed","template":"","meta":{"_acf_changed":false},"product_brand":[],"product_cat":[1515,1383,1385],"product_tag":[],"class_list":{"0":"post-9213","1":"product","2":"type-product","3":"status-publish","4":"has-post-thumbnail","6":"product_cat-romani","7":"product_cat-knjige","8":"product_cat-knjizevnost","9":"pa_autor-suzana-maric","10":"pa_nakladnik-redak","12":"first","13":"instock","14":"shipping-taxable","15":"purchasable","16":"product-type-simple"},"acf":[],"yoast_head":"<!-- This site is optimized with the Yoast SEO plugin v27.3 - https:\/\/yoast.com\/product\/yoast-seo-wordpress\/ -->\n<title>BIJELA VU\u010cICA, Suzana Mari\u0107 - Web-knji\u017eara<\/title>\n<meta name=\"robots\" content=\"index, follow, max-snippet:-1, max-image-preview:large, max-video-preview:-1\" \/>\n<link rel=\"canonical\" href=\"https:\/\/webknjizara.hr\/proizvod\/bijela-vucica-suzana-maric\/\" \/>\n<meta property=\"og:locale\" content=\"en_US\" \/>\n<meta property=\"og:type\" content=\"article\" \/>\n<meta property=\"og:title\" content=\"BIJELA VU\u010cICA, Suzana Mari\u0107 - Web-knji\u017eara\" \/>\n<meta property=\"og:description\" content=\"Sa\u017eetak: \u201eBijela vu\u010dica\u201c je kratak roman, pisan za djecu i odrasle. Zanimljiva je to pri\u010da o nekoliko generacija obitelji vukova koji u surovim uvjetima pre\u017eivljavaju na planini brinu\u0107i se za svoje potomstvo. Ako znamo da u cijeloj Republici Hrvatskoj obitava dvjestotinjak jedinki vukova, onda nam je jasno da su te krasne, slobodne \u017eivotinje pred istrebljenjem. [&hellip;]\" \/>\n<meta property=\"og:url\" content=\"https:\/\/webknjizara.hr\/proizvod\/bijela-vucica-suzana-maric\/\" \/>\n<meta property=\"og:site_name\" content=\"Web-knji\u017eara\" \/>\n<meta property=\"article:modified_time\" content=\"2023-02-26T23:18:05+00:00\" \/>\n<meta property=\"og:image\" content=\"https:\/\/webknjizara.hr\/wp-content\/uploads\/nc\/images\/virtuemart\/product\/bijela-vucica.jpg\" \/>\n\t<meta property=\"og:image:width\" content=\"300\" \/>\n\t<meta property=\"og:image:height\" content=\"419\" \/>\n\t<meta property=\"og:image:type\" content=\"image\/jpeg\" \/>\n<meta name=\"twitter:card\" content=\"summary_large_image\" \/>\n<meta name=\"twitter:label1\" content=\"Est. reading time\" \/>\n\t<meta name=\"twitter:data1\" content=\"2 minutes\" \/>\n<script type=\"application\/ld+json\" class=\"yoast-schema-graph\">{\"@context\":\"https:\\\/\\\/schema.org\",\"@graph\":[{\"@type\":\"WebPage\",\"@id\":\"https:\\\/\\\/webknjizara.hr\\\/proizvod\\\/bijela-vucica-suzana-maric\\\/\",\"url\":\"https:\\\/\\\/webknjizara.hr\\\/proizvod\\\/bijela-vucica-suzana-maric\\\/\",\"name\":\"BIJELA VU\u010cICA, Suzana Mari\u0107 - Web-knji\u017eara\",\"isPartOf\":{\"@id\":\"https:\\\/\\\/webknjizara.hr\\\/#website\"},\"primaryImageOfPage\":{\"@id\":\"https:\\\/\\\/webknjizara.hr\\\/proizvod\\\/bijela-vucica-suzana-maric\\\/#primaryimage\"},\"image\":{\"@id\":\"https:\\\/\\\/webknjizara.hr\\\/proizvod\\\/bijela-vucica-suzana-maric\\\/#primaryimage\"},\"thumbnailUrl\":\"https:\\\/\\\/webknjizara.hr\\\/wp-content\\\/uploads\\\/nc\\\/images\\\/virtuemart\\\/product\\\/bijela-vucica.jpg\",\"datePublished\":\"2020-03-20T12:24:47+00:00\",\"dateModified\":\"2023-02-26T23:18:05+00:00\",\"breadcrumb\":{\"@id\":\"https:\\\/\\\/webknjizara.hr\\\/proizvod\\\/bijela-vucica-suzana-maric\\\/#breadcrumb\"},\"inLanguage\":\"en-US\",\"potentialAction\":[{\"@type\":\"ReadAction\",\"target\":[\"https:\\\/\\\/webknjizara.hr\\\/proizvod\\\/bijela-vucica-suzana-maric\\\/\"]}]},{\"@type\":\"ImageObject\",\"inLanguage\":\"en-US\",\"@id\":\"https:\\\/\\\/webknjizara.hr\\\/proizvod\\\/bijela-vucica-suzana-maric\\\/#primaryimage\",\"url\":\"https:\\\/\\\/webknjizara.hr\\\/wp-content\\\/uploads\\\/nc\\\/images\\\/virtuemart\\\/product\\\/bijela-vucica.jpg\",\"contentUrl\":\"https:\\\/\\\/webknjizara.hr\\\/wp-content\\\/uploads\\\/nc\\\/images\\\/virtuemart\\\/product\\\/bijela-vucica.jpg\",\"width\":300,\"height\":419,\"caption\":\"BIJELA VU\u010cICA, Suzana Mari\u0107\"},{\"@type\":\"BreadcrumbList\",\"@id\":\"https:\\\/\\\/webknjizara.hr\\\/proizvod\\\/bijela-vucica-suzana-maric\\\/#breadcrumb\",\"itemListElement\":[{\"@type\":\"ListItem\",\"position\":1,\"name\":\"Po\u010detna stranica\",\"item\":\"https:\\\/\\\/webknjizara.hr\\\/en\\\/\"},{\"@type\":\"ListItem\",\"position\":2,\"name\":\"Shop\",\"item\":\"https:\\\/\\\/webknjizara.hr\\\/shop\\\/\"},{\"@type\":\"ListItem\",\"position\":3,\"name\":\"BIJELA VU\u010cICA, Suzana Mari\u0107\"}]},{\"@type\":\"WebSite\",\"@id\":\"https:\\\/\\\/webknjizara.hr\\\/#website\",\"url\":\"https:\\\/\\\/webknjizara.hr\\\/\",\"name\":\"Web Knji\u017eara\",\"description\":\"\",\"publisher\":{\"@id\":\"https:\\\/\\\/webknjizara.hr\\\/#organization\"},\"potentialAction\":[{\"@type\":\"SearchAction\",\"target\":{\"@type\":\"EntryPoint\",\"urlTemplate\":\"https:\\\/\\\/webknjizara.hr\\\/?s={search_term_string}\"},\"query-input\":{\"@type\":\"PropertyValueSpecification\",\"valueRequired\":true,\"valueName\":\"search_term_string\"}}],\"inLanguage\":\"en-US\"},{\"@type\":\"Organization\",\"@id\":\"https:\\\/\\\/webknjizara.hr\\\/#organization\",\"name\":\"REDAK D.O.O.\",\"url\":\"https:\\\/\\\/webknjizara.hr\\\/\",\"logo\":{\"@type\":\"ImageObject\",\"inLanguage\":\"en-US\",\"@id\":\"https:\\\/\\\/webknjizara.hr\\\/#\\\/schema\\\/logo\\\/image\\\/\",\"url\":\"https:\\\/\\\/webknjizara.hr\\\/wp-content\\\/uploads\\\/2023\\\/01\\\/web-knjizara-logo.webp\",\"contentUrl\":\"https:\\\/\\\/webknjizara.hr\\\/wp-content\\\/uploads\\\/2023\\\/01\\\/web-knjizara-logo.webp\",\"width\":324,\"height\":79,\"caption\":\"REDAK D.O.O.\"},\"image\":{\"@id\":\"https:\\\/\\\/webknjizara.hr\\\/#\\\/schema\\\/logo\\\/image\\\/\"}}]}<\/script>\n<!-- \/ Yoast SEO plugin. -->","yoast_head_json":{"title":"BIJELA VU\u010cICA, Suzana Mari\u0107 - Web-knji\u017eara","robots":{"index":"index","follow":"follow","max-snippet":"max-snippet:-1","max-image-preview":"max-image-preview:large","max-video-preview":"max-video-preview:-1"},"canonical":"https:\/\/webknjizara.hr\/proizvod\/bijela-vucica-suzana-maric\/","og_locale":"en_US","og_type":"article","og_title":"BIJELA VU\u010cICA, Suzana Mari\u0107 - Web-knji\u017eara","og_description":"Sa\u017eetak: \u201eBijela vu\u010dica\u201c je kratak roman, pisan za djecu i odrasle. Zanimljiva je to pri\u010da o nekoliko generacija obitelji vukova koji u surovim uvjetima pre\u017eivljavaju na planini brinu\u0107i se za svoje potomstvo. Ako znamo da u cijeloj Republici Hrvatskoj obitava dvjestotinjak jedinki vukova, onda nam je jasno da su te krasne, slobodne \u017eivotinje pred istrebljenjem. [&hellip;]","og_url":"https:\/\/webknjizara.hr\/proizvod\/bijela-vucica-suzana-maric\/","og_site_name":"Web-knji\u017eara","article_modified_time":"2023-02-26T23:18:05+00:00","og_image":[{"width":300,"height":419,"url":"https:\/\/webknjizara.hr\/wp-content\/uploads\/nc\/images\/virtuemart\/product\/bijela-vucica.jpg","type":"image\/jpeg"}],"twitter_card":"summary_large_image","twitter_misc":{"Est. reading time":"2 minutes"},"schema":{"@context":"https:\/\/schema.org","@graph":[{"@type":"WebPage","@id":"https:\/\/webknjizara.hr\/proizvod\/bijela-vucica-suzana-maric\/","url":"https:\/\/webknjizara.hr\/proizvod\/bijela-vucica-suzana-maric\/","name":"BIJELA VU\u010cICA, Suzana Mari\u0107 - Web-knji\u017eara","isPartOf":{"@id":"https:\/\/webknjizara.hr\/#website"},"primaryImageOfPage":{"@id":"https:\/\/webknjizara.hr\/proizvod\/bijela-vucica-suzana-maric\/#primaryimage"},"image":{"@id":"https:\/\/webknjizara.hr\/proizvod\/bijela-vucica-suzana-maric\/#primaryimage"},"thumbnailUrl":"https:\/\/webknjizara.hr\/wp-content\/uploads\/nc\/images\/virtuemart\/product\/bijela-vucica.jpg","datePublished":"2020-03-20T12:24:47+00:00","dateModified":"2023-02-26T23:18:05+00:00","breadcrumb":{"@id":"https:\/\/webknjizara.hr\/proizvod\/bijela-vucica-suzana-maric\/#breadcrumb"},"inLanguage":"en-US","potentialAction":[{"@type":"ReadAction","target":["https:\/\/webknjizara.hr\/proizvod\/bijela-vucica-suzana-maric\/"]}]},{"@type":"ImageObject","inLanguage":"en-US","@id":"https:\/\/webknjizara.hr\/proizvod\/bijela-vucica-suzana-maric\/#primaryimage","url":"https:\/\/webknjizara.hr\/wp-content\/uploads\/nc\/images\/virtuemart\/product\/bijela-vucica.jpg","contentUrl":"https:\/\/webknjizara.hr\/wp-content\/uploads\/nc\/images\/virtuemart\/product\/bijela-vucica.jpg","width":300,"height":419,"caption":"BIJELA VU\u010cICA, Suzana Mari\u0107"},{"@type":"BreadcrumbList","@id":"https:\/\/webknjizara.hr\/proizvod\/bijela-vucica-suzana-maric\/#breadcrumb","itemListElement":[{"@type":"ListItem","position":1,"name":"Po\u010detna stranica","item":"https:\/\/webknjizara.hr\/en\/"},{"@type":"ListItem","position":2,"name":"Shop","item":"https:\/\/webknjizara.hr\/shop\/"},{"@type":"ListItem","position":3,"name":"BIJELA VU\u010cICA, Suzana Mari\u0107"}]},{"@type":"WebSite","@id":"https:\/\/webknjizara.hr\/#website","url":"https:\/\/webknjizara.hr\/","name":"Web Knji\u017eara","description":"","publisher":{"@id":"https:\/\/webknjizara.hr\/#organization"},"potentialAction":[{"@type":"SearchAction","target":{"@type":"EntryPoint","urlTemplate":"https:\/\/webknjizara.hr\/?s={search_term_string}"},"query-input":{"@type":"PropertyValueSpecification","valueRequired":true,"valueName":"search_term_string"}}],"inLanguage":"en-US"},{"@type":"Organization","@id":"https:\/\/webknjizara.hr\/#organization","name":"REDAK D.O.O.","url":"https:\/\/webknjizara.hr\/","logo":{"@type":"ImageObject","inLanguage":"en-US","@id":"https:\/\/webknjizara.hr\/#\/schema\/logo\/image\/","url":"https:\/\/webknjizara.hr\/wp-content\/uploads\/2023\/01\/web-knjizara-logo.webp","contentUrl":"https:\/\/webknjizara.hr\/wp-content\/uploads\/2023\/01\/web-knjizara-logo.webp","width":324,"height":79,"caption":"REDAK D.O.O."},"image":{"@id":"https:\/\/webknjizara.hr\/#\/schema\/logo\/image\/"}}]}},"_links":{"self":[{"href":"https:\/\/webknjizara.hr\/en\/wp-json\/wp\/v2\/product\/9213","targetHints":{"allow":["GET"]}}],"collection":[{"href":"https:\/\/webknjizara.hr\/en\/wp-json\/wp\/v2\/product"}],"about":[{"href":"https:\/\/webknjizara.hr\/en\/wp-json\/wp\/v2\/types\/product"}],"replies":[{"embeddable":true,"href":"https:\/\/webknjizara.hr\/en\/wp-json\/wp\/v2\/comments?post=9213"}],"wp:featuredmedia":[{"embeddable":true,"href":"https:\/\/webknjizara.hr\/en\/wp-json\/wp\/v2\/media\/9214"}],"wp:attachment":[{"href":"https:\/\/webknjizara.hr\/en\/wp-json\/wp\/v2\/media?parent=9213"}],"wp:term":[{"taxonomy":"product_brand","embeddable":true,"href":"https:\/\/webknjizara.hr\/en\/wp-json\/wp\/v2\/product_brand?post=9213"},{"taxonomy":"product_cat","embeddable":true,"href":"https:\/\/webknjizara.hr\/en\/wp-json\/wp\/v2\/product_cat?post=9213"},{"taxonomy":"product_tag","embeddable":true,"href":"https:\/\/webknjizara.hr\/en\/wp-json\/wp\/v2\/product_tag?post=9213"}],"curies":[{"name":"wp","href":"https:\/\/api.w.org\/{rel}","templated":true}]}}