{"id":9209,"date":"2020-03-13T12:05:18","date_gmt":"2020-03-13T12:05:18","guid":{"rendered":"https:\/\/webknjizara.hr\/?product=pomorske-agencije-i-otpremnistvo-nikola-mandic-%e2%80%93-ivana-lovric"},"modified":"2023-02-27T00:18:05","modified_gmt":"2023-02-26T23:18:05","slug":"pomorske-agencije-i-otpremnistvo-nikola-mandic-ivana-lovric","status":"publish","type":"product","link":"https:\/\/webknjizara.hr\/en\/proizvod\/pomorske-agencije-i-otpremnistvo-nikola-mandic-ivana-lovric\/","title":{"rendered":"POMORSKE AGENCIJE I OTPREMNI\u0160TVO, Nikola Mandi\u0107 \u2013 Ivana Lovri\u0107"},"content":{"rendered":"<p><strong>Sa\u017eetak:<\/strong><\/p>\n<p>Ovaj ud\u017ebenik prvenstveno je namijenjen studentima preddiplomskog studija Pomorski menad\u017ement na Pomorskom fakultetu u Splitu. Sadr\u017eaj ud\u017ebenika uskla\u0111en je sa sadr\u017eajem programa nastavnog predmeta Pomorske agencije i otpremni\u0161tvo u V. semestru navedenog studija. Osnovna je svrha ovog ud\u017ebenika da studentima pomogne u stjecanju adekvatnih znanja o pravnom okviru i poslovanju pomorskih agenata i otpremnika. Naime, pomorski agent i otpremnik osobe su pomorskog imovinskog prava koje imaju specifi\u010dan pravni status. Stoga je potrebno na odgovaraju\u0107i na\u010din prikazati sve karakteristike njihovog pravnog statusa prilikom obavljanja razli\u010ditih pomorskih poslova.<\/p>\n<p><strong>Bilje\u0161ka o autoru\/autorici:<\/strong><\/p>\n<p>Dr. sc. Nikola Mandi\u0107 docent je na Pomorskom fakultetu Sveu\u010dili\u0161ta u Splitu. Od 2008. godine izvodi nastavu iz razli\u010ditih pomorsko-pravnih predmeta. Do sada je objavio preko 40 znanstvenih radova, bio koautor na jednoj znanstvenoj monografiji te u svojstvu istra\u017eiva\u010da sudjelovao na dva znanstvena projekta.<\/p>\n<p>Dr. sc. Ivana Lovri\u0107 poslijedoktorandica je na Pomorskom fakultetu Sveu\u010dili\u0161ta u Splitu. Od 2011. godine izvodi nastavu iz razli\u010ditih pomorsko-pravnih i pomorsko-ekonomskih predmeta. Do sada je objavila preko 10 znanstvenih radova te u svojstvu znanstvenog novaka sudjelovala na jednom znanstvenom projektu.<\/p>\n<p><strong>Klju\u010dne rije\u010di:<\/strong> Pomorski agent, otpremnik, pravni status, poslovi, Pomorski zakonik, Zakon o obveznim odnosima, podzakonski propisi, autonomni izvori prava<\/p>\n<p>\u00a0<\/p>\n<p><strong>Naslov:<\/strong> Pomorske agencije i otpremni\u0161tvo<br \/><strong>Autor:<\/strong> Nikola Mandi\u0107 \u2013 Ivana Lovri\u0107<br \/><strong>Broj stranica:<\/strong> 310<br \/><strong>Nakladnik:<\/strong> Pomorski fakultet u Splitu<br \/><strong>Godina izdanja:<\/strong> 2019.<br \/><strong>ISBN:<\/strong> 978-953-6655-70-0<br \/><strong>Tisak:<\/strong> digitalni tisak knjiga &#8211; print na zahtjev<\/p>\n<p>\u00a0<\/p>\n<p><strong>Kako naru\u010diti knjigu?\u00a0<\/strong>Proces online kupovine jednako funkcionira za sve kupce, s jedinom razlikom u tome \u0161to \u0161to kupci iz inozemstva za podru\u010dje dostave moraju odabrati &#8220;Europa&#8221; ili &#8220;Ostale zemlje svijeta&#8221;, a za vrstu pla\u0107anja WSPay (kreditna kartica) ili Virmanom (bankovni transfer).<\/p>\n<p style=\"text-align: justify;\">Molimo kliknite ovdje za\u00a0<a href=\"hr\/kako-kupovati\">detaljni vodi\u010d kroz proces narud\u017ebe<\/a>\u00a0ili nas\u00a0<a href=\"hr\/kontakt\">kontaktirajte<\/a>\u00a0za vi\u0161e informacija.<\/p>\n","protected":false},"excerpt":{"rendered":"<p>Sa\u017eetak: Ovaj ud\u017ebenik prvenstveno je namijenjen studentima preddiplomskog studija Pomorski menad\u017ement na Pomorskom fakultetu u Splitu. Sadr\u017eaj ud\u017ebenika uskla\u0111en je sa sadr\u017eajem programa nastavnog predmeta Pomorske agencije i otpremni\u0161tvo u V. semestru navedenog studija. Osnovna je svrha ovog ud\u017ebenika da studentima pomogne u stjecanju adekvatnih znanja o pravnom okviru i poslovanju pomorskih agenata i otpremnika. [&hellip;]<\/p>\n","protected":false},"featured_media":9210,"comment_status":"open","ping_status":"closed","template":"","meta":{"_acf_changed":false},"product_brand":[],"product_cat":[1539],"product_tag":[],"class_list":{"0":"post-9209","1":"product","2":"type-product","3":"status-publish","4":"has-post-thumbnail","6":"product_cat-sveucilisni-udzbenici-i-prirucnici","7":"pa_autor-nikola-mandic-ivana-lovric","8":"pa_nakladnik-pomorski-fakultet-u-splitu","10":"first","11":"instock","12":"shipping-taxable","13":"purchasable","14":"product-type-simple"},"acf":[],"yoast_head":"<!-- This site is optimized with the Yoast SEO plugin v27.3 - https:\/\/yoast.com\/product\/yoast-seo-wordpress\/ -->\n<title>POMORSKE AGENCIJE I OTPREMNI\u0160TVO, Nikola Mandi\u0107 \u2013 Ivana Lovri\u0107 - Web-knji\u017eara<\/title>\n<meta name=\"robots\" content=\"index, follow, max-snippet:-1, max-image-preview:large, max-video-preview:-1\" \/>\n<link rel=\"canonical\" href=\"https:\/\/webknjizara.hr\/proizvod\/pomorske-agencije-i-otpremnistvo-nikola-mandic-ivana-lovric\/\" \/>\n<meta property=\"og:locale\" content=\"en_US\" \/>\n<meta property=\"og:type\" content=\"article\" \/>\n<meta property=\"og:title\" content=\"POMORSKE AGENCIJE I OTPREMNI\u0160TVO, Nikola Mandi\u0107 \u2013 Ivana Lovri\u0107 - Web-knji\u017eara\" \/>\n<meta property=\"og:description\" content=\"Sa\u017eetak: Ovaj ud\u017ebenik prvenstveno je namijenjen studentima preddiplomskog studija Pomorski menad\u017ement na Pomorskom fakultetu u Splitu. Sadr\u017eaj ud\u017ebenika uskla\u0111en je sa sadr\u017eajem programa nastavnog predmeta Pomorske agencije i otpremni\u0161tvo u V. semestru navedenog studija. Osnovna je svrha ovog ud\u017ebenika da studentima pomogne u stjecanju adekvatnih znanja o pravnom okviru i poslovanju pomorskih agenata i otpremnika. [&hellip;]\" \/>\n<meta property=\"og:url\" content=\"https:\/\/webknjizara.hr\/proizvod\/pomorske-agencije-i-otpremnistvo-nikola-mandic-ivana-lovric\/\" \/>\n<meta property=\"og:site_name\" content=\"Web-knji\u017eara\" \/>\n<meta property=\"article:modified_time\" content=\"2023-02-26T23:18:05+00:00\" \/>\n<meta property=\"og:image\" content=\"https:\/\/webknjizara.hr\/wp-content\/uploads\/nc\/images\/virtuemart\/product\/PFST-Mandic-POMORSKE-AGENCIJE-I-OTPREMNISTVO_naslovnica-WEB.jpg\" \/>\n\t<meta property=\"og:image:width\" content=\"300\" \/>\n\t<meta property=\"og:image:height\" content=\"419\" \/>\n\t<meta property=\"og:image:type\" content=\"image\/jpeg\" \/>\n<meta name=\"twitter:card\" content=\"summary_large_image\" \/>\n<meta name=\"twitter:label1\" content=\"Est. reading time\" \/>\n\t<meta name=\"twitter:data1\" content=\"2 minutes\" \/>\n<script type=\"application\/ld+json\" class=\"yoast-schema-graph\">{\"@context\":\"https:\\\/\\\/schema.org\",\"@graph\":[{\"@type\":\"WebPage\",\"@id\":\"https:\\\/\\\/webknjizara.hr\\\/proizvod\\\/pomorske-agencije-i-otpremnistvo-nikola-mandic-ivana-lovric\\\/\",\"url\":\"https:\\\/\\\/webknjizara.hr\\\/proizvod\\\/pomorske-agencije-i-otpremnistvo-nikola-mandic-ivana-lovric\\\/\",\"name\":\"POMORSKE AGENCIJE I OTPREMNI\u0160TVO, Nikola Mandi\u0107 \u2013 Ivana Lovri\u0107 - Web-knji\u017eara\",\"isPartOf\":{\"@id\":\"https:\\\/\\\/webknjizara.hr\\\/#website\"},\"primaryImageOfPage\":{\"@id\":\"https:\\\/\\\/webknjizara.hr\\\/proizvod\\\/pomorske-agencije-i-otpremnistvo-nikola-mandic-ivana-lovric\\\/#primaryimage\"},\"image\":{\"@id\":\"https:\\\/\\\/webknjizara.hr\\\/proizvod\\\/pomorske-agencije-i-otpremnistvo-nikola-mandic-ivana-lovric\\\/#primaryimage\"},\"thumbnailUrl\":\"https:\\\/\\\/webknjizara.hr\\\/wp-content\\\/uploads\\\/nc\\\/images\\\/virtuemart\\\/product\\\/PFST-Mandic-POMORSKE-AGENCIJE-I-OTPREMNISTVO_naslovnica-WEB.jpg\",\"datePublished\":\"2020-03-13T12:05:18+00:00\",\"dateModified\":\"2023-02-26T23:18:05+00:00\",\"breadcrumb\":{\"@id\":\"https:\\\/\\\/webknjizara.hr\\\/proizvod\\\/pomorske-agencije-i-otpremnistvo-nikola-mandic-ivana-lovric\\\/#breadcrumb\"},\"inLanguage\":\"en-US\",\"potentialAction\":[{\"@type\":\"ReadAction\",\"target\":[\"https:\\\/\\\/webknjizara.hr\\\/proizvod\\\/pomorske-agencije-i-otpremnistvo-nikola-mandic-ivana-lovric\\\/\"]}]},{\"@type\":\"ImageObject\",\"inLanguage\":\"en-US\",\"@id\":\"https:\\\/\\\/webknjizara.hr\\\/proizvod\\\/pomorske-agencije-i-otpremnistvo-nikola-mandic-ivana-lovric\\\/#primaryimage\",\"url\":\"https:\\\/\\\/webknjizara.hr\\\/wp-content\\\/uploads\\\/nc\\\/images\\\/virtuemart\\\/product\\\/PFST-Mandic-POMORSKE-AGENCIJE-I-OTPREMNISTVO_naslovnica-WEB.jpg\",\"contentUrl\":\"https:\\\/\\\/webknjizara.hr\\\/wp-content\\\/uploads\\\/nc\\\/images\\\/virtuemart\\\/product\\\/PFST-Mandic-POMORSKE-AGENCIJE-I-OTPREMNISTVO_naslovnica-WEB.jpg\",\"width\":300,\"height\":419,\"caption\":\"POMORSKE AGENCIJE I OTPREMNI\u0160TVO, Nikola Mandi\u0107 \u2013 Ivana Lovri\u0107\"},{\"@type\":\"BreadcrumbList\",\"@id\":\"https:\\\/\\\/webknjizara.hr\\\/proizvod\\\/pomorske-agencije-i-otpremnistvo-nikola-mandic-ivana-lovric\\\/#breadcrumb\",\"itemListElement\":[{\"@type\":\"ListItem\",\"position\":1,\"name\":\"Po\u010detna stranica\",\"item\":\"https:\\\/\\\/webknjizara.hr\\\/en\\\/\"},{\"@type\":\"ListItem\",\"position\":2,\"name\":\"Shop\",\"item\":\"https:\\\/\\\/webknjizara.hr\\\/shop\\\/\"},{\"@type\":\"ListItem\",\"position\":3,\"name\":\"POMORSKE AGENCIJE I OTPREMNI\u0160TVO, Nikola Mandi\u0107 \u2013 Ivana Lovri\u0107\"}]},{\"@type\":\"WebSite\",\"@id\":\"https:\\\/\\\/webknjizara.hr\\\/#website\",\"url\":\"https:\\\/\\\/webknjizara.hr\\\/\",\"name\":\"Web Knji\u017eara\",\"description\":\"\",\"publisher\":{\"@id\":\"https:\\\/\\\/webknjizara.hr\\\/#organization\"},\"potentialAction\":[{\"@type\":\"SearchAction\",\"target\":{\"@type\":\"EntryPoint\",\"urlTemplate\":\"https:\\\/\\\/webknjizara.hr\\\/?s={search_term_string}\"},\"query-input\":{\"@type\":\"PropertyValueSpecification\",\"valueRequired\":true,\"valueName\":\"search_term_string\"}}],\"inLanguage\":\"en-US\"},{\"@type\":\"Organization\",\"@id\":\"https:\\\/\\\/webknjizara.hr\\\/#organization\",\"name\":\"REDAK D.O.O.\",\"url\":\"https:\\\/\\\/webknjizara.hr\\\/\",\"logo\":{\"@type\":\"ImageObject\",\"inLanguage\":\"en-US\",\"@id\":\"https:\\\/\\\/webknjizara.hr\\\/#\\\/schema\\\/logo\\\/image\\\/\",\"url\":\"https:\\\/\\\/webknjizara.hr\\\/wp-content\\\/uploads\\\/2023\\\/01\\\/web-knjizara-logo.webp\",\"contentUrl\":\"https:\\\/\\\/webknjizara.hr\\\/wp-content\\\/uploads\\\/2023\\\/01\\\/web-knjizara-logo.webp\",\"width\":324,\"height\":79,\"caption\":\"REDAK D.O.O.\"},\"image\":{\"@id\":\"https:\\\/\\\/webknjizara.hr\\\/#\\\/schema\\\/logo\\\/image\\\/\"}}]}<\/script>\n<!-- \/ Yoast SEO plugin. -->","yoast_head_json":{"title":"POMORSKE AGENCIJE I OTPREMNI\u0160TVO, Nikola Mandi\u0107 \u2013 Ivana Lovri\u0107 - Web-knji\u017eara","robots":{"index":"index","follow":"follow","max-snippet":"max-snippet:-1","max-image-preview":"max-image-preview:large","max-video-preview":"max-video-preview:-1"},"canonical":"https:\/\/webknjizara.hr\/proizvod\/pomorske-agencije-i-otpremnistvo-nikola-mandic-ivana-lovric\/","og_locale":"en_US","og_type":"article","og_title":"POMORSKE AGENCIJE I OTPREMNI\u0160TVO, Nikola Mandi\u0107 \u2013 Ivana Lovri\u0107 - Web-knji\u017eara","og_description":"Sa\u017eetak: Ovaj ud\u017ebenik prvenstveno je namijenjen studentima preddiplomskog studija Pomorski menad\u017ement na Pomorskom fakultetu u Splitu. Sadr\u017eaj ud\u017ebenika uskla\u0111en je sa sadr\u017eajem programa nastavnog predmeta Pomorske agencije i otpremni\u0161tvo u V. semestru navedenog studija. Osnovna je svrha ovog ud\u017ebenika da studentima pomogne u stjecanju adekvatnih znanja o pravnom okviru i poslovanju pomorskih agenata i otpremnika. [&hellip;]","og_url":"https:\/\/webknjizara.hr\/proizvod\/pomorske-agencije-i-otpremnistvo-nikola-mandic-ivana-lovric\/","og_site_name":"Web-knji\u017eara","article_modified_time":"2023-02-26T23:18:05+00:00","og_image":[{"width":300,"height":419,"url":"https:\/\/webknjizara.hr\/wp-content\/uploads\/nc\/images\/virtuemart\/product\/PFST-Mandic-POMORSKE-AGENCIJE-I-OTPREMNISTVO_naslovnica-WEB.jpg","type":"image\/jpeg"}],"twitter_card":"summary_large_image","twitter_misc":{"Est. reading time":"2 minutes"},"schema":{"@context":"https:\/\/schema.org","@graph":[{"@type":"WebPage","@id":"https:\/\/webknjizara.hr\/proizvod\/pomorske-agencije-i-otpremnistvo-nikola-mandic-ivana-lovric\/","url":"https:\/\/webknjizara.hr\/proizvod\/pomorske-agencije-i-otpremnistvo-nikola-mandic-ivana-lovric\/","name":"POMORSKE AGENCIJE I OTPREMNI\u0160TVO, Nikola Mandi\u0107 \u2013 Ivana Lovri\u0107 - Web-knji\u017eara","isPartOf":{"@id":"https:\/\/webknjizara.hr\/#website"},"primaryImageOfPage":{"@id":"https:\/\/webknjizara.hr\/proizvod\/pomorske-agencije-i-otpremnistvo-nikola-mandic-ivana-lovric\/#primaryimage"},"image":{"@id":"https:\/\/webknjizara.hr\/proizvod\/pomorske-agencije-i-otpremnistvo-nikola-mandic-ivana-lovric\/#primaryimage"},"thumbnailUrl":"https:\/\/webknjizara.hr\/wp-content\/uploads\/nc\/images\/virtuemart\/product\/PFST-Mandic-POMORSKE-AGENCIJE-I-OTPREMNISTVO_naslovnica-WEB.jpg","datePublished":"2020-03-13T12:05:18+00:00","dateModified":"2023-02-26T23:18:05+00:00","breadcrumb":{"@id":"https:\/\/webknjizara.hr\/proizvod\/pomorske-agencije-i-otpremnistvo-nikola-mandic-ivana-lovric\/#breadcrumb"},"inLanguage":"en-US","potentialAction":[{"@type":"ReadAction","target":["https:\/\/webknjizara.hr\/proizvod\/pomorske-agencije-i-otpremnistvo-nikola-mandic-ivana-lovric\/"]}]},{"@type":"ImageObject","inLanguage":"en-US","@id":"https:\/\/webknjizara.hr\/proizvod\/pomorske-agencije-i-otpremnistvo-nikola-mandic-ivana-lovric\/#primaryimage","url":"https:\/\/webknjizara.hr\/wp-content\/uploads\/nc\/images\/virtuemart\/product\/PFST-Mandic-POMORSKE-AGENCIJE-I-OTPREMNISTVO_naslovnica-WEB.jpg","contentUrl":"https:\/\/webknjizara.hr\/wp-content\/uploads\/nc\/images\/virtuemart\/product\/PFST-Mandic-POMORSKE-AGENCIJE-I-OTPREMNISTVO_naslovnica-WEB.jpg","width":300,"height":419,"caption":"POMORSKE AGENCIJE I OTPREMNI\u0160TVO, Nikola Mandi\u0107 \u2013 Ivana Lovri\u0107"},{"@type":"BreadcrumbList","@id":"https:\/\/webknjizara.hr\/proizvod\/pomorske-agencije-i-otpremnistvo-nikola-mandic-ivana-lovric\/#breadcrumb","itemListElement":[{"@type":"ListItem","position":1,"name":"Po\u010detna stranica","item":"https:\/\/webknjizara.hr\/en\/"},{"@type":"ListItem","position":2,"name":"Shop","item":"https:\/\/webknjizara.hr\/shop\/"},{"@type":"ListItem","position":3,"name":"POMORSKE AGENCIJE I OTPREMNI\u0160TVO, Nikola Mandi\u0107 \u2013 Ivana Lovri\u0107"}]},{"@type":"WebSite","@id":"https:\/\/webknjizara.hr\/#website","url":"https:\/\/webknjizara.hr\/","name":"Web Knji\u017eara","description":"","publisher":{"@id":"https:\/\/webknjizara.hr\/#organization"},"potentialAction":[{"@type":"SearchAction","target":{"@type":"EntryPoint","urlTemplate":"https:\/\/webknjizara.hr\/?s={search_term_string}"},"query-input":{"@type":"PropertyValueSpecification","valueRequired":true,"valueName":"search_term_string"}}],"inLanguage":"en-US"},{"@type":"Organization","@id":"https:\/\/webknjizara.hr\/#organization","name":"REDAK D.O.O.","url":"https:\/\/webknjizara.hr\/","logo":{"@type":"ImageObject","inLanguage":"en-US","@id":"https:\/\/webknjizara.hr\/#\/schema\/logo\/image\/","url":"https:\/\/webknjizara.hr\/wp-content\/uploads\/2023\/01\/web-knjizara-logo.webp","contentUrl":"https:\/\/webknjizara.hr\/wp-content\/uploads\/2023\/01\/web-knjizara-logo.webp","width":324,"height":79,"caption":"REDAK D.O.O."},"image":{"@id":"https:\/\/webknjizara.hr\/#\/schema\/logo\/image\/"}}]}},"_links":{"self":[{"href":"https:\/\/webknjizara.hr\/en\/wp-json\/wp\/v2\/product\/9209","targetHints":{"allow":["GET"]}}],"collection":[{"href":"https:\/\/webknjizara.hr\/en\/wp-json\/wp\/v2\/product"}],"about":[{"href":"https:\/\/webknjizara.hr\/en\/wp-json\/wp\/v2\/types\/product"}],"replies":[{"embeddable":true,"href":"https:\/\/webknjizara.hr\/en\/wp-json\/wp\/v2\/comments?post=9209"}],"wp:featuredmedia":[{"embeddable":true,"href":"https:\/\/webknjizara.hr\/en\/wp-json\/wp\/v2\/media\/9210"}],"wp:attachment":[{"href":"https:\/\/webknjizara.hr\/en\/wp-json\/wp\/v2\/media?parent=9209"}],"wp:term":[{"taxonomy":"product_brand","embeddable":true,"href":"https:\/\/webknjizara.hr\/en\/wp-json\/wp\/v2\/product_brand?post=9209"},{"taxonomy":"product_cat","embeddable":true,"href":"https:\/\/webknjizara.hr\/en\/wp-json\/wp\/v2\/product_cat?post=9209"},{"taxonomy":"product_tag","embeddable":true,"href":"https:\/\/webknjizara.hr\/en\/wp-json\/wp\/v2\/product_tag?post=9209"}],"curies":[{"name":"wp","href":"https:\/\/api.w.org\/{rel}","templated":true}]}}