{"id":9201,"date":"2020-02-21T15:52:33","date_gmt":"2020-02-21T15:52:33","guid":{"rendered":"https:\/\/webknjizara.hr\/?product=zimske-price-2-grupa-autora"},"modified":"2023-02-27T00:18:04","modified_gmt":"2023-02-26T23:18:04","slug":"zimske-price-2-grupa-autora","status":"publish","type":"product","link":"https:\/\/webknjizara.hr\/en\/proizvod\/zimske-price-2-grupa-autora\/","title":{"rendered":"ZIMSKE PRI\u010cE 2, Grupa autora"},"content":{"rendered":"<p><strong>Sa\u017eetak:<\/strong> Zbirka Zimske pri\u010de donosi nam toplinu misli autora o hladnoj zimi, ljubavi i tu\u017enih i lijepih uspomena. Ispunjene su lijepim mislima i porukama koje nam griju srca poput iskrica u ognji\u0161tu. Podsje\u0107aju nas na nje\u017ene bakine ruke koje su nas \u0161titile od stra\u0161nih zmajeva i brisale mokra lica od snje\u017enih pahulja.<\/p>\n<p>Pro\u017eete emocijama i dahom pro\u0161lih vremena, ostaju nam zapisane da bi nove generacije mogle \u010ditati i \u010duvati predaje i pri\u010de osvojih predaka.<\/p>\n<p>U\u017eivajte u toplim zimskima pri\u010dama.<\/p>\n<p>Biserka Pir\u0161lin, urednica stranice Knjige u srcu<\/p>\n<p><strong>Bilje\u0161ka o autoru\/autorici:<\/strong> Pri\u010de su nastale u razdoblju od 1.7.2019. do 25.9.2019. godine, a autori su \u010dlanovi Facebook grupe Pisci i Knji\u017eevnost i Facebook stranice Pisci i Knji\u017eevnost.<\/p>\n<p>Tvorci ovih pri\u010da pi\u0161u nam iz Hrvatske, Bosne i Hercegovine, Srbije, Makedonije, Crne Gore, Italije, Njema\u010dke i \u0160vedske.<\/p>\n<p>Amela Titori\u0107, Andrea Lovri\u0107, Anica Ivi\u0107, Bernarda \u0106uri\u0107, Biserka Pir\u0161lin, Blanka Kraljevi\u0107, Blanka Will, Danijela Jovan\u010di\u0107, Dragana Latinovi\u0107, Emila Paki\u0107, Erna Alajmovi\u0107, Gordana Bartol, Ina Padovan, Ivan Goran \u017dunar, Ivanka Simonovi\u0107, Jasna \u0160emiga-Pintari\u0107, Jusuf Vejzovi\u0107 Juka, Kruno \u0160afrani\u0107, Lejla Hamidovi\u0107, Lorry Medlin, Maja Bo\u0161njak Pavlek, Manuela Mikuli\u0107, Marica \u017daneti\u0107 Malenica, Marija Risti\u0107, Marina \u010cali\u0107, Marina Stiplo\u0161ek, Merza Tucakovi\u0107, Milica Lesjak, Mirjana Habek, Mirta Kustec, Nata\u0161a Aleksovska, Nela Bari\u010devi\u0107, Ognjen Stankovi\u0107, Ognjenka Kalajd\u017ei\u0107, Paula Lina Klisura, Rada Sukara, Razija Buharalija, Romana Duvnjak, Sanja Trnini\u0107, Sarabela Drljan, Sindy Oroz, Slavica Juhas, Tatjana Vojinovi\u0107, Valentina Pir\u0161lin, Vanja Vergi\u0107, Verica Isidora Pavlovi\u0107, Veronika Vrgo\u010d, Vesna Grgi\u0107, Zana Babanovi\u0107, Zdenka Kirin, Zlatko Erjavec, \u017dana Coven, \u017deljana Andrijani\u0107, \u017deljko Bilankov<\/p>\n<p>Ilustracija naslovnice: Megi Horak Orli\u0107<\/p>\n<p><strong>Klju\u010dne rije\u010di:<\/strong> Pisci i Knji\u017eevnost, PiK kutak, pri\u010de, zimske, 2, zbirka<\/p>\n<p>Link: Pisci i Knji\u017eevnost<br \/><a href=\"https:\/\/www.facebook.com\/groups\/245484055481932\/\" target=\"_blank\" rel=\"noopener noreferrer\">https:\/\/www.facebook.com\/groups\/245484055481932\/<\/a><\/p>\n<p>PiK kutak &#8211; knji\u017eevnost koja se \u010dita i pamti<br \/><a href=\"https:\/\/www.facebook.com\/groups\/1827073877599047\/\" target=\"_blank\" rel=\"noopener noreferrer\">https:\/\/www.facebook.com\/groups\/1827073877599047\/<\/a><\/p>\n<p>Pisci i Knji\u017eevnost &#8211; Writers and Literature<br \/><a href=\"https:\/\/www.facebook.com\/pisciknjizevnost.pik\/\" target=\"_blank\" rel=\"noopener noreferrer\">https:\/\/www.facebook.com\/pisciknjizevnost.pik\/<\/a><\/p>\n<p>Web stranica Pisci i Knji\u017eevnost<\/p>\n<p><a href=\"https:\/\/bit.ly\/2VxBWKu\" target=\"_blank\" rel=\"noopener noreferrer\">https:\/\/bit.ly\/2VxBWKu<\/a><\/p>\n<p>Instagram profil<br \/><a href=\"https:\/\/www.instagram.com\/let_s_read_croatian_authors\/\" target=\"_blank\" rel=\"noopener noreferrer\">https:\/\/www.instagram.com\/let_s_read_croatian_authors\/<\/a><\/p>\n<p><strong>E-mail:<\/strong> <a href=\"mailto:knjigamojprijatelj@outlook.com\" target=\"_blank\" rel=\"noopener noreferrer\">knjigamojprijatelj@outlook.com<\/a><\/p>\n<p>\u00a0<\/p>\n<p><strong>Naslov:<\/strong> Zimske pri\u010de 2<br \/><strong>Autor:<\/strong> Pisci i knji\u017eevnost &#8211; grupa autora<br \/><strong>Broj stranica:<\/strong> 198<br \/><strong>Nakladnik:<\/strong> REDAK<br \/><strong>Godina izdanja:<\/strong> 2020 .<br \/><strong>ISBN:<\/strong> 978-953-336-643-2<br \/><strong>Tisak:<\/strong> digitalni tisak knjiga &#8211; print na zahtjev<\/p>\n<p>\u00a0<\/p>\n<p><strong>Kako naru\u010diti knjigu?\u00a0<\/strong>Proces online kupovine jednako funkcionira za sve kupce, s jedinom razlikom u tome \u0161to \u0161to kupci iz inozemstva za podru\u010dje dostave moraju odabrati &#8220;Europa&#8221; ili &#8220;Ostale zemlje svijeta&#8221;, a za vrstu pla\u0107anja WSPay (kreditna kartica) ili Virmanom (bankovni transfer).<\/p>\n<p style=\"text-align: justify;\">Molimo kliknite ovdje za\u00a0<a href=\"hr\/kako-kupovati\">detaljni vodi\u010d kroz proces narud\u017ebe<\/a>\u00a0ili nas\u00a0<a href=\"hr\/kontakt\">kontaktirajte<\/a>\u00a0za vi\u0161e informacija.<\/p>\n","protected":false},"excerpt":{"rendered":"<p>Sa\u017eetak: Zbirka Zimske pri\u010de donosi nam toplinu misli autora o hladnoj zimi, ljubavi i tu\u017enih i lijepih uspomena. Ispunjene su lijepim mislima i porukama koje nam griju srca poput iskrica u ognji\u0161tu. Podsje\u0107aju nas na nje\u017ene bakine ruke koje su nas \u0161titile od stra\u0161nih zmajeva i brisale mokra lica od snje\u017enih pahulja. Pro\u017eete emocijama i [&hellip;]<\/p>\n","protected":false},"featured_media":9202,"comment_status":"open","ping_status":"closed","template":"","meta":{"_acf_changed":false},"product_brand":[],"product_cat":[1383,1385],"product_tag":[],"class_list":{"0":"post-9201","1":"product","2":"type-product","3":"status-publish","4":"has-post-thumbnail","6":"product_cat-knjige","7":"product_cat-knjizevnost","8":"pa_autor-pisci-i-knjizevnost-grupa-autora","9":"pa_nakladnik-redak","11":"first","12":"instock","13":"shipping-taxable","14":"purchasable","15":"product-type-simple"},"acf":[],"yoast_head":"<!-- This site is optimized with the Yoast SEO plugin v27.3 - https:\/\/yoast.com\/product\/yoast-seo-wordpress\/ -->\n<title>ZIMSKE PRI\u010cE 2, Grupa autora - Web-knji\u017eara<\/title>\n<meta name=\"robots\" content=\"index, follow, max-snippet:-1, max-image-preview:large, max-video-preview:-1\" \/>\n<link rel=\"canonical\" href=\"https:\/\/webknjizara.hr\/proizvod\/zimske-price-2-grupa-autora\/\" \/>\n<meta property=\"og:locale\" content=\"en_US\" \/>\n<meta property=\"og:type\" content=\"article\" \/>\n<meta property=\"og:title\" content=\"ZIMSKE PRI\u010cE 2, Grupa autora - Web-knji\u017eara\" \/>\n<meta property=\"og:description\" content=\"Sa\u017eetak: Zbirka Zimske pri\u010de donosi nam toplinu misli autora o hladnoj zimi, ljubavi i tu\u017enih i lijepih uspomena. Ispunjene su lijepim mislima i porukama koje nam griju srca poput iskrica u ognji\u0161tu. Podsje\u0107aju nas na nje\u017ene bakine ruke koje su nas \u0161titile od stra\u0161nih zmajeva i brisale mokra lica od snje\u017enih pahulja. Pro\u017eete emocijama i [&hellip;]\" \/>\n<meta property=\"og:url\" content=\"https:\/\/webknjizara.hr\/proizvod\/zimske-price-2-grupa-autora\/\" \/>\n<meta property=\"og:site_name\" content=\"Web-knji\u017eara\" \/>\n<meta property=\"article:modified_time\" content=\"2023-02-26T23:18:04+00:00\" \/>\n<meta property=\"og:image\" content=\"https:\/\/webknjizara.hr\/wp-content\/uploads\/nc\/images\/virtuemart\/product\/naslovnica-WK-zimske-price.jpg\" \/>\n\t<meta property=\"og:image:width\" content=\"573\" \/>\n\t<meta property=\"og:image:height\" content=\"800\" \/>\n\t<meta property=\"og:image:type\" content=\"image\/jpeg\" \/>\n<meta name=\"twitter:card\" content=\"summary_large_image\" \/>\n<meta name=\"twitter:label1\" content=\"Est. reading time\" \/>\n\t<meta name=\"twitter:data1\" content=\"2 minutes\" \/>\n<script type=\"application\/ld+json\" class=\"yoast-schema-graph\">{\"@context\":\"https:\\\/\\\/schema.org\",\"@graph\":[{\"@type\":\"WebPage\",\"@id\":\"https:\\\/\\\/webknjizara.hr\\\/proizvod\\\/zimske-price-2-grupa-autora\\\/\",\"url\":\"https:\\\/\\\/webknjizara.hr\\\/proizvod\\\/zimske-price-2-grupa-autora\\\/\",\"name\":\"ZIMSKE PRI\u010cE 2, Grupa autora - Web-knji\u017eara\",\"isPartOf\":{\"@id\":\"https:\\\/\\\/webknjizara.hr\\\/#website\"},\"primaryImageOfPage\":{\"@id\":\"https:\\\/\\\/webknjizara.hr\\\/proizvod\\\/zimske-price-2-grupa-autora\\\/#primaryimage\"},\"image\":{\"@id\":\"https:\\\/\\\/webknjizara.hr\\\/proizvod\\\/zimske-price-2-grupa-autora\\\/#primaryimage\"},\"thumbnailUrl\":\"https:\\\/\\\/webknjizara.hr\\\/wp-content\\\/uploads\\\/nc\\\/images\\\/virtuemart\\\/product\\\/naslovnica-WK-zimske-price.jpg\",\"datePublished\":\"2020-02-21T15:52:33+00:00\",\"dateModified\":\"2023-02-26T23:18:04+00:00\",\"breadcrumb\":{\"@id\":\"https:\\\/\\\/webknjizara.hr\\\/proizvod\\\/zimske-price-2-grupa-autora\\\/#breadcrumb\"},\"inLanguage\":\"en-US\",\"potentialAction\":[{\"@type\":\"ReadAction\",\"target\":[\"https:\\\/\\\/webknjizara.hr\\\/proizvod\\\/zimske-price-2-grupa-autora\\\/\"]}]},{\"@type\":\"ImageObject\",\"inLanguage\":\"en-US\",\"@id\":\"https:\\\/\\\/webknjizara.hr\\\/proizvod\\\/zimske-price-2-grupa-autora\\\/#primaryimage\",\"url\":\"https:\\\/\\\/webknjizara.hr\\\/wp-content\\\/uploads\\\/nc\\\/images\\\/virtuemart\\\/product\\\/naslovnica-WK-zimske-price.jpg\",\"contentUrl\":\"https:\\\/\\\/webknjizara.hr\\\/wp-content\\\/uploads\\\/nc\\\/images\\\/virtuemart\\\/product\\\/naslovnica-WK-zimske-price.jpg\",\"width\":573,\"height\":800,\"caption\":\"ZIMSKE PRI\u010cE 2, Grupa autora\"},{\"@type\":\"BreadcrumbList\",\"@id\":\"https:\\\/\\\/webknjizara.hr\\\/proizvod\\\/zimske-price-2-grupa-autora\\\/#breadcrumb\",\"itemListElement\":[{\"@type\":\"ListItem\",\"position\":1,\"name\":\"Po\u010detna stranica\",\"item\":\"https:\\\/\\\/webknjizara.hr\\\/en\\\/\"},{\"@type\":\"ListItem\",\"position\":2,\"name\":\"Shop\",\"item\":\"https:\\\/\\\/webknjizara.hr\\\/shop\\\/\"},{\"@type\":\"ListItem\",\"position\":3,\"name\":\"ZIMSKE PRI\u010cE 2, Grupa autora\"}]},{\"@type\":\"WebSite\",\"@id\":\"https:\\\/\\\/webknjizara.hr\\\/#website\",\"url\":\"https:\\\/\\\/webknjizara.hr\\\/\",\"name\":\"Web Knji\u017eara\",\"description\":\"\",\"publisher\":{\"@id\":\"https:\\\/\\\/webknjizara.hr\\\/#organization\"},\"potentialAction\":[{\"@type\":\"SearchAction\",\"target\":{\"@type\":\"EntryPoint\",\"urlTemplate\":\"https:\\\/\\\/webknjizara.hr\\\/?s={search_term_string}\"},\"query-input\":{\"@type\":\"PropertyValueSpecification\",\"valueRequired\":true,\"valueName\":\"search_term_string\"}}],\"inLanguage\":\"en-US\"},{\"@type\":\"Organization\",\"@id\":\"https:\\\/\\\/webknjizara.hr\\\/#organization\",\"name\":\"REDAK D.O.O.\",\"url\":\"https:\\\/\\\/webknjizara.hr\\\/\",\"logo\":{\"@type\":\"ImageObject\",\"inLanguage\":\"en-US\",\"@id\":\"https:\\\/\\\/webknjizara.hr\\\/#\\\/schema\\\/logo\\\/image\\\/\",\"url\":\"https:\\\/\\\/webknjizara.hr\\\/wp-content\\\/uploads\\\/2023\\\/01\\\/web-knjizara-logo.webp\",\"contentUrl\":\"https:\\\/\\\/webknjizara.hr\\\/wp-content\\\/uploads\\\/2023\\\/01\\\/web-knjizara-logo.webp\",\"width\":324,\"height\":79,\"caption\":\"REDAK D.O.O.\"},\"image\":{\"@id\":\"https:\\\/\\\/webknjizara.hr\\\/#\\\/schema\\\/logo\\\/image\\\/\"}}]}<\/script>\n<!-- \/ Yoast SEO plugin. -->","yoast_head_json":{"title":"ZIMSKE PRI\u010cE 2, Grupa autora - Web-knji\u017eara","robots":{"index":"index","follow":"follow","max-snippet":"max-snippet:-1","max-image-preview":"max-image-preview:large","max-video-preview":"max-video-preview:-1"},"canonical":"https:\/\/webknjizara.hr\/proizvod\/zimske-price-2-grupa-autora\/","og_locale":"en_US","og_type":"article","og_title":"ZIMSKE PRI\u010cE 2, Grupa autora - Web-knji\u017eara","og_description":"Sa\u017eetak: Zbirka Zimske pri\u010de donosi nam toplinu misli autora o hladnoj zimi, ljubavi i tu\u017enih i lijepih uspomena. Ispunjene su lijepim mislima i porukama koje nam griju srca poput iskrica u ognji\u0161tu. Podsje\u0107aju nas na nje\u017ene bakine ruke koje su nas \u0161titile od stra\u0161nih zmajeva i brisale mokra lica od snje\u017enih pahulja. Pro\u017eete emocijama i [&hellip;]","og_url":"https:\/\/webknjizara.hr\/proizvod\/zimske-price-2-grupa-autora\/","og_site_name":"Web-knji\u017eara","article_modified_time":"2023-02-26T23:18:04+00:00","og_image":[{"width":573,"height":800,"url":"https:\/\/webknjizara.hr\/wp-content\/uploads\/nc\/images\/virtuemart\/product\/naslovnica-WK-zimske-price.jpg","type":"image\/jpeg"}],"twitter_card":"summary_large_image","twitter_misc":{"Est. reading time":"2 minutes"},"schema":{"@context":"https:\/\/schema.org","@graph":[{"@type":"WebPage","@id":"https:\/\/webknjizara.hr\/proizvod\/zimske-price-2-grupa-autora\/","url":"https:\/\/webknjizara.hr\/proizvod\/zimske-price-2-grupa-autora\/","name":"ZIMSKE PRI\u010cE 2, Grupa autora - Web-knji\u017eara","isPartOf":{"@id":"https:\/\/webknjizara.hr\/#website"},"primaryImageOfPage":{"@id":"https:\/\/webknjizara.hr\/proizvod\/zimske-price-2-grupa-autora\/#primaryimage"},"image":{"@id":"https:\/\/webknjizara.hr\/proizvod\/zimske-price-2-grupa-autora\/#primaryimage"},"thumbnailUrl":"https:\/\/webknjizara.hr\/wp-content\/uploads\/nc\/images\/virtuemart\/product\/naslovnica-WK-zimske-price.jpg","datePublished":"2020-02-21T15:52:33+00:00","dateModified":"2023-02-26T23:18:04+00:00","breadcrumb":{"@id":"https:\/\/webknjizara.hr\/proizvod\/zimske-price-2-grupa-autora\/#breadcrumb"},"inLanguage":"en-US","potentialAction":[{"@type":"ReadAction","target":["https:\/\/webknjizara.hr\/proizvod\/zimske-price-2-grupa-autora\/"]}]},{"@type":"ImageObject","inLanguage":"en-US","@id":"https:\/\/webknjizara.hr\/proizvod\/zimske-price-2-grupa-autora\/#primaryimage","url":"https:\/\/webknjizara.hr\/wp-content\/uploads\/nc\/images\/virtuemart\/product\/naslovnica-WK-zimske-price.jpg","contentUrl":"https:\/\/webknjizara.hr\/wp-content\/uploads\/nc\/images\/virtuemart\/product\/naslovnica-WK-zimske-price.jpg","width":573,"height":800,"caption":"ZIMSKE PRI\u010cE 2, Grupa autora"},{"@type":"BreadcrumbList","@id":"https:\/\/webknjizara.hr\/proizvod\/zimske-price-2-grupa-autora\/#breadcrumb","itemListElement":[{"@type":"ListItem","position":1,"name":"Po\u010detna stranica","item":"https:\/\/webknjizara.hr\/en\/"},{"@type":"ListItem","position":2,"name":"Shop","item":"https:\/\/webknjizara.hr\/shop\/"},{"@type":"ListItem","position":3,"name":"ZIMSKE PRI\u010cE 2, Grupa autora"}]},{"@type":"WebSite","@id":"https:\/\/webknjizara.hr\/#website","url":"https:\/\/webknjizara.hr\/","name":"Web Knji\u017eara","description":"","publisher":{"@id":"https:\/\/webknjizara.hr\/#organization"},"potentialAction":[{"@type":"SearchAction","target":{"@type":"EntryPoint","urlTemplate":"https:\/\/webknjizara.hr\/?s={search_term_string}"},"query-input":{"@type":"PropertyValueSpecification","valueRequired":true,"valueName":"search_term_string"}}],"inLanguage":"en-US"},{"@type":"Organization","@id":"https:\/\/webknjizara.hr\/#organization","name":"REDAK D.O.O.","url":"https:\/\/webknjizara.hr\/","logo":{"@type":"ImageObject","inLanguage":"en-US","@id":"https:\/\/webknjizara.hr\/#\/schema\/logo\/image\/","url":"https:\/\/webknjizara.hr\/wp-content\/uploads\/2023\/01\/web-knjizara-logo.webp","contentUrl":"https:\/\/webknjizara.hr\/wp-content\/uploads\/2023\/01\/web-knjizara-logo.webp","width":324,"height":79,"caption":"REDAK D.O.O."},"image":{"@id":"https:\/\/webknjizara.hr\/#\/schema\/logo\/image\/"}}]}},"_links":{"self":[{"href":"https:\/\/webknjizara.hr\/en\/wp-json\/wp\/v2\/product\/9201","targetHints":{"allow":["GET"]}}],"collection":[{"href":"https:\/\/webknjizara.hr\/en\/wp-json\/wp\/v2\/product"}],"about":[{"href":"https:\/\/webknjizara.hr\/en\/wp-json\/wp\/v2\/types\/product"}],"replies":[{"embeddable":true,"href":"https:\/\/webknjizara.hr\/en\/wp-json\/wp\/v2\/comments?post=9201"}],"wp:featuredmedia":[{"embeddable":true,"href":"https:\/\/webknjizara.hr\/en\/wp-json\/wp\/v2\/media\/9202"}],"wp:attachment":[{"href":"https:\/\/webknjizara.hr\/en\/wp-json\/wp\/v2\/media?parent=9201"}],"wp:term":[{"taxonomy":"product_brand","embeddable":true,"href":"https:\/\/webknjizara.hr\/en\/wp-json\/wp\/v2\/product_brand?post=9201"},{"taxonomy":"product_cat","embeddable":true,"href":"https:\/\/webknjizara.hr\/en\/wp-json\/wp\/v2\/product_cat?post=9201"},{"taxonomy":"product_tag","embeddable":true,"href":"https:\/\/webknjizara.hr\/en\/wp-json\/wp\/v2\/product_tag?post=9201"}],"curies":[{"name":"wp","href":"https:\/\/api.w.org\/{rel}","templated":true}]}}