{"id":9173,"date":"2019-12-23T10:42:53","date_gmt":"2019-12-23T10:42:53","guid":{"rendered":"https:\/\/webknjizara.hr\/?product=the-book-of-%ce%b1%ca%8a%cf%89-part-2-dream-story-trilogy-and-other-short-stories-orsat-strazicic"},"modified":"2023-02-27T00:18:02","modified_gmt":"2023-02-26T23:18:02","slug":"dream-story-trilogy-and-other-short-stories-orsat-strazicic","status":"publish","type":"product","link":"https:\/\/webknjizara.hr\/en\/proizvod\/dream-story-trilogy-and-other-short-stories-orsat-strazicic\/","title":{"rendered":"THE BOOK OF (\u0391)(\u01b1)(\u03a9) PART 2. DREAM STORY TRILOGY AND OTHER SHORT STORIES, ORSAT STRA\u017dI\u010cI\u0106"},"content":{"rendered":"<p><strong>Sa\u017eetak:<\/strong><\/p>\n<p>Ratnici i ratnice iz raznih svjetova bivaju zarobljeni u svijetu koji ne postoji i slu\u017ee kao pijuni u kozmi\u010dkoj igri \u0161aha. Taj svijet u kojem se odvija igra je jedan od ogranaka zemlje snova gdje misti\u010dni entiteti zabavu tra\u017ee na na\u010din da zagor\u010davaju \u017eivot svim sudionicima igre. Zarobljeni ratnici i ratnice moraju iskoristiti sva svoja znanja i vje\u0161tine kako bi pre\u017eivjeli tu smrtonosnu igru. Kad jedna igra zavr\u0161i novi ratnici i ratnice stupaju na scenu i za\u010darani krug se opet ponavlja jer sama igra koju misti\u010dni entiteti igraju nema kraja. No me\u0111u ratnicima i ratnicama pojavila se jedna \u010darobnica koja odbija napustiti ovaj okrutni svijet i pre\u017eivjela je mno\u0161tvo igara. Mo\u017eda upravo ona uspije slomiti taj za\u010darani krug i magi\u010dnu beskona\u010dnost patnje koju ovaj svijet nudi. . .<\/p>\n<p>This story is about the people who got kidnapped from their worlds and got trapped in the world that does not exist in order to participate as pawns in the cosmic game of chess. The world where the game is being played is one of the extensions of the dream world where mystical entities are entertaining themselves by making the lives of the pawns miserable. The ones that got kidnapped must use all of their skills and knowledge in order to survive this deadly game. Once the game is over new players step into the scene and the vicious enchanted loop continues because the game itself is never ending. Among the kidnapped people there is a sorceress that refuses to leave this cruel world and she has survived many games. Maybe she will break the magic loop and the infinite suffering which is the only thing this world has to offer\u2026<\/p>\n<p><strong>Bilje\u0161ka o autoru\/autorici:<\/strong><\/p>\n<p>Orsat Stra\u017ei\u010di\u0107 ro\u0111en je 24.08.1988. u Dubrovniku. Diplomirao je na dubrova\u010dkom sveu\u010dili\u0161tu, studij elektrotehnike i komunikacijskih tehnologija u pomorstvu. Kao agnostik \u017eivot je posvetio tra\u017ee\u0107i balans u \u017eivotu \u0161to i svjedo\u010de njegove pri\u010de i na\u010din \u017eivota. Nikad ne tra\u017ee\u0107i previ\u0161e, a uvijek davaju\u0107i i vi\u0161e od onoga \u0161to ima \u0161ire\u0107i \u0161to pozitivniju energiju. Od svoje sedme godine bavi se Karateom te je 2007. godine do\u0161ao do majstorskog zvanja. Obu\u010davao je mnoge borila\u010dkim vje\u0161tinama te nastupao na mno\u0161tvu Karate, Jiu-Jitsu te MMA natjecanja i postigao zavidan uspjeh. Radio je kao portir, prodava\u010d i na kraju no\u0107ni recepcioner gdje je mogao iskoristiti ti\u0161inu no\u0107i i dati \u017eivot svojim pri\u010dama. Kao mirna osoba tihog karaktera i bujne ma\u0161te, zapo\u010deo je svoje stvarala\u0161tvo u srednjoj \u0161koli kad je napravio svoj prvi fan art strip od 500 stranica za mla\u0111eg brata i kroz period od preko 10 godina napisao mno\u0161tvo pri\u010da. Uzor su mu mnogi pisci fantazije kao \u0161to su Jules Verne, John Ronald Reuel Tolkien, Lewis Carroll, J. K. Rowling, Clive Staples Lewis, George R. R. Martin, Andrew Davidson i H. P. Lovecraft. Statirao je u seriji Igra Prijestolja gdje mu je jedan od redatelja serije rekao da ne odustaje od pisanja svojih pri\u010da i da zavr\u0161i ono \u0161to je zapo\u010deo. Nikad ni\u0161ta ne treba ostavljati na pola. \u010clan je udruge Tri Dubrovkinje plus udruga pjesnika i ostalih umjetnosti. Udruzi je cilj promoviranje i poticanje prvenstveno novih, mladih i neafirmiranih umjetnika u kulturi te okupljanje svih vrsta umjetnosti. Velika strast mu je fotografiranje i crtanje te na svojoj umjetni\u010dkoj stranici deviantart.com ima prezentirano preko 10 000 fotografija i crte\u017ea koje je tako\u0111er koristio kao ilustracije u svojim pri\u010dama. Napisana djela su mu \u02ddLegacy of Light and Darkness Trilogy\u02dd , \u02ddDream Story Trilogy\u02dd , \u02ddMadness Trilogy\u02dd i druge kratke pri\u010de te su sve napisane na engleskom jeziku. Pri\u010de same po sebi naginju ka mra\u010dnoj strani i govore puno o \u017eivotu samog pisca i o njegovom razmi\u0161ljanju, pogledima na \u017eivot i doga\u0111anjima koja su vje\u0161to kamuflirana unutar zbivanja samih likova. Pri\u010de same po sebi slu\u017ee kao fiktivna biografija pisca i pokazuju njegov osobni razvoj te naposljetku razvoj kao ljudskog bi\u0107a.<\/p>\n<p>Orsat Stra\u017ei\u010di\u0107 was born 24.08.1988. in the town of Dubrovnik. He graduated at the University of Dubrovnik in the town of Dubrovnik. He studied electronics and maritime communication technologies. He lived as an agnostic and dedicated his life in finding balance and his stories and his way of life can attest to that. He never asked for much but always gave more than he could and thus spread the positive energy. He practiced Karate since he was seven years old and became a black belt master in 2007. He trained many over the course of time and participated in many martial arts competitions. After finishing school he worked as a bellboy, salesman and in the end as a night receptionist where he could use the silence of the night and give life to his stories. He was always a calm person with colorful imagination, he began his creative work in high school where he made his first fan art comic which has over 500 pages for his little brother and then in the span of 10 years wrote many other stories of his own. His inspiration came from writers such as Jules Verne, John Ronald Reuel Tolkien, Lewis Carroll, J. K. Rowling, Clive Staples Lewis, George R. R. Martin, Andrew Davidson and H. P. Lovecraft. He was an extra in the series Game of Thrones where one of the directors told him not to give up writing and to finish what he has started. He is the member of the organization<a href=\"https:\/\/www.facebook.com\/3DUPIOU.DUBROVNIK\/\" target=\"_blank\" rel=\"noopener noreferrer\"> Tri Dubrovkinje plus udruga pjesnika i ostalih umjetnosti <\/a>. The goal of the organization is to promote and encourage young artists in all aspects of art. His great passion is photography and drawing and he has presented over 10 000 works on the deviantart.com art page. He also used some of his own works as illustrations for his stories. He wrote thus far these titles \u02ddLegacy of Light and Darkness Trilogy\u02dd , \u02ddDream Story Trilogy\u02dd , \u02ddMadness Trilogy\u02dd and many other short stories and they are all in English. The stories themselves tend to lean to the dark side and speak a lot about the life of the writer himself and attest to his thoughts and views of the life and happenings in his life. All of that is skillfully camouflaged within the characters themselves as the stories themselves serve as a fictional biography of the writer and show his personal growth as a human being.<\/p>\n<p><strong>Link: :<\/strong> <a href=\"https:\/\/www.deviantart.com\/orsatursusactos\" target=\"_blank\" rel=\"noopener noreferrer\">https:\/\/www.deviantart.com\/orsatursusactos<\/a><\/p>\n<p><strong>Klju\u010dne rije\u010di: <\/strong>Dream story,\u00a0Horror story, Drama, Fantasy story, Adventure, Sword &amp; Magic, Supernatural, Novel, Screenplay, Illustrated novel, Roman, Pustolovina,\u00a0Mistika, Mystery story,\u00a0Fantazija;\u00a0\u00a0<\/p>\n<p><strong>E-mail:<\/strong>\u00a0 <a href=\"mailto:orso7ota@gmail.com\" target=\"_blank\" rel=\"noopener noreferrer\">Orsat Stra\u017ei\u010di\u0107\u00a0<\/a><\/p>\n<p>\u00a0<\/p>\n<p>\u00a0<\/p>\n<p><strong>Naslov Serijala: <\/strong>The Book of (\u0391)(\u028a)(\u03a9) Part 2.\u00a0<strong><br \/> Naslov Knjige:\u00a0 \u00a0 <\/strong>Dream Story Trilogy And Other Short Stories<br \/><strong>Autor:<\/strong> Orsat Stra\u017ei\u010di\u0107<br \/><strong>Broj stranica:<\/strong> 206<br \/><strong>Nakladnik:<\/strong> REDAK<br \/><strong>Godina izdanja:<\/strong>\u00a02019.<br \/><strong>ISBN:<\/strong> 978-953-336-634-0 (cjelina), 978-953-336-636-4<br \/><strong>Tisak:<\/strong> digitalni tisak knjiga &#8211; print na zahtjev<\/p>\n<p>\u00a0<\/p>\n<p style=\"text-align: justify;\"><strong>Kako naru\u010diti knjigu?\u00a0<\/strong>Proces online kupovine jednako funkcionira za sve kupce, s jedinom razlikom u tome \u0161to \u0161to kupci iz inozemstva za podru\u010dje dostave moraju odabrati &#8220;Europa&#8221; ili &#8220;Ostale zemlje svijeta&#8221;, a za vrstu pla\u0107anja WSPay (kreditna kartica) ili Virmanom (bankovni transfer).<\/p>\n<p style=\"text-align: justify;\">Molimo kliknite ovdje za\u00a0<a href=\"hr\/kako-kupovati\">detaljni vodi\u010d kroz proces narud\u017ebe<\/a>\u00a0ili nas\u00a0<a href=\"hr\/kontakt\">kontaktirajte<\/a>\u00a0za vi\u0161e informacija.<\/p>\n","protected":false},"excerpt":{"rendered":"<p>Sa\u017eetak: Ratnici i ratnice iz raznih svjetova bivaju zarobljeni u svijetu koji ne postoji i slu\u017ee kao pijuni u kozmi\u010dkoj igri \u0161aha. Taj svijet u kojem se odvija igra je jedan od ogranaka zemlje snova gdje misti\u010dni entiteti zabavu tra\u017ee na na\u010din da zagor\u010davaju \u017eivot svim sudionicima igre. Zarobljeni ratnici i ratnice moraju iskoristiti sva [&hellip;]<\/p>\n","protected":false},"featured_media":9174,"comment_status":"open","ping_status":"closed","template":"","meta":{"_acf_changed":false},"product_brand":[],"product_cat":[1383,1385],"product_tag":[],"class_list":{"0":"post-9173","1":"product","2":"type-product","3":"status-publish","4":"has-post-thumbnail","6":"product_cat-knjige","7":"product_cat-knjizevnost","8":"pa_autor-orsat-strazicic","9":"pa_nakladnik-redak","11":"first","12":"instock","13":"shipping-taxable","14":"purchasable","15":"product-type-simple"},"acf":[],"yoast_head":"<!-- This site is optimized with the Yoast SEO plugin v27.3 - https:\/\/yoast.com\/product\/yoast-seo-wordpress\/ -->\n<title>THE BOOK OF (\u0391)(\u01b1)(\u03a9) PART 2. DREAM STORY TRILOGY AND OTHER SHORT STORIES, ORSAT STRA\u017dI\u010cI\u0106 - Web-knji\u017eara<\/title>\n<meta name=\"robots\" content=\"index, follow, max-snippet:-1, max-image-preview:large, max-video-preview:-1\" \/>\n<link rel=\"canonical\" href=\"https:\/\/webknjizara.hr\/proizvod\/dream-story-trilogy-and-other-short-stories-orsat-strazicic\/\" \/>\n<meta property=\"og:locale\" content=\"en_US\" \/>\n<meta property=\"og:type\" content=\"article\" \/>\n<meta property=\"og:title\" content=\"THE BOOK OF (\u0391)(\u01b1)(\u03a9) PART 2. DREAM STORY TRILOGY AND OTHER SHORT STORIES, ORSAT STRA\u017dI\u010cI\u0106 - Web-knji\u017eara\" \/>\n<meta property=\"og:description\" content=\"Sa\u017eetak: Ratnici i ratnice iz raznih svjetova bivaju zarobljeni u svijetu koji ne postoji i slu\u017ee kao pijuni u kozmi\u010dkoj igri \u0161aha. Taj svijet u kojem se odvija igra je jedan od ogranaka zemlje snova gdje misti\u010dni entiteti zabavu tra\u017ee na na\u010din da zagor\u010davaju \u017eivot svim sudionicima igre. Zarobljeni ratnici i ratnice moraju iskoristiti sva [&hellip;]\" \/>\n<meta property=\"og:url\" content=\"https:\/\/webknjizara.hr\/proizvod\/dream-story-trilogy-and-other-short-stories-orsat-strazicic\/\" \/>\n<meta property=\"og:site_name\" content=\"Web-knji\u017eara\" \/>\n<meta property=\"article:modified_time\" content=\"2023-02-26T23:18:02+00:00\" \/>\n<meta property=\"og:image\" content=\"https:\/\/webknjizara.hr\/wp-content\/uploads\/nc\/images\/virtuemart\/product\/dream-story.jpg\" \/>\n\t<meta property=\"og:image:width\" content=\"300\" \/>\n\t<meta property=\"og:image:height\" content=\"419\" \/>\n\t<meta property=\"og:image:type\" content=\"image\/jpeg\" \/>\n<meta name=\"twitter:card\" content=\"summary_large_image\" \/>\n<meta name=\"twitter:label1\" content=\"Est. reading time\" \/>\n\t<meta name=\"twitter:data1\" content=\"6 minutes\" \/>\n<script type=\"application\/ld+json\" class=\"yoast-schema-graph\">{\"@context\":\"https:\\\/\\\/schema.org\",\"@graph\":[{\"@type\":\"WebPage\",\"@id\":\"https:\\\/\\\/webknjizara.hr\\\/proizvod\\\/dream-story-trilogy-and-other-short-stories-orsat-strazicic\\\/\",\"url\":\"https:\\\/\\\/webknjizara.hr\\\/proizvod\\\/dream-story-trilogy-and-other-short-stories-orsat-strazicic\\\/\",\"name\":\"THE BOOK OF (\u0391)(\u01b1)(\u03a9) PART 2. DREAM STORY TRILOGY AND OTHER SHORT STORIES, ORSAT STRA\u017dI\u010cI\u0106 - Web-knji\u017eara\",\"isPartOf\":{\"@id\":\"https:\\\/\\\/webknjizara.hr\\\/#website\"},\"primaryImageOfPage\":{\"@id\":\"https:\\\/\\\/webknjizara.hr\\\/proizvod\\\/dream-story-trilogy-and-other-short-stories-orsat-strazicic\\\/#primaryimage\"},\"image\":{\"@id\":\"https:\\\/\\\/webknjizara.hr\\\/proizvod\\\/dream-story-trilogy-and-other-short-stories-orsat-strazicic\\\/#primaryimage\"},\"thumbnailUrl\":\"https:\\\/\\\/webknjizara.hr\\\/wp-content\\\/uploads\\\/nc\\\/images\\\/virtuemart\\\/product\\\/dream-story.jpg\",\"datePublished\":\"2019-12-23T10:42:53+00:00\",\"dateModified\":\"2023-02-26T23:18:02+00:00\",\"breadcrumb\":{\"@id\":\"https:\\\/\\\/webknjizara.hr\\\/proizvod\\\/dream-story-trilogy-and-other-short-stories-orsat-strazicic\\\/#breadcrumb\"},\"inLanguage\":\"en-US\",\"potentialAction\":[{\"@type\":\"ReadAction\",\"target\":[\"https:\\\/\\\/webknjizara.hr\\\/proizvod\\\/dream-story-trilogy-and-other-short-stories-orsat-strazicic\\\/\"]}]},{\"@type\":\"ImageObject\",\"inLanguage\":\"en-US\",\"@id\":\"https:\\\/\\\/webknjizara.hr\\\/proizvod\\\/dream-story-trilogy-and-other-short-stories-orsat-strazicic\\\/#primaryimage\",\"url\":\"https:\\\/\\\/webknjizara.hr\\\/wp-content\\\/uploads\\\/nc\\\/images\\\/virtuemart\\\/product\\\/dream-story.jpg\",\"contentUrl\":\"https:\\\/\\\/webknjizara.hr\\\/wp-content\\\/uploads\\\/nc\\\/images\\\/virtuemart\\\/product\\\/dream-story.jpg\",\"width\":300,\"height\":419,\"caption\":\"THE BOOK OF (\u0391)(\u01b1)(\u03a9) PART 2. DREAM STORY TRILOGY AND OTHER SHORT STORIES, ORSAT STRA\u017dI\u010cI\u0106\"},{\"@type\":\"BreadcrumbList\",\"@id\":\"https:\\\/\\\/webknjizara.hr\\\/proizvod\\\/dream-story-trilogy-and-other-short-stories-orsat-strazicic\\\/#breadcrumb\",\"itemListElement\":[{\"@type\":\"ListItem\",\"position\":1,\"name\":\"Po\u010detna stranica\",\"item\":\"https:\\\/\\\/webknjizara.hr\\\/en\\\/\"},{\"@type\":\"ListItem\",\"position\":2,\"name\":\"Shop\",\"item\":\"https:\\\/\\\/webknjizara.hr\\\/shop\\\/\"},{\"@type\":\"ListItem\",\"position\":3,\"name\":\"THE BOOK OF (\u0391)(\u01b1)(\u03a9) PART 2. DREAM STORY TRILOGY AND OTHER SHORT STORIES, ORSAT STRA\u017dI\u010cI\u0106\"}]},{\"@type\":\"WebSite\",\"@id\":\"https:\\\/\\\/webknjizara.hr\\\/#website\",\"url\":\"https:\\\/\\\/webknjizara.hr\\\/\",\"name\":\"Web Knji\u017eara\",\"description\":\"\",\"publisher\":{\"@id\":\"https:\\\/\\\/webknjizara.hr\\\/#organization\"},\"potentialAction\":[{\"@type\":\"SearchAction\",\"target\":{\"@type\":\"EntryPoint\",\"urlTemplate\":\"https:\\\/\\\/webknjizara.hr\\\/?s={search_term_string}\"},\"query-input\":{\"@type\":\"PropertyValueSpecification\",\"valueRequired\":true,\"valueName\":\"search_term_string\"}}],\"inLanguage\":\"en-US\"},{\"@type\":\"Organization\",\"@id\":\"https:\\\/\\\/webknjizara.hr\\\/#organization\",\"name\":\"REDAK D.O.O.\",\"url\":\"https:\\\/\\\/webknjizara.hr\\\/\",\"logo\":{\"@type\":\"ImageObject\",\"inLanguage\":\"en-US\",\"@id\":\"https:\\\/\\\/webknjizara.hr\\\/#\\\/schema\\\/logo\\\/image\\\/\",\"url\":\"https:\\\/\\\/webknjizara.hr\\\/wp-content\\\/uploads\\\/2023\\\/01\\\/web-knjizara-logo.webp\",\"contentUrl\":\"https:\\\/\\\/webknjizara.hr\\\/wp-content\\\/uploads\\\/2023\\\/01\\\/web-knjizara-logo.webp\",\"width\":324,\"height\":79,\"caption\":\"REDAK D.O.O.\"},\"image\":{\"@id\":\"https:\\\/\\\/webknjizara.hr\\\/#\\\/schema\\\/logo\\\/image\\\/\"}}]}<\/script>\n<!-- \/ Yoast SEO plugin. -->","yoast_head_json":{"title":"THE BOOK OF (\u0391)(\u01b1)(\u03a9) PART 2. DREAM STORY TRILOGY AND OTHER SHORT STORIES, ORSAT STRA\u017dI\u010cI\u0106 - Web-knji\u017eara","robots":{"index":"index","follow":"follow","max-snippet":"max-snippet:-1","max-image-preview":"max-image-preview:large","max-video-preview":"max-video-preview:-1"},"canonical":"https:\/\/webknjizara.hr\/proizvod\/dream-story-trilogy-and-other-short-stories-orsat-strazicic\/","og_locale":"en_US","og_type":"article","og_title":"THE BOOK OF (\u0391)(\u01b1)(\u03a9) PART 2. DREAM STORY TRILOGY AND OTHER SHORT STORIES, ORSAT STRA\u017dI\u010cI\u0106 - Web-knji\u017eara","og_description":"Sa\u017eetak: Ratnici i ratnice iz raznih svjetova bivaju zarobljeni u svijetu koji ne postoji i slu\u017ee kao pijuni u kozmi\u010dkoj igri \u0161aha. Taj svijet u kojem se odvija igra je jedan od ogranaka zemlje snova gdje misti\u010dni entiteti zabavu tra\u017ee na na\u010din da zagor\u010davaju \u017eivot svim sudionicima igre. Zarobljeni ratnici i ratnice moraju iskoristiti sva [&hellip;]","og_url":"https:\/\/webknjizara.hr\/proizvod\/dream-story-trilogy-and-other-short-stories-orsat-strazicic\/","og_site_name":"Web-knji\u017eara","article_modified_time":"2023-02-26T23:18:02+00:00","og_image":[{"width":300,"height":419,"url":"https:\/\/webknjizara.hr\/wp-content\/uploads\/nc\/images\/virtuemart\/product\/dream-story.jpg","type":"image\/jpeg"}],"twitter_card":"summary_large_image","twitter_misc":{"Est. reading time":"6 minutes"},"schema":{"@context":"https:\/\/schema.org","@graph":[{"@type":"WebPage","@id":"https:\/\/webknjizara.hr\/proizvod\/dream-story-trilogy-and-other-short-stories-orsat-strazicic\/","url":"https:\/\/webknjizara.hr\/proizvod\/dream-story-trilogy-and-other-short-stories-orsat-strazicic\/","name":"THE BOOK OF (\u0391)(\u01b1)(\u03a9) PART 2. DREAM STORY TRILOGY AND OTHER SHORT STORIES, ORSAT STRA\u017dI\u010cI\u0106 - Web-knji\u017eara","isPartOf":{"@id":"https:\/\/webknjizara.hr\/#website"},"primaryImageOfPage":{"@id":"https:\/\/webknjizara.hr\/proizvod\/dream-story-trilogy-and-other-short-stories-orsat-strazicic\/#primaryimage"},"image":{"@id":"https:\/\/webknjizara.hr\/proizvod\/dream-story-trilogy-and-other-short-stories-orsat-strazicic\/#primaryimage"},"thumbnailUrl":"https:\/\/webknjizara.hr\/wp-content\/uploads\/nc\/images\/virtuemart\/product\/dream-story.jpg","datePublished":"2019-12-23T10:42:53+00:00","dateModified":"2023-02-26T23:18:02+00:00","breadcrumb":{"@id":"https:\/\/webknjizara.hr\/proizvod\/dream-story-trilogy-and-other-short-stories-orsat-strazicic\/#breadcrumb"},"inLanguage":"en-US","potentialAction":[{"@type":"ReadAction","target":["https:\/\/webknjizara.hr\/proizvod\/dream-story-trilogy-and-other-short-stories-orsat-strazicic\/"]}]},{"@type":"ImageObject","inLanguage":"en-US","@id":"https:\/\/webknjizara.hr\/proizvod\/dream-story-trilogy-and-other-short-stories-orsat-strazicic\/#primaryimage","url":"https:\/\/webknjizara.hr\/wp-content\/uploads\/nc\/images\/virtuemart\/product\/dream-story.jpg","contentUrl":"https:\/\/webknjizara.hr\/wp-content\/uploads\/nc\/images\/virtuemart\/product\/dream-story.jpg","width":300,"height":419,"caption":"THE BOOK OF (\u0391)(\u01b1)(\u03a9) PART 2. DREAM STORY TRILOGY AND OTHER SHORT STORIES, ORSAT STRA\u017dI\u010cI\u0106"},{"@type":"BreadcrumbList","@id":"https:\/\/webknjizara.hr\/proizvod\/dream-story-trilogy-and-other-short-stories-orsat-strazicic\/#breadcrumb","itemListElement":[{"@type":"ListItem","position":1,"name":"Po\u010detna stranica","item":"https:\/\/webknjizara.hr\/en\/"},{"@type":"ListItem","position":2,"name":"Shop","item":"https:\/\/webknjizara.hr\/shop\/"},{"@type":"ListItem","position":3,"name":"THE BOOK OF (\u0391)(\u01b1)(\u03a9) PART 2. DREAM STORY TRILOGY AND OTHER SHORT STORIES, ORSAT STRA\u017dI\u010cI\u0106"}]},{"@type":"WebSite","@id":"https:\/\/webknjizara.hr\/#website","url":"https:\/\/webknjizara.hr\/","name":"Web Knji\u017eara","description":"","publisher":{"@id":"https:\/\/webknjizara.hr\/#organization"},"potentialAction":[{"@type":"SearchAction","target":{"@type":"EntryPoint","urlTemplate":"https:\/\/webknjizara.hr\/?s={search_term_string}"},"query-input":{"@type":"PropertyValueSpecification","valueRequired":true,"valueName":"search_term_string"}}],"inLanguage":"en-US"},{"@type":"Organization","@id":"https:\/\/webknjizara.hr\/#organization","name":"REDAK D.O.O.","url":"https:\/\/webknjizara.hr\/","logo":{"@type":"ImageObject","inLanguage":"en-US","@id":"https:\/\/webknjizara.hr\/#\/schema\/logo\/image\/","url":"https:\/\/webknjizara.hr\/wp-content\/uploads\/2023\/01\/web-knjizara-logo.webp","contentUrl":"https:\/\/webknjizara.hr\/wp-content\/uploads\/2023\/01\/web-knjizara-logo.webp","width":324,"height":79,"caption":"REDAK D.O.O."},"image":{"@id":"https:\/\/webknjizara.hr\/#\/schema\/logo\/image\/"}}]}},"_links":{"self":[{"href":"https:\/\/webknjizara.hr\/en\/wp-json\/wp\/v2\/product\/9173","targetHints":{"allow":["GET"]}}],"collection":[{"href":"https:\/\/webknjizara.hr\/en\/wp-json\/wp\/v2\/product"}],"about":[{"href":"https:\/\/webknjizara.hr\/en\/wp-json\/wp\/v2\/types\/product"}],"replies":[{"embeddable":true,"href":"https:\/\/webknjizara.hr\/en\/wp-json\/wp\/v2\/comments?post=9173"}],"wp:featuredmedia":[{"embeddable":true,"href":"https:\/\/webknjizara.hr\/en\/wp-json\/wp\/v2\/media\/9174"}],"wp:attachment":[{"href":"https:\/\/webknjizara.hr\/en\/wp-json\/wp\/v2\/media?parent=9173"}],"wp:term":[{"taxonomy":"product_brand","embeddable":true,"href":"https:\/\/webknjizara.hr\/en\/wp-json\/wp\/v2\/product_brand?post=9173"},{"taxonomy":"product_cat","embeddable":true,"href":"https:\/\/webknjizara.hr\/en\/wp-json\/wp\/v2\/product_cat?post=9173"},{"taxonomy":"product_tag","embeddable":true,"href":"https:\/\/webknjizara.hr\/en\/wp-json\/wp\/v2\/product_tag?post=9173"}],"curies":[{"name":"wp","href":"https:\/\/api.w.org\/{rel}","templated":true}]}}