{"id":9169,"date":"2019-12-17T17:24:44","date_gmt":"2019-12-17T17:24:44","guid":{"rendered":"https:\/\/webknjizara.hr\/?product=besana-noc-u-sumi-igrokazi-za-citanje-i-izvodenje-carmen-krzak"},"modified":"2023-02-27T00:18:01","modified_gmt":"2023-02-26T23:18:01","slug":"besana-noc-u-sumi-igrokazi-za-citanje-i-izvodenje-carmen-krzak","status":"publish","type":"product","link":"https:\/\/webknjizara.hr\/en\/proizvod\/besana-noc-u-sumi-igrokazi-za-citanje-i-izvodenje-carmen-krzak\/","title":{"rendered":"BESANA NO\u0106 U \u0160UMI &#8211; igrokazi za \u010ditanje i izvo\u0111enje, Carmen Kr\u017eak"},"content":{"rendered":"<p><strong>Sa\u017eetak:<\/strong><\/p>\n<p>Igrokazi za pred\u0161kolski i \u0161kolski uzrast<\/p>\n<p><strong>Bilje\u0161ka o autoru\/autorici:<\/strong><\/p>\n<p>Carmen Kr\u017eak ro\u0111ena je 1969. g. u S R Njema\u010dkoj. Diplomirala je povijest umjetnosti i komparativnu knji\u017eevnost na Filozofskom fakultetu u Zagrebu. Udana je, ima dvoje djece, Saru i Frana, koji su joj najve\u0107a inspiracija i poticaj za pisanje. Pi\u0161e od malih nogu, a nakon studija povremeno objavljuje u \u010dasopisima za djecu (Profil, \u0160K), te sura\u0111uje s osnovnom \u0161kolom u Oroslavju. Igrokaz <em>Tajne za\u010daranog dvorca uprizoren<\/em> je na Lidranu 2014. g. u Oroslavju i Krapini. Godine 2015. g. osvojila nagradu za kajkavsku komediju <em>Zagorske \u0161opingholi\u010darke<\/em> koju je uprizorilo Amatersko dramsko kazali\u0161te Sveti Kri\u017e Za\u010dretje. Pjesma<em> Kosec<\/em> uvr\u0161tena je u Zbornik pjesama s Recitala kajkavske poezije 2016. g. Radiodrama &#8220;Besana no\u0107 u \u0161umi&#8221; izvedena je 2018. g. na HRT-u 1 u emisiji \u201ePri\u010de za laku no\u0107\u201d.<br \/>Povremeno pi\u0161e kratke pri\u010de \u201eza velike\u201d u \u010dasopisima Otvoreno more, Burza nautike i Ja trgovac. Pri\u010dom <em>Ovisnost o barci<\/em> 2011. g. osvojila je prvu nagradu \u010dasopisa Otvoreno more. Ljubiteljica je \u017eivotinja i prirode.<\/p>\n<p><strong>Klju\u010dne rije\u010di:<\/strong> ki\u0161obran, kap, ki\u0161a, masla\u010dak, livada, put, sunce, boja, duga, sre\u0107a, tuga, \u0161etnja, prolje\u0107e, cvije\u0107e, masla\u010dak, livada, putovanje, let, dimnjak, dimnja\u010dar, vila, vatra, sv. Nikola, Djed Bo\u017ei\u0107njak, kolijevka, poklon, zlatno dugme, gumb, Crvenkapica, vuk, bakica, mama, \u0161uma, staza, ko\u0161ara, roda, lisica, zec, lovac, za\u010darani dvorac, dvorjani, duhovi, kralj, metloboj, istjeriva\u010di duhova, kralj, kraljica, majka, \u010darobnjak Merlin, pas, nju\u0161ka, kost, predstava, glumci, je\u017e, vjeverica, ljubav, vjen\u010danje, medvjed, sova, \u0161umske \u017eivotinje, zubobolja, prijateljstvo, vjera, nada, suosje\u0107anje.<\/p>\n<p><strong>E-mail:<\/strong> <a href=\"mailto:carmen.krzak@gmail.com\" target=\"_blank\" rel=\"noopener noreferrer\">Carmen Kr\u017eak<\/a><\/p>\n<p><strong>Naslov:<\/strong> Besana no\u0107 u \u0161umi \u2013 igrokazi za \u010ditanje i izvo\u0111enje<br \/><strong>Autor:<\/strong> Carmen Kr\u017eak<br \/><strong>Broj stranica:<\/strong> 74<br \/><strong>Nakladnik:<\/strong> REDAK<br \/><strong>Godina izdanja:<\/strong> 2019 .<br \/><strong>ISBN:<\/strong> 978-953-336-621-0<\/p>\n<p><strong>Tisak:<\/strong> digitalni tisak knjiga &#8211; print na zahtjev<\/p>\n<p>\u00a0<\/p>\n<p style=\"text-align: justify;\"><strong>Kako naru\u010diti knjigu?\u00a0<\/strong>Proces online kupovine jednako funkcionira za sve kupce, s jedinom razlikom u tome \u0161to \u0161to kupci iz inozemstva za podru\u010dje dostave moraju odabrati &#8220;Europa&#8221; ili &#8220;Ostale zemlje svijeta&#8221;, a za vrstu pla\u0107anja WSPay (kreditna kartica) ili Virmanom (bankovni transfer).<\/p>\n<p style=\"text-align: justify;\">Molimo kliknite ovdje za\u00a0<a href=\"hr\/kako-kupovati\">detaljni vodi\u010d kroz proces narud\u017ebe<\/a>\u00a0ili nas\u00a0<a href=\"hr\/kontakt\">kontaktirajte<\/a>\u00a0za vi\u0161e informacija.<\/p>\n","protected":false},"excerpt":{"rendered":"<p>Sa\u017eetak: Igrokazi za pred\u0161kolski i \u0161kolski uzrast Bilje\u0161ka o autoru\/autorici: Carmen Kr\u017eak ro\u0111ena je 1969. g. u S R Njema\u010dkoj. Diplomirala je povijest umjetnosti i komparativnu knji\u017eevnost na Filozofskom fakultetu u Zagrebu. Udana je, ima dvoje djece, Saru i Frana, koji su joj najve\u0107a inspiracija i poticaj za pisanje. Pi\u0161e od malih nogu, a nakon [&hellip;]<\/p>\n","protected":false},"featured_media":9170,"comment_status":"open","ping_status":"closed","template":"","meta":{"_acf_changed":false},"product_brand":[],"product_cat":[1383,1385],"product_tag":[],"class_list":{"0":"post-9169","1":"product","2":"type-product","3":"status-publish","4":"has-post-thumbnail","6":"product_cat-knjige","7":"product_cat-knjizevnost","8":"pa_nakladnik-redak","10":"first","11":"instock","12":"shipping-taxable","13":"purchasable","14":"product-type-simple"},"acf":[],"yoast_head":"<!-- This site is optimized with the Yoast SEO plugin v27.3 - https:\/\/yoast.com\/product\/yoast-seo-wordpress\/ -->\n<title>BESANA NO\u0106 U \u0160UMI - igrokazi za \u010ditanje i izvo\u0111enje, Carmen Kr\u017eak - Web-knji\u017eara<\/title>\n<meta name=\"robots\" content=\"index, follow, max-snippet:-1, max-image-preview:large, max-video-preview:-1\" \/>\n<link rel=\"canonical\" href=\"https:\/\/webknjizara.hr\/proizvod\/besana-noc-u-sumi-igrokazi-za-citanje-i-izvodenje-carmen-krzak\/\" \/>\n<meta property=\"og:locale\" content=\"en_US\" \/>\n<meta property=\"og:type\" content=\"article\" \/>\n<meta property=\"og:title\" content=\"BESANA NO\u0106 U \u0160UMI - igrokazi za \u010ditanje i izvo\u0111enje, Carmen Kr\u017eak - Web-knji\u017eara\" \/>\n<meta property=\"og:description\" content=\"Sa\u017eetak: Igrokazi za pred\u0161kolski i \u0161kolski uzrast Bilje\u0161ka o autoru\/autorici: Carmen Kr\u017eak ro\u0111ena je 1969. g. u S R Njema\u010dkoj. Diplomirala je povijest umjetnosti i komparativnu knji\u017eevnost na Filozofskom fakultetu u Zagrebu. Udana je, ima dvoje djece, Saru i Frana, koji su joj najve\u0107a inspiracija i poticaj za pisanje. Pi\u0161e od malih nogu, a nakon [&hellip;]\" \/>\n<meta property=\"og:url\" content=\"https:\/\/webknjizara.hr\/proizvod\/besana-noc-u-sumi-igrokazi-za-citanje-i-izvodenje-carmen-krzak\/\" \/>\n<meta property=\"og:site_name\" content=\"Web-knji\u017eara\" \/>\n<meta property=\"article:modified_time\" content=\"2023-02-26T23:18:01+00:00\" \/>\n<meta property=\"og:image\" content=\"https:\/\/webknjizara.hr\/wp-content\/uploads\/nc\/images\/virtuemart\/product\/besana-noc-u-sumi.jpg\" \/>\n\t<meta property=\"og:image:width\" content=\"300\" \/>\n\t<meta property=\"og:image:height\" content=\"419\" \/>\n\t<meta property=\"og:image:type\" content=\"image\/jpeg\" \/>\n<meta name=\"twitter:card\" content=\"summary_large_image\" \/>\n<meta name=\"twitter:label1\" content=\"Est. reading time\" \/>\n\t<meta name=\"twitter:data1\" content=\"2 minutes\" \/>\n<script type=\"application\/ld+json\" class=\"yoast-schema-graph\">{\"@context\":\"https:\\\/\\\/schema.org\",\"@graph\":[{\"@type\":\"WebPage\",\"@id\":\"https:\\\/\\\/webknjizara.hr\\\/proizvod\\\/besana-noc-u-sumi-igrokazi-za-citanje-i-izvodenje-carmen-krzak\\\/\",\"url\":\"https:\\\/\\\/webknjizara.hr\\\/proizvod\\\/besana-noc-u-sumi-igrokazi-za-citanje-i-izvodenje-carmen-krzak\\\/\",\"name\":\"BESANA NO\u0106 U \u0160UMI - igrokazi za \u010ditanje i izvo\u0111enje, Carmen Kr\u017eak - Web-knji\u017eara\",\"isPartOf\":{\"@id\":\"https:\\\/\\\/webknjizara.hr\\\/#website\"},\"primaryImageOfPage\":{\"@id\":\"https:\\\/\\\/webknjizara.hr\\\/proizvod\\\/besana-noc-u-sumi-igrokazi-za-citanje-i-izvodenje-carmen-krzak\\\/#primaryimage\"},\"image\":{\"@id\":\"https:\\\/\\\/webknjizara.hr\\\/proizvod\\\/besana-noc-u-sumi-igrokazi-za-citanje-i-izvodenje-carmen-krzak\\\/#primaryimage\"},\"thumbnailUrl\":\"https:\\\/\\\/webknjizara.hr\\\/wp-content\\\/uploads\\\/nc\\\/images\\\/virtuemart\\\/product\\\/besana-noc-u-sumi.jpg\",\"datePublished\":\"2019-12-17T17:24:44+00:00\",\"dateModified\":\"2023-02-26T23:18:01+00:00\",\"breadcrumb\":{\"@id\":\"https:\\\/\\\/webknjizara.hr\\\/proizvod\\\/besana-noc-u-sumi-igrokazi-za-citanje-i-izvodenje-carmen-krzak\\\/#breadcrumb\"},\"inLanguage\":\"en-US\",\"potentialAction\":[{\"@type\":\"ReadAction\",\"target\":[\"https:\\\/\\\/webknjizara.hr\\\/proizvod\\\/besana-noc-u-sumi-igrokazi-za-citanje-i-izvodenje-carmen-krzak\\\/\"]}]},{\"@type\":\"ImageObject\",\"inLanguage\":\"en-US\",\"@id\":\"https:\\\/\\\/webknjizara.hr\\\/proizvod\\\/besana-noc-u-sumi-igrokazi-za-citanje-i-izvodenje-carmen-krzak\\\/#primaryimage\",\"url\":\"https:\\\/\\\/webknjizara.hr\\\/wp-content\\\/uploads\\\/nc\\\/images\\\/virtuemart\\\/product\\\/besana-noc-u-sumi.jpg\",\"contentUrl\":\"https:\\\/\\\/webknjizara.hr\\\/wp-content\\\/uploads\\\/nc\\\/images\\\/virtuemart\\\/product\\\/besana-noc-u-sumi.jpg\",\"width\":300,\"height\":419,\"caption\":\"BESANA NO\u0106 U \u0160UMI - igrokazi za \u010ditanje i izvo\u0111enje, Carmen Kr\u017eak\"},{\"@type\":\"BreadcrumbList\",\"@id\":\"https:\\\/\\\/webknjizara.hr\\\/proizvod\\\/besana-noc-u-sumi-igrokazi-za-citanje-i-izvodenje-carmen-krzak\\\/#breadcrumb\",\"itemListElement\":[{\"@type\":\"ListItem\",\"position\":1,\"name\":\"Po\u010detna stranica\",\"item\":\"https:\\\/\\\/webknjizara.hr\\\/en\\\/\"},{\"@type\":\"ListItem\",\"position\":2,\"name\":\"Shop\",\"item\":\"https:\\\/\\\/webknjizara.hr\\\/shop\\\/\"},{\"@type\":\"ListItem\",\"position\":3,\"name\":\"BESANA NO\u0106 U \u0160UMI &#8211; igrokazi za \u010ditanje i izvo\u0111enje, Carmen Kr\u017eak\"}]},{\"@type\":\"WebSite\",\"@id\":\"https:\\\/\\\/webknjizara.hr\\\/#website\",\"url\":\"https:\\\/\\\/webknjizara.hr\\\/\",\"name\":\"Web Knji\u017eara\",\"description\":\"\",\"publisher\":{\"@id\":\"https:\\\/\\\/webknjizara.hr\\\/#organization\"},\"potentialAction\":[{\"@type\":\"SearchAction\",\"target\":{\"@type\":\"EntryPoint\",\"urlTemplate\":\"https:\\\/\\\/webknjizara.hr\\\/?s={search_term_string}\"},\"query-input\":{\"@type\":\"PropertyValueSpecification\",\"valueRequired\":true,\"valueName\":\"search_term_string\"}}],\"inLanguage\":\"en-US\"},{\"@type\":\"Organization\",\"@id\":\"https:\\\/\\\/webknjizara.hr\\\/#organization\",\"name\":\"REDAK D.O.O.\",\"url\":\"https:\\\/\\\/webknjizara.hr\\\/\",\"logo\":{\"@type\":\"ImageObject\",\"inLanguage\":\"en-US\",\"@id\":\"https:\\\/\\\/webknjizara.hr\\\/#\\\/schema\\\/logo\\\/image\\\/\",\"url\":\"https:\\\/\\\/webknjizara.hr\\\/wp-content\\\/uploads\\\/2023\\\/01\\\/web-knjizara-logo.webp\",\"contentUrl\":\"https:\\\/\\\/webknjizara.hr\\\/wp-content\\\/uploads\\\/2023\\\/01\\\/web-knjizara-logo.webp\",\"width\":324,\"height\":79,\"caption\":\"REDAK D.O.O.\"},\"image\":{\"@id\":\"https:\\\/\\\/webknjizara.hr\\\/#\\\/schema\\\/logo\\\/image\\\/\"}}]}<\/script>\n<!-- \/ Yoast SEO plugin. -->","yoast_head_json":{"title":"BESANA NO\u0106 U \u0160UMI - igrokazi za \u010ditanje i izvo\u0111enje, Carmen Kr\u017eak - Web-knji\u017eara","robots":{"index":"index","follow":"follow","max-snippet":"max-snippet:-1","max-image-preview":"max-image-preview:large","max-video-preview":"max-video-preview:-1"},"canonical":"https:\/\/webknjizara.hr\/proizvod\/besana-noc-u-sumi-igrokazi-za-citanje-i-izvodenje-carmen-krzak\/","og_locale":"en_US","og_type":"article","og_title":"BESANA NO\u0106 U \u0160UMI - igrokazi za \u010ditanje i izvo\u0111enje, Carmen Kr\u017eak - Web-knji\u017eara","og_description":"Sa\u017eetak: Igrokazi za pred\u0161kolski i \u0161kolski uzrast Bilje\u0161ka o autoru\/autorici: Carmen Kr\u017eak ro\u0111ena je 1969. g. u S R Njema\u010dkoj. Diplomirala je povijest umjetnosti i komparativnu knji\u017eevnost na Filozofskom fakultetu u Zagrebu. Udana je, ima dvoje djece, Saru i Frana, koji su joj najve\u0107a inspiracija i poticaj za pisanje. Pi\u0161e od malih nogu, a nakon [&hellip;]","og_url":"https:\/\/webknjizara.hr\/proizvod\/besana-noc-u-sumi-igrokazi-za-citanje-i-izvodenje-carmen-krzak\/","og_site_name":"Web-knji\u017eara","article_modified_time":"2023-02-26T23:18:01+00:00","og_image":[{"width":300,"height":419,"url":"https:\/\/webknjizara.hr\/wp-content\/uploads\/nc\/images\/virtuemart\/product\/besana-noc-u-sumi.jpg","type":"image\/jpeg"}],"twitter_card":"summary_large_image","twitter_misc":{"Est. reading time":"2 minutes"},"schema":{"@context":"https:\/\/schema.org","@graph":[{"@type":"WebPage","@id":"https:\/\/webknjizara.hr\/proizvod\/besana-noc-u-sumi-igrokazi-za-citanje-i-izvodenje-carmen-krzak\/","url":"https:\/\/webknjizara.hr\/proizvod\/besana-noc-u-sumi-igrokazi-za-citanje-i-izvodenje-carmen-krzak\/","name":"BESANA NO\u0106 U \u0160UMI - igrokazi za \u010ditanje i izvo\u0111enje, Carmen Kr\u017eak - Web-knji\u017eara","isPartOf":{"@id":"https:\/\/webknjizara.hr\/#website"},"primaryImageOfPage":{"@id":"https:\/\/webknjizara.hr\/proizvod\/besana-noc-u-sumi-igrokazi-za-citanje-i-izvodenje-carmen-krzak\/#primaryimage"},"image":{"@id":"https:\/\/webknjizara.hr\/proizvod\/besana-noc-u-sumi-igrokazi-za-citanje-i-izvodenje-carmen-krzak\/#primaryimage"},"thumbnailUrl":"https:\/\/webknjizara.hr\/wp-content\/uploads\/nc\/images\/virtuemart\/product\/besana-noc-u-sumi.jpg","datePublished":"2019-12-17T17:24:44+00:00","dateModified":"2023-02-26T23:18:01+00:00","breadcrumb":{"@id":"https:\/\/webknjizara.hr\/proizvod\/besana-noc-u-sumi-igrokazi-za-citanje-i-izvodenje-carmen-krzak\/#breadcrumb"},"inLanguage":"en-US","potentialAction":[{"@type":"ReadAction","target":["https:\/\/webknjizara.hr\/proizvod\/besana-noc-u-sumi-igrokazi-za-citanje-i-izvodenje-carmen-krzak\/"]}]},{"@type":"ImageObject","inLanguage":"en-US","@id":"https:\/\/webknjizara.hr\/proizvod\/besana-noc-u-sumi-igrokazi-za-citanje-i-izvodenje-carmen-krzak\/#primaryimage","url":"https:\/\/webknjizara.hr\/wp-content\/uploads\/nc\/images\/virtuemart\/product\/besana-noc-u-sumi.jpg","contentUrl":"https:\/\/webknjizara.hr\/wp-content\/uploads\/nc\/images\/virtuemart\/product\/besana-noc-u-sumi.jpg","width":300,"height":419,"caption":"BESANA NO\u0106 U \u0160UMI - igrokazi za \u010ditanje i izvo\u0111enje, Carmen Kr\u017eak"},{"@type":"BreadcrumbList","@id":"https:\/\/webknjizara.hr\/proizvod\/besana-noc-u-sumi-igrokazi-za-citanje-i-izvodenje-carmen-krzak\/#breadcrumb","itemListElement":[{"@type":"ListItem","position":1,"name":"Po\u010detna stranica","item":"https:\/\/webknjizara.hr\/en\/"},{"@type":"ListItem","position":2,"name":"Shop","item":"https:\/\/webknjizara.hr\/shop\/"},{"@type":"ListItem","position":3,"name":"BESANA NO\u0106 U \u0160UMI &#8211; igrokazi za \u010ditanje i izvo\u0111enje, Carmen Kr\u017eak"}]},{"@type":"WebSite","@id":"https:\/\/webknjizara.hr\/#website","url":"https:\/\/webknjizara.hr\/","name":"Web Knji\u017eara","description":"","publisher":{"@id":"https:\/\/webknjizara.hr\/#organization"},"potentialAction":[{"@type":"SearchAction","target":{"@type":"EntryPoint","urlTemplate":"https:\/\/webknjizara.hr\/?s={search_term_string}"},"query-input":{"@type":"PropertyValueSpecification","valueRequired":true,"valueName":"search_term_string"}}],"inLanguage":"en-US"},{"@type":"Organization","@id":"https:\/\/webknjizara.hr\/#organization","name":"REDAK D.O.O.","url":"https:\/\/webknjizara.hr\/","logo":{"@type":"ImageObject","inLanguage":"en-US","@id":"https:\/\/webknjizara.hr\/#\/schema\/logo\/image\/","url":"https:\/\/webknjizara.hr\/wp-content\/uploads\/2023\/01\/web-knjizara-logo.webp","contentUrl":"https:\/\/webknjizara.hr\/wp-content\/uploads\/2023\/01\/web-knjizara-logo.webp","width":324,"height":79,"caption":"REDAK D.O.O."},"image":{"@id":"https:\/\/webknjizara.hr\/#\/schema\/logo\/image\/"}}]}},"_links":{"self":[{"href":"https:\/\/webknjizara.hr\/en\/wp-json\/wp\/v2\/product\/9169","targetHints":{"allow":["GET"]}}],"collection":[{"href":"https:\/\/webknjizara.hr\/en\/wp-json\/wp\/v2\/product"}],"about":[{"href":"https:\/\/webknjizara.hr\/en\/wp-json\/wp\/v2\/types\/product"}],"replies":[{"embeddable":true,"href":"https:\/\/webknjizara.hr\/en\/wp-json\/wp\/v2\/comments?post=9169"}],"wp:featuredmedia":[{"embeddable":true,"href":"https:\/\/webknjizara.hr\/en\/wp-json\/wp\/v2\/media\/9170"}],"wp:attachment":[{"href":"https:\/\/webknjizara.hr\/en\/wp-json\/wp\/v2\/media?parent=9169"}],"wp:term":[{"taxonomy":"product_brand","embeddable":true,"href":"https:\/\/webknjizara.hr\/en\/wp-json\/wp\/v2\/product_brand?post=9169"},{"taxonomy":"product_cat","embeddable":true,"href":"https:\/\/webknjizara.hr\/en\/wp-json\/wp\/v2\/product_cat?post=9169"},{"taxonomy":"product_tag","embeddable":true,"href":"https:\/\/webknjizara.hr\/en\/wp-json\/wp\/v2\/product_tag?post=9169"}],"curies":[{"name":"wp","href":"https:\/\/api.w.org\/{rel}","templated":true}]}}