{"id":9167,"date":"2019-12-13T14:57:52","date_gmt":"2019-12-13T14:57:52","guid":{"rendered":"https:\/\/webknjizara.hr\/?product=obiteljska-prezimena-i-nadimci-vranjicana-sandra-buric-matas"},"modified":"2023-02-27T00:18:01","modified_gmt":"2023-02-26T23:18:01","slug":"obiteljska-prezimena-i-nadimci-vranjicana-sandra-buric-matas","status":"publish","type":"product","link":"https:\/\/webknjizara.hr\/en\/proizvod\/obiteljska-prezimena-i-nadimci-vranjicana-sandra-buric-matas\/","title":{"rendered":"OBITELJSKA PREZIMENA I NADIMCI VRANJI\u010cANA, Sandra Buri\u0107 Matas"},"content":{"rendered":"<p><strong>Sa\u017eetak:<\/strong><\/p>\n<p>U radu su zapisana i obja\u0161njena obiteljska prezimena te osobni i obiteljski nadimci u Vranjicu nedaleko od Splita. Korpus prezimena i nadimaka je prikupljen izravnim terenskim istra\u017eivanjem i prou\u010davanjem postoje\u0107e literature koja donosi informacije o vranji\u010dkim prezimenima. Prezimena su prikazana etimologijski i potkrijepljena su povijesnim \u010dinjenicama o njihovoj prisutnosti u Vranjicu. Provedena je i analiza prezimena s obzirom na motivaciju, odnosno s obzirom na \u010detiri temeljna pitanja na koja prezime mo\u017ee odgovarati (\u201e\u010diji si?\u201d, \u201ekakav si?\u201d, \u201eotkud si?\u201d i \u201e\u0161to si?\u201d). Obje vrste nadimaka su u radu prikazani i etimologijski, i potrkrijepljeni povijesnim \u010dinjenicama, ali i opisani. Nadimci su obja\u0161njeni s dva stajali\u0161ta: zna\u010denjskim (motivacijskim) i jezi\u010dnim (tvorbenim). Oba se stajali\u0161ta ispreple\u0107u te je pri analizi nadimaka, zbog ve\u0107e pouzdanosti, dobro koristiti oba. U radu je obra\u0111eno ukupno 22 obiteljska prezimena, 91 obiteljski nadimak te 106 osobnih nadimaka koji su u aktivnom leksiku mje\u0161tana.<\/p>\n<p><strong>Bilje\u0161ka o autoru\/autorici:<\/strong><\/p>\n<p>Sandra Buri\u0107 Matas ro\u0111ena je u Vranjicu 1987. godine. Diplomirala je 2013. godine na Filozofskom Fakultetu u Splitu te stekla zvanje mag. educ. Hrvatskog jezika i knji\u017eevnosti i mag. educ. Filozofije. Radi na zamjenama kao nastavnica u osnovnim i srednjim \u0161kolama. \u017divi u Vranjicu.<\/p>\n<p><strong>Klju\u010dne rije\u010di:<\/strong> Vranjic, onomastika, imenoslovlje, nadimak, zna\u010denje<\/p>\n<p><strong>E-mail:<\/strong>\u00a0 <a href=\"mailto:san.buric@gmail.com\" target=\"_blank\" rel=\"noopener noreferrer\">Sandra Buri\u0107 Matas\u00a0<\/a><\/p>\n<p><strong>Naslov:<\/strong> Obiteljska prezimena i nadimci Vranji\u010dana<br \/><strong>Autor:<\/strong> Sandra Buri\u0107 Matas<br \/><strong>Broj stranica:<\/strong> 78<br \/><strong>Nakladnik:<\/strong> Vlastita naklada<br \/><strong>Godina izdanja:<\/strong> 2019 .<br \/><strong>ISBN:<\/strong> 978-953-59631-0-3<br \/><strong>Tisak:<\/strong> digitalni tisak knjiga &#8211; print na zahtjev<\/p>\n<p style=\"text-align: justify;\"><strong>Kako naru\u010diti knjigu?\u00a0<\/strong>Proces online kupovine jednako funkcionira za sve kupce, s jedinom razlikom u tome \u0161to \u0161to kupci iz inozemstva za podru\u010dje dostave moraju odabrati &#8220;Europa&#8221; ili &#8220;Ostale zemlje svijeta&#8221;, a za vrstu pla\u0107anja WSPay (kreditna kartica) ili Virmanom (bankovni transfer).<\/p>\n<p style=\"text-align: justify;\">Molimo kliknite ovdje za\u00a0<a href=\"hr\/kako-kupovati\">detaljni vodi\u010d kroz proces narud\u017ebe<\/a>\u00a0ili nas\u00a0<a href=\"hr\/kontakt\">kontaktirajte<\/a>\u00a0za vi\u0161e informacija.<\/p>\n<p style=\"text-align: justify;\">\u00a0<\/p>\n","protected":false},"excerpt":{"rendered":"<p>Sa\u017eetak: U radu su zapisana i obja\u0161njena obiteljska prezimena te osobni i obiteljski nadimci u Vranjicu nedaleko od Splita. Korpus prezimena i nadimaka je prikupljen izravnim terenskim istra\u017eivanjem i prou\u010davanjem postoje\u0107e literature koja donosi informacije o vranji\u010dkim prezimenima. Prezimena su prikazana etimologijski i potkrijepljena su povijesnim \u010dinjenicama o njihovoj prisutnosti u Vranjicu. Provedena je i [&hellip;]<\/p>\n","protected":false},"featured_media":9168,"comment_status":"open","ping_status":"closed","template":"","meta":{"_acf_changed":false},"product_brand":[],"product_cat":[1539],"product_tag":[],"class_list":{"0":"post-9167","1":"product","2":"type-product","3":"status-publish","4":"has-post-thumbnail","6":"product_cat-sveucilisni-udzbenici-i-prirucnici","7":"pa_autor-sandra-buric-matas","8":"pa_nakladnik-vlastita-naklada","10":"first","11":"instock","12":"shipping-taxable","13":"purchasable","14":"product-type-simple"},"acf":[],"yoast_head":"<!-- This site is optimized with the Yoast SEO plugin v27.3 - https:\/\/yoast.com\/product\/yoast-seo-wordpress\/ -->\n<title>OBITELJSKA PREZIMENA I NADIMCI VRANJI\u010cANA, Sandra Buri\u0107 Matas - Web-knji\u017eara<\/title>\n<meta name=\"robots\" content=\"index, follow, max-snippet:-1, max-image-preview:large, max-video-preview:-1\" \/>\n<link rel=\"canonical\" href=\"https:\/\/webknjizara.hr\/proizvod\/obiteljska-prezimena-i-nadimci-vranjicana-sandra-buric-matas\/\" \/>\n<meta property=\"og:locale\" content=\"en_US\" \/>\n<meta property=\"og:type\" content=\"article\" \/>\n<meta property=\"og:title\" content=\"OBITELJSKA PREZIMENA I NADIMCI VRANJI\u010cANA, Sandra Buri\u0107 Matas - Web-knji\u017eara\" \/>\n<meta property=\"og:description\" content=\"Sa\u017eetak: U radu su zapisana i obja\u0161njena obiteljska prezimena te osobni i obiteljski nadimci u Vranjicu nedaleko od Splita. Korpus prezimena i nadimaka je prikupljen izravnim terenskim istra\u017eivanjem i prou\u010davanjem postoje\u0107e literature koja donosi informacije o vranji\u010dkim prezimenima. Prezimena su prikazana etimologijski i potkrijepljena su povijesnim \u010dinjenicama o njihovoj prisutnosti u Vranjicu. Provedena je i [&hellip;]\" \/>\n<meta property=\"og:url\" content=\"https:\/\/webknjizara.hr\/proizvod\/obiteljska-prezimena-i-nadimci-vranjicana-sandra-buric-matas\/\" \/>\n<meta property=\"og:site_name\" content=\"Web-knji\u017eara\" \/>\n<meta property=\"article:modified_time\" content=\"2023-02-26T23:18:01+00:00\" \/>\n<meta property=\"og:image\" content=\"https:\/\/webknjizara.hr\/wp-content\/uploads\/nc\/images\/virtuemart\/product\/Buric_Matas_Obiteljska_prezimena_VranjicanaWEB.jpg\" \/>\n\t<meta property=\"og:image:width\" content=\"300\" \/>\n\t<meta property=\"og:image:height\" content=\"419\" \/>\n\t<meta property=\"og:image:type\" content=\"image\/jpeg\" \/>\n<meta name=\"twitter:card\" content=\"summary_large_image\" \/>\n<meta name=\"twitter:label1\" content=\"Est. reading time\" \/>\n\t<meta name=\"twitter:data1\" content=\"2 minutes\" \/>\n<script type=\"application\/ld+json\" class=\"yoast-schema-graph\">{\"@context\":\"https:\\\/\\\/schema.org\",\"@graph\":[{\"@type\":\"WebPage\",\"@id\":\"https:\\\/\\\/webknjizara.hr\\\/proizvod\\\/obiteljska-prezimena-i-nadimci-vranjicana-sandra-buric-matas\\\/\",\"url\":\"https:\\\/\\\/webknjizara.hr\\\/proizvod\\\/obiteljska-prezimena-i-nadimci-vranjicana-sandra-buric-matas\\\/\",\"name\":\"OBITELJSKA PREZIMENA I NADIMCI VRANJI\u010cANA, Sandra Buri\u0107 Matas - Web-knji\u017eara\",\"isPartOf\":{\"@id\":\"https:\\\/\\\/webknjizara.hr\\\/#website\"},\"primaryImageOfPage\":{\"@id\":\"https:\\\/\\\/webknjizara.hr\\\/proizvod\\\/obiteljska-prezimena-i-nadimci-vranjicana-sandra-buric-matas\\\/#primaryimage\"},\"image\":{\"@id\":\"https:\\\/\\\/webknjizara.hr\\\/proizvod\\\/obiteljska-prezimena-i-nadimci-vranjicana-sandra-buric-matas\\\/#primaryimage\"},\"thumbnailUrl\":\"https:\\\/\\\/webknjizara.hr\\\/wp-content\\\/uploads\\\/nc\\\/images\\\/virtuemart\\\/product\\\/Buric_Matas_Obiteljska_prezimena_VranjicanaWEB.jpg\",\"datePublished\":\"2019-12-13T14:57:52+00:00\",\"dateModified\":\"2023-02-26T23:18:01+00:00\",\"breadcrumb\":{\"@id\":\"https:\\\/\\\/webknjizara.hr\\\/proizvod\\\/obiteljska-prezimena-i-nadimci-vranjicana-sandra-buric-matas\\\/#breadcrumb\"},\"inLanguage\":\"en-US\",\"potentialAction\":[{\"@type\":\"ReadAction\",\"target\":[\"https:\\\/\\\/webknjizara.hr\\\/proizvod\\\/obiteljska-prezimena-i-nadimci-vranjicana-sandra-buric-matas\\\/\"]}]},{\"@type\":\"ImageObject\",\"inLanguage\":\"en-US\",\"@id\":\"https:\\\/\\\/webknjizara.hr\\\/proizvod\\\/obiteljska-prezimena-i-nadimci-vranjicana-sandra-buric-matas\\\/#primaryimage\",\"url\":\"https:\\\/\\\/webknjizara.hr\\\/wp-content\\\/uploads\\\/nc\\\/images\\\/virtuemart\\\/product\\\/Buric_Matas_Obiteljska_prezimena_VranjicanaWEB.jpg\",\"contentUrl\":\"https:\\\/\\\/webknjizara.hr\\\/wp-content\\\/uploads\\\/nc\\\/images\\\/virtuemart\\\/product\\\/Buric_Matas_Obiteljska_prezimena_VranjicanaWEB.jpg\",\"width\":300,\"height\":419,\"caption\":\"OBITELJSKA PREZIMENA I NADIMCI VRANJI\u010cANA, Sandra Buri\u0107 Matas\"},{\"@type\":\"BreadcrumbList\",\"@id\":\"https:\\\/\\\/webknjizara.hr\\\/proizvod\\\/obiteljska-prezimena-i-nadimci-vranjicana-sandra-buric-matas\\\/#breadcrumb\",\"itemListElement\":[{\"@type\":\"ListItem\",\"position\":1,\"name\":\"Po\u010detna stranica\",\"item\":\"https:\\\/\\\/webknjizara.hr\\\/en\\\/\"},{\"@type\":\"ListItem\",\"position\":2,\"name\":\"Shop\",\"item\":\"https:\\\/\\\/webknjizara.hr\\\/shop\\\/\"},{\"@type\":\"ListItem\",\"position\":3,\"name\":\"OBITELJSKA PREZIMENA I NADIMCI VRANJI\u010cANA, Sandra Buri\u0107 Matas\"}]},{\"@type\":\"WebSite\",\"@id\":\"https:\\\/\\\/webknjizara.hr\\\/#website\",\"url\":\"https:\\\/\\\/webknjizara.hr\\\/\",\"name\":\"Web Knji\u017eara\",\"description\":\"\",\"publisher\":{\"@id\":\"https:\\\/\\\/webknjizara.hr\\\/#organization\"},\"potentialAction\":[{\"@type\":\"SearchAction\",\"target\":{\"@type\":\"EntryPoint\",\"urlTemplate\":\"https:\\\/\\\/webknjizara.hr\\\/?s={search_term_string}\"},\"query-input\":{\"@type\":\"PropertyValueSpecification\",\"valueRequired\":true,\"valueName\":\"search_term_string\"}}],\"inLanguage\":\"en-US\"},{\"@type\":\"Organization\",\"@id\":\"https:\\\/\\\/webknjizara.hr\\\/#organization\",\"name\":\"REDAK D.O.O.\",\"url\":\"https:\\\/\\\/webknjizara.hr\\\/\",\"logo\":{\"@type\":\"ImageObject\",\"inLanguage\":\"en-US\",\"@id\":\"https:\\\/\\\/webknjizara.hr\\\/#\\\/schema\\\/logo\\\/image\\\/\",\"url\":\"https:\\\/\\\/webknjizara.hr\\\/wp-content\\\/uploads\\\/2023\\\/01\\\/web-knjizara-logo.webp\",\"contentUrl\":\"https:\\\/\\\/webknjizara.hr\\\/wp-content\\\/uploads\\\/2023\\\/01\\\/web-knjizara-logo.webp\",\"width\":324,\"height\":79,\"caption\":\"REDAK D.O.O.\"},\"image\":{\"@id\":\"https:\\\/\\\/webknjizara.hr\\\/#\\\/schema\\\/logo\\\/image\\\/\"}}]}<\/script>\n<!-- \/ Yoast SEO plugin. -->","yoast_head_json":{"title":"OBITELJSKA PREZIMENA I NADIMCI VRANJI\u010cANA, Sandra Buri\u0107 Matas - Web-knji\u017eara","robots":{"index":"index","follow":"follow","max-snippet":"max-snippet:-1","max-image-preview":"max-image-preview:large","max-video-preview":"max-video-preview:-1"},"canonical":"https:\/\/webknjizara.hr\/proizvod\/obiteljska-prezimena-i-nadimci-vranjicana-sandra-buric-matas\/","og_locale":"en_US","og_type":"article","og_title":"OBITELJSKA PREZIMENA I NADIMCI VRANJI\u010cANA, Sandra Buri\u0107 Matas - Web-knji\u017eara","og_description":"Sa\u017eetak: U radu su zapisana i obja\u0161njena obiteljska prezimena te osobni i obiteljski nadimci u Vranjicu nedaleko od Splita. Korpus prezimena i nadimaka je prikupljen izravnim terenskim istra\u017eivanjem i prou\u010davanjem postoje\u0107e literature koja donosi informacije o vranji\u010dkim prezimenima. Prezimena su prikazana etimologijski i potkrijepljena su povijesnim \u010dinjenicama o njihovoj prisutnosti u Vranjicu. Provedena je i [&hellip;]","og_url":"https:\/\/webknjizara.hr\/proizvod\/obiteljska-prezimena-i-nadimci-vranjicana-sandra-buric-matas\/","og_site_name":"Web-knji\u017eara","article_modified_time":"2023-02-26T23:18:01+00:00","og_image":[{"width":300,"height":419,"url":"https:\/\/webknjizara.hr\/wp-content\/uploads\/nc\/images\/virtuemart\/product\/Buric_Matas_Obiteljska_prezimena_VranjicanaWEB.jpg","type":"image\/jpeg"}],"twitter_card":"summary_large_image","twitter_misc":{"Est. reading time":"2 minutes"},"schema":{"@context":"https:\/\/schema.org","@graph":[{"@type":"WebPage","@id":"https:\/\/webknjizara.hr\/proizvod\/obiteljska-prezimena-i-nadimci-vranjicana-sandra-buric-matas\/","url":"https:\/\/webknjizara.hr\/proizvod\/obiteljska-prezimena-i-nadimci-vranjicana-sandra-buric-matas\/","name":"OBITELJSKA PREZIMENA I NADIMCI VRANJI\u010cANA, Sandra Buri\u0107 Matas - Web-knji\u017eara","isPartOf":{"@id":"https:\/\/webknjizara.hr\/#website"},"primaryImageOfPage":{"@id":"https:\/\/webknjizara.hr\/proizvod\/obiteljska-prezimena-i-nadimci-vranjicana-sandra-buric-matas\/#primaryimage"},"image":{"@id":"https:\/\/webknjizara.hr\/proizvod\/obiteljska-prezimena-i-nadimci-vranjicana-sandra-buric-matas\/#primaryimage"},"thumbnailUrl":"https:\/\/webknjizara.hr\/wp-content\/uploads\/nc\/images\/virtuemart\/product\/Buric_Matas_Obiteljska_prezimena_VranjicanaWEB.jpg","datePublished":"2019-12-13T14:57:52+00:00","dateModified":"2023-02-26T23:18:01+00:00","breadcrumb":{"@id":"https:\/\/webknjizara.hr\/proizvod\/obiteljska-prezimena-i-nadimci-vranjicana-sandra-buric-matas\/#breadcrumb"},"inLanguage":"en-US","potentialAction":[{"@type":"ReadAction","target":["https:\/\/webknjizara.hr\/proizvod\/obiteljska-prezimena-i-nadimci-vranjicana-sandra-buric-matas\/"]}]},{"@type":"ImageObject","inLanguage":"en-US","@id":"https:\/\/webknjizara.hr\/proizvod\/obiteljska-prezimena-i-nadimci-vranjicana-sandra-buric-matas\/#primaryimage","url":"https:\/\/webknjizara.hr\/wp-content\/uploads\/nc\/images\/virtuemart\/product\/Buric_Matas_Obiteljska_prezimena_VranjicanaWEB.jpg","contentUrl":"https:\/\/webknjizara.hr\/wp-content\/uploads\/nc\/images\/virtuemart\/product\/Buric_Matas_Obiteljska_prezimena_VranjicanaWEB.jpg","width":300,"height":419,"caption":"OBITELJSKA PREZIMENA I NADIMCI VRANJI\u010cANA, Sandra Buri\u0107 Matas"},{"@type":"BreadcrumbList","@id":"https:\/\/webknjizara.hr\/proizvod\/obiteljska-prezimena-i-nadimci-vranjicana-sandra-buric-matas\/#breadcrumb","itemListElement":[{"@type":"ListItem","position":1,"name":"Po\u010detna stranica","item":"https:\/\/webknjizara.hr\/en\/"},{"@type":"ListItem","position":2,"name":"Shop","item":"https:\/\/webknjizara.hr\/shop\/"},{"@type":"ListItem","position":3,"name":"OBITELJSKA PREZIMENA I NADIMCI VRANJI\u010cANA, Sandra Buri\u0107 Matas"}]},{"@type":"WebSite","@id":"https:\/\/webknjizara.hr\/#website","url":"https:\/\/webknjizara.hr\/","name":"Web Knji\u017eara","description":"","publisher":{"@id":"https:\/\/webknjizara.hr\/#organization"},"potentialAction":[{"@type":"SearchAction","target":{"@type":"EntryPoint","urlTemplate":"https:\/\/webknjizara.hr\/?s={search_term_string}"},"query-input":{"@type":"PropertyValueSpecification","valueRequired":true,"valueName":"search_term_string"}}],"inLanguage":"en-US"},{"@type":"Organization","@id":"https:\/\/webknjizara.hr\/#organization","name":"REDAK D.O.O.","url":"https:\/\/webknjizara.hr\/","logo":{"@type":"ImageObject","inLanguage":"en-US","@id":"https:\/\/webknjizara.hr\/#\/schema\/logo\/image\/","url":"https:\/\/webknjizara.hr\/wp-content\/uploads\/2023\/01\/web-knjizara-logo.webp","contentUrl":"https:\/\/webknjizara.hr\/wp-content\/uploads\/2023\/01\/web-knjizara-logo.webp","width":324,"height":79,"caption":"REDAK D.O.O."},"image":{"@id":"https:\/\/webknjizara.hr\/#\/schema\/logo\/image\/"}}]}},"_links":{"self":[{"href":"https:\/\/webknjizara.hr\/en\/wp-json\/wp\/v2\/product\/9167","targetHints":{"allow":["GET"]}}],"collection":[{"href":"https:\/\/webknjizara.hr\/en\/wp-json\/wp\/v2\/product"}],"about":[{"href":"https:\/\/webknjizara.hr\/en\/wp-json\/wp\/v2\/types\/product"}],"replies":[{"embeddable":true,"href":"https:\/\/webknjizara.hr\/en\/wp-json\/wp\/v2\/comments?post=9167"}],"wp:featuredmedia":[{"embeddable":true,"href":"https:\/\/webknjizara.hr\/en\/wp-json\/wp\/v2\/media\/9168"}],"wp:attachment":[{"href":"https:\/\/webknjizara.hr\/en\/wp-json\/wp\/v2\/media?parent=9167"}],"wp:term":[{"taxonomy":"product_brand","embeddable":true,"href":"https:\/\/webknjizara.hr\/en\/wp-json\/wp\/v2\/product_brand?post=9167"},{"taxonomy":"product_cat","embeddable":true,"href":"https:\/\/webknjizara.hr\/en\/wp-json\/wp\/v2\/product_cat?post=9167"},{"taxonomy":"product_tag","embeddable":true,"href":"https:\/\/webknjizara.hr\/en\/wp-json\/wp\/v2\/product_tag?post=9167"}],"curies":[{"name":"wp","href":"https:\/\/api.w.org\/{rel}","templated":true}]}}