{"id":9163,"date":"2019-12-10T15:00:59","date_gmt":"2019-12-10T15:00:59","guid":{"rendered":"https:\/\/webknjizara.hr\/?product=macka-1-i-2-svezak-rozaida-naglav"},"modified":"2023-02-27T00:18:01","modified_gmt":"2023-02-26T23:18:01","slug":"macka-1-i-2-svezak-rozaida-naglav","status":"publish","type":"product","link":"https:\/\/webknjizara.hr\/en\/proizvod\/macka-1-i-2-svezak-rozaida-naglav\/","title":{"rendered":"MA\u010cKA (1. i 2. svezak), Rozaida Naglav"},"content":{"rendered":"<p>\u00a0<\/p>\n<p>Visoke, utjecajne dru\u0161tvene polo\u017eaje zauzeli su skorojevi\u0107i i tajkuni, \u010dija gramzljivost pusto\u0161i poduze\u0107a, a nesposobnost i sebeljubivost razara kako privredu, tako i \u017eivo ljudsko tkivo, moral i nadu stanovni\u0161tva.<br \/>Groteskno je to dru\u0161tvo, okrenuto naglava\u010dke\u2026 U dru\u0161tvu tajkuna vrte se razne ljepotice, manekenke i studentice koje love priliku da ostvare svoje Barbie snove. Od najranijeg djetinjstva name\u0107e im se ideal modne lutke, imperativ otmjenosti, ljepote, anoreksi\u010dnosti\u2026<br \/>No u okru\u017eenju u kojem \u017eivi Karolina Sever, pitanje je koliko \u0107e ma\u010djih \u017eivota morati potro\u0161iti i ho\u0107e li joj oni biti dovoljni da umakne okrutnim kand\u017eama jednog Ferdinanda Ni\u0161tava ( Mi\u0161a), dr. Mladena Rabi\u0107a i njihove svite<br \/>Ako \u017eelimo ra\u0161\u010dlaniti slojevitost romana, mo\u017eemo re\u0107i da je to roman o jednom dru\u0161tvu u previranju, dru\u0161tvu na koje djeluju mnoge negativne, ali i pozitivne silnice, kojima autorica ogoljuje dru\u0161tvene pojave i detektira njihove uzroke i razloge. Neshvatljive brutalnosti ne izazivaju samo ratovi, nego i podlosti koje \u010dinimo kao pojedinci u malim \u010dahurama na\u0161ih \u017eivota. Mo\u017eda je na\u0161a ljudskost dogurala samo do to\u010dke da svoja nasrtanja znamo vje\u0161to maskirati u ne\u0161to drugo, mo\u017eda ljudskost zna govoriti i to je sve pa se zapravo razvija samo retorika o njoj. Takvo stajali\u0161te o svijetu je imala i Karolina i nimalo joj nije smetala animalnost koju bi ponekad osje\u0107ala u sebi, kada bi u u njoj prevladala mala, ljupka zvjerka sjajnog krzna, ali o\u0161trih zubi.<br \/>\u00a0<br \/>Marija Jura\u010di\u0107, prof<\/p>\n<p><strong>Bilje\u0161ka o autoru\/autorici:<\/strong><br \/>Rozaida Naglav (ro\u0111ena \u0160tok). rodila se 1956. godine u \u0160ibeniku, gradu njezinih predaka po maj\u010dinoj strani i ona vrela kap dalmatinske krvi jo\u0161 uvijek pulsira njenim bilom. U Zagrebu je diplomirala pravo 1980. Poslije je odselila u Sloveniju, domovinu svojih predaka po o\u010devoj strani. Od 1984. godine \u017eivi s obitelji u Kopru koji le\u017ei na rubu slovenskog krasa iz kojega je, \u010dini se, sazdana. Cijeli svoj radni vijek radila je u pravosu\u0111u donose\u0107i i pi\u0161u\u0107i presude. Posao suca je strogo discipliniran rad i ba\u0161 ta disciplina joj je omogu\u0107ila da nakon umirovljenja ustraje na pisanju romana. Trajalo je \u010detiri godine unutar kojih je svaki slobodan trenutak posvetila pisanju.<\/p>\n<p>Napisav\u0161i svoj prvijenac, roman \u201eMa\u010dka\u201c, shvatila je da je pisac tek svjedok doga\u0111aja o kojima pri\u010da, a ho\u0107e li ga netko osluhnuti ili mu \u010dak povjerovati, tek je \u017eelja zbog koje ona pi\u0161e.<br \/>Za\u010daran krug, zar ne?<br \/>\u00a0<\/p>\n<p><strong>Bilje\u0161ka o urednici:<\/strong> Marija Jura\u010di\u0107, profesorica knji\u017eevnosti i njema\u010dkog jezika, knji\u017eevnica i pjesnikinja, voditeljica poetskog portala \u201eO\u010daravanje\u201c, uredila je dvadesetak zbirki pjesama, romana i pripovijesti hrvatskih autora. Izdala je nekoliko zbirki pjesama i niz romana. Poseban ciklus \u010dine njeni romani o inspektorici Iki Ekl: \u201eJedne zime u Hrastovu\u201c, \u201eZona\u201c, \u201eDronovi, fure\u0161ti, ubojstvo\u201c i \u201cMutno more\u201c. \u010dija se radnja odvija na opatijskom i rije\u010dkom podru\u010dju. Romani \u201eUna\u201c i \u201eLjubav u Pompejima\u201c objavljeni su u Njema\u010dkoj u ediciji \u201eRediroma Verlag\u201c. Pripovijesti, humoreske i pjesme objavljeni su joj u raznim zbornicima i knji\u017eevnim \u010dasopisima. Dobitnica je plakete \u201eKalman Mesari\u0107\u201c Hrvatskog sabora kulture za komediju \u201ePatrioti\u201c.<\/p>\n<p><strong>Klju\u010dne rije\u010di:<\/strong> Psiholo\u0161ki i dru\u0161tveni roman<\/p>\n<p><strong>E-mail:<\/strong> <a href=\"mailto:rozaida.naglav@gmail.com\" target=\"_blank\" rel=\"noopener noreferrer\">Rozaida Naglav<\/a><\/p>\n<p><strong>Naslov:<\/strong> Ma\u010dka (1. i 2. svezak)<br \/><strong>Autor:<\/strong> Rozaida Naglav<br \/><strong>Broj stranica:<\/strong> 732<br \/><strong>Nakladnik:<\/strong> REDAK<br \/><strong>Godina izdanja:<\/strong> 2019 .<br \/><strong>ISBN:<\/strong> 978-953-336-628-9, 978-953-336-629-6<br \/>978-953-336-630-2<br \/><strong>Tisak:<\/strong> digitalni tisak knjiga &#8211; print na zahtjev<\/p>\n<p style=\"text-align: justify;\">\u00a0<\/p>\n<p style=\"text-align: justify;\"><strong>Kako naru\u010diti knjigu?\u00a0<\/strong>Proces online kupovine jednako funkcionira za sve kupce, s jedinom razlikom u tome \u0161to \u0161to kupci iz inozemstva za podru\u010dje dostave moraju odabrati &#8220;Europa&#8221; ili &#8220;Ostale zemlje svijeta&#8221;, a za vrstu pla\u0107anja WSPay (kreditna kartica) ili Virmanom (bankovni transfer).<\/p>\n<p style=\"text-align: justify;\">Molimo kliknite ovdje za\u00a0<a href=\"hr\/kako-kupovati\">detaljni vodi\u010d kroz proces narud\u017ebe<\/a>\u00a0ili nas\u00a0<a href=\"hr\/kontakt\">kontaktirajte<\/a>\u00a0za vi\u0161e informacija.<\/p>\n<p style=\"text-align: justify;\">\u00a0<\/p>\n","protected":false},"excerpt":{"rendered":"<p>\u00a0 Visoke, utjecajne dru\u0161tvene polo\u017eaje zauzeli su skorojevi\u0107i i tajkuni, \u010dija gramzljivost pusto\u0161i poduze\u0107a, a nesposobnost i sebeljubivost razara kako privredu, tako i \u017eivo ljudsko tkivo, moral i nadu stanovni\u0161tva.Groteskno je to dru\u0161tvo, okrenuto naglava\u010dke\u2026 U dru\u0161tvu tajkuna vrte se razne ljepotice, manekenke i studentice koje love priliku da ostvare svoje Barbie snove. Od najranijeg [&hellip;]<\/p>\n","protected":false},"featured_media":9164,"comment_status":"open","ping_status":"closed","template":"","meta":{"_acf_changed":false},"product_brand":[],"product_cat":[1515,1383,1385],"product_tag":[],"class_list":{"0":"post-9163","1":"product","2":"type-product","3":"status-publish","4":"has-post-thumbnail","6":"product_cat-romani","7":"product_cat-knjige","8":"product_cat-knjizevnost","9":"pa_autor-rozaida-naglav","10":"pa_nakladnik-redak","12":"first","13":"instock","14":"shipping-taxable","15":"purchasable","16":"product-type-simple"},"acf":[],"yoast_head":"<!-- This site is optimized with the Yoast SEO plugin v27.3 - https:\/\/yoast.com\/product\/yoast-seo-wordpress\/ -->\n<title>MA\u010cKA (1. i 2. svezak), Rozaida Naglav - Web-knji\u017eara<\/title>\n<meta name=\"robots\" content=\"index, follow, max-snippet:-1, max-image-preview:large, max-video-preview:-1\" \/>\n<link rel=\"canonical\" href=\"https:\/\/webknjizara.hr\/proizvod\/macka-1-i-2-svezak-rozaida-naglav\/\" \/>\n<meta property=\"og:locale\" content=\"en_US\" \/>\n<meta property=\"og:type\" content=\"article\" \/>\n<meta property=\"og:title\" content=\"MA\u010cKA (1. i 2. svezak), Rozaida Naglav - Web-knji\u017eara\" \/>\n<meta property=\"og:description\" content=\"\u00a0 Visoke, utjecajne dru\u0161tvene polo\u017eaje zauzeli su skorojevi\u0107i i tajkuni, \u010dija gramzljivost pusto\u0161i poduze\u0107a, a nesposobnost i sebeljubivost razara kako privredu, tako i \u017eivo ljudsko tkivo, moral i nadu stanovni\u0161tva.Groteskno je to dru\u0161tvo, okrenuto naglava\u010dke\u2026 U dru\u0161tvu tajkuna vrte se razne ljepotice, manekenke i studentice koje love priliku da ostvare svoje Barbie snove. Od najranijeg [&hellip;]\" \/>\n<meta property=\"og:url\" content=\"https:\/\/webknjizara.hr\/proizvod\/macka-1-i-2-svezak-rozaida-naglav\/\" \/>\n<meta property=\"og:site_name\" content=\"Web-knji\u017eara\" \/>\n<meta property=\"article:modified_time\" content=\"2023-02-26T23:18:01+00:00\" \/>\n<meta property=\"og:image\" content=\"https:\/\/webknjizara.hr\/wp-content\/uploads\/nc\/images\/virtuemart\/product\/macka-Naslovnica-web-knjizara.jpg\" \/>\n\t<meta property=\"og:image:width\" content=\"300\" \/>\n\t<meta property=\"og:image:height\" content=\"419\" \/>\n\t<meta property=\"og:image:type\" content=\"image\/jpeg\" \/>\n<meta name=\"twitter:card\" content=\"summary_large_image\" \/>\n<meta name=\"twitter:label1\" content=\"Est. reading time\" \/>\n\t<meta name=\"twitter:data1\" content=\"3 minutes\" \/>\n<script type=\"application\/ld+json\" class=\"yoast-schema-graph\">{\"@context\":\"https:\\\/\\\/schema.org\",\"@graph\":[{\"@type\":\"WebPage\",\"@id\":\"https:\\\/\\\/webknjizara.hr\\\/proizvod\\\/macka-1-i-2-svezak-rozaida-naglav\\\/\",\"url\":\"https:\\\/\\\/webknjizara.hr\\\/proizvod\\\/macka-1-i-2-svezak-rozaida-naglav\\\/\",\"name\":\"MA\u010cKA (1. i 2. svezak), Rozaida Naglav - Web-knji\u017eara\",\"isPartOf\":{\"@id\":\"https:\\\/\\\/webknjizara.hr\\\/#website\"},\"primaryImageOfPage\":{\"@id\":\"https:\\\/\\\/webknjizara.hr\\\/proizvod\\\/macka-1-i-2-svezak-rozaida-naglav\\\/#primaryimage\"},\"image\":{\"@id\":\"https:\\\/\\\/webknjizara.hr\\\/proizvod\\\/macka-1-i-2-svezak-rozaida-naglav\\\/#primaryimage\"},\"thumbnailUrl\":\"https:\\\/\\\/webknjizara.hr\\\/wp-content\\\/uploads\\\/nc\\\/images\\\/virtuemart\\\/product\\\/macka-Naslovnica-web-knjizara.jpg\",\"datePublished\":\"2019-12-10T15:00:59+00:00\",\"dateModified\":\"2023-02-26T23:18:01+00:00\",\"breadcrumb\":{\"@id\":\"https:\\\/\\\/webknjizara.hr\\\/proizvod\\\/macka-1-i-2-svezak-rozaida-naglav\\\/#breadcrumb\"},\"inLanguage\":\"en-US\",\"potentialAction\":[{\"@type\":\"ReadAction\",\"target\":[\"https:\\\/\\\/webknjizara.hr\\\/proizvod\\\/macka-1-i-2-svezak-rozaida-naglav\\\/\"]}]},{\"@type\":\"ImageObject\",\"inLanguage\":\"en-US\",\"@id\":\"https:\\\/\\\/webknjizara.hr\\\/proizvod\\\/macka-1-i-2-svezak-rozaida-naglav\\\/#primaryimage\",\"url\":\"https:\\\/\\\/webknjizara.hr\\\/wp-content\\\/uploads\\\/nc\\\/images\\\/virtuemart\\\/product\\\/macka-Naslovnica-web-knjizara.jpg\",\"contentUrl\":\"https:\\\/\\\/webknjizara.hr\\\/wp-content\\\/uploads\\\/nc\\\/images\\\/virtuemart\\\/product\\\/macka-Naslovnica-web-knjizara.jpg\",\"width\":300,\"height\":419,\"caption\":\"MA\u010cKA (1. i 2. svezak), Rozaida Naglav\"},{\"@type\":\"BreadcrumbList\",\"@id\":\"https:\\\/\\\/webknjizara.hr\\\/proizvod\\\/macka-1-i-2-svezak-rozaida-naglav\\\/#breadcrumb\",\"itemListElement\":[{\"@type\":\"ListItem\",\"position\":1,\"name\":\"Po\u010detna stranica\",\"item\":\"https:\\\/\\\/webknjizara.hr\\\/en\\\/\"},{\"@type\":\"ListItem\",\"position\":2,\"name\":\"Shop\",\"item\":\"https:\\\/\\\/webknjizara.hr\\\/shop\\\/\"},{\"@type\":\"ListItem\",\"position\":3,\"name\":\"MA\u010cKA (1. i 2. svezak), Rozaida Naglav\"}]},{\"@type\":\"WebSite\",\"@id\":\"https:\\\/\\\/webknjizara.hr\\\/#website\",\"url\":\"https:\\\/\\\/webknjizara.hr\\\/\",\"name\":\"Web Knji\u017eara\",\"description\":\"\",\"publisher\":{\"@id\":\"https:\\\/\\\/webknjizara.hr\\\/#organization\"},\"potentialAction\":[{\"@type\":\"SearchAction\",\"target\":{\"@type\":\"EntryPoint\",\"urlTemplate\":\"https:\\\/\\\/webknjizara.hr\\\/?s={search_term_string}\"},\"query-input\":{\"@type\":\"PropertyValueSpecification\",\"valueRequired\":true,\"valueName\":\"search_term_string\"}}],\"inLanguage\":\"en-US\"},{\"@type\":\"Organization\",\"@id\":\"https:\\\/\\\/webknjizara.hr\\\/#organization\",\"name\":\"REDAK D.O.O.\",\"url\":\"https:\\\/\\\/webknjizara.hr\\\/\",\"logo\":{\"@type\":\"ImageObject\",\"inLanguage\":\"en-US\",\"@id\":\"https:\\\/\\\/webknjizara.hr\\\/#\\\/schema\\\/logo\\\/image\\\/\",\"url\":\"https:\\\/\\\/webknjizara.hr\\\/wp-content\\\/uploads\\\/2023\\\/01\\\/web-knjizara-logo.webp\",\"contentUrl\":\"https:\\\/\\\/webknjizara.hr\\\/wp-content\\\/uploads\\\/2023\\\/01\\\/web-knjizara-logo.webp\",\"width\":324,\"height\":79,\"caption\":\"REDAK D.O.O.\"},\"image\":{\"@id\":\"https:\\\/\\\/webknjizara.hr\\\/#\\\/schema\\\/logo\\\/image\\\/\"}}]}<\/script>\n<!-- \/ Yoast SEO plugin. -->","yoast_head_json":{"title":"MA\u010cKA (1. i 2. svezak), Rozaida Naglav - Web-knji\u017eara","robots":{"index":"index","follow":"follow","max-snippet":"max-snippet:-1","max-image-preview":"max-image-preview:large","max-video-preview":"max-video-preview:-1"},"canonical":"https:\/\/webknjizara.hr\/proizvod\/macka-1-i-2-svezak-rozaida-naglav\/","og_locale":"en_US","og_type":"article","og_title":"MA\u010cKA (1. i 2. svezak), Rozaida Naglav - Web-knji\u017eara","og_description":"\u00a0 Visoke, utjecajne dru\u0161tvene polo\u017eaje zauzeli su skorojevi\u0107i i tajkuni, \u010dija gramzljivost pusto\u0161i poduze\u0107a, a nesposobnost i sebeljubivost razara kako privredu, tako i \u017eivo ljudsko tkivo, moral i nadu stanovni\u0161tva.Groteskno je to dru\u0161tvo, okrenuto naglava\u010dke\u2026 U dru\u0161tvu tajkuna vrte se razne ljepotice, manekenke i studentice koje love priliku da ostvare svoje Barbie snove. Od najranijeg [&hellip;]","og_url":"https:\/\/webknjizara.hr\/proizvod\/macka-1-i-2-svezak-rozaida-naglav\/","og_site_name":"Web-knji\u017eara","article_modified_time":"2023-02-26T23:18:01+00:00","og_image":[{"width":300,"height":419,"url":"https:\/\/webknjizara.hr\/wp-content\/uploads\/nc\/images\/virtuemart\/product\/macka-Naslovnica-web-knjizara.jpg","type":"image\/jpeg"}],"twitter_card":"summary_large_image","twitter_misc":{"Est. reading time":"3 minutes"},"schema":{"@context":"https:\/\/schema.org","@graph":[{"@type":"WebPage","@id":"https:\/\/webknjizara.hr\/proizvod\/macka-1-i-2-svezak-rozaida-naglav\/","url":"https:\/\/webknjizara.hr\/proizvod\/macka-1-i-2-svezak-rozaida-naglav\/","name":"MA\u010cKA (1. i 2. svezak), Rozaida Naglav - Web-knji\u017eara","isPartOf":{"@id":"https:\/\/webknjizara.hr\/#website"},"primaryImageOfPage":{"@id":"https:\/\/webknjizara.hr\/proizvod\/macka-1-i-2-svezak-rozaida-naglav\/#primaryimage"},"image":{"@id":"https:\/\/webknjizara.hr\/proizvod\/macka-1-i-2-svezak-rozaida-naglav\/#primaryimage"},"thumbnailUrl":"https:\/\/webknjizara.hr\/wp-content\/uploads\/nc\/images\/virtuemart\/product\/macka-Naslovnica-web-knjizara.jpg","datePublished":"2019-12-10T15:00:59+00:00","dateModified":"2023-02-26T23:18:01+00:00","breadcrumb":{"@id":"https:\/\/webknjizara.hr\/proizvod\/macka-1-i-2-svezak-rozaida-naglav\/#breadcrumb"},"inLanguage":"en-US","potentialAction":[{"@type":"ReadAction","target":["https:\/\/webknjizara.hr\/proizvod\/macka-1-i-2-svezak-rozaida-naglav\/"]}]},{"@type":"ImageObject","inLanguage":"en-US","@id":"https:\/\/webknjizara.hr\/proizvod\/macka-1-i-2-svezak-rozaida-naglav\/#primaryimage","url":"https:\/\/webknjizara.hr\/wp-content\/uploads\/nc\/images\/virtuemart\/product\/macka-Naslovnica-web-knjizara.jpg","contentUrl":"https:\/\/webknjizara.hr\/wp-content\/uploads\/nc\/images\/virtuemart\/product\/macka-Naslovnica-web-knjizara.jpg","width":300,"height":419,"caption":"MA\u010cKA (1. i 2. svezak), Rozaida Naglav"},{"@type":"BreadcrumbList","@id":"https:\/\/webknjizara.hr\/proizvod\/macka-1-i-2-svezak-rozaida-naglav\/#breadcrumb","itemListElement":[{"@type":"ListItem","position":1,"name":"Po\u010detna stranica","item":"https:\/\/webknjizara.hr\/en\/"},{"@type":"ListItem","position":2,"name":"Shop","item":"https:\/\/webknjizara.hr\/shop\/"},{"@type":"ListItem","position":3,"name":"MA\u010cKA (1. i 2. svezak), Rozaida Naglav"}]},{"@type":"WebSite","@id":"https:\/\/webknjizara.hr\/#website","url":"https:\/\/webknjizara.hr\/","name":"Web Knji\u017eara","description":"","publisher":{"@id":"https:\/\/webknjizara.hr\/#organization"},"potentialAction":[{"@type":"SearchAction","target":{"@type":"EntryPoint","urlTemplate":"https:\/\/webknjizara.hr\/?s={search_term_string}"},"query-input":{"@type":"PropertyValueSpecification","valueRequired":true,"valueName":"search_term_string"}}],"inLanguage":"en-US"},{"@type":"Organization","@id":"https:\/\/webknjizara.hr\/#organization","name":"REDAK D.O.O.","url":"https:\/\/webknjizara.hr\/","logo":{"@type":"ImageObject","inLanguage":"en-US","@id":"https:\/\/webknjizara.hr\/#\/schema\/logo\/image\/","url":"https:\/\/webknjizara.hr\/wp-content\/uploads\/2023\/01\/web-knjizara-logo.webp","contentUrl":"https:\/\/webknjizara.hr\/wp-content\/uploads\/2023\/01\/web-knjizara-logo.webp","width":324,"height":79,"caption":"REDAK D.O.O."},"image":{"@id":"https:\/\/webknjizara.hr\/#\/schema\/logo\/image\/"}}]}},"_links":{"self":[{"href":"https:\/\/webknjizara.hr\/en\/wp-json\/wp\/v2\/product\/9163","targetHints":{"allow":["GET"]}}],"collection":[{"href":"https:\/\/webknjizara.hr\/en\/wp-json\/wp\/v2\/product"}],"about":[{"href":"https:\/\/webknjizara.hr\/en\/wp-json\/wp\/v2\/types\/product"}],"replies":[{"embeddable":true,"href":"https:\/\/webknjizara.hr\/en\/wp-json\/wp\/v2\/comments?post=9163"}],"wp:featuredmedia":[{"embeddable":true,"href":"https:\/\/webknjizara.hr\/en\/wp-json\/wp\/v2\/media\/9164"}],"wp:attachment":[{"href":"https:\/\/webknjizara.hr\/en\/wp-json\/wp\/v2\/media?parent=9163"}],"wp:term":[{"taxonomy":"product_brand","embeddable":true,"href":"https:\/\/webknjizara.hr\/en\/wp-json\/wp\/v2\/product_brand?post=9163"},{"taxonomy":"product_cat","embeddable":true,"href":"https:\/\/webknjizara.hr\/en\/wp-json\/wp\/v2\/product_cat?post=9163"},{"taxonomy":"product_tag","embeddable":true,"href":"https:\/\/webknjizara.hr\/en\/wp-json\/wp\/v2\/product_tag?post=9163"}],"curies":[{"name":"wp","href":"https:\/\/api.w.org\/{rel}","templated":true}]}}