{"id":9161,"date":"2019-12-09T18:40:10","date_gmt":"2019-12-09T18:40:10","guid":{"rendered":"https:\/\/webknjizara.hr\/?product=stela-bozicna-bajka-haira-lacmanovic-heydenreuter"},"modified":"2023-02-27T00:18:01","modified_gmt":"2023-02-26T23:18:01","slug":"stela-bozicna-bajka-haira-lacmanovic-heydenreuter","status":"publish","type":"product","link":"https:\/\/webknjizara.hr\/en\/proizvod\/stela-bozicna-bajka-haira-lacmanovic-heydenreuter\/","title":{"rendered":"STELA &#8211; BO\u017dI\u0106NA BAJKA, Haira Lacmanovi\u0107-Heydenreuter"},"content":{"rendered":"<p><strong>Sa\u017eetak:<\/strong><\/p>\n<p>Bo\u017ei\u0107na bajka o bo\u017ei\u0107nim sajmovima, o zvijezdama, ro\u0111enju Isusa Krista<\/p>\n<p><strong>Bilje\u0161ka o autoru\/autorici:<\/strong><\/p>\n<p>Haira Lacmanovi\u0107-Heydenreuter je ro\u0111ena u \u0160ibeniku gdje je zavr\u0161ila gimnaziju. Studij je zapo\u010dela u Zadru te nastavila u M\u00fcnchenu. Studirala je povijest umjetnosti, germanistiku,slavistiku i povijest jugoisto\u010dne Europe. Magistrirala je na temu &#8220;Pad dubrova\u010dke republike&#8221;. Doktorirala je tako\u0111er u M\u00fcnhenu na L.M.U. Na temu &#8220;Dalmacija u Be\u010du&#8221;(dalmatinski zastupnici u Be\u010du od 1867.-1918.). Knjiga predstavlja va\u017ean i klju\u010dan doprinos hrvatskoj povijesti u drugoj polovici 19. i po\u010detka 20. stolje\u0107a.<\/p>\n<p><strong>Klju\u010dne rije\u010di:<\/strong> Bo\u017ei\u0107, Bo\u017ei\u0107na jelka,Bo\u017ei\u0107ni pokloni, Bo\u017ei\u0107ni sajmovi, Zvijezde, Nebo, Ro\u0111enje Isusa Krista.<\/p>\n<p><strong>E-mail: <\/strong><a href=\"mailto:haira1@web.de\" target=\"_blank\" rel=\"noopener noreferrer\">aira Lacmanovi\u0107-Heydenreuter<\/a><\/p>\n<p><strong>Naslov:<\/strong> STELA &#8211; bo\u017ei\u0107na bajka<br \/><strong>Autor:<\/strong> Haira Lacmanovi\u0107-Heydenreuter<br \/><strong>Broj stranica:<\/strong> 32<br \/><strong>Nakladnik:<\/strong> REDAK<br \/><strong>Godina izdanja:<\/strong> 2019 .<br \/><strong>ISBN:<\/strong> 978-953-336-632-6<br \/><strong>Tisak:<\/strong> digitalni tisak knjiga &#8211; print na zahtjev<\/p>\n<p style=\"text-align: justify;\">\u00a0<\/p>\n<p style=\"text-align: justify;\"><strong>Kako naru\u010diti knjigu?\u00a0<\/strong>Proces online kupovine jednako funkcionira za sve kupce, s jedinom razlikom u tome \u0161to \u0161to kupci iz inozemstva za podru\u010dje dostave moraju odabrati &#8220;Europa&#8221; ili &#8220;Ostale zemlje svijeta&#8221;, a za vrstu pla\u0107anja WSPay (kreditna kartica) ili Virmanom (bankovni transfer).<\/p>\n<p style=\"text-align: justify;\">Molimo kliknite ovdje za\u00a0<a href=\"hr\/kako-kupovati\">detaljni vodi\u010d kroz proces narud\u017ebe<\/a>\u00a0ili nas\u00a0<a href=\"hr\/kontakt\">kontaktirajte<\/a>\u00a0za vi\u0161e informacija.<\/p>\n<p style=\"text-align: justify;\">\u00a0<\/p>\n","protected":false},"excerpt":{"rendered":"<p>Sa\u017eetak: Bo\u017ei\u0107na bajka o bo\u017ei\u0107nim sajmovima, o zvijezdama, ro\u0111enju Isusa Krista Bilje\u0161ka o autoru\/autorici: Haira Lacmanovi\u0107-Heydenreuter je ro\u0111ena u \u0160ibeniku gdje je zavr\u0161ila gimnaziju. Studij je zapo\u010dela u Zadru te nastavila u M\u00fcnchenu. Studirala je povijest umjetnosti, germanistiku,slavistiku i povijest jugoisto\u010dne Europe. Magistrirala je na temu &#8220;Pad dubrova\u010dke republike&#8221;. Doktorirala je tako\u0111er u M\u00fcnhenu na [&hellip;]<\/p>\n","protected":false},"featured_media":9162,"comment_status":"open","ping_status":"closed","template":"","meta":{"_acf_changed":false},"product_brand":[],"product_cat":[1383,1385],"product_tag":[],"class_list":{"0":"post-9161","1":"product","2":"type-product","3":"status-publish","4":"has-post-thumbnail","6":"product_cat-knjige","7":"product_cat-knjizevnost","8":"pa_autor-haira-lacmanovic-heydenreuter","9":"pa_nakladnik-redak","11":"first","12":"instock","13":"shipping-taxable","14":"purchasable","15":"product-type-simple"},"acf":[],"yoast_head":"<!-- This site is optimized with the Yoast SEO plugin v27.3 - https:\/\/yoast.com\/product\/yoast-seo-wordpress\/ -->\n<title>STELA - BO\u017dI\u0106NA BAJKA, Haira Lacmanovi\u0107-Heydenreuter - Web-knji\u017eara<\/title>\n<meta name=\"robots\" content=\"index, follow, max-snippet:-1, max-image-preview:large, max-video-preview:-1\" \/>\n<link rel=\"canonical\" href=\"https:\/\/webknjizara.hr\/proizvod\/stela-bozicna-bajka-haira-lacmanovic-heydenreuter\/\" \/>\n<meta property=\"og:locale\" content=\"en_US\" \/>\n<meta property=\"og:type\" content=\"article\" \/>\n<meta property=\"og:title\" content=\"STELA - BO\u017dI\u0106NA BAJKA, Haira Lacmanovi\u0107-Heydenreuter - Web-knji\u017eara\" \/>\n<meta property=\"og:description\" content=\"Sa\u017eetak: Bo\u017ei\u0107na bajka o bo\u017ei\u0107nim sajmovima, o zvijezdama, ro\u0111enju Isusa Krista Bilje\u0161ka o autoru\/autorici: Haira Lacmanovi\u0107-Heydenreuter je ro\u0111ena u \u0160ibeniku gdje je zavr\u0161ila gimnaziju. Studij je zapo\u010dela u Zadru te nastavila u M\u00fcnchenu. Studirala je povijest umjetnosti, germanistiku,slavistiku i povijest jugoisto\u010dne Europe. Magistrirala je na temu &#8220;Pad dubrova\u010dke republike&#8221;. Doktorirala je tako\u0111er u M\u00fcnhenu na [&hellip;]\" \/>\n<meta property=\"og:url\" content=\"https:\/\/webknjizara.hr\/proizvod\/stela-bozicna-bajka-haira-lacmanovic-heydenreuter\/\" \/>\n<meta property=\"og:site_name\" content=\"Web-knji\u017eara\" \/>\n<meta property=\"article:modified_time\" content=\"2023-02-26T23:18:01+00:00\" \/>\n<meta property=\"og:image\" content=\"https:\/\/webknjizara.hr\/wp-content\/uploads\/nc\/images\/virtuemart\/product\/Lacmanovic_Stella_bozicna_bajka_slikovnica_naslovnica_WEB.jpg\" \/>\n\t<meta property=\"og:image:width\" content=\"300\" \/>\n\t<meta property=\"og:image:height\" content=\"419\" \/>\n\t<meta property=\"og:image:type\" content=\"image\/jpeg\" \/>\n<meta name=\"twitter:card\" content=\"summary_large_image\" \/>\n<meta name=\"twitter:label1\" content=\"Est. reading time\" \/>\n\t<meta name=\"twitter:data1\" content=\"1 minute\" \/>\n<script type=\"application\/ld+json\" class=\"yoast-schema-graph\">{\"@context\":\"https:\\\/\\\/schema.org\",\"@graph\":[{\"@type\":\"WebPage\",\"@id\":\"https:\\\/\\\/webknjizara.hr\\\/proizvod\\\/stela-bozicna-bajka-haira-lacmanovic-heydenreuter\\\/\",\"url\":\"https:\\\/\\\/webknjizara.hr\\\/proizvod\\\/stela-bozicna-bajka-haira-lacmanovic-heydenreuter\\\/\",\"name\":\"STELA - BO\u017dI\u0106NA BAJKA, Haira Lacmanovi\u0107-Heydenreuter - Web-knji\u017eara\",\"isPartOf\":{\"@id\":\"https:\\\/\\\/webknjizara.hr\\\/#website\"},\"primaryImageOfPage\":{\"@id\":\"https:\\\/\\\/webknjizara.hr\\\/proizvod\\\/stela-bozicna-bajka-haira-lacmanovic-heydenreuter\\\/#primaryimage\"},\"image\":{\"@id\":\"https:\\\/\\\/webknjizara.hr\\\/proizvod\\\/stela-bozicna-bajka-haira-lacmanovic-heydenreuter\\\/#primaryimage\"},\"thumbnailUrl\":\"https:\\\/\\\/webknjizara.hr\\\/wp-content\\\/uploads\\\/nc\\\/images\\\/virtuemart\\\/product\\\/Lacmanovic_Stella_bozicna_bajka_slikovnica_naslovnica_WEB.jpg\",\"datePublished\":\"2019-12-09T18:40:10+00:00\",\"dateModified\":\"2023-02-26T23:18:01+00:00\",\"breadcrumb\":{\"@id\":\"https:\\\/\\\/webknjizara.hr\\\/proizvod\\\/stela-bozicna-bajka-haira-lacmanovic-heydenreuter\\\/#breadcrumb\"},\"inLanguage\":\"en-US\",\"potentialAction\":[{\"@type\":\"ReadAction\",\"target\":[\"https:\\\/\\\/webknjizara.hr\\\/proizvod\\\/stela-bozicna-bajka-haira-lacmanovic-heydenreuter\\\/\"]}]},{\"@type\":\"ImageObject\",\"inLanguage\":\"en-US\",\"@id\":\"https:\\\/\\\/webknjizara.hr\\\/proizvod\\\/stela-bozicna-bajka-haira-lacmanovic-heydenreuter\\\/#primaryimage\",\"url\":\"https:\\\/\\\/webknjizara.hr\\\/wp-content\\\/uploads\\\/nc\\\/images\\\/virtuemart\\\/product\\\/Lacmanovic_Stella_bozicna_bajka_slikovnica_naslovnica_WEB.jpg\",\"contentUrl\":\"https:\\\/\\\/webknjizara.hr\\\/wp-content\\\/uploads\\\/nc\\\/images\\\/virtuemart\\\/product\\\/Lacmanovic_Stella_bozicna_bajka_slikovnica_naslovnica_WEB.jpg\",\"width\":300,\"height\":419,\"caption\":\"STELA - BO\u017dI\u0106NA BAJKA, Haira Lacmanovi\u0107-Heydenreuter\"},{\"@type\":\"BreadcrumbList\",\"@id\":\"https:\\\/\\\/webknjizara.hr\\\/proizvod\\\/stela-bozicna-bajka-haira-lacmanovic-heydenreuter\\\/#breadcrumb\",\"itemListElement\":[{\"@type\":\"ListItem\",\"position\":1,\"name\":\"Po\u010detna stranica\",\"item\":\"https:\\\/\\\/webknjizara.hr\\\/en\\\/\"},{\"@type\":\"ListItem\",\"position\":2,\"name\":\"Shop\",\"item\":\"https:\\\/\\\/webknjizara.hr\\\/shop\\\/\"},{\"@type\":\"ListItem\",\"position\":3,\"name\":\"STELA &#8211; BO\u017dI\u0106NA BAJKA, Haira Lacmanovi\u0107-Heydenreuter\"}]},{\"@type\":\"WebSite\",\"@id\":\"https:\\\/\\\/webknjizara.hr\\\/#website\",\"url\":\"https:\\\/\\\/webknjizara.hr\\\/\",\"name\":\"Web Knji\u017eara\",\"description\":\"\",\"publisher\":{\"@id\":\"https:\\\/\\\/webknjizara.hr\\\/#organization\"},\"potentialAction\":[{\"@type\":\"SearchAction\",\"target\":{\"@type\":\"EntryPoint\",\"urlTemplate\":\"https:\\\/\\\/webknjizara.hr\\\/?s={search_term_string}\"},\"query-input\":{\"@type\":\"PropertyValueSpecification\",\"valueRequired\":true,\"valueName\":\"search_term_string\"}}],\"inLanguage\":\"en-US\"},{\"@type\":\"Organization\",\"@id\":\"https:\\\/\\\/webknjizara.hr\\\/#organization\",\"name\":\"REDAK D.O.O.\",\"url\":\"https:\\\/\\\/webknjizara.hr\\\/\",\"logo\":{\"@type\":\"ImageObject\",\"inLanguage\":\"en-US\",\"@id\":\"https:\\\/\\\/webknjizara.hr\\\/#\\\/schema\\\/logo\\\/image\\\/\",\"url\":\"https:\\\/\\\/webknjizara.hr\\\/wp-content\\\/uploads\\\/2023\\\/01\\\/web-knjizara-logo.webp\",\"contentUrl\":\"https:\\\/\\\/webknjizara.hr\\\/wp-content\\\/uploads\\\/2023\\\/01\\\/web-knjizara-logo.webp\",\"width\":324,\"height\":79,\"caption\":\"REDAK D.O.O.\"},\"image\":{\"@id\":\"https:\\\/\\\/webknjizara.hr\\\/#\\\/schema\\\/logo\\\/image\\\/\"}}]}<\/script>\n<!-- \/ Yoast SEO plugin. -->","yoast_head_json":{"title":"STELA - BO\u017dI\u0106NA BAJKA, Haira Lacmanovi\u0107-Heydenreuter - Web-knji\u017eara","robots":{"index":"index","follow":"follow","max-snippet":"max-snippet:-1","max-image-preview":"max-image-preview:large","max-video-preview":"max-video-preview:-1"},"canonical":"https:\/\/webknjizara.hr\/proizvod\/stela-bozicna-bajka-haira-lacmanovic-heydenreuter\/","og_locale":"en_US","og_type":"article","og_title":"STELA - BO\u017dI\u0106NA BAJKA, Haira Lacmanovi\u0107-Heydenreuter - Web-knji\u017eara","og_description":"Sa\u017eetak: Bo\u017ei\u0107na bajka o bo\u017ei\u0107nim sajmovima, o zvijezdama, ro\u0111enju Isusa Krista Bilje\u0161ka o autoru\/autorici: Haira Lacmanovi\u0107-Heydenreuter je ro\u0111ena u \u0160ibeniku gdje je zavr\u0161ila gimnaziju. Studij je zapo\u010dela u Zadru te nastavila u M\u00fcnchenu. Studirala je povijest umjetnosti, germanistiku,slavistiku i povijest jugoisto\u010dne Europe. Magistrirala je na temu &#8220;Pad dubrova\u010dke republike&#8221;. Doktorirala je tako\u0111er u M\u00fcnhenu na [&hellip;]","og_url":"https:\/\/webknjizara.hr\/proizvod\/stela-bozicna-bajka-haira-lacmanovic-heydenreuter\/","og_site_name":"Web-knji\u017eara","article_modified_time":"2023-02-26T23:18:01+00:00","og_image":[{"width":300,"height":419,"url":"https:\/\/webknjizara.hr\/wp-content\/uploads\/nc\/images\/virtuemart\/product\/Lacmanovic_Stella_bozicna_bajka_slikovnica_naslovnica_WEB.jpg","type":"image\/jpeg"}],"twitter_card":"summary_large_image","twitter_misc":{"Est. reading time":"1 minute"},"schema":{"@context":"https:\/\/schema.org","@graph":[{"@type":"WebPage","@id":"https:\/\/webknjizara.hr\/proizvod\/stela-bozicna-bajka-haira-lacmanovic-heydenreuter\/","url":"https:\/\/webknjizara.hr\/proizvod\/stela-bozicna-bajka-haira-lacmanovic-heydenreuter\/","name":"STELA - BO\u017dI\u0106NA BAJKA, Haira Lacmanovi\u0107-Heydenreuter - Web-knji\u017eara","isPartOf":{"@id":"https:\/\/webknjizara.hr\/#website"},"primaryImageOfPage":{"@id":"https:\/\/webknjizara.hr\/proizvod\/stela-bozicna-bajka-haira-lacmanovic-heydenreuter\/#primaryimage"},"image":{"@id":"https:\/\/webknjizara.hr\/proizvod\/stela-bozicna-bajka-haira-lacmanovic-heydenreuter\/#primaryimage"},"thumbnailUrl":"https:\/\/webknjizara.hr\/wp-content\/uploads\/nc\/images\/virtuemart\/product\/Lacmanovic_Stella_bozicna_bajka_slikovnica_naslovnica_WEB.jpg","datePublished":"2019-12-09T18:40:10+00:00","dateModified":"2023-02-26T23:18:01+00:00","breadcrumb":{"@id":"https:\/\/webknjizara.hr\/proizvod\/stela-bozicna-bajka-haira-lacmanovic-heydenreuter\/#breadcrumb"},"inLanguage":"en-US","potentialAction":[{"@type":"ReadAction","target":["https:\/\/webknjizara.hr\/proizvod\/stela-bozicna-bajka-haira-lacmanovic-heydenreuter\/"]}]},{"@type":"ImageObject","inLanguage":"en-US","@id":"https:\/\/webknjizara.hr\/proizvod\/stela-bozicna-bajka-haira-lacmanovic-heydenreuter\/#primaryimage","url":"https:\/\/webknjizara.hr\/wp-content\/uploads\/nc\/images\/virtuemart\/product\/Lacmanovic_Stella_bozicna_bajka_slikovnica_naslovnica_WEB.jpg","contentUrl":"https:\/\/webknjizara.hr\/wp-content\/uploads\/nc\/images\/virtuemart\/product\/Lacmanovic_Stella_bozicna_bajka_slikovnica_naslovnica_WEB.jpg","width":300,"height":419,"caption":"STELA - BO\u017dI\u0106NA BAJKA, Haira Lacmanovi\u0107-Heydenreuter"},{"@type":"BreadcrumbList","@id":"https:\/\/webknjizara.hr\/proizvod\/stela-bozicna-bajka-haira-lacmanovic-heydenreuter\/#breadcrumb","itemListElement":[{"@type":"ListItem","position":1,"name":"Po\u010detna stranica","item":"https:\/\/webknjizara.hr\/en\/"},{"@type":"ListItem","position":2,"name":"Shop","item":"https:\/\/webknjizara.hr\/shop\/"},{"@type":"ListItem","position":3,"name":"STELA &#8211; BO\u017dI\u0106NA BAJKA, Haira Lacmanovi\u0107-Heydenreuter"}]},{"@type":"WebSite","@id":"https:\/\/webknjizara.hr\/#website","url":"https:\/\/webknjizara.hr\/","name":"Web Knji\u017eara","description":"","publisher":{"@id":"https:\/\/webknjizara.hr\/#organization"},"potentialAction":[{"@type":"SearchAction","target":{"@type":"EntryPoint","urlTemplate":"https:\/\/webknjizara.hr\/?s={search_term_string}"},"query-input":{"@type":"PropertyValueSpecification","valueRequired":true,"valueName":"search_term_string"}}],"inLanguage":"en-US"},{"@type":"Organization","@id":"https:\/\/webknjizara.hr\/#organization","name":"REDAK D.O.O.","url":"https:\/\/webknjizara.hr\/","logo":{"@type":"ImageObject","inLanguage":"en-US","@id":"https:\/\/webknjizara.hr\/#\/schema\/logo\/image\/","url":"https:\/\/webknjizara.hr\/wp-content\/uploads\/2023\/01\/web-knjizara-logo.webp","contentUrl":"https:\/\/webknjizara.hr\/wp-content\/uploads\/2023\/01\/web-knjizara-logo.webp","width":324,"height":79,"caption":"REDAK D.O.O."},"image":{"@id":"https:\/\/webknjizara.hr\/#\/schema\/logo\/image\/"}}]}},"_links":{"self":[{"href":"https:\/\/webknjizara.hr\/en\/wp-json\/wp\/v2\/product\/9161","targetHints":{"allow":["GET"]}}],"collection":[{"href":"https:\/\/webknjizara.hr\/en\/wp-json\/wp\/v2\/product"}],"about":[{"href":"https:\/\/webknjizara.hr\/en\/wp-json\/wp\/v2\/types\/product"}],"replies":[{"embeddable":true,"href":"https:\/\/webknjizara.hr\/en\/wp-json\/wp\/v2\/comments?post=9161"}],"wp:featuredmedia":[{"embeddable":true,"href":"https:\/\/webknjizara.hr\/en\/wp-json\/wp\/v2\/media\/9162"}],"wp:attachment":[{"href":"https:\/\/webknjizara.hr\/en\/wp-json\/wp\/v2\/media?parent=9161"}],"wp:term":[{"taxonomy":"product_brand","embeddable":true,"href":"https:\/\/webknjizara.hr\/en\/wp-json\/wp\/v2\/product_brand?post=9161"},{"taxonomy":"product_cat","embeddable":true,"href":"https:\/\/webknjizara.hr\/en\/wp-json\/wp\/v2\/product_cat?post=9161"},{"taxonomy":"product_tag","embeddable":true,"href":"https:\/\/webknjizara.hr\/en\/wp-json\/wp\/v2\/product_tag?post=9161"}],"curies":[{"name":"wp","href":"https:\/\/api.w.org\/{rel}","templated":true}]}}