{"id":9151,"date":"2019-11-28T16:45:25","date_gmt":"2019-11-28T16:45:25","guid":{"rendered":"https:\/\/webknjizara.hr\/?product=poezija-zlatnih-stihova-2-grupa-autora"},"modified":"2023-02-27T00:17:58","modified_gmt":"2023-02-26T23:17:58","slug":"poezija-zlatnih-stihova-grupa-autora-1","status":"publish","type":"product","link":"https:\/\/webknjizara.hr\/en\/proizvod\/poezija-zlatnih-stihova-grupa-autora-1\/","title":{"rendered":"POEZIJA ZLATNIH STIHOVA 2, Grupa autora"},"content":{"rendered":"<p><strong>Sa\u017eetak:<\/strong><\/p>\n<p>\u010citaju\u0107i stihove utapam se od miline u njima. To je ta posebnost koju nam samo poezija pru\u017ea.<\/p>\n<p>Uhvatim se \u010desto na kraju nekog teksta kako tra\u017eim gdje je lajk da otisnem srce. Toliko sam bila izgubljena u rije\u010dima. Stihovi koji se ovdje kriju su toliko \u017eivotni, a tako svakodnevni, iz raznolikih obi\u010dnih situacija, a opet tako posebno i vje\u0161to zapisani.<\/p>\n<p>Zapitala sam se \u010dak kako se i sama nikad nisam dosjetila pisati ba\u0161 o tome ne\u010demu, naizgled tako banalnom, a ipak strastveno opisano bujicom rije\u010di.<\/p>\n<p>Svaki od ovih zlatnih stihova ima du\u0161u. Ono ne\u0161to posebno \u010dega se dosjetio samo autor. Tvorac svojih zlatnih stihova koji ulijevaju svoje zlatne niti kroz slova, rije\u010di i re\u010denice ravno u misli \u010ditatelja.<\/p>\n<p>Preporuka \u017deljana Andrijani\u0107<br \/>urednica stranice Topli kutak za male i velike \u010ditatelje<\/p>\n<p><strong>Bilje\u0161ka o autoru\/autorici:<\/strong><\/p>\n<p>Pjesme su nastale u razdoblju od 1.7.2019. do 31.8.2019. godine, a autori su \u010dlanovi Facebook grupe Pisci i Knji\u017eevnost i Facebook stranice Pisci i Knji\u017eevnost.<\/p>\n<p>Tvorci ovih pjesama pi\u0161u nam iz Hrvatske, Bosne i Hercegovine, Srbije, Danske, Crne Gore, Makedonije i Italije.<\/p>\n<p>Alenka Tuli\u010di\u0107-Mihel\u010di\u0107, Alma Buljuba\u0161i\u0107, Amalija Ljubica Sedla\u010dek, Andrea Krej\u010di, Anica Ivi\u0107, Bernarda \u0106uri\u0107, Biserka Pir\u0161lin, Blanka Kraljevi\u0107, Bojana Krsti\u0107, Dragana Latinovi\u0107, Du\u0161anka V. Raca, Emila Paki\u0107, Evica Kralji\u0107, Franciska Antolovi\u0107, Gordana Bartol, Ibrahim Ibrahimovi\u0107, Ivanka Todorova Milo\u0161evska, Ivanka Zulim Miji\u0107, Jelena Ben\u010di\u0107, Jelena Zagorac, Kristina Mlaki\u0107, Kruno \u0160afrani\u0107, Ljiljana \u0106ui\u0107, Marijana Sori\u0107, Marina Stiplo\u0161ek, Melika Popovi\u0107, Mirela Klarin, Natalija Vidak, Nela Bari\u010devi\u0107, Nikolina Popovi\u0107, Nives Zovko, Paula Lina Klisura, Sla\u0111ana Benkus, Slaven Trebovac, Slavica Juhas, Svetlana (Dimi\u0107) \u0106ulum, Svetlana Pantovi\u0107 \u017dilo, \u0160tefica Vanjek, Tatjana Vojinovi\u0107, Tea Piplovi\u0107, Uro\u0161 Vuja\u010di\u0107, Valentina Pir\u0161lin, Vera Spasi\u0107, Vesna Koji\u0107, Vesna \u0160pani\u0107, Vladimir Njaradi, \u017dana Coven<\/p>\n<p>Ilustracija naslovnice: Megi Horak Orli\u0107<\/p>\n<p><strong>Klju\u010dne rije\u010di:<\/strong> Pisci i Knji\u017eevnost, Poezija, zlatnih, stihova, 2, pjesme<br \/><strong>Link:<\/strong> Pisci i Knji\u017eevnost<br \/><a href=\"https:\/\/www.facebook.com\/groups\/245484055481932\/\" target=\"_blank\" rel=\"noopener noreferrer\">https:\/\/www.facebook.com\/groups\/245484055481932\/<\/a><\/p>\n<p>PiK kutak &#8211; knji\u017eevnost koja se \u010dita i pamti<br \/><a href=\"https:\/\/www.facebook.com\/groups\/1827073877599047\/\" target=\"_blank\" rel=\"noopener noreferrer\">https:\/\/www.facebook.com\/groups\/1827073877599047\/<\/a><\/p>\n<p>Pisci i Knji\u017eevnost &#8211; Writers and Literature<br \/><a href=\"https:\/\/www.facebook.com\/pisciknjizevnost.pik\/\" target=\"_blank\" rel=\"noopener noreferrer\">https:\/\/www.facebook.com\/pisciknjizevnost.pik\/<\/a><\/p>\n<p>Web stranica Pisci i Knji\u017eevnost<br \/><a href=\"https:\/\/bit.ly\/2VxBWKu\" target=\"_blank\" rel=\"noopener noreferrer\">https:\/\/bit.ly\/2VxBWKu<\/a><\/p>\n<p>Instagram profil<br \/><a href=\"https:\/\/www.instagram.com\/let_s_read_croatian_authors\/\" target=\"_blank\" rel=\"noopener noreferrer\">https:\/\/www.instagram.com\/let_s_read_croatian_authors\/<\/a><\/p>\n<p><strong>E-mail:<\/strong> <a href=\"mailto:knjigamojprijatelj@outlook.com\" target=\"_blank\" rel=\"noopener noreferrer\">knjigamojprijatelj<\/a><\/p>\n<p>\u00a0<\/p>\n<p><strong>Naslov:<\/strong> Poezija zlatnih stihova 2<br \/><strong>Autor:<\/strong> Pisci i knji\u017eevnost &#8211; grupa autora<br \/><strong>Broj stranica:<\/strong> 310<br \/><strong>Nakladnik:<\/strong> REDAK<br \/><strong>Godina izdanja:<\/strong> 2019 .<br \/><strong>ISBN:<\/strong> 978-953-336-626-5, 978-953-336-627-2 (cjelina)<br \/><strong>Tisak:<\/strong> digitalni tisak knjiga &#8211; print na zahtjev<\/p>\n<p>\u00a0<\/p>\n<hr \/>\n<p style=\"text-align: justify;\"><strong>Kako naru\u010diti knjigu?\u00a0<\/strong>Proces online kupovine jednako funkcionira za sve kupce, s jedinom razlikom u tome \u0161to \u0161to kupci iz inozemstva za podru\u010dje dostave moraju odabrati &#8220;Europa&#8221; ili &#8220;Ostale zemlje svijeta&#8221;, a za vrstu pla\u0107anja WSPay (kreditna kartica) ili Virmanom (bankovni transfer).<\/p>\n","protected":false},"excerpt":{"rendered":"<p>Sa\u017eetak: \u010citaju\u0107i stihove utapam se od miline u njima. To je ta posebnost koju nam samo poezija pru\u017ea. Uhvatim se \u010desto na kraju nekog teksta kako tra\u017eim gdje je lajk da otisnem srce. Toliko sam bila izgubljena u rije\u010dima. Stihovi koji se ovdje kriju su toliko \u017eivotni, a tako svakodnevni, iz raznolikih obi\u010dnih situacija, a [&hellip;]<\/p>\n","protected":false},"featured_media":9152,"comment_status":"open","ping_status":"closed","template":"","meta":{"_acf_changed":false},"product_brand":[],"product_cat":[1383,1385],"product_tag":[],"class_list":{"0":"post-9151","1":"product","2":"type-product","3":"status-publish","4":"has-post-thumbnail","6":"product_cat-knjige","7":"product_cat-knjizevnost","8":"pa_autor-pisci-i-knjizevnost-grupa-autora","9":"pa_nakladnik-redak","11":"first","12":"instock","13":"shipping-taxable","14":"purchasable","15":"product-type-simple"},"acf":[],"yoast_head":"<!-- This site is optimized with the Yoast SEO plugin v27.3 - https:\/\/yoast.com\/product\/yoast-seo-wordpress\/ -->\n<title>POEZIJA ZLATNIH STIHOVA 2, Grupa autora - Web-knji\u017eara<\/title>\n<meta name=\"robots\" content=\"index, follow, max-snippet:-1, max-image-preview:large, max-video-preview:-1\" \/>\n<link rel=\"canonical\" href=\"https:\/\/webknjizara.hr\/proizvod\/poezija-zlatnih-stihova-grupa-autora-1\/\" \/>\n<meta property=\"og:locale\" content=\"en_US\" \/>\n<meta property=\"og:type\" content=\"article\" \/>\n<meta property=\"og:title\" content=\"POEZIJA ZLATNIH STIHOVA 2, Grupa autora - Web-knji\u017eara\" \/>\n<meta property=\"og:description\" content=\"Sa\u017eetak: \u010citaju\u0107i stihove utapam se od miline u njima. To je ta posebnost koju nam samo poezija pru\u017ea. Uhvatim se \u010desto na kraju nekog teksta kako tra\u017eim gdje je lajk da otisnem srce. Toliko sam bila izgubljena u rije\u010dima. Stihovi koji se ovdje kriju su toliko \u017eivotni, a tako svakodnevni, iz raznolikih obi\u010dnih situacija, a [&hellip;]\" \/>\n<meta property=\"og:url\" content=\"https:\/\/webknjizara.hr\/proizvod\/poezija-zlatnih-stihova-grupa-autora-1\/\" \/>\n<meta property=\"og:site_name\" content=\"Web-knji\u017eara\" \/>\n<meta property=\"article:modified_time\" content=\"2023-02-26T23:17:58+00:00\" \/>\n<meta property=\"og:image\" content=\"https:\/\/webknjizara.hr\/wp-content\/uploads\/nc\/images\/virtuemart\/product\/poezija_zlatnih_stihova_2_WEB.jpg\" \/>\n\t<meta property=\"og:image:width\" content=\"300\" \/>\n\t<meta property=\"og:image:height\" content=\"419\" \/>\n\t<meta property=\"og:image:type\" content=\"image\/jpeg\" \/>\n<meta name=\"twitter:card\" content=\"summary_large_image\" \/>\n<meta name=\"twitter:label1\" content=\"Est. reading time\" \/>\n\t<meta name=\"twitter:data1\" content=\"2 minutes\" \/>\n<script type=\"application\/ld+json\" class=\"yoast-schema-graph\">{\"@context\":\"https:\\\/\\\/schema.org\",\"@graph\":[{\"@type\":\"WebPage\",\"@id\":\"https:\\\/\\\/webknjizara.hr\\\/proizvod\\\/poezija-zlatnih-stihova-grupa-autora-1\\\/\",\"url\":\"https:\\\/\\\/webknjizara.hr\\\/proizvod\\\/poezija-zlatnih-stihova-grupa-autora-1\\\/\",\"name\":\"POEZIJA ZLATNIH STIHOVA 2, Grupa autora - Web-knji\u017eara\",\"isPartOf\":{\"@id\":\"https:\\\/\\\/webknjizara.hr\\\/#website\"},\"primaryImageOfPage\":{\"@id\":\"https:\\\/\\\/webknjizara.hr\\\/proizvod\\\/poezija-zlatnih-stihova-grupa-autora-1\\\/#primaryimage\"},\"image\":{\"@id\":\"https:\\\/\\\/webknjizara.hr\\\/proizvod\\\/poezija-zlatnih-stihova-grupa-autora-1\\\/#primaryimage\"},\"thumbnailUrl\":\"https:\\\/\\\/webknjizara.hr\\\/wp-content\\\/uploads\\\/nc\\\/images\\\/virtuemart\\\/product\\\/poezija_zlatnih_stihova_2_WEB.jpg\",\"datePublished\":\"2019-11-28T16:45:25+00:00\",\"dateModified\":\"2023-02-26T23:17:58+00:00\",\"breadcrumb\":{\"@id\":\"https:\\\/\\\/webknjizara.hr\\\/proizvod\\\/poezija-zlatnih-stihova-grupa-autora-1\\\/#breadcrumb\"},\"inLanguage\":\"en-US\",\"potentialAction\":[{\"@type\":\"ReadAction\",\"target\":[\"https:\\\/\\\/webknjizara.hr\\\/proizvod\\\/poezija-zlatnih-stihova-grupa-autora-1\\\/\"]}]},{\"@type\":\"ImageObject\",\"inLanguage\":\"en-US\",\"@id\":\"https:\\\/\\\/webknjizara.hr\\\/proizvod\\\/poezija-zlatnih-stihova-grupa-autora-1\\\/#primaryimage\",\"url\":\"https:\\\/\\\/webknjizara.hr\\\/wp-content\\\/uploads\\\/nc\\\/images\\\/virtuemart\\\/product\\\/poezija_zlatnih_stihova_2_WEB.jpg\",\"contentUrl\":\"https:\\\/\\\/webknjizara.hr\\\/wp-content\\\/uploads\\\/nc\\\/images\\\/virtuemart\\\/product\\\/poezija_zlatnih_stihova_2_WEB.jpg\",\"width\":300,\"height\":419,\"caption\":\"POEZIJA ZLATNIH STIHOVA 2, Grupa autora\"},{\"@type\":\"BreadcrumbList\",\"@id\":\"https:\\\/\\\/webknjizara.hr\\\/proizvod\\\/poezija-zlatnih-stihova-grupa-autora-1\\\/#breadcrumb\",\"itemListElement\":[{\"@type\":\"ListItem\",\"position\":1,\"name\":\"Po\u010detna stranica\",\"item\":\"https:\\\/\\\/webknjizara.hr\\\/en\\\/\"},{\"@type\":\"ListItem\",\"position\":2,\"name\":\"Shop\",\"item\":\"https:\\\/\\\/webknjizara.hr\\\/shop\\\/\"},{\"@type\":\"ListItem\",\"position\":3,\"name\":\"POEZIJA ZLATNIH STIHOVA 2, Grupa autora\"}]},{\"@type\":\"WebSite\",\"@id\":\"https:\\\/\\\/webknjizara.hr\\\/#website\",\"url\":\"https:\\\/\\\/webknjizara.hr\\\/\",\"name\":\"Web Knji\u017eara\",\"description\":\"\",\"publisher\":{\"@id\":\"https:\\\/\\\/webknjizara.hr\\\/#organization\"},\"potentialAction\":[{\"@type\":\"SearchAction\",\"target\":{\"@type\":\"EntryPoint\",\"urlTemplate\":\"https:\\\/\\\/webknjizara.hr\\\/?s={search_term_string}\"},\"query-input\":{\"@type\":\"PropertyValueSpecification\",\"valueRequired\":true,\"valueName\":\"search_term_string\"}}],\"inLanguage\":\"en-US\"},{\"@type\":\"Organization\",\"@id\":\"https:\\\/\\\/webknjizara.hr\\\/#organization\",\"name\":\"REDAK D.O.O.\",\"url\":\"https:\\\/\\\/webknjizara.hr\\\/\",\"logo\":{\"@type\":\"ImageObject\",\"inLanguage\":\"en-US\",\"@id\":\"https:\\\/\\\/webknjizara.hr\\\/#\\\/schema\\\/logo\\\/image\\\/\",\"url\":\"https:\\\/\\\/webknjizara.hr\\\/wp-content\\\/uploads\\\/2023\\\/01\\\/web-knjizara-logo.webp\",\"contentUrl\":\"https:\\\/\\\/webknjizara.hr\\\/wp-content\\\/uploads\\\/2023\\\/01\\\/web-knjizara-logo.webp\",\"width\":324,\"height\":79,\"caption\":\"REDAK D.O.O.\"},\"image\":{\"@id\":\"https:\\\/\\\/webknjizara.hr\\\/#\\\/schema\\\/logo\\\/image\\\/\"}}]}<\/script>\n<!-- \/ Yoast SEO plugin. -->","yoast_head_json":{"title":"POEZIJA ZLATNIH STIHOVA 2, Grupa autora - Web-knji\u017eara","robots":{"index":"index","follow":"follow","max-snippet":"max-snippet:-1","max-image-preview":"max-image-preview:large","max-video-preview":"max-video-preview:-1"},"canonical":"https:\/\/webknjizara.hr\/proizvod\/poezija-zlatnih-stihova-grupa-autora-1\/","og_locale":"en_US","og_type":"article","og_title":"POEZIJA ZLATNIH STIHOVA 2, Grupa autora - Web-knji\u017eara","og_description":"Sa\u017eetak: \u010citaju\u0107i stihove utapam se od miline u njima. To je ta posebnost koju nam samo poezija pru\u017ea. Uhvatim se \u010desto na kraju nekog teksta kako tra\u017eim gdje je lajk da otisnem srce. Toliko sam bila izgubljena u rije\u010dima. Stihovi koji se ovdje kriju su toliko \u017eivotni, a tako svakodnevni, iz raznolikih obi\u010dnih situacija, a [&hellip;]","og_url":"https:\/\/webknjizara.hr\/proizvod\/poezija-zlatnih-stihova-grupa-autora-1\/","og_site_name":"Web-knji\u017eara","article_modified_time":"2023-02-26T23:17:58+00:00","og_image":[{"width":300,"height":419,"url":"https:\/\/webknjizara.hr\/wp-content\/uploads\/nc\/images\/virtuemart\/product\/poezija_zlatnih_stihova_2_WEB.jpg","type":"image\/jpeg"}],"twitter_card":"summary_large_image","twitter_misc":{"Est. reading time":"2 minutes"},"schema":{"@context":"https:\/\/schema.org","@graph":[{"@type":"WebPage","@id":"https:\/\/webknjizara.hr\/proizvod\/poezija-zlatnih-stihova-grupa-autora-1\/","url":"https:\/\/webknjizara.hr\/proizvod\/poezija-zlatnih-stihova-grupa-autora-1\/","name":"POEZIJA ZLATNIH STIHOVA 2, Grupa autora - Web-knji\u017eara","isPartOf":{"@id":"https:\/\/webknjizara.hr\/#website"},"primaryImageOfPage":{"@id":"https:\/\/webknjizara.hr\/proizvod\/poezija-zlatnih-stihova-grupa-autora-1\/#primaryimage"},"image":{"@id":"https:\/\/webknjizara.hr\/proizvod\/poezija-zlatnih-stihova-grupa-autora-1\/#primaryimage"},"thumbnailUrl":"https:\/\/webknjizara.hr\/wp-content\/uploads\/nc\/images\/virtuemart\/product\/poezija_zlatnih_stihova_2_WEB.jpg","datePublished":"2019-11-28T16:45:25+00:00","dateModified":"2023-02-26T23:17:58+00:00","breadcrumb":{"@id":"https:\/\/webknjizara.hr\/proizvod\/poezija-zlatnih-stihova-grupa-autora-1\/#breadcrumb"},"inLanguage":"en-US","potentialAction":[{"@type":"ReadAction","target":["https:\/\/webknjizara.hr\/proizvod\/poezija-zlatnih-stihova-grupa-autora-1\/"]}]},{"@type":"ImageObject","inLanguage":"en-US","@id":"https:\/\/webknjizara.hr\/proizvod\/poezija-zlatnih-stihova-grupa-autora-1\/#primaryimage","url":"https:\/\/webknjizara.hr\/wp-content\/uploads\/nc\/images\/virtuemart\/product\/poezija_zlatnih_stihova_2_WEB.jpg","contentUrl":"https:\/\/webknjizara.hr\/wp-content\/uploads\/nc\/images\/virtuemart\/product\/poezija_zlatnih_stihova_2_WEB.jpg","width":300,"height":419,"caption":"POEZIJA ZLATNIH STIHOVA 2, Grupa autora"},{"@type":"BreadcrumbList","@id":"https:\/\/webknjizara.hr\/proizvod\/poezija-zlatnih-stihova-grupa-autora-1\/#breadcrumb","itemListElement":[{"@type":"ListItem","position":1,"name":"Po\u010detna stranica","item":"https:\/\/webknjizara.hr\/en\/"},{"@type":"ListItem","position":2,"name":"Shop","item":"https:\/\/webknjizara.hr\/shop\/"},{"@type":"ListItem","position":3,"name":"POEZIJA ZLATNIH STIHOVA 2, Grupa autora"}]},{"@type":"WebSite","@id":"https:\/\/webknjizara.hr\/#website","url":"https:\/\/webknjizara.hr\/","name":"Web Knji\u017eara","description":"","publisher":{"@id":"https:\/\/webknjizara.hr\/#organization"},"potentialAction":[{"@type":"SearchAction","target":{"@type":"EntryPoint","urlTemplate":"https:\/\/webknjizara.hr\/?s={search_term_string}"},"query-input":{"@type":"PropertyValueSpecification","valueRequired":true,"valueName":"search_term_string"}}],"inLanguage":"en-US"},{"@type":"Organization","@id":"https:\/\/webknjizara.hr\/#organization","name":"REDAK D.O.O.","url":"https:\/\/webknjizara.hr\/","logo":{"@type":"ImageObject","inLanguage":"en-US","@id":"https:\/\/webknjizara.hr\/#\/schema\/logo\/image\/","url":"https:\/\/webknjizara.hr\/wp-content\/uploads\/2023\/01\/web-knjizara-logo.webp","contentUrl":"https:\/\/webknjizara.hr\/wp-content\/uploads\/2023\/01\/web-knjizara-logo.webp","width":324,"height":79,"caption":"REDAK D.O.O."},"image":{"@id":"https:\/\/webknjizara.hr\/#\/schema\/logo\/image\/"}}]}},"_links":{"self":[{"href":"https:\/\/webknjizara.hr\/en\/wp-json\/wp\/v2\/product\/9151","targetHints":{"allow":["GET"]}}],"collection":[{"href":"https:\/\/webknjizara.hr\/en\/wp-json\/wp\/v2\/product"}],"about":[{"href":"https:\/\/webknjizara.hr\/en\/wp-json\/wp\/v2\/types\/product"}],"replies":[{"embeddable":true,"href":"https:\/\/webknjizara.hr\/en\/wp-json\/wp\/v2\/comments?post=9151"}],"wp:featuredmedia":[{"embeddable":true,"href":"https:\/\/webknjizara.hr\/en\/wp-json\/wp\/v2\/media\/9152"}],"wp:attachment":[{"href":"https:\/\/webknjizara.hr\/en\/wp-json\/wp\/v2\/media?parent=9151"}],"wp:term":[{"taxonomy":"product_brand","embeddable":true,"href":"https:\/\/webknjizara.hr\/en\/wp-json\/wp\/v2\/product_brand?post=9151"},{"taxonomy":"product_cat","embeddable":true,"href":"https:\/\/webknjizara.hr\/en\/wp-json\/wp\/v2\/product_cat?post=9151"},{"taxonomy":"product_tag","embeddable":true,"href":"https:\/\/webknjizara.hr\/en\/wp-json\/wp\/v2\/product_tag?post=9151"}],"curies":[{"name":"wp","href":"https:\/\/api.w.org\/{rel}","templated":true}]}}