{"id":9107,"date":"2019-10-24T16:29:18","date_gmt":"2019-10-24T16:29:18","guid":{"rendered":"https:\/\/webknjizara.hr\/?product=kutija-sandala-br-38-lili-lokin"},"modified":"2023-02-27T00:17:55","modified_gmt":"2023-02-26T23:17:55","slug":"kutija-sandala-br-38-lili-lokin","status":"publish","type":"product","link":"https:\/\/webknjizara.hr\/en\/proizvod\/kutija-sandala-br-38-lili-lokin\/","title":{"rendered":"KUTIJA SANDALA BR. 38, Lili Lokin"},"content":{"rendered":"<p><strong>Sa\u017eetak:<\/strong><\/p>\n<p>&#8220;Ono svakodnevno i obi\u010dno jedino je \u0161to nam pripada&#8221;, i nalazi se u jednoj obi\u010dnoj kutiji od cipela. U takvim se kutijama \u010duvaju uspomene i sitnice velikog zna\u010daja koje autorica izvla\u010di na svjetlo dana kao iz \u010darobnjakovog \u0161e\u0161ira.<br \/>I sve \u0161to je obi\u010dno postaje posebno i dragocjeno. U malim dnevnim rutinama, raspolo\u017eenjima, marginalnim zbivanjima i perifernim slikama o\u017eivljavaju ljepote, za\u010dudnosti i povodi za propitivanjem o ljudima, svijetu, vremenu u kojem \u017eivimo i onom koje je ostalo iza nas.<br \/>Lako i poeti\u010dno, nekad s dozom humora, nekad uz malo nostalgije, pri\u010de i zapisi iz &#8220;Kutije sandala br. 38&#8221; pri\u010daju o \u017eivotu obi\u010dnog \u010dovjeka: o danima u kojima se naizgled ni\u0161ta ne doga\u0111a, o slu\u010dajnim susretima, o kavi, o malom du\u0107anu i velikom robnom centru, o \u010dekanju na blagajni, o mirisima pro\u0161losti i slikama sada\u0161njosti, o jutrima, bu\u0111enju, o malim i velikim po\u010detcima, o Novim godinama i sije\u010danjskoj pusto\u0161i\u2026 o<br \/>raznolikim dijelovima onih nenagla\u0161enih \u017eivotnih iskustava u kojima se svi prepoznaju<br \/>Pri\u010de i zapisi u knjizi prate jednogodi\u0161nji tijek vremena kroz mijene i ritam godi\u0161njih doba, suptilno ih povezuju\u0107i s ljudskim do\u017eivljajima, obi\u010dajima, navikama i promi\u0161ljanjima.<\/p>\n<p><strong>Bilje\u0161ka o autoru\/autorici:<\/strong><\/p>\n<p>Autorica je diplomirala na Fakultetu politi\u010dkih znanosti u Zagrebu.<br \/>Radila je u sustavu odgoja i obrazovanja kao srednjo\u0161kolski profesor i djelovala kroz civilno dru\u0161tvo kao autor i voditelj projekata iz podru\u010dja odgoja za ljudska prava u sustavu pred\u0161kolskog odgoja. I dalje povremeno sudjeluje na sli\u010dnim projektima.<br \/>Posljednjih godina radi pri servisu za kreiranje sadr\u017eaja, grafi\u010dko oblikovanje i izdava\u0161tvo gospodarske udruge \u201eArtstudio\u201c.<br \/>Kontinuirano pi\u0161e pri\u010de za djecu i odrasle, i sve koji se tako osje\u0107aju.<\/p>\n<p><strong>Klju\u010dne rije\u010di:<\/strong> Pri\u010de, kutija, sandale, zapisi, trenutci,<\/p>\n<p><strong>E-mail:\u00a0<\/strong><\/p>\n<p>\u00a0<\/p>\n<p><strong>Naslov:<\/strong> KUTIJA SANDALA BR. 38<br \/><strong>Autor:<\/strong> Lili Lokin<br \/><strong>Broj stranica:<\/strong> 150<br \/><strong>Nakladnik:<\/strong> Redak<br \/><strong>Godina izdanja:<\/strong> 2019 .<br \/><strong>ISBN:<\/strong> 978-953-336-620-3<br \/><strong>Tisak:<\/strong> digitalni tisak knjiga &#8211; print na zahtjev<\/p>\n<p>\u00a0<\/p>\n<hr \/>\n<p style=\"text-align: justify;\"><strong>Kako naru\u010diti knjigu?\u00a0<\/strong>Proces online kupovine jednako funkcionira za sve kupce, s jedinom razlikom u tome \u0161to \u0161to kupci iz inozemstva za podru\u010dje dostave moraju odabrati &#8220;Europa&#8221; ili &#8220;Ostale zemlje svijeta&#8221;, a za vrstu pla\u0107anja WSPay (kreditna kartica) ili Virmanom (bankovni transfer).<\/p>\n<p style=\"text-align: justify;\">Molimo kliknite ovdje za\u00a0<a href=\"hr\/kako-kupovati\" target=\"_blank\" rel=\"noopener noreferrer\">detaljni vodi\u010d kroz proces narud\u017ebe<\/a>\u00a0ili nas\u00a0<a href=\"hr\/kontakt\" target=\"_blank\" rel=\"noopener noreferrer\">kontaktirajte<\/a>\u00a0za vi\u0161e informacija<\/p>\n","protected":false},"excerpt":{"rendered":"<p>Sa\u017eetak: &#8220;Ono svakodnevno i obi\u010dno jedino je \u0161to nam pripada&#8221;, i nalazi se u jednoj obi\u010dnoj kutiji od cipela. U takvim se kutijama \u010duvaju uspomene i sitnice velikog zna\u010daja koje autorica izvla\u010di na svjetlo dana kao iz \u010darobnjakovog \u0161e\u0161ira.I sve \u0161to je obi\u010dno postaje posebno i dragocjeno. U malim dnevnim rutinama, raspolo\u017eenjima, marginalnim zbivanjima i [&hellip;]<\/p>\n","protected":false},"featured_media":9108,"comment_status":"open","ping_status":"closed","template":"","meta":{"_acf_changed":false},"product_brand":[],"product_cat":[1607],"product_tag":[],"class_list":{"0":"post-9107","1":"product","2":"type-product","3":"status-publish","4":"has-post-thumbnail","6":"product_cat-proza","7":"pa_autor-lili-lokin","8":"pa_nakladnik-redak","10":"first","11":"instock","12":"shipping-taxable","13":"purchasable","14":"product-type-simple"},"acf":[],"yoast_head":"<!-- This site is optimized with the Yoast SEO plugin v27.3 - https:\/\/yoast.com\/product\/yoast-seo-wordpress\/ -->\n<title>KUTIJA SANDALA BR. 38, Lili Lokin - Web-knji\u017eara<\/title>\n<meta name=\"robots\" content=\"index, follow, max-snippet:-1, max-image-preview:large, max-video-preview:-1\" \/>\n<link rel=\"canonical\" href=\"https:\/\/webknjizara.hr\/proizvod\/kutija-sandala-br-38-lili-lokin\/\" \/>\n<meta property=\"og:locale\" content=\"en_US\" \/>\n<meta property=\"og:type\" content=\"article\" \/>\n<meta property=\"og:title\" content=\"KUTIJA SANDALA BR. 38, Lili Lokin - Web-knji\u017eara\" \/>\n<meta property=\"og:description\" content=\"Sa\u017eetak: &#8220;Ono svakodnevno i obi\u010dno jedino je \u0161to nam pripada&#8221;, i nalazi se u jednoj obi\u010dnoj kutiji od cipela. U takvim se kutijama \u010duvaju uspomene i sitnice velikog zna\u010daja koje autorica izvla\u010di na svjetlo dana kao iz \u010darobnjakovog \u0161e\u0161ira.I sve \u0161to je obi\u010dno postaje posebno i dragocjeno. U malim dnevnim rutinama, raspolo\u017eenjima, marginalnim zbivanjima i [&hellip;]\" \/>\n<meta property=\"og:url\" content=\"https:\/\/webknjizara.hr\/proizvod\/kutija-sandala-br-38-lili-lokin\/\" \/>\n<meta property=\"og:site_name\" content=\"Web-knji\u017eara\" \/>\n<meta property=\"article:modified_time\" content=\"2023-02-26T23:17:55+00:00\" \/>\n<meta property=\"og:image\" content=\"https:\/\/webknjizara.hr\/wp-content\/uploads\/nc\/images\/virtuemart\/product\/Lili_Lokin_Kutija_sandala_br38_naslovnica_WEB.jpg\" \/>\n\t<meta property=\"og:image:width\" content=\"300\" \/>\n\t<meta property=\"og:image:height\" content=\"419\" \/>\n\t<meta property=\"og:image:type\" content=\"image\/jpeg\" \/>\n<meta name=\"twitter:card\" content=\"summary_large_image\" \/>\n<meta name=\"twitter:label1\" content=\"Est. reading time\" \/>\n\t<meta name=\"twitter:data1\" content=\"2 minutes\" \/>\n<script type=\"application\/ld+json\" class=\"yoast-schema-graph\">{\"@context\":\"https:\\\/\\\/schema.org\",\"@graph\":[{\"@type\":\"WebPage\",\"@id\":\"https:\\\/\\\/webknjizara.hr\\\/proizvod\\\/kutija-sandala-br-38-lili-lokin\\\/\",\"url\":\"https:\\\/\\\/webknjizara.hr\\\/proizvod\\\/kutija-sandala-br-38-lili-lokin\\\/\",\"name\":\"KUTIJA SANDALA BR. 38, Lili Lokin - Web-knji\u017eara\",\"isPartOf\":{\"@id\":\"https:\\\/\\\/webknjizara.hr\\\/#website\"},\"primaryImageOfPage\":{\"@id\":\"https:\\\/\\\/webknjizara.hr\\\/proizvod\\\/kutija-sandala-br-38-lili-lokin\\\/#primaryimage\"},\"image\":{\"@id\":\"https:\\\/\\\/webknjizara.hr\\\/proizvod\\\/kutija-sandala-br-38-lili-lokin\\\/#primaryimage\"},\"thumbnailUrl\":\"https:\\\/\\\/webknjizara.hr\\\/wp-content\\\/uploads\\\/nc\\\/images\\\/virtuemart\\\/product\\\/Lili_Lokin_Kutija_sandala_br38_naslovnica_WEB.jpg\",\"datePublished\":\"2019-10-24T16:29:18+00:00\",\"dateModified\":\"2023-02-26T23:17:55+00:00\",\"breadcrumb\":{\"@id\":\"https:\\\/\\\/webknjizara.hr\\\/proizvod\\\/kutija-sandala-br-38-lili-lokin\\\/#breadcrumb\"},\"inLanguage\":\"en-US\",\"potentialAction\":[{\"@type\":\"ReadAction\",\"target\":[\"https:\\\/\\\/webknjizara.hr\\\/proizvod\\\/kutija-sandala-br-38-lili-lokin\\\/\"]}]},{\"@type\":\"ImageObject\",\"inLanguage\":\"en-US\",\"@id\":\"https:\\\/\\\/webknjizara.hr\\\/proizvod\\\/kutija-sandala-br-38-lili-lokin\\\/#primaryimage\",\"url\":\"https:\\\/\\\/webknjizara.hr\\\/wp-content\\\/uploads\\\/nc\\\/images\\\/virtuemart\\\/product\\\/Lili_Lokin_Kutija_sandala_br38_naslovnica_WEB.jpg\",\"contentUrl\":\"https:\\\/\\\/webknjizara.hr\\\/wp-content\\\/uploads\\\/nc\\\/images\\\/virtuemart\\\/product\\\/Lili_Lokin_Kutija_sandala_br38_naslovnica_WEB.jpg\",\"width\":300,\"height\":419,\"caption\":\"KUTIJA SANDALA BR. 38, Lili Lokin\"},{\"@type\":\"BreadcrumbList\",\"@id\":\"https:\\\/\\\/webknjizara.hr\\\/proizvod\\\/kutija-sandala-br-38-lili-lokin\\\/#breadcrumb\",\"itemListElement\":[{\"@type\":\"ListItem\",\"position\":1,\"name\":\"Po\u010detna stranica\",\"item\":\"https:\\\/\\\/webknjizara.hr\\\/en\\\/\"},{\"@type\":\"ListItem\",\"position\":2,\"name\":\"Shop\",\"item\":\"https:\\\/\\\/webknjizara.hr\\\/shop\\\/\"},{\"@type\":\"ListItem\",\"position\":3,\"name\":\"KUTIJA SANDALA BR. 38, Lili Lokin\"}]},{\"@type\":\"WebSite\",\"@id\":\"https:\\\/\\\/webknjizara.hr\\\/#website\",\"url\":\"https:\\\/\\\/webknjizara.hr\\\/\",\"name\":\"Web Knji\u017eara\",\"description\":\"\",\"publisher\":{\"@id\":\"https:\\\/\\\/webknjizara.hr\\\/#organization\"},\"potentialAction\":[{\"@type\":\"SearchAction\",\"target\":{\"@type\":\"EntryPoint\",\"urlTemplate\":\"https:\\\/\\\/webknjizara.hr\\\/?s={search_term_string}\"},\"query-input\":{\"@type\":\"PropertyValueSpecification\",\"valueRequired\":true,\"valueName\":\"search_term_string\"}}],\"inLanguage\":\"en-US\"},{\"@type\":\"Organization\",\"@id\":\"https:\\\/\\\/webknjizara.hr\\\/#organization\",\"name\":\"REDAK D.O.O.\",\"url\":\"https:\\\/\\\/webknjizara.hr\\\/\",\"logo\":{\"@type\":\"ImageObject\",\"inLanguage\":\"en-US\",\"@id\":\"https:\\\/\\\/webknjizara.hr\\\/#\\\/schema\\\/logo\\\/image\\\/\",\"url\":\"https:\\\/\\\/webknjizara.hr\\\/wp-content\\\/uploads\\\/2023\\\/01\\\/web-knjizara-logo.webp\",\"contentUrl\":\"https:\\\/\\\/webknjizara.hr\\\/wp-content\\\/uploads\\\/2023\\\/01\\\/web-knjizara-logo.webp\",\"width\":324,\"height\":79,\"caption\":\"REDAK D.O.O.\"},\"image\":{\"@id\":\"https:\\\/\\\/webknjizara.hr\\\/#\\\/schema\\\/logo\\\/image\\\/\"}}]}<\/script>\n<!-- \/ Yoast SEO plugin. -->","yoast_head_json":{"title":"KUTIJA SANDALA BR. 38, Lili Lokin - Web-knji\u017eara","robots":{"index":"index","follow":"follow","max-snippet":"max-snippet:-1","max-image-preview":"max-image-preview:large","max-video-preview":"max-video-preview:-1"},"canonical":"https:\/\/webknjizara.hr\/proizvod\/kutija-sandala-br-38-lili-lokin\/","og_locale":"en_US","og_type":"article","og_title":"KUTIJA SANDALA BR. 38, Lili Lokin - Web-knji\u017eara","og_description":"Sa\u017eetak: &#8220;Ono svakodnevno i obi\u010dno jedino je \u0161to nam pripada&#8221;, i nalazi se u jednoj obi\u010dnoj kutiji od cipela. U takvim se kutijama \u010duvaju uspomene i sitnice velikog zna\u010daja koje autorica izvla\u010di na svjetlo dana kao iz \u010darobnjakovog \u0161e\u0161ira.I sve \u0161to je obi\u010dno postaje posebno i dragocjeno. U malim dnevnim rutinama, raspolo\u017eenjima, marginalnim zbivanjima i [&hellip;]","og_url":"https:\/\/webknjizara.hr\/proizvod\/kutija-sandala-br-38-lili-lokin\/","og_site_name":"Web-knji\u017eara","article_modified_time":"2023-02-26T23:17:55+00:00","og_image":[{"width":300,"height":419,"url":"https:\/\/webknjizara.hr\/wp-content\/uploads\/nc\/images\/virtuemart\/product\/Lili_Lokin_Kutija_sandala_br38_naslovnica_WEB.jpg","type":"image\/jpeg"}],"twitter_card":"summary_large_image","twitter_misc":{"Est. reading time":"2 minutes"},"schema":{"@context":"https:\/\/schema.org","@graph":[{"@type":"WebPage","@id":"https:\/\/webknjizara.hr\/proizvod\/kutija-sandala-br-38-lili-lokin\/","url":"https:\/\/webknjizara.hr\/proizvod\/kutija-sandala-br-38-lili-lokin\/","name":"KUTIJA SANDALA BR. 38, Lili Lokin - Web-knji\u017eara","isPartOf":{"@id":"https:\/\/webknjizara.hr\/#website"},"primaryImageOfPage":{"@id":"https:\/\/webknjizara.hr\/proizvod\/kutija-sandala-br-38-lili-lokin\/#primaryimage"},"image":{"@id":"https:\/\/webknjizara.hr\/proizvod\/kutija-sandala-br-38-lili-lokin\/#primaryimage"},"thumbnailUrl":"https:\/\/webknjizara.hr\/wp-content\/uploads\/nc\/images\/virtuemart\/product\/Lili_Lokin_Kutija_sandala_br38_naslovnica_WEB.jpg","datePublished":"2019-10-24T16:29:18+00:00","dateModified":"2023-02-26T23:17:55+00:00","breadcrumb":{"@id":"https:\/\/webknjizara.hr\/proizvod\/kutija-sandala-br-38-lili-lokin\/#breadcrumb"},"inLanguage":"en-US","potentialAction":[{"@type":"ReadAction","target":["https:\/\/webknjizara.hr\/proizvod\/kutija-sandala-br-38-lili-lokin\/"]}]},{"@type":"ImageObject","inLanguage":"en-US","@id":"https:\/\/webknjizara.hr\/proizvod\/kutija-sandala-br-38-lili-lokin\/#primaryimage","url":"https:\/\/webknjizara.hr\/wp-content\/uploads\/nc\/images\/virtuemart\/product\/Lili_Lokin_Kutija_sandala_br38_naslovnica_WEB.jpg","contentUrl":"https:\/\/webknjizara.hr\/wp-content\/uploads\/nc\/images\/virtuemart\/product\/Lili_Lokin_Kutija_sandala_br38_naslovnica_WEB.jpg","width":300,"height":419,"caption":"KUTIJA SANDALA BR. 38, Lili Lokin"},{"@type":"BreadcrumbList","@id":"https:\/\/webknjizara.hr\/proizvod\/kutija-sandala-br-38-lili-lokin\/#breadcrumb","itemListElement":[{"@type":"ListItem","position":1,"name":"Po\u010detna stranica","item":"https:\/\/webknjizara.hr\/en\/"},{"@type":"ListItem","position":2,"name":"Shop","item":"https:\/\/webknjizara.hr\/shop\/"},{"@type":"ListItem","position":3,"name":"KUTIJA SANDALA BR. 38, Lili Lokin"}]},{"@type":"WebSite","@id":"https:\/\/webknjizara.hr\/#website","url":"https:\/\/webknjizara.hr\/","name":"Web Knji\u017eara","description":"","publisher":{"@id":"https:\/\/webknjizara.hr\/#organization"},"potentialAction":[{"@type":"SearchAction","target":{"@type":"EntryPoint","urlTemplate":"https:\/\/webknjizara.hr\/?s={search_term_string}"},"query-input":{"@type":"PropertyValueSpecification","valueRequired":true,"valueName":"search_term_string"}}],"inLanguage":"en-US"},{"@type":"Organization","@id":"https:\/\/webknjizara.hr\/#organization","name":"REDAK D.O.O.","url":"https:\/\/webknjizara.hr\/","logo":{"@type":"ImageObject","inLanguage":"en-US","@id":"https:\/\/webknjizara.hr\/#\/schema\/logo\/image\/","url":"https:\/\/webknjizara.hr\/wp-content\/uploads\/2023\/01\/web-knjizara-logo.webp","contentUrl":"https:\/\/webknjizara.hr\/wp-content\/uploads\/2023\/01\/web-knjizara-logo.webp","width":324,"height":79,"caption":"REDAK D.O.O."},"image":{"@id":"https:\/\/webknjizara.hr\/#\/schema\/logo\/image\/"}}]}},"_links":{"self":[{"href":"https:\/\/webknjizara.hr\/en\/wp-json\/wp\/v2\/product\/9107","targetHints":{"allow":["GET"]}}],"collection":[{"href":"https:\/\/webknjizara.hr\/en\/wp-json\/wp\/v2\/product"}],"about":[{"href":"https:\/\/webknjizara.hr\/en\/wp-json\/wp\/v2\/types\/product"}],"replies":[{"embeddable":true,"href":"https:\/\/webknjizara.hr\/en\/wp-json\/wp\/v2\/comments?post=9107"}],"wp:featuredmedia":[{"embeddable":true,"href":"https:\/\/webknjizara.hr\/en\/wp-json\/wp\/v2\/media\/9108"}],"wp:attachment":[{"href":"https:\/\/webknjizara.hr\/en\/wp-json\/wp\/v2\/media?parent=9107"}],"wp:term":[{"taxonomy":"product_brand","embeddable":true,"href":"https:\/\/webknjizara.hr\/en\/wp-json\/wp\/v2\/product_brand?post=9107"},{"taxonomy":"product_cat","embeddable":true,"href":"https:\/\/webknjizara.hr\/en\/wp-json\/wp\/v2\/product_cat?post=9107"},{"taxonomy":"product_tag","embeddable":true,"href":"https:\/\/webknjizara.hr\/en\/wp-json\/wp\/v2\/product_tag?post=9107"}],"curies":[{"name":"wp","href":"https:\/\/api.w.org\/{rel}","templated":true}]}}