{"id":9103,"date":"2019-10-22T11:27:01","date_gmt":"2019-10-22T11:27:01","guid":{"rendered":"https:\/\/webknjizara.hr\/?product=anatomija-i-fiziologija-s-gnatologijom-za-dentalne-asistente-tisak-u-boji-tonci-tezulat"},"modified":"2023-02-27T00:17:55","modified_gmt":"2023-02-26T23:17:55","slug":"anatomija-i-fiziologija-s-gnatologijom-za-dentalne-asistente-tisak-u-boji-tonci-tezulat","status":"publish","type":"product","link":"https:\/\/webknjizara.hr\/en\/proizvod\/anatomija-i-fiziologija-s-gnatologijom-za-dentalne-asistente-tisak-u-boji-tonci-tezulat\/","title":{"rendered":"ANATOMIJA I FIZIOLOGIJA S GNATOLOGIJOM ZA DENTALNE ASISTENTE (tisak u boji), Ton\u010di Te\u017eulat"},"content":{"rendered":"<p><strong>Sa\u017eetak:<\/strong><\/p>\n<p>Osnovne anatomske i fiziolo\u0161ke spoznaje o funkciji stomatognatog sustava te osnove gnatologije i funkcijske analize<\/p>\n<p><strong>Bilje\u0161ka o autoru\/autorici:<\/strong><\/p>\n<p>Autor je zavr\u0161io Stomatolo\u0161ki Fakultet Sveu\u010dili\u0161ta u Zagrebu. Od tada pa do danas intenzivno radi u klini\u010dkoj praksi s licencom za samostalno obavljanje posla HKDM-a. Zadnjih osam godina radi u Zdravstvenoj \u0161koli Split kao strukovni suradnik (nastavnik strukovnih predmeta) s pedago\u0161kom licencom u programima dentalni asistent i dentalni tehni\u010dar. Pedago\u0161ku licencu stekao je zavr\u0161etkom obrazovanja na Filozofskom fakultetu Sveu\u010dili\u0161ta u Splitu.<br \/>Premet njegovog posebnog interesa je program dentalnih asistenata za koje je pripremio \u010detiri ud\u017ebenika i to: Anatomija i fiziologija s gnatologijom za dentalne asistente, Kvaliteta u dentalnoj medicini, Organizacija rada u dentalnoj medicini i Dentalno asistiranje (2). Autor je jo\u0161 tri knjige u pripremi i to : Uvod u dentalnu medicinu (2), Materijali i oprema (1) i (2). Kao mentor Zavr\u0161nih radova svojih u\u010denika autor je devet strukovnih knjiga u kojima eksplicira mogu\u0107nosti unutar profesije i posla dentalnih asistenata. Do sada je objavio tridesetak strukovnih preglednih \u010dlanaka (radova). Osniva\u010d je i urednik specijaliziranog weba site-a za dentalne asistente. Osniva\u010d je i urednik specijaliziranog strukovnog \u010dasopisa u pripremi za dentalne asistente i dentalne higijeni\u010dare. Kreator je inovativnog koncepta radnog protokola za dentalne asistente u ordinaciji dentalne medicine i inovativnog pedago\u0161kog koncepta edukacije dentalnih asistenata kroz faze radnog protokola. Zadnjih osam godina kreator je inovativnog pedago\u0161kog koncepta edukacije dentalnih asistenata u \u017eivoj klini\u010dkoj praksi s \u010dime se u hrvatski pedago\u0161ki prostor donosi, u ovaj strukovni profil, \u017eiva praksa \u0161to je u skladu s kurikularnom reformom i \u201e\u0160kolom za \u017eivot\u201c.<\/p>\n<p><strong>Klju\u010dne rije\u010di:<\/strong>\u00a0dentalno asistiranje, anatomija, fiziologija, gnatologija, dentalna medicina<\/p>\n<p><strong>Link:<\/strong>\u00a0<a href=\"http:\/\/www.intender-hr.com\" target=\"_blank\" rel=\"noopener noreferrer\">www.intender-hr.com<\/a><\/p>\n<p><strong>E-mail:<\/strong>\u00a0<a href=\"mailto:dentalni.asistenti1@gmail.com\" target=\"_blank\" rel=\"noopener noreferrer\">Ton\u010di Te\u017eulat<\/a>\u00a0<\/p>\n<p>\u00a0<\/p>\n<p><strong>Naslov:<\/strong>\u00a0Anatomija i fiziologija s gnatologijom za dentalne asistente (tisak u boji)<br \/><strong>Autor:<\/strong>\u00a0Ton\u010di Te\u017eulat<br \/><strong>Broj stranica:<\/strong>\u00a0148<br \/><strong>Nakladnik:<\/strong>\u00a0Udruga Intender-hr<br \/><strong>Godina izdanja:<\/strong>\u00a02019 .<br \/><strong>ISBN:<\/strong>\u00a0978-953-57118-1-0<br \/><strong>Tisak:<\/strong>\u00a0digitalni tisak knjiga &#8211; print na zahtjev<\/p>\n<p>\u00a0<\/p>\n<hr \/>\n<p style=\"text-align: justify;\"><strong>Kako naru\u010diti knjigu?\u00a0<\/strong>Proces online kupovine jednako funkcionira za sve kupce, s jedinom razlikom u tome \u0161to \u0161to kupci iz inozemstva za podru\u010dje dostave moraju odabrati &#8220;Europa&#8221; ili &#8220;Ostale zemlje svijeta&#8221;, a za vrstu pla\u0107anja WSPay (kreditna kartica) ili Virmanom (bankovni transfer).<\/p>\n<p style=\"text-align: justify;\">Molimo kliknite ovdje za\u00a0<a href=\"hr\/kako-kupovati\" target=\"_blank\" rel=\"noopener noreferrer\">detaljni vodi\u010d kroz proces narud\u017ebe<\/a>\u00a0ili nas\u00a0<a href=\"hr\/kontakt\" target=\"_blank\" rel=\"noopener noreferrer\">kontaktirajte<\/a>\u00a0za vi\u0161e informacija<\/p>\n","protected":false},"excerpt":{"rendered":"<p>Sa\u017eetak: Osnovne anatomske i fiziolo\u0161ke spoznaje o funkciji stomatognatog sustava te osnove gnatologije i funkcijske analize Bilje\u0161ka o autoru\/autorici: Autor je zavr\u0161io Stomatolo\u0161ki Fakultet Sveu\u010dili\u0161ta u Zagrebu. Od tada pa do danas intenzivno radi u klini\u010dkoj praksi s licencom za samostalno obavljanje posla HKDM-a. Zadnjih osam godina radi u Zdravstvenoj \u0161koli Split kao strukovni suradnik [&hellip;]<\/p>\n","protected":false},"featured_media":9104,"comment_status":"open","ping_status":"closed","template":"","meta":{"_acf_changed":false},"product_brand":[],"product_cat":[1539],"product_tag":[],"class_list":{"0":"post-9103","1":"product","2":"type-product","3":"status-publish","4":"has-post-thumbnail","6":"product_cat-sveucilisni-udzbenici-i-prirucnici","7":"pa_autor-tonci-tezulat","8":"pa_nakladnik-udruga-intender-hr","10":"first","11":"instock","12":"shipping-taxable","13":"purchasable","14":"product-type-simple"},"acf":[],"yoast_head":"<!-- This site is optimized with the Yoast SEO plugin v27.3 - https:\/\/yoast.com\/product\/yoast-seo-wordpress\/ -->\n<title>ANATOMIJA I FIZIOLOGIJA S GNATOLOGIJOM ZA DENTALNE ASISTENTE (tisak u boji), Ton\u010di Te\u017eulat - Web-knji\u017eara<\/title>\n<meta name=\"robots\" content=\"index, follow, max-snippet:-1, max-image-preview:large, max-video-preview:-1\" \/>\n<link rel=\"canonical\" href=\"https:\/\/webknjizara.hr\/proizvod\/anatomija-i-fiziologija-s-gnatologijom-za-dentalne-asistente-tisak-u-boji-tonci-tezulat\/\" \/>\n<meta property=\"og:locale\" content=\"en_US\" \/>\n<meta property=\"og:type\" content=\"article\" \/>\n<meta property=\"og:title\" content=\"ANATOMIJA I FIZIOLOGIJA S GNATOLOGIJOM ZA DENTALNE ASISTENTE (tisak u boji), Ton\u010di Te\u017eulat - Web-knji\u017eara\" \/>\n<meta property=\"og:description\" content=\"Sa\u017eetak: Osnovne anatomske i fiziolo\u0161ke spoznaje o funkciji stomatognatog sustava te osnove gnatologije i funkcijske analize Bilje\u0161ka o autoru\/autorici: Autor je zavr\u0161io Stomatolo\u0161ki Fakultet Sveu\u010dili\u0161ta u Zagrebu. Od tada pa do danas intenzivno radi u klini\u010dkoj praksi s licencom za samostalno obavljanje posla HKDM-a. Zadnjih osam godina radi u Zdravstvenoj \u0161koli Split kao strukovni suradnik [&hellip;]\" \/>\n<meta property=\"og:url\" content=\"https:\/\/webknjizara.hr\/proizvod\/anatomija-i-fiziologija-s-gnatologijom-za-dentalne-asistente-tisak-u-boji-tonci-tezulat\/\" \/>\n<meta property=\"og:site_name\" content=\"Web-knji\u017eara\" \/>\n<meta property=\"article:modified_time\" content=\"2023-02-26T23:17:55+00:00\" \/>\n<meta property=\"og:image\" content=\"https:\/\/webknjizara.hr\/wp-content\/uploads\/nc\/images\/virtuemart\/product\/tonci-tezault-naslovnica-u-boji.jpg\" \/>\n\t<meta property=\"og:image:width\" content=\"300\" \/>\n\t<meta property=\"og:image:height\" content=\"419\" \/>\n\t<meta property=\"og:image:type\" content=\"image\/jpeg\" \/>\n<meta name=\"twitter:card\" content=\"summary_large_image\" \/>\n<meta name=\"twitter:label1\" content=\"Est. reading time\" \/>\n\t<meta name=\"twitter:data1\" content=\"2 minutes\" \/>\n<script type=\"application\/ld+json\" class=\"yoast-schema-graph\">{\"@context\":\"https:\\\/\\\/schema.org\",\"@graph\":[{\"@type\":\"WebPage\",\"@id\":\"https:\\\/\\\/webknjizara.hr\\\/proizvod\\\/anatomija-i-fiziologija-s-gnatologijom-za-dentalne-asistente-tisak-u-boji-tonci-tezulat\\\/\",\"url\":\"https:\\\/\\\/webknjizara.hr\\\/proizvod\\\/anatomija-i-fiziologija-s-gnatologijom-za-dentalne-asistente-tisak-u-boji-tonci-tezulat\\\/\",\"name\":\"ANATOMIJA I FIZIOLOGIJA S GNATOLOGIJOM ZA DENTALNE ASISTENTE (tisak u boji), Ton\u010di Te\u017eulat - Web-knji\u017eara\",\"isPartOf\":{\"@id\":\"https:\\\/\\\/webknjizara.hr\\\/#website\"},\"primaryImageOfPage\":{\"@id\":\"https:\\\/\\\/webknjizara.hr\\\/proizvod\\\/anatomija-i-fiziologija-s-gnatologijom-za-dentalne-asistente-tisak-u-boji-tonci-tezulat\\\/#primaryimage\"},\"image\":{\"@id\":\"https:\\\/\\\/webknjizara.hr\\\/proizvod\\\/anatomija-i-fiziologija-s-gnatologijom-za-dentalne-asistente-tisak-u-boji-tonci-tezulat\\\/#primaryimage\"},\"thumbnailUrl\":\"https:\\\/\\\/webknjizara.hr\\\/wp-content\\\/uploads\\\/nc\\\/images\\\/virtuemart\\\/product\\\/tonci-tezault-naslovnica-u-boji.jpg\",\"datePublished\":\"2019-10-22T11:27:01+00:00\",\"dateModified\":\"2023-02-26T23:17:55+00:00\",\"breadcrumb\":{\"@id\":\"https:\\\/\\\/webknjizara.hr\\\/proizvod\\\/anatomija-i-fiziologija-s-gnatologijom-za-dentalne-asistente-tisak-u-boji-tonci-tezulat\\\/#breadcrumb\"},\"inLanguage\":\"en-US\",\"potentialAction\":[{\"@type\":\"ReadAction\",\"target\":[\"https:\\\/\\\/webknjizara.hr\\\/proizvod\\\/anatomija-i-fiziologija-s-gnatologijom-za-dentalne-asistente-tisak-u-boji-tonci-tezulat\\\/\"]}]},{\"@type\":\"ImageObject\",\"inLanguage\":\"en-US\",\"@id\":\"https:\\\/\\\/webknjizara.hr\\\/proizvod\\\/anatomija-i-fiziologija-s-gnatologijom-za-dentalne-asistente-tisak-u-boji-tonci-tezulat\\\/#primaryimage\",\"url\":\"https:\\\/\\\/webknjizara.hr\\\/wp-content\\\/uploads\\\/nc\\\/images\\\/virtuemart\\\/product\\\/tonci-tezault-naslovnica-u-boji.jpg\",\"contentUrl\":\"https:\\\/\\\/webknjizara.hr\\\/wp-content\\\/uploads\\\/nc\\\/images\\\/virtuemart\\\/product\\\/tonci-tezault-naslovnica-u-boji.jpg\",\"width\":300,\"height\":419,\"caption\":\"ANATOMIJA I FIZIOLOGIJA S GNATOLOGIJOM ZA DENTALNE ASISTENTE (tisak u boji), Ton\u010di Te\u017eulat\"},{\"@type\":\"BreadcrumbList\",\"@id\":\"https:\\\/\\\/webknjizara.hr\\\/proizvod\\\/anatomija-i-fiziologija-s-gnatologijom-za-dentalne-asistente-tisak-u-boji-tonci-tezulat\\\/#breadcrumb\",\"itemListElement\":[{\"@type\":\"ListItem\",\"position\":1,\"name\":\"Po\u010detna stranica\",\"item\":\"https:\\\/\\\/webknjizara.hr\\\/en\\\/\"},{\"@type\":\"ListItem\",\"position\":2,\"name\":\"Shop\",\"item\":\"https:\\\/\\\/webknjizara.hr\\\/shop\\\/\"},{\"@type\":\"ListItem\",\"position\":3,\"name\":\"ANATOMIJA I FIZIOLOGIJA S GNATOLOGIJOM ZA DENTALNE ASISTENTE (tisak u boji), Ton\u010di Te\u017eulat\"}]},{\"@type\":\"WebSite\",\"@id\":\"https:\\\/\\\/webknjizara.hr\\\/#website\",\"url\":\"https:\\\/\\\/webknjizara.hr\\\/\",\"name\":\"Web Knji\u017eara\",\"description\":\"\",\"publisher\":{\"@id\":\"https:\\\/\\\/webknjizara.hr\\\/#organization\"},\"potentialAction\":[{\"@type\":\"SearchAction\",\"target\":{\"@type\":\"EntryPoint\",\"urlTemplate\":\"https:\\\/\\\/webknjizara.hr\\\/?s={search_term_string}\"},\"query-input\":{\"@type\":\"PropertyValueSpecification\",\"valueRequired\":true,\"valueName\":\"search_term_string\"}}],\"inLanguage\":\"en-US\"},{\"@type\":\"Organization\",\"@id\":\"https:\\\/\\\/webknjizara.hr\\\/#organization\",\"name\":\"REDAK D.O.O.\",\"url\":\"https:\\\/\\\/webknjizara.hr\\\/\",\"logo\":{\"@type\":\"ImageObject\",\"inLanguage\":\"en-US\",\"@id\":\"https:\\\/\\\/webknjizara.hr\\\/#\\\/schema\\\/logo\\\/image\\\/\",\"url\":\"https:\\\/\\\/webknjizara.hr\\\/wp-content\\\/uploads\\\/2023\\\/01\\\/web-knjizara-logo.webp\",\"contentUrl\":\"https:\\\/\\\/webknjizara.hr\\\/wp-content\\\/uploads\\\/2023\\\/01\\\/web-knjizara-logo.webp\",\"width\":324,\"height\":79,\"caption\":\"REDAK D.O.O.\"},\"image\":{\"@id\":\"https:\\\/\\\/webknjizara.hr\\\/#\\\/schema\\\/logo\\\/image\\\/\"}}]}<\/script>\n<!-- \/ Yoast SEO plugin. -->","yoast_head_json":{"title":"ANATOMIJA I FIZIOLOGIJA S GNATOLOGIJOM ZA DENTALNE ASISTENTE (tisak u boji), Ton\u010di Te\u017eulat - Web-knji\u017eara","robots":{"index":"index","follow":"follow","max-snippet":"max-snippet:-1","max-image-preview":"max-image-preview:large","max-video-preview":"max-video-preview:-1"},"canonical":"https:\/\/webknjizara.hr\/proizvod\/anatomija-i-fiziologija-s-gnatologijom-za-dentalne-asistente-tisak-u-boji-tonci-tezulat\/","og_locale":"en_US","og_type":"article","og_title":"ANATOMIJA I FIZIOLOGIJA S GNATOLOGIJOM ZA DENTALNE ASISTENTE (tisak u boji), Ton\u010di Te\u017eulat - Web-knji\u017eara","og_description":"Sa\u017eetak: Osnovne anatomske i fiziolo\u0161ke spoznaje o funkciji stomatognatog sustava te osnove gnatologije i funkcijske analize Bilje\u0161ka o autoru\/autorici: Autor je zavr\u0161io Stomatolo\u0161ki Fakultet Sveu\u010dili\u0161ta u Zagrebu. Od tada pa do danas intenzivno radi u klini\u010dkoj praksi s licencom za samostalno obavljanje posla HKDM-a. Zadnjih osam godina radi u Zdravstvenoj \u0161koli Split kao strukovni suradnik [&hellip;]","og_url":"https:\/\/webknjizara.hr\/proizvod\/anatomija-i-fiziologija-s-gnatologijom-za-dentalne-asistente-tisak-u-boji-tonci-tezulat\/","og_site_name":"Web-knji\u017eara","article_modified_time":"2023-02-26T23:17:55+00:00","og_image":[{"width":300,"height":419,"url":"https:\/\/webknjizara.hr\/wp-content\/uploads\/nc\/images\/virtuemart\/product\/tonci-tezault-naslovnica-u-boji.jpg","type":"image\/jpeg"}],"twitter_card":"summary_large_image","twitter_misc":{"Est. reading time":"2 minutes"},"schema":{"@context":"https:\/\/schema.org","@graph":[{"@type":"WebPage","@id":"https:\/\/webknjizara.hr\/proizvod\/anatomija-i-fiziologija-s-gnatologijom-za-dentalne-asistente-tisak-u-boji-tonci-tezulat\/","url":"https:\/\/webknjizara.hr\/proizvod\/anatomija-i-fiziologija-s-gnatologijom-za-dentalne-asistente-tisak-u-boji-tonci-tezulat\/","name":"ANATOMIJA I FIZIOLOGIJA S GNATOLOGIJOM ZA DENTALNE ASISTENTE (tisak u boji), Ton\u010di Te\u017eulat - Web-knji\u017eara","isPartOf":{"@id":"https:\/\/webknjizara.hr\/#website"},"primaryImageOfPage":{"@id":"https:\/\/webknjizara.hr\/proizvod\/anatomija-i-fiziologija-s-gnatologijom-za-dentalne-asistente-tisak-u-boji-tonci-tezulat\/#primaryimage"},"image":{"@id":"https:\/\/webknjizara.hr\/proizvod\/anatomija-i-fiziologija-s-gnatologijom-za-dentalne-asistente-tisak-u-boji-tonci-tezulat\/#primaryimage"},"thumbnailUrl":"https:\/\/webknjizara.hr\/wp-content\/uploads\/nc\/images\/virtuemart\/product\/tonci-tezault-naslovnica-u-boji.jpg","datePublished":"2019-10-22T11:27:01+00:00","dateModified":"2023-02-26T23:17:55+00:00","breadcrumb":{"@id":"https:\/\/webknjizara.hr\/proizvod\/anatomija-i-fiziologija-s-gnatologijom-za-dentalne-asistente-tisak-u-boji-tonci-tezulat\/#breadcrumb"},"inLanguage":"en-US","potentialAction":[{"@type":"ReadAction","target":["https:\/\/webknjizara.hr\/proizvod\/anatomija-i-fiziologija-s-gnatologijom-za-dentalne-asistente-tisak-u-boji-tonci-tezulat\/"]}]},{"@type":"ImageObject","inLanguage":"en-US","@id":"https:\/\/webknjizara.hr\/proizvod\/anatomija-i-fiziologija-s-gnatologijom-za-dentalne-asistente-tisak-u-boji-tonci-tezulat\/#primaryimage","url":"https:\/\/webknjizara.hr\/wp-content\/uploads\/nc\/images\/virtuemart\/product\/tonci-tezault-naslovnica-u-boji.jpg","contentUrl":"https:\/\/webknjizara.hr\/wp-content\/uploads\/nc\/images\/virtuemart\/product\/tonci-tezault-naslovnica-u-boji.jpg","width":300,"height":419,"caption":"ANATOMIJA I FIZIOLOGIJA S GNATOLOGIJOM ZA DENTALNE ASISTENTE (tisak u boji), Ton\u010di Te\u017eulat"},{"@type":"BreadcrumbList","@id":"https:\/\/webknjizara.hr\/proizvod\/anatomija-i-fiziologija-s-gnatologijom-za-dentalne-asistente-tisak-u-boji-tonci-tezulat\/#breadcrumb","itemListElement":[{"@type":"ListItem","position":1,"name":"Po\u010detna stranica","item":"https:\/\/webknjizara.hr\/en\/"},{"@type":"ListItem","position":2,"name":"Shop","item":"https:\/\/webknjizara.hr\/shop\/"},{"@type":"ListItem","position":3,"name":"ANATOMIJA I FIZIOLOGIJA S GNATOLOGIJOM ZA DENTALNE ASISTENTE (tisak u boji), Ton\u010di Te\u017eulat"}]},{"@type":"WebSite","@id":"https:\/\/webknjizara.hr\/#website","url":"https:\/\/webknjizara.hr\/","name":"Web Knji\u017eara","description":"","publisher":{"@id":"https:\/\/webknjizara.hr\/#organization"},"potentialAction":[{"@type":"SearchAction","target":{"@type":"EntryPoint","urlTemplate":"https:\/\/webknjizara.hr\/?s={search_term_string}"},"query-input":{"@type":"PropertyValueSpecification","valueRequired":true,"valueName":"search_term_string"}}],"inLanguage":"en-US"},{"@type":"Organization","@id":"https:\/\/webknjizara.hr\/#organization","name":"REDAK D.O.O.","url":"https:\/\/webknjizara.hr\/","logo":{"@type":"ImageObject","inLanguage":"en-US","@id":"https:\/\/webknjizara.hr\/#\/schema\/logo\/image\/","url":"https:\/\/webknjizara.hr\/wp-content\/uploads\/2023\/01\/web-knjizara-logo.webp","contentUrl":"https:\/\/webknjizara.hr\/wp-content\/uploads\/2023\/01\/web-knjizara-logo.webp","width":324,"height":79,"caption":"REDAK D.O.O."},"image":{"@id":"https:\/\/webknjizara.hr\/#\/schema\/logo\/image\/"}}]}},"_links":{"self":[{"href":"https:\/\/webknjizara.hr\/en\/wp-json\/wp\/v2\/product\/9103","targetHints":{"allow":["GET"]}}],"collection":[{"href":"https:\/\/webknjizara.hr\/en\/wp-json\/wp\/v2\/product"}],"about":[{"href":"https:\/\/webknjizara.hr\/en\/wp-json\/wp\/v2\/types\/product"}],"replies":[{"embeddable":true,"href":"https:\/\/webknjizara.hr\/en\/wp-json\/wp\/v2\/comments?post=9103"}],"wp:featuredmedia":[{"embeddable":true,"href":"https:\/\/webknjizara.hr\/en\/wp-json\/wp\/v2\/media\/9104"}],"wp:attachment":[{"href":"https:\/\/webknjizara.hr\/en\/wp-json\/wp\/v2\/media?parent=9103"}],"wp:term":[{"taxonomy":"product_brand","embeddable":true,"href":"https:\/\/webknjizara.hr\/en\/wp-json\/wp\/v2\/product_brand?post=9103"},{"taxonomy":"product_cat","embeddable":true,"href":"https:\/\/webknjizara.hr\/en\/wp-json\/wp\/v2\/product_cat?post=9103"},{"taxonomy":"product_tag","embeddable":true,"href":"https:\/\/webknjizara.hr\/en\/wp-json\/wp\/v2\/product_tag?post=9103"}],"curies":[{"name":"wp","href":"https:\/\/api.w.org\/{rel}","templated":true}]}}