{"id":9099,"date":"2019-10-21T10:26:38","date_gmt":"2019-10-21T10:26:38","guid":{"rendered":"https:\/\/webknjizara.hr\/?product=naslonjen-o-snove-dean-poss-plazonic"},"modified":"2023-02-27T00:17:55","modified_gmt":"2023-02-26T23:17:55","slug":"naslonjen-o-snove-dean-poss-plazonic","status":"publish","type":"product","link":"https:\/\/webknjizara.hr\/en\/proizvod\/naslonjen-o-snove-dean-poss-plazonic\/","title":{"rendered":"NASLONJEN O SNOVE, Dean Poss Plazoni\u0107"},"content":{"rendered":"<p><strong>Bilje\u0161ka o autoru\/autorici:<\/strong><\/p>\n<p>Dean Plazoni\u0107 &#8211; Poss- pi\u0161e i radi u Splitu. Iza sebe ima 463 napisane pjesme, samostalnu zbrku pjesama \u201ePotreba\u201c tiskanu u lipnju 2018. godine. Naslonjen o snove je druga samostalna zbirka pjesama Deana Plazoni\u0107a. Deanove pjesme bi se uskoro trebale prona\u0107i u zajedni\u010dkoj zbirci splitskih autora \u201eSplitska mri\u017ea II\u201c<\/p>\n<p><strong>Klju\u010dne rije\u010di:<\/strong> Dean Poss , Possov kutak, poezija, lirika<\/p>\n<p><strong>Link: <a href=\"https:\/\/www.facebook.com\/possovkutak\/?modal=admin_todo_tour\" target=\"_blank\" rel=\"noopener noreferrer\">Facebook<\/a><\/strong><\/p>\n<p><strong>E-mail:<a href=\"mailto:plazo.dean@gmail.com\" target=\"_blank\" rel=\"noopener noreferrer\">\u00a0Dean Poss Plazoni\u0107<\/a><\/strong>\u00a0<\/p>\n<p>\u00a0<\/p>\n<p><strong>Naslov:<\/strong> Naslonjen o snove<br \/><strong>Autor:<\/strong> Dean Poss Plazoni\u0107<br \/><strong>Broj stranica:<\/strong> 102<br \/><strong>Nakladnik:<\/strong> REDAK<br \/><strong>Godina izdanja:<\/strong> 2019 .<br \/><strong>ISBN:<\/strong> 978-953-336-613-5<br \/><strong>Tisak:<\/strong> digitalni tisak knjiga &#8211; print na zahtjev<\/p>\n<p>\u00a0<\/p>\n<hr \/>\n<p style=\"text-align: justify;\"><strong>Kako naru\u010diti knjigu?\u00a0<\/strong>Proces online kupovine jednako funkcionira za sve kupce, s jedinom razlikom u tome \u0161to \u0161to kupci iz inozemstva za podru\u010dje dostave moraju odabrati &#8220;Europa&#8221; ili &#8220;Ostale zemlje svijeta&#8221;, a za vrstu pla\u0107anja WSPay (kreditna kartica) ili Virmanom (bankovni transfer).<\/p>\n<p style=\"text-align: justify;\">Molimo kliknite ovdje za\u00a0<a href=\"hr\/kako-kupovati\" target=\"_blank\" rel=\"noopener noreferrer\">detaljni vodi\u010d kroz proces narud\u017ebe<\/a>\u00a0ili nas\u00a0<a href=\"hr\/kontakt\" target=\"_blank\" rel=\"noopener noreferrer\">kontaktirajte<\/a>\u00a0za vi\u0161e informacija<\/p>\n","protected":false},"excerpt":{"rendered":"<p>Bilje\u0161ka o autoru\/autorici: Dean Plazoni\u0107 &#8211; Poss- pi\u0161e i radi u Splitu. Iza sebe ima 463 napisane pjesme, samostalnu zbrku pjesama \u201ePotreba\u201c tiskanu u lipnju 2018. godine. Naslonjen o snove je druga samostalna zbirka pjesama Deana Plazoni\u0107a. Deanove pjesme bi se uskoro trebale prona\u0107i u zajedni\u010dkoj zbirci splitskih autora \u201eSplitska mri\u017ea II\u201c Klju\u010dne rije\u010di: Dean [&hellip;]<\/p>\n","protected":false},"featured_media":9100,"comment_status":"open","ping_status":"closed","template":"","meta":{"_acf_changed":false},"product_brand":[],"product_cat":[1383,1385,1388],"product_tag":[],"class_list":{"0":"post-9099","1":"product","2":"type-product","3":"status-publish","4":"has-post-thumbnail","6":"product_cat-knjige","7":"product_cat-knjizevnost","8":"product_cat-poezija","9":"pa_autor-dean-poss-plazonic","10":"pa_nakladnik-redak","12":"first","13":"instock","14":"shipping-taxable","15":"purchasable","16":"product-type-simple"},"acf":[],"yoast_head":"<!-- This site is optimized with the Yoast SEO plugin v27.3 - https:\/\/yoast.com\/product\/yoast-seo-wordpress\/ -->\n<title>NASLONJEN O SNOVE, Dean Poss Plazoni\u0107 - Web-knji\u017eara<\/title>\n<meta name=\"robots\" content=\"index, follow, max-snippet:-1, max-image-preview:large, max-video-preview:-1\" \/>\n<link rel=\"canonical\" href=\"https:\/\/webknjizara.hr\/proizvod\/naslonjen-o-snove-dean-poss-plazonic\/\" \/>\n<meta property=\"og:locale\" content=\"en_US\" \/>\n<meta property=\"og:type\" content=\"article\" \/>\n<meta property=\"og:title\" content=\"NASLONJEN O SNOVE, Dean Poss Plazoni\u0107 - Web-knji\u017eara\" \/>\n<meta property=\"og:description\" content=\"Bilje\u0161ka o autoru\/autorici: Dean Plazoni\u0107 &#8211; Poss- pi\u0161e i radi u Splitu. Iza sebe ima 463 napisane pjesme, samostalnu zbrku pjesama \u201ePotreba\u201c tiskanu u lipnju 2018. godine. Naslonjen o snove je druga samostalna zbirka pjesama Deana Plazoni\u0107a. Deanove pjesme bi se uskoro trebale prona\u0107i u zajedni\u010dkoj zbirci splitskih autora \u201eSplitska mri\u017ea II\u201c Klju\u010dne rije\u010di: Dean [&hellip;]\" \/>\n<meta property=\"og:url\" content=\"https:\/\/webknjizara.hr\/proizvod\/naslonjen-o-snove-dean-poss-plazonic\/\" \/>\n<meta property=\"og:site_name\" content=\"Web-knji\u017eara\" \/>\n<meta property=\"article:modified_time\" content=\"2023-02-26T23:17:55+00:00\" \/>\n<meta property=\"og:image\" content=\"https:\/\/webknjizara.hr\/wp-content\/uploads\/nc\/images\/virtuemart\/product\/naslovnica-naslonjen-o-snove.jpg\" \/>\n\t<meta property=\"og:image:width\" content=\"300\" \/>\n\t<meta property=\"og:image:height\" content=\"419\" \/>\n\t<meta property=\"og:image:type\" content=\"image\/jpeg\" \/>\n<meta name=\"twitter:card\" content=\"summary_large_image\" \/>\n<meta name=\"twitter:label1\" content=\"Est. reading time\" \/>\n\t<meta name=\"twitter:data1\" content=\"1 minute\" \/>\n<script type=\"application\/ld+json\" class=\"yoast-schema-graph\">{\"@context\":\"https:\\\/\\\/schema.org\",\"@graph\":[{\"@type\":\"WebPage\",\"@id\":\"https:\\\/\\\/webknjizara.hr\\\/proizvod\\\/naslonjen-o-snove-dean-poss-plazonic\\\/\",\"url\":\"https:\\\/\\\/webknjizara.hr\\\/proizvod\\\/naslonjen-o-snove-dean-poss-plazonic\\\/\",\"name\":\"NASLONJEN O SNOVE, Dean Poss Plazoni\u0107 - Web-knji\u017eara\",\"isPartOf\":{\"@id\":\"https:\\\/\\\/webknjizara.hr\\\/#website\"},\"primaryImageOfPage\":{\"@id\":\"https:\\\/\\\/webknjizara.hr\\\/proizvod\\\/naslonjen-o-snove-dean-poss-plazonic\\\/#primaryimage\"},\"image\":{\"@id\":\"https:\\\/\\\/webknjizara.hr\\\/proizvod\\\/naslonjen-o-snove-dean-poss-plazonic\\\/#primaryimage\"},\"thumbnailUrl\":\"https:\\\/\\\/webknjizara.hr\\\/wp-content\\\/uploads\\\/nc\\\/images\\\/virtuemart\\\/product\\\/naslovnica-naslonjen-o-snove.jpg\",\"datePublished\":\"2019-10-21T10:26:38+00:00\",\"dateModified\":\"2023-02-26T23:17:55+00:00\",\"breadcrumb\":{\"@id\":\"https:\\\/\\\/webknjizara.hr\\\/proizvod\\\/naslonjen-o-snove-dean-poss-plazonic\\\/#breadcrumb\"},\"inLanguage\":\"en-US\",\"potentialAction\":[{\"@type\":\"ReadAction\",\"target\":[\"https:\\\/\\\/webknjizara.hr\\\/proizvod\\\/naslonjen-o-snove-dean-poss-plazonic\\\/\"]}]},{\"@type\":\"ImageObject\",\"inLanguage\":\"en-US\",\"@id\":\"https:\\\/\\\/webknjizara.hr\\\/proizvod\\\/naslonjen-o-snove-dean-poss-plazonic\\\/#primaryimage\",\"url\":\"https:\\\/\\\/webknjizara.hr\\\/wp-content\\\/uploads\\\/nc\\\/images\\\/virtuemart\\\/product\\\/naslovnica-naslonjen-o-snove.jpg\",\"contentUrl\":\"https:\\\/\\\/webknjizara.hr\\\/wp-content\\\/uploads\\\/nc\\\/images\\\/virtuemart\\\/product\\\/naslovnica-naslonjen-o-snove.jpg\",\"width\":300,\"height\":419,\"caption\":\"NASLONJEN O SNOVE, Dean Poss Plazoni\u0107\"},{\"@type\":\"BreadcrumbList\",\"@id\":\"https:\\\/\\\/webknjizara.hr\\\/proizvod\\\/naslonjen-o-snove-dean-poss-plazonic\\\/#breadcrumb\",\"itemListElement\":[{\"@type\":\"ListItem\",\"position\":1,\"name\":\"Po\u010detna stranica\",\"item\":\"https:\\\/\\\/webknjizara.hr\\\/en\\\/\"},{\"@type\":\"ListItem\",\"position\":2,\"name\":\"Shop\",\"item\":\"https:\\\/\\\/webknjizara.hr\\\/shop\\\/\"},{\"@type\":\"ListItem\",\"position\":3,\"name\":\"NASLONJEN O SNOVE, Dean Poss Plazoni\u0107\"}]},{\"@type\":\"WebSite\",\"@id\":\"https:\\\/\\\/webknjizara.hr\\\/#website\",\"url\":\"https:\\\/\\\/webknjizara.hr\\\/\",\"name\":\"Web Knji\u017eara\",\"description\":\"\",\"publisher\":{\"@id\":\"https:\\\/\\\/webknjizara.hr\\\/#organization\"},\"potentialAction\":[{\"@type\":\"SearchAction\",\"target\":{\"@type\":\"EntryPoint\",\"urlTemplate\":\"https:\\\/\\\/webknjizara.hr\\\/?s={search_term_string}\"},\"query-input\":{\"@type\":\"PropertyValueSpecification\",\"valueRequired\":true,\"valueName\":\"search_term_string\"}}],\"inLanguage\":\"en-US\"},{\"@type\":\"Organization\",\"@id\":\"https:\\\/\\\/webknjizara.hr\\\/#organization\",\"name\":\"REDAK D.O.O.\",\"url\":\"https:\\\/\\\/webknjizara.hr\\\/\",\"logo\":{\"@type\":\"ImageObject\",\"inLanguage\":\"en-US\",\"@id\":\"https:\\\/\\\/webknjizara.hr\\\/#\\\/schema\\\/logo\\\/image\\\/\",\"url\":\"https:\\\/\\\/webknjizara.hr\\\/wp-content\\\/uploads\\\/2023\\\/01\\\/web-knjizara-logo.webp\",\"contentUrl\":\"https:\\\/\\\/webknjizara.hr\\\/wp-content\\\/uploads\\\/2023\\\/01\\\/web-knjizara-logo.webp\",\"width\":324,\"height\":79,\"caption\":\"REDAK D.O.O.\"},\"image\":{\"@id\":\"https:\\\/\\\/webknjizara.hr\\\/#\\\/schema\\\/logo\\\/image\\\/\"}}]}<\/script>\n<!-- \/ Yoast SEO plugin. -->","yoast_head_json":{"title":"NASLONJEN O SNOVE, Dean Poss Plazoni\u0107 - Web-knji\u017eara","robots":{"index":"index","follow":"follow","max-snippet":"max-snippet:-1","max-image-preview":"max-image-preview:large","max-video-preview":"max-video-preview:-1"},"canonical":"https:\/\/webknjizara.hr\/proizvod\/naslonjen-o-snove-dean-poss-plazonic\/","og_locale":"en_US","og_type":"article","og_title":"NASLONJEN O SNOVE, Dean Poss Plazoni\u0107 - Web-knji\u017eara","og_description":"Bilje\u0161ka o autoru\/autorici: Dean Plazoni\u0107 &#8211; Poss- pi\u0161e i radi u Splitu. Iza sebe ima 463 napisane pjesme, samostalnu zbrku pjesama \u201ePotreba\u201c tiskanu u lipnju 2018. godine. Naslonjen o snove je druga samostalna zbirka pjesama Deana Plazoni\u0107a. Deanove pjesme bi se uskoro trebale prona\u0107i u zajedni\u010dkoj zbirci splitskih autora \u201eSplitska mri\u017ea II\u201c Klju\u010dne rije\u010di: Dean [&hellip;]","og_url":"https:\/\/webknjizara.hr\/proizvod\/naslonjen-o-snove-dean-poss-plazonic\/","og_site_name":"Web-knji\u017eara","article_modified_time":"2023-02-26T23:17:55+00:00","og_image":[{"width":300,"height":419,"url":"https:\/\/webknjizara.hr\/wp-content\/uploads\/nc\/images\/virtuemart\/product\/naslovnica-naslonjen-o-snove.jpg","type":"image\/jpeg"}],"twitter_card":"summary_large_image","twitter_misc":{"Est. reading time":"1 minute"},"schema":{"@context":"https:\/\/schema.org","@graph":[{"@type":"WebPage","@id":"https:\/\/webknjizara.hr\/proizvod\/naslonjen-o-snove-dean-poss-plazonic\/","url":"https:\/\/webknjizara.hr\/proizvod\/naslonjen-o-snove-dean-poss-plazonic\/","name":"NASLONJEN O SNOVE, Dean Poss Plazoni\u0107 - Web-knji\u017eara","isPartOf":{"@id":"https:\/\/webknjizara.hr\/#website"},"primaryImageOfPage":{"@id":"https:\/\/webknjizara.hr\/proizvod\/naslonjen-o-snove-dean-poss-plazonic\/#primaryimage"},"image":{"@id":"https:\/\/webknjizara.hr\/proizvod\/naslonjen-o-snove-dean-poss-plazonic\/#primaryimage"},"thumbnailUrl":"https:\/\/webknjizara.hr\/wp-content\/uploads\/nc\/images\/virtuemart\/product\/naslovnica-naslonjen-o-snove.jpg","datePublished":"2019-10-21T10:26:38+00:00","dateModified":"2023-02-26T23:17:55+00:00","breadcrumb":{"@id":"https:\/\/webknjizara.hr\/proizvod\/naslonjen-o-snove-dean-poss-plazonic\/#breadcrumb"},"inLanguage":"en-US","potentialAction":[{"@type":"ReadAction","target":["https:\/\/webknjizara.hr\/proizvod\/naslonjen-o-snove-dean-poss-plazonic\/"]}]},{"@type":"ImageObject","inLanguage":"en-US","@id":"https:\/\/webknjizara.hr\/proizvod\/naslonjen-o-snove-dean-poss-plazonic\/#primaryimage","url":"https:\/\/webknjizara.hr\/wp-content\/uploads\/nc\/images\/virtuemart\/product\/naslovnica-naslonjen-o-snove.jpg","contentUrl":"https:\/\/webknjizara.hr\/wp-content\/uploads\/nc\/images\/virtuemart\/product\/naslovnica-naslonjen-o-snove.jpg","width":300,"height":419,"caption":"NASLONJEN O SNOVE, Dean Poss Plazoni\u0107"},{"@type":"BreadcrumbList","@id":"https:\/\/webknjizara.hr\/proizvod\/naslonjen-o-snove-dean-poss-plazonic\/#breadcrumb","itemListElement":[{"@type":"ListItem","position":1,"name":"Po\u010detna stranica","item":"https:\/\/webknjizara.hr\/en\/"},{"@type":"ListItem","position":2,"name":"Shop","item":"https:\/\/webknjizara.hr\/shop\/"},{"@type":"ListItem","position":3,"name":"NASLONJEN O SNOVE, Dean Poss Plazoni\u0107"}]},{"@type":"WebSite","@id":"https:\/\/webknjizara.hr\/#website","url":"https:\/\/webknjizara.hr\/","name":"Web Knji\u017eara","description":"","publisher":{"@id":"https:\/\/webknjizara.hr\/#organization"},"potentialAction":[{"@type":"SearchAction","target":{"@type":"EntryPoint","urlTemplate":"https:\/\/webknjizara.hr\/?s={search_term_string}"},"query-input":{"@type":"PropertyValueSpecification","valueRequired":true,"valueName":"search_term_string"}}],"inLanguage":"en-US"},{"@type":"Organization","@id":"https:\/\/webknjizara.hr\/#organization","name":"REDAK D.O.O.","url":"https:\/\/webknjizara.hr\/","logo":{"@type":"ImageObject","inLanguage":"en-US","@id":"https:\/\/webknjizara.hr\/#\/schema\/logo\/image\/","url":"https:\/\/webknjizara.hr\/wp-content\/uploads\/2023\/01\/web-knjizara-logo.webp","contentUrl":"https:\/\/webknjizara.hr\/wp-content\/uploads\/2023\/01\/web-knjizara-logo.webp","width":324,"height":79,"caption":"REDAK D.O.O."},"image":{"@id":"https:\/\/webknjizara.hr\/#\/schema\/logo\/image\/"}}]}},"_links":{"self":[{"href":"https:\/\/webknjizara.hr\/en\/wp-json\/wp\/v2\/product\/9099","targetHints":{"allow":["GET"]}}],"collection":[{"href":"https:\/\/webknjizara.hr\/en\/wp-json\/wp\/v2\/product"}],"about":[{"href":"https:\/\/webknjizara.hr\/en\/wp-json\/wp\/v2\/types\/product"}],"replies":[{"embeddable":true,"href":"https:\/\/webknjizara.hr\/en\/wp-json\/wp\/v2\/comments?post=9099"}],"wp:featuredmedia":[{"embeddable":true,"href":"https:\/\/webknjizara.hr\/en\/wp-json\/wp\/v2\/media\/9100"}],"wp:attachment":[{"href":"https:\/\/webknjizara.hr\/en\/wp-json\/wp\/v2\/media?parent=9099"}],"wp:term":[{"taxonomy":"product_brand","embeddable":true,"href":"https:\/\/webknjizara.hr\/en\/wp-json\/wp\/v2\/product_brand?post=9099"},{"taxonomy":"product_cat","embeddable":true,"href":"https:\/\/webknjizara.hr\/en\/wp-json\/wp\/v2\/product_cat?post=9099"},{"taxonomy":"product_tag","embeddable":true,"href":"https:\/\/webknjizara.hr\/en\/wp-json\/wp\/v2\/product_tag?post=9099"}],"curies":[{"name":"wp","href":"https:\/\/api.w.org\/{rel}","templated":true}]}}