{"id":9087,"date":"2019-10-04T10:26:14","date_gmt":"2019-10-04T10:26:14","guid":{"rendered":"https:\/\/webknjizara.hr\/?product=my-encounter-with-god-ljiljana-lili-juric"},"modified":"2025-11-20T03:45:33","modified_gmt":"2025-11-20T02:45:33","slug":"my-encounter-with-god-ljiljana-lili-juric","status":"publish","type":"product","link":"https:\/\/webknjizara.hr\/en\/proizvod\/my-encounter-with-god-ljiljana-lili-juric\/","title":{"rendered":"MY ENCOUNTER WITH GOD, Ljiljana Lili Juri\u0107"},"content":{"rendered":"<p><strong>Sa\u017eetak:<\/strong><\/p>\n<p>This book speaks of great love towards Jesus and of great exuberance. The basic idea is that to be a Christian means to be like God. That is, to have LOVE towards everyone and everything, except sin. Because the Bible does say that our struggle is not against flesh and blood (that is \u2013man), but against evil spirits who keep man captive.<br \/>\nMeaning, the fight is of a spiritual nature. There is a spiritual world and we are not alone, even though we do not see this spiritual world. When a person becomes spiritually receptive, then it is possible for him or her to feel the presence of the spiritual world, and to see it. The book tells us about the importance of LOVE, not doctrine and how in Heaven there are no borders, up there all are children of God.<\/p>\n<p><strong>Bilje\u0161ka o autoru\/autorici:<\/strong><\/p>\n<p>Ljiljana Lili Juri\u0107 was born 07\/26\/1976 in Mostar, Bosnia and Herzegovina. She lived there until 16, when the war began. She moved with her family in Zagreb. She graduated from the general grammar school in Zagreb and business school Vern (first generation of students), majoring in entrepreneurship and management. She lived and worked in Zagreb until a year ago when, because of life circumstances, she moved to Split, a city by the sea. By the way, she always wanted to live in a city by the sea. At the moment, she is living in Split and that is where she is publishing her first book \u201cMy Encounter with God\u201d. This book will have future installments because God is always creating something new.<\/p>\n<p><strong>Klju\u010dne rije\u010di:<\/strong> God, Jesus,\u00a0 testimony, faith.<\/p>\n<p><strong>Naslov:<\/strong> My encounter with God<br \/>\n<strong>Autor:<\/strong> Ljiljana Lili Juri\u0107<br \/>\n<strong>Broj stranica:<\/strong> 100<br \/>\n<strong>Nakladnik:<\/strong> REDAK<br \/>\n<strong>Godina izdanja:<\/strong> 2019 .<br \/>\n<strong>ISBN:<\/strong> 978-953-336-618-0<br \/>\n<strong>Tisak:<\/strong> digitalni tisak knjiga &#8211; print na zahtjev<\/p>\n<hr \/>\n<p style=\"text-align: justify;\"><strong>Kako naru\u010diti knjigu?\u00a0<\/strong>Proces online kupovine jednako funkcionira za sve kupce, s jedinom razlikom u tome \u0161to \u0161to kupci iz inozemstva za podru\u010dje dostave moraju odabrati &#8220;Europa&#8221; ili &#8220;Ostale zemlje svijeta&#8221;, a za vrstu pla\u0107anja WSPay (kreditna kartica) ili Virmanom (bankovni transfer).<\/p>\n<p style=\"text-align: justify;\">Molimo kliknite ovdje za\u00a0<a href=\"hr\/kako-kupovati\" target=\"_blank\" rel=\"noopener noreferrer\">detaljni vodi\u010d kroz proces narud\u017ebe<\/a>\u00a0ili nas\u00a0<a href=\"hr\/kontakt\" target=\"_blank\" rel=\"noopener noreferrer\">kontaktirajte<\/a>\u00a0za vi\u0161e informacija<\/p>\n","protected":false},"excerpt":{"rendered":"<p>Sa\u017eetak: This book speaks of great love towards Jesus and of great exuberance. The basic idea is that to be a Christian means to be like God. That is, to have LOVE towards everyone and everything, except sin. Because the Bible does say that our struggle is not against flesh and blood (that is \u2013man), [&hellip;]<\/p>\n","protected":false},"featured_media":9088,"comment_status":"open","ping_status":"closed","template":"","meta":{"_acf_changed":false},"product_brand":[],"product_cat":[1489],"product_tag":[],"class_list":{"0":"post-9087","1":"product","2":"type-product","3":"status-publish","4":"has-post-thumbnail","6":"product_cat-publicistika","7":"pa_autor-ljiljana-lili-juric","8":"pa_nakladnik-redak","10":"first","11":"instock","12":"shipping-taxable","13":"purchasable","14":"product-type-simple"},"acf":[],"yoast_head":"<!-- This site is optimized with the Yoast SEO plugin v27.3 - https:\/\/yoast.com\/product\/yoast-seo-wordpress\/ -->\n<title>MY ENCOUNTER WITH GOD, Ljiljana Lili Juri\u0107 - Web-knji\u017eara<\/title>\n<meta name=\"robots\" content=\"index, follow, max-snippet:-1, max-image-preview:large, max-video-preview:-1\" \/>\n<link rel=\"canonical\" href=\"https:\/\/webknjizara.hr\/proizvod\/my-encounter-with-god-ljiljana-lili-juric\/\" \/>\n<meta property=\"og:locale\" content=\"en_US\" \/>\n<meta property=\"og:type\" content=\"article\" \/>\n<meta property=\"og:title\" content=\"MY ENCOUNTER WITH GOD, Ljiljana Lili Juri\u0107 - Web-knji\u017eara\" \/>\n<meta property=\"og:description\" content=\"Sa\u017eetak: This book speaks of great love towards Jesus and of great exuberance. The basic idea is that to be a Christian means to be like God. That is, to have LOVE towards everyone and everything, except sin. Because the Bible does say that our struggle is not against flesh and blood (that is \u2013man), [&hellip;]\" \/>\n<meta property=\"og:url\" content=\"https:\/\/webknjizara.hr\/proizvod\/my-encounter-with-god-ljiljana-lili-juric\/\" \/>\n<meta property=\"og:site_name\" content=\"Web-knji\u017eara\" \/>\n<meta property=\"article:modified_time\" content=\"2025-11-20T02:45:33+00:00\" \/>\n<meta property=\"og:image\" content=\"https:\/\/webknjizara.hr\/wp-content\/uploads\/nc\/images\/virtuemart\/product\/Juric_Ljiljana_My_Encounter_with_God_unutrasnjost_WEB.jpg\" \/>\n\t<meta property=\"og:image:width\" content=\"300\" \/>\n\t<meta property=\"og:image:height\" content=\"432\" \/>\n\t<meta property=\"og:image:type\" content=\"image\/jpeg\" \/>\n<meta name=\"twitter:card\" content=\"summary_large_image\" \/>\n<meta name=\"twitter:label1\" content=\"Est. reading time\" \/>\n\t<meta name=\"twitter:data1\" content=\"3 minutes\" \/>\n<script type=\"application\/ld+json\" class=\"yoast-schema-graph\">{\"@context\":\"https:\\\/\\\/schema.org\",\"@graph\":[{\"@type\":\"WebPage\",\"@id\":\"https:\\\/\\\/webknjizara.hr\\\/proizvod\\\/my-encounter-with-god-ljiljana-lili-juric\\\/\",\"url\":\"https:\\\/\\\/webknjizara.hr\\\/proizvod\\\/my-encounter-with-god-ljiljana-lili-juric\\\/\",\"name\":\"MY ENCOUNTER WITH GOD, Ljiljana Lili Juri\u0107 - Web-knji\u017eara\",\"isPartOf\":{\"@id\":\"https:\\\/\\\/webknjizara.hr\\\/#website\"},\"primaryImageOfPage\":{\"@id\":\"https:\\\/\\\/webknjizara.hr\\\/proizvod\\\/my-encounter-with-god-ljiljana-lili-juric\\\/#primaryimage\"},\"image\":{\"@id\":\"https:\\\/\\\/webknjizara.hr\\\/proizvod\\\/my-encounter-with-god-ljiljana-lili-juric\\\/#primaryimage\"},\"thumbnailUrl\":\"https:\\\/\\\/webknjizara.hr\\\/wp-content\\\/uploads\\\/nc\\\/images\\\/virtuemart\\\/product\\\/Juric_Ljiljana_My_Encounter_with_God_unutrasnjost_WEB.jpg\",\"datePublished\":\"2019-10-04T10:26:14+00:00\",\"dateModified\":\"2025-11-20T02:45:33+00:00\",\"breadcrumb\":{\"@id\":\"https:\\\/\\\/webknjizara.hr\\\/proizvod\\\/my-encounter-with-god-ljiljana-lili-juric\\\/#breadcrumb\"},\"inLanguage\":\"en-US\",\"potentialAction\":[{\"@type\":\"ReadAction\",\"target\":[\"https:\\\/\\\/webknjizara.hr\\\/proizvod\\\/my-encounter-with-god-ljiljana-lili-juric\\\/\"]}]},{\"@type\":\"ImageObject\",\"inLanguage\":\"en-US\",\"@id\":\"https:\\\/\\\/webknjizara.hr\\\/proizvod\\\/my-encounter-with-god-ljiljana-lili-juric\\\/#primaryimage\",\"url\":\"https:\\\/\\\/webknjizara.hr\\\/wp-content\\\/uploads\\\/nc\\\/images\\\/virtuemart\\\/product\\\/Juric_Ljiljana_My_Encounter_with_God_unutrasnjost_WEB.jpg\",\"contentUrl\":\"https:\\\/\\\/webknjizara.hr\\\/wp-content\\\/uploads\\\/nc\\\/images\\\/virtuemart\\\/product\\\/Juric_Ljiljana_My_Encounter_with_God_unutrasnjost_WEB.jpg\",\"width\":300,\"height\":432,\"caption\":\"MY ENCOUNTER WITH GOD, Ljiljana Lili Juri\u0107\"},{\"@type\":\"BreadcrumbList\",\"@id\":\"https:\\\/\\\/webknjizara.hr\\\/proizvod\\\/my-encounter-with-god-ljiljana-lili-juric\\\/#breadcrumb\",\"itemListElement\":[{\"@type\":\"ListItem\",\"position\":1,\"name\":\"Po\u010detna stranica\",\"item\":\"https:\\\/\\\/webknjizara.hr\\\/en\\\/\"},{\"@type\":\"ListItem\",\"position\":2,\"name\":\"Shop\",\"item\":\"https:\\\/\\\/webknjizara.hr\\\/shop\\\/\"},{\"@type\":\"ListItem\",\"position\":3,\"name\":\"MY ENCOUNTER WITH GOD, Ljiljana Lili Juri\u0107\"}]},{\"@type\":\"WebSite\",\"@id\":\"https:\\\/\\\/webknjizara.hr\\\/#website\",\"url\":\"https:\\\/\\\/webknjizara.hr\\\/\",\"name\":\"Web Knji\u017eara\",\"description\":\"\",\"publisher\":{\"@id\":\"https:\\\/\\\/webknjizara.hr\\\/#organization\"},\"potentialAction\":[{\"@type\":\"SearchAction\",\"target\":{\"@type\":\"EntryPoint\",\"urlTemplate\":\"https:\\\/\\\/webknjizara.hr\\\/?s={search_term_string}\"},\"query-input\":{\"@type\":\"PropertyValueSpecification\",\"valueRequired\":true,\"valueName\":\"search_term_string\"}}],\"inLanguage\":\"en-US\"},{\"@type\":\"Organization\",\"@id\":\"https:\\\/\\\/webknjizara.hr\\\/#organization\",\"name\":\"REDAK D.O.O.\",\"url\":\"https:\\\/\\\/webknjizara.hr\\\/\",\"logo\":{\"@type\":\"ImageObject\",\"inLanguage\":\"en-US\",\"@id\":\"https:\\\/\\\/webknjizara.hr\\\/#\\\/schema\\\/logo\\\/image\\\/\",\"url\":\"https:\\\/\\\/webknjizara.hr\\\/wp-content\\\/uploads\\\/2023\\\/01\\\/web-knjizara-logo.webp\",\"contentUrl\":\"https:\\\/\\\/webknjizara.hr\\\/wp-content\\\/uploads\\\/2023\\\/01\\\/web-knjizara-logo.webp\",\"width\":324,\"height\":79,\"caption\":\"REDAK D.O.O.\"},\"image\":{\"@id\":\"https:\\\/\\\/webknjizara.hr\\\/#\\\/schema\\\/logo\\\/image\\\/\"}}]}<\/script>\n<!-- \/ Yoast SEO plugin. -->","yoast_head_json":{"title":"MY ENCOUNTER WITH GOD, Ljiljana Lili Juri\u0107 - Web-knji\u017eara","robots":{"index":"index","follow":"follow","max-snippet":"max-snippet:-1","max-image-preview":"max-image-preview:large","max-video-preview":"max-video-preview:-1"},"canonical":"https:\/\/webknjizara.hr\/proizvod\/my-encounter-with-god-ljiljana-lili-juric\/","og_locale":"en_US","og_type":"article","og_title":"MY ENCOUNTER WITH GOD, Ljiljana Lili Juri\u0107 - Web-knji\u017eara","og_description":"Sa\u017eetak: This book speaks of great love towards Jesus and of great exuberance. The basic idea is that to be a Christian means to be like God. That is, to have LOVE towards everyone and everything, except sin. Because the Bible does say that our struggle is not against flesh and blood (that is \u2013man), [&hellip;]","og_url":"https:\/\/webknjizara.hr\/proizvod\/my-encounter-with-god-ljiljana-lili-juric\/","og_site_name":"Web-knji\u017eara","article_modified_time":"2025-11-20T02:45:33+00:00","og_image":[{"width":300,"height":432,"url":"https:\/\/webknjizara.hr\/wp-content\/uploads\/nc\/images\/virtuemart\/product\/Juric_Ljiljana_My_Encounter_with_God_unutrasnjost_WEB.jpg","type":"image\/jpeg"}],"twitter_card":"summary_large_image","twitter_misc":{"Est. reading time":"3 minutes"},"schema":{"@context":"https:\/\/schema.org","@graph":[{"@type":"WebPage","@id":"https:\/\/webknjizara.hr\/proizvod\/my-encounter-with-god-ljiljana-lili-juric\/","url":"https:\/\/webknjizara.hr\/proizvod\/my-encounter-with-god-ljiljana-lili-juric\/","name":"MY ENCOUNTER WITH GOD, Ljiljana Lili Juri\u0107 - Web-knji\u017eara","isPartOf":{"@id":"https:\/\/webknjizara.hr\/#website"},"primaryImageOfPage":{"@id":"https:\/\/webknjizara.hr\/proizvod\/my-encounter-with-god-ljiljana-lili-juric\/#primaryimage"},"image":{"@id":"https:\/\/webknjizara.hr\/proizvod\/my-encounter-with-god-ljiljana-lili-juric\/#primaryimage"},"thumbnailUrl":"https:\/\/webknjizara.hr\/wp-content\/uploads\/nc\/images\/virtuemart\/product\/Juric_Ljiljana_My_Encounter_with_God_unutrasnjost_WEB.jpg","datePublished":"2019-10-04T10:26:14+00:00","dateModified":"2025-11-20T02:45:33+00:00","breadcrumb":{"@id":"https:\/\/webknjizara.hr\/proizvod\/my-encounter-with-god-ljiljana-lili-juric\/#breadcrumb"},"inLanguage":"en-US","potentialAction":[{"@type":"ReadAction","target":["https:\/\/webknjizara.hr\/proizvod\/my-encounter-with-god-ljiljana-lili-juric\/"]}]},{"@type":"ImageObject","inLanguage":"en-US","@id":"https:\/\/webknjizara.hr\/proizvod\/my-encounter-with-god-ljiljana-lili-juric\/#primaryimage","url":"https:\/\/webknjizara.hr\/wp-content\/uploads\/nc\/images\/virtuemart\/product\/Juric_Ljiljana_My_Encounter_with_God_unutrasnjost_WEB.jpg","contentUrl":"https:\/\/webknjizara.hr\/wp-content\/uploads\/nc\/images\/virtuemart\/product\/Juric_Ljiljana_My_Encounter_with_God_unutrasnjost_WEB.jpg","width":300,"height":432,"caption":"MY ENCOUNTER WITH GOD, Ljiljana Lili Juri\u0107"},{"@type":"BreadcrumbList","@id":"https:\/\/webknjizara.hr\/proizvod\/my-encounter-with-god-ljiljana-lili-juric\/#breadcrumb","itemListElement":[{"@type":"ListItem","position":1,"name":"Po\u010detna stranica","item":"https:\/\/webknjizara.hr\/en\/"},{"@type":"ListItem","position":2,"name":"Shop","item":"https:\/\/webknjizara.hr\/shop\/"},{"@type":"ListItem","position":3,"name":"MY ENCOUNTER WITH GOD, Ljiljana Lili Juri\u0107"}]},{"@type":"WebSite","@id":"https:\/\/webknjizara.hr\/#website","url":"https:\/\/webknjizara.hr\/","name":"Web Knji\u017eara","description":"","publisher":{"@id":"https:\/\/webknjizara.hr\/#organization"},"potentialAction":[{"@type":"SearchAction","target":{"@type":"EntryPoint","urlTemplate":"https:\/\/webknjizara.hr\/?s={search_term_string}"},"query-input":{"@type":"PropertyValueSpecification","valueRequired":true,"valueName":"search_term_string"}}],"inLanguage":"en-US"},{"@type":"Organization","@id":"https:\/\/webknjizara.hr\/#organization","name":"REDAK D.O.O.","url":"https:\/\/webknjizara.hr\/","logo":{"@type":"ImageObject","inLanguage":"en-US","@id":"https:\/\/webknjizara.hr\/#\/schema\/logo\/image\/","url":"https:\/\/webknjizara.hr\/wp-content\/uploads\/2023\/01\/web-knjizara-logo.webp","contentUrl":"https:\/\/webknjizara.hr\/wp-content\/uploads\/2023\/01\/web-knjizara-logo.webp","width":324,"height":79,"caption":"REDAK D.O.O."},"image":{"@id":"https:\/\/webknjizara.hr\/#\/schema\/logo\/image\/"}}]}},"_links":{"self":[{"href":"https:\/\/webknjizara.hr\/en\/wp-json\/wp\/v2\/product\/9087","targetHints":{"allow":["GET"]}}],"collection":[{"href":"https:\/\/webknjizara.hr\/en\/wp-json\/wp\/v2\/product"}],"about":[{"href":"https:\/\/webknjizara.hr\/en\/wp-json\/wp\/v2\/types\/product"}],"replies":[{"embeddable":true,"href":"https:\/\/webknjizara.hr\/en\/wp-json\/wp\/v2\/comments?post=9087"}],"wp:featuredmedia":[{"embeddable":true,"href":"https:\/\/webknjizara.hr\/en\/wp-json\/wp\/v2\/media\/9088"}],"wp:attachment":[{"href":"https:\/\/webknjizara.hr\/en\/wp-json\/wp\/v2\/media?parent=9087"}],"wp:term":[{"taxonomy":"product_brand","embeddable":true,"href":"https:\/\/webknjizara.hr\/en\/wp-json\/wp\/v2\/product_brand?post=9087"},{"taxonomy":"product_cat","embeddable":true,"href":"https:\/\/webknjizara.hr\/en\/wp-json\/wp\/v2\/product_cat?post=9087"},{"taxonomy":"product_tag","embeddable":true,"href":"https:\/\/webknjizara.hr\/en\/wp-json\/wp\/v2\/product_tag?post=9087"}],"curies":[{"name":"wp","href":"https:\/\/api.w.org\/{rel}","templated":true}]}}