{"id":9081,"date":"2019-09-24T14:58:39","date_gmt":"2019-09-24T14:58:39","guid":{"rendered":"https:\/\/webknjizara.hr\/?product=croatian-genealogy-zlatko-lukic"},"modified":"2023-02-27T00:17:54","modified_gmt":"2023-02-26T23:17:54","slug":"croatian-genealogy-zlatko-lukic","status":"publish","type":"product","link":"https:\/\/webknjizara.hr\/en\/proizvod\/croatian-genealogy-zlatko-lukic\/","title":{"rendered":"CROATIAN GENEALOGY, Zlatko Luki\u0107"},"content":{"rendered":"<p><strong>Sa\u017eetak:<\/strong><\/p>\n<p>Atlas rodoslovnih karata hrvatskih kraljeva i visokoga plemstva Hrvatske i onih europskih dr\u017eava i dinastija koje su imale utjecaj na civilizacijski razvoj Hrvatske.<\/p>\n<p><strong>Bilje\u0161ka o autoru\/autorici:<\/strong><\/p>\n<p>Zlatko Luki\u0107, 1953. Zagreb. Poslije gimnazije u Banjaluci studirao pravo. Od 1992. \u017eivio u vi\u0161e europskih dr\u017eava, a od 2006. u Hrvatskoj. Radio kao novinar i urednik u novinama, radiju i televiziji. Zastupljen u nekoliko pregleda i panorama bh knji\u017eevnosti i nagra\u0111ivan za poeziju, prozu, roman i dramu.<\/p>\n<p><strong>Klju\u010dne rije\u010di:<\/strong> Hrvatski kraljevi, dinastija, dynasty, obiteljsko stablo, Family Tree, Dinastic Connections, \u0160ubi\u0107, Zrinski, Frankopan, Baboni\u0107, Nelipi\u0107, Pali\u017ena, Talovac, Gorjanski, Ilo\u010dki, Kurjakovi\u0107, Bani\u0107, Kani\u017eaj, \u010cupor, Lackovi\u0107, Horvat, Pata\u010di\u0107, Erd\u00f6dy, Dra\u0161kovi\u0107, Berislavi\u0107, Tahy, Alapi\u0107, Gregorijanec, Rattkay, Bedekovi\u0107-Komorski, Keglevi\u0107, Jela\u010di\u0107-Bu\u017eimski, Kukuljevi\u0107-Sakcinski, Kulmer, Peja\u010devi\u0107, Or\u0161i\u0107, Habsburg, Arpad, Hohenzollern, Bourobn, Romanov, Savoy, Windsor, Julians-Claudians, Kotromani\u0107, Stjepan Vuk\u010di\u0107, Hrvoje Vuk\u010di\u0107, Osmanlije, Palailogos, Paleolozi, D\u017eingis-kan, Karolinizi, Bonaparte, Detronized Kings.<\/p>\n<p><strong>Link:<\/strong> <a href=\"https:\/\/zlatkolukic.com\/\" target=\"_blank\" rel=\"noopener noreferrer\">https:\/\/zlatkolukic.com\/<\/a><\/p>\n<p><strong>E-mail:<\/strong> <a href=\"mailto:aurelius777@gmail.com\" target=\"_blank\" rel=\"noopener noreferrer\">Zlatko Luki\u0107<\/a><\/p>\n<p><strong>Naslov:<\/strong> CROATIAN GENEALOGY<br \/><strong>Autor:<\/strong> Zlatko Luki\u0107<br \/><strong>Broj stranica:<\/strong> 160<br \/><strong>Nakladnik:<\/strong> REDAK<br \/><strong>Godina izdanja:<\/strong> 2019 .<br \/><strong>ISBN:<\/strong> 978-953-336-606-7<br \/><strong>Tisak:<\/strong> digitalni tisak knjiga &#8211; print na zahtjev<\/p>\n<p>\u00a0<\/p>\n<hr \/>\n<p style=\"text-align: justify;\"><strong>Kako naru\u010diti knjigu?\u00a0<\/strong>Proces online kupovine jednako funkcionira za sve kupce, s jedinom razlikom u tome \u0161to \u0161to kupci iz inozemstva za podru\u010dje dostave moraju odabrati &#8220;Europa&#8221; ili &#8220;Ostale zemlje svijeta&#8221;, a za vrstu pla\u0107anja WSPay (kreditna kartica) ili Virmanom (bankovni transfer).<\/p>\n<p style=\"text-align: justify;\">Molimo kliknite ovdje za\u00a0<a href=\"hr\/kako-kupovati\" target=\"_blank\" rel=\"noopener noreferrer\">detaljni vodi\u010d kroz proces narud\u017ebe<\/a>\u00a0ili nas\u00a0<a href=\"hr\/kontakt\" target=\"_blank\" rel=\"noopener noreferrer\">kontaktirajte<\/a>\u00a0za vi\u0161e informacija<\/p>\n","protected":false},"excerpt":{"rendered":"<p>Sa\u017eetak: Atlas rodoslovnih karata hrvatskih kraljeva i visokoga plemstva Hrvatske i onih europskih dr\u017eava i dinastija koje su imale utjecaj na civilizacijski razvoj Hrvatske. Bilje\u0161ka o autoru\/autorici: Zlatko Luki\u0107, 1953. Zagreb. Poslije gimnazije u Banjaluci studirao pravo. Od 1992. \u017eivio u vi\u0161e europskih dr\u017eava, a od 2006. u Hrvatskoj. Radio kao novinar i urednik u [&hellip;]<\/p>\n","protected":false},"featured_media":9082,"comment_status":"open","ping_status":"closed","template":"","meta":{"_acf_changed":false},"product_brand":[],"product_cat":[1517],"product_tag":[],"class_list":{"0":"post-9081","1":"product","2":"type-product","3":"status-publish","4":"has-post-thumbnail","6":"product_cat-strucna-literatura","7":"pa_autor-zlatko-lukic","8":"pa_nakladnik-redak","10":"first","11":"instock","12":"shipping-taxable","13":"purchasable","14":"product-type-simple"},"acf":[],"yoast_head":"<!-- This site is optimized with the Yoast SEO plugin v27.3 - https:\/\/yoast.com\/product\/yoast-seo-wordpress\/ -->\n<title>CROATIAN GENEALOGY, Zlatko Luki\u0107 - Web-knji\u017eara<\/title>\n<meta name=\"robots\" content=\"index, follow, max-snippet:-1, max-image-preview:large, max-video-preview:-1\" \/>\n<link rel=\"canonical\" href=\"https:\/\/webknjizara.hr\/proizvod\/croatian-genealogy-zlatko-lukic\/\" \/>\n<meta property=\"og:locale\" content=\"en_US\" \/>\n<meta property=\"og:type\" content=\"article\" \/>\n<meta property=\"og:title\" content=\"CROATIAN GENEALOGY, Zlatko Luki\u0107 - Web-knji\u017eara\" \/>\n<meta property=\"og:description\" content=\"Sa\u017eetak: Atlas rodoslovnih karata hrvatskih kraljeva i visokoga plemstva Hrvatske i onih europskih dr\u017eava i dinastija koje su imale utjecaj na civilizacijski razvoj Hrvatske. Bilje\u0161ka o autoru\/autorici: Zlatko Luki\u0107, 1953. Zagreb. Poslije gimnazije u Banjaluci studirao pravo. Od 1992. \u017eivio u vi\u0161e europskih dr\u017eava, a od 2006. u Hrvatskoj. Radio kao novinar i urednik u [&hellip;]\" \/>\n<meta property=\"og:url\" content=\"https:\/\/webknjizara.hr\/proizvod\/croatian-genealogy-zlatko-lukic\/\" \/>\n<meta property=\"og:site_name\" content=\"Web-knji\u017eara\" \/>\n<meta property=\"article:modified_time\" content=\"2023-02-26T23:17:54+00:00\" \/>\n<meta property=\"og:image\" content=\"https:\/\/webknjizara.hr\/wp-content\/uploads\/nc\/images\/virtuemart\/product\/Lukic_Zlatko_Croatian_Genealogy.jpg\" \/>\n\t<meta property=\"og:image:width\" content=\"734\" \/>\n\t<meta property=\"og:image:height\" content=\"1024\" \/>\n\t<meta property=\"og:image:type\" content=\"image\/jpeg\" \/>\n<meta name=\"twitter:card\" content=\"summary_large_image\" \/>\n<meta name=\"twitter:label1\" content=\"Est. reading time\" \/>\n\t<meta name=\"twitter:data1\" content=\"1 minute\" \/>\n<script type=\"application\/ld+json\" class=\"yoast-schema-graph\">{\"@context\":\"https:\\\/\\\/schema.org\",\"@graph\":[{\"@type\":\"WebPage\",\"@id\":\"https:\\\/\\\/webknjizara.hr\\\/proizvod\\\/croatian-genealogy-zlatko-lukic\\\/\",\"url\":\"https:\\\/\\\/webknjizara.hr\\\/proizvod\\\/croatian-genealogy-zlatko-lukic\\\/\",\"name\":\"CROATIAN GENEALOGY, Zlatko Luki\u0107 - Web-knji\u017eara\",\"isPartOf\":{\"@id\":\"https:\\\/\\\/webknjizara.hr\\\/#website\"},\"primaryImageOfPage\":{\"@id\":\"https:\\\/\\\/webknjizara.hr\\\/proizvod\\\/croatian-genealogy-zlatko-lukic\\\/#primaryimage\"},\"image\":{\"@id\":\"https:\\\/\\\/webknjizara.hr\\\/proizvod\\\/croatian-genealogy-zlatko-lukic\\\/#primaryimage\"},\"thumbnailUrl\":\"https:\\\/\\\/webknjizara.hr\\\/wp-content\\\/uploads\\\/nc\\\/images\\\/virtuemart\\\/product\\\/Lukic_Zlatko_Croatian_Genealogy.jpg\",\"datePublished\":\"2019-09-24T14:58:39+00:00\",\"dateModified\":\"2023-02-26T23:17:54+00:00\",\"breadcrumb\":{\"@id\":\"https:\\\/\\\/webknjizara.hr\\\/proizvod\\\/croatian-genealogy-zlatko-lukic\\\/#breadcrumb\"},\"inLanguage\":\"en-US\",\"potentialAction\":[{\"@type\":\"ReadAction\",\"target\":[\"https:\\\/\\\/webknjizara.hr\\\/proizvod\\\/croatian-genealogy-zlatko-lukic\\\/\"]}]},{\"@type\":\"ImageObject\",\"inLanguage\":\"en-US\",\"@id\":\"https:\\\/\\\/webknjizara.hr\\\/proizvod\\\/croatian-genealogy-zlatko-lukic\\\/#primaryimage\",\"url\":\"https:\\\/\\\/webknjizara.hr\\\/wp-content\\\/uploads\\\/nc\\\/images\\\/virtuemart\\\/product\\\/Lukic_Zlatko_Croatian_Genealogy.jpg\",\"contentUrl\":\"https:\\\/\\\/webknjizara.hr\\\/wp-content\\\/uploads\\\/nc\\\/images\\\/virtuemart\\\/product\\\/Lukic_Zlatko_Croatian_Genealogy.jpg\",\"width\":1595,\"height\":2226,\"caption\":\"CROATIAN GENEALOGY, Zlatko Luki\u0107\"},{\"@type\":\"BreadcrumbList\",\"@id\":\"https:\\\/\\\/webknjizara.hr\\\/proizvod\\\/croatian-genealogy-zlatko-lukic\\\/#breadcrumb\",\"itemListElement\":[{\"@type\":\"ListItem\",\"position\":1,\"name\":\"Po\u010detna stranica\",\"item\":\"https:\\\/\\\/webknjizara.hr\\\/en\\\/\"},{\"@type\":\"ListItem\",\"position\":2,\"name\":\"Shop\",\"item\":\"https:\\\/\\\/webknjizara.hr\\\/shop\\\/\"},{\"@type\":\"ListItem\",\"position\":3,\"name\":\"CROATIAN GENEALOGY, Zlatko Luki\u0107\"}]},{\"@type\":\"WebSite\",\"@id\":\"https:\\\/\\\/webknjizara.hr\\\/#website\",\"url\":\"https:\\\/\\\/webknjizara.hr\\\/\",\"name\":\"Web Knji\u017eara\",\"description\":\"\",\"publisher\":{\"@id\":\"https:\\\/\\\/webknjizara.hr\\\/#organization\"},\"potentialAction\":[{\"@type\":\"SearchAction\",\"target\":{\"@type\":\"EntryPoint\",\"urlTemplate\":\"https:\\\/\\\/webknjizara.hr\\\/?s={search_term_string}\"},\"query-input\":{\"@type\":\"PropertyValueSpecification\",\"valueRequired\":true,\"valueName\":\"search_term_string\"}}],\"inLanguage\":\"en-US\"},{\"@type\":\"Organization\",\"@id\":\"https:\\\/\\\/webknjizara.hr\\\/#organization\",\"name\":\"REDAK D.O.O.\",\"url\":\"https:\\\/\\\/webknjizara.hr\\\/\",\"logo\":{\"@type\":\"ImageObject\",\"inLanguage\":\"en-US\",\"@id\":\"https:\\\/\\\/webknjizara.hr\\\/#\\\/schema\\\/logo\\\/image\\\/\",\"url\":\"https:\\\/\\\/webknjizara.hr\\\/wp-content\\\/uploads\\\/2023\\\/01\\\/web-knjizara-logo.webp\",\"contentUrl\":\"https:\\\/\\\/webknjizara.hr\\\/wp-content\\\/uploads\\\/2023\\\/01\\\/web-knjizara-logo.webp\",\"width\":324,\"height\":79,\"caption\":\"REDAK D.O.O.\"},\"image\":{\"@id\":\"https:\\\/\\\/webknjizara.hr\\\/#\\\/schema\\\/logo\\\/image\\\/\"}}]}<\/script>\n<!-- \/ Yoast SEO plugin. -->","yoast_head_json":{"title":"CROATIAN GENEALOGY, Zlatko Luki\u0107 - Web-knji\u017eara","robots":{"index":"index","follow":"follow","max-snippet":"max-snippet:-1","max-image-preview":"max-image-preview:large","max-video-preview":"max-video-preview:-1"},"canonical":"https:\/\/webknjizara.hr\/proizvod\/croatian-genealogy-zlatko-lukic\/","og_locale":"en_US","og_type":"article","og_title":"CROATIAN GENEALOGY, Zlatko Luki\u0107 - Web-knji\u017eara","og_description":"Sa\u017eetak: Atlas rodoslovnih karata hrvatskih kraljeva i visokoga plemstva Hrvatske i onih europskih dr\u017eava i dinastija koje su imale utjecaj na civilizacijski razvoj Hrvatske. Bilje\u0161ka o autoru\/autorici: Zlatko Luki\u0107, 1953. Zagreb. Poslije gimnazije u Banjaluci studirao pravo. Od 1992. \u017eivio u vi\u0161e europskih dr\u017eava, a od 2006. u Hrvatskoj. Radio kao novinar i urednik u [&hellip;]","og_url":"https:\/\/webknjizara.hr\/proizvod\/croatian-genealogy-zlatko-lukic\/","og_site_name":"Web-knji\u017eara","article_modified_time":"2023-02-26T23:17:54+00:00","og_image":[{"url":"https:\/\/webknjizara.hr\/wp-content\/uploads\/nc\/images\/virtuemart\/product\/Lukic_Zlatko_Croatian_Genealogy.jpg","width":734,"height":1024,"type":"image\/jpeg"}],"twitter_card":"summary_large_image","twitter_misc":{"Est. reading time":"1 minute"},"schema":{"@context":"https:\/\/schema.org","@graph":[{"@type":"WebPage","@id":"https:\/\/webknjizara.hr\/proizvod\/croatian-genealogy-zlatko-lukic\/","url":"https:\/\/webknjizara.hr\/proizvod\/croatian-genealogy-zlatko-lukic\/","name":"CROATIAN GENEALOGY, Zlatko Luki\u0107 - Web-knji\u017eara","isPartOf":{"@id":"https:\/\/webknjizara.hr\/#website"},"primaryImageOfPage":{"@id":"https:\/\/webknjizara.hr\/proizvod\/croatian-genealogy-zlatko-lukic\/#primaryimage"},"image":{"@id":"https:\/\/webknjizara.hr\/proizvod\/croatian-genealogy-zlatko-lukic\/#primaryimage"},"thumbnailUrl":"https:\/\/webknjizara.hr\/wp-content\/uploads\/nc\/images\/virtuemart\/product\/Lukic_Zlatko_Croatian_Genealogy.jpg","datePublished":"2019-09-24T14:58:39+00:00","dateModified":"2023-02-26T23:17:54+00:00","breadcrumb":{"@id":"https:\/\/webknjizara.hr\/proizvod\/croatian-genealogy-zlatko-lukic\/#breadcrumb"},"inLanguage":"en-US","potentialAction":[{"@type":"ReadAction","target":["https:\/\/webknjizara.hr\/proizvod\/croatian-genealogy-zlatko-lukic\/"]}]},{"@type":"ImageObject","inLanguage":"en-US","@id":"https:\/\/webknjizara.hr\/proizvod\/croatian-genealogy-zlatko-lukic\/#primaryimage","url":"https:\/\/webknjizara.hr\/wp-content\/uploads\/nc\/images\/virtuemart\/product\/Lukic_Zlatko_Croatian_Genealogy.jpg","contentUrl":"https:\/\/webknjizara.hr\/wp-content\/uploads\/nc\/images\/virtuemart\/product\/Lukic_Zlatko_Croatian_Genealogy.jpg","width":1595,"height":2226,"caption":"CROATIAN GENEALOGY, Zlatko Luki\u0107"},{"@type":"BreadcrumbList","@id":"https:\/\/webknjizara.hr\/proizvod\/croatian-genealogy-zlatko-lukic\/#breadcrumb","itemListElement":[{"@type":"ListItem","position":1,"name":"Po\u010detna stranica","item":"https:\/\/webknjizara.hr\/en\/"},{"@type":"ListItem","position":2,"name":"Shop","item":"https:\/\/webknjizara.hr\/shop\/"},{"@type":"ListItem","position":3,"name":"CROATIAN GENEALOGY, Zlatko Luki\u0107"}]},{"@type":"WebSite","@id":"https:\/\/webknjizara.hr\/#website","url":"https:\/\/webknjizara.hr\/","name":"Web Knji\u017eara","description":"","publisher":{"@id":"https:\/\/webknjizara.hr\/#organization"},"potentialAction":[{"@type":"SearchAction","target":{"@type":"EntryPoint","urlTemplate":"https:\/\/webknjizara.hr\/?s={search_term_string}"},"query-input":{"@type":"PropertyValueSpecification","valueRequired":true,"valueName":"search_term_string"}}],"inLanguage":"en-US"},{"@type":"Organization","@id":"https:\/\/webknjizara.hr\/#organization","name":"REDAK D.O.O.","url":"https:\/\/webknjizara.hr\/","logo":{"@type":"ImageObject","inLanguage":"en-US","@id":"https:\/\/webknjizara.hr\/#\/schema\/logo\/image\/","url":"https:\/\/webknjizara.hr\/wp-content\/uploads\/2023\/01\/web-knjizara-logo.webp","contentUrl":"https:\/\/webknjizara.hr\/wp-content\/uploads\/2023\/01\/web-knjizara-logo.webp","width":324,"height":79,"caption":"REDAK D.O.O."},"image":{"@id":"https:\/\/webknjizara.hr\/#\/schema\/logo\/image\/"}}]}},"_links":{"self":[{"href":"https:\/\/webknjizara.hr\/en\/wp-json\/wp\/v2\/product\/9081","targetHints":{"allow":["GET"]}}],"collection":[{"href":"https:\/\/webknjizara.hr\/en\/wp-json\/wp\/v2\/product"}],"about":[{"href":"https:\/\/webknjizara.hr\/en\/wp-json\/wp\/v2\/types\/product"}],"replies":[{"embeddable":true,"href":"https:\/\/webknjizara.hr\/en\/wp-json\/wp\/v2\/comments?post=9081"}],"wp:featuredmedia":[{"embeddable":true,"href":"https:\/\/webknjizara.hr\/en\/wp-json\/wp\/v2\/media\/9082"}],"wp:attachment":[{"href":"https:\/\/webknjizara.hr\/en\/wp-json\/wp\/v2\/media?parent=9081"}],"wp:term":[{"taxonomy":"product_brand","embeddable":true,"href":"https:\/\/webknjizara.hr\/en\/wp-json\/wp\/v2\/product_brand?post=9081"},{"taxonomy":"product_cat","embeddable":true,"href":"https:\/\/webknjizara.hr\/en\/wp-json\/wp\/v2\/product_cat?post=9081"},{"taxonomy":"product_tag","embeddable":true,"href":"https:\/\/webknjizara.hr\/en\/wp-json\/wp\/v2\/product_tag?post=9081"}],"curies":[{"name":"wp","href":"https:\/\/api.w.org\/{rel}","templated":true}]}}