{"id":9077,"date":"2019-09-17T15:37:01","date_gmt":"2019-09-17T13:37:01","guid":{"rendered":"https:\/\/webknjizara.hr\/?product=skola-trenera-tihana-dragicevic"},"modified":"2024-11-29T15:49:12","modified_gmt":"2024-11-29T14:49:12","slug":"skola-trenera","status":"publish","type":"product","link":"https:\/\/webknjizara.hr\/en\/proizvod\/skola-trenera\/","title":{"rendered":"\u0160KOLA TRENERA, Tihana Dragi\u010devi\u0107"},"content":{"rendered":"<h1 class=\"western\" align=\"CENTER\">\u00a0<span style=\"color: #00000a;\"><span style=\"font-family: Calibri, serif;\">UVOD<\/span><\/span><\/h1>\n<p align=\"RIGHT\">\u201e\u0160irok osmijeh uvijek je najbolja vrsta uvoda.\u201c<\/p>\n<p align=\"RIGHT\">&#8211; Tihana Dragi\u010devi\u0107<\/p>\n<p align=\"JUSTIFY\">Zamislite sad da vam se smije\u0161im, od uha do uha. Naime, uvodi se pi\u0161u zadnji, a ja sam ovu knjigu upravo dovr\u0161ila. Iznimno sam zadovoljna \u0161to ove rije\u010di stoje pred vama i daju vam u ruke raznolike boje kojima mo\u017eete vlastitom tehnikom oslikati trenersko platno, spojiti svoje dugogodi\u0161nje iskustvo i pisanu teoriju, razbiti mitove, prikazati kako uistinu danas stvari stoje. Moja je dugogodi\u0161nja \u017eelja bila mo\u0107i vam objasniti sve \u0161to znam o ovoj temi, a da se ne ponavljam jer se radi o pisanoj rije\u010di,. Ovo je moj korak Poticaja (bit \u0107e vam jasno o \u010demu govorim kad stignete do poglavlja Naprednih trenerskih vje\u0161tina).<\/p>\n<p align=\"JUSTIFY\">Jo\u0161 2013. godine osmislila sam koncept modularne \u0160kole trenera\u00ae, intenzivne edukacije za obuku trenera, koja nudi rad na identitetu, a ne samo na vje\u0161tinama. Treneri, ti moderni profesori koji na ovomu tr\u017ei\u0161tu plivaju ve\u0107inom samouki, hrabri i ushi\u0107eni. U tomu sam trenutku i sama radila kao trener i vidjela da ti pojedinci vole edukaciju te da kako motiviraju polaznike na uspjeh, tako razvijaju i motiviraju sebe. Meni je bilo lak\u0161e snalaziti se jer imam profesorsko zvanje. Samo lak\u0161e, no ne i lako. Trebalo je pratiti trendove tr\u017ei\u0161ta, a i sve zahtjevnije odrasle polaznike. I tad sam shvatila da na tr\u017ei\u0161tu postoji potreba koju svojim kompetencijama mogu zadovoljiti. Moram priznati da sam u tomu trenutku postala uzbu\u0111ena i neumorno stvarala prve nacrte \u0160kole trenera\u00ae koje sam isprobavala gdje god se stvorila prilika. Ono na \u010demu je njezin fokus neminovno raste. Danas imam svoju kompaniju u sklopu koje kroz patentiranu \u0160kolu trenera\u00ae prolaze generacije polaznika i kolege koji ju sa mnom vode. \u010cak i u Nizozemskoj odra\u0111ujem englesku ina\u010dicu pod nazivom <i>Practicing Trainership<\/i>, trening koji poha\u0111a impresivnih \u010detrdesetak polaznika u jednoj generaciji.<\/p>\n<p align=\"JUSTIFY\">Ono zadovoljstvo i osmjeh s po\u010detka odlomka nalazi se u tomu da su moje bilje\u0161ke, skripte, uru\u010dci, \u0161ale, primjeri i mudrosti napokon poprimili oblik tiskane knjige. Njome sam \u017eeljela pojednostavniti proces u\u010denja polaznika \u0160kole trenera\u00ae, ali i otvoriti ju ostalima koji se na ovaj ili onaj na\u010din susre\u0107u s temom edukacije. Nastojala sam dati pojedinosti i \u0161iru sliku \u2013 pogledajte samo kakav je sadr\u017eaj! Nastojala sam zadovoljiti vas vizualce, kako ne biste rekli da u ovoj knjizi nema sli\u010dica i da je suhoparna. Nastojala sam umiriti znanstvenike me\u0111u vama pa su svi citati i referencije uredno popisani. Tablice su tu da se organizirani prakti\u010dari ne gube u moru jednolikih slova. Ni\u0161ta nije ukradeno kako se eti\u010dari ne bi mr\u0161tili. Oni brzi u\u017eivat \u0107e u moru primjera, dok \u0107e oni koji vole promi\u0161ljati mo\u0107i promi\u0161ljati o modelima i na\u010delima iza tih primjera. Ukratko, pred vama se nalazi sukus mojega desetogodi\u0161njega rada kao profesora, kao unutarnjega\/vanjskoga trenera i kao edukatora-trenera. Za mene sad dolazi to\u010dka na kraju re\u010denice, a za vas, nadam se, dvoto\u010dka na po\u010detku. U\u017eivajte!<\/p>\n<p align=\"JUSTIFY\">Va\u0161a<\/p>\n<p align=\"JUSTIFY\">Tihana<br \/>\ntihana@elevate.hr<\/p>\n<p><strong>\u00a0<\/strong><\/p>\n<p><strong>Sa\u017eetak:<\/strong><\/p>\n<p>Priru\u010dnik za trenera 21. stolje\u0107a<br \/>\nPostanite majstor u preno\u0161enju znanja, vje\u0161tina i motivacije<\/p>\n<p><strong>Bilje\u0161ka o autorici:<\/strong><\/p>\n<p>Tihana Dragi\u010devi\u0107 je\u00a0<em>coach<\/em>, trener,\u00a0<em>mentor i managing director<\/em>\u00a0u Elevate-u. Radila je u vode\u0107im svjetskim kompanijama kao \u0161to su Allianz i Bayer na nacionalnim i regionalnim pozicijama razvoja ljudi. Nadogradila je svoju fakultetsku profesorsku diplomu s jo\u0161 dvije certificirane me\u0111unarodne te postala COACH,\u00a0\u00a0<em>Oxford Coaching &amp; Mentoring School<\/em> i NLP MAJSTOR,<em> Richard Bandler<\/em>. Tri godine bila je u predsjedni\u0161tvu Hrvatske udruge za\u00a0<em>coaching<\/em> gdje trenutno nastupa u ulozi predsjednice Eti\u010dkog povjerenstva.\u00a0Par puta godi\u0161nje odr\u017eava\u00a0 treninge za obuku trenera i coacheva u Nizozemskoj.<br \/>\nIma preko 10\u00a0godina iskustva u edukaciji, to\u010dnije \u00a0<em>coachingu<\/em>\u00a0i treningu\u00a0individua,\u00a0kompanija i udruga.\u00a0Zala\u017ee se za izvrsnost u svakom pogledu i smatra da smo svi svoje remek djelo.\u00a0Najvi\u0161e doprinosi temama\u00a0<em>leadershipa<\/em>, individualnog i timskog\u00a0<em>coachinga<\/em> i supervizije, \u00a0motivacije i konflikata SDI\u00ae, te\u00a0obuke trenera kroz \u0160KOLU TRENERA\u00ae i obuke coacheva kroz akreditiranu \u0160KOLU COACHEVA, koja je me\u0111unarodno priznata od strane\u00a0Europskog savjeta za mentorstvo i coaching (EMCC).<\/p>\n<p><strong>Klju\u010dne rije\u010di:<\/strong> Trening, skola trenera, edukacija, nlp, vje\u0161tine, komunikacija<\/p>\n<p><strong>Link:<\/strong>\u00a0<a href=\"http:\/\/www.tihanadragicevic.com\" target=\"_blank\" rel=\"noopener noreferrer\">www.tihanadragicevic.com<\/a><\/p>\n<p><a href=\"https:\/\/elevate.hr\/o-nama\/\" target=\"_blank\" rel=\"noopener noreferrer\">https:\/\/elevate.hr\/o-nama\/<\/a><\/p>\n<p><strong>E-mail:<\/strong> <a href=\"mailto:tihana@elevate.hr\" target=\"_blank\" rel=\"noopener noreferrer\">Tihana Dragi\u010devi\u0107<\/a><\/p>\n<p><strong>Naslov:<\/strong> \u0160kola trenera<br \/>\n<strong>Autorica:<\/strong> Tihana Dragi\u010devi\u0107<br \/>\n<strong>Broj stranica:<\/strong> 192<br \/>\n<strong>Nakladnik:<\/strong> Elevate d.o.o.<br \/>\n<strong>Godina izdanja:<\/strong> 2019 .<br \/>\n<strong>ISBN:<\/strong> 978-953-48578-0-9<br \/>\n<strong>Tisak:<\/strong> digitalni tisak knjiga &#8211; print na zahtjev<\/p>\n<hr \/>\n<p style=\"text-align: justify;\"><strong>Kako naru\u010diti knjigu?\u00a0<\/strong>Proces online kupovine jednako funkcionira za sve kupce, s jedinom razlikom u tome \u0161to \u0161to kupci iz inozemstva za podru\u010dje dostave moraju odabrati &#8220;Europa&#8221; ili &#8220;Ostale zemlje svijeta&#8221;, a za vrstu pla\u0107anja WSPay (kreditna kartica) ili Virmanom (bankovni transfer).<\/p>\n<p style=\"text-align: justify;\">Molimo kliknite ovdje za\u00a0<a href=\"hr\/kako-kupovati\" target=\"_blank\" rel=\"noopener noreferrer\">detaljni vodi\u010d kroz proces narud\u017ebe<\/a>\u00a0ili nas\u00a0<a href=\"hr\/kontakt\" target=\"_blank\" rel=\"noopener noreferrer\">kontaktirajte<\/a>\u00a0za vi\u0161e informacija<\/p>\n","protected":false},"excerpt":{"rendered":"<p>\u00a0UVOD \u201e\u0160irok osmijeh uvijek je najbolja vrsta uvoda.\u201c &#8211; Tihana Dragi\u010devi\u0107 Zamislite sad da vam se smije\u0161im, od uha do uha. Naime, uvodi se pi\u0161u zadnji, a ja sam ovu knjigu upravo dovr\u0161ila. Iznimno sam zadovoljna \u0161to ove rije\u010di stoje pred vama i daju vam u ruke raznolike boje kojima mo\u017eete vlastitom tehnikom oslikati trenersko [&hellip;]<\/p>\n","protected":false},"featured_media":9078,"comment_status":"open","ping_status":"closed","template":"","meta":{"_acf_changed":false},"product_brand":[],"product_cat":[1517],"product_tag":[],"class_list":{"0":"post-9077","1":"product","2":"type-product","3":"status-publish","4":"has-post-thumbnail","6":"product_cat-strucna-literatura","7":"pa_autor-tihana-dragicevic","8":"pa_nakladnik-elevate-d-o-o","10":"first","11":"instock","12":"shipping-taxable","13":"purchasable","14":"product-type-simple"},"acf":[],"yoast_head":"<!-- This site is optimized with the Yoast SEO plugin v27.3 - https:\/\/yoast.com\/product\/yoast-seo-wordpress\/ -->\n<title>\u0160KOLA TRENERA, Tihana Dragi\u010devi\u0107 - Web-knji\u017eara<\/title>\n<meta name=\"robots\" content=\"index, follow, max-snippet:-1, max-image-preview:large, max-video-preview:-1\" \/>\n<link rel=\"canonical\" href=\"https:\/\/webknjizara.hr\/proizvod\/skola-trenera\/\" \/>\n<meta property=\"og:locale\" content=\"en_US\" \/>\n<meta property=\"og:type\" content=\"article\" \/>\n<meta property=\"og:title\" content=\"\u0160KOLA TRENERA, Tihana Dragi\u010devi\u0107 - Web-knji\u017eara\" \/>\n<meta property=\"og:description\" content=\"\u00a0UVOD \u201e\u0160irok osmijeh uvijek je najbolja vrsta uvoda.\u201c &#8211; Tihana Dragi\u010devi\u0107 Zamislite sad da vam se smije\u0161im, od uha do uha. Naime, uvodi se pi\u0161u zadnji, a ja sam ovu knjigu upravo dovr\u0161ila. Iznimno sam zadovoljna \u0161to ove rije\u010di stoje pred vama i daju vam u ruke raznolike boje kojima mo\u017eete vlastitom tehnikom oslikati trenersko [&hellip;]\" \/>\n<meta property=\"og:url\" content=\"https:\/\/webknjizara.hr\/proizvod\/skola-trenera\/\" \/>\n<meta property=\"og:site_name\" content=\"Web-knji\u017eara\" \/>\n<meta property=\"article:modified_time\" content=\"2024-11-29T14:49:12+00:00\" \/>\n<meta property=\"og:image\" content=\"https:\/\/webknjizara.hr\/wp-content\/uploads\/nc\/images\/virtuemart\/product\/Dragicevic_naslovnica_WEB.jpg\" \/>\n\t<meta property=\"og:image:width\" content=\"300\" \/>\n\t<meta property=\"og:image:height\" content=\"419\" \/>\n\t<meta property=\"og:image:type\" content=\"image\/jpeg\" \/>\n<meta name=\"twitter:card\" content=\"summary_large_image\" \/>\n<meta name=\"twitter:label1\" content=\"Est. reading time\" \/>\n\t<meta name=\"twitter:data1\" content=\"5 minutes\" \/>\n<script type=\"application\/ld+json\" class=\"yoast-schema-graph\">{\"@context\":\"https:\\\/\\\/schema.org\",\"@graph\":[{\"@type\":\"WebPage\",\"@id\":\"https:\\\/\\\/webknjizara.hr\\\/proizvod\\\/skola-trenera\\\/\",\"url\":\"https:\\\/\\\/webknjizara.hr\\\/proizvod\\\/skola-trenera\\\/\",\"name\":\"\u0160KOLA TRENERA, Tihana Dragi\u010devi\u0107 - Web-knji\u017eara\",\"isPartOf\":{\"@id\":\"https:\\\/\\\/webknjizara.hr\\\/#website\"},\"primaryImageOfPage\":{\"@id\":\"https:\\\/\\\/webknjizara.hr\\\/proizvod\\\/skola-trenera\\\/#primaryimage\"},\"image\":{\"@id\":\"https:\\\/\\\/webknjizara.hr\\\/proizvod\\\/skola-trenera\\\/#primaryimage\"},\"thumbnailUrl\":\"https:\\\/\\\/webknjizara.hr\\\/wp-content\\\/uploads\\\/nc\\\/images\\\/virtuemart\\\/product\\\/Dragicevic_naslovnica_WEB.jpg\",\"datePublished\":\"2019-09-17T13:37:01+00:00\",\"dateModified\":\"2024-11-29T14:49:12+00:00\",\"breadcrumb\":{\"@id\":\"https:\\\/\\\/webknjizara.hr\\\/proizvod\\\/skola-trenera\\\/#breadcrumb\"},\"inLanguage\":\"en-US\",\"potentialAction\":[{\"@type\":\"ReadAction\",\"target\":[\"https:\\\/\\\/webknjizara.hr\\\/proizvod\\\/skola-trenera\\\/\"]}]},{\"@type\":\"ImageObject\",\"inLanguage\":\"en-US\",\"@id\":\"https:\\\/\\\/webknjizara.hr\\\/proizvod\\\/skola-trenera\\\/#primaryimage\",\"url\":\"https:\\\/\\\/webknjizara.hr\\\/wp-content\\\/uploads\\\/nc\\\/images\\\/virtuemart\\\/product\\\/Dragicevic_naslovnica_WEB.jpg\",\"contentUrl\":\"https:\\\/\\\/webknjizara.hr\\\/wp-content\\\/uploads\\\/nc\\\/images\\\/virtuemart\\\/product\\\/Dragicevic_naslovnica_WEB.jpg\",\"width\":300,\"height\":419,\"caption\":\"\u0160KOLA TRENERA, Tihana Dragi\u010devi\u0107\"},{\"@type\":\"BreadcrumbList\",\"@id\":\"https:\\\/\\\/webknjizara.hr\\\/proizvod\\\/skola-trenera\\\/#breadcrumb\",\"itemListElement\":[{\"@type\":\"ListItem\",\"position\":1,\"name\":\"Po\u010detna stranica\",\"item\":\"https:\\\/\\\/webknjizara.hr\\\/en\\\/\"},{\"@type\":\"ListItem\",\"position\":2,\"name\":\"Shop\",\"item\":\"https:\\\/\\\/webknjizara.hr\\\/shop\\\/\"},{\"@type\":\"ListItem\",\"position\":3,\"name\":\"\u0160KOLA TRENERA, Tihana Dragi\u010devi\u0107\"}]},{\"@type\":\"WebSite\",\"@id\":\"https:\\\/\\\/webknjizara.hr\\\/#website\",\"url\":\"https:\\\/\\\/webknjizara.hr\\\/\",\"name\":\"Web Knji\u017eara\",\"description\":\"\",\"publisher\":{\"@id\":\"https:\\\/\\\/webknjizara.hr\\\/#organization\"},\"potentialAction\":[{\"@type\":\"SearchAction\",\"target\":{\"@type\":\"EntryPoint\",\"urlTemplate\":\"https:\\\/\\\/webknjizara.hr\\\/?s={search_term_string}\"},\"query-input\":{\"@type\":\"PropertyValueSpecification\",\"valueRequired\":true,\"valueName\":\"search_term_string\"}}],\"inLanguage\":\"en-US\"},{\"@type\":\"Organization\",\"@id\":\"https:\\\/\\\/webknjizara.hr\\\/#organization\",\"name\":\"REDAK D.O.O.\",\"url\":\"https:\\\/\\\/webknjizara.hr\\\/\",\"logo\":{\"@type\":\"ImageObject\",\"inLanguage\":\"en-US\",\"@id\":\"https:\\\/\\\/webknjizara.hr\\\/#\\\/schema\\\/logo\\\/image\\\/\",\"url\":\"https:\\\/\\\/webknjizara.hr\\\/wp-content\\\/uploads\\\/2023\\\/01\\\/web-knjizara-logo.webp\",\"contentUrl\":\"https:\\\/\\\/webknjizara.hr\\\/wp-content\\\/uploads\\\/2023\\\/01\\\/web-knjizara-logo.webp\",\"width\":324,\"height\":79,\"caption\":\"REDAK D.O.O.\"},\"image\":{\"@id\":\"https:\\\/\\\/webknjizara.hr\\\/#\\\/schema\\\/logo\\\/image\\\/\"}}]}<\/script>\n<!-- \/ Yoast SEO plugin. -->","yoast_head_json":{"title":"\u0160KOLA TRENERA, Tihana Dragi\u010devi\u0107 - Web-knji\u017eara","robots":{"index":"index","follow":"follow","max-snippet":"max-snippet:-1","max-image-preview":"max-image-preview:large","max-video-preview":"max-video-preview:-1"},"canonical":"https:\/\/webknjizara.hr\/proizvod\/skola-trenera\/","og_locale":"en_US","og_type":"article","og_title":"\u0160KOLA TRENERA, Tihana Dragi\u010devi\u0107 - Web-knji\u017eara","og_description":"\u00a0UVOD \u201e\u0160irok osmijeh uvijek je najbolja vrsta uvoda.\u201c &#8211; Tihana Dragi\u010devi\u0107 Zamislite sad da vam se smije\u0161im, od uha do uha. Naime, uvodi se pi\u0161u zadnji, a ja sam ovu knjigu upravo dovr\u0161ila. Iznimno sam zadovoljna \u0161to ove rije\u010di stoje pred vama i daju vam u ruke raznolike boje kojima mo\u017eete vlastitom tehnikom oslikati trenersko [&hellip;]","og_url":"https:\/\/webknjizara.hr\/proizvod\/skola-trenera\/","og_site_name":"Web-knji\u017eara","article_modified_time":"2024-11-29T14:49:12+00:00","og_image":[{"width":300,"height":419,"url":"https:\/\/webknjizara.hr\/wp-content\/uploads\/nc\/images\/virtuemart\/product\/Dragicevic_naslovnica_WEB.jpg","type":"image\/jpeg"}],"twitter_card":"summary_large_image","twitter_misc":{"Est. reading time":"5 minutes"},"schema":{"@context":"https:\/\/schema.org","@graph":[{"@type":"WebPage","@id":"https:\/\/webknjizara.hr\/proizvod\/skola-trenera\/","url":"https:\/\/webknjizara.hr\/proizvod\/skola-trenera\/","name":"\u0160KOLA TRENERA, Tihana Dragi\u010devi\u0107 - Web-knji\u017eara","isPartOf":{"@id":"https:\/\/webknjizara.hr\/#website"},"primaryImageOfPage":{"@id":"https:\/\/webknjizara.hr\/proizvod\/skola-trenera\/#primaryimage"},"image":{"@id":"https:\/\/webknjizara.hr\/proizvod\/skola-trenera\/#primaryimage"},"thumbnailUrl":"https:\/\/webknjizara.hr\/wp-content\/uploads\/nc\/images\/virtuemart\/product\/Dragicevic_naslovnica_WEB.jpg","datePublished":"2019-09-17T13:37:01+00:00","dateModified":"2024-11-29T14:49:12+00:00","breadcrumb":{"@id":"https:\/\/webknjizara.hr\/proizvod\/skola-trenera\/#breadcrumb"},"inLanguage":"en-US","potentialAction":[{"@type":"ReadAction","target":["https:\/\/webknjizara.hr\/proizvod\/skola-trenera\/"]}]},{"@type":"ImageObject","inLanguage":"en-US","@id":"https:\/\/webknjizara.hr\/proizvod\/skola-trenera\/#primaryimage","url":"https:\/\/webknjizara.hr\/wp-content\/uploads\/nc\/images\/virtuemart\/product\/Dragicevic_naslovnica_WEB.jpg","contentUrl":"https:\/\/webknjizara.hr\/wp-content\/uploads\/nc\/images\/virtuemart\/product\/Dragicevic_naslovnica_WEB.jpg","width":300,"height":419,"caption":"\u0160KOLA TRENERA, Tihana Dragi\u010devi\u0107"},{"@type":"BreadcrumbList","@id":"https:\/\/webknjizara.hr\/proizvod\/skola-trenera\/#breadcrumb","itemListElement":[{"@type":"ListItem","position":1,"name":"Po\u010detna stranica","item":"https:\/\/webknjizara.hr\/en\/"},{"@type":"ListItem","position":2,"name":"Shop","item":"https:\/\/webknjizara.hr\/shop\/"},{"@type":"ListItem","position":3,"name":"\u0160KOLA TRENERA, Tihana Dragi\u010devi\u0107"}]},{"@type":"WebSite","@id":"https:\/\/webknjizara.hr\/#website","url":"https:\/\/webknjizara.hr\/","name":"Web Knji\u017eara","description":"","publisher":{"@id":"https:\/\/webknjizara.hr\/#organization"},"potentialAction":[{"@type":"SearchAction","target":{"@type":"EntryPoint","urlTemplate":"https:\/\/webknjizara.hr\/?s={search_term_string}"},"query-input":{"@type":"PropertyValueSpecification","valueRequired":true,"valueName":"search_term_string"}}],"inLanguage":"en-US"},{"@type":"Organization","@id":"https:\/\/webknjizara.hr\/#organization","name":"REDAK D.O.O.","url":"https:\/\/webknjizara.hr\/","logo":{"@type":"ImageObject","inLanguage":"en-US","@id":"https:\/\/webknjizara.hr\/#\/schema\/logo\/image\/","url":"https:\/\/webknjizara.hr\/wp-content\/uploads\/2023\/01\/web-knjizara-logo.webp","contentUrl":"https:\/\/webknjizara.hr\/wp-content\/uploads\/2023\/01\/web-knjizara-logo.webp","width":324,"height":79,"caption":"REDAK D.O.O."},"image":{"@id":"https:\/\/webknjizara.hr\/#\/schema\/logo\/image\/"}}]}},"_links":{"self":[{"href":"https:\/\/webknjizara.hr\/en\/wp-json\/wp\/v2\/product\/9077","targetHints":{"allow":["GET"]}}],"collection":[{"href":"https:\/\/webknjizara.hr\/en\/wp-json\/wp\/v2\/product"}],"about":[{"href":"https:\/\/webknjizara.hr\/en\/wp-json\/wp\/v2\/types\/product"}],"replies":[{"embeddable":true,"href":"https:\/\/webknjizara.hr\/en\/wp-json\/wp\/v2\/comments?post=9077"}],"wp:featuredmedia":[{"embeddable":true,"href":"https:\/\/webknjizara.hr\/en\/wp-json\/wp\/v2\/media\/9078"}],"wp:attachment":[{"href":"https:\/\/webknjizara.hr\/en\/wp-json\/wp\/v2\/media?parent=9077"}],"wp:term":[{"taxonomy":"product_brand","embeddable":true,"href":"https:\/\/webknjizara.hr\/en\/wp-json\/wp\/v2\/product_brand?post=9077"},{"taxonomy":"product_cat","embeddable":true,"href":"https:\/\/webknjizara.hr\/en\/wp-json\/wp\/v2\/product_cat?post=9077"},{"taxonomy":"product_tag","embeddable":true,"href":"https:\/\/webknjizara.hr\/en\/wp-json\/wp\/v2\/product_tag?post=9077"}],"curies":[{"name":"wp","href":"https:\/\/api.w.org\/{rel}","templated":true}]}}