{"id":9073,"date":"2019-09-12T15:49:58","date_gmt":"2019-09-12T15:49:58","guid":{"rendered":"https:\/\/webknjizara.hr\/?product=zona-visokog-rizika-philippe-perkovic"},"modified":"2023-02-27T00:17:53","modified_gmt":"2023-02-26T23:17:53","slug":"zona-visokog-rizika-philippe-perkovic","status":"publish","type":"product","link":"https:\/\/webknjizara.hr\/en\/proizvod\/zona-visokog-rizika-philippe-perkovic\/","title":{"rendered":"ZONA VISOKOG RIZIKA, Philippe Perkovi\u0107"},"content":{"rendered":"<p><strong>Sa\u017eetak:<\/strong><\/p>\n<p>Negdje daleko, na bespu\u0107ima oceana, nastala je nesvakida\u0161nja pri\u010da o opasnim susretima na moru. Knjiga opisuje zanimljiv \u017eivot mlade osobe \u017eeljne stvaranja boljeg \u017eivotnog standarda i upoznavanja novih kultura i naroda, ostavlja dojam putopisne knjige u kojoj se naglim preokretom u radnji autor usmjerava na akcijsku tematiku. Davna, ve\u0107 zaboravljena vremena piratstva, ponovno postaju dio svakodnevnice mornara na opasnim predjelima oceana.<\/p>\n<p><strong>Bilje\u0161ka o autoru\/autorici:<\/strong><\/p>\n<p>Philippe Perkovi\u0107 je mlada osoba koja je zapo\u010dela svoju karijeru u poslovima osiguranja sa 18 godina. Karijeru je zapo\u010deo u za\u0161titarskoj firmi AKD Za\u0161tita d.o.o na poslovima prijevoza vrijednosne po\u0161iljke, interventnog za\u0161titara i tjelohranitelja. Iz \u017eelje za napredovanjem u \u017eivotu i poslu, prijavio se na poslove osiguranja komercijalnih brodova koji su plovili kroz zonu visokog rizika u Indijskom oceanu. Osiguranje u Indijskom oceanu je zapo\u010delo nakon u\u010destalih piratskih napada na komercijalne brodove i njihovu posadu. Nakon nekog vremena u za\u0161titarskim poslovima, Philippe se odlu\u010duje na promjenu karijere te nakon novih obuka po\u010dinje raditi kao skiper\/zapovjednik jahte na luksuznim jedrilicama i katamaranima u Jadranskom moru<\/p>\n<p><strong>Klju\u010dne rije\u010di:<\/strong> Piratstvo, Somalijski pirati, Moderno piratstvo, Zona Visokog Rizika, Pirati na moru, Osiguranje brodova od pirata, Pirati.<\/p>\n<p><strong>E-mail: <a href=\"mailto:philippeperkovic@gmail.com\" target=\"_blank\" rel=\"noopener noreferrer\">Philippe Perkovi\u0107<\/a><\/strong><\/p>\n<p><strong>Naslov:<\/strong> Zona Visokog Rizika<br \/><strong>Autor:<\/strong> Philippe Perkovi\u0107<br \/><strong>Broj stranica:<\/strong> 130<br \/><strong>Nakladnik:<\/strong> REDAK<br \/><strong>Godina izdanja:<\/strong> 2019 .<br \/><strong>ISBN:<\/strong> 978-953-336-602-9<br \/><strong>Tisak:<\/strong> digitalni tisak knjiga &#8211; print na zahtjev<\/p>\n<p>\u00a0<\/p>\n<hr \/>\n<p style=\"text-align: justify;\"><strong>Kako naru\u010diti knjigu?\u00a0<\/strong>Proces online kupovine jednako funkcionira za sve kupce, s jedinom razlikom u tome \u0161to \u0161to kupci iz inozemstva za podru\u010dje dostave moraju odabrati &#8220;Europa&#8221; ili &#8220;Ostale zemlje svijeta&#8221;, a za vrstu pla\u0107anja WSPay (kreditna kartica) ili Virmanom (bankovni transfer).<\/p>\n<p style=\"text-align: justify;\">Molimo kliknite ovdje za\u00a0<a href=\"hr\/kako-kupovati\" target=\"_blank\" rel=\"noopener noreferrer\">detaljni vodi\u010d kroz proces narud\u017ebe<\/a>\u00a0ili nas\u00a0<a href=\"hr\/kontakt\" target=\"_blank\" rel=\"noopener noreferrer\">kontaktirajte<\/a>\u00a0za vi\u0161e informacija<\/p>\n","protected":false},"excerpt":{"rendered":"<p>Sa\u017eetak: Negdje daleko, na bespu\u0107ima oceana, nastala je nesvakida\u0161nja pri\u010da o opasnim susretima na moru. Knjiga opisuje zanimljiv \u017eivot mlade osobe \u017eeljne stvaranja boljeg \u017eivotnog standarda i upoznavanja novih kultura i naroda, ostavlja dojam putopisne knjige u kojoj se naglim preokretom u radnji autor usmjerava na akcijsku tematiku. Davna, ve\u0107 zaboravljena vremena piratstva, ponovno postaju [&hellip;]<\/p>\n","protected":false},"featured_media":9074,"comment_status":"open","ping_status":"closed","template":"","meta":{"_acf_changed":false},"product_brand":[],"product_cat":[1489],"product_tag":[],"class_list":{"0":"post-9073","1":"product","2":"type-product","3":"status-publish","4":"has-post-thumbnail","6":"product_cat-publicistika","7":"pa_autor-philippe-perkovic","8":"pa_nakladnik-redak","10":"first","11":"instock","12":"shipping-taxable","13":"purchasable","14":"product-type-simple"},"acf":[],"yoast_head":"<!-- This site is optimized with the Yoast SEO plugin v27.3 - https:\/\/yoast.com\/product\/yoast-seo-wordpress\/ -->\n<title>ZONA VISOKOG RIZIKA, Philippe Perkovi\u0107 - Web-knji\u017eara<\/title>\n<meta name=\"robots\" content=\"index, follow, max-snippet:-1, max-image-preview:large, max-video-preview:-1\" \/>\n<link rel=\"canonical\" href=\"https:\/\/webknjizara.hr\/proizvod\/zona-visokog-rizika-philippe-perkovic\/\" \/>\n<meta property=\"og:locale\" content=\"en_US\" \/>\n<meta property=\"og:type\" content=\"article\" \/>\n<meta property=\"og:title\" content=\"ZONA VISOKOG RIZIKA, Philippe Perkovi\u0107 - Web-knji\u017eara\" \/>\n<meta property=\"og:description\" content=\"Sa\u017eetak: Negdje daleko, na bespu\u0107ima oceana, nastala je nesvakida\u0161nja pri\u010da o opasnim susretima na moru. Knjiga opisuje zanimljiv \u017eivot mlade osobe \u017eeljne stvaranja boljeg \u017eivotnog standarda i upoznavanja novih kultura i naroda, ostavlja dojam putopisne knjige u kojoj se naglim preokretom u radnji autor usmjerava na akcijsku tematiku. Davna, ve\u0107 zaboravljena vremena piratstva, ponovno postaju [&hellip;]\" \/>\n<meta property=\"og:url\" content=\"https:\/\/webknjizara.hr\/proizvod\/zona-visokog-rizika-philippe-perkovic\/\" \/>\n<meta property=\"og:site_name\" content=\"Web-knji\u017eara\" \/>\n<meta property=\"article:modified_time\" content=\"2023-02-26T23:17:53+00:00\" \/>\n<meta property=\"og:image\" content=\"https:\/\/webknjizara.hr\/wp-content\/uploads\/nc\/images\/virtuemart\/product\/Zona-visokog-rizika-wb.jpg\" \/>\n\t<meta property=\"og:image:width\" content=\"300\" \/>\n\t<meta property=\"og:image:height\" content=\"419\" \/>\n\t<meta property=\"og:image:type\" content=\"image\/jpeg\" \/>\n<meta name=\"twitter:card\" content=\"summary_large_image\" \/>\n<meta name=\"twitter:label1\" content=\"Est. reading time\" \/>\n\t<meta name=\"twitter:data1\" content=\"1 minute\" \/>\n<script type=\"application\/ld+json\" class=\"yoast-schema-graph\">{\"@context\":\"https:\\\/\\\/schema.org\",\"@graph\":[{\"@type\":\"WebPage\",\"@id\":\"https:\\\/\\\/webknjizara.hr\\\/proizvod\\\/zona-visokog-rizika-philippe-perkovic\\\/\",\"url\":\"https:\\\/\\\/webknjizara.hr\\\/proizvod\\\/zona-visokog-rizika-philippe-perkovic\\\/\",\"name\":\"ZONA VISOKOG RIZIKA, Philippe Perkovi\u0107 - Web-knji\u017eara\",\"isPartOf\":{\"@id\":\"https:\\\/\\\/webknjizara.hr\\\/#website\"},\"primaryImageOfPage\":{\"@id\":\"https:\\\/\\\/webknjizara.hr\\\/proizvod\\\/zona-visokog-rizika-philippe-perkovic\\\/#primaryimage\"},\"image\":{\"@id\":\"https:\\\/\\\/webknjizara.hr\\\/proizvod\\\/zona-visokog-rizika-philippe-perkovic\\\/#primaryimage\"},\"thumbnailUrl\":\"https:\\\/\\\/webknjizara.hr\\\/wp-content\\\/uploads\\\/nc\\\/images\\\/virtuemart\\\/product\\\/Zona-visokog-rizika-wb.jpg\",\"datePublished\":\"2019-09-12T15:49:58+00:00\",\"dateModified\":\"2023-02-26T23:17:53+00:00\",\"breadcrumb\":{\"@id\":\"https:\\\/\\\/webknjizara.hr\\\/proizvod\\\/zona-visokog-rizika-philippe-perkovic\\\/#breadcrumb\"},\"inLanguage\":\"en-US\",\"potentialAction\":[{\"@type\":\"ReadAction\",\"target\":[\"https:\\\/\\\/webknjizara.hr\\\/proizvod\\\/zona-visokog-rizika-philippe-perkovic\\\/\"]}]},{\"@type\":\"ImageObject\",\"inLanguage\":\"en-US\",\"@id\":\"https:\\\/\\\/webknjizara.hr\\\/proizvod\\\/zona-visokog-rizika-philippe-perkovic\\\/#primaryimage\",\"url\":\"https:\\\/\\\/webknjizara.hr\\\/wp-content\\\/uploads\\\/nc\\\/images\\\/virtuemart\\\/product\\\/Zona-visokog-rizika-wb.jpg\",\"contentUrl\":\"https:\\\/\\\/webknjizara.hr\\\/wp-content\\\/uploads\\\/nc\\\/images\\\/virtuemart\\\/product\\\/Zona-visokog-rizika-wb.jpg\",\"width\":300,\"height\":419,\"caption\":\"ZONA VISOKOG RIZIKA, Philippe Perkovi\u0107\"},{\"@type\":\"BreadcrumbList\",\"@id\":\"https:\\\/\\\/webknjizara.hr\\\/proizvod\\\/zona-visokog-rizika-philippe-perkovic\\\/#breadcrumb\",\"itemListElement\":[{\"@type\":\"ListItem\",\"position\":1,\"name\":\"Po\u010detna stranica\",\"item\":\"https:\\\/\\\/webknjizara.hr\\\/en\\\/\"},{\"@type\":\"ListItem\",\"position\":2,\"name\":\"Shop\",\"item\":\"https:\\\/\\\/webknjizara.hr\\\/shop\\\/\"},{\"@type\":\"ListItem\",\"position\":3,\"name\":\"ZONA VISOKOG RIZIKA, Philippe Perkovi\u0107\"}]},{\"@type\":\"WebSite\",\"@id\":\"https:\\\/\\\/webknjizara.hr\\\/#website\",\"url\":\"https:\\\/\\\/webknjizara.hr\\\/\",\"name\":\"Web Knji\u017eara\",\"description\":\"\",\"publisher\":{\"@id\":\"https:\\\/\\\/webknjizara.hr\\\/#organization\"},\"potentialAction\":[{\"@type\":\"SearchAction\",\"target\":{\"@type\":\"EntryPoint\",\"urlTemplate\":\"https:\\\/\\\/webknjizara.hr\\\/?s={search_term_string}\"},\"query-input\":{\"@type\":\"PropertyValueSpecification\",\"valueRequired\":true,\"valueName\":\"search_term_string\"}}],\"inLanguage\":\"en-US\"},{\"@type\":\"Organization\",\"@id\":\"https:\\\/\\\/webknjizara.hr\\\/#organization\",\"name\":\"REDAK D.O.O.\",\"url\":\"https:\\\/\\\/webknjizara.hr\\\/\",\"logo\":{\"@type\":\"ImageObject\",\"inLanguage\":\"en-US\",\"@id\":\"https:\\\/\\\/webknjizara.hr\\\/#\\\/schema\\\/logo\\\/image\\\/\",\"url\":\"https:\\\/\\\/webknjizara.hr\\\/wp-content\\\/uploads\\\/2023\\\/01\\\/web-knjizara-logo.webp\",\"contentUrl\":\"https:\\\/\\\/webknjizara.hr\\\/wp-content\\\/uploads\\\/2023\\\/01\\\/web-knjizara-logo.webp\",\"width\":324,\"height\":79,\"caption\":\"REDAK D.O.O.\"},\"image\":{\"@id\":\"https:\\\/\\\/webknjizara.hr\\\/#\\\/schema\\\/logo\\\/image\\\/\"}}]}<\/script>\n<!-- \/ Yoast SEO plugin. -->","yoast_head_json":{"title":"ZONA VISOKOG RIZIKA, Philippe Perkovi\u0107 - Web-knji\u017eara","robots":{"index":"index","follow":"follow","max-snippet":"max-snippet:-1","max-image-preview":"max-image-preview:large","max-video-preview":"max-video-preview:-1"},"canonical":"https:\/\/webknjizara.hr\/proizvod\/zona-visokog-rizika-philippe-perkovic\/","og_locale":"en_US","og_type":"article","og_title":"ZONA VISOKOG RIZIKA, Philippe Perkovi\u0107 - Web-knji\u017eara","og_description":"Sa\u017eetak: Negdje daleko, na bespu\u0107ima oceana, nastala je nesvakida\u0161nja pri\u010da o opasnim susretima na moru. Knjiga opisuje zanimljiv \u017eivot mlade osobe \u017eeljne stvaranja boljeg \u017eivotnog standarda i upoznavanja novih kultura i naroda, ostavlja dojam putopisne knjige u kojoj se naglim preokretom u radnji autor usmjerava na akcijsku tematiku. Davna, ve\u0107 zaboravljena vremena piratstva, ponovno postaju [&hellip;]","og_url":"https:\/\/webknjizara.hr\/proizvod\/zona-visokog-rizika-philippe-perkovic\/","og_site_name":"Web-knji\u017eara","article_modified_time":"2023-02-26T23:17:53+00:00","og_image":[{"width":300,"height":419,"url":"https:\/\/webknjizara.hr\/wp-content\/uploads\/nc\/images\/virtuemart\/product\/Zona-visokog-rizika-wb.jpg","type":"image\/jpeg"}],"twitter_card":"summary_large_image","twitter_misc":{"Est. reading time":"1 minute"},"schema":{"@context":"https:\/\/schema.org","@graph":[{"@type":"WebPage","@id":"https:\/\/webknjizara.hr\/proizvod\/zona-visokog-rizika-philippe-perkovic\/","url":"https:\/\/webknjizara.hr\/proizvod\/zona-visokog-rizika-philippe-perkovic\/","name":"ZONA VISOKOG RIZIKA, Philippe Perkovi\u0107 - Web-knji\u017eara","isPartOf":{"@id":"https:\/\/webknjizara.hr\/#website"},"primaryImageOfPage":{"@id":"https:\/\/webknjizara.hr\/proizvod\/zona-visokog-rizika-philippe-perkovic\/#primaryimage"},"image":{"@id":"https:\/\/webknjizara.hr\/proizvod\/zona-visokog-rizika-philippe-perkovic\/#primaryimage"},"thumbnailUrl":"https:\/\/webknjizara.hr\/wp-content\/uploads\/nc\/images\/virtuemart\/product\/Zona-visokog-rizika-wb.jpg","datePublished":"2019-09-12T15:49:58+00:00","dateModified":"2023-02-26T23:17:53+00:00","breadcrumb":{"@id":"https:\/\/webknjizara.hr\/proizvod\/zona-visokog-rizika-philippe-perkovic\/#breadcrumb"},"inLanguage":"en-US","potentialAction":[{"@type":"ReadAction","target":["https:\/\/webknjizara.hr\/proizvod\/zona-visokog-rizika-philippe-perkovic\/"]}]},{"@type":"ImageObject","inLanguage":"en-US","@id":"https:\/\/webknjizara.hr\/proizvod\/zona-visokog-rizika-philippe-perkovic\/#primaryimage","url":"https:\/\/webknjizara.hr\/wp-content\/uploads\/nc\/images\/virtuemart\/product\/Zona-visokog-rizika-wb.jpg","contentUrl":"https:\/\/webknjizara.hr\/wp-content\/uploads\/nc\/images\/virtuemart\/product\/Zona-visokog-rizika-wb.jpg","width":300,"height":419,"caption":"ZONA VISOKOG RIZIKA, Philippe Perkovi\u0107"},{"@type":"BreadcrumbList","@id":"https:\/\/webknjizara.hr\/proizvod\/zona-visokog-rizika-philippe-perkovic\/#breadcrumb","itemListElement":[{"@type":"ListItem","position":1,"name":"Po\u010detna stranica","item":"https:\/\/webknjizara.hr\/en\/"},{"@type":"ListItem","position":2,"name":"Shop","item":"https:\/\/webknjizara.hr\/shop\/"},{"@type":"ListItem","position":3,"name":"ZONA VISOKOG RIZIKA, Philippe Perkovi\u0107"}]},{"@type":"WebSite","@id":"https:\/\/webknjizara.hr\/#website","url":"https:\/\/webknjizara.hr\/","name":"Web Knji\u017eara","description":"","publisher":{"@id":"https:\/\/webknjizara.hr\/#organization"},"potentialAction":[{"@type":"SearchAction","target":{"@type":"EntryPoint","urlTemplate":"https:\/\/webknjizara.hr\/?s={search_term_string}"},"query-input":{"@type":"PropertyValueSpecification","valueRequired":true,"valueName":"search_term_string"}}],"inLanguage":"en-US"},{"@type":"Organization","@id":"https:\/\/webknjizara.hr\/#organization","name":"REDAK D.O.O.","url":"https:\/\/webknjizara.hr\/","logo":{"@type":"ImageObject","inLanguage":"en-US","@id":"https:\/\/webknjizara.hr\/#\/schema\/logo\/image\/","url":"https:\/\/webknjizara.hr\/wp-content\/uploads\/2023\/01\/web-knjizara-logo.webp","contentUrl":"https:\/\/webknjizara.hr\/wp-content\/uploads\/2023\/01\/web-knjizara-logo.webp","width":324,"height":79,"caption":"REDAK D.O.O."},"image":{"@id":"https:\/\/webknjizara.hr\/#\/schema\/logo\/image\/"}}]}},"_links":{"self":[{"href":"https:\/\/webknjizara.hr\/en\/wp-json\/wp\/v2\/product\/9073","targetHints":{"allow":["GET"]}}],"collection":[{"href":"https:\/\/webknjizara.hr\/en\/wp-json\/wp\/v2\/product"}],"about":[{"href":"https:\/\/webknjizara.hr\/en\/wp-json\/wp\/v2\/types\/product"}],"replies":[{"embeddable":true,"href":"https:\/\/webknjizara.hr\/en\/wp-json\/wp\/v2\/comments?post=9073"}],"wp:featuredmedia":[{"embeddable":true,"href":"https:\/\/webknjizara.hr\/en\/wp-json\/wp\/v2\/media\/9074"}],"wp:attachment":[{"href":"https:\/\/webknjizara.hr\/en\/wp-json\/wp\/v2\/media?parent=9073"}],"wp:term":[{"taxonomy":"product_brand","embeddable":true,"href":"https:\/\/webknjizara.hr\/en\/wp-json\/wp\/v2\/product_brand?post=9073"},{"taxonomy":"product_cat","embeddable":true,"href":"https:\/\/webknjizara.hr\/en\/wp-json\/wp\/v2\/product_cat?post=9073"},{"taxonomy":"product_tag","embeddable":true,"href":"https:\/\/webknjizara.hr\/en\/wp-json\/wp\/v2\/product_tag?post=9073"}],"curies":[{"name":"wp","href":"https:\/\/api.w.org\/{rel}","templated":true}]}}