{"id":9051,"date":"2019-08-02T09:38:49","date_gmt":"2019-08-02T09:38:49","guid":{"rendered":"https:\/\/webknjizara.hr\/?product=price-i-bajke-iz-zabljeg-svijeta-lidija-suman"},"modified":"2023-02-27T00:17:52","modified_gmt":"2023-02-26T23:17:52","slug":"price-i-bajke-iz-zabljeg-svijeta","status":"publish","type":"product","link":"https:\/\/webknjizara.hr\/en\/proizvod\/price-i-bajke-iz-zabljeg-svijeta\/","title":{"rendered":"PRI\u010cE I BAJKE IZ \u017dABLJEG SVIJETA, Lidija \u0160uman"},"content":{"rendered":"<p><strong>Sa\u017eetak:<\/strong><\/p>\n<p>Vrste \u017eaba u zbilji i ma\u0161ti<\/p>\n<p><strong>Bilje\u0161ka o autoru\/autorici:<\/strong><\/p>\n<p>Po struci je biolog, doktorirala je iz podru\u010dja biomedicine, sada je u mirovini.<\/p>\n<p>\u00a0<\/p>\n<p><strong>Klju\u010dne rije\u010di:<\/strong> Zelene \u017eabe, gatalinka, plavi \u017eabac, livadna sme\u0111a \u017eaba, zelena krasta\u010da, sme\u0111a krasta\u010da.<\/p>\n<p><strong>E-mail:<\/strong> <a href=\"mailto:lidijasuman@gmail.com\" target=\"_blank\" rel=\"noopener noreferrer\">Lidija \u0160uman<\/a><\/p>\n<p>\u00a0<\/p>\n<p><strong>Naslov:<\/strong> Pri\u010de i bajke iz \u017eabljeg svijeta<br \/><strong>Autor:<\/strong> Lidija \u0160uman<br \/><strong>Broj stranica:<\/strong> 90<br \/><strong>Nakladnik:<\/strong> Vlastita naklada<br \/><strong>Godina izdanja:<\/strong> 2019 .<br \/><strong>ISBN:<\/strong> 978-953-58612-2-5<br \/><strong>Tisak:<\/strong> digitalni tisak knjiga &#8211; print na zahtjev<\/p>\n<p>\u00a0<\/p>\n<hr \/>\n<p style=\"text-align: justify;\"><strong>Kako naru\u010diti knjigu?\u00a0<\/strong>Proces online kupovine jednako funkcionira za sve kupce, s jedinom razlikom u tome \u0161to \u0161to kupci iz inozemstva za podru\u010dje dostave moraju odabrati &#8220;Europa&#8221; ili &#8220;Ostale zemlje svijeta&#8221;, a za vrstu pla\u0107anja WSPay (kreditna kartica) ili Virmanom (bankovni transfer).<\/p>\n<p style=\"text-align: justify;\">Molimo kliknite ovdje za\u00a0<a href=\"hr\/kako-kupovati\" target=\"_blank\" rel=\"noopener noreferrer\">detaljni vodi\u010d kroz proces narud\u017ebe<\/a>\u00a0ili nas\u00a0<a href=\"hr\/kontakt\" target=\"_blank\" rel=\"noopener noreferrer\">kontaktirajte<\/a>\u00a0za vi\u0161e informacija.<\/p>\n","protected":false},"excerpt":{"rendered":"<p>Sa\u017eetak: Vrste \u017eaba u zbilji i ma\u0161ti Bilje\u0161ka o autoru\/autorici: Po struci je biolog, doktorirala je iz podru\u010dja biomedicine, sada je u mirovini. \u00a0 Klju\u010dne rije\u010di: Zelene \u017eabe, gatalinka, plavi \u017eabac, livadna sme\u0111a \u017eaba, zelena krasta\u010da, sme\u0111a krasta\u010da. E-mail: Lidija \u0160uman \u00a0 Naslov: Pri\u010de i bajke iz \u017eabljeg svijetaAutor: Lidija \u0160umanBroj stranica: 90Nakladnik: Vlastita nakladaGodina [&hellip;]<\/p>\n","protected":false},"featured_media":9052,"comment_status":"open","ping_status":"closed","template":"","meta":{"_acf_changed":false},"product_brand":[],"product_cat":[1383,1385],"product_tag":[],"class_list":{"0":"post-9051","1":"product","2":"type-product","3":"status-publish","4":"has-post-thumbnail","6":"product_cat-knjige","7":"product_cat-knjizevnost","8":"pa_autor-lidija-suman","9":"pa_nakladnik-vlastita-naklada","11":"first","12":"instock","13":"shipping-taxable","14":"purchasable","15":"product-type-simple"},"acf":[],"yoast_head":"<!-- This site is optimized with the Yoast SEO plugin v27.3 - https:\/\/yoast.com\/product\/yoast-seo-wordpress\/ -->\n<title>PRI\u010cE I BAJKE IZ \u017dABLJEG SVIJETA, Lidija \u0160uman - Web-knji\u017eara<\/title>\n<meta name=\"robots\" content=\"index, follow, max-snippet:-1, max-image-preview:large, max-video-preview:-1\" \/>\n<link rel=\"canonical\" href=\"https:\/\/webknjizara.hr\/proizvod\/price-i-bajke-iz-zabljeg-svijeta\/\" \/>\n<meta property=\"og:locale\" content=\"en_US\" \/>\n<meta property=\"og:type\" content=\"article\" \/>\n<meta property=\"og:title\" content=\"PRI\u010cE I BAJKE IZ \u017dABLJEG SVIJETA, Lidija \u0160uman - Web-knji\u017eara\" \/>\n<meta property=\"og:description\" content=\"Sa\u017eetak: Vrste \u017eaba u zbilji i ma\u0161ti Bilje\u0161ka o autoru\/autorici: Po struci je biolog, doktorirala je iz podru\u010dja biomedicine, sada je u mirovini. \u00a0 Klju\u010dne rije\u010di: Zelene \u017eabe, gatalinka, plavi \u017eabac, livadna sme\u0111a \u017eaba, zelena krasta\u010da, sme\u0111a krasta\u010da. E-mail: Lidija \u0160uman \u00a0 Naslov: Pri\u010de i bajke iz \u017eabljeg svijetaAutor: Lidija \u0160umanBroj stranica: 90Nakladnik: Vlastita nakladaGodina [&hellip;]\" \/>\n<meta property=\"og:url\" content=\"https:\/\/webknjizara.hr\/proizvod\/price-i-bajke-iz-zabljeg-svijeta\/\" \/>\n<meta property=\"og:site_name\" content=\"Web-knji\u017eara\" \/>\n<meta property=\"article:modified_time\" content=\"2023-02-26T23:17:52+00:00\" \/>\n<meta property=\"og:image\" content=\"https:\/\/webknjizara.hr\/wp-content\/uploads\/nc\/images\/virtuemart\/product\/Price-i-bajke-iz-zabljeg-svijeta__WK_color.jpg\" \/>\n\t<meta property=\"og:image:width\" content=\"300\" \/>\n\t<meta property=\"og:image:height\" content=\"419\" \/>\n\t<meta property=\"og:image:type\" content=\"image\/jpeg\" \/>\n<meta name=\"twitter:card\" content=\"summary_large_image\" \/>\n<meta name=\"twitter:label1\" content=\"Est. reading time\" \/>\n\t<meta name=\"twitter:data1\" content=\"1 minute\" \/>\n<script type=\"application\/ld+json\" class=\"yoast-schema-graph\">{\"@context\":\"https:\\\/\\\/schema.org\",\"@graph\":[{\"@type\":\"WebPage\",\"@id\":\"https:\\\/\\\/webknjizara.hr\\\/proizvod\\\/price-i-bajke-iz-zabljeg-svijeta\\\/\",\"url\":\"https:\\\/\\\/webknjizara.hr\\\/proizvod\\\/price-i-bajke-iz-zabljeg-svijeta\\\/\",\"name\":\"PRI\u010cE I BAJKE IZ \u017dABLJEG SVIJETA, Lidija \u0160uman - Web-knji\u017eara\",\"isPartOf\":{\"@id\":\"https:\\\/\\\/webknjizara.hr\\\/#website\"},\"primaryImageOfPage\":{\"@id\":\"https:\\\/\\\/webknjizara.hr\\\/proizvod\\\/price-i-bajke-iz-zabljeg-svijeta\\\/#primaryimage\"},\"image\":{\"@id\":\"https:\\\/\\\/webknjizara.hr\\\/proizvod\\\/price-i-bajke-iz-zabljeg-svijeta\\\/#primaryimage\"},\"thumbnailUrl\":\"https:\\\/\\\/webknjizara.hr\\\/wp-content\\\/uploads\\\/nc\\\/images\\\/virtuemart\\\/product\\\/Price-i-bajke-iz-zabljeg-svijeta__WK_color.jpg\",\"datePublished\":\"2019-08-02T09:38:49+00:00\",\"dateModified\":\"2023-02-26T23:17:52+00:00\",\"breadcrumb\":{\"@id\":\"https:\\\/\\\/webknjizara.hr\\\/proizvod\\\/price-i-bajke-iz-zabljeg-svijeta\\\/#breadcrumb\"},\"inLanguage\":\"en-US\",\"potentialAction\":[{\"@type\":\"ReadAction\",\"target\":[\"https:\\\/\\\/webknjizara.hr\\\/proizvod\\\/price-i-bajke-iz-zabljeg-svijeta\\\/\"]}]},{\"@type\":\"ImageObject\",\"inLanguage\":\"en-US\",\"@id\":\"https:\\\/\\\/webknjizara.hr\\\/proizvod\\\/price-i-bajke-iz-zabljeg-svijeta\\\/#primaryimage\",\"url\":\"https:\\\/\\\/webknjizara.hr\\\/wp-content\\\/uploads\\\/nc\\\/images\\\/virtuemart\\\/product\\\/Price-i-bajke-iz-zabljeg-svijeta__WK_color.jpg\",\"contentUrl\":\"https:\\\/\\\/webknjizara.hr\\\/wp-content\\\/uploads\\\/nc\\\/images\\\/virtuemart\\\/product\\\/Price-i-bajke-iz-zabljeg-svijeta__WK_color.jpg\",\"width\":300,\"height\":419,\"caption\":\"PRI\u010cE I BAJKE IZ \u017dABLJEG SVIJETA, Lidija \u0160uman\"},{\"@type\":\"BreadcrumbList\",\"@id\":\"https:\\\/\\\/webknjizara.hr\\\/proizvod\\\/price-i-bajke-iz-zabljeg-svijeta\\\/#breadcrumb\",\"itemListElement\":[{\"@type\":\"ListItem\",\"position\":1,\"name\":\"Po\u010detna stranica\",\"item\":\"https:\\\/\\\/webknjizara.hr\\\/en\\\/\"},{\"@type\":\"ListItem\",\"position\":2,\"name\":\"Shop\",\"item\":\"https:\\\/\\\/webknjizara.hr\\\/shop\\\/\"},{\"@type\":\"ListItem\",\"position\":3,\"name\":\"PRI\u010cE I BAJKE IZ \u017dABLJEG SVIJETA, Lidija \u0160uman\"}]},{\"@type\":\"WebSite\",\"@id\":\"https:\\\/\\\/webknjizara.hr\\\/#website\",\"url\":\"https:\\\/\\\/webknjizara.hr\\\/\",\"name\":\"Web Knji\u017eara\",\"description\":\"\",\"publisher\":{\"@id\":\"https:\\\/\\\/webknjizara.hr\\\/#organization\"},\"potentialAction\":[{\"@type\":\"SearchAction\",\"target\":{\"@type\":\"EntryPoint\",\"urlTemplate\":\"https:\\\/\\\/webknjizara.hr\\\/?s={search_term_string}\"},\"query-input\":{\"@type\":\"PropertyValueSpecification\",\"valueRequired\":true,\"valueName\":\"search_term_string\"}}],\"inLanguage\":\"en-US\"},{\"@type\":\"Organization\",\"@id\":\"https:\\\/\\\/webknjizara.hr\\\/#organization\",\"name\":\"REDAK D.O.O.\",\"url\":\"https:\\\/\\\/webknjizara.hr\\\/\",\"logo\":{\"@type\":\"ImageObject\",\"inLanguage\":\"en-US\",\"@id\":\"https:\\\/\\\/webknjizara.hr\\\/#\\\/schema\\\/logo\\\/image\\\/\",\"url\":\"https:\\\/\\\/webknjizara.hr\\\/wp-content\\\/uploads\\\/2023\\\/01\\\/web-knjizara-logo.webp\",\"contentUrl\":\"https:\\\/\\\/webknjizara.hr\\\/wp-content\\\/uploads\\\/2023\\\/01\\\/web-knjizara-logo.webp\",\"width\":324,\"height\":79,\"caption\":\"REDAK D.O.O.\"},\"image\":{\"@id\":\"https:\\\/\\\/webknjizara.hr\\\/#\\\/schema\\\/logo\\\/image\\\/\"}}]}<\/script>\n<!-- \/ Yoast SEO plugin. -->","yoast_head_json":{"title":"PRI\u010cE I BAJKE IZ \u017dABLJEG SVIJETA, Lidija \u0160uman - Web-knji\u017eara","robots":{"index":"index","follow":"follow","max-snippet":"max-snippet:-1","max-image-preview":"max-image-preview:large","max-video-preview":"max-video-preview:-1"},"canonical":"https:\/\/webknjizara.hr\/proizvod\/price-i-bajke-iz-zabljeg-svijeta\/","og_locale":"en_US","og_type":"article","og_title":"PRI\u010cE I BAJKE IZ \u017dABLJEG SVIJETA, Lidija \u0160uman - Web-knji\u017eara","og_description":"Sa\u017eetak: Vrste \u017eaba u zbilji i ma\u0161ti Bilje\u0161ka o autoru\/autorici: Po struci je biolog, doktorirala je iz podru\u010dja biomedicine, sada je u mirovini. \u00a0 Klju\u010dne rije\u010di: Zelene \u017eabe, gatalinka, plavi \u017eabac, livadna sme\u0111a \u017eaba, zelena krasta\u010da, sme\u0111a krasta\u010da. E-mail: Lidija \u0160uman \u00a0 Naslov: Pri\u010de i bajke iz \u017eabljeg svijetaAutor: Lidija \u0160umanBroj stranica: 90Nakladnik: Vlastita nakladaGodina [&hellip;]","og_url":"https:\/\/webknjizara.hr\/proizvod\/price-i-bajke-iz-zabljeg-svijeta\/","og_site_name":"Web-knji\u017eara","article_modified_time":"2023-02-26T23:17:52+00:00","og_image":[{"width":300,"height":419,"url":"https:\/\/webknjizara.hr\/wp-content\/uploads\/nc\/images\/virtuemart\/product\/Price-i-bajke-iz-zabljeg-svijeta__WK_color.jpg","type":"image\/jpeg"}],"twitter_card":"summary_large_image","twitter_misc":{"Est. reading time":"1 minute"},"schema":{"@context":"https:\/\/schema.org","@graph":[{"@type":"WebPage","@id":"https:\/\/webknjizara.hr\/proizvod\/price-i-bajke-iz-zabljeg-svijeta\/","url":"https:\/\/webknjizara.hr\/proizvod\/price-i-bajke-iz-zabljeg-svijeta\/","name":"PRI\u010cE I BAJKE IZ \u017dABLJEG SVIJETA, Lidija \u0160uman - Web-knji\u017eara","isPartOf":{"@id":"https:\/\/webknjizara.hr\/#website"},"primaryImageOfPage":{"@id":"https:\/\/webknjizara.hr\/proizvod\/price-i-bajke-iz-zabljeg-svijeta\/#primaryimage"},"image":{"@id":"https:\/\/webknjizara.hr\/proizvod\/price-i-bajke-iz-zabljeg-svijeta\/#primaryimage"},"thumbnailUrl":"https:\/\/webknjizara.hr\/wp-content\/uploads\/nc\/images\/virtuemart\/product\/Price-i-bajke-iz-zabljeg-svijeta__WK_color.jpg","datePublished":"2019-08-02T09:38:49+00:00","dateModified":"2023-02-26T23:17:52+00:00","breadcrumb":{"@id":"https:\/\/webknjizara.hr\/proizvod\/price-i-bajke-iz-zabljeg-svijeta\/#breadcrumb"},"inLanguage":"en-US","potentialAction":[{"@type":"ReadAction","target":["https:\/\/webknjizara.hr\/proizvod\/price-i-bajke-iz-zabljeg-svijeta\/"]}]},{"@type":"ImageObject","inLanguage":"en-US","@id":"https:\/\/webknjizara.hr\/proizvod\/price-i-bajke-iz-zabljeg-svijeta\/#primaryimage","url":"https:\/\/webknjizara.hr\/wp-content\/uploads\/nc\/images\/virtuemart\/product\/Price-i-bajke-iz-zabljeg-svijeta__WK_color.jpg","contentUrl":"https:\/\/webknjizara.hr\/wp-content\/uploads\/nc\/images\/virtuemart\/product\/Price-i-bajke-iz-zabljeg-svijeta__WK_color.jpg","width":300,"height":419,"caption":"PRI\u010cE I BAJKE IZ \u017dABLJEG SVIJETA, Lidija \u0160uman"},{"@type":"BreadcrumbList","@id":"https:\/\/webknjizara.hr\/proizvod\/price-i-bajke-iz-zabljeg-svijeta\/#breadcrumb","itemListElement":[{"@type":"ListItem","position":1,"name":"Po\u010detna stranica","item":"https:\/\/webknjizara.hr\/en\/"},{"@type":"ListItem","position":2,"name":"Shop","item":"https:\/\/webknjizara.hr\/shop\/"},{"@type":"ListItem","position":3,"name":"PRI\u010cE I BAJKE IZ \u017dABLJEG SVIJETA, Lidija \u0160uman"}]},{"@type":"WebSite","@id":"https:\/\/webknjizara.hr\/#website","url":"https:\/\/webknjizara.hr\/","name":"Web Knji\u017eara","description":"","publisher":{"@id":"https:\/\/webknjizara.hr\/#organization"},"potentialAction":[{"@type":"SearchAction","target":{"@type":"EntryPoint","urlTemplate":"https:\/\/webknjizara.hr\/?s={search_term_string}"},"query-input":{"@type":"PropertyValueSpecification","valueRequired":true,"valueName":"search_term_string"}}],"inLanguage":"en-US"},{"@type":"Organization","@id":"https:\/\/webknjizara.hr\/#organization","name":"REDAK D.O.O.","url":"https:\/\/webknjizara.hr\/","logo":{"@type":"ImageObject","inLanguage":"en-US","@id":"https:\/\/webknjizara.hr\/#\/schema\/logo\/image\/","url":"https:\/\/webknjizara.hr\/wp-content\/uploads\/2023\/01\/web-knjizara-logo.webp","contentUrl":"https:\/\/webknjizara.hr\/wp-content\/uploads\/2023\/01\/web-knjizara-logo.webp","width":324,"height":79,"caption":"REDAK D.O.O."},"image":{"@id":"https:\/\/webknjizara.hr\/#\/schema\/logo\/image\/"}}]}},"_links":{"self":[{"href":"https:\/\/webknjizara.hr\/en\/wp-json\/wp\/v2\/product\/9051","targetHints":{"allow":["GET"]}}],"collection":[{"href":"https:\/\/webknjizara.hr\/en\/wp-json\/wp\/v2\/product"}],"about":[{"href":"https:\/\/webknjizara.hr\/en\/wp-json\/wp\/v2\/types\/product"}],"replies":[{"embeddable":true,"href":"https:\/\/webknjizara.hr\/en\/wp-json\/wp\/v2\/comments?post=9051"}],"wp:featuredmedia":[{"embeddable":true,"href":"https:\/\/webknjizara.hr\/en\/wp-json\/wp\/v2\/media\/9052"}],"wp:attachment":[{"href":"https:\/\/webknjizara.hr\/en\/wp-json\/wp\/v2\/media?parent=9051"}],"wp:term":[{"taxonomy":"product_brand","embeddable":true,"href":"https:\/\/webknjizara.hr\/en\/wp-json\/wp\/v2\/product_brand?post=9051"},{"taxonomy":"product_cat","embeddable":true,"href":"https:\/\/webknjizara.hr\/en\/wp-json\/wp\/v2\/product_cat?post=9051"},{"taxonomy":"product_tag","embeddable":true,"href":"https:\/\/webknjizara.hr\/en\/wp-json\/wp\/v2\/product_tag?post=9051"}],"curies":[{"name":"wp","href":"https:\/\/api.w.org\/{rel}","templated":true}]}}