{"id":9039,"date":"2019-07-15T15:54:43","date_gmt":"2019-07-15T15:54:43","guid":{"rendered":"https:\/\/webknjizara.hr\/?product=acta-mathematica-vol-2-crno-bijeli-tisak-grupa-autora"},"modified":"2023-02-27T00:17:51","modified_gmt":"2023-02-26T23:17:51","slug":"acta-mathematica-vol-2","status":"publish","type":"product","link":"https:\/\/webknjizara.hr\/en\/proizvod\/acta-mathematica-vol-2\/","title":{"rendered":"ACTA MATHEMATICA vol. 2. (crno bijeli tisak), Grupa autora"},"content":{"rendered":"<p><strong>Sa\u017eetak:<\/strong><\/p>\n<p>U \u010dasopisu se nalazi 9 stru\u010dnih radova i izvje\u0161taji o radu znanstvenih i nastavnih kolokvija SMD-a, znanstvenih seminara PMF-a u Splitu, izvje\u0161taji o aktivnostima popularizacije matematike i jedan in memoriam \u010dlanak<\/p>\n<p>\u00a0<\/p>\n<p><strong>Klju\u010dne rije\u010di:<\/strong> Odjel za matematiku PMF-a, Splitsko matemati\u010dko dru\u0161tvo, dr\u017eavna matura, unaprje\u0111enje nastave matematike, interaktivna nastava, poslovna matematika, grafovi, osnovni teorem algebre, Apolonijev problem, konike, matemati\u010dko modeliranje, epidemiolo\u0161ki modeli, hiperrealni brojevi, nejednakost, \u0161etnja na grafu<\/p>\n<p><strong>Link:<\/strong>\u00a0<a href=\"http:\/\/amas.pmfst.unist.hr\/\" target=\"_blank\" rel=\"noopener noreferrer\">amas.pmfst.unist.hr<\/a><\/p>\n<p><strong>E-mail:<\/strong> <a href=\"mailto:amas@pmfst.hr\" target=\"_blank\" rel=\"noopener noreferrer\">amas@pmfst.hr<\/a><\/p>\n<p>\u00a0<\/p>\n<p><strong>Naslov:<\/strong> Acta mathematica vol. 2. (crno bijeli tisak)<br \/><strong>Autor:<\/strong> Grupa autora<br \/><strong>Broj stranica:<\/strong> 162<br \/><strong>Nakladnik:<\/strong> Prirodoslovno-matemati\u010dki fakultet<br \/><strong>Godina izdanja:<\/strong> 2019 .<br \/><strong>ISBN:<\/strong> ISSN 2623-6125<br \/><strong>Tisak:<\/strong> digitalni tisak knjiga &#8211; print na zahtjev<\/p>\n","protected":false},"excerpt":{"rendered":"<p>Sa\u017eetak: U \u010dasopisu se nalazi 9 stru\u010dnih radova i izvje\u0161taji o radu znanstvenih i nastavnih kolokvija SMD-a, znanstvenih seminara PMF-a u Splitu, izvje\u0161taji o aktivnostima popularizacije matematike i jedan in memoriam \u010dlanak \u00a0 Klju\u010dne rije\u010di: Odjel za matematiku PMF-a, Splitsko matemati\u010dko dru\u0161tvo, dr\u017eavna matura, unaprje\u0111enje nastave matematike, interaktivna nastava, poslovna matematika, grafovi, osnovni teorem algebre, [&hellip;]<\/p>\n","protected":false},"featured_media":9040,"comment_status":"open","ping_status":"closed","template":"","meta":{"_acf_changed":false},"product_brand":[],"product_cat":[1539],"product_tag":[],"class_list":{"0":"post-9039","1":"product","2":"type-product","3":"status-publish","4":"has-post-thumbnail","6":"product_cat-sveucilisni-udzbenici-i-prirucnici","7":"pa_autor-grupa-autora","8":"pa_nakladnik-prirodoslovno-matematicki-fakultet","10":"first","11":"instock","12":"shipping-taxable","13":"purchasable","14":"product-type-simple"},"acf":[],"yoast_head":"<!-- This site is optimized with the Yoast SEO plugin v27.3 - https:\/\/yoast.com\/product\/yoast-seo-wordpress\/ -->\n<title>ACTA MATHEMATICA vol. 2. (crno bijeli tisak), Grupa autora - Web-knji\u017eara<\/title>\n<meta name=\"robots\" content=\"index, follow, max-snippet:-1, max-image-preview:large, max-video-preview:-1\" \/>\n<link rel=\"canonical\" href=\"https:\/\/webknjizara.hr\/proizvod\/acta-mathematica-vol-2\/\" \/>\n<meta property=\"og:locale\" content=\"en_US\" \/>\n<meta property=\"og:type\" content=\"article\" \/>\n<meta property=\"og:title\" content=\"ACTA MATHEMATICA vol. 2. (crno bijeli tisak), Grupa autora - Web-knji\u017eara\" \/>\n<meta property=\"og:description\" content=\"Sa\u017eetak: U \u010dasopisu se nalazi 9 stru\u010dnih radova i izvje\u0161taji o radu znanstvenih i nastavnih kolokvija SMD-a, znanstvenih seminara PMF-a u Splitu, izvje\u0161taji o aktivnostima popularizacije matematike i jedan in memoriam \u010dlanak \u00a0 Klju\u010dne rije\u010di: Odjel za matematiku PMF-a, Splitsko matemati\u010dko dru\u0161tvo, dr\u017eavna matura, unaprje\u0111enje nastave matematike, interaktivna nastava, poslovna matematika, grafovi, osnovni teorem algebre, [&hellip;]\" \/>\n<meta property=\"og:url\" content=\"https:\/\/webknjizara.hr\/proizvod\/acta-mathematica-vol-2\/\" \/>\n<meta property=\"og:site_name\" content=\"Web-knji\u017eara\" \/>\n<meta property=\"article:modified_time\" content=\"2023-02-26T23:17:51+00:00\" \/>\n<meta property=\"og:image\" content=\"https:\/\/webknjizara.hr\/wp-content\/uploads\/nc\/images\/virtuemart\/product\/PMFST_KOCEIC_NASLOVNICA__WK.jpg\" \/>\n\t<meta property=\"og:image:width\" content=\"300\" \/>\n\t<meta property=\"og:image:height\" content=\"419\" \/>\n\t<meta property=\"og:image:type\" content=\"image\/jpeg\" \/>\n<meta name=\"twitter:card\" content=\"summary_large_image\" \/>\n<meta name=\"twitter:label1\" content=\"Est. reading time\" \/>\n\t<meta name=\"twitter:data1\" content=\"1 minute\" \/>\n<script type=\"application\/ld+json\" class=\"yoast-schema-graph\">{\"@context\":\"https:\\\/\\\/schema.org\",\"@graph\":[{\"@type\":\"WebPage\",\"@id\":\"https:\\\/\\\/webknjizara.hr\\\/proizvod\\\/acta-mathematica-vol-2\\\/\",\"url\":\"https:\\\/\\\/webknjizara.hr\\\/proizvod\\\/acta-mathematica-vol-2\\\/\",\"name\":\"ACTA MATHEMATICA vol. 2. (crno bijeli tisak), Grupa autora - Web-knji\u017eara\",\"isPartOf\":{\"@id\":\"https:\\\/\\\/webknjizara.hr\\\/#website\"},\"primaryImageOfPage\":{\"@id\":\"https:\\\/\\\/webknjizara.hr\\\/proizvod\\\/acta-mathematica-vol-2\\\/#primaryimage\"},\"image\":{\"@id\":\"https:\\\/\\\/webknjizara.hr\\\/proizvod\\\/acta-mathematica-vol-2\\\/#primaryimage\"},\"thumbnailUrl\":\"https:\\\/\\\/webknjizara.hr\\\/wp-content\\\/uploads\\\/nc\\\/images\\\/virtuemart\\\/product\\\/PMFST_KOCEIC_NASLOVNICA__WK.jpg\",\"datePublished\":\"2019-07-15T15:54:43+00:00\",\"dateModified\":\"2023-02-26T23:17:51+00:00\",\"breadcrumb\":{\"@id\":\"https:\\\/\\\/webknjizara.hr\\\/proizvod\\\/acta-mathematica-vol-2\\\/#breadcrumb\"},\"inLanguage\":\"en-US\",\"potentialAction\":[{\"@type\":\"ReadAction\",\"target\":[\"https:\\\/\\\/webknjizara.hr\\\/proizvod\\\/acta-mathematica-vol-2\\\/\"]}]},{\"@type\":\"ImageObject\",\"inLanguage\":\"en-US\",\"@id\":\"https:\\\/\\\/webknjizara.hr\\\/proizvod\\\/acta-mathematica-vol-2\\\/#primaryimage\",\"url\":\"https:\\\/\\\/webknjizara.hr\\\/wp-content\\\/uploads\\\/nc\\\/images\\\/virtuemart\\\/product\\\/PMFST_KOCEIC_NASLOVNICA__WK.jpg\",\"contentUrl\":\"https:\\\/\\\/webknjizara.hr\\\/wp-content\\\/uploads\\\/nc\\\/images\\\/virtuemart\\\/product\\\/PMFST_KOCEIC_NASLOVNICA__WK.jpg\",\"width\":300,\"height\":419,\"caption\":\"ACTA MATHEMATICA vol. 2. (crno bijeli tisak), Grupa autora\"},{\"@type\":\"BreadcrumbList\",\"@id\":\"https:\\\/\\\/webknjizara.hr\\\/proizvod\\\/acta-mathematica-vol-2\\\/#breadcrumb\",\"itemListElement\":[{\"@type\":\"ListItem\",\"position\":1,\"name\":\"Po\u010detna stranica\",\"item\":\"https:\\\/\\\/webknjizara.hr\\\/en\\\/\"},{\"@type\":\"ListItem\",\"position\":2,\"name\":\"Shop\",\"item\":\"https:\\\/\\\/webknjizara.hr\\\/shop\\\/\"},{\"@type\":\"ListItem\",\"position\":3,\"name\":\"ACTA MATHEMATICA vol. 2. (crno bijeli tisak), Grupa autora\"}]},{\"@type\":\"WebSite\",\"@id\":\"https:\\\/\\\/webknjizara.hr\\\/#website\",\"url\":\"https:\\\/\\\/webknjizara.hr\\\/\",\"name\":\"Web Knji\u017eara\",\"description\":\"\",\"publisher\":{\"@id\":\"https:\\\/\\\/webknjizara.hr\\\/#organization\"},\"potentialAction\":[{\"@type\":\"SearchAction\",\"target\":{\"@type\":\"EntryPoint\",\"urlTemplate\":\"https:\\\/\\\/webknjizara.hr\\\/?s={search_term_string}\"},\"query-input\":{\"@type\":\"PropertyValueSpecification\",\"valueRequired\":true,\"valueName\":\"search_term_string\"}}],\"inLanguage\":\"en-US\"},{\"@type\":\"Organization\",\"@id\":\"https:\\\/\\\/webknjizara.hr\\\/#organization\",\"name\":\"REDAK D.O.O.\",\"url\":\"https:\\\/\\\/webknjizara.hr\\\/\",\"logo\":{\"@type\":\"ImageObject\",\"inLanguage\":\"en-US\",\"@id\":\"https:\\\/\\\/webknjizara.hr\\\/#\\\/schema\\\/logo\\\/image\\\/\",\"url\":\"https:\\\/\\\/webknjizara.hr\\\/wp-content\\\/uploads\\\/2023\\\/01\\\/web-knjizara-logo.webp\",\"contentUrl\":\"https:\\\/\\\/webknjizara.hr\\\/wp-content\\\/uploads\\\/2023\\\/01\\\/web-knjizara-logo.webp\",\"width\":324,\"height\":79,\"caption\":\"REDAK D.O.O.\"},\"image\":{\"@id\":\"https:\\\/\\\/webknjizara.hr\\\/#\\\/schema\\\/logo\\\/image\\\/\"}}]}<\/script>\n<!-- \/ Yoast SEO plugin. -->","yoast_head_json":{"title":"ACTA MATHEMATICA vol. 2. (crno bijeli tisak), Grupa autora - Web-knji\u017eara","robots":{"index":"index","follow":"follow","max-snippet":"max-snippet:-1","max-image-preview":"max-image-preview:large","max-video-preview":"max-video-preview:-1"},"canonical":"https:\/\/webknjizara.hr\/proizvod\/acta-mathematica-vol-2\/","og_locale":"en_US","og_type":"article","og_title":"ACTA MATHEMATICA vol. 2. (crno bijeli tisak), Grupa autora - Web-knji\u017eara","og_description":"Sa\u017eetak: U \u010dasopisu se nalazi 9 stru\u010dnih radova i izvje\u0161taji o radu znanstvenih i nastavnih kolokvija SMD-a, znanstvenih seminara PMF-a u Splitu, izvje\u0161taji o aktivnostima popularizacije matematike i jedan in memoriam \u010dlanak \u00a0 Klju\u010dne rije\u010di: Odjel za matematiku PMF-a, Splitsko matemati\u010dko dru\u0161tvo, dr\u017eavna matura, unaprje\u0111enje nastave matematike, interaktivna nastava, poslovna matematika, grafovi, osnovni teorem algebre, [&hellip;]","og_url":"https:\/\/webknjizara.hr\/proizvod\/acta-mathematica-vol-2\/","og_site_name":"Web-knji\u017eara","article_modified_time":"2023-02-26T23:17:51+00:00","og_image":[{"width":300,"height":419,"url":"https:\/\/webknjizara.hr\/wp-content\/uploads\/nc\/images\/virtuemart\/product\/PMFST_KOCEIC_NASLOVNICA__WK.jpg","type":"image\/jpeg"}],"twitter_card":"summary_large_image","twitter_misc":{"Est. reading time":"1 minute"},"schema":{"@context":"https:\/\/schema.org","@graph":[{"@type":"WebPage","@id":"https:\/\/webknjizara.hr\/proizvod\/acta-mathematica-vol-2\/","url":"https:\/\/webknjizara.hr\/proizvod\/acta-mathematica-vol-2\/","name":"ACTA MATHEMATICA vol. 2. (crno bijeli tisak), Grupa autora - Web-knji\u017eara","isPartOf":{"@id":"https:\/\/webknjizara.hr\/#website"},"primaryImageOfPage":{"@id":"https:\/\/webknjizara.hr\/proizvod\/acta-mathematica-vol-2\/#primaryimage"},"image":{"@id":"https:\/\/webknjizara.hr\/proizvod\/acta-mathematica-vol-2\/#primaryimage"},"thumbnailUrl":"https:\/\/webknjizara.hr\/wp-content\/uploads\/nc\/images\/virtuemart\/product\/PMFST_KOCEIC_NASLOVNICA__WK.jpg","datePublished":"2019-07-15T15:54:43+00:00","dateModified":"2023-02-26T23:17:51+00:00","breadcrumb":{"@id":"https:\/\/webknjizara.hr\/proizvod\/acta-mathematica-vol-2\/#breadcrumb"},"inLanguage":"en-US","potentialAction":[{"@type":"ReadAction","target":["https:\/\/webknjizara.hr\/proizvod\/acta-mathematica-vol-2\/"]}]},{"@type":"ImageObject","inLanguage":"en-US","@id":"https:\/\/webknjizara.hr\/proizvod\/acta-mathematica-vol-2\/#primaryimage","url":"https:\/\/webknjizara.hr\/wp-content\/uploads\/nc\/images\/virtuemart\/product\/PMFST_KOCEIC_NASLOVNICA__WK.jpg","contentUrl":"https:\/\/webknjizara.hr\/wp-content\/uploads\/nc\/images\/virtuemart\/product\/PMFST_KOCEIC_NASLOVNICA__WK.jpg","width":300,"height":419,"caption":"ACTA MATHEMATICA vol. 2. (crno bijeli tisak), Grupa autora"},{"@type":"BreadcrumbList","@id":"https:\/\/webknjizara.hr\/proizvod\/acta-mathematica-vol-2\/#breadcrumb","itemListElement":[{"@type":"ListItem","position":1,"name":"Po\u010detna stranica","item":"https:\/\/webknjizara.hr\/en\/"},{"@type":"ListItem","position":2,"name":"Shop","item":"https:\/\/webknjizara.hr\/shop\/"},{"@type":"ListItem","position":3,"name":"ACTA MATHEMATICA vol. 2. (crno bijeli tisak), Grupa autora"}]},{"@type":"WebSite","@id":"https:\/\/webknjizara.hr\/#website","url":"https:\/\/webknjizara.hr\/","name":"Web Knji\u017eara","description":"","publisher":{"@id":"https:\/\/webknjizara.hr\/#organization"},"potentialAction":[{"@type":"SearchAction","target":{"@type":"EntryPoint","urlTemplate":"https:\/\/webknjizara.hr\/?s={search_term_string}"},"query-input":{"@type":"PropertyValueSpecification","valueRequired":true,"valueName":"search_term_string"}}],"inLanguage":"en-US"},{"@type":"Organization","@id":"https:\/\/webknjizara.hr\/#organization","name":"REDAK D.O.O.","url":"https:\/\/webknjizara.hr\/","logo":{"@type":"ImageObject","inLanguage":"en-US","@id":"https:\/\/webknjizara.hr\/#\/schema\/logo\/image\/","url":"https:\/\/webknjizara.hr\/wp-content\/uploads\/2023\/01\/web-knjizara-logo.webp","contentUrl":"https:\/\/webknjizara.hr\/wp-content\/uploads\/2023\/01\/web-knjizara-logo.webp","width":324,"height":79,"caption":"REDAK D.O.O."},"image":{"@id":"https:\/\/webknjizara.hr\/#\/schema\/logo\/image\/"}}]}},"_links":{"self":[{"href":"https:\/\/webknjizara.hr\/en\/wp-json\/wp\/v2\/product\/9039","targetHints":{"allow":["GET"]}}],"collection":[{"href":"https:\/\/webknjizara.hr\/en\/wp-json\/wp\/v2\/product"}],"about":[{"href":"https:\/\/webknjizara.hr\/en\/wp-json\/wp\/v2\/types\/product"}],"replies":[{"embeddable":true,"href":"https:\/\/webknjizara.hr\/en\/wp-json\/wp\/v2\/comments?post=9039"}],"wp:featuredmedia":[{"embeddable":true,"href":"https:\/\/webknjizara.hr\/en\/wp-json\/wp\/v2\/media\/9040"}],"wp:attachment":[{"href":"https:\/\/webknjizara.hr\/en\/wp-json\/wp\/v2\/media?parent=9039"}],"wp:term":[{"taxonomy":"product_brand","embeddable":true,"href":"https:\/\/webknjizara.hr\/en\/wp-json\/wp\/v2\/product_brand?post=9039"},{"taxonomy":"product_cat","embeddable":true,"href":"https:\/\/webknjizara.hr\/en\/wp-json\/wp\/v2\/product_cat?post=9039"},{"taxonomy":"product_tag","embeddable":true,"href":"https:\/\/webknjizara.hr\/en\/wp-json\/wp\/v2\/product_tag?post=9039"}],"curies":[{"name":"wp","href":"https:\/\/api.w.org\/{rel}","templated":true}]}}