{"id":9033,"date":"2019-06-27T09:51:17","date_gmt":"2019-06-27T09:51:17","guid":{"rendered":"https:\/\/webknjizara.hr\/?product=boje-zivota-katarina-kunstek"},"modified":"2023-02-27T00:17:49","modified_gmt":"2023-02-26T23:17:49","slug":"boje-zivota","status":"publish","type":"product","link":"https:\/\/webknjizara.hr\/en\/proizvod\/boje-zivota\/","title":{"rendered":"BOJE \u017dIVOTA, Katarina Kun\u0161tek"},"content":{"rendered":"<p>\u00a0<\/p>\n<p><strong>Bilje\u0161ka o autoru\/autorici: Katarina Kun\u0161tek<\/strong><\/p>\n<p>Po struci je u\u010diteljica njema\u010dkog jezika, nedavno umirovljena (zadnje radno mjesto u O\u0160 Viktora<br \/>Kova\u010di\u0107a Hum na Sutli).<\/p>\n<p>Ro\u0111ena je u Krapini 27. o\u017eujka 1956.g., gdje je i zavr\u0161ila Op\u0107u gimnaziju.<\/p>\n<p>Osnovnu \u0161kolu zavr\u0161ila je u mjestu\u00a0 Gornje Jesenje (KZ\u017d).<\/p>\n<p>1978.g. diplomirala je na tada\u0161njoj Pedago\u0161koj akademiji &#8211; smjer &#8211; njema\u010dki jezik \/ Sveu\u010dili\u0161te<br \/>Zagreb.<\/p>\n<p>Oduvijek je voljela knjigu i pisanje.\u00a0<\/p>\n<p>Za svoje literarne radove ve\u0107 kao osnovno\u0161kolka i srednjo\u0161kolka dobivala je priznanja i nagrade.<\/p>\n<p>Pi\u0161e pomalo sve, ali poezija je u stvaranju ipak njen prvi odabir.<\/p>\n<p>Osim javljanja na literarne natje\u010daje, do sada nije ni\u0161ta objavila u tiskanom obliku.<\/p>\n<p>14. 2. ove godine njena pjesma &#8220;More ljubavi&#8221; odabrana je uz ostale za javno izvo\u0111enje i tiskana<br \/>u Zborniku na Recitalu ljubavne poezije &#8220;\u017deljka Boc&#8221; u Mariji Bistrici.<\/p>\n<p>Pjesma Tuga (gazela) odabrana je za tiskanje u me\u0111unarodnoj Zbirci najljep\u0161ih gazela portala<br \/>O\u010daravanje, koja je u pripremi<\/p>\n<p>\u00a0<\/p>\n<p><strong>KRATKI OSVRT-RIJE\u010c UREDNIKA:<\/strong><\/p>\n<p>Katarina Kun\u0161tek je pjesnikinja koja je u svaki svoj stih, svako svoje slovo utkala svoj \u017eivot.<\/p>\n<p>Ponekad tu\u017eno progovara o svojoj boli koju kao lijek zapisuje na papir.<\/p>\n<p>Katarina pi\u0161e o sje\u0107anjima, o svojim snovima koje pamti jo\u0161 iz djetinjstva i koje sanja i u zrelim godinama.<\/p>\n<p>Pjesnikinja kojoj niti jedna tema nije strana voli pisati o svom zavi\u010daju pa poneku pjesmu pi\u0161e i na kajkavskom dijalektu jasno se izra\u017eavaju\u0107i, kaziva nam slike i boje koje je\u00a0 kru\u017euju i koje ona gleda na poseban sebi svojstven na\u010din.<\/p>\n<p>Jako me se dojmilo kada pi\u0161e SANJALA SAM&#8230;pa se u pjesmi ovako izra\u017eava:<\/p>\n<p>Sanjala sam<br \/>od kad znam za snove<br \/>da je ljubav, ona prava<br \/>\u010dista poput neba plava<\/p>\n<p>Sanjala sam<br \/>da je blistaj oka<br \/>koje grije ljubav \u010dista<br \/>sjajniji od svake zvijezde<br \/>\u0161to na no\u0107nom nebu blista<\/p>\n<p>Vidi se iz ovih stihova da progovara \u010distim srcem i iskrenom du\u0161om.<\/p>\n<p>Spomenuo bih kako s rado\u0161\u0107u pi\u0161e o svojoj djeci i unucima, koliku joj radost i veselje u \u017eivotu pru\u017eaju.<br \/>Izdvojio sam dio pjesme koju je posvetila svojim unucima(unukama).<\/p>\n<p><strong>MOJIM UNUCIMA<\/strong><\/p>\n<p>kad su dani hladni, dugi<br \/>sive magle kad se vuku<br \/>ja imam tri sjajna sunca\u00a0<br \/>koja lije\u010de svaku tugu<\/p>\n<p>moje prvo sunce<br \/>ljubi\u010dica moja mala<br \/>(uvijek sam je tako zvala)\u00a0<br \/>njen zagrljaj topi led<br \/>kad je du\u0161i mojoj hladno<br \/>njene ruke griju me<br \/>jo\u0161 kada je bila mala<br \/>imale smo &#8220;obi\u010daj&#8221;<br \/>\u0161to najvi\u0161e treba baki<br \/>baki treba zagrljaj<br \/>pa i danas ona tako<br \/>uvijek kada srcu treba u zagrljaj mi poleti<\/p>\n<p>Katarina pi\u0161e o raznim temama i dilemama koje vam ovdje ne\u0107u otkrivati.<\/p>\n<p>Dragi \u010ditaoci kada uzmete u ruke ovu zbirku znakovita imena<strong> BOJE \u017dIVOTA<\/strong> (ve\u0107 vam sam naslov nagovje\u0161\u0107uje i govori puno) .<br \/>Pjesnikinja je puna ljubavi za svih, za svakoga ima lijepu rije\u010d, svakome poku\u0161ava pomo\u0107i koliko god je to u njezinoj mo\u0107i, nesebi\u010dna i uvijek pri ruci.<\/p>\n<p>Draga pjesnikinjo \u017eelim ti jo\u0161 puno lijepih stihova koji ti du\u0161u hrane i srce lije\u010de.<\/p>\n<p>Toliko za sada jer ne \u017eelim kvariti svojim rije\u010dima tvoje rije\u010di, znam da \u0107e se mnogi prona\u0107i u tvojim stihovima i da \u0107e neke pjesme pro\u010ditati vi\u0161e puta. Znam sigurno tko uzme u ruke ovu tvoju zbirku i po\u010dne \u010ditati da ne\u0107e mo\u0107i odustati dok ne pro\u010dita i zadnji stih, zadnje slovo.<\/p>\n<p>\u017delim ti svu sre\u0107u ovoga svijeta i neka ova zbirka prona\u0111e put do svih onih kojih zanima poezija i topla rije\u010d, a mi se vidimo u budu\u0107nosti izme\u0111u tvojih novih korica u sljede\u0107oj zbirci\u2026<\/p>\n<p>\u00a0<\/p>\n<p>Tvoj prijatelj po peru: Pjesnik Miroslav Bori\u0107 \u2026Lopar\u2026Otok Rab<\/p>\n<p>\u00a0<\/p>\n<p><strong>E-mail:\u00a0<\/strong><a href=\"mailto:katica.kunstek@gmail.com\">katica.kunstek@gmail.com<\/a><\/p>\n<p>\u00a0<\/p>\n<p><strong>Naslov:<\/strong> Boje \u017eivota<br \/><strong>Autor:<\/strong> Katarina Kun\u0161tek<br \/><strong>Broj stranica:<\/strong> 114<br \/><strong>Nakladnik:<\/strong> Redak<br \/><strong>Godina izdanja:<\/strong> 2019 .<br \/><strong>ISBN:<\/strong> 978-953-336-589-3<br \/><strong>Tisak:<\/strong> digitalni tisak knjiga &#8211; print na zahtjev<\/p>\n","protected":false},"excerpt":{"rendered":"<p>\u00a0 Bilje\u0161ka o autoru\/autorici: Katarina Kun\u0161tek Po struci je u\u010diteljica njema\u010dkog jezika, nedavno umirovljena (zadnje radno mjesto u O\u0160 ViktoraKova\u010di\u0107a Hum na Sutli). Ro\u0111ena je u Krapini 27. o\u017eujka 1956.g., gdje je i zavr\u0161ila Op\u0107u gimnaziju. Osnovnu \u0161kolu zavr\u0161ila je u mjestu\u00a0 Gornje Jesenje (KZ\u017d). 1978.g. diplomirala je na tada\u0161njoj Pedago\u0161koj akademiji &#8211; smjer &#8211; [&hellip;]<\/p>\n","protected":false},"featured_media":9034,"comment_status":"open","ping_status":"closed","template":"","meta":{"_acf_changed":false},"product_brand":[],"product_cat":[1383,1385,1388],"product_tag":[],"class_list":{"0":"post-9033","1":"product","2":"type-product","3":"status-publish","4":"has-post-thumbnail","6":"product_cat-knjige","7":"product_cat-knjizevnost","8":"product_cat-poezija","9":"pa_autor-katarina-kunstek","10":"pa_nakladnik-redak","12":"first","13":"instock","14":"shipping-taxable","15":"purchasable","16":"product-type-simple"},"acf":[],"yoast_head":"<!-- This site is optimized with the Yoast SEO plugin v27.3 - https:\/\/yoast.com\/product\/yoast-seo-wordpress\/ -->\n<title>BOJE \u017dIVOTA, Katarina Kun\u0161tek - Web-knji\u017eara<\/title>\n<meta name=\"robots\" content=\"index, follow, max-snippet:-1, max-image-preview:large, max-video-preview:-1\" \/>\n<link rel=\"canonical\" href=\"https:\/\/webknjizara.hr\/proizvod\/boje-zivota\/\" \/>\n<meta property=\"og:locale\" content=\"en_US\" \/>\n<meta property=\"og:type\" content=\"article\" \/>\n<meta property=\"og:title\" content=\"BOJE \u017dIVOTA, Katarina Kun\u0161tek - Web-knji\u017eara\" \/>\n<meta property=\"og:description\" content=\"\u00a0 Bilje\u0161ka o autoru\/autorici: Katarina Kun\u0161tek Po struci je u\u010diteljica njema\u010dkog jezika, nedavno umirovljena (zadnje radno mjesto u O\u0160 ViktoraKova\u010di\u0107a Hum na Sutli). Ro\u0111ena je u Krapini 27. o\u017eujka 1956.g., gdje je i zavr\u0161ila Op\u0107u gimnaziju. Osnovnu \u0161kolu zavr\u0161ila je u mjestu\u00a0 Gornje Jesenje (KZ\u017d). 1978.g. diplomirala je na tada\u0161njoj Pedago\u0161koj akademiji &#8211; smjer &#8211; [&hellip;]\" \/>\n<meta property=\"og:url\" content=\"https:\/\/webknjizara.hr\/proizvod\/boje-zivota\/\" \/>\n<meta property=\"og:site_name\" content=\"Web-knji\u017eara\" \/>\n<meta property=\"article:modified_time\" content=\"2023-02-26T23:17:49+00:00\" \/>\n<meta property=\"og:image\" content=\"https:\/\/webknjizara.hr\/wp-content\/uploads\/nc\/images\/virtuemart\/product\/Kunstek_Boje_zivota_WK.jpg\" \/>\n\t<meta property=\"og:image:width\" content=\"300\" \/>\n\t<meta property=\"og:image:height\" content=\"419\" \/>\n\t<meta property=\"og:image:type\" content=\"image\/jpeg\" \/>\n<meta name=\"twitter:card\" content=\"summary_large_image\" \/>\n<meta name=\"twitter:label1\" content=\"Est. reading time\" \/>\n\t<meta name=\"twitter:data1\" content=\"3 minutes\" \/>\n<script type=\"application\/ld+json\" class=\"yoast-schema-graph\">{\"@context\":\"https:\\\/\\\/schema.org\",\"@graph\":[{\"@type\":\"WebPage\",\"@id\":\"https:\\\/\\\/webknjizara.hr\\\/proizvod\\\/boje-zivota\\\/\",\"url\":\"https:\\\/\\\/webknjizara.hr\\\/proizvod\\\/boje-zivota\\\/\",\"name\":\"BOJE \u017dIVOTA, Katarina Kun\u0161tek - Web-knji\u017eara\",\"isPartOf\":{\"@id\":\"https:\\\/\\\/webknjizara.hr\\\/#website\"},\"primaryImageOfPage\":{\"@id\":\"https:\\\/\\\/webknjizara.hr\\\/proizvod\\\/boje-zivota\\\/#primaryimage\"},\"image\":{\"@id\":\"https:\\\/\\\/webknjizara.hr\\\/proizvod\\\/boje-zivota\\\/#primaryimage\"},\"thumbnailUrl\":\"https:\\\/\\\/webknjizara.hr\\\/wp-content\\\/uploads\\\/nc\\\/images\\\/virtuemart\\\/product\\\/Kunstek_Boje_zivota_WK.jpg\",\"datePublished\":\"2019-06-27T09:51:17+00:00\",\"dateModified\":\"2023-02-26T23:17:49+00:00\",\"breadcrumb\":{\"@id\":\"https:\\\/\\\/webknjizara.hr\\\/proizvod\\\/boje-zivota\\\/#breadcrumb\"},\"inLanguage\":\"en-US\",\"potentialAction\":[{\"@type\":\"ReadAction\",\"target\":[\"https:\\\/\\\/webknjizara.hr\\\/proizvod\\\/boje-zivota\\\/\"]}]},{\"@type\":\"ImageObject\",\"inLanguage\":\"en-US\",\"@id\":\"https:\\\/\\\/webknjizara.hr\\\/proizvod\\\/boje-zivota\\\/#primaryimage\",\"url\":\"https:\\\/\\\/webknjizara.hr\\\/wp-content\\\/uploads\\\/nc\\\/images\\\/virtuemart\\\/product\\\/Kunstek_Boje_zivota_WK.jpg\",\"contentUrl\":\"https:\\\/\\\/webknjizara.hr\\\/wp-content\\\/uploads\\\/nc\\\/images\\\/virtuemart\\\/product\\\/Kunstek_Boje_zivota_WK.jpg\",\"width\":300,\"height\":419,\"caption\":\"BOJE \u017dIVOTA, Katarina Kun\u0161tek\"},{\"@type\":\"BreadcrumbList\",\"@id\":\"https:\\\/\\\/webknjizara.hr\\\/proizvod\\\/boje-zivota\\\/#breadcrumb\",\"itemListElement\":[{\"@type\":\"ListItem\",\"position\":1,\"name\":\"Po\u010detna stranica\",\"item\":\"https:\\\/\\\/webknjizara.hr\\\/en\\\/\"},{\"@type\":\"ListItem\",\"position\":2,\"name\":\"Shop\",\"item\":\"https:\\\/\\\/webknjizara.hr\\\/shop\\\/\"},{\"@type\":\"ListItem\",\"position\":3,\"name\":\"BOJE \u017dIVOTA, Katarina Kun\u0161tek\"}]},{\"@type\":\"WebSite\",\"@id\":\"https:\\\/\\\/webknjizara.hr\\\/#website\",\"url\":\"https:\\\/\\\/webknjizara.hr\\\/\",\"name\":\"Web Knji\u017eara\",\"description\":\"\",\"publisher\":{\"@id\":\"https:\\\/\\\/webknjizara.hr\\\/#organization\"},\"potentialAction\":[{\"@type\":\"SearchAction\",\"target\":{\"@type\":\"EntryPoint\",\"urlTemplate\":\"https:\\\/\\\/webknjizara.hr\\\/?s={search_term_string}\"},\"query-input\":{\"@type\":\"PropertyValueSpecification\",\"valueRequired\":true,\"valueName\":\"search_term_string\"}}],\"inLanguage\":\"en-US\"},{\"@type\":\"Organization\",\"@id\":\"https:\\\/\\\/webknjizara.hr\\\/#organization\",\"name\":\"REDAK D.O.O.\",\"url\":\"https:\\\/\\\/webknjizara.hr\\\/\",\"logo\":{\"@type\":\"ImageObject\",\"inLanguage\":\"en-US\",\"@id\":\"https:\\\/\\\/webknjizara.hr\\\/#\\\/schema\\\/logo\\\/image\\\/\",\"url\":\"https:\\\/\\\/webknjizara.hr\\\/wp-content\\\/uploads\\\/2023\\\/01\\\/web-knjizara-logo.webp\",\"contentUrl\":\"https:\\\/\\\/webknjizara.hr\\\/wp-content\\\/uploads\\\/2023\\\/01\\\/web-knjizara-logo.webp\",\"width\":324,\"height\":79,\"caption\":\"REDAK D.O.O.\"},\"image\":{\"@id\":\"https:\\\/\\\/webknjizara.hr\\\/#\\\/schema\\\/logo\\\/image\\\/\"}}]}<\/script>\n<!-- \/ Yoast SEO plugin. -->","yoast_head_json":{"title":"BOJE \u017dIVOTA, Katarina Kun\u0161tek - Web-knji\u017eara","robots":{"index":"index","follow":"follow","max-snippet":"max-snippet:-1","max-image-preview":"max-image-preview:large","max-video-preview":"max-video-preview:-1"},"canonical":"https:\/\/webknjizara.hr\/proizvod\/boje-zivota\/","og_locale":"en_US","og_type":"article","og_title":"BOJE \u017dIVOTA, Katarina Kun\u0161tek - Web-knji\u017eara","og_description":"\u00a0 Bilje\u0161ka o autoru\/autorici: Katarina Kun\u0161tek Po struci je u\u010diteljica njema\u010dkog jezika, nedavno umirovljena (zadnje radno mjesto u O\u0160 ViktoraKova\u010di\u0107a Hum na Sutli). Ro\u0111ena je u Krapini 27. o\u017eujka 1956.g., gdje je i zavr\u0161ila Op\u0107u gimnaziju. Osnovnu \u0161kolu zavr\u0161ila je u mjestu\u00a0 Gornje Jesenje (KZ\u017d). 1978.g. diplomirala je na tada\u0161njoj Pedago\u0161koj akademiji &#8211; smjer &#8211; [&hellip;]","og_url":"https:\/\/webknjizara.hr\/proizvod\/boje-zivota\/","og_site_name":"Web-knji\u017eara","article_modified_time":"2023-02-26T23:17:49+00:00","og_image":[{"width":300,"height":419,"url":"https:\/\/webknjizara.hr\/wp-content\/uploads\/nc\/images\/virtuemart\/product\/Kunstek_Boje_zivota_WK.jpg","type":"image\/jpeg"}],"twitter_card":"summary_large_image","twitter_misc":{"Est. reading time":"3 minutes"},"schema":{"@context":"https:\/\/schema.org","@graph":[{"@type":"WebPage","@id":"https:\/\/webknjizara.hr\/proizvod\/boje-zivota\/","url":"https:\/\/webknjizara.hr\/proizvod\/boje-zivota\/","name":"BOJE \u017dIVOTA, Katarina Kun\u0161tek - Web-knji\u017eara","isPartOf":{"@id":"https:\/\/webknjizara.hr\/#website"},"primaryImageOfPage":{"@id":"https:\/\/webknjizara.hr\/proizvod\/boje-zivota\/#primaryimage"},"image":{"@id":"https:\/\/webknjizara.hr\/proizvod\/boje-zivota\/#primaryimage"},"thumbnailUrl":"https:\/\/webknjizara.hr\/wp-content\/uploads\/nc\/images\/virtuemart\/product\/Kunstek_Boje_zivota_WK.jpg","datePublished":"2019-06-27T09:51:17+00:00","dateModified":"2023-02-26T23:17:49+00:00","breadcrumb":{"@id":"https:\/\/webknjizara.hr\/proizvod\/boje-zivota\/#breadcrumb"},"inLanguage":"en-US","potentialAction":[{"@type":"ReadAction","target":["https:\/\/webknjizara.hr\/proizvod\/boje-zivota\/"]}]},{"@type":"ImageObject","inLanguage":"en-US","@id":"https:\/\/webknjizara.hr\/proizvod\/boje-zivota\/#primaryimage","url":"https:\/\/webknjizara.hr\/wp-content\/uploads\/nc\/images\/virtuemart\/product\/Kunstek_Boje_zivota_WK.jpg","contentUrl":"https:\/\/webknjizara.hr\/wp-content\/uploads\/nc\/images\/virtuemart\/product\/Kunstek_Boje_zivota_WK.jpg","width":300,"height":419,"caption":"BOJE \u017dIVOTA, Katarina Kun\u0161tek"},{"@type":"BreadcrumbList","@id":"https:\/\/webknjizara.hr\/proizvod\/boje-zivota\/#breadcrumb","itemListElement":[{"@type":"ListItem","position":1,"name":"Po\u010detna stranica","item":"https:\/\/webknjizara.hr\/en\/"},{"@type":"ListItem","position":2,"name":"Shop","item":"https:\/\/webknjizara.hr\/shop\/"},{"@type":"ListItem","position":3,"name":"BOJE \u017dIVOTA, Katarina Kun\u0161tek"}]},{"@type":"WebSite","@id":"https:\/\/webknjizara.hr\/#website","url":"https:\/\/webknjizara.hr\/","name":"Web Knji\u017eara","description":"","publisher":{"@id":"https:\/\/webknjizara.hr\/#organization"},"potentialAction":[{"@type":"SearchAction","target":{"@type":"EntryPoint","urlTemplate":"https:\/\/webknjizara.hr\/?s={search_term_string}"},"query-input":{"@type":"PropertyValueSpecification","valueRequired":true,"valueName":"search_term_string"}}],"inLanguage":"en-US"},{"@type":"Organization","@id":"https:\/\/webknjizara.hr\/#organization","name":"REDAK D.O.O.","url":"https:\/\/webknjizara.hr\/","logo":{"@type":"ImageObject","inLanguage":"en-US","@id":"https:\/\/webknjizara.hr\/#\/schema\/logo\/image\/","url":"https:\/\/webknjizara.hr\/wp-content\/uploads\/2023\/01\/web-knjizara-logo.webp","contentUrl":"https:\/\/webknjizara.hr\/wp-content\/uploads\/2023\/01\/web-knjizara-logo.webp","width":324,"height":79,"caption":"REDAK D.O.O."},"image":{"@id":"https:\/\/webknjizara.hr\/#\/schema\/logo\/image\/"}}]}},"_links":{"self":[{"href":"https:\/\/webknjizara.hr\/en\/wp-json\/wp\/v2\/product\/9033","targetHints":{"allow":["GET"]}}],"collection":[{"href":"https:\/\/webknjizara.hr\/en\/wp-json\/wp\/v2\/product"}],"about":[{"href":"https:\/\/webknjizara.hr\/en\/wp-json\/wp\/v2\/types\/product"}],"replies":[{"embeddable":true,"href":"https:\/\/webknjizara.hr\/en\/wp-json\/wp\/v2\/comments?post=9033"}],"wp:featuredmedia":[{"embeddable":true,"href":"https:\/\/webknjizara.hr\/en\/wp-json\/wp\/v2\/media\/9034"}],"wp:attachment":[{"href":"https:\/\/webknjizara.hr\/en\/wp-json\/wp\/v2\/media?parent=9033"}],"wp:term":[{"taxonomy":"product_brand","embeddable":true,"href":"https:\/\/webknjizara.hr\/en\/wp-json\/wp\/v2\/product_brand?post=9033"},{"taxonomy":"product_cat","embeddable":true,"href":"https:\/\/webknjizara.hr\/en\/wp-json\/wp\/v2\/product_cat?post=9033"},{"taxonomy":"product_tag","embeddable":true,"href":"https:\/\/webknjizara.hr\/en\/wp-json\/wp\/v2\/product_tag?post=9033"}],"curies":[{"name":"wp","href":"https:\/\/api.w.org\/{rel}","templated":true}]}}